{"id":8533,"date":"2020-06-25T16:46:32","date_gmt":"2020-06-25T14:46:32","guid":{"rendered":"https:\/\/k-time.it\/products\/sem%20categoria\/coloracion-clasica-permanente-sin-siliconas-ni-ppd\/"},"modified":"2021-10-29T17:00:30","modified_gmt":"2021-10-29T15:00:30","slug":"radyca-coloracao-para-cabelos-sem-silicones-e-sem-ppd","status":"publish","type":"product","link":"https:\/\/k-time.it\/pt-pt\/products\/colouring\/radyca\/radyca-coloracao-para-cabelos-sem-silicones-e-sem-ppd\/","title":{"rendered":"Radyca | Colora\u00e7\u00e3o para cabelos sem Silicones e sem PPD"},"content":{"rendered":"<div class=\"wpb-content-wrapper\"><p>[vc_row disable_element=&#8221;yes&#8221;][vc_column][\/vc_column][\/vc_row][vc_row][vc_column width=&#8221;1\/2&#8243;]<div class=\"standard-arrow list-divider bullet-top\"><h2>F\u00f3rmula<\/h2>\n<div id=\"tab-altre-info\">\n<ul>\n<li><strong>Quinoa<\/strong>: em Radyca atua como um escudo natural que protege e nutre os fol\u00edculos desde o interior, proporciona nutri\u00e7\u00e3o e hidrata\u00e7\u00e3o ao escalpe para mant\u00ea-lo saud\u00e1vel<\/li>\n<li><strong>Niosome<\/strong>: inovador sistema de ingredientes ativos para proteger a pele e cabelos de agress\u00f5es ambientais<\/li>\n<li><strong>\u00d3leo de Coco<\/strong>: cont\u00e9m cerca de 50% de \u00e1cido l\u00e1urico, um \u00e1cido gordo saturado<\/li>\n<li><strong>Isopentyldiol<\/strong>: \u00e9 um agente humidificante multifuncional que tem um papel emoliente e nutritivo<\/li>\n<li>Sem\u00a0<strong>Silicones\u00a0<\/strong>e sem<strong>\u00a0PPD<\/strong><\/li>\n<\/ul>\n<\/div>\n<\/div>[\/vc_column][vc_column width=&#8221;1\/2&#8243;]<div class=\"standard-arrow list-divider bullet-top\"><h2>Beneficios<\/h2>\n<ul>\n<li>Maravilhosa textura cremosa<\/li>\n<li>Facilidade em misturar e aplicar nos cabelos<\/li>\n<li>Cor resplandecente, homog\u00e9nea e duradoura<\/li>\n<li>Extremo poder condicionador<\/li>\n<li>Os cabelos ficam nutridos, hidratados e protegidos<\/li>\n<li>Cobertura total dos cabelos brancos<\/li>\n<\/ul>\n<\/div>[\/vc_column][\/vc_row][vc_row css=&#8221;.vc_custom_1595334473695{padding-top: 50px !important;}&#8221;][vc_column]<div class=\"dt-fancy-separator h2-size style-thick\" style=\"width: 100%;\"><div class=\"dt-fancy-title\" style=\"color: #333333;\"><span class=\"separator-holder separator-left\" style=\"border-color: #f0f0f0;\"><\/span>Produtos relacionados<span class=\"separator-holder separator-right\" style=\"border-color: #f0f0f0;\"><\/span><\/div><\/div>[vc_raw_html]W3dwYi1wcm9kdWN0LXNsaWRlci1zaG9ydGNvZGUgaWQ9IjY1MyJd[\/vc_raw_html][\/vc_column][\/vc_row]<\/p>\n<\/div>","protected":false},"excerpt":{"rendered":"<div class=\"woocommerce-product-details__short-description\">\n<div class=\"woocommerce-product-details__short-description\">\n<p><strong>Radyca\u00a0<\/strong>\u00e9 a primeira\u00a0<strong>colora\u00e7\u00e3o nutrac\u00eautica<\/strong>\u00a0para cabelos.<\/p>\n<p>Um produto profissional onde a tecnologia e o bem-estar se traduzem numa f\u00f3rmula hi tech \u2013\u00a0[glossary_exclude]<strong>QuiNio\u00a0Complex<\/strong>\u00a0(Quinoa + Niosome),\u00a0<strong>\u00d3leo de Coco\u00a0<\/strong>e o\u00a0<strong>Isopentyldiol<\/strong>\u00a0\u00a0\u2013 para dar vida a uma cor\u00a0<strong>extraordinariamente uniforme<\/strong>\u00a0e distinta com uma grau de\u00a0<strong>cobertura total dos cabelos brancos<\/strong>[\/glossary_exclude].<\/p>\n<p>A colora\u00e7\u00e3o<strong>\u00a0n\u00e3o cont\u00e9m silicones nem PPD.<\/strong><\/p>\n<p>Uso profissional<\/p>\n<p>Formato 100 ml<\/p>\n<\/div>\n<\/div>\n<p>111 nuances<\/p>\n<p class=\"p1\">[vc_row][vc_column][ultimate_exp_section title=\" Como comprar\" new_title=\"Solicitar informa\u00e7\u00f5es de compra\" text_color=\"#ffffff\" background_color=\"#877650\" text_hovercolor=\"#ffffff\" bghovercolor=\"#877650\" title_active=\"#ffffff\" title_active_bg=\"#877650\" cnt_bg_color=\"#ffffff\" icon=\"icomoon-the7-font-icon-cart-detailed\" new_icon=\"icomoon-the7-font-the7-mail-011\" icon_align=\"left\" icon_size=\"20\" icon_color=\"#ffffff\" icon_hover_color=\"#ffffff\" icon_active_color=\"#ffffff\" title_font_size=\"desktop:16px;\" title_padding=\"padding-top:4px;padding-right:7px;padding-bottom:4px;padding-left:4px;\" icon_margin=\"margin-right:1px;\"][contact-form-7 id=\"496\"][\/ultimate_exp_section][\/vc_column][\/vc_row]<\/p>\n","protected":false},"featured_media":16717,"template":"","meta":[],"product_brand":[],"product_cat":[1032,1094],"product_tag":[],"class_list":{"0":"post-8533","1":"product","2":"type-product","3":"status-publish","4":"has-post-thumbnail","6":"product_cat-colouring","7":"product_cat-radyca","8":"description-off","10":"first","11":"instock","12":"shipping-taxable","13":"purchasable","14":"product-type-variable"},"yoast_head":"<!-- This site is optimized with the Yoast SEO plugin v26.8 - https:\/\/yoast.com\/product\/yoast-seo-wordpress\/ -->\n<title>Radyca | Colora\u00e7\u00e3o para cabelos sem Silicones e sem PPD - K-time<\/title>\n<meta name=\"description\" content=\"Radyca \u00e9 a primeira colora\u00e7\u00e3o nutrac\u00eautica para cabelos: um produto profissional onde a tecnologia e o bem-estar se traduzem numa f\u00f3rmula hi tech.\" \/>\n<meta name=\"robots\" content=\"index, follow, max-snippet:-1, max-image-preview:large, max-video-preview:-1\" \/>\n<link rel=\"canonical\" href=\"https:\/\/k-time.it\/products\/colouring\/radyca\/radyca-colorazione-per-capelli-senza-siliconi-e-senza-ppd\/\" \/>\n<meta property=\"og:locale\" content=\"pt_PT\" \/>\n<meta property=\"og:type\" content=\"article\" \/>\n<meta property=\"og:title\" content=\"Radyca | Colora\u00e7\u00e3o para cabelos sem Silicones e sem PPD - K-time\" \/>\n<meta property=\"og:description\" content=\"Radyca \u00e9 a primeira colora\u00e7\u00e3o nutrac\u00eautica para cabelos: um produto profissional onde a tecnologia e o bem-estar se traduzem numa f\u00f3rmula hi tech.\" \/>\n<meta property=\"og:url\" content=\"https:\/\/k-time.it\/products\/colouring\/radyca\/radyca-colorazione-per-capelli-senza-siliconi-e-senza-ppd\/\" \/>\n<meta property=\"og:site_name\" content=\"K-time\" \/>\n<meta property=\"article:modified_time\" content=\"2021-10-29T15:00:30+00:00\" \/>\n<meta property=\"og:image\" content=\"https:\/\/k-time.it\/wp-content\/uploads\/2020\/06\/20700_k-time_radyca_oxidative_permanent_hair_color_100ml_.png\" \/>\n\t<meta property=\"og:image:width\" content=\"600\" \/>\n\t<meta property=\"og:image:height\" content=\"600\" \/>\n\t<meta property=\"og:image:type\" content=\"image\/png\" \/>\n<meta name=\"twitter:card\" content=\"summary_large_image\" \/>\n<meta name=\"twitter:label1\" content=\"Tempo estimado de leitura\" \/>\n\t<meta name=\"twitter:data1\" content=\"1 minuto\" \/>\n<script type=\"application\/ld+json\" class=\"yoast-schema-graph\">{\"@context\":\"https:\/\/schema.org\",\"@graph\":[{\"@type\":\"WebPage\",\"@id\":\"https:\/\/k-time.it\/products\/colouring\/radyca\/radyca-colorazione-per-capelli-senza-siliconi-e-senza-ppd\/\",\"url\":\"https:\/\/k-time.it\/products\/colouring\/radyca\/radyca-colorazione-per-capelli-senza-siliconi-e-senza-ppd\/\",\"name\":\"Radyca | Colora\u00e7\u00e3o para cabelos sem Silicones e sem PPD - K-time\",\"isPartOf\":{\"@id\":\"https:\/\/k-time.it\/en\/#website\"},\"primaryImageOfPage\":{\"@id\":\"https:\/\/k-time.it\/products\/colouring\/radyca\/radyca-colorazione-per-capelli-senza-siliconi-e-senza-ppd\/#primaryimage\"},\"image\":{\"@id\":\"https:\/\/k-time.it\/products\/colouring\/radyca\/radyca-colorazione-per-capelli-senza-siliconi-e-senza-ppd\/#primaryimage\"},\"thumbnailUrl\":\"https:\/\/k-time.it\/wp-content\/uploads\/2020\/06\/20700_k-time_radyca_oxidative_permanent_hair_color_100ml_.png\",\"datePublished\":\"2020-06-25T14:46:32+00:00\",\"dateModified\":\"2021-10-29T15:00:30+00:00\",\"description\":\"Radyca \u00e9 a primeira colora\u00e7\u00e3o nutrac\u00eautica para cabelos: um produto profissional onde a tecnologia e o bem-estar se traduzem numa f\u00f3rmula hi tech.\",\"breadcrumb\":{\"@id\":\"https:\/\/k-time.it\/products\/colouring\/radyca\/radyca-colorazione-per-capelli-senza-siliconi-e-senza-ppd\/#breadcrumb\"},\"inLanguage\":\"pt-PT\",\"potentialAction\":[{\"@type\":\"ReadAction\",\"target\":[\"https:\/\/k-time.it\/products\/colouring\/radyca\/radyca-colorazione-per-capelli-senza-siliconi-e-senza-ppd\/\"]}]},{\"@type\":\"ImageObject\",\"inLanguage\":\"pt-PT\",\"@id\":\"https:\/\/k-time.it\/products\/colouring\/radyca\/radyca-colorazione-per-capelli-senza-siliconi-e-senza-ppd\/#primaryimage\",\"url\":\"https:\/\/k-time.it\/wp-content\/uploads\/2020\/06\/20700_k-time_radyca_oxidative_permanent_hair_color_100ml_.png\",\"contentUrl\":\"https:\/\/k-time.it\/wp-content\/uploads\/2020\/06\/20700_k-time_radyca_oxidative_permanent_hair_color_100ml_.png\",\"width\":600,\"height\":600,\"caption\":\"Radyca | Colorazione senza Siliconi e senza PPD\"},{\"@type\":\"BreadcrumbList\",\"@id\":\"https:\/\/k-time.it\/products\/colouring\/radyca\/radyca-colorazione-per-capelli-senza-siliconi-e-senza-ppd\/#breadcrumb\",\"itemListElement\":[{\"@type\":\"ListItem\",\"position\":1,\"name\":\"Home\",\"item\":\"https:\/\/k-time.it\/pt-pt\/\"},{\"@type\":\"ListItem\",\"position\":2,\"name\":\"Shop\",\"item\":\"https:\/\/k-time.it\/en\/negozio\/\"},{\"@type\":\"ListItem\",\"position\":3,\"name\":\"Radyca | Colora\u00e7\u00e3o para cabelos sem Silicones e sem PPD\"}]},{\"@type\":\"WebSite\",\"@id\":\"https:\/\/k-time.it\/en\/#website\",\"url\":\"https:\/\/k-time.it\/en\/\",\"name\":\"K-time\",\"description\":\"Hair Spa Treatments\",\"publisher\":{\"@id\":\"https:\/\/k-time.it\/en\/#organization\"},\"potentialAction\":[{\"@type\":\"SearchAction\",\"target\":{\"@type\":\"EntryPoint\",\"urlTemplate\":\"https:\/\/k-time.it\/en\/?s={search_term_string}\"},\"query-input\":{\"@type\":\"PropertyValueSpecification\",\"valueRequired\":true,\"valueName\":\"search_term_string\"}}],\"inLanguage\":\"pt-PT\"},{\"@type\":\"Organization\",\"@id\":\"https:\/\/k-time.it\/en\/#organization\",\"name\":\"K-time\",\"url\":\"https:\/\/k-time.it\/en\/\",\"logo\":{\"@type\":\"ImageObject\",\"inLanguage\":\"pt-PT\",\"@id\":\"https:\/\/k-time.it\/en\/#\/schema\/logo\/image\/\",\"url\":\"\",\"contentUrl\":\"\",\"caption\":\"K-time\"},\"image\":{\"@id\":\"https:\/\/k-time.it\/en\/#\/schema\/logo\/image\/\"}}]}<\/script>\n<!-- \/ Yoast SEO plugin. -->","yoast_head_json":{"title":"Radyca | Colora\u00e7\u00e3o para cabelos sem Silicones e sem PPD - K-time","description":"Radyca \u00e9 a primeira colora\u00e7\u00e3o nutrac\u00eautica para cabelos: um produto profissional onde a tecnologia e o bem-estar se traduzem numa f\u00f3rmula hi tech.","robots":{"index":"index","follow":"follow","max-snippet":"max-snippet:-1","max-image-preview":"max-image-preview:large","max-video-preview":"max-video-preview:-1"},"canonical":"https:\/\/k-time.it\/products\/colouring\/radyca\/radyca-colorazione-per-capelli-senza-siliconi-e-senza-ppd\/","og_locale":"pt_PT","og_type":"article","og_title":"Radyca | Colora\u00e7\u00e3o para cabelos sem Silicones e sem PPD - K-time","og_description":"Radyca \u00e9 a primeira colora\u00e7\u00e3o nutrac\u00eautica para cabelos: um produto profissional onde a tecnologia e o bem-estar se traduzem numa f\u00f3rmula hi tech.","og_url":"https:\/\/k-time.it\/products\/colouring\/radyca\/radyca-colorazione-per-capelli-senza-siliconi-e-senza-ppd\/","og_site_name":"K-time","article_modified_time":"2021-10-29T15:00:30+00:00","og_image":[{"width":600,"height":600,"url":"https:\/\/k-time.it\/wp-content\/uploads\/2020\/06\/20700_k-time_radyca_oxidative_permanent_hair_color_100ml_.png","type":"image\/png"}],"twitter_card":"summary_large_image","twitter_misc":{"Tempo estimado de leitura":"1 minuto"},"schema":{"@context":"https:\/\/schema.org","@graph":[{"@type":"WebPage","@id":"https:\/\/k-time.it\/products\/colouring\/radyca\/radyca-colorazione-per-capelli-senza-siliconi-e-senza-ppd\/","url":"https:\/\/k-time.it\/products\/colouring\/radyca\/radyca-colorazione-per-capelli-senza-siliconi-e-senza-ppd\/","name":"Radyca | Colora\u00e7\u00e3o para cabelos sem Silicones e sem PPD - K-time","isPartOf":{"@id":"https:\/\/k-time.it\/en\/#website"},"primaryImageOfPage":{"@id":"https:\/\/k-time.it\/products\/colouring\/radyca\/radyca-colorazione-per-capelli-senza-siliconi-e-senza-ppd\/#primaryimage"},"image":{"@id":"https:\/\/k-time.it\/products\/colouring\/radyca\/radyca-colorazione-per-capelli-senza-siliconi-e-senza-ppd\/#primaryimage"},"thumbnailUrl":"https:\/\/k-time.it\/wp-content\/uploads\/2020\/06\/20700_k-time_radyca_oxidative_permanent_hair_color_100ml_.png","datePublished":"2020-06-25T14:46:32+00:00","dateModified":"2021-10-29T15:00:30+00:00","description":"Radyca \u00e9 a primeira colora\u00e7\u00e3o nutrac\u00eautica para cabelos: um produto profissional onde a tecnologia e o bem-estar se traduzem numa f\u00f3rmula hi tech.","breadcrumb":{"@id":"https:\/\/k-time.it\/products\/colouring\/radyca\/radyca-colorazione-per-capelli-senza-siliconi-e-senza-ppd\/#breadcrumb"},"inLanguage":"pt-PT","potentialAction":[{"@type":"ReadAction","target":["https:\/\/k-time.it\/products\/colouring\/radyca\/radyca-colorazione-per-capelli-senza-siliconi-e-senza-ppd\/"]}]},{"@type":"ImageObject","inLanguage":"pt-PT","@id":"https:\/\/k-time.it\/products\/colouring\/radyca\/radyca-colorazione-per-capelli-senza-siliconi-e-senza-ppd\/#primaryimage","url":"https:\/\/k-time.it\/wp-content\/uploads\/2020\/06\/20700_k-time_radyca_oxidative_permanent_hair_color_100ml_.png","contentUrl":"https:\/\/k-time.it\/wp-content\/uploads\/2020\/06\/20700_k-time_radyca_oxidative_permanent_hair_color_100ml_.png","width":600,"height":600,"caption":"Radyca | Colorazione senza Siliconi e senza PPD"},{"@type":"BreadcrumbList","@id":"https:\/\/k-time.it\/products\/colouring\/radyca\/radyca-colorazione-per-capelli-senza-siliconi-e-senza-ppd\/#breadcrumb","itemListElement":[{"@type":"ListItem","position":1,"name":"Home","item":"https:\/\/k-time.it\/pt-pt\/"},{"@type":"ListItem","position":2,"name":"Shop","item":"https:\/\/k-time.it\/en\/negozio\/"},{"@type":"ListItem","position":3,"name":"Radyca | Colora\u00e7\u00e3o para cabelos sem Silicones e sem PPD"}]},{"@type":"WebSite","@id":"https:\/\/k-time.it\/en\/#website","url":"https:\/\/k-time.it\/en\/","name":"K-time","description":"Hair Spa Treatments","publisher":{"@id":"https:\/\/k-time.it\/en\/#organization"},"potentialAction":[{"@type":"SearchAction","target":{"@type":"EntryPoint","urlTemplate":"https:\/\/k-time.it\/en\/?s={search_term_string}"},"query-input":{"@type":"PropertyValueSpecification","valueRequired":true,"valueName":"search_term_string"}}],"inLanguage":"pt-PT"},{"@type":"Organization","@id":"https:\/\/k-time.it\/en\/#organization","name":"K-time","url":"https:\/\/k-time.it\/en\/","logo":{"@type":"ImageObject","inLanguage":"pt-PT","@id":"https:\/\/k-time.it\/en\/#\/schema\/logo\/image\/","url":"","contentUrl":"","caption":"K-time"},"image":{"@id":"https:\/\/k-time.it\/en\/#\/schema\/logo\/image\/"}}]}},"_links":{"self":[{"href":"https:\/\/k-time.it\/pt-pt\/wp-json\/wp\/v2\/product\/8533","targetHints":{"allow":["GET"]}}],"collection":[{"href":"https:\/\/k-time.it\/pt-pt\/wp-json\/wp\/v2\/product"}],"about":[{"href":"https:\/\/k-time.it\/pt-pt\/wp-json\/wp\/v2\/types\/product"}],"wp:featuredmedia":[{"embeddable":true,"href":"https:\/\/k-time.it\/pt-pt\/wp-json\/wp\/v2\/media\/16717"}],"wp:attachment":[{"href":"https:\/\/k-time.it\/pt-pt\/wp-json\/wp\/v2\/media?parent=8533"}],"wp:term":[{"taxonomy":"product_brand","embeddable":true,"href":"https:\/\/k-time.it\/pt-pt\/wp-json\/wp\/v2\/product_brand?post=8533"},{"taxonomy":"product_cat","embeddable":true,"href":"https:\/\/k-time.it\/pt-pt\/wp-json\/wp\/v2\/product_cat?post=8533"},{"taxonomy":"product_tag","embeddable":true,"href":"https:\/\/k-time.it\/pt-pt\/wp-json\/wp\/v2\/product_tag?post=8533"}],"curies":[{"name":"wp","href":"https:\/\/api.w.org\/{rel}","templated":true}]}}