{"id":7672,"date":"2020-06-25T16:46:02","date_gmt":"2020-06-25T14:46:02","guid":{"rendered":"https:\/\/k-time.it\/products\/sem%20categoria\/10-minuti-colorazione-permanente-rapida\/"},"modified":"2021-06-22T12:57:44","modified_gmt":"2021-06-22T10:57:44","slug":"10-minuti-coloracao-permanente-rapida","status":"publish","type":"product","link":"https:\/\/k-time.it\/pt-pt\/products\/colouring\/10-minuti\/10-minuti-coloracao-permanente-rapida\/","title":{"rendered":"10 minuti | Colora\u00e7\u00e3o Permanente R\u00e1pida"},"content":{"rendered":"<div class=\"wpb-content-wrapper\"><p>[vc_row disable_element=&#8221;yes&#8221;][vc_column][\/vc_column][\/vc_row][vc_row][vc_column width=&#8221;1\/2&#8243;]<div class=\"standard-arrow list-divider bullet-top\"><h2>F\u00f3rmula<\/h2>\n<div id=\"tab-altre-info\">\n<ul>\n<li><strong>\u00d3leo de Arg\u00e3o<\/strong>: confere suavidade e uma incr\u00edvel luminosidade aos cabelos<\/li>\n<li><strong>Queratina<\/strong>: favorece a reconstru\u00e7\u00e3o da fibra, nutre e protege a cut\u00edcula do cabelo, refor\u00e7ando o cimento intercelular<\/li>\n<\/ul>\n<\/div>\n<\/div>[\/vc_column][vc_column width=&#8221;1\/2&#8243;]<div class=\"standard-arrow list-divider bullet-top\"><h2>Benef\u00edcios<\/h2>\n<div id=\"tab-benefits\">\n<ul>\n<li>Colora\u00e7\u00e3o perfeita em apenas 10 minutos<\/li>\n<li>M\u00e1xima cobertura cabelos brancos<\/li>\n<li>Cor fi\u00e1vel e duradoura<\/li>\n<\/ul>\n<\/div>\n<\/div>[\/vc_column][\/vc_row][vc_row css=&#8221;.vc_custom_1595334650161{padding-top: 50px !important;}&#8221;][vc_column]<div class=\"dt-fancy-separator h2-size style-thick\" style=\"width: 100%;\"><div class=\"dt-fancy-title\" style=\"color: #333333;\"><span class=\"separator-holder separator-left\" style=\"border-color: #f0f0f0;\"><\/span>Produtos relacionados<span class=\"separator-holder separator-right\" style=\"border-color: #f0f0f0;\"><\/span><\/div><\/div>[vc_raw_html]W3dwYi1wcm9kdWN0LXNsaWRlci1zaG9ydGNvZGUgaWQ9IjcwOCJd[\/vc_raw_html][\/vc_column][\/vc_row]<\/p>\n<\/div>","protected":false},"excerpt":{"rendered":"<p>A<strong>\u00a0Colora\u00e7\u00e3o Profissional 10 minuti\u00a0<\/strong>\u00a0\u00e9 um sistema inovador e profissional, ideal para todas as mulheres que pretendem reduzir ao m\u00e1ximo o tempo de repouso.<\/p>\n<p>O inovador complexo duplo de pigmentos puros permite\u00a0<strong>reduzir os tempos de tratamento<\/strong>, gra\u00e7as a uma velocidade de rea\u00e7\u00e3o de apenas 10 minutos. \u00a0A\u00a0[glossary_exclude]<strong>Queratina<\/strong>\u00a0e\u00a0 o\u00a0<strong>\u00d3leo de Arg\u00e3o<\/strong>[\/glossary_exclude]\u00a0preservam a estrutura do cabelo, refor\u00e7ando-o e nutrindo-o simultaneamente. 10 minuti\u00a0permite uma cobertura perfeita at\u00e9 tr\u00eas tons, com uma a\u00e7\u00e3o\u00a0r\u00e1pida, intensa e eficaz.<\/p>\n<p>Uso profissional<\/p>\n<p>Formato 100 ml<\/p>\n<p>43 nuances<\/p>\n<p>&nbsp;<br \/>\n[vc_row][vc_column][ultimate_exp_section title=\" Como comprar\" new_title=\"Solicitar informa\u00e7\u00f5es de compra\" text_color=\"#ffffff\" background_color=\"#877650\" text_hovercolor=\"#ffffff\" bghovercolor=\"#877650\" title_active=\"#ffffff\" title_active_bg=\"#877650\" cnt_bg_color=\"#ffffff\" icon=\"icomoon-the7-font-icon-cart-detailed\" new_icon=\"icomoon-the7-font-the7-mail-011\" icon_align=\"left\" icon_size=\"20\" icon_color=\"#ffffff\" icon_hover_color=\"#ffffff\" icon_active_color=\"#ffffff\" title_font_size=\"desktop:16px;\" title_padding=\"padding-top:4px;padding-right:7px;padding-bottom:4px;padding-left:4px;\" icon_margin=\"margin-right:1px;\"][contact-form-7 id=\"496\"][\/ultimate_exp_section][\/vc_column][\/vc_row]<\/p>\n","protected":false},"featured_media":16710,"template":"","meta":[],"product_brand":[],"product_cat":[1032,1096],"product_tag":[],"class_list":{"0":"post-7672","1":"product","2":"type-product","3":"status-publish","4":"has-post-thumbnail","6":"product_cat-colouring","7":"product_cat-10-minuti","8":"description-off","10":"first","11":"instock","12":"shipping-taxable","13":"purchasable","14":"product-type-variable"},"yoast_head":"<!-- This site is optimized with the Yoast SEO plugin v26.8 - https:\/\/yoast.com\/product\/yoast-seo-wordpress\/ -->\n<title>10 minuti | Colora\u00e7\u00e3o Permanente R\u00e1pida - K-time<\/title>\n<meta name=\"description\" content=\"A\u00a0Colora\u00e7\u00e3o Profissional 10 minuti\u00a0\u00a0\u00e9 um sistema inovador e profissional, ideal para todas as mulheres que pretendem reduzir ao m\u00e1ximo o tempo de repouso.\" \/>\n<meta name=\"robots\" content=\"index, follow, max-snippet:-1, max-image-preview:large, max-video-preview:-1\" \/>\n<link rel=\"canonical\" href=\"https:\/\/k-time.it\/pt-pt\/products\/colouring\/10-minuti\/10-minuti-coloracao-permanente-rapida\/\" \/>\n<meta property=\"og:locale\" content=\"pt_PT\" \/>\n<meta property=\"og:type\" content=\"article\" \/>\n<meta property=\"og:title\" content=\"10 minuti | Colora\u00e7\u00e3o Permanente R\u00e1pida - K-time\" \/>\n<meta property=\"og:description\" content=\"A\u00a0Colora\u00e7\u00e3o Profissional 10 minuti\u00a0\u00a0\u00e9 um sistema inovador e profissional, ideal para todas as mulheres que pretendem reduzir ao m\u00e1ximo o tempo de repouso.\" \/>\n<meta property=\"og:url\" content=\"https:\/\/k-time.it\/pt-pt\/products\/colouring\/10-minuti\/10-minuti-coloracao-permanente-rapida\/\" \/>\n<meta property=\"og:site_name\" content=\"K-time\" \/>\n<meta property=\"article:modified_time\" content=\"2021-06-22T10:57:44+00:00\" \/>\n<meta property=\"og:image\" content=\"https:\/\/k-time.it\/wp-content\/uploads\/2020\/06\/20201_k-time_10_minuti_permanent_hair_color_ultra_fast_100ml.png\" \/>\n\t<meta property=\"og:image:width\" content=\"600\" \/>\n\t<meta property=\"og:image:height\" content=\"600\" \/>\n\t<meta property=\"og:image:type\" content=\"image\/png\" \/>\n<meta name=\"twitter:card\" content=\"summary_large_image\" \/>\n<meta name=\"twitter:label1\" content=\"Tempo estimado de leitura\" \/>\n\t<meta name=\"twitter:data1\" content=\"1 minuto\" \/>\n<script type=\"application\/ld+json\" class=\"yoast-schema-graph\">{\"@context\":\"https:\/\/schema.org\",\"@graph\":[{\"@type\":\"WebPage\",\"@id\":\"https:\/\/k-time.it\/pt-pt\/products\/colouring\/10-minuti\/10-minuti-coloracao-permanente-rapida\/\",\"url\":\"https:\/\/k-time.it\/pt-pt\/products\/colouring\/10-minuti\/10-minuti-coloracao-permanente-rapida\/\",\"name\":\"10 minuti | Colora\u00e7\u00e3o Permanente R\u00e1pida - K-time\",\"isPartOf\":{\"@id\":\"https:\/\/k-time.it\/en\/#website\"},\"primaryImageOfPage\":{\"@id\":\"https:\/\/k-time.it\/pt-pt\/products\/colouring\/10-minuti\/10-minuti-coloracao-permanente-rapida\/#primaryimage\"},\"image\":{\"@id\":\"https:\/\/k-time.it\/pt-pt\/products\/colouring\/10-minuti\/10-minuti-coloracao-permanente-rapida\/#primaryimage\"},\"thumbnailUrl\":\"https:\/\/k-time.it\/wp-content\/uploads\/2020\/06\/20201_k-time_10_minuti_permanent_hair_color_ultra_fast_100ml.png\",\"datePublished\":\"2020-06-25T14:46:02+00:00\",\"dateModified\":\"2021-06-22T10:57:44+00:00\",\"description\":\"A\u00a0Colora\u00e7\u00e3o Profissional 10 minuti\u00a0\u00a0\u00e9 um sistema inovador e profissional, ideal para todas as mulheres que pretendem reduzir ao m\u00e1ximo o tempo de repouso.\",\"breadcrumb\":{\"@id\":\"https:\/\/k-time.it\/pt-pt\/products\/colouring\/10-minuti\/10-minuti-coloracao-permanente-rapida\/#breadcrumb\"},\"inLanguage\":\"pt-PT\",\"potentialAction\":[{\"@type\":\"ReadAction\",\"target\":[\"https:\/\/k-time.it\/pt-pt\/products\/colouring\/10-minuti\/10-minuti-coloracao-permanente-rapida\/\"]}]},{\"@type\":\"ImageObject\",\"inLanguage\":\"pt-PT\",\"@id\":\"https:\/\/k-time.it\/pt-pt\/products\/colouring\/10-minuti\/10-minuti-coloracao-permanente-rapida\/#primaryimage\",\"url\":\"https:\/\/k-time.it\/wp-content\/uploads\/2020\/06\/20201_k-time_10_minuti_permanent_hair_color_ultra_fast_100ml.png\",\"contentUrl\":\"https:\/\/k-time.it\/wp-content\/uploads\/2020\/06\/20201_k-time_10_minuti_permanent_hair_color_ultra_fast_100ml.png\",\"width\":600,\"height\":600,\"caption\":\"10 minuti | Colorazione Permanente Rapida\"},{\"@type\":\"BreadcrumbList\",\"@id\":\"https:\/\/k-time.it\/pt-pt\/products\/colouring\/10-minuti\/10-minuti-coloracao-permanente-rapida\/#breadcrumb\",\"itemListElement\":[{\"@type\":\"ListItem\",\"position\":1,\"name\":\"Home\",\"item\":\"https:\/\/k-time.it\/pt-pt\/\"},{\"@type\":\"ListItem\",\"position\":2,\"name\":\"Shop\",\"item\":\"https:\/\/k-time.it\/en\/negozio\/\"},{\"@type\":\"ListItem\",\"position\":3,\"name\":\"10 minuti | Colora\u00e7\u00e3o Permanente R\u00e1pida\"}]},{\"@type\":\"WebSite\",\"@id\":\"https:\/\/k-time.it\/en\/#website\",\"url\":\"https:\/\/k-time.it\/en\/\",\"name\":\"K-time\",\"description\":\"Hair Spa Treatments\",\"publisher\":{\"@id\":\"https:\/\/k-time.it\/en\/#organization\"},\"potentialAction\":[{\"@type\":\"SearchAction\",\"target\":{\"@type\":\"EntryPoint\",\"urlTemplate\":\"https:\/\/k-time.it\/en\/?s={search_term_string}\"},\"query-input\":{\"@type\":\"PropertyValueSpecification\",\"valueRequired\":true,\"valueName\":\"search_term_string\"}}],\"inLanguage\":\"pt-PT\"},{\"@type\":\"Organization\",\"@id\":\"https:\/\/k-time.it\/en\/#organization\",\"name\":\"K-time\",\"url\":\"https:\/\/k-time.it\/en\/\",\"logo\":{\"@type\":\"ImageObject\",\"inLanguage\":\"pt-PT\",\"@id\":\"https:\/\/k-time.it\/en\/#\/schema\/logo\/image\/\",\"url\":\"\",\"contentUrl\":\"\",\"caption\":\"K-time\"},\"image\":{\"@id\":\"https:\/\/k-time.it\/en\/#\/schema\/logo\/image\/\"}}]}<\/script>\n<!-- \/ Yoast SEO plugin. -->","yoast_head_json":{"title":"10 minuti | Colora\u00e7\u00e3o Permanente R\u00e1pida - K-time","description":"A\u00a0Colora\u00e7\u00e3o Profissional 10 minuti\u00a0\u00a0\u00e9 um sistema inovador e profissional, ideal para todas as mulheres que pretendem reduzir ao m\u00e1ximo o tempo de repouso.","robots":{"index":"index","follow":"follow","max-snippet":"max-snippet:-1","max-image-preview":"max-image-preview:large","max-video-preview":"max-video-preview:-1"},"canonical":"https:\/\/k-time.it\/pt-pt\/products\/colouring\/10-minuti\/10-minuti-coloracao-permanente-rapida\/","og_locale":"pt_PT","og_type":"article","og_title":"10 minuti | Colora\u00e7\u00e3o Permanente R\u00e1pida - K-time","og_description":"A\u00a0Colora\u00e7\u00e3o Profissional 10 minuti\u00a0\u00a0\u00e9 um sistema inovador e profissional, ideal para todas as mulheres que pretendem reduzir ao m\u00e1ximo o tempo de repouso.","og_url":"https:\/\/k-time.it\/pt-pt\/products\/colouring\/10-minuti\/10-minuti-coloracao-permanente-rapida\/","og_site_name":"K-time","article_modified_time":"2021-06-22T10:57:44+00:00","og_image":[{"width":600,"height":600,"url":"https:\/\/k-time.it\/wp-content\/uploads\/2020\/06\/20201_k-time_10_minuti_permanent_hair_color_ultra_fast_100ml.png","type":"image\/png"}],"twitter_card":"summary_large_image","twitter_misc":{"Tempo estimado de leitura":"1 minuto"},"schema":{"@context":"https:\/\/schema.org","@graph":[{"@type":"WebPage","@id":"https:\/\/k-time.it\/pt-pt\/products\/colouring\/10-minuti\/10-minuti-coloracao-permanente-rapida\/","url":"https:\/\/k-time.it\/pt-pt\/products\/colouring\/10-minuti\/10-minuti-coloracao-permanente-rapida\/","name":"10 minuti | Colora\u00e7\u00e3o Permanente R\u00e1pida - K-time","isPartOf":{"@id":"https:\/\/k-time.it\/en\/#website"},"primaryImageOfPage":{"@id":"https:\/\/k-time.it\/pt-pt\/products\/colouring\/10-minuti\/10-minuti-coloracao-permanente-rapida\/#primaryimage"},"image":{"@id":"https:\/\/k-time.it\/pt-pt\/products\/colouring\/10-minuti\/10-minuti-coloracao-permanente-rapida\/#primaryimage"},"thumbnailUrl":"https:\/\/k-time.it\/wp-content\/uploads\/2020\/06\/20201_k-time_10_minuti_permanent_hair_color_ultra_fast_100ml.png","datePublished":"2020-06-25T14:46:02+00:00","dateModified":"2021-06-22T10:57:44+00:00","description":"A\u00a0Colora\u00e7\u00e3o Profissional 10 minuti\u00a0\u00a0\u00e9 um sistema inovador e profissional, ideal para todas as mulheres que pretendem reduzir ao m\u00e1ximo o tempo de repouso.","breadcrumb":{"@id":"https:\/\/k-time.it\/pt-pt\/products\/colouring\/10-minuti\/10-minuti-coloracao-permanente-rapida\/#breadcrumb"},"inLanguage":"pt-PT","potentialAction":[{"@type":"ReadAction","target":["https:\/\/k-time.it\/pt-pt\/products\/colouring\/10-minuti\/10-minuti-coloracao-permanente-rapida\/"]}]},{"@type":"ImageObject","inLanguage":"pt-PT","@id":"https:\/\/k-time.it\/pt-pt\/products\/colouring\/10-minuti\/10-minuti-coloracao-permanente-rapida\/#primaryimage","url":"https:\/\/k-time.it\/wp-content\/uploads\/2020\/06\/20201_k-time_10_minuti_permanent_hair_color_ultra_fast_100ml.png","contentUrl":"https:\/\/k-time.it\/wp-content\/uploads\/2020\/06\/20201_k-time_10_minuti_permanent_hair_color_ultra_fast_100ml.png","width":600,"height":600,"caption":"10 minuti | Colorazione Permanente Rapida"},{"@type":"BreadcrumbList","@id":"https:\/\/k-time.it\/pt-pt\/products\/colouring\/10-minuti\/10-minuti-coloracao-permanente-rapida\/#breadcrumb","itemListElement":[{"@type":"ListItem","position":1,"name":"Home","item":"https:\/\/k-time.it\/pt-pt\/"},{"@type":"ListItem","position":2,"name":"Shop","item":"https:\/\/k-time.it\/en\/negozio\/"},{"@type":"ListItem","position":3,"name":"10 minuti | Colora\u00e7\u00e3o Permanente R\u00e1pida"}]},{"@type":"WebSite","@id":"https:\/\/k-time.it\/en\/#website","url":"https:\/\/k-time.it\/en\/","name":"K-time","description":"Hair Spa Treatments","publisher":{"@id":"https:\/\/k-time.it\/en\/#organization"},"potentialAction":[{"@type":"SearchAction","target":{"@type":"EntryPoint","urlTemplate":"https:\/\/k-time.it\/en\/?s={search_term_string}"},"query-input":{"@type":"PropertyValueSpecification","valueRequired":true,"valueName":"search_term_string"}}],"inLanguage":"pt-PT"},{"@type":"Organization","@id":"https:\/\/k-time.it\/en\/#organization","name":"K-time","url":"https:\/\/k-time.it\/en\/","logo":{"@type":"ImageObject","inLanguage":"pt-PT","@id":"https:\/\/k-time.it\/en\/#\/schema\/logo\/image\/","url":"","contentUrl":"","caption":"K-time"},"image":{"@id":"https:\/\/k-time.it\/en\/#\/schema\/logo\/image\/"}}]}},"_links":{"self":[{"href":"https:\/\/k-time.it\/pt-pt\/wp-json\/wp\/v2\/product\/7672","targetHints":{"allow":["GET"]}}],"collection":[{"href":"https:\/\/k-time.it\/pt-pt\/wp-json\/wp\/v2\/product"}],"about":[{"href":"https:\/\/k-time.it\/pt-pt\/wp-json\/wp\/v2\/types\/product"}],"wp:featuredmedia":[{"embeddable":true,"href":"https:\/\/k-time.it\/pt-pt\/wp-json\/wp\/v2\/media\/16710"}],"wp:attachment":[{"href":"https:\/\/k-time.it\/pt-pt\/wp-json\/wp\/v2\/media?parent=7672"}],"wp:term":[{"taxonomy":"product_brand","embeddable":true,"href":"https:\/\/k-time.it\/pt-pt\/wp-json\/wp\/v2\/product_brand?post=7672"},{"taxonomy":"product_cat","embeddable":true,"href":"https:\/\/k-time.it\/pt-pt\/wp-json\/wp\/v2\/product_cat?post=7672"},{"taxonomy":"product_tag","embeddable":true,"href":"https:\/\/k-time.it\/pt-pt\/wp-json\/wp\/v2\/product_tag?post=7672"}],"curies":[{"name":"wp","href":"https:\/\/api.w.org\/{rel}","templated":true}]}}