{"id":7486,"date":"2020-06-25T16:46:02","date_gmt":"2020-06-25T14:46:02","guid":{"rendered":"https:\/\/k-time.it\/products\/sem%20categoria\/free-colorazione-permanente-senza-resorcina\/"},"modified":"2021-06-22T12:51:39","modified_gmt":"2021-06-22T10:51:39","slug":"coloracao-permanente-sem-amoniaco","status":"publish","type":"product","link":"https:\/\/k-time.it\/pt-pt\/products\/colouring\/free\/coloracao-permanente-sem-amoniaco\/","title":{"rendered":"Free | Colora\u00e7\u00e3o Permanente sem Amon\u00edaco"},"content":{"rendered":"<div class=\"wpb-content-wrapper\"><p>[vc_row disable_element=&#8221;yes&#8221;][vc_column][\/vc_column][\/vc_row][vc_row][vc_column width=&#8221;1\/2&#8243;]<div class=\"standard-arrow list-divider bullet-top\"><h2>F\u00f3rmula<\/h2>\n<ul>\n<li><strong>\u00d3leo de Arg\u00e3o<\/strong>: confere suavidade e luminosidade aos cabelos, nutrindo e protegendo em profundidade<\/li>\n<li><strong>\u00c1cido Hialur\u00f3nico<\/strong>: hidrata a fibra capilar e refor\u00e7a o cimento intercelular<\/li>\n<li>Sem\u00a0<strong>Resorcinol, Amon\u00edaco, PPD<\/strong>\u00a0e\u00a0<strong>Parabenos<\/strong><\/li>\n<\/ul>\n<\/div>[\/vc_column][vc_column width=&#8221;1\/2&#8243;]<div class=\"standard-arrow list-divider bullet-top\"><h2>Benef\u00edcios<\/h2>\n<div id=\"tab-benefits\">\n<ul>\n<li>Conforto e respeito dos cabelos<\/li>\n<li>Cor rica e intensa<\/li>\n<li>Baixo risco al\u00e9rgico, gra\u00e7as \u00e0 sua a\u00e7\u00e3o delicada<\/li>\n<li>Elevado grau de cobertura dos cabelos brancos<\/li>\n<\/ul>\n<\/div>\n<\/div>[\/vc_column][\/vc_row][vc_row css=&#8221;.vc_custom_1595317695114{padding-top: 50px !important;}&#8221;][vc_column]<div class=\"dt-fancy-separator h2-size style-thick\" style=\"width: 100%;\"><div class=\"dt-fancy-title\" style=\"color: #333333;\"><span class=\"separator-holder separator-left\" style=\"border-color: #f0f0f0;\"><\/span>Produtos relacionados<span class=\"separator-holder separator-right\" style=\"border-color: #f0f0f0;\"><\/span><\/div><\/div>[vc_raw_html]W3dwYi1wcm9kdWN0LXNsaWRlci1zaG9ydGNvZGUgaWQ9IjY1NCJd[\/vc_raw_html][\/vc_column][\/vc_row]<\/p>\n<\/div>","protected":false},"excerpt":{"rendered":"<p><strong>Free<\/strong>\u00a0\u00e9 a nova\u00a0<strong>colora\u00e7\u00e3o permanente<\/strong>\u00a0de oxida\u00e7\u00e3o<strong>\u00a0sem resorcinol e sem amon\u00edaco\u00a0<\/strong>criada nos laborat\u00f3rios da K-time.<\/p>\n<p>Uma cor excelente mas respeitando de forma plena o cabelo. Free n\u00e3o cont\u00e9m amon\u00edaco, Resorcinol, PPD e Parabenos. Free \u00e9 enriquecida com\u00a0<strong>[glossary_exclude]\u00c1cido Hialur\u00f3nico[\/glossary_exclude]<\/strong>, que torna a distribui\u00e7\u00e3o da\u00a0<strong>cor homog\u00e9nea e uniforme,<\/strong>\u00a0e com\u00a0<strong>[glossary_exclude]\u00d3leo de Arg\u00e3o[\/glossary_exclude]<\/strong>, cujas propriedades nutrem e restauram a estrutura natural da fibra capilar.<\/p>\n<p>Free garante\u00a0<strong>uma cor luminosa<\/strong>, duradoura e intensa, mas tamb\u00e9m vers\u00e1til e glamorosa gra\u00e7as \u00e0 rica variedade de nuances dispon\u00edveis.<\/p>\n<p>Uso profissional<\/p>\n<p>Formato 100 ml<\/p>\n<p>61 nuances<\/p>\n<p>&nbsp;<br \/>\n[vc_row][vc_column][ultimate_exp_section title=\" Como comprar\" new_title=\"Solicitar informa\u00e7\u00f5es de compra\" text_color=\"#ffffff\" background_color=\"#877650\" text_hovercolor=\"#ffffff\" bghovercolor=\"#877650\" title_active=\"#ffffff\" title_active_bg=\"#877650\" cnt_bg_color=\"#ffffff\" icon=\"icomoon-the7-font-icon-cart-detailed\" new_icon=\"icomoon-the7-font-the7-mail-011\" icon_align=\"left\" icon_size=\"20\" icon_color=\"#ffffff\" icon_hover_color=\"#ffffff\" icon_active_color=\"#ffffff\" title_font_size=\"desktop:16px;\" title_padding=\"padding-top:4px;padding-right:7px;padding-bottom:4px;padding-left:4px;\" icon_margin=\"margin-right:1px;\"][contact-form-7 id=\"496\"][\/ultimate_exp_section][\/vc_column][\/vc_row]<\/p>\n","protected":false},"featured_media":15961,"template":"","meta":[],"product_brand":[],"product_cat":[1032,1095],"product_tag":[],"class_list":{"0":"post-7486","1":"product","2":"type-product","3":"status-publish","4":"has-post-thumbnail","6":"product_cat-colouring","7":"product_cat-free","8":"description-off","10":"first","11":"instock","12":"shipping-taxable","13":"purchasable","14":"product-type-variable"},"yoast_head":"<!-- This site is optimized with the Yoast SEO plugin v26.8 - https:\/\/yoast.com\/product\/yoast-seo-wordpress\/ -->\n<title>Free | Colora\u00e7\u00e3o Permanente sem Amon\u00edaco - K-time<\/title>\n<meta name=\"description\" content=\"Free\u00a0\u00e9 a nova\u00a0colora\u00e7\u00e3o permanente\u00a0de oxida\u00e7\u00e3o\u00a0sem resorcinol e sem amon\u00edaco\u00a0criada nos laborat\u00f3rios da K-time.\" \/>\n<meta name=\"robots\" content=\"index, follow, max-snippet:-1, max-image-preview:large, max-video-preview:-1\" \/>\n<link rel=\"canonical\" href=\"https:\/\/k-time.it\/products\/colouring\/free\/free-colorazione-permanente-senza-resorcina\/\" \/>\n<meta property=\"og:locale\" content=\"pt_PT\" \/>\n<meta property=\"og:type\" content=\"article\" \/>\n<meta property=\"og:title\" content=\"Free | Colora\u00e7\u00e3o Permanente sem Amon\u00edaco - K-time\" \/>\n<meta property=\"og:description\" content=\"Free\u00a0\u00e9 a nova\u00a0colora\u00e7\u00e3o permanente\u00a0de oxida\u00e7\u00e3o\u00a0sem resorcinol e sem amon\u00edaco\u00a0criada nos laborat\u00f3rios da K-time.\" \/>\n<meta property=\"og:url\" content=\"https:\/\/k-time.it\/products\/colouring\/free\/free-colorazione-permanente-senza-resorcina\/\" \/>\n<meta property=\"og:site_name\" content=\"K-time\" \/>\n<meta property=\"article:modified_time\" content=\"2021-06-22T10:51:39+00:00\" \/>\n<meta property=\"og:image\" content=\"https:\/\/k-time.it\/wp-content\/uploads\/2020\/06\/20000_k-time_free_oxidative_permanent_hair_color_100ml_.png\" \/>\n\t<meta property=\"og:image:width\" content=\"600\" \/>\n\t<meta property=\"og:image:height\" content=\"600\" \/>\n\t<meta property=\"og:image:type\" content=\"image\/png\" \/>\n<meta name=\"twitter:card\" content=\"summary_large_image\" \/>\n<meta name=\"twitter:label1\" content=\"Tempo estimado de leitura\" \/>\n\t<meta name=\"twitter:data1\" content=\"1 minuto\" \/>\n<script type=\"application\/ld+json\" class=\"yoast-schema-graph\">{\"@context\":\"https:\/\/schema.org\",\"@graph\":[{\"@type\":\"WebPage\",\"@id\":\"https:\/\/k-time.it\/products\/colouring\/free\/free-colorazione-permanente-senza-resorcina\/\",\"url\":\"https:\/\/k-time.it\/products\/colouring\/free\/free-colorazione-permanente-senza-resorcina\/\",\"name\":\"Free | Colora\u00e7\u00e3o Permanente sem Amon\u00edaco - K-time\",\"isPartOf\":{\"@id\":\"https:\/\/k-time.it\/en\/#website\"},\"primaryImageOfPage\":{\"@id\":\"https:\/\/k-time.it\/products\/colouring\/free\/free-colorazione-permanente-senza-resorcina\/#primaryimage\"},\"image\":{\"@id\":\"https:\/\/k-time.it\/products\/colouring\/free\/free-colorazione-permanente-senza-resorcina\/#primaryimage\"},\"thumbnailUrl\":\"https:\/\/k-time.it\/wp-content\/uploads\/2020\/06\/20000_k-time_free_oxidative_permanent_hair_color_100ml_.png\",\"datePublished\":\"2020-06-25T14:46:02+00:00\",\"dateModified\":\"2021-06-22T10:51:39+00:00\",\"description\":\"Free\u00a0\u00e9 a nova\u00a0colora\u00e7\u00e3o permanente\u00a0de oxida\u00e7\u00e3o\u00a0sem resorcinol e sem amon\u00edaco\u00a0criada nos laborat\u00f3rios da K-time.\",\"breadcrumb\":{\"@id\":\"https:\/\/k-time.it\/products\/colouring\/free\/free-colorazione-permanente-senza-resorcina\/#breadcrumb\"},\"inLanguage\":\"pt-PT\",\"potentialAction\":[{\"@type\":\"ReadAction\",\"target\":[\"https:\/\/k-time.it\/products\/colouring\/free\/free-colorazione-permanente-senza-resorcina\/\"]}]},{\"@type\":\"ImageObject\",\"inLanguage\":\"pt-PT\",\"@id\":\"https:\/\/k-time.it\/products\/colouring\/free\/free-colorazione-permanente-senza-resorcina\/#primaryimage\",\"url\":\"https:\/\/k-time.it\/wp-content\/uploads\/2020\/06\/20000_k-time_free_oxidative_permanent_hair_color_100ml_.png\",\"contentUrl\":\"https:\/\/k-time.it\/wp-content\/uploads\/2020\/06\/20000_k-time_free_oxidative_permanent_hair_color_100ml_.png\",\"width\":600,\"height\":600,\"caption\":\"Free | Colorazione Permanente ad Ossidazione\"},{\"@type\":\"BreadcrumbList\",\"@id\":\"https:\/\/k-time.it\/products\/colouring\/free\/free-colorazione-permanente-senza-resorcina\/#breadcrumb\",\"itemListElement\":[{\"@type\":\"ListItem\",\"position\":1,\"name\":\"Home\",\"item\":\"https:\/\/k-time.it\/pt-pt\/\"},{\"@type\":\"ListItem\",\"position\":2,\"name\":\"Shop\",\"item\":\"https:\/\/k-time.it\/en\/negozio\/\"},{\"@type\":\"ListItem\",\"position\":3,\"name\":\"Free | Colora\u00e7\u00e3o Permanente sem Amon\u00edaco\"}]},{\"@type\":\"WebSite\",\"@id\":\"https:\/\/k-time.it\/en\/#website\",\"url\":\"https:\/\/k-time.it\/en\/\",\"name\":\"K-time\",\"description\":\"Hair Spa Treatments\",\"publisher\":{\"@id\":\"https:\/\/k-time.it\/en\/#organization\"},\"potentialAction\":[{\"@type\":\"SearchAction\",\"target\":{\"@type\":\"EntryPoint\",\"urlTemplate\":\"https:\/\/k-time.it\/en\/?s={search_term_string}\"},\"query-input\":{\"@type\":\"PropertyValueSpecification\",\"valueRequired\":true,\"valueName\":\"search_term_string\"}}],\"inLanguage\":\"pt-PT\"},{\"@type\":\"Organization\",\"@id\":\"https:\/\/k-time.it\/en\/#organization\",\"name\":\"K-time\",\"url\":\"https:\/\/k-time.it\/en\/\",\"logo\":{\"@type\":\"ImageObject\",\"inLanguage\":\"pt-PT\",\"@id\":\"https:\/\/k-time.it\/en\/#\/schema\/logo\/image\/\",\"url\":\"\",\"contentUrl\":\"\",\"caption\":\"K-time\"},\"image\":{\"@id\":\"https:\/\/k-time.it\/en\/#\/schema\/logo\/image\/\"}}]}<\/script>\n<!-- \/ Yoast SEO plugin. -->","yoast_head_json":{"title":"Free | Colora\u00e7\u00e3o Permanente sem Amon\u00edaco - K-time","description":"Free\u00a0\u00e9 a nova\u00a0colora\u00e7\u00e3o permanente\u00a0de oxida\u00e7\u00e3o\u00a0sem resorcinol e sem amon\u00edaco\u00a0criada nos laborat\u00f3rios da K-time.","robots":{"index":"index","follow":"follow","max-snippet":"max-snippet:-1","max-image-preview":"max-image-preview:large","max-video-preview":"max-video-preview:-1"},"canonical":"https:\/\/k-time.it\/products\/colouring\/free\/free-colorazione-permanente-senza-resorcina\/","og_locale":"pt_PT","og_type":"article","og_title":"Free | Colora\u00e7\u00e3o Permanente sem Amon\u00edaco - K-time","og_description":"Free\u00a0\u00e9 a nova\u00a0colora\u00e7\u00e3o permanente\u00a0de oxida\u00e7\u00e3o\u00a0sem resorcinol e sem amon\u00edaco\u00a0criada nos laborat\u00f3rios da K-time.","og_url":"https:\/\/k-time.it\/products\/colouring\/free\/free-colorazione-permanente-senza-resorcina\/","og_site_name":"K-time","article_modified_time":"2021-06-22T10:51:39+00:00","og_image":[{"width":600,"height":600,"url":"https:\/\/k-time.it\/wp-content\/uploads\/2020\/06\/20000_k-time_free_oxidative_permanent_hair_color_100ml_.png","type":"image\/png"}],"twitter_card":"summary_large_image","twitter_misc":{"Tempo estimado de leitura":"1 minuto"},"schema":{"@context":"https:\/\/schema.org","@graph":[{"@type":"WebPage","@id":"https:\/\/k-time.it\/products\/colouring\/free\/free-colorazione-permanente-senza-resorcina\/","url":"https:\/\/k-time.it\/products\/colouring\/free\/free-colorazione-permanente-senza-resorcina\/","name":"Free | Colora\u00e7\u00e3o Permanente sem Amon\u00edaco - K-time","isPartOf":{"@id":"https:\/\/k-time.it\/en\/#website"},"primaryImageOfPage":{"@id":"https:\/\/k-time.it\/products\/colouring\/free\/free-colorazione-permanente-senza-resorcina\/#primaryimage"},"image":{"@id":"https:\/\/k-time.it\/products\/colouring\/free\/free-colorazione-permanente-senza-resorcina\/#primaryimage"},"thumbnailUrl":"https:\/\/k-time.it\/wp-content\/uploads\/2020\/06\/20000_k-time_free_oxidative_permanent_hair_color_100ml_.png","datePublished":"2020-06-25T14:46:02+00:00","dateModified":"2021-06-22T10:51:39+00:00","description":"Free\u00a0\u00e9 a nova\u00a0colora\u00e7\u00e3o permanente\u00a0de oxida\u00e7\u00e3o\u00a0sem resorcinol e sem amon\u00edaco\u00a0criada nos laborat\u00f3rios da K-time.","breadcrumb":{"@id":"https:\/\/k-time.it\/products\/colouring\/free\/free-colorazione-permanente-senza-resorcina\/#breadcrumb"},"inLanguage":"pt-PT","potentialAction":[{"@type":"ReadAction","target":["https:\/\/k-time.it\/products\/colouring\/free\/free-colorazione-permanente-senza-resorcina\/"]}]},{"@type":"ImageObject","inLanguage":"pt-PT","@id":"https:\/\/k-time.it\/products\/colouring\/free\/free-colorazione-permanente-senza-resorcina\/#primaryimage","url":"https:\/\/k-time.it\/wp-content\/uploads\/2020\/06\/20000_k-time_free_oxidative_permanent_hair_color_100ml_.png","contentUrl":"https:\/\/k-time.it\/wp-content\/uploads\/2020\/06\/20000_k-time_free_oxidative_permanent_hair_color_100ml_.png","width":600,"height":600,"caption":"Free | Colorazione Permanente ad Ossidazione"},{"@type":"BreadcrumbList","@id":"https:\/\/k-time.it\/products\/colouring\/free\/free-colorazione-permanente-senza-resorcina\/#breadcrumb","itemListElement":[{"@type":"ListItem","position":1,"name":"Home","item":"https:\/\/k-time.it\/pt-pt\/"},{"@type":"ListItem","position":2,"name":"Shop","item":"https:\/\/k-time.it\/en\/negozio\/"},{"@type":"ListItem","position":3,"name":"Free | Colora\u00e7\u00e3o Permanente sem Amon\u00edaco"}]},{"@type":"WebSite","@id":"https:\/\/k-time.it\/en\/#website","url":"https:\/\/k-time.it\/en\/","name":"K-time","description":"Hair Spa Treatments","publisher":{"@id":"https:\/\/k-time.it\/en\/#organization"},"potentialAction":[{"@type":"SearchAction","target":{"@type":"EntryPoint","urlTemplate":"https:\/\/k-time.it\/en\/?s={search_term_string}"},"query-input":{"@type":"PropertyValueSpecification","valueRequired":true,"valueName":"search_term_string"}}],"inLanguage":"pt-PT"},{"@type":"Organization","@id":"https:\/\/k-time.it\/en\/#organization","name":"K-time","url":"https:\/\/k-time.it\/en\/","logo":{"@type":"ImageObject","inLanguage":"pt-PT","@id":"https:\/\/k-time.it\/en\/#\/schema\/logo\/image\/","url":"","contentUrl":"","caption":"K-time"},"image":{"@id":"https:\/\/k-time.it\/en\/#\/schema\/logo\/image\/"}}]}},"_links":{"self":[{"href":"https:\/\/k-time.it\/pt-pt\/wp-json\/wp\/v2\/product\/7486","targetHints":{"allow":["GET"]}}],"collection":[{"href":"https:\/\/k-time.it\/pt-pt\/wp-json\/wp\/v2\/product"}],"about":[{"href":"https:\/\/k-time.it\/pt-pt\/wp-json\/wp\/v2\/types\/product"}],"wp:featuredmedia":[{"embeddable":true,"href":"https:\/\/k-time.it\/pt-pt\/wp-json\/wp\/v2\/media\/15961"}],"wp:attachment":[{"href":"https:\/\/k-time.it\/pt-pt\/wp-json\/wp\/v2\/media?parent=7486"}],"wp:term":[{"taxonomy":"product_brand","embeddable":true,"href":"https:\/\/k-time.it\/pt-pt\/wp-json\/wp\/v2\/product_brand?post=7486"},{"taxonomy":"product_cat","embeddable":true,"href":"https:\/\/k-time.it\/pt-pt\/wp-json\/wp\/v2\/product_cat?post=7486"},{"taxonomy":"product_tag","embeddable":true,"href":"https:\/\/k-time.it\/pt-pt\/wp-json\/wp\/v2\/product_tag?post=7486"}],"curies":[{"name":"wp","href":"https:\/\/api.w.org\/{rel}","templated":true}]}}