{"id":6809,"date":"2020-06-25T16:46:02","date_gmt":"2020-06-25T14:46:02","guid":{"rendered":"https:\/\/k-time.it\/products\/sem%20categoria\/champu-ducha\/"},"modified":"2021-06-23T19:01:54","modified_gmt":"2021-06-23T17:01:54","slug":"champo-gel-de-banho","status":"publish","type":"product","link":"https:\/\/k-time.it\/pt-pt\/products\/one-man\/champo-gel-de-banho\/","title":{"rendered":"One Man | Champ\u00f4 \u2013 Gel de banho"},"content":{"rendered":"<div class=\"wpb-content-wrapper\"><p>[vc_row disable_element=&#8221;yes&#8221;][vc_column][\/vc_column][\/vc_row][vc_row][vc_column width=&#8221;1\/2&#8243;]<div class=\"standard-arrow list-divider bullet-top\"><h2>F\u00f3rmula<\/h2>\n<div id=\"tab-altre-info\">\n<ul>\n<li><strong>Polifen\u00f3is de Menta<\/strong>: para uma a\u00e7\u00e3o anti-age, resist\u00eancia \u00e0s agress\u00f5es externas<\/li>\n<li><strong>Creatina<\/strong>: aumenta a resist\u00eancia capilar<\/li>\n<li><strong>Pro-Vitamina B5<\/strong>: hidrata a fibra capilar<\/li>\n<li><strong>Prote\u00ednas de Trigo<\/strong>: a\u00e7\u00e3o biofilm\u00f3gena, hidrata e nutre a pele<\/li>\n<li><strong>Mentol<\/strong>: para uma a\u00e7\u00e3o refrescante e apaziguante<\/li>\n<\/ul>\n<\/div>\n<\/div>[\/vc_column][vc_column width=&#8221;1\/2&#8243;]<div class=\"standard-arrow list-divider bullet-top\"><h2>Benef\u00edcios<\/h2>\n<div id=\"tab-benefits\">\n<ul>\n<li>Tripla a\u00e7\u00e3o (energizante, condicionadora e tonificante)<\/li>\n<li>Ideal para lavagens frequentes<\/li>\n<li>Regenera pele e cabelos<\/li>\n<li>Garante um\u00a0perfume com um toque viril<\/li>\n<\/ul>\n<\/div>\n<\/div>[\/vc_column][\/vc_row][vc_row css=&#8221;.vc_custom_1595317695114{padding-top: 50px !important;}&#8221;][vc_column]<div class=\"dt-fancy-separator h2-size style-thick\" style=\"width: 100%;\"><div class=\"dt-fancy-title\" style=\"color: #333333;\"><span class=\"separator-holder separator-left\" style=\"border-color: #f0f0f0;\"><\/span>Productos relacionados<span class=\"separator-holder separator-right\" style=\"border-color: #f0f0f0;\"><\/span><\/div><\/div>[vc_raw_html]W3dwYi1wcm9kdWN0LXNsaWRlci1zaG9ydGNvZGUgaWQ9IjIyNDMiXQ==[\/vc_raw_html][\/vc_column][\/vc_row]<\/p>\n<\/div>","protected":false},"excerpt":{"rendered":"<p><strong>One Man Shower Gel\u00a0<\/strong>\u00e9 o\u00a0<strong>champ\u00f4 duche<\/strong>\u00a0com uma exclusiva\u00a0<strong>f\u00f3rmula 3 em 1<\/strong>:\u00a0<strong>energizante, condicionadora e tonificante,<\/strong>\u00a0One Man Shower gel \u00e9 adequado a lavagens frequentes porque limpa delicadamente, regenerando e hidratando a pele e cabelos sem agredir.<\/p>\n<p>Gra\u00e7as \u00e0 tripla a\u00e7\u00e3o da sua f\u00f3rmula, o champ\u00f4 duche One Man \u00e9 o indispens\u00e1vel companheiro de viagem do homem que quer encontrar, num \u00fanico e simples gesto o\u00a0<strong>equil\u00edbrio<\/strong>\u00a0e a<strong>\u00a0tonifica\u00e7\u00e3o<\/strong>\u00a0indispens\u00e1veis\u00a0para corpo e cabelos.<\/p>\n<p>Formato 250 ml<\/p>\n<p class=\"p1\"><span class=\"s1\">[vc_row][vc_column][ultimate_exp_section title=\" Como comprar\" new_title=\"Solicitar informa\u00e7\u00f5es de compra\" text_color=\"#ffffff\" background_color=\"#877650\" text_hovercolor=\"#ffffff\" bghovercolor=\"#877650\" title_active=\"#ffffff\" title_active_bg=\"#877650\" cnt_bg_color=\"#ffffff\" icon=\"icomoon-the7-font-icon-cart-detailed\" new_icon=\"icomoon-the7-font-the7-mail-011\" icon_align=\"left\" icon_size=\"20\" icon_color=\"#ffffff\" icon_hover_color=\"#ffffff\" icon_active_color=\"#ffffff\" title_font_size=\"desktop:16px;\" title_padding=\"padding-top:4px;padding-right:7px;padding-bottom:4px;padding-left:4px;\" icon_margin=\"margin-right:1px;\"][contact-form-7 id=\"496\"][\/ultimate_exp_section][\/vc_column][\/vc_row]<\/span><\/p>\n","protected":false},"featured_media":18050,"template":"","meta":[],"product_brand":[],"product_cat":[1091],"product_tag":[],"class_list":{"0":"post-6809","1":"product","2":"type-product","3":"status-publish","4":"has-post-thumbnail","6":"product_cat-one-man","7":"description-off","9":"first","10":"instock","11":"shipping-taxable","12":"product-type-simple"},"yoast_head":"<!-- This site is optimized with the Yoast SEO plugin v26.8 - https:\/\/yoast.com\/product\/yoast-seo-wordpress\/ -->\n<title>One Man | Champ\u00f4 \u2013 Gel de banho - K-time<\/title>\n<meta name=\"description\" content=\"One Man Shower Gel \u00e9 o champ\u00f4 duche com uma exclusiva f\u00f3rmula 3 em 1: energizante, condicionadora e tonificante, One Man Shower gel \u00e9 adequado a lavagens frequentes porque limpa delicadamente, regenerando e hidratando a pele e cabelos sem agredir.\" \/>\n<meta name=\"robots\" content=\"index, follow, max-snippet:-1, max-image-preview:large, max-video-preview:-1\" \/>\n<link rel=\"canonical\" href=\"https:\/\/k-time.it\/products\/one-man\/one-man-shower-gel-uomo\/\" \/>\n<meta property=\"og:locale\" content=\"pt_PT\" \/>\n<meta property=\"og:type\" content=\"article\" \/>\n<meta property=\"og:title\" content=\"One Man | Champ\u00f4 \u2013 Gel de banho - K-time\" \/>\n<meta property=\"og:description\" content=\"One Man Shower Gel \u00e9 o champ\u00f4 duche com uma exclusiva f\u00f3rmula 3 em 1: energizante, condicionadora e tonificante, One Man Shower gel \u00e9 adequado a lavagens frequentes porque limpa delicadamente, regenerando e hidratando a pele e cabelos sem agredir.\" \/>\n<meta property=\"og:url\" content=\"https:\/\/k-time.it\/products\/one-man\/one-man-shower-gel-uomo\/\" \/>\n<meta property=\"og:site_name\" content=\"K-time\" \/>\n<meta property=\"article:modified_time\" content=\"2021-06-23T17:01:54+00:00\" \/>\n<meta property=\"og:image\" content=\"https:\/\/k-time.it\/wp-content\/uploads\/2020\/06\/22020_k-time_one_man_shampoo_shower_gel_250ml.png\" \/>\n\t<meta property=\"og:image:width\" content=\"600\" \/>\n\t<meta property=\"og:image:height\" content=\"600\" \/>\n\t<meta property=\"og:image:type\" content=\"image\/png\" \/>\n<meta name=\"twitter:card\" content=\"summary_large_image\" \/>\n<meta name=\"twitter:label1\" content=\"Tempo estimado de leitura\" \/>\n\t<meta name=\"twitter:data1\" content=\"1 minuto\" \/>\n<script type=\"application\/ld+json\" class=\"yoast-schema-graph\">{\"@context\":\"https:\/\/schema.org\",\"@graph\":[{\"@type\":\"WebPage\",\"@id\":\"https:\/\/k-time.it\/products\/one-man\/one-man-shower-gel-uomo\/\",\"url\":\"https:\/\/k-time.it\/products\/one-man\/one-man-shower-gel-uomo\/\",\"name\":\"One Man | Champ\u00f4 \u2013 Gel de banho - K-time\",\"isPartOf\":{\"@id\":\"https:\/\/k-time.it\/en\/#website\"},\"primaryImageOfPage\":{\"@id\":\"https:\/\/k-time.it\/products\/one-man\/one-man-shower-gel-uomo\/#primaryimage\"},\"image\":{\"@id\":\"https:\/\/k-time.it\/products\/one-man\/one-man-shower-gel-uomo\/#primaryimage\"},\"thumbnailUrl\":\"https:\/\/k-time.it\/wp-content\/uploads\/2020\/06\/22020_k-time_one_man_shampoo_shower_gel_250ml.png\",\"datePublished\":\"2020-06-25T14:46:02+00:00\",\"dateModified\":\"2021-06-23T17:01:54+00:00\",\"description\":\"One Man Shower Gel \u00e9 o champ\u00f4 duche com uma exclusiva f\u00f3rmula 3 em 1: energizante, condicionadora e tonificante, One Man Shower gel \u00e9 adequado a lavagens frequentes porque limpa delicadamente, regenerando e hidratando a pele e cabelos sem agredir.\",\"breadcrumb\":{\"@id\":\"https:\/\/k-time.it\/products\/one-man\/one-man-shower-gel-uomo\/#breadcrumb\"},\"inLanguage\":\"pt-PT\",\"potentialAction\":[{\"@type\":\"ReadAction\",\"target\":[\"https:\/\/k-time.it\/products\/one-man\/one-man-shower-gel-uomo\/\"]}]},{\"@type\":\"ImageObject\",\"inLanguage\":\"pt-PT\",\"@id\":\"https:\/\/k-time.it\/products\/one-man\/one-man-shower-gel-uomo\/#primaryimage\",\"url\":\"https:\/\/k-time.it\/wp-content\/uploads\/2020\/06\/22020_k-time_one_man_shampoo_shower_gel_250ml.png\",\"contentUrl\":\"https:\/\/k-time.it\/wp-content\/uploads\/2020\/06\/22020_k-time_one_man_shampoo_shower_gel_250ml.png\",\"width\":600,\"height\":600,\"caption\":\"One Man | Shower Gel\"},{\"@type\":\"BreadcrumbList\",\"@id\":\"https:\/\/k-time.it\/products\/one-man\/one-man-shower-gel-uomo\/#breadcrumb\",\"itemListElement\":[{\"@type\":\"ListItem\",\"position\":1,\"name\":\"Home\",\"item\":\"https:\/\/k-time.it\/pt-pt\/\"},{\"@type\":\"ListItem\",\"position\":2,\"name\":\"Shop\",\"item\":\"https:\/\/k-time.it\/en\/negozio\/\"},{\"@type\":\"ListItem\",\"position\":3,\"name\":\"One Man | Champ\u00f4 \u2013 Gel de banho\"}]},{\"@type\":\"WebSite\",\"@id\":\"https:\/\/k-time.it\/en\/#website\",\"url\":\"https:\/\/k-time.it\/en\/\",\"name\":\"K-time\",\"description\":\"Hair Spa Treatments\",\"publisher\":{\"@id\":\"https:\/\/k-time.it\/en\/#organization\"},\"potentialAction\":[{\"@type\":\"SearchAction\",\"target\":{\"@type\":\"EntryPoint\",\"urlTemplate\":\"https:\/\/k-time.it\/en\/?s={search_term_string}\"},\"query-input\":{\"@type\":\"PropertyValueSpecification\",\"valueRequired\":true,\"valueName\":\"search_term_string\"}}],\"inLanguage\":\"pt-PT\"},{\"@type\":\"Organization\",\"@id\":\"https:\/\/k-time.it\/en\/#organization\",\"name\":\"K-time\",\"url\":\"https:\/\/k-time.it\/en\/\",\"logo\":{\"@type\":\"ImageObject\",\"inLanguage\":\"pt-PT\",\"@id\":\"https:\/\/k-time.it\/en\/#\/schema\/logo\/image\/\",\"url\":\"\",\"contentUrl\":\"\",\"caption\":\"K-time\"},\"image\":{\"@id\":\"https:\/\/k-time.it\/en\/#\/schema\/logo\/image\/\"}}]}<\/script>\n<!-- \/ Yoast SEO plugin. -->","yoast_head_json":{"title":"One Man | Champ\u00f4 \u2013 Gel de banho - K-time","description":"One Man Shower Gel \u00e9 o champ\u00f4 duche com uma exclusiva f\u00f3rmula 3 em 1: energizante, condicionadora e tonificante, One Man Shower gel \u00e9 adequado a lavagens frequentes porque limpa delicadamente, regenerando e hidratando a pele e cabelos sem agredir.","robots":{"index":"index","follow":"follow","max-snippet":"max-snippet:-1","max-image-preview":"max-image-preview:large","max-video-preview":"max-video-preview:-1"},"canonical":"https:\/\/k-time.it\/products\/one-man\/one-man-shower-gel-uomo\/","og_locale":"pt_PT","og_type":"article","og_title":"One Man | Champ\u00f4 \u2013 Gel de banho - K-time","og_description":"One Man Shower Gel \u00e9 o champ\u00f4 duche com uma exclusiva f\u00f3rmula 3 em 1: energizante, condicionadora e tonificante, One Man Shower gel \u00e9 adequado a lavagens frequentes porque limpa delicadamente, regenerando e hidratando a pele e cabelos sem agredir.","og_url":"https:\/\/k-time.it\/products\/one-man\/one-man-shower-gel-uomo\/","og_site_name":"K-time","article_modified_time":"2021-06-23T17:01:54+00:00","og_image":[{"width":600,"height":600,"url":"https:\/\/k-time.it\/wp-content\/uploads\/2020\/06\/22020_k-time_one_man_shampoo_shower_gel_250ml.png","type":"image\/png"}],"twitter_card":"summary_large_image","twitter_misc":{"Tempo estimado de leitura":"1 minuto"},"schema":{"@context":"https:\/\/schema.org","@graph":[{"@type":"WebPage","@id":"https:\/\/k-time.it\/products\/one-man\/one-man-shower-gel-uomo\/","url":"https:\/\/k-time.it\/products\/one-man\/one-man-shower-gel-uomo\/","name":"One Man | Champ\u00f4 \u2013 Gel de banho - K-time","isPartOf":{"@id":"https:\/\/k-time.it\/en\/#website"},"primaryImageOfPage":{"@id":"https:\/\/k-time.it\/products\/one-man\/one-man-shower-gel-uomo\/#primaryimage"},"image":{"@id":"https:\/\/k-time.it\/products\/one-man\/one-man-shower-gel-uomo\/#primaryimage"},"thumbnailUrl":"https:\/\/k-time.it\/wp-content\/uploads\/2020\/06\/22020_k-time_one_man_shampoo_shower_gel_250ml.png","datePublished":"2020-06-25T14:46:02+00:00","dateModified":"2021-06-23T17:01:54+00:00","description":"One Man Shower Gel \u00e9 o champ\u00f4 duche com uma exclusiva f\u00f3rmula 3 em 1: energizante, condicionadora e tonificante, One Man Shower gel \u00e9 adequado a lavagens frequentes porque limpa delicadamente, regenerando e hidratando a pele e cabelos sem agredir.","breadcrumb":{"@id":"https:\/\/k-time.it\/products\/one-man\/one-man-shower-gel-uomo\/#breadcrumb"},"inLanguage":"pt-PT","potentialAction":[{"@type":"ReadAction","target":["https:\/\/k-time.it\/products\/one-man\/one-man-shower-gel-uomo\/"]}]},{"@type":"ImageObject","inLanguage":"pt-PT","@id":"https:\/\/k-time.it\/products\/one-man\/one-man-shower-gel-uomo\/#primaryimage","url":"https:\/\/k-time.it\/wp-content\/uploads\/2020\/06\/22020_k-time_one_man_shampoo_shower_gel_250ml.png","contentUrl":"https:\/\/k-time.it\/wp-content\/uploads\/2020\/06\/22020_k-time_one_man_shampoo_shower_gel_250ml.png","width":600,"height":600,"caption":"One Man | Shower Gel"},{"@type":"BreadcrumbList","@id":"https:\/\/k-time.it\/products\/one-man\/one-man-shower-gel-uomo\/#breadcrumb","itemListElement":[{"@type":"ListItem","position":1,"name":"Home","item":"https:\/\/k-time.it\/pt-pt\/"},{"@type":"ListItem","position":2,"name":"Shop","item":"https:\/\/k-time.it\/en\/negozio\/"},{"@type":"ListItem","position":3,"name":"One Man | Champ\u00f4 \u2013 Gel de banho"}]},{"@type":"WebSite","@id":"https:\/\/k-time.it\/en\/#website","url":"https:\/\/k-time.it\/en\/","name":"K-time","description":"Hair Spa Treatments","publisher":{"@id":"https:\/\/k-time.it\/en\/#organization"},"potentialAction":[{"@type":"SearchAction","target":{"@type":"EntryPoint","urlTemplate":"https:\/\/k-time.it\/en\/?s={search_term_string}"},"query-input":{"@type":"PropertyValueSpecification","valueRequired":true,"valueName":"search_term_string"}}],"inLanguage":"pt-PT"},{"@type":"Organization","@id":"https:\/\/k-time.it\/en\/#organization","name":"K-time","url":"https:\/\/k-time.it\/en\/","logo":{"@type":"ImageObject","inLanguage":"pt-PT","@id":"https:\/\/k-time.it\/en\/#\/schema\/logo\/image\/","url":"","contentUrl":"","caption":"K-time"},"image":{"@id":"https:\/\/k-time.it\/en\/#\/schema\/logo\/image\/"}}]}},"_links":{"self":[{"href":"https:\/\/k-time.it\/pt-pt\/wp-json\/wp\/v2\/product\/6809","targetHints":{"allow":["GET"]}}],"collection":[{"href":"https:\/\/k-time.it\/pt-pt\/wp-json\/wp\/v2\/product"}],"about":[{"href":"https:\/\/k-time.it\/pt-pt\/wp-json\/wp\/v2\/types\/product"}],"wp:featuredmedia":[{"embeddable":true,"href":"https:\/\/k-time.it\/pt-pt\/wp-json\/wp\/v2\/media\/18050"}],"wp:attachment":[{"href":"https:\/\/k-time.it\/pt-pt\/wp-json\/wp\/v2\/media?parent=6809"}],"wp:term":[{"taxonomy":"product_brand","embeddable":true,"href":"https:\/\/k-time.it\/pt-pt\/wp-json\/wp\/v2\/product_brand?post=6809"},{"taxonomy":"product_cat","embeddable":true,"href":"https:\/\/k-time.it\/pt-pt\/wp-json\/wp\/v2\/product_cat?post=6809"},{"taxonomy":"product_tag","embeddable":true,"href":"https:\/\/k-time.it\/pt-pt\/wp-json\/wp\/v2\/product_tag?post=6809"}],"curies":[{"name":"wp","href":"https:\/\/api.w.org\/{rel}","templated":true}]}}