{"id":6795,"date":"2020-06-25T16:46:02","date_gmt":"2020-06-25T14:46:02","guid":{"rendered":"https:\/\/k-time.it\/products\/sem%20categoria\/one-man-fluido-cabello-barba\/"},"modified":"2021-06-23T19:00:26","modified_gmt":"2021-06-23T17:00:26","slug":"fluido-cabelos-barba","status":"publish","type":"product","link":"https:\/\/k-time.it\/pt-pt\/products\/one-man\/fluido-cabelos-barba\/","title":{"rendered":"One Man | Flu\u00eddo Cabelos &amp; Barba"},"content":{"rendered":"<div class=\"wpb-content-wrapper\"><p>[vc_row disable_element=&#8221;yes&#8221;][vc_column][\/vc_column][\/vc_row][vc_row][vc_column width=&#8221;1\/2&#8243;]<div class=\"standard-arrow list-divider bullet-top\"><h2>F\u00f3rmula<\/h2>\n<div id=\"tab-altre-info\">\n<ul>\n<li><strong>Creatina<\/strong>: aumenta a resist\u00eancia capilar<\/li>\n<li><strong>Polifen\u00f3is de Menta<\/strong>: a\u00e7\u00e3o anti-age, resist\u00eancia \u00e0s agress\u00f5es externas<\/li>\n<li><strong>Vitamina E<\/strong>: a\u00e7\u00e3o antiradicalar<\/li>\n<li>Enriquecida com\u00a0agentes condicionadores<\/li>\n<\/ul>\n<\/div>\n<\/div>[\/vc_column][vc_column width=&#8221;1\/2&#8243;]<div class=\"standard-arrow list-divider bullet-top\"><h2>Benef\u00edcios<\/h2>\n<div id=\"tab-benefits\">\n<ul>\n<li>Garante uma tripla a\u00e7\u00e3o\u00a0para cabelos e barba (hidratante, disciplinante e fortificante)<\/li>\n<li>Confere um efeito de\u00a0leveza e suavidade<\/li>\n<li>Ideal para todos os tipos de cabelos<\/li>\n<li>Revitaliza e contribui para o\u00a0desembara\u00e7ar\u00a0da barba<\/li>\n<li>Nutre em profundidade<\/li>\n<li>N\u00e3o pega<\/li>\n<li>N\u00e3o deixa o cabelo oleoso<\/li>\n<li>Proporciona um\u00a0perfume agrad\u00e1vel<\/li>\n<\/ul>\n<\/div>\n<\/div>[\/vc_column][\/vc_row][vc_row css=&#8221;.vc_custom_1595317695114{padding-top: 50px !important;}&#8221;][vc_column]<div class=\"dt-fancy-separator h2-size style-thick\" style=\"width: 100%;\"><div class=\"dt-fancy-title\" style=\"color: #333333;\"><span class=\"separator-holder separator-left\" style=\"border-color: #f0f0f0;\"><\/span>Productos relacionados<span class=\"separator-holder separator-right\" style=\"border-color: #f0f0f0;\"><\/span><\/div><\/div>[vc_raw_html]W3dwYi1wcm9kdWN0LXNsaWRlci1zaG9ydGNvZGUgaWQ9IjIyNDUiXQ==[\/vc_raw_html][\/vc_column][\/vc_row]<\/p>\n<\/div>","protected":false},"excerpt":{"rendered":"<div class=\"woocommerce-product-details__short-description\">\n<p>Pr\u00e1tico, vers\u00e1til e indispens\u00e1vel, o <strong>flu\u00eddo para cabelos e barba<\/strong> One Man conjuga 3 benef\u00edcios numa s\u00f3 aplica\u00e7\u00e3o.<\/p>\n<p>3 a\u00e7\u00f5es essenciais para o cuidado quotidiano do homem moderno numa \u00fanica solu\u00e7\u00e3o<strong>\u00a0hidratante, disciplinante e fortificante<\/strong>. O flu\u00eddo All Over \u00e9 ideal para o tratamento dos cabelos e da barba, gra\u00e7as \u00e0 sua tripla qualidade.<\/p>\n<p>O flu\u00eddo One Man \u00e9 um \u00f3timo produto pr\u00e9-corte, uma vez que garante um desembara\u00e7ar com a\u00e7\u00e3o <strong>anticrescpo<\/strong>, mas tamb\u00e9m \u00e9 indicado para hidratar e disciplinar a barba, deixando-a visivelmente suave e <strong>agradavelmente perfumada<\/strong>.<\/p>\n<p>Formato 150 ml<\/p>\n<\/div>\n<p>&nbsp;<\/p>\n<p>[vc_row][vc_column][ultimate_exp_section title=\"Como comprar\" new_title=\"Solicitar informa\u00e7\u00f5es de compra\" text_color=\"#ffffff\" background_color=\"#877650\" text_hovercolor=\"#ffffff\" bghovercolor=\"#877650\" title_active=\"#ffffff\" title_active_bg=\"#877650\" cnt_bg_color=\"#ffffff\" icon=\"icomoon-the7-font-icon-cart-detailed\" new_icon=\"icomoon-the7-font-the7-mail-011\" icon_align=\"left\" icon_size=\"20\" icon_color=\"#ffffff\" icon_hover_color=\"#ffffff\" icon_active_color=\"#ffffff\" title_font_size=\"desktop:16px;\" title_padding=\"padding-top:4px;padding-right:7px;padding-bottom:4px;padding-left:4px;\" icon_margin=\"margin-right:1px;\"][contact-form-7 id=\"496\"][\/ultimate_exp_section][\/vc_column][\/vc_row]<\/p>\n","protected":false},"featured_media":18071,"template":"","meta":[],"product_brand":[],"product_cat":[1091],"product_tag":[],"class_list":{"0":"post-6795","1":"product","2":"type-product","3":"status-publish","4":"has-post-thumbnail","6":"product_cat-one-man","7":"description-off","9":"first","10":"instock","11":"shipping-taxable","12":"product-type-simple"},"yoast_head":"<!-- This site is optimized with the Yoast SEO plugin v26.8 - https:\/\/yoast.com\/product\/yoast-seo-wordpress\/ -->\n<title>One Man | Flu\u00eddo Cabelos &amp; Barba - K-time<\/title>\n<meta name=\"description\" content=\"El nuevo fluido para cabello y barba One Man combina 3 acciones esenciales para el cuidado diario del hombre moderno en una sola soluci\u00f3n hidratante, disciplinante y reforzante.\" \/>\n<meta name=\"robots\" content=\"index, follow, max-snippet:-1, max-image-preview:large, max-video-preview:-1\" \/>\n<link rel=\"canonical\" href=\"https:\/\/k-time.it\/pt-pt\/products\/one-man\/fluido-cabelos-barba\/\" \/>\n<meta property=\"og:locale\" content=\"pt_PT\" \/>\n<meta property=\"og:type\" content=\"article\" \/>\n<meta property=\"og:title\" content=\"One Man | Flu\u00eddo Cabelos &amp; Barba - K-time\" \/>\n<meta property=\"og:description\" content=\"El nuevo fluido para cabello y barba One Man combina 3 acciones esenciales para el cuidado diario del hombre moderno en una sola soluci\u00f3n hidratante, disciplinante y reforzante.\" \/>\n<meta property=\"og:url\" content=\"https:\/\/k-time.it\/pt-pt\/products\/one-man\/fluido-cabelos-barba\/\" \/>\n<meta property=\"og:site_name\" content=\"K-time\" \/>\n<meta property=\"article:modified_time\" content=\"2021-06-23T17:00:26+00:00\" \/>\n<meta property=\"og:image\" content=\"https:\/\/k-time.it\/wp-content\/uploads\/2020\/06\/22034_k-time_one_man_all_over_fluid_hair_beard_150ml.png\" \/>\n\t<meta property=\"og:image:width\" content=\"600\" \/>\n\t<meta property=\"og:image:height\" content=\"600\" \/>\n\t<meta property=\"og:image:type\" content=\"image\/png\" \/>\n<meta name=\"twitter:card\" content=\"summary_large_image\" \/>\n<meta name=\"twitter:label1\" content=\"Tempo estimado de leitura\" \/>\n\t<meta name=\"twitter:data1\" content=\"1 minuto\" \/>\n<script type=\"application\/ld+json\" class=\"yoast-schema-graph\">{\"@context\":\"https:\/\/schema.org\",\"@graph\":[{\"@type\":\"WebPage\",\"@id\":\"https:\/\/k-time.it\/pt-pt\/products\/one-man\/fluido-cabelos-barba\/\",\"url\":\"https:\/\/k-time.it\/pt-pt\/products\/one-man\/fluido-cabelos-barba\/\",\"name\":\"One Man | Flu\u00eddo Cabelos &amp; Barba - K-time\",\"isPartOf\":{\"@id\":\"https:\/\/k-time.it\/en\/#website\"},\"primaryImageOfPage\":{\"@id\":\"https:\/\/k-time.it\/pt-pt\/products\/one-man\/fluido-cabelos-barba\/#primaryimage\"},\"image\":{\"@id\":\"https:\/\/k-time.it\/pt-pt\/products\/one-man\/fluido-cabelos-barba\/#primaryimage\"},\"thumbnailUrl\":\"https:\/\/k-time.it\/wp-content\/uploads\/2020\/06\/22034_k-time_one_man_all_over_fluid_hair_beard_150ml.png\",\"datePublished\":\"2020-06-25T14:46:02+00:00\",\"dateModified\":\"2021-06-23T17:00:26+00:00\",\"description\":\"El nuevo fluido para cabello y barba One Man combina 3 acciones esenciales para el cuidado diario del hombre moderno en una sola soluci\u00f3n hidratante, disciplinante y reforzante.\",\"breadcrumb\":{\"@id\":\"https:\/\/k-time.it\/pt-pt\/products\/one-man\/fluido-cabelos-barba\/#breadcrumb\"},\"inLanguage\":\"pt-PT\",\"potentialAction\":[{\"@type\":\"ReadAction\",\"target\":[\"https:\/\/k-time.it\/pt-pt\/products\/one-man\/fluido-cabelos-barba\/\"]}]},{\"@type\":\"ImageObject\",\"inLanguage\":\"pt-PT\",\"@id\":\"https:\/\/k-time.it\/pt-pt\/products\/one-man\/fluido-cabelos-barba\/#primaryimage\",\"url\":\"https:\/\/k-time.it\/wp-content\/uploads\/2020\/06\/22034_k-time_one_man_all_over_fluid_hair_beard_150ml.png\",\"contentUrl\":\"https:\/\/k-time.it\/wp-content\/uploads\/2020\/06\/22034_k-time_one_man_all_over_fluid_hair_beard_150ml.png\",\"width\":600,\"height\":600,\"caption\":\"One Man | Fluido capelli e barba 3 in 1\"},{\"@type\":\"BreadcrumbList\",\"@id\":\"https:\/\/k-time.it\/pt-pt\/products\/one-man\/fluido-cabelos-barba\/#breadcrumb\",\"itemListElement\":[{\"@type\":\"ListItem\",\"position\":1,\"name\":\"Home\",\"item\":\"https:\/\/k-time.it\/pt-pt\/\"},{\"@type\":\"ListItem\",\"position\":2,\"name\":\"Shop\",\"item\":\"https:\/\/k-time.it\/en\/negozio\/\"},{\"@type\":\"ListItem\",\"position\":3,\"name\":\"One Man | Flu\u00eddo Cabelos &amp; Barba\"}]},{\"@type\":\"WebSite\",\"@id\":\"https:\/\/k-time.it\/en\/#website\",\"url\":\"https:\/\/k-time.it\/en\/\",\"name\":\"K-time\",\"description\":\"Hair Spa Treatments\",\"publisher\":{\"@id\":\"https:\/\/k-time.it\/en\/#organization\"},\"potentialAction\":[{\"@type\":\"SearchAction\",\"target\":{\"@type\":\"EntryPoint\",\"urlTemplate\":\"https:\/\/k-time.it\/en\/?s={search_term_string}\"},\"query-input\":{\"@type\":\"PropertyValueSpecification\",\"valueRequired\":true,\"valueName\":\"search_term_string\"}}],\"inLanguage\":\"pt-PT\"},{\"@type\":\"Organization\",\"@id\":\"https:\/\/k-time.it\/en\/#organization\",\"name\":\"K-time\",\"url\":\"https:\/\/k-time.it\/en\/\",\"logo\":{\"@type\":\"ImageObject\",\"inLanguage\":\"pt-PT\",\"@id\":\"https:\/\/k-time.it\/en\/#\/schema\/logo\/image\/\",\"url\":\"\",\"contentUrl\":\"\",\"caption\":\"K-time\"},\"image\":{\"@id\":\"https:\/\/k-time.it\/en\/#\/schema\/logo\/image\/\"}}]}<\/script>\n<!-- \/ Yoast SEO plugin. -->","yoast_head_json":{"title":"One Man | Flu\u00eddo Cabelos &amp; Barba - K-time","description":"El nuevo fluido para cabello y barba One Man combina 3 acciones esenciales para el cuidado diario del hombre moderno en una sola soluci\u00f3n hidratante, disciplinante y reforzante.","robots":{"index":"index","follow":"follow","max-snippet":"max-snippet:-1","max-image-preview":"max-image-preview:large","max-video-preview":"max-video-preview:-1"},"canonical":"https:\/\/k-time.it\/pt-pt\/products\/one-man\/fluido-cabelos-barba\/","og_locale":"pt_PT","og_type":"article","og_title":"One Man | Flu\u00eddo Cabelos &amp; Barba - K-time","og_description":"El nuevo fluido para cabello y barba One Man combina 3 acciones esenciales para el cuidado diario del hombre moderno en una sola soluci\u00f3n hidratante, disciplinante y reforzante.","og_url":"https:\/\/k-time.it\/pt-pt\/products\/one-man\/fluido-cabelos-barba\/","og_site_name":"K-time","article_modified_time":"2021-06-23T17:00:26+00:00","og_image":[{"width":600,"height":600,"url":"https:\/\/k-time.it\/wp-content\/uploads\/2020\/06\/22034_k-time_one_man_all_over_fluid_hair_beard_150ml.png","type":"image\/png"}],"twitter_card":"summary_large_image","twitter_misc":{"Tempo estimado de leitura":"1 minuto"},"schema":{"@context":"https:\/\/schema.org","@graph":[{"@type":"WebPage","@id":"https:\/\/k-time.it\/pt-pt\/products\/one-man\/fluido-cabelos-barba\/","url":"https:\/\/k-time.it\/pt-pt\/products\/one-man\/fluido-cabelos-barba\/","name":"One Man | Flu\u00eddo Cabelos &amp; Barba - K-time","isPartOf":{"@id":"https:\/\/k-time.it\/en\/#website"},"primaryImageOfPage":{"@id":"https:\/\/k-time.it\/pt-pt\/products\/one-man\/fluido-cabelos-barba\/#primaryimage"},"image":{"@id":"https:\/\/k-time.it\/pt-pt\/products\/one-man\/fluido-cabelos-barba\/#primaryimage"},"thumbnailUrl":"https:\/\/k-time.it\/wp-content\/uploads\/2020\/06\/22034_k-time_one_man_all_over_fluid_hair_beard_150ml.png","datePublished":"2020-06-25T14:46:02+00:00","dateModified":"2021-06-23T17:00:26+00:00","description":"El nuevo fluido para cabello y barba One Man combina 3 acciones esenciales para el cuidado diario del hombre moderno en una sola soluci\u00f3n hidratante, disciplinante y reforzante.","breadcrumb":{"@id":"https:\/\/k-time.it\/pt-pt\/products\/one-man\/fluido-cabelos-barba\/#breadcrumb"},"inLanguage":"pt-PT","potentialAction":[{"@type":"ReadAction","target":["https:\/\/k-time.it\/pt-pt\/products\/one-man\/fluido-cabelos-barba\/"]}]},{"@type":"ImageObject","inLanguage":"pt-PT","@id":"https:\/\/k-time.it\/pt-pt\/products\/one-man\/fluido-cabelos-barba\/#primaryimage","url":"https:\/\/k-time.it\/wp-content\/uploads\/2020\/06\/22034_k-time_one_man_all_over_fluid_hair_beard_150ml.png","contentUrl":"https:\/\/k-time.it\/wp-content\/uploads\/2020\/06\/22034_k-time_one_man_all_over_fluid_hair_beard_150ml.png","width":600,"height":600,"caption":"One Man | Fluido capelli e barba 3 in 1"},{"@type":"BreadcrumbList","@id":"https:\/\/k-time.it\/pt-pt\/products\/one-man\/fluido-cabelos-barba\/#breadcrumb","itemListElement":[{"@type":"ListItem","position":1,"name":"Home","item":"https:\/\/k-time.it\/pt-pt\/"},{"@type":"ListItem","position":2,"name":"Shop","item":"https:\/\/k-time.it\/en\/negozio\/"},{"@type":"ListItem","position":3,"name":"One Man | Flu\u00eddo Cabelos &amp; Barba"}]},{"@type":"WebSite","@id":"https:\/\/k-time.it\/en\/#website","url":"https:\/\/k-time.it\/en\/","name":"K-time","description":"Hair Spa Treatments","publisher":{"@id":"https:\/\/k-time.it\/en\/#organization"},"potentialAction":[{"@type":"SearchAction","target":{"@type":"EntryPoint","urlTemplate":"https:\/\/k-time.it\/en\/?s={search_term_string}"},"query-input":{"@type":"PropertyValueSpecification","valueRequired":true,"valueName":"search_term_string"}}],"inLanguage":"pt-PT"},{"@type":"Organization","@id":"https:\/\/k-time.it\/en\/#organization","name":"K-time","url":"https:\/\/k-time.it\/en\/","logo":{"@type":"ImageObject","inLanguage":"pt-PT","@id":"https:\/\/k-time.it\/en\/#\/schema\/logo\/image\/","url":"","contentUrl":"","caption":"K-time"},"image":{"@id":"https:\/\/k-time.it\/en\/#\/schema\/logo\/image\/"}}]}},"_links":{"self":[{"href":"https:\/\/k-time.it\/pt-pt\/wp-json\/wp\/v2\/product\/6795","targetHints":{"allow":["GET"]}}],"collection":[{"href":"https:\/\/k-time.it\/pt-pt\/wp-json\/wp\/v2\/product"}],"about":[{"href":"https:\/\/k-time.it\/pt-pt\/wp-json\/wp\/v2\/types\/product"}],"wp:featuredmedia":[{"embeddable":true,"href":"https:\/\/k-time.it\/pt-pt\/wp-json\/wp\/v2\/media\/18071"}],"wp:attachment":[{"href":"https:\/\/k-time.it\/pt-pt\/wp-json\/wp\/v2\/media?parent=6795"}],"wp:term":[{"taxonomy":"product_brand","embeddable":true,"href":"https:\/\/k-time.it\/pt-pt\/wp-json\/wp\/v2\/product_brand?post=6795"},{"taxonomy":"product_cat","embeddable":true,"href":"https:\/\/k-time.it\/pt-pt\/wp-json\/wp\/v2\/product_cat?post=6795"},{"taxonomy":"product_tag","embeddable":true,"href":"https:\/\/k-time.it\/pt-pt\/wp-json\/wp\/v2\/product_tag?post=6795"}],"curies":[{"name":"wp","href":"https:\/\/api.w.org\/{rel}","templated":true}]}}