{"id":6682,"date":"2020-06-25T16:46:03","date_gmt":"2020-06-25T14:46:03","guid":{"rendered":"https:\/\/k-time.it\/products\/sem%20categoria\/aceite-nutritivo\/"},"modified":"2021-06-22T13:23:34","modified_gmt":"2021-06-22T11:23:34","slug":"oleo-nutritivo-cabelos-normais","status":"publish","type":"product","link":"https:\/\/k-time.it\/pt-pt\/products\/treatments\/argan\/oleo-nutritivo-cabelos-normais\/","title":{"rendered":"Argan | \u00d3leo Nutritivo \u2013 Cabelos normais"},"content":{"rendered":"<div class=\"wpb-content-wrapper\"><p>[vc_row disable_element=&#8221;yes&#8221;][vc_column][\/vc_column][\/vc_row][vc_row][vc_column width=&#8221;1\/2&#8243;]<div class=\"standard-arrow list-divider bullet-top\"><h2>F\u00f3rmula<\/h2>\n<div id=\"tab-altre-info\">\n<ul>\n<li><strong>\u00d3leo de Arg\u00e3o<\/strong>: refor\u00e7a e ilumina<\/li>\n<li><strong>Pel\u00edcula protetora<\/strong>: protege e facilita o pentear<\/li>\n<li><strong>Vitamina E<\/strong>: exerce uma forte a\u00e7\u00e3o antioxidante e anti-age<\/li>\n<\/ul>\n<\/div>\n<\/div>[\/vc_column][vc_column width=&#8221;1\/2&#8243;]<div class=\"standard-arrow list-divider bullet-top\"><h2>Benef\u00edcios<\/h2>\n<div id=\"tab-benefits\">\n<ul>\n<li>Ilumina\u00a0e confere\u00a0elasticidade aos cabelos<\/li>\n<li>Protege e nutre os cabelos e a cor<\/li>\n<li>Combate a secura<\/li>\n<li>Reduz as pontas duplas<\/li>\n<\/ul>\n<\/div>\n<\/div>[\/vc_column][\/vc_row][vc_row css=&#8221;.vc_custom_1595341806516{padding-top: 50px !important;}&#8221;][vc_column]<div class=\"dt-fancy-separator h2-size style-thick\" style=\"width: 100%;\"><div class=\"dt-fancy-title\" style=\"color: #333333;\"><span class=\"separator-holder separator-left\" style=\"border-color: #f0f0f0;\"><\/span>Rotina<span class=\"separator-holder separator-right\" style=\"border-color: #f0f0f0;\"><\/span><\/div><\/div>[vc_row_inner][vc_column_inner width=&#8221;1\/2&#8243;][vc_empty_space height=&#8221;15px&#8221;]<div class=\"standard-number-list list-divider bullet-top\"><ul>\n<li>\n<h5>Champ\u00f4 Nutritivo<\/h5>\n<p>Aplicar de forma homog\u00e9nea na pele molhada. Distribuir e massajar de forma delicada. Enxaguar com \u00e1gua e repetir se necess\u00e1rio.<\/li>\n<li>\n<h5>M\u00e1scara Nutritiva<\/h5>\n<p>Distribuir de modo uniforme nos cabelos secos com a toalha. Aguardar 5\/10 minutos Otimizar o tratamento enxaguando com \u00e1gua t\u00e9pida.<\/li>\n<li>\n<h5>\u00d3leo Nutritivo<strong><br \/>\n<\/strong><\/h5>\n<p>Distribuir delicadamente poucas gotas entre as madeixas. Pode ser usado antes do champ\u00f4 para suavizar os cabelos e facilitar a limpeza, ou depois do champ\u00f4 para facilitar a secagem, fortificar e proteger os cabelos da a\u00e7\u00e3o do calor, ou ainda ap\u00f3s a secagem para iluminar e nutrir os cabelos.<\/li>\n<\/ul>\n<\/div>[\/vc_column_inner][vc_column_inner width=&#8221;1\/2&#8243;][vc_empty_space height=&#8221;15px&#8221;][vc_column_text]O exclusivo tratamento Argan com \u00d3leo de Arg\u00e3o e Manteiga de Karit\u00e9 ilumina, hidrata, nutre e reaviva os cabelos.[\/vc_column_text][vc_video link=&#8221;https:\/\/youtu.be\/nLwrALu6tY8&#8243; align=&#8221;center&#8221;][\/vc_column_inner][\/vc_row_inner][\/vc_column][\/vc_row][vc_row css=&#8221;.vc_custom_1595341818903{padding-top: 50px !important;}&#8221;][vc_column]<div class=\"dt-fancy-separator h2-size style-thick\" style=\"width: 100%;\"><div class=\"dt-fancy-title\" style=\"color: #333333;\"><span class=\"separator-holder separator-left\" style=\"border-color: #f0f0f0;\"><\/span>Productos relacionados<span class=\"separator-holder separator-right\" style=\"border-color: #f0f0f0;\"><\/span><\/div><\/div>[vc_raw_html]W3dwYi1wcm9kdWN0LXNsaWRlci1zaG9ydGNvZGUgaWQ9Ijc3NiJd[\/vc_raw_html][\/vc_column][\/vc_row]<\/p>\n<\/div>","protected":false},"excerpt":{"rendered":"<p>Deixe-se seduzir pela beleza do ouro com o<strong>\u00a0[glossary_exclude]\u00d3leo Nutritivo[\/glossary_exclude],<\/strong>\u00a0ideal para todos os tipos de cabelos.<\/p>\n<p>Aproveitando a sua composi\u00e7\u00e3o rica em\u00a0<strong>elementos tonificantes<\/strong>\u00a0como a[glossary_exclude]\u00a0<strong>Vitamina E<\/strong>[\/glossary_exclude]\u00a0e as suas propriedades\u00a0antioxidantes e anti-age, o\u00a0<strong>[glossary_exclude]\u00d3leo de Arg\u00e3o[\/glossary_exclude]<\/strong>\u00a0garante um brilho e suavidade imediatos, sem deixar res\u00edduos, sem pesar, reparando simultaneamente os cabelos e protegendo a cor.<\/p>\n<p>Bastam poucas gotas deste extraordin\u00e1rio elixir para redescobrires\u00a0<strong>cabelos s\u00e3os e brilhantes<\/strong>, obter cabelos com umaspeto liso e sedoso\u00a0que libertam uma nova e surpreendente luminosidade sem deixar res\u00edduos.<\/p>\n<p>Formato 100 ml<\/p>\n<p>&nbsp;<\/p>\n<p class=\"p1\"><span class=\"s1\">[vc_row][vc_column][ultimate_exp_section title=\" Como comprar\" new_title=\"Solicitar informa\u00e7\u00f5es de compra\" text_color=\"#ffffff\" background_color=\"#877650\" text_hovercolor=\"#ffffff\" bghovercolor=\"#877650\" title_active=\"#ffffff\" title_active_bg=\"#877650\" cnt_bg_color=\"#ffffff\" icon=\"icomoon-the7-font-icon-cart-detailed\" new_icon=\"icomoon-the7-font-the7-mail-011\" icon_align=\"left\" icon_size=\"20\" icon_color=\"#ffffff\" icon_hover_color=\"#ffffff\" icon_active_color=\"#ffffff\" title_font_size=\"desktop:16px;\" title_padding=\"padding-top:4px;padding-right:7px;padding-bottom:4px;padding-left:4px;\" icon_margin=\"margin-right:1px;\"][contact-form-7 id=\"496\"][\/ultimate_exp_section][\/vc_column][\/vc_row]<\/span><\/p>\n","protected":false},"featured_media":25659,"template":"","meta":[],"product_brand":[],"product_cat":[491,1063],"product_tag":[],"class_list":{"0":"post-6682","1":"product","2":"type-product","3":"status-publish","4":"has-post-thumbnail","6":"product_cat-treatments","7":"product_cat-argan","8":"description-off","10":"first","11":"instock","12":"shipping-taxable","13":"product-type-simple"},"yoast_head":"<!-- This site is optimized with the Yoast SEO plugin v26.8 - https:\/\/yoast.com\/product\/yoast-seo-wordpress\/ -->\n<title>Argan | \u00d3leo Nutritivo \u2013 Cabelos normais - K-time<\/title>\n<meta name=\"description\" content=\"D\u00e9jate seducir por la belleza del oro con el aceite nutritivo, ideal para todo tipo de cabello.\" \/>\n<meta name=\"robots\" content=\"index, follow, max-snippet:-1, max-image-preview:large, max-video-preview:-1\" \/>\n<link rel=\"canonical\" href=\"https:\/\/k-time.it\/products\/treatments\/argan\/olio-di-argan-nutriente-per-capelli\/\" \/>\n<meta property=\"og:locale\" content=\"pt_PT\" \/>\n<meta property=\"og:type\" content=\"article\" \/>\n<meta property=\"og:title\" content=\"Argan | \u00d3leo Nutritivo \u2013 Cabelos normais - K-time\" \/>\n<meta property=\"og:description\" content=\"D\u00e9jate seducir por la belleza del oro con el aceite nutritivo, ideal para todo tipo de cabello.\" \/>\n<meta property=\"og:url\" content=\"https:\/\/k-time.it\/products\/treatments\/argan\/olio-di-argan-nutriente-per-capelli\/\" \/>\n<meta property=\"og:site_name\" content=\"K-time\" \/>\n<meta property=\"article:modified_time\" content=\"2021-06-22T11:23:34+00:00\" \/>\n<meta property=\"og:image\" content=\"https:\/\/k-time.it\/wp-content\/uploads\/2020\/06\/22010_k-time_argan_time_nourishing_oil_100ml-1.png\" \/>\n\t<meta property=\"og:image:width\" content=\"800\" \/>\n\t<meta property=\"og:image:height\" content=\"800\" \/>\n\t<meta property=\"og:image:type\" content=\"image\/png\" \/>\n<meta name=\"twitter:card\" content=\"summary_large_image\" \/>\n<meta name=\"twitter:label1\" content=\"Tempo estimado de leitura\" \/>\n\t<meta name=\"twitter:data1\" content=\"1 minuto\" \/>\n<script type=\"application\/ld+json\" class=\"yoast-schema-graph\">{\"@context\":\"https:\/\/schema.org\",\"@graph\":[{\"@type\":\"WebPage\",\"@id\":\"https:\/\/k-time.it\/products\/treatments\/argan\/olio-di-argan-nutriente-per-capelli\/\",\"url\":\"https:\/\/k-time.it\/products\/treatments\/argan\/olio-di-argan-nutriente-per-capelli\/\",\"name\":\"Argan | \u00d3leo Nutritivo \u2013 Cabelos normais - K-time\",\"isPartOf\":{\"@id\":\"https:\/\/k-time.it\/en\/#website\"},\"primaryImageOfPage\":{\"@id\":\"https:\/\/k-time.it\/products\/treatments\/argan\/olio-di-argan-nutriente-per-capelli\/#primaryimage\"},\"image\":{\"@id\":\"https:\/\/k-time.it\/products\/treatments\/argan\/olio-di-argan-nutriente-per-capelli\/#primaryimage\"},\"thumbnailUrl\":\"https:\/\/k-time.it\/wp-content\/uploads\/2020\/06\/22010_k-time_argan_time_nourishing_oil_100ml-1.png\",\"datePublished\":\"2020-06-25T14:46:03+00:00\",\"dateModified\":\"2021-06-22T11:23:34+00:00\",\"description\":\"D\u00e9jate seducir por la belleza del oro con el aceite nutritivo, ideal para todo tipo de cabello.\",\"breadcrumb\":{\"@id\":\"https:\/\/k-time.it\/products\/treatments\/argan\/olio-di-argan-nutriente-per-capelli\/#breadcrumb\"},\"inLanguage\":\"pt-PT\",\"potentialAction\":[{\"@type\":\"ReadAction\",\"target\":[\"https:\/\/k-time.it\/products\/treatments\/argan\/olio-di-argan-nutriente-per-capelli\/\"]}]},{\"@type\":\"ImageObject\",\"inLanguage\":\"pt-PT\",\"@id\":\"https:\/\/k-time.it\/products\/treatments\/argan\/olio-di-argan-nutriente-per-capelli\/#primaryimage\",\"url\":\"https:\/\/k-time.it\/wp-content\/uploads\/2020\/06\/22010_k-time_argan_time_nourishing_oil_100ml-1.png\",\"contentUrl\":\"https:\/\/k-time.it\/wp-content\/uploads\/2020\/06\/22010_k-time_argan_time_nourishing_oil_100ml-1.png\",\"width\":800,\"height\":800},{\"@type\":\"BreadcrumbList\",\"@id\":\"https:\/\/k-time.it\/products\/treatments\/argan\/olio-di-argan-nutriente-per-capelli\/#breadcrumb\",\"itemListElement\":[{\"@type\":\"ListItem\",\"position\":1,\"name\":\"Home\",\"item\":\"https:\/\/k-time.it\/pt-pt\/\"},{\"@type\":\"ListItem\",\"position\":2,\"name\":\"Shop\",\"item\":\"https:\/\/k-time.it\/en\/negozio\/\"},{\"@type\":\"ListItem\",\"position\":3,\"name\":\"Argan | \u00d3leo Nutritivo \u2013 Cabelos normais\"}]},{\"@type\":\"WebSite\",\"@id\":\"https:\/\/k-time.it\/en\/#website\",\"url\":\"https:\/\/k-time.it\/en\/\",\"name\":\"K-time\",\"description\":\"Hair Spa Treatments\",\"publisher\":{\"@id\":\"https:\/\/k-time.it\/en\/#organization\"},\"potentialAction\":[{\"@type\":\"SearchAction\",\"target\":{\"@type\":\"EntryPoint\",\"urlTemplate\":\"https:\/\/k-time.it\/en\/?s={search_term_string}\"},\"query-input\":{\"@type\":\"PropertyValueSpecification\",\"valueRequired\":true,\"valueName\":\"search_term_string\"}}],\"inLanguage\":\"pt-PT\"},{\"@type\":\"Organization\",\"@id\":\"https:\/\/k-time.it\/en\/#organization\",\"name\":\"K-time\",\"url\":\"https:\/\/k-time.it\/en\/\",\"logo\":{\"@type\":\"ImageObject\",\"inLanguage\":\"pt-PT\",\"@id\":\"https:\/\/k-time.it\/en\/#\/schema\/logo\/image\/\",\"url\":\"\",\"contentUrl\":\"\",\"caption\":\"K-time\"},\"image\":{\"@id\":\"https:\/\/k-time.it\/en\/#\/schema\/logo\/image\/\"}}]}<\/script>\n<!-- \/ Yoast SEO plugin. -->","yoast_head_json":{"title":"Argan | \u00d3leo Nutritivo \u2013 Cabelos normais - K-time","description":"D\u00e9jate seducir por la belleza del oro con el aceite nutritivo, ideal para todo tipo de cabello.","robots":{"index":"index","follow":"follow","max-snippet":"max-snippet:-1","max-image-preview":"max-image-preview:large","max-video-preview":"max-video-preview:-1"},"canonical":"https:\/\/k-time.it\/products\/treatments\/argan\/olio-di-argan-nutriente-per-capelli\/","og_locale":"pt_PT","og_type":"article","og_title":"Argan | \u00d3leo Nutritivo \u2013 Cabelos normais - K-time","og_description":"D\u00e9jate seducir por la belleza del oro con el aceite nutritivo, ideal para todo tipo de cabello.","og_url":"https:\/\/k-time.it\/products\/treatments\/argan\/olio-di-argan-nutriente-per-capelli\/","og_site_name":"K-time","article_modified_time":"2021-06-22T11:23:34+00:00","og_image":[{"width":800,"height":800,"url":"https:\/\/k-time.it\/wp-content\/uploads\/2020\/06\/22010_k-time_argan_time_nourishing_oil_100ml-1.png","type":"image\/png"}],"twitter_card":"summary_large_image","twitter_misc":{"Tempo estimado de leitura":"1 minuto"},"schema":{"@context":"https:\/\/schema.org","@graph":[{"@type":"WebPage","@id":"https:\/\/k-time.it\/products\/treatments\/argan\/olio-di-argan-nutriente-per-capelli\/","url":"https:\/\/k-time.it\/products\/treatments\/argan\/olio-di-argan-nutriente-per-capelli\/","name":"Argan | \u00d3leo Nutritivo \u2013 Cabelos normais - K-time","isPartOf":{"@id":"https:\/\/k-time.it\/en\/#website"},"primaryImageOfPage":{"@id":"https:\/\/k-time.it\/products\/treatments\/argan\/olio-di-argan-nutriente-per-capelli\/#primaryimage"},"image":{"@id":"https:\/\/k-time.it\/products\/treatments\/argan\/olio-di-argan-nutriente-per-capelli\/#primaryimage"},"thumbnailUrl":"https:\/\/k-time.it\/wp-content\/uploads\/2020\/06\/22010_k-time_argan_time_nourishing_oil_100ml-1.png","datePublished":"2020-06-25T14:46:03+00:00","dateModified":"2021-06-22T11:23:34+00:00","description":"D\u00e9jate seducir por la belleza del oro con el aceite nutritivo, ideal para todo tipo de cabello.","breadcrumb":{"@id":"https:\/\/k-time.it\/products\/treatments\/argan\/olio-di-argan-nutriente-per-capelli\/#breadcrumb"},"inLanguage":"pt-PT","potentialAction":[{"@type":"ReadAction","target":["https:\/\/k-time.it\/products\/treatments\/argan\/olio-di-argan-nutriente-per-capelli\/"]}]},{"@type":"ImageObject","inLanguage":"pt-PT","@id":"https:\/\/k-time.it\/products\/treatments\/argan\/olio-di-argan-nutriente-per-capelli\/#primaryimage","url":"https:\/\/k-time.it\/wp-content\/uploads\/2020\/06\/22010_k-time_argan_time_nourishing_oil_100ml-1.png","contentUrl":"https:\/\/k-time.it\/wp-content\/uploads\/2020\/06\/22010_k-time_argan_time_nourishing_oil_100ml-1.png","width":800,"height":800},{"@type":"BreadcrumbList","@id":"https:\/\/k-time.it\/products\/treatments\/argan\/olio-di-argan-nutriente-per-capelli\/#breadcrumb","itemListElement":[{"@type":"ListItem","position":1,"name":"Home","item":"https:\/\/k-time.it\/pt-pt\/"},{"@type":"ListItem","position":2,"name":"Shop","item":"https:\/\/k-time.it\/en\/negozio\/"},{"@type":"ListItem","position":3,"name":"Argan | \u00d3leo Nutritivo \u2013 Cabelos normais"}]},{"@type":"WebSite","@id":"https:\/\/k-time.it\/en\/#website","url":"https:\/\/k-time.it\/en\/","name":"K-time","description":"Hair Spa Treatments","publisher":{"@id":"https:\/\/k-time.it\/en\/#organization"},"potentialAction":[{"@type":"SearchAction","target":{"@type":"EntryPoint","urlTemplate":"https:\/\/k-time.it\/en\/?s={search_term_string}"},"query-input":{"@type":"PropertyValueSpecification","valueRequired":true,"valueName":"search_term_string"}}],"inLanguage":"pt-PT"},{"@type":"Organization","@id":"https:\/\/k-time.it\/en\/#organization","name":"K-time","url":"https:\/\/k-time.it\/en\/","logo":{"@type":"ImageObject","inLanguage":"pt-PT","@id":"https:\/\/k-time.it\/en\/#\/schema\/logo\/image\/","url":"","contentUrl":"","caption":"K-time"},"image":{"@id":"https:\/\/k-time.it\/en\/#\/schema\/logo\/image\/"}}]}},"_links":{"self":[{"href":"https:\/\/k-time.it\/pt-pt\/wp-json\/wp\/v2\/product\/6682","targetHints":{"allow":["GET"]}}],"collection":[{"href":"https:\/\/k-time.it\/pt-pt\/wp-json\/wp\/v2\/product"}],"about":[{"href":"https:\/\/k-time.it\/pt-pt\/wp-json\/wp\/v2\/types\/product"}],"wp:featuredmedia":[{"embeddable":true,"href":"https:\/\/k-time.it\/pt-pt\/wp-json\/wp\/v2\/media\/25659"}],"wp:attachment":[{"href":"https:\/\/k-time.it\/pt-pt\/wp-json\/wp\/v2\/media?parent=6682"}],"wp:term":[{"taxonomy":"product_brand","embeddable":true,"href":"https:\/\/k-time.it\/pt-pt\/wp-json\/wp\/v2\/product_brand?post=6682"},{"taxonomy":"product_cat","embeddable":true,"href":"https:\/\/k-time.it\/pt-pt\/wp-json\/wp\/v2\/product_cat?post=6682"},{"taxonomy":"product_tag","embeddable":true,"href":"https:\/\/k-time.it\/pt-pt\/wp-json\/wp\/v2\/product_tag?post=6682"}],"curies":[{"name":"wp","href":"https:\/\/api.w.org\/{rel}","templated":true}]}}