{"id":6617,"date":"2020-06-25T16:46:21","date_gmt":"2020-06-25T14:46:21","guid":{"rendered":"https:\/\/k-time.it\/products\/sem%20categoria\/argan-delight-leche-alta-ligereza\/"},"modified":"2021-06-22T13:23:43","modified_gmt":"2021-06-22T11:23:43","slug":"argan-delight-leite-elevada-leveza-cabelos-finos","status":"publish","type":"product","link":"https:\/\/k-time.it\/pt-pt\/products\/treatments\/argan\/argan-delight-leite-elevada-leveza-cabelos-finos\/","title":{"rendered":"Argan | Delight \u2013 Leite Elevada Leveza \u2013 Cabelos finos"},"content":{"rendered":"<div class=\"wpb-content-wrapper\"><p>[vc_row disable_element=&#8221;yes&#8221;][vc_column][\/vc_column][\/vc_row][vc_row][vc_column width=&#8221;1\/2&#8243;]<div class=\"standard-arrow list-divider bullet-top\"><h2>F\u00f3rmula<\/h2>\n<ul>\n<li><strong>\u00d3leo de Arg\u00e3o<\/strong>: combate os cabelos secos e ba\u00e7os, gra\u00e7as \u00e0s excecionais propriedades emolientes e hidratantes<\/li>\n<\/ul>\n<\/div>[\/vc_column][vc_column width=&#8221;1\/2&#8243;]<div class=\"standard-arrow list-divider bullet-top\"><h2>Benef\u00edcios<\/h2>\n<div id=\"tab-benefits\">\n<ul>\n<li>Confere suavidade aos cabelos<\/li>\n<li>Hidrata e nutre em profundidade<\/li>\n<li>Ilumina\u00a0os cabelos<\/li>\n<li>Rico em princ\u00edpios ativos<\/li>\n<li>Confere\u00a0brilho e suavidade aos cabelos ba\u00e7os e sem vida<\/li>\n<\/ul>\n<\/div>\n<\/div>[\/vc_column][\/vc_row][vc_row css=&#8221;.vc_custom_1595317695114{padding-top: 50px !important;}&#8221;][vc_column]<div class=\"dt-fancy-separator h2-size style-thick\" style=\"width: 100%;\"><div class=\"dt-fancy-title\" style=\"color: #333333;\"><span class=\"separator-holder separator-left\" style=\"border-color: #f0f0f0;\"><\/span>Productos relacionados<span class=\"separator-holder separator-right\" style=\"border-color: #f0f0f0;\"><\/span><\/div><\/div>[vc_raw_html]W3dwYi1wcm9kdWN0LXNsaWRlci1zaG9ydGNvZGUgaWQ9Ijc3NyJd[\/vc_raw_html][\/vc_column][\/vc_row]<\/p>\n<\/div>","protected":false},"excerpt":{"rendered":"<p>O\u00a0<strong>Leite Delight Elevada Leveza Argan<\/strong>\u00a0\u00e9 a nova emuls\u00e3o com\u00a0[glossary_exclude]<strong>\u00d3leo de Arg\u00e3o<\/strong>\u00a0[\/glossary_exclude]nutritiva, que atua nas partes mais sensibilizadas conferindo<strong>\u00a0luminosidade e suavidade<\/strong>, sem pesar.<\/p>\n<p>Uma leveza in\u00e9dita para o cabelo e as incr\u00edveis qualidades revitalizantes do elixir de beleza marroquino libertam\u00a0<strong>propriedades cosm\u00e9ticas<\/strong>\u00a0que\u00a0regeneram\u00a0a fibra capilar em profundidade.<\/p>\n<p>Uso profissional<\/p>\n<p>Formato 200 ml<\/p>\n<p>&nbsp;<\/p>\n<p class=\"p1\"><span class=\"s1\">[vc_row][vc_column][ultimate_exp_section title=\" Como comprar\" new_title=\"Solicitar informa\u00e7\u00f5es de compra\" text_color=\"#ffffff\" background_color=\"#877650\" text_hovercolor=\"#ffffff\" bghovercolor=\"#877650\" title_active=\"#ffffff\" title_active_bg=\"#877650\" cnt_bg_color=\"#ffffff\" icon=\"icomoon-the7-font-icon-cart-detailed\" new_icon=\"icomoon-the7-font-the7-mail-011\" icon_align=\"left\" icon_size=\"20\" icon_color=\"#ffffff\" icon_hover_color=\"#ffffff\" icon_active_color=\"#ffffff\" title_font_size=\"desktop:16px;\" title_padding=\"padding-top:4px;padding-right:7px;padding-bottom:4px;padding-left:4px;\" icon_margin=\"margin-right:1px;\"][contact-form-7 id=\"496\"][\/ultimate_exp_section][\/vc_column][\/vc_row]<\/span><\/p>\n","protected":false},"featured_media":19094,"template":"","meta":[],"product_brand":[],"product_cat":[491,1063],"product_tag":[],"class_list":{"0":"post-6617","1":"product","2":"type-product","3":"status-publish","4":"has-post-thumbnail","6":"product_cat-treatments","7":"product_cat-argan","8":"description-off","10":"first","11":"instock","12":"shipping-taxable","13":"product-type-simple"},"yoast_head":"<!-- This site is optimized with the Yoast SEO plugin v26.8 - https:\/\/yoast.com\/product\/yoast-seo-wordpress\/ -->\n<title>Argan | Delight \u2013 Leite Elevada Leveza \u2013 Cabelos finos - K-time<\/title>\n<meta name=\"description\" content=\"O Leite Delight Elevada Leveza Argan \u00e9 a nova emuls\u00e3o com \u00d3leo de Arg\u00e3o nutritiva, que atua nas partes mais sensibilizadas conferindo luminosidade e suavidade, sem pesar.\" \/>\n<meta name=\"robots\" content=\"index, follow, max-snippet:-1, max-image-preview:large, max-video-preview:-1\" \/>\n<link rel=\"canonical\" href=\"https:\/\/k-time.it\/pt-pt\/products\/treatments\/argan\/argan-delight-leite-elevada-leveza-cabelos-finos\/\" \/>\n<meta property=\"og:locale\" content=\"pt_PT\" \/>\n<meta property=\"og:type\" content=\"article\" \/>\n<meta property=\"og:title\" content=\"Argan | Delight \u2013 Leite Elevada Leveza \u2013 Cabelos finos - K-time\" \/>\n<meta property=\"og:description\" content=\"O Leite Delight Elevada Leveza Argan \u00e9 a nova emuls\u00e3o com \u00d3leo de Arg\u00e3o nutritiva, que atua nas partes mais sensibilizadas conferindo luminosidade e suavidade, sem pesar.\" \/>\n<meta property=\"og:url\" content=\"https:\/\/k-time.it\/pt-pt\/products\/treatments\/argan\/argan-delight-leite-elevada-leveza-cabelos-finos\/\" \/>\n<meta property=\"og:site_name\" content=\"K-time\" \/>\n<meta property=\"article:modified_time\" content=\"2021-06-22T11:23:43+00:00\" \/>\n<meta property=\"og:image\" content=\"https:\/\/k-time.it\/wp-content\/uploads\/2021\/09\/22055_k-time_argan_time_de_light_delicate_milk_high_lightness_200ml.png\" \/>\n\t<meta property=\"og:image:width\" content=\"600\" \/>\n\t<meta property=\"og:image:height\" content=\"600\" \/>\n\t<meta property=\"og:image:type\" content=\"image\/png\" \/>\n<meta name=\"twitter:card\" content=\"summary_large_image\" \/>\n<meta name=\"twitter:label1\" content=\"Tempo estimado de leitura\" \/>\n\t<meta name=\"twitter:data1\" content=\"1 minuto\" \/>\n<script type=\"application\/ld+json\" class=\"yoast-schema-graph\">{\"@context\":\"https:\/\/schema.org\",\"@graph\":[{\"@type\":\"WebPage\",\"@id\":\"https:\/\/k-time.it\/pt-pt\/products\/treatments\/argan\/argan-delight-leite-elevada-leveza-cabelos-finos\/\",\"url\":\"https:\/\/k-time.it\/pt-pt\/products\/treatments\/argan\/argan-delight-leite-elevada-leveza-cabelos-finos\/\",\"name\":\"Argan | Delight \u2013 Leite Elevada Leveza \u2013 Cabelos finos - K-time\",\"isPartOf\":{\"@id\":\"https:\/\/k-time.it\/en\/#website\"},\"primaryImageOfPage\":{\"@id\":\"https:\/\/k-time.it\/pt-pt\/products\/treatments\/argan\/argan-delight-leite-elevada-leveza-cabelos-finos\/#primaryimage\"},\"image\":{\"@id\":\"https:\/\/k-time.it\/pt-pt\/products\/treatments\/argan\/argan-delight-leite-elevada-leveza-cabelos-finos\/#primaryimage\"},\"thumbnailUrl\":\"https:\/\/k-time.it\/wp-content\/uploads\/2021\/09\/22055_k-time_argan_time_de_light_delicate_milk_high_lightness_200ml.png\",\"datePublished\":\"2020-06-25T14:46:21+00:00\",\"dateModified\":\"2021-06-22T11:23:43+00:00\",\"description\":\"O Leite Delight Elevada Leveza Argan \u00e9 a nova emuls\u00e3o com \u00d3leo de Arg\u00e3o nutritiva, que atua nas partes mais sensibilizadas conferindo luminosidade e suavidade, sem pesar.\",\"breadcrumb\":{\"@id\":\"https:\/\/k-time.it\/pt-pt\/products\/treatments\/argan\/argan-delight-leite-elevada-leveza-cabelos-finos\/#breadcrumb\"},\"inLanguage\":\"pt-PT\",\"potentialAction\":[{\"@type\":\"ReadAction\",\"target\":[\"https:\/\/k-time.it\/pt-pt\/products\/treatments\/argan\/argan-delight-leite-elevada-leveza-cabelos-finos\/\"]}]},{\"@type\":\"ImageObject\",\"inLanguage\":\"pt-PT\",\"@id\":\"https:\/\/k-time.it\/pt-pt\/products\/treatments\/argan\/argan-delight-leite-elevada-leveza-cabelos-finos\/#primaryimage\",\"url\":\"https:\/\/k-time.it\/wp-content\/uploads\/2021\/09\/22055_k-time_argan_time_de_light_delicate_milk_high_lightness_200ml.png\",\"contentUrl\":\"https:\/\/k-time.it\/wp-content\/uploads\/2021\/09\/22055_k-time_argan_time_de_light_delicate_milk_high_lightness_200ml.png\",\"width\":600,\"height\":600,\"caption\":\"Argan | Latte Delight Alta Leggerezza - Capelli sottili\"},{\"@type\":\"BreadcrumbList\",\"@id\":\"https:\/\/k-time.it\/pt-pt\/products\/treatments\/argan\/argan-delight-leite-elevada-leveza-cabelos-finos\/#breadcrumb\",\"itemListElement\":[{\"@type\":\"ListItem\",\"position\":1,\"name\":\"Home\",\"item\":\"https:\/\/k-time.it\/pt-pt\/\"},{\"@type\":\"ListItem\",\"position\":2,\"name\":\"Shop\",\"item\":\"https:\/\/k-time.it\/en\/negozio\/\"},{\"@type\":\"ListItem\",\"position\":3,\"name\":\"Argan | Delight \u2013 Leite Elevada Leveza \u2013 Cabelos finos\"}]},{\"@type\":\"WebSite\",\"@id\":\"https:\/\/k-time.it\/en\/#website\",\"url\":\"https:\/\/k-time.it\/en\/\",\"name\":\"K-time\",\"description\":\"Hair Spa Treatments\",\"publisher\":{\"@id\":\"https:\/\/k-time.it\/en\/#organization\"},\"potentialAction\":[{\"@type\":\"SearchAction\",\"target\":{\"@type\":\"EntryPoint\",\"urlTemplate\":\"https:\/\/k-time.it\/en\/?s={search_term_string}\"},\"query-input\":{\"@type\":\"PropertyValueSpecification\",\"valueRequired\":true,\"valueName\":\"search_term_string\"}}],\"inLanguage\":\"pt-PT\"},{\"@type\":\"Organization\",\"@id\":\"https:\/\/k-time.it\/en\/#organization\",\"name\":\"K-time\",\"url\":\"https:\/\/k-time.it\/en\/\",\"logo\":{\"@type\":\"ImageObject\",\"inLanguage\":\"pt-PT\",\"@id\":\"https:\/\/k-time.it\/en\/#\/schema\/logo\/image\/\",\"url\":\"\",\"contentUrl\":\"\",\"caption\":\"K-time\"},\"image\":{\"@id\":\"https:\/\/k-time.it\/en\/#\/schema\/logo\/image\/\"}}]}<\/script>\n<!-- \/ Yoast SEO plugin. -->","yoast_head_json":{"title":"Argan | Delight \u2013 Leite Elevada Leveza \u2013 Cabelos finos - K-time","description":"O Leite Delight Elevada Leveza Argan \u00e9 a nova emuls\u00e3o com \u00d3leo de Arg\u00e3o nutritiva, que atua nas partes mais sensibilizadas conferindo luminosidade e suavidade, sem pesar.","robots":{"index":"index","follow":"follow","max-snippet":"max-snippet:-1","max-image-preview":"max-image-preview:large","max-video-preview":"max-video-preview:-1"},"canonical":"https:\/\/k-time.it\/pt-pt\/products\/treatments\/argan\/argan-delight-leite-elevada-leveza-cabelos-finos\/","og_locale":"pt_PT","og_type":"article","og_title":"Argan | Delight \u2013 Leite Elevada Leveza \u2013 Cabelos finos - K-time","og_description":"O Leite Delight Elevada Leveza Argan \u00e9 a nova emuls\u00e3o com \u00d3leo de Arg\u00e3o nutritiva, que atua nas partes mais sensibilizadas conferindo luminosidade e suavidade, sem pesar.","og_url":"https:\/\/k-time.it\/pt-pt\/products\/treatments\/argan\/argan-delight-leite-elevada-leveza-cabelos-finos\/","og_site_name":"K-time","article_modified_time":"2021-06-22T11:23:43+00:00","og_image":[{"width":600,"height":600,"url":"https:\/\/k-time.it\/wp-content\/uploads\/2021\/09\/22055_k-time_argan_time_de_light_delicate_milk_high_lightness_200ml.png","type":"image\/png"}],"twitter_card":"summary_large_image","twitter_misc":{"Tempo estimado de leitura":"1 minuto"},"schema":{"@context":"https:\/\/schema.org","@graph":[{"@type":"WebPage","@id":"https:\/\/k-time.it\/pt-pt\/products\/treatments\/argan\/argan-delight-leite-elevada-leveza-cabelos-finos\/","url":"https:\/\/k-time.it\/pt-pt\/products\/treatments\/argan\/argan-delight-leite-elevada-leveza-cabelos-finos\/","name":"Argan | Delight \u2013 Leite Elevada Leveza \u2013 Cabelos finos - K-time","isPartOf":{"@id":"https:\/\/k-time.it\/en\/#website"},"primaryImageOfPage":{"@id":"https:\/\/k-time.it\/pt-pt\/products\/treatments\/argan\/argan-delight-leite-elevada-leveza-cabelos-finos\/#primaryimage"},"image":{"@id":"https:\/\/k-time.it\/pt-pt\/products\/treatments\/argan\/argan-delight-leite-elevada-leveza-cabelos-finos\/#primaryimage"},"thumbnailUrl":"https:\/\/k-time.it\/wp-content\/uploads\/2021\/09\/22055_k-time_argan_time_de_light_delicate_milk_high_lightness_200ml.png","datePublished":"2020-06-25T14:46:21+00:00","dateModified":"2021-06-22T11:23:43+00:00","description":"O Leite Delight Elevada Leveza Argan \u00e9 a nova emuls\u00e3o com \u00d3leo de Arg\u00e3o nutritiva, que atua nas partes mais sensibilizadas conferindo luminosidade e suavidade, sem pesar.","breadcrumb":{"@id":"https:\/\/k-time.it\/pt-pt\/products\/treatments\/argan\/argan-delight-leite-elevada-leveza-cabelos-finos\/#breadcrumb"},"inLanguage":"pt-PT","potentialAction":[{"@type":"ReadAction","target":["https:\/\/k-time.it\/pt-pt\/products\/treatments\/argan\/argan-delight-leite-elevada-leveza-cabelos-finos\/"]}]},{"@type":"ImageObject","inLanguage":"pt-PT","@id":"https:\/\/k-time.it\/pt-pt\/products\/treatments\/argan\/argan-delight-leite-elevada-leveza-cabelos-finos\/#primaryimage","url":"https:\/\/k-time.it\/wp-content\/uploads\/2021\/09\/22055_k-time_argan_time_de_light_delicate_milk_high_lightness_200ml.png","contentUrl":"https:\/\/k-time.it\/wp-content\/uploads\/2021\/09\/22055_k-time_argan_time_de_light_delicate_milk_high_lightness_200ml.png","width":600,"height":600,"caption":"Argan | Latte Delight Alta Leggerezza - Capelli sottili"},{"@type":"BreadcrumbList","@id":"https:\/\/k-time.it\/pt-pt\/products\/treatments\/argan\/argan-delight-leite-elevada-leveza-cabelos-finos\/#breadcrumb","itemListElement":[{"@type":"ListItem","position":1,"name":"Home","item":"https:\/\/k-time.it\/pt-pt\/"},{"@type":"ListItem","position":2,"name":"Shop","item":"https:\/\/k-time.it\/en\/negozio\/"},{"@type":"ListItem","position":3,"name":"Argan | Delight \u2013 Leite Elevada Leveza \u2013 Cabelos finos"}]},{"@type":"WebSite","@id":"https:\/\/k-time.it\/en\/#website","url":"https:\/\/k-time.it\/en\/","name":"K-time","description":"Hair Spa Treatments","publisher":{"@id":"https:\/\/k-time.it\/en\/#organization"},"potentialAction":[{"@type":"SearchAction","target":{"@type":"EntryPoint","urlTemplate":"https:\/\/k-time.it\/en\/?s={search_term_string}"},"query-input":{"@type":"PropertyValueSpecification","valueRequired":true,"valueName":"search_term_string"}}],"inLanguage":"pt-PT"},{"@type":"Organization","@id":"https:\/\/k-time.it\/en\/#organization","name":"K-time","url":"https:\/\/k-time.it\/en\/","logo":{"@type":"ImageObject","inLanguage":"pt-PT","@id":"https:\/\/k-time.it\/en\/#\/schema\/logo\/image\/","url":"","contentUrl":"","caption":"K-time"},"image":{"@id":"https:\/\/k-time.it\/en\/#\/schema\/logo\/image\/"}}]}},"_links":{"self":[{"href":"https:\/\/k-time.it\/pt-pt\/wp-json\/wp\/v2\/product\/6617","targetHints":{"allow":["GET"]}}],"collection":[{"href":"https:\/\/k-time.it\/pt-pt\/wp-json\/wp\/v2\/product"}],"about":[{"href":"https:\/\/k-time.it\/pt-pt\/wp-json\/wp\/v2\/types\/product"}],"wp:featuredmedia":[{"embeddable":true,"href":"https:\/\/k-time.it\/pt-pt\/wp-json\/wp\/v2\/media\/19094"}],"wp:attachment":[{"href":"https:\/\/k-time.it\/pt-pt\/wp-json\/wp\/v2\/media?parent=6617"}],"wp:term":[{"taxonomy":"product_brand","embeddable":true,"href":"https:\/\/k-time.it\/pt-pt\/wp-json\/wp\/v2\/product_brand?post=6617"},{"taxonomy":"product_cat","embeddable":true,"href":"https:\/\/k-time.it\/pt-pt\/wp-json\/wp\/v2\/product_cat?post=6617"},{"taxonomy":"product_tag","embeddable":true,"href":"https:\/\/k-time.it\/pt-pt\/wp-json\/wp\/v2\/product_tag?post=6617"}],"curies":[{"name":"wp","href":"https:\/\/api.w.org\/{rel}","templated":true}]}}