{"id":6585,"date":"2020-06-25T16:46:21","date_gmt":"2020-06-25T14:46:21","guid":{"rendered":"https:\/\/k-time.it\/products\/sem%20categoria\/levia-sinergia-de-aceites-esenciales-dermo-calmante\/"},"modified":"2021-06-22T13:43:03","modified_gmt":"2021-06-22T11:43:03","slug":"levia-sinergia-de-oleos-essenciais-dermo-calmante","status":"publish","type":"product","link":"https:\/\/k-time.it\/pt-pt\/products\/colouring\/levia-pt-pt\/levia-sinergia-de-oleos-essenciais-dermo-calmante\/","title":{"rendered":"Levia | Sinergia de \u00d3leos Essenciais Dermo-calmante"},"content":{"rendered":"<div class=\"wpb-content-wrapper\"><p>[vc_row disable_element=&#8221;yes&#8221;][vc_column][\/vc_column][\/vc_row][vc_row][vc_column width=&#8221;1\/2&#8243;]<div class=\"standard-arrow list-divider bullet-top\"><h2>F\u00f3rmula<\/h2>\n<ul>\n<li><strong>\u00c1cido 18-B-Glicirret\u00ednico<\/strong>: desenvolve uma a\u00e7\u00e3o apaziguante, antivermelhid\u00f5es e anti-inflamat\u00f3ria<\/li>\n<li><strong>\u00d3leo essencial de Menta<\/strong>: tonifica a fibra, estimula o fluxo sangu\u00edneo e purifica os cabelos oleosos<\/li>\n<li><strong>\u00d3leo essencial de Mirto<\/strong>: bals\u00e2mico, antibacteriano, tem uma a\u00e7\u00e3o adstringente sobre a pele oleosa<\/li>\n<li><strong>\u00d3leo essencial de \u00d3reg\u00e3o<\/strong>: garante uma a\u00e7\u00e3o anti-inflamat\u00f3ria e antiss\u00e9tica<\/li>\n<li><strong>\u00d3leo essencial de Cipreste<\/strong>: tonificante e bals\u00e2mico, possui um perfume com poder reequilibrante<\/li>\n<li><strong>Alfa Bisabolol<\/strong>: permite uma a\u00e7\u00e3o calmante e suavizante sobre a pele<\/li>\n<li><strong>\u00c1gua de Hamamelis<\/strong>: estimula o fluxo sangu\u00edneo ativando a microcircula\u00e7\u00e3o cut\u00e2nea e melhora o estado dos cabelos com tend\u00eancia a ficar oleosos<\/li>\n<\/ul>\n<\/div>[\/vc_column][vc_column width=&#8221;1\/2&#8243;]<div class=\"standard-arrow list-divider bullet-top\"><h2>Benef\u00edcios<\/h2>\n<div id=\"tab-benefits\">\n<ul>\n<li>Melhora a experi\u00eancia da colora\u00e7\u00e3o, tornando o servi\u00e7o t\u00e9cnico mais delicado<\/li>\n<li>Condiciona a fibra capilar tonificando-a e deixando-a mais reativa \u00e0 cor<\/li>\n<li>Restabelece o\u00a0correto equil\u00edbrio hidrolip\u00eddico da pele<\/li>\n<li>Constitui uma\u00a0fonte de energia fundamental para um correto metabolismo cut\u00e2neo<\/li>\n<li>Confere mais\u00a0luminosidade e cabelos mais leves e hidratados<\/li>\n<\/ul>\n<\/div>\n<\/div>[\/vc_column][\/vc_row][vc_row css=&#8221;.vc_custom_1595317695114{padding-top: 50px !important;}&#8221;][vc_column]<div class=\"dt-fancy-separator h2-size style-thick\" style=\"width: 100%;\"><div class=\"dt-fancy-title\" style=\"color: #333333;\"><span class=\"separator-holder separator-left\" style=\"border-color: #f0f0f0;\"><\/span>Productos relacionados<span class=\"separator-holder separator-right\" style=\"border-color: #f0f0f0;\"><\/span><\/div><\/div>[vc_raw_html]JTVCd3BiLXByb2R1Y3Qtc2xpZGVyLXNob3J0Y29kZSUyMGlkJTNEJTIyNzcwJTIyJTVE[\/vc_raw_html][\/vc_column][\/vc_row]<\/p>\n<\/div>","protected":false},"excerpt":{"rendered":"<p><strong>Levia\u00a0<\/strong>\u00e9 o in\u00e9dito\u00a0concentrado apaziguante\u00a0\u00e0 base de\u00a0[glossary_exclude]<strong>\u00d3leos essenciais<\/strong>,[\/glossary_exclude] que se distingue pelas propriedades calmantes.<\/p>\n<p>Utilizado durante o [glossary_exclude]tratamento de colora\u00e7\u00e3o [\/glossary_exclude]como aditivo, Levia permite uma m\u00faltipla a\u00e7\u00e3o sin\u00e9rgica: ajuda a reduzir as irrita\u00e7\u00f5es associadas a tratamentos qu\u00edmicos (colora\u00e7\u00f5es e permanente), libertando na pele as suas indispens\u00e1veis qualidades <strong>[glossary_exclude]antivermelhid\u00e3o e reequilibrantes[\/glossary_exclude]\u00a0<\/strong>e acentuando a aplica\u00e7\u00e3o da cor.<\/p>\n<p>Concebido para ser utilizado com as\u00a0<strong>colora\u00e7\u00f5es da K-time<\/strong>\u00a0e com a\u00a0<strong>lo\u00e7\u00e3o ondula\u00e7\u00f5es\u00a0Wild Waves<\/strong>.<\/p>\n<p>Uso profissional<\/p>\n<p>Formato 50 ml<\/p>\n<p>&nbsp;<\/p>\n<p class=\"p1\">[vc_row][vc_column][ultimate_exp_section title=\" Como comprar\" new_title=\"Solicitar informa\u00e7\u00f5es de compra\" text_color=\"#ffffff\" background_color=\"#877650\" text_hovercolor=\"#ffffff\" bghovercolor=\"#877650\" title_active=\"#ffffff\" title_active_bg=\"#877650\" cnt_bg_color=\"#ffffff\" icon=\"icomoon-the7-font-icon-cart-detailed\" new_icon=\"icomoon-the7-font-the7-mail-011\" icon_align=\"left\" icon_size=\"20\" icon_color=\"#ffffff\" icon_hover_color=\"#ffffff\" icon_active_color=\"#ffffff\" title_font_size=\"desktop:16px;\" title_padding=\"padding-top:4px;padding-right:7px;padding-bottom:4px;padding-left:4px;\" icon_margin=\"margin-right:1px;\"][contact-form-7 id=\"496\"][\/ultimate_exp_section][\/vc_column][\/vc_row]<\/p>\n","protected":false},"featured_media":17803,"template":"","meta":[],"product_brand":[],"product_cat":[1032,1099],"product_tag":[],"class_list":{"0":"post-6585","1":"product","2":"type-product","3":"status-publish","4":"has-post-thumbnail","6":"product_cat-colouring","7":"product_cat-levia-pt-pt","8":"description-off","10":"first","11":"instock","12":"shipping-taxable","13":"product-type-simple"},"yoast_head":"<!-- This site is optimized with the Yoast SEO plugin v26.8 - https:\/\/yoast.com\/product\/yoast-seo-wordpress\/ -->\n<title>Levia | Sinergia de \u00d3leos Essenciais Dermo-calmante - K-time<\/title>\n<meta name=\"description\" content=\"Levia \u00e9 o in\u00e9dito concentrado apaziguante \u00e0 base de \u00d3leos essenciais, que se distingue pelas propriedades calmantes.\" \/>\n<meta name=\"robots\" content=\"index, follow, max-snippet:-1, max-image-preview:large, max-video-preview:-1\" \/>\n<link rel=\"canonical\" href=\"https:\/\/k-time.it\/products\/colouring\/levia\/levia-sinergia-di-oli-essenziali-dermo-calmante\/\" \/>\n<meta property=\"og:locale\" content=\"pt_PT\" \/>\n<meta property=\"og:type\" content=\"article\" \/>\n<meta property=\"og:title\" content=\"Levia | Sinergia de \u00d3leos Essenciais Dermo-calmante - K-time\" \/>\n<meta property=\"og:description\" content=\"Levia \u00e9 o in\u00e9dito concentrado apaziguante \u00e0 base de \u00d3leos essenciais, que se distingue pelas propriedades calmantes.\" \/>\n<meta property=\"og:url\" content=\"https:\/\/k-time.it\/products\/colouring\/levia\/levia-sinergia-di-oli-essenziali-dermo-calmante\/\" \/>\n<meta property=\"og:site_name\" content=\"K-time\" \/>\n<meta property=\"article:modified_time\" content=\"2021-06-22T11:43:03+00:00\" \/>\n<meta property=\"og:image\" content=\"https:\/\/k-time.it\/wp-content\/uploads\/2020\/06\/21010_k-time_levia_dermo-calming_synergy_essential_oils_50ml.png\" \/>\n\t<meta property=\"og:image:width\" content=\"600\" \/>\n\t<meta property=\"og:image:height\" content=\"600\" \/>\n\t<meta property=\"og:image:type\" content=\"image\/png\" \/>\n<meta name=\"twitter:card\" content=\"summary_large_image\" \/>\n<meta name=\"twitter:label1\" content=\"Tempo estimado de leitura\" \/>\n\t<meta name=\"twitter:data1\" content=\"1 minuto\" \/>\n<script type=\"application\/ld+json\" class=\"yoast-schema-graph\">{\"@context\":\"https:\/\/schema.org\",\"@graph\":[{\"@type\":\"WebPage\",\"@id\":\"https:\/\/k-time.it\/products\/colouring\/levia\/levia-sinergia-di-oli-essenziali-dermo-calmante\/\",\"url\":\"https:\/\/k-time.it\/products\/colouring\/levia\/levia-sinergia-di-oli-essenziali-dermo-calmante\/\",\"name\":\"Levia | Sinergia de \u00d3leos Essenciais Dermo-calmante - K-time\",\"isPartOf\":{\"@id\":\"https:\/\/k-time.it\/en\/#website\"},\"primaryImageOfPage\":{\"@id\":\"https:\/\/k-time.it\/products\/colouring\/levia\/levia-sinergia-di-oli-essenziali-dermo-calmante\/#primaryimage\"},\"image\":{\"@id\":\"https:\/\/k-time.it\/products\/colouring\/levia\/levia-sinergia-di-oli-essenziali-dermo-calmante\/#primaryimage\"},\"thumbnailUrl\":\"https:\/\/k-time.it\/wp-content\/uploads\/2020\/06\/21010_k-time_levia_dermo-calming_synergy_essential_oils_50ml.png\",\"datePublished\":\"2020-06-25T14:46:21+00:00\",\"dateModified\":\"2021-06-22T11:43:03+00:00\",\"description\":\"Levia \u00e9 o in\u00e9dito concentrado apaziguante \u00e0 base de \u00d3leos essenciais, que se distingue pelas propriedades calmantes.\",\"breadcrumb\":{\"@id\":\"https:\/\/k-time.it\/products\/colouring\/levia\/levia-sinergia-di-oli-essenziali-dermo-calmante\/#breadcrumb\"},\"inLanguage\":\"pt-PT\",\"potentialAction\":[{\"@type\":\"ReadAction\",\"target\":[\"https:\/\/k-time.it\/products\/colouring\/levia\/levia-sinergia-di-oli-essenziali-dermo-calmante\/\"]}]},{\"@type\":\"ImageObject\",\"inLanguage\":\"pt-PT\",\"@id\":\"https:\/\/k-time.it\/products\/colouring\/levia\/levia-sinergia-di-oli-essenziali-dermo-calmante\/#primaryimage\",\"url\":\"https:\/\/k-time.it\/wp-content\/uploads\/2020\/06\/21010_k-time_levia_dermo-calming_synergy_essential_oils_50ml.png\",\"contentUrl\":\"https:\/\/k-time.it\/wp-content\/uploads\/2020\/06\/21010_k-time_levia_dermo-calming_synergy_essential_oils_50ml.png\",\"width\":600,\"height\":600,\"caption\":\"Levia | Sinergia di Oli essenziali dermo-calmante\"},{\"@type\":\"BreadcrumbList\",\"@id\":\"https:\/\/k-time.it\/products\/colouring\/levia\/levia-sinergia-di-oli-essenziali-dermo-calmante\/#breadcrumb\",\"itemListElement\":[{\"@type\":\"ListItem\",\"position\":1,\"name\":\"Home\",\"item\":\"https:\/\/k-time.it\/pt-pt\/\"},{\"@type\":\"ListItem\",\"position\":2,\"name\":\"Shop\",\"item\":\"https:\/\/k-time.it\/en\/negozio\/\"},{\"@type\":\"ListItem\",\"position\":3,\"name\":\"Levia | Sinergia de \u00d3leos Essenciais Dermo-calmante\"}]},{\"@type\":\"WebSite\",\"@id\":\"https:\/\/k-time.it\/en\/#website\",\"url\":\"https:\/\/k-time.it\/en\/\",\"name\":\"K-time\",\"description\":\"Hair Spa Treatments\",\"publisher\":{\"@id\":\"https:\/\/k-time.it\/en\/#organization\"},\"potentialAction\":[{\"@type\":\"SearchAction\",\"target\":{\"@type\":\"EntryPoint\",\"urlTemplate\":\"https:\/\/k-time.it\/en\/?s={search_term_string}\"},\"query-input\":{\"@type\":\"PropertyValueSpecification\",\"valueRequired\":true,\"valueName\":\"search_term_string\"}}],\"inLanguage\":\"pt-PT\"},{\"@type\":\"Organization\",\"@id\":\"https:\/\/k-time.it\/en\/#organization\",\"name\":\"K-time\",\"url\":\"https:\/\/k-time.it\/en\/\",\"logo\":{\"@type\":\"ImageObject\",\"inLanguage\":\"pt-PT\",\"@id\":\"https:\/\/k-time.it\/en\/#\/schema\/logo\/image\/\",\"url\":\"\",\"contentUrl\":\"\",\"caption\":\"K-time\"},\"image\":{\"@id\":\"https:\/\/k-time.it\/en\/#\/schema\/logo\/image\/\"}}]}<\/script>\n<!-- \/ Yoast SEO plugin. -->","yoast_head_json":{"title":"Levia | Sinergia de \u00d3leos Essenciais Dermo-calmante - K-time","description":"Levia \u00e9 o in\u00e9dito concentrado apaziguante \u00e0 base de \u00d3leos essenciais, que se distingue pelas propriedades calmantes.","robots":{"index":"index","follow":"follow","max-snippet":"max-snippet:-1","max-image-preview":"max-image-preview:large","max-video-preview":"max-video-preview:-1"},"canonical":"https:\/\/k-time.it\/products\/colouring\/levia\/levia-sinergia-di-oli-essenziali-dermo-calmante\/","og_locale":"pt_PT","og_type":"article","og_title":"Levia | Sinergia de \u00d3leos Essenciais Dermo-calmante - K-time","og_description":"Levia \u00e9 o in\u00e9dito concentrado apaziguante \u00e0 base de \u00d3leos essenciais, que se distingue pelas propriedades calmantes.","og_url":"https:\/\/k-time.it\/products\/colouring\/levia\/levia-sinergia-di-oli-essenziali-dermo-calmante\/","og_site_name":"K-time","article_modified_time":"2021-06-22T11:43:03+00:00","og_image":[{"width":600,"height":600,"url":"https:\/\/k-time.it\/wp-content\/uploads\/2020\/06\/21010_k-time_levia_dermo-calming_synergy_essential_oils_50ml.png","type":"image\/png"}],"twitter_card":"summary_large_image","twitter_misc":{"Tempo estimado de leitura":"1 minuto"},"schema":{"@context":"https:\/\/schema.org","@graph":[{"@type":"WebPage","@id":"https:\/\/k-time.it\/products\/colouring\/levia\/levia-sinergia-di-oli-essenziali-dermo-calmante\/","url":"https:\/\/k-time.it\/products\/colouring\/levia\/levia-sinergia-di-oli-essenziali-dermo-calmante\/","name":"Levia | Sinergia de \u00d3leos Essenciais Dermo-calmante - K-time","isPartOf":{"@id":"https:\/\/k-time.it\/en\/#website"},"primaryImageOfPage":{"@id":"https:\/\/k-time.it\/products\/colouring\/levia\/levia-sinergia-di-oli-essenziali-dermo-calmante\/#primaryimage"},"image":{"@id":"https:\/\/k-time.it\/products\/colouring\/levia\/levia-sinergia-di-oli-essenziali-dermo-calmante\/#primaryimage"},"thumbnailUrl":"https:\/\/k-time.it\/wp-content\/uploads\/2020\/06\/21010_k-time_levia_dermo-calming_synergy_essential_oils_50ml.png","datePublished":"2020-06-25T14:46:21+00:00","dateModified":"2021-06-22T11:43:03+00:00","description":"Levia \u00e9 o in\u00e9dito concentrado apaziguante \u00e0 base de \u00d3leos essenciais, que se distingue pelas propriedades calmantes.","breadcrumb":{"@id":"https:\/\/k-time.it\/products\/colouring\/levia\/levia-sinergia-di-oli-essenziali-dermo-calmante\/#breadcrumb"},"inLanguage":"pt-PT","potentialAction":[{"@type":"ReadAction","target":["https:\/\/k-time.it\/products\/colouring\/levia\/levia-sinergia-di-oli-essenziali-dermo-calmante\/"]}]},{"@type":"ImageObject","inLanguage":"pt-PT","@id":"https:\/\/k-time.it\/products\/colouring\/levia\/levia-sinergia-di-oli-essenziali-dermo-calmante\/#primaryimage","url":"https:\/\/k-time.it\/wp-content\/uploads\/2020\/06\/21010_k-time_levia_dermo-calming_synergy_essential_oils_50ml.png","contentUrl":"https:\/\/k-time.it\/wp-content\/uploads\/2020\/06\/21010_k-time_levia_dermo-calming_synergy_essential_oils_50ml.png","width":600,"height":600,"caption":"Levia | Sinergia di Oli essenziali dermo-calmante"},{"@type":"BreadcrumbList","@id":"https:\/\/k-time.it\/products\/colouring\/levia\/levia-sinergia-di-oli-essenziali-dermo-calmante\/#breadcrumb","itemListElement":[{"@type":"ListItem","position":1,"name":"Home","item":"https:\/\/k-time.it\/pt-pt\/"},{"@type":"ListItem","position":2,"name":"Shop","item":"https:\/\/k-time.it\/en\/negozio\/"},{"@type":"ListItem","position":3,"name":"Levia | Sinergia de \u00d3leos Essenciais Dermo-calmante"}]},{"@type":"WebSite","@id":"https:\/\/k-time.it\/en\/#website","url":"https:\/\/k-time.it\/en\/","name":"K-time","description":"Hair Spa Treatments","publisher":{"@id":"https:\/\/k-time.it\/en\/#organization"},"potentialAction":[{"@type":"SearchAction","target":{"@type":"EntryPoint","urlTemplate":"https:\/\/k-time.it\/en\/?s={search_term_string}"},"query-input":{"@type":"PropertyValueSpecification","valueRequired":true,"valueName":"search_term_string"}}],"inLanguage":"pt-PT"},{"@type":"Organization","@id":"https:\/\/k-time.it\/en\/#organization","name":"K-time","url":"https:\/\/k-time.it\/en\/","logo":{"@type":"ImageObject","inLanguage":"pt-PT","@id":"https:\/\/k-time.it\/en\/#\/schema\/logo\/image\/","url":"","contentUrl":"","caption":"K-time"},"image":{"@id":"https:\/\/k-time.it\/en\/#\/schema\/logo\/image\/"}}]}},"_links":{"self":[{"href":"https:\/\/k-time.it\/pt-pt\/wp-json\/wp\/v2\/product\/6585","targetHints":{"allow":["GET"]}}],"collection":[{"href":"https:\/\/k-time.it\/pt-pt\/wp-json\/wp\/v2\/product"}],"about":[{"href":"https:\/\/k-time.it\/pt-pt\/wp-json\/wp\/v2\/types\/product"}],"wp:featuredmedia":[{"embeddable":true,"href":"https:\/\/k-time.it\/pt-pt\/wp-json\/wp\/v2\/media\/17803"}],"wp:attachment":[{"href":"https:\/\/k-time.it\/pt-pt\/wp-json\/wp\/v2\/media?parent=6585"}],"wp:term":[{"taxonomy":"product_brand","embeddable":true,"href":"https:\/\/k-time.it\/pt-pt\/wp-json\/wp\/v2\/product_brand?post=6585"},{"taxonomy":"product_cat","embeddable":true,"href":"https:\/\/k-time.it\/pt-pt\/wp-json\/wp\/v2\/product_cat?post=6585"},{"taxonomy":"product_tag","embeddable":true,"href":"https:\/\/k-time.it\/pt-pt\/wp-json\/wp\/v2\/product_tag?post=6585"}],"curies":[{"name":"wp","href":"https:\/\/api.w.org\/{rel}","templated":true}]}}