{"id":6574,"date":"2020-06-25T16:46:21","date_gmt":"2020-06-25T14:46:21","guid":{"rendered":"https:\/\/k-time.it\/products\/sem%20categoria\/glam-volume-victime-espuma-voluminizadora\/"},"modified":"2021-06-22T17:50:42","modified_gmt":"2021-06-22T15:50:42","slug":"glam-volume-victime-mousse-volumizadora","status":"publish","type":"product","link":"https:\/\/k-time.it\/pt-pt\/products\/finish-styling\/glam-volume-victime-mousse-volumizadora\/","title":{"rendered":"Glam | Volume Victime \u2013 Mousse Volumizadora"},"content":{"rendered":"<div class=\"wpb-content-wrapper\"><p>[vc_row disable_element=&#8221;yes&#8221;][vc_column][\/vc_column][\/vc_row][vc_row][vc_column width=&#8221;1\/2&#8243;]<div class=\"standard-arrow list-divider bullet-top\"><h2>F\u00f3rmula<\/h2>\n<div id=\"tab-altre-info\">\n<ul>\n<li><strong>\u00d3leo de Marula<\/strong>: protege a epiderme e reduz ao m\u00ednimo os efeitos causados pelos fatores ambientais<\/li>\n<li><strong>Vitamina E<\/strong>: \u00e9 essencial para proteger os cabelos do stress oxidativo decorrente do fumo e polui\u00e7\u00e3o atmosf\u00e9rica<\/li>\n<li><strong>N\u00e3o cont\u00e9m<\/strong>\u00a0parabenos<\/li>\n<\/ul>\n<\/div>\n<\/div>[\/vc_column][vc_column width=&#8221;1\/2&#8243;]<div class=\"standard-arrow list-divider bullet-top\"><h2>Benef\u00edcios<\/h2>\n<div id=\"tab-benefits\">\n<ul>\n<li>Confere um novo corpo e volume aos cabelos<\/li>\n<li>Garante uma fixa\u00e7\u00e3o flex\u00edvele de longa dura\u00e7\u00e3o\u00a0e uma\u00a0fixa\u00e7\u00e3o extra-strong<\/li>\n<li>Condiciona, hidrata, dando elasticidade e\u00a0suavidade aos cabelos<\/li>\n<li>Ideal tamb\u00e9m para os\u00a0cabelos mais finos<\/li>\n<\/ul>\n<\/div>\n<\/div>[\/vc_column][\/vc_row][vc_row css=&#8221;.vc_custom_1595317695114{padding-top: 50px !important;}&#8221;][vc_column]<div class=\"dt-fancy-separator h2-size style-thick\" style=\"width: 100%;\"><div class=\"dt-fancy-title\" style=\"color: #333333;\"><span class=\"separator-holder separator-left\" style=\"border-color: #f0f0f0;\"><\/span>Productos relacionados<span class=\"separator-holder separator-right\" style=\"border-color: #f0f0f0;\"><\/span><\/div><\/div>[vc_raw_html]W3dwYi1wcm9kdWN0LXNsaWRlci1zaG9ydGNvZGUgaWQ9IjIyODgiXQ==[\/vc_raw_html][\/vc_column][\/vc_row]<\/p>\n<\/div>","protected":false},"excerpt":{"rendered":"<div class=\"woocommerce-product-details__short-description\">\n<div class=\"woocommerce-product-details__short-description\">\n<div class=\"woocommerce-product-details__short-description\">\n<div class=\"woocommerce-product-details__short-description\">\n<p><strong>Volume Victime<\/strong> \u00e9 a <strong>Mousse volumizadora<\/strong> com\u00a0[glossary_exclude]<strong>\u00d3leo de Marula<\/strong>\u00a0e\u00a0<strong>Vitamina E<\/strong>[\/glossary_exclude]\u00a0que confere corpo mesmo aos cabelos mais\u00a0finos, desde a raiz at\u00e9 \u00e0s pontas.<\/p>\n<p>Gra\u00e7as \u00e0 sua especial f\u00f3rmula sem parabenos contribui para desenvolver uma <strong>a\u00e7\u00e3o volumizadora<\/strong> imediata\u00a0nos cabelos. Os ativos ben\u00e9ficos que enriquecem a composi\u00e7\u00e3o condicionam os cabelos, conferindo <strong>hidrata\u00e7\u00e3o, elasticidade e suavidade<\/strong>\u00a0para obter uma\u00a0fixa\u00e7\u00e3o\u00a0flex\u00edvel, natural e de longa dura\u00e7\u00e3o e uma\u00a0fixa\u00e7\u00e3o extra-strong.<\/p>\n<p>Formato 300 ml<\/p>\n<\/div>\n<\/div>\n<p>&nbsp;<\/p>\n<p>[vc_row][vc_column][ultimate_exp_section title=\"Como comprar\" new_title=\"Solicitar informa\u00e7\u00f5es de compra\" text_color=\"#ffffff\" background_color=\"#877650\" text_hovercolor=\"#ffffff\" bghovercolor=\"#877650\" title_active=\"#ffffff\" title_active_bg=\"#877650\" cnt_bg_color=\"#ffffff\" icon=\"icomoon-the7-font-icon-cart-detailed\" new_icon=\"icomoon-the7-font-the7-mail-011\" icon_align=\"left\" icon_size=\"20\" icon_color=\"#ffffff\" icon_hover_color=\"#ffffff\" icon_active_color=\"#ffffff\" title_font_size=\"desktop:16px;\" title_padding=\"padding-top:4px;padding-right:7px;padding-bottom:4px;padding-left:4px;\" icon_margin=\"margin-right:1px;\"][contact-form-7 id=\"496\"][\/ultimate_exp_section][\/vc_column][\/vc_row]<\/p>\n<\/div>\n<\/div>\n","protected":false},"featured_media":17943,"template":"","meta":[],"product_brand":[],"product_cat":[1017],"product_tag":[],"class_list":{"0":"post-6574","1":"product","2":"type-product","3":"status-publish","4":"has-post-thumbnail","6":"product_cat-finish-styling","7":"description-off","9":"first","10":"instock","11":"shipping-taxable","12":"product-type-simple"},"yoast_head":"<!-- This site is optimized with the Yoast SEO plugin v26.8 - https:\/\/yoast.com\/product\/yoast-seo-wordpress\/ -->\n<title>Glam | Volume Victime \u2013 Mousse Volumizadora - K-time<\/title>\n<meta name=\"description\" content=\"Volume Victime \u00e9 a Mousse volumizadora com \u00d3leo de Marula e Vitamina E que confere corpo mesmo aos cabelos mais finos, desde a raiz at\u00e9 \u00e0s pontas.\" \/>\n<meta name=\"robots\" content=\"index, follow, max-snippet:-1, max-image-preview:large, max-video-preview:-1\" \/>\n<link rel=\"canonical\" href=\"https:\/\/k-time.it\/products\/finish-styling\/glam-volume-victime-mousse-volumizzante-olio-marula-vitamina\/\" \/>\n<meta property=\"og:locale\" content=\"pt_PT\" \/>\n<meta property=\"og:type\" content=\"article\" \/>\n<meta property=\"og:title\" content=\"Glam | Volume Victime \u2013 Mousse Volumizadora - K-time\" \/>\n<meta property=\"og:description\" content=\"Volume Victime \u00e9 a Mousse volumizadora com \u00d3leo de Marula e Vitamina E que confere corpo mesmo aos cabelos mais finos, desde a raiz at\u00e9 \u00e0s pontas.\" \/>\n<meta property=\"og:url\" content=\"https:\/\/k-time.it\/products\/finish-styling\/glam-volume-victime-mousse-volumizzante-olio-marula-vitamina\/\" \/>\n<meta property=\"og:site_name\" content=\"K-time\" \/>\n<meta property=\"article:modified_time\" content=\"2021-06-22T15:50:42+00:00\" \/>\n<meta property=\"og:image\" content=\"https:\/\/k-time.it\/wp-content\/uploads\/2020\/07\/23009_k-time_glam_volume_victim_volumizing_hair_mousse_300ml-1.png\" \/>\n\t<meta property=\"og:image:width\" content=\"600\" \/>\n\t<meta property=\"og:image:height\" content=\"600\" \/>\n\t<meta property=\"og:image:type\" content=\"image\/png\" \/>\n<meta name=\"twitter:card\" content=\"summary_large_image\" \/>\n<meta name=\"twitter:label1\" content=\"Tempo estimado de leitura\" \/>\n\t<meta name=\"twitter:data1\" content=\"1 minuto\" \/>\n<script type=\"application\/ld+json\" class=\"yoast-schema-graph\">{\"@context\":\"https:\/\/schema.org\",\"@graph\":[{\"@type\":\"WebPage\",\"@id\":\"https:\/\/k-time.it\/products\/finish-styling\/glam-volume-victime-mousse-volumizzante-olio-marula-vitamina\/\",\"url\":\"https:\/\/k-time.it\/products\/finish-styling\/glam-volume-victime-mousse-volumizzante-olio-marula-vitamina\/\",\"name\":\"Glam | Volume Victime \u2013 Mousse Volumizadora - K-time\",\"isPartOf\":{\"@id\":\"https:\/\/k-time.it\/en\/#website\"},\"primaryImageOfPage\":{\"@id\":\"https:\/\/k-time.it\/products\/finish-styling\/glam-volume-victime-mousse-volumizzante-olio-marula-vitamina\/#primaryimage\"},\"image\":{\"@id\":\"https:\/\/k-time.it\/products\/finish-styling\/glam-volume-victime-mousse-volumizzante-olio-marula-vitamina\/#primaryimage\"},\"thumbnailUrl\":\"https:\/\/k-time.it\/wp-content\/uploads\/2020\/07\/23009_k-time_glam_volume_victim_volumizing_hair_mousse_300ml-1.png\",\"datePublished\":\"2020-06-25T14:46:21+00:00\",\"dateModified\":\"2021-06-22T15:50:42+00:00\",\"description\":\"Volume Victime \u00e9 a Mousse volumizadora com \u00d3leo de Marula e Vitamina E que confere corpo mesmo aos cabelos mais finos, desde a raiz at\u00e9 \u00e0s pontas.\",\"breadcrumb\":{\"@id\":\"https:\/\/k-time.it\/products\/finish-styling\/glam-volume-victime-mousse-volumizzante-olio-marula-vitamina\/#breadcrumb\"},\"inLanguage\":\"pt-PT\",\"potentialAction\":[{\"@type\":\"ReadAction\",\"target\":[\"https:\/\/k-time.it\/products\/finish-styling\/glam-volume-victime-mousse-volumizzante-olio-marula-vitamina\/\"]}]},{\"@type\":\"ImageObject\",\"inLanguage\":\"pt-PT\",\"@id\":\"https:\/\/k-time.it\/products\/finish-styling\/glam-volume-victime-mousse-volumizzante-olio-marula-vitamina\/#primaryimage\",\"url\":\"https:\/\/k-time.it\/wp-content\/uploads\/2020\/07\/23009_k-time_glam_volume_victim_volumizing_hair_mousse_300ml-1.png\",\"contentUrl\":\"https:\/\/k-time.it\/wp-content\/uploads\/2020\/07\/23009_k-time_glam_volume_victim_volumizing_hair_mousse_300ml-1.png\",\"width\":600,\"height\":600,\"caption\":\"Glam | Volume Victime \u2013 Mousse Volumizzante\"},{\"@type\":\"BreadcrumbList\",\"@id\":\"https:\/\/k-time.it\/products\/finish-styling\/glam-volume-victime-mousse-volumizzante-olio-marula-vitamina\/#breadcrumb\",\"itemListElement\":[{\"@type\":\"ListItem\",\"position\":1,\"name\":\"Home\",\"item\":\"https:\/\/k-time.it\/pt-pt\/\"},{\"@type\":\"ListItem\",\"position\":2,\"name\":\"Shop\",\"item\":\"https:\/\/k-time.it\/en\/negozio\/\"},{\"@type\":\"ListItem\",\"position\":3,\"name\":\"Glam | Volume Victime \u2013 Mousse Volumizadora\"}]},{\"@type\":\"WebSite\",\"@id\":\"https:\/\/k-time.it\/en\/#website\",\"url\":\"https:\/\/k-time.it\/en\/\",\"name\":\"K-time\",\"description\":\"Hair Spa Treatments\",\"publisher\":{\"@id\":\"https:\/\/k-time.it\/en\/#organization\"},\"potentialAction\":[{\"@type\":\"SearchAction\",\"target\":{\"@type\":\"EntryPoint\",\"urlTemplate\":\"https:\/\/k-time.it\/en\/?s={search_term_string}\"},\"query-input\":{\"@type\":\"PropertyValueSpecification\",\"valueRequired\":true,\"valueName\":\"search_term_string\"}}],\"inLanguage\":\"pt-PT\"},{\"@type\":\"Organization\",\"@id\":\"https:\/\/k-time.it\/en\/#organization\",\"name\":\"K-time\",\"url\":\"https:\/\/k-time.it\/en\/\",\"logo\":{\"@type\":\"ImageObject\",\"inLanguage\":\"pt-PT\",\"@id\":\"https:\/\/k-time.it\/en\/#\/schema\/logo\/image\/\",\"url\":\"\",\"contentUrl\":\"\",\"caption\":\"K-time\"},\"image\":{\"@id\":\"https:\/\/k-time.it\/en\/#\/schema\/logo\/image\/\"}}]}<\/script>\n<!-- \/ Yoast SEO plugin. -->","yoast_head_json":{"title":"Glam | Volume Victime \u2013 Mousse Volumizadora - K-time","description":"Volume Victime \u00e9 a Mousse volumizadora com \u00d3leo de Marula e Vitamina E que confere corpo mesmo aos cabelos mais finos, desde a raiz at\u00e9 \u00e0s pontas.","robots":{"index":"index","follow":"follow","max-snippet":"max-snippet:-1","max-image-preview":"max-image-preview:large","max-video-preview":"max-video-preview:-1"},"canonical":"https:\/\/k-time.it\/products\/finish-styling\/glam-volume-victime-mousse-volumizzante-olio-marula-vitamina\/","og_locale":"pt_PT","og_type":"article","og_title":"Glam | Volume Victime \u2013 Mousse Volumizadora - K-time","og_description":"Volume Victime \u00e9 a Mousse volumizadora com \u00d3leo de Marula e Vitamina E que confere corpo mesmo aos cabelos mais finos, desde a raiz at\u00e9 \u00e0s pontas.","og_url":"https:\/\/k-time.it\/products\/finish-styling\/glam-volume-victime-mousse-volumizzante-olio-marula-vitamina\/","og_site_name":"K-time","article_modified_time":"2021-06-22T15:50:42+00:00","og_image":[{"width":600,"height":600,"url":"https:\/\/k-time.it\/wp-content\/uploads\/2020\/07\/23009_k-time_glam_volume_victim_volumizing_hair_mousse_300ml-1.png","type":"image\/png"}],"twitter_card":"summary_large_image","twitter_misc":{"Tempo estimado de leitura":"1 minuto"},"schema":{"@context":"https:\/\/schema.org","@graph":[{"@type":"WebPage","@id":"https:\/\/k-time.it\/products\/finish-styling\/glam-volume-victime-mousse-volumizzante-olio-marula-vitamina\/","url":"https:\/\/k-time.it\/products\/finish-styling\/glam-volume-victime-mousse-volumizzante-olio-marula-vitamina\/","name":"Glam | Volume Victime \u2013 Mousse Volumizadora - K-time","isPartOf":{"@id":"https:\/\/k-time.it\/en\/#website"},"primaryImageOfPage":{"@id":"https:\/\/k-time.it\/products\/finish-styling\/glam-volume-victime-mousse-volumizzante-olio-marula-vitamina\/#primaryimage"},"image":{"@id":"https:\/\/k-time.it\/products\/finish-styling\/glam-volume-victime-mousse-volumizzante-olio-marula-vitamina\/#primaryimage"},"thumbnailUrl":"https:\/\/k-time.it\/wp-content\/uploads\/2020\/07\/23009_k-time_glam_volume_victim_volumizing_hair_mousse_300ml-1.png","datePublished":"2020-06-25T14:46:21+00:00","dateModified":"2021-06-22T15:50:42+00:00","description":"Volume Victime \u00e9 a Mousse volumizadora com \u00d3leo de Marula e Vitamina E que confere corpo mesmo aos cabelos mais finos, desde a raiz at\u00e9 \u00e0s pontas.","breadcrumb":{"@id":"https:\/\/k-time.it\/products\/finish-styling\/glam-volume-victime-mousse-volumizzante-olio-marula-vitamina\/#breadcrumb"},"inLanguage":"pt-PT","potentialAction":[{"@type":"ReadAction","target":["https:\/\/k-time.it\/products\/finish-styling\/glam-volume-victime-mousse-volumizzante-olio-marula-vitamina\/"]}]},{"@type":"ImageObject","inLanguage":"pt-PT","@id":"https:\/\/k-time.it\/products\/finish-styling\/glam-volume-victime-mousse-volumizzante-olio-marula-vitamina\/#primaryimage","url":"https:\/\/k-time.it\/wp-content\/uploads\/2020\/07\/23009_k-time_glam_volume_victim_volumizing_hair_mousse_300ml-1.png","contentUrl":"https:\/\/k-time.it\/wp-content\/uploads\/2020\/07\/23009_k-time_glam_volume_victim_volumizing_hair_mousse_300ml-1.png","width":600,"height":600,"caption":"Glam | Volume Victime \u2013 Mousse Volumizzante"},{"@type":"BreadcrumbList","@id":"https:\/\/k-time.it\/products\/finish-styling\/glam-volume-victime-mousse-volumizzante-olio-marula-vitamina\/#breadcrumb","itemListElement":[{"@type":"ListItem","position":1,"name":"Home","item":"https:\/\/k-time.it\/pt-pt\/"},{"@type":"ListItem","position":2,"name":"Shop","item":"https:\/\/k-time.it\/en\/negozio\/"},{"@type":"ListItem","position":3,"name":"Glam | Volume Victime \u2013 Mousse Volumizadora"}]},{"@type":"WebSite","@id":"https:\/\/k-time.it\/en\/#website","url":"https:\/\/k-time.it\/en\/","name":"K-time","description":"Hair Spa Treatments","publisher":{"@id":"https:\/\/k-time.it\/en\/#organization"},"potentialAction":[{"@type":"SearchAction","target":{"@type":"EntryPoint","urlTemplate":"https:\/\/k-time.it\/en\/?s={search_term_string}"},"query-input":{"@type":"PropertyValueSpecification","valueRequired":true,"valueName":"search_term_string"}}],"inLanguage":"pt-PT"},{"@type":"Organization","@id":"https:\/\/k-time.it\/en\/#organization","name":"K-time","url":"https:\/\/k-time.it\/en\/","logo":{"@type":"ImageObject","inLanguage":"pt-PT","@id":"https:\/\/k-time.it\/en\/#\/schema\/logo\/image\/","url":"","contentUrl":"","caption":"K-time"},"image":{"@id":"https:\/\/k-time.it\/en\/#\/schema\/logo\/image\/"}}]}},"_links":{"self":[{"href":"https:\/\/k-time.it\/pt-pt\/wp-json\/wp\/v2\/product\/6574","targetHints":{"allow":["GET"]}}],"collection":[{"href":"https:\/\/k-time.it\/pt-pt\/wp-json\/wp\/v2\/product"}],"about":[{"href":"https:\/\/k-time.it\/pt-pt\/wp-json\/wp\/v2\/types\/product"}],"wp:featuredmedia":[{"embeddable":true,"href":"https:\/\/k-time.it\/pt-pt\/wp-json\/wp\/v2\/media\/17943"}],"wp:attachment":[{"href":"https:\/\/k-time.it\/pt-pt\/wp-json\/wp\/v2\/media?parent=6574"}],"wp:term":[{"taxonomy":"product_brand","embeddable":true,"href":"https:\/\/k-time.it\/pt-pt\/wp-json\/wp\/v2\/product_brand?post=6574"},{"taxonomy":"product_cat","embeddable":true,"href":"https:\/\/k-time.it\/pt-pt\/wp-json\/wp\/v2\/product_cat?post=6574"},{"taxonomy":"product_tag","embeddable":true,"href":"https:\/\/k-time.it\/pt-pt\/wp-json\/wp\/v2\/product_tag?post=6574"}],"curies":[{"name":"wp","href":"https:\/\/api.w.org\/{rel}","templated":true}]}}