{"id":6544,"date":"2020-06-25T16:46:22","date_gmt":"2020-06-25T14:46:22","guid":{"rendered":"https:\/\/k-time.it\/products\/sem%20categoria\/over-force-tratamiento-intensivo-prevencion-caida\/"},"modified":"2021-06-22T16:53:11","modified_gmt":"2021-06-22T14:53:11","slug":"over-force-tratamento-intensivo-prevencao-queda","status":"publish","type":"product","link":"https:\/\/k-time.it\/pt-pt\/products\/treatments\/matirya\/over-force\/over-force-tratamento-intensivo-prevencao-queda\/","title":{"rendered":"Over Force | Tratamento Intensivo Preven\u00e7\u00e3o Queda"},"content":{"rendered":"<div class=\"wpb-content-wrapper\"><p>[vc_row disable_element=&#8221;yes&#8221;][vc_column][\/vc_column][\/vc_row][vc_row][vc_column width=&#8221;1\/2&#8243;]<div class=\"standard-arrow list-divider bullet-top\"><h2>F\u00f3rmula<\/h2>\n<div id=\"tab-altre-info\">\n<ul>\n<li><strong>Cafe\u00edna<\/strong>: estimula o fol\u00edculo piloso e combate a Di-hidrotestosterona, hormona respons\u00e1vel pela redu\u00e7\u00e3o da atividade dos pr\u00f3prios fol\u00edculos<\/li>\n<li><strong>Arginina<\/strong>: combate a queda e favorece o recrescimento dos cabelos<\/li>\n<li><strong>\u00d3leo essencial de\u00a0Gengibre<\/strong>: estimula o fluxo sangu\u00edneo do couro cabeludo, nutre e amplifica a densidade e resist\u00eancia da haste capilar<\/li>\n<li><strong>Pantenol<\/strong>: nutre os cabelos na raiz, combate a desidrata\u00e7\u00e3o e aumenta a robustez da haste capilar<\/li>\n<li><strong>Vitamina F<\/strong>: nutre e protege a integridade da membrana celular, estimulando a regenera\u00e7\u00e3o<\/li>\n<li><strong>Riboflavina<\/strong>: \u00e9 indispens\u00e1vel \u00e0 vida da c\u00e9lula e para ter pele e cabelos mais saud\u00e1veis e esplendorosos<\/li>\n<\/ul>\n<\/div>\n<\/div>[\/vc_column][vc_column width=&#8221;1\/2&#8243;]<div class=\"standard-arrow list-divider bullet-top\"><h2>Benef\u00edcios<\/h2>\n<div id=\"tab-benefits\">\n<ul>\n<li>Concebido para combater a\u00a0queda sazonal dos cabelos<\/li>\n<li>Elevada efic\u00e1cia e toler\u00e2ncia clinicamente testadas<\/li>\n<li>Implica uma\u00a0diminui\u00e7\u00e3o da queda dos cabelos em\u00a054%<\/li>\n<li>Enriquecido com ativos essenciais\u00a0para combater a queda,\u00a0proteger e nutrir\u00a0a haste capilar<\/li>\n<\/ul>\n<\/div>\n<\/div>[\/vc_column][\/vc_row][vc_row css=&#8221;.vc_custom_1595341806516{padding-top: 50px !important;}&#8221;][vc_column]<div class=\"dt-fancy-separator h2-size style-thick\" style=\"width: 100%;\"><div class=\"dt-fancy-title\" style=\"color: #333333;\"><span class=\"separator-holder separator-left\" style=\"border-color: #f0f0f0;\"><\/span>Rotina<span class=\"separator-holder separator-right\" style=\"border-color: #f0f0f0;\"><\/span><\/div><\/div>[vc_row_inner][vc_column_inner width=&#8221;1\/2&#8243;][vc_empty_space height=&#8221;15px&#8221;]<div class=\"standard-number-list list-divider bullet-top\"><ul>\n<li>\n<h5>K-time Treatment Brush<\/h5>\n<p>Escovar o cabelo com K-time Treatment Brush para eliminar as impurezas em excesso e pass\u00e1-lo por \u00e1gua.<\/li>\n<li>\n<h5>Deepure Tratamento Higienizante Pele<\/h5>\n<p>Aplicar na pele molhada, massajando delicadamente com movimentos rotativos. Deixar atuar por 3 minutos. N\u00e3o enxaguar.<\/li>\n<li>\n<h5>Over Force Champ\u00f4 Energizante Preven\u00e7\u00e3o Queda<\/h5>\n<p>Aplicar no couro cabeludo, massajando delicadamente. Deixar atuar e enxaguar bem. Repetir a opera\u00e7\u00e3o se necess\u00e1rio.<\/li>\n<li>\n<h5>Hydralize Fluido Regenerante Delicado<\/h5>\n<p>Ap\u00f3s o champ\u00f4 aplicar nos comprimentos. Deixar repousar 4 minutos. Pentear e enxaguar bem.<\/li>\n<li>\n<h5>Over Force Tratamento Intensivo Preven\u00e7\u00e3o Queda<strong><br \/>\n<\/strong><\/h5>\n<p>Depois de ter lavado e enxugado com a toalha, aplicar diretamente no couro cabeludo. Massajar delicadamente com movimentos circulares at\u00e9 absorver completamente. N\u00e3o enxaguar.<\/li>\n<\/ul>\n<\/div>[\/vc_column_inner][vc_column_inner width=&#8221;1\/2&#8243;][vc_empty_space height=&#8221;15px&#8221;][vc_column_text]Matirya Over Force \u00e9 o tratamento de preven\u00e7\u00e3o concebido para prevenir e combater a queda sazonal dos cabelos regenerando, fortificando e favorecendo o recrescimento.[\/vc_column_text][vc_video link=&#8221;https:\/\/youtu.be\/ZMYqKOG7rkE&#8221; align=&#8221;center&#8221;][\/vc_column_inner][\/vc_row_inner][\/vc_column][\/vc_row][vc_row css=&#8221;.vc_custom_1595341818903{padding-top: 50px !important;}&#8221;][vc_column]<div class=\"dt-fancy-separator h2-size style-thick\" style=\"width: 100%;\"><div class=\"dt-fancy-title\" style=\"color: #333333;\"><span class=\"separator-holder separator-left\" style=\"border-color: #f0f0f0;\"><\/span>Productos relacionados<span class=\"separator-holder separator-right\" style=\"border-color: #f0f0f0;\"><\/span><\/div><\/div>[vc_raw_html]W3dwYi1wcm9kdWN0LXNsaWRlci1zaG9ydGNvZGUgaWQ9Ijc5OSJd[\/vc_raw_html][\/vc_column][\/vc_row]<\/p>\n<\/div>","protected":false},"excerpt":{"rendered":"<p>O\u00a0<strong>tratamento intensivo preven\u00e7\u00e3o\u00a0queda<\/strong>\u00a0em ampolas\u00a0<strong>Over Force<\/strong>\u00a0\u00e9 constitu\u00eddo por uma lo\u00e7\u00e3o concebida para prevenir e combater as causas da queda sazonal dos\u00a0cabelos.<\/p>\n<p>A f\u00f3rmula renovada cont\u00e9m\u00a0[glossary_exclude]<strong>Arginina, \u00d3leo essencial de Gengibre, Cafe\u00edna, Pantenol, Vitamina F\u00a0<\/strong>e<strong>\u00a0Riboflavina<\/strong>[\/glossary_exclude], para refor\u00e7ar e nutrir o bulbo, reativando o ciclo vital do cabelo.<\/p>\n<p>Uso profissional<\/p>\n<p>Box 12 ampolas monodose de 8 ml<\/p>\n<p>&nbsp;<\/p>\n<p class=\"p1\"><span class=\"s1\">[vc_row][vc_column][ultimate_exp_section title=\" Como comprar\" new_title=\"Solicitar informa\u00e7\u00f5es de compra\" text_color=\"#ffffff\" background_color=\"#877650\" text_hovercolor=\"#ffffff\" bghovercolor=\"#877650\" title_active=\"#ffffff\" title_active_bg=\"#877650\" cnt_bg_color=\"#ffffff\" icon=\"icomoon-the7-font-icon-cart-detailed\" new_icon=\"icomoon-the7-font-the7-mail-011\" icon_align=\"left\" icon_size=\"20\" icon_color=\"#ffffff\" icon_hover_color=\"#ffffff\" icon_active_color=\"#ffffff\" title_font_size=\"desktop:16px;\" title_padding=\"padding-top:4px;padding-right:7px;padding-bottom:4px;padding-left:4px;\" icon_margin=\"margin-right:1px;\"][contact-form-7 id=\"496\"][\/ultimate_exp_section][\/vc_column][\/vc_row]<\/span><\/p>\n","protected":false},"featured_media":18183,"template":"","meta":[],"product_brand":[],"product_cat":[491,1043,1047],"product_tag":[],"class_list":{"0":"post-6544","1":"product","2":"type-product","3":"status-publish","4":"has-post-thumbnail","6":"product_cat-treatments","7":"product_cat-matirya","8":"product_cat-over-force","9":"description-off","11":"first","12":"instock","13":"shipping-taxable","14":"product-type-simple"},"yoast_head":"<!-- This site is optimized with the Yoast SEO plugin v26.8 - https:\/\/yoast.com\/product\/yoast-seo-wordpress\/ -->\n<title>Over Force | Tratamiento Intensivo Prevenci\u00f3n Ca\u00edda | K-time<\/title>\n<meta name=\"description\" content=\"O tratamento intensivo preven\u00e7\u00e3o queda em ampolas Over Force \u00e9 constitu\u00eddo por uma lo\u00e7\u00e3o concebida para prevenir e combater as causas da queda sazonal dos cabelos.\" \/>\n<meta name=\"robots\" content=\"index, follow, max-snippet:-1, max-image-preview:large, max-video-preview:-1\" \/>\n<link rel=\"canonical\" href=\"https:\/\/k-time.it\/pt-pt\/products\/treatments\/matirya\/over-force\/over-force-tratamento-intensivo-prevencao-queda\/\" \/>\n<meta property=\"og:locale\" content=\"pt_PT\" \/>\n<meta property=\"og:type\" content=\"article\" \/>\n<meta property=\"og:title\" content=\"Over Force | Tratamiento Intensivo Prevenci\u00f3n Ca\u00edda | K-time\" \/>\n<meta property=\"og:description\" content=\"O tratamento intensivo preven\u00e7\u00e3o queda em ampolas Over Force \u00e9 constitu\u00eddo por uma lo\u00e7\u00e3o concebida para prevenir e combater as causas da queda sazonal dos cabelos.\" \/>\n<meta property=\"og:url\" content=\"https:\/\/k-time.it\/pt-pt\/products\/treatments\/matirya\/over-force\/over-force-tratamento-intensivo-prevencao-queda\/\" \/>\n<meta property=\"og:site_name\" content=\"K-time\" \/>\n<meta property=\"article:modified_time\" content=\"2021-06-22T14:53:11+00:00\" \/>\n<meta property=\"og:image\" content=\"https:\/\/k-time.it\/wp-content\/uploads\/2020\/06\/22040_k-time_matirya_over_force_intensive_treatment_hair_loss_prevention.png\" \/>\n\t<meta property=\"og:image:width\" content=\"600\" \/>\n\t<meta property=\"og:image:height\" content=\"600\" \/>\n\t<meta property=\"og:image:type\" content=\"image\/png\" \/>\n<meta name=\"twitter:card\" content=\"summary_large_image\" \/>\n<meta name=\"twitter:label1\" content=\"Tempo estimado de leitura\" \/>\n\t<meta name=\"twitter:data1\" content=\"2 minutos\" \/>\n<script type=\"application\/ld+json\" class=\"yoast-schema-graph\">{\"@context\":\"https:\/\/schema.org\",\"@graph\":[{\"@type\":\"WebPage\",\"@id\":\"https:\/\/k-time.it\/pt-pt\/products\/treatments\/matirya\/over-force\/over-force-tratamento-intensivo-prevencao-queda\/\",\"url\":\"https:\/\/k-time.it\/pt-pt\/products\/treatments\/matirya\/over-force\/over-force-tratamento-intensivo-prevencao-queda\/\",\"name\":\"Over Force | Tratamiento Intensivo Prevenci\u00f3n Ca\u00edda | K-time\",\"isPartOf\":{\"@id\":\"https:\/\/k-time.it\/en\/#website\"},\"primaryImageOfPage\":{\"@id\":\"https:\/\/k-time.it\/pt-pt\/products\/treatments\/matirya\/over-force\/over-force-tratamento-intensivo-prevencao-queda\/#primaryimage\"},\"image\":{\"@id\":\"https:\/\/k-time.it\/pt-pt\/products\/treatments\/matirya\/over-force\/over-force-tratamento-intensivo-prevencao-queda\/#primaryimage\"},\"thumbnailUrl\":\"https:\/\/k-time.it\/wp-content\/uploads\/2020\/06\/22040_k-time_matirya_over_force_intensive_treatment_hair_loss_prevention.png\",\"datePublished\":\"2020-06-25T14:46:22+00:00\",\"dateModified\":\"2021-06-22T14:53:11+00:00\",\"description\":\"O tratamento intensivo preven\u00e7\u00e3o queda em ampolas Over Force \u00e9 constitu\u00eddo por uma lo\u00e7\u00e3o concebida para prevenir e combater as causas da queda sazonal dos cabelos.\",\"breadcrumb\":{\"@id\":\"https:\/\/k-time.it\/pt-pt\/products\/treatments\/matirya\/over-force\/over-force-tratamento-intensivo-prevencao-queda\/#breadcrumb\"},\"inLanguage\":\"pt-PT\",\"potentialAction\":[{\"@type\":\"ReadAction\",\"target\":[\"https:\/\/k-time.it\/pt-pt\/products\/treatments\/matirya\/over-force\/over-force-tratamento-intensivo-prevencao-queda\/\"]}]},{\"@type\":\"ImageObject\",\"inLanguage\":\"pt-PT\",\"@id\":\"https:\/\/k-time.it\/pt-pt\/products\/treatments\/matirya\/over-force\/over-force-tratamento-intensivo-prevencao-queda\/#primaryimage\",\"url\":\"https:\/\/k-time.it\/wp-content\/uploads\/2020\/06\/22040_k-time_matirya_over_force_intensive_treatment_hair_loss_prevention.png\",\"contentUrl\":\"https:\/\/k-time.it\/wp-content\/uploads\/2020\/06\/22040_k-time_matirya_over_force_intensive_treatment_hair_loss_prevention.png\",\"width\":600,\"height\":600,\"caption\":\"Over Force | Trattamento Intensivo Prevenzione Caduta\"},{\"@type\":\"BreadcrumbList\",\"@id\":\"https:\/\/k-time.it\/pt-pt\/products\/treatments\/matirya\/over-force\/over-force-tratamento-intensivo-prevencao-queda\/#breadcrumb\",\"itemListElement\":[{\"@type\":\"ListItem\",\"position\":1,\"name\":\"Home\",\"item\":\"https:\/\/k-time.it\/pt-pt\/\"},{\"@type\":\"ListItem\",\"position\":2,\"name\":\"Shop\",\"item\":\"https:\/\/k-time.it\/en\/negozio\/\"},{\"@type\":\"ListItem\",\"position\":3,\"name\":\"Over Force | Tratamento Intensivo Preven\u00e7\u00e3o Queda\"}]},{\"@type\":\"WebSite\",\"@id\":\"https:\/\/k-time.it\/en\/#website\",\"url\":\"https:\/\/k-time.it\/en\/\",\"name\":\"K-time\",\"description\":\"Hair Spa Treatments\",\"publisher\":{\"@id\":\"https:\/\/k-time.it\/en\/#organization\"},\"potentialAction\":[{\"@type\":\"SearchAction\",\"target\":{\"@type\":\"EntryPoint\",\"urlTemplate\":\"https:\/\/k-time.it\/en\/?s={search_term_string}\"},\"query-input\":{\"@type\":\"PropertyValueSpecification\",\"valueRequired\":true,\"valueName\":\"search_term_string\"}}],\"inLanguage\":\"pt-PT\"},{\"@type\":\"Organization\",\"@id\":\"https:\/\/k-time.it\/en\/#organization\",\"name\":\"K-time\",\"url\":\"https:\/\/k-time.it\/en\/\",\"logo\":{\"@type\":\"ImageObject\",\"inLanguage\":\"pt-PT\",\"@id\":\"https:\/\/k-time.it\/en\/#\/schema\/logo\/image\/\",\"url\":\"\",\"contentUrl\":\"\",\"caption\":\"K-time\"},\"image\":{\"@id\":\"https:\/\/k-time.it\/en\/#\/schema\/logo\/image\/\"}}]}<\/script>\n<!-- \/ Yoast SEO plugin. -->","yoast_head_json":{"title":"Over Force | Tratamiento Intensivo Prevenci\u00f3n Ca\u00edda | K-time","description":"O tratamento intensivo preven\u00e7\u00e3o queda em ampolas Over Force \u00e9 constitu\u00eddo por uma lo\u00e7\u00e3o concebida para prevenir e combater as causas da queda sazonal dos cabelos.","robots":{"index":"index","follow":"follow","max-snippet":"max-snippet:-1","max-image-preview":"max-image-preview:large","max-video-preview":"max-video-preview:-1"},"canonical":"https:\/\/k-time.it\/pt-pt\/products\/treatments\/matirya\/over-force\/over-force-tratamento-intensivo-prevencao-queda\/","og_locale":"pt_PT","og_type":"article","og_title":"Over Force | Tratamiento Intensivo Prevenci\u00f3n Ca\u00edda | K-time","og_description":"O tratamento intensivo preven\u00e7\u00e3o queda em ampolas Over Force \u00e9 constitu\u00eddo por uma lo\u00e7\u00e3o concebida para prevenir e combater as causas da queda sazonal dos cabelos.","og_url":"https:\/\/k-time.it\/pt-pt\/products\/treatments\/matirya\/over-force\/over-force-tratamento-intensivo-prevencao-queda\/","og_site_name":"K-time","article_modified_time":"2021-06-22T14:53:11+00:00","og_image":[{"width":600,"height":600,"url":"https:\/\/k-time.it\/wp-content\/uploads\/2020\/06\/22040_k-time_matirya_over_force_intensive_treatment_hair_loss_prevention.png","type":"image\/png"}],"twitter_card":"summary_large_image","twitter_misc":{"Tempo estimado de leitura":"2 minutos"},"schema":{"@context":"https:\/\/schema.org","@graph":[{"@type":"WebPage","@id":"https:\/\/k-time.it\/pt-pt\/products\/treatments\/matirya\/over-force\/over-force-tratamento-intensivo-prevencao-queda\/","url":"https:\/\/k-time.it\/pt-pt\/products\/treatments\/matirya\/over-force\/over-force-tratamento-intensivo-prevencao-queda\/","name":"Over Force | Tratamiento Intensivo Prevenci\u00f3n Ca\u00edda | K-time","isPartOf":{"@id":"https:\/\/k-time.it\/en\/#website"},"primaryImageOfPage":{"@id":"https:\/\/k-time.it\/pt-pt\/products\/treatments\/matirya\/over-force\/over-force-tratamento-intensivo-prevencao-queda\/#primaryimage"},"image":{"@id":"https:\/\/k-time.it\/pt-pt\/products\/treatments\/matirya\/over-force\/over-force-tratamento-intensivo-prevencao-queda\/#primaryimage"},"thumbnailUrl":"https:\/\/k-time.it\/wp-content\/uploads\/2020\/06\/22040_k-time_matirya_over_force_intensive_treatment_hair_loss_prevention.png","datePublished":"2020-06-25T14:46:22+00:00","dateModified":"2021-06-22T14:53:11+00:00","description":"O tratamento intensivo preven\u00e7\u00e3o queda em ampolas Over Force \u00e9 constitu\u00eddo por uma lo\u00e7\u00e3o concebida para prevenir e combater as causas da queda sazonal dos cabelos.","breadcrumb":{"@id":"https:\/\/k-time.it\/pt-pt\/products\/treatments\/matirya\/over-force\/over-force-tratamento-intensivo-prevencao-queda\/#breadcrumb"},"inLanguage":"pt-PT","potentialAction":[{"@type":"ReadAction","target":["https:\/\/k-time.it\/pt-pt\/products\/treatments\/matirya\/over-force\/over-force-tratamento-intensivo-prevencao-queda\/"]}]},{"@type":"ImageObject","inLanguage":"pt-PT","@id":"https:\/\/k-time.it\/pt-pt\/products\/treatments\/matirya\/over-force\/over-force-tratamento-intensivo-prevencao-queda\/#primaryimage","url":"https:\/\/k-time.it\/wp-content\/uploads\/2020\/06\/22040_k-time_matirya_over_force_intensive_treatment_hair_loss_prevention.png","contentUrl":"https:\/\/k-time.it\/wp-content\/uploads\/2020\/06\/22040_k-time_matirya_over_force_intensive_treatment_hair_loss_prevention.png","width":600,"height":600,"caption":"Over Force | Trattamento Intensivo Prevenzione Caduta"},{"@type":"BreadcrumbList","@id":"https:\/\/k-time.it\/pt-pt\/products\/treatments\/matirya\/over-force\/over-force-tratamento-intensivo-prevencao-queda\/#breadcrumb","itemListElement":[{"@type":"ListItem","position":1,"name":"Home","item":"https:\/\/k-time.it\/pt-pt\/"},{"@type":"ListItem","position":2,"name":"Shop","item":"https:\/\/k-time.it\/en\/negozio\/"},{"@type":"ListItem","position":3,"name":"Over Force | Tratamento Intensivo Preven\u00e7\u00e3o Queda"}]},{"@type":"WebSite","@id":"https:\/\/k-time.it\/en\/#website","url":"https:\/\/k-time.it\/en\/","name":"K-time","description":"Hair Spa Treatments","publisher":{"@id":"https:\/\/k-time.it\/en\/#organization"},"potentialAction":[{"@type":"SearchAction","target":{"@type":"EntryPoint","urlTemplate":"https:\/\/k-time.it\/en\/?s={search_term_string}"},"query-input":{"@type":"PropertyValueSpecification","valueRequired":true,"valueName":"search_term_string"}}],"inLanguage":"pt-PT"},{"@type":"Organization","@id":"https:\/\/k-time.it\/en\/#organization","name":"K-time","url":"https:\/\/k-time.it\/en\/","logo":{"@type":"ImageObject","inLanguage":"pt-PT","@id":"https:\/\/k-time.it\/en\/#\/schema\/logo\/image\/","url":"","contentUrl":"","caption":"K-time"},"image":{"@id":"https:\/\/k-time.it\/en\/#\/schema\/logo\/image\/"}}]}},"_links":{"self":[{"href":"https:\/\/k-time.it\/pt-pt\/wp-json\/wp\/v2\/product\/6544","targetHints":{"allow":["GET"]}}],"collection":[{"href":"https:\/\/k-time.it\/pt-pt\/wp-json\/wp\/v2\/product"}],"about":[{"href":"https:\/\/k-time.it\/pt-pt\/wp-json\/wp\/v2\/types\/product"}],"wp:featuredmedia":[{"embeddable":true,"href":"https:\/\/k-time.it\/pt-pt\/wp-json\/wp\/v2\/media\/18183"}],"wp:attachment":[{"href":"https:\/\/k-time.it\/pt-pt\/wp-json\/wp\/v2\/media?parent=6544"}],"wp:term":[{"taxonomy":"product_brand","embeddable":true,"href":"https:\/\/k-time.it\/pt-pt\/wp-json\/wp\/v2\/product_brand?post=6544"},{"taxonomy":"product_cat","embeddable":true,"href":"https:\/\/k-time.it\/pt-pt\/wp-json\/wp\/v2\/product_cat?post=6544"},{"taxonomy":"product_tag","embeddable":true,"href":"https:\/\/k-time.it\/pt-pt\/wp-json\/wp\/v2\/product_tag?post=6544"}],"curies":[{"name":"wp","href":"https:\/\/api.w.org\/{rel}","templated":true}]}}