{"id":6534,"date":"2020-06-25T16:46:22","date_gmt":"2020-06-25T14:46:22","guid":{"rendered":"https:\/\/k-time.it\/products\/sem%20categoria\/deepure-tratamiento-higienico-del-cuero-cabelludo-pre-treatment\/"},"modified":"2021-06-22T16:44:49","modified_gmt":"2021-06-22T14:44:49","slug":"deepure-tratamento-higienizante-pele-pre-treatment","status":"publish","type":"product","link":"https:\/\/k-time.it\/pt-pt\/products\/treatments\/matirya\/downdruff\/deepure-tratamento-higienizante-pele-pre-treatment\/","title":{"rendered":"Deepure | Tratamento Higienizante Pele \u2013 Pre-treatment"},"content":{"rendered":"<div class=\"wpb-content-wrapper\"><p>[vc_row disable_element=&#8221;yes&#8221;][vc_column]<div class=\"ult_exp_section_layer ult-adjust-bottom-margin  \" >\n\t\t<div id=\"uvc-exp-wrap-3891\" role=\"button\" tabindex=\"0\" aria-pressed=\"false\"  data-ultimate-target='#uvc-exp-wrap-3891'  data-responsive-json-new='{\"font-size\":\"desktop:16px;\",\"line-height\":\"desktop:20px;\"}'  class=\"ult_exp_section  ult-responsive \" style=\"color:#ffffff;background-color:#877650; font-weight:normal; padding-top:4px;padding-right:7px;padding-bottom:4px;padding-left:4px;text-align:center;\" data-textcolor=\"#ffffff\"data-texthover=\"#ffffff\"data-icncolor=\"#ffffff\"data-ihover=\"#ffffff\"data-height=\"0\"data-cntbg=\"#877650\"data-cnthvrbg=\"#877650\"data-headerbg=\"#877650\"data-headerhover=\"#877650\"data-title=\"Como comprar\"data-newtitle=\"Solicitar informa\u00e7\u00f5es de compra\"data-icon=\"icomoon-the7-font-icon-cart-detailed\"data-newicon=\"icomoon-the7-font-the7-mail-011\"data-activeicon=\"#ffffff\"data-effect=\"slideToggle\"data-override=\"0\"data-activetitle=\"#ffffff\"data-activebg=\"#877650\"data-img=\"\"data-newimg=\"\"><div class=\"ult_exp_section-main ult_expleft_icon\">\t<div class=\"ult-just-icon-wrapper ult_exp_icon\">\n\t\t\t\t\t<div class=\"align-icon \">\n\t\t\t\t\t\t\n<span class=\"aio-icon  none  ult_expsection_icon \"  style=\"color:#ffffff;font-size:20px;\">\n\t<i class=\"icomoon-the7-font-icon-cart-detailed ult_ex_icon\"  ><\/i>\n<\/span>\n\t\t\t\t\t<\/div>\n\t\t\t\t<\/div>\n\t\t\t\t<div class=\"ult_expheader\" >Como comprar\n\t\t\t\t<\/div>\n\t\t\t<\/div>\n\t\t<\/div><div class=\"ult_exp_content \" style=\"background-color:#ffffff;  \"><div class=\"ult_ecpsub_cont\" style=\" \" >\n<div class=\"wpcf7 no-js\" id=\"wpcf7-f6407-o1\" lang=\"pt-PT\" dir=\"ltr\" data-wpcf7-id=\"6407\">\n<div class=\"screen-reader-response\"><p role=\"status\" aria-live=\"polite\" aria-atomic=\"true\"><\/p> <ul><\/ul><\/div>\n<form action=\"\/pt-pt\/wp-json\/wp\/v2\/product\/6534#wpcf7-f6407-o1\" method=\"post\" class=\"wpcf7-form init\" aria-label=\"Formul\u00e1rio de contacto\" novalidate=\"novalidate\" data-status=\"init\">\n<fieldset class=\"hidden-fields-container\"><input type=\"hidden\" name=\"_wpcf7\" value=\"6407\" \/><input type=\"hidden\" name=\"_wpcf7_version\" value=\"6.1.4\" \/><input type=\"hidden\" name=\"_wpcf7_locale\" value=\"pt_PT\" \/><input type=\"hidden\" name=\"_wpcf7_unit_tag\" value=\"wpcf7-f6407-o1\" \/><input type=\"hidden\" name=\"_wpcf7_container_post\" value=\"0\" \/><input type=\"hidden\" name=\"_wpcf7_posted_data_hash\" value=\"\" \/><input type=\"hidden\" name=\"_wpcf7_recaptcha_response\" value=\"\" \/>\n<\/fieldset>\n<p>Nome\/Sobrenome*\n<\/p>\n<p><span class=\"wpcf7-form-control-wrap\" data-name=\"your-name\"><input size=\"40\" maxlength=\"400\" class=\"wpcf7-form-control wpcf7-text wpcf7-validates-as-required\" aria-required=\"true\" aria-invalid=\"false\" value=\"\" type=\"text\" name=\"your-name\" \/><\/span>\n<\/p>\n<p>Email*\n<\/p>\n<p><span class=\"wpcf7-form-control-wrap\" data-name=\"your-email\"><input size=\"40\" maxlength=\"400\" class=\"wpcf7-form-control wpcf7-email wpcf7-validates-as-required wpcf7-text wpcf7-validates-as-email\" aria-required=\"true\" aria-invalid=\"false\" value=\"\" type=\"email\" name=\"your-email\" \/><\/span>\n<\/p>\n<p>Estatuto*\n<\/p>\n<p><span class=\"wpcf7-form-control-wrap\" data-name=\"status\"><span class=\"wpcf7-form-control wpcf7-checkbox wpcf7-validates-as-required wpcf7-exclusive-checkbox\"><span class=\"wpcf7-list-item first\"><span class=\"wpcf7-list-item-label\">Profissional<\/span><input type=\"checkbox\" name=\"status\" value=\"Profissional\" \/><\/span><span class=\"wpcf7-list-item\"><span class=\"wpcf7-list-item-label\">Distribuidor<\/span><input type=\"checkbox\" name=\"status\" value=\"Distribuidor\" \/><\/span><span class=\"wpcf7-list-item last\"><span class=\"wpcf7-list-item-label\">Outro<\/span><input type=\"checkbox\" name=\"status\" value=\"Outro\" \/><\/span><\/span><\/span>\n<\/p>\n<p>Pa\u00eds*\n<\/p>\n<p><span class=\"wpcf7-form-control-wrap\" data-name=\"country\"><input size=\"40\" maxlength=\"400\" class=\"wpcf7-form-control wpcf7-text wpcf7-validates-as-required\" aria-required=\"true\" aria-invalid=\"false\" value=\"\" type=\"text\" name=\"country\" \/><\/span>\n<\/p>\n<p>Mensagem*\n<\/p>\n<p><span class=\"wpcf7-form-control-wrap\" data-name=\"your-message\"><textarea cols=\"40\" rows=\"10\" maxlength=\"2000\" class=\"wpcf7-form-control wpcf7-textarea wpcf7-validates-as-required\" aria-required=\"true\" aria-invalid=\"false\" name=\"your-message\"><\/textarea><\/span>\n<\/p>\n<p><span class=\"wpcf7-form-control-wrap\" data-name=\"acceptance-20\"><span class=\"wpcf7-form-control wpcf7-acceptance\"><span class=\"wpcf7-list-item\"><input type=\"checkbox\" name=\"acceptance-20\" value=\"1\" aria-invalid=\"false\" \/><\/span><\/span><\/span> I express my informed, specific and unconditional consent for the company Comprof Milano Srl to proceed with the processing of my personal data to process the requests for information transmitted, as better described in the <a href=\"https:\/\/k-time.it\/pt-pt\/privacy-policy\/\" target=\"_blank\" rel=\"noopener\">Privacy Policy<\/a>*\n<\/p>\n<p><small>Este site \u00e9 protegido pela <a href=\"https:\/\/policies.google.com\/privacy\">Pol\u00edtica de Privacidade<\/a> e <a href=\"https:\/\/policies.google.com\/terms\">Termos de Servi\u00e7o<\/a> do reCAPTCHA do Google.<\/small>\n<\/p>\n<p><input class=\"wpcf7-form-control wpcf7-submit has-spinner\" type=\"submit\" value=\"Enviar\" \/>\n<\/p><div class=\"wpcf7-response-output\" aria-hidden=\"true\"><\/div>\n<\/form>\n<\/div>\n<\/div><\/div>\n\n\t\t\t<\/div>[\/vc_column][\/vc_row][vc_row][vc_column width=&#8221;1\/2&#8243;]<div class=\"standard-arrow list-divider bullet-top\"><h2>F\u00f3rmula<\/h2>\n<div id=\"tab-altre-info\">\n<ul>\n<li><strong>Tea Tree Oil<\/strong>: possui preciosas propriedades curativas, desinfetantes, antibacterianas, cicatrizantes e antif\u00fangicas<\/li>\n<li><strong>Extrato de\u00a0Pr\u00f3polis<\/strong>: desenvolve uma a\u00e7\u00e3o purificante n\u00e3o agressiva, elimina a oleosidade e revitaliza o bulbo capilar<\/li>\n<li><strong>Anis estrelado<\/strong>: possui importantes fun\u00e7\u00f5es antimicrobianas, antif\u00fangicas, antioxidantes e de limpeza<\/li>\n<\/ul>\n<\/div>\n<\/div>[\/vc_column][vc_column width=&#8221;1\/2&#8243;]<div class=\"standard-arrow list-divider bullet-top\"><h2>Benef\u00edcios<\/h2>\n<ul>\n<li>Remove as\u00a0impurezas do couro cabeludo<\/li>\n<li>Favorece a oxigena\u00e7\u00e3o da pele<\/li>\n<li>Prepara a pele para receber os tratamentos espec\u00edficos Matirya<\/li>\n<\/ul>\n<\/div>[\/vc_column][\/vc_row][vc_row css=&#8221;.vc_custom_1595341818903{padding-top: 50px !important;}&#8221;][vc_column]<div class=\"dt-fancy-separator h2-size style-thick\" style=\"width: 100%;\"><div class=\"dt-fancy-title\" style=\"color: #333333;\"><span class=\"separator-holder separator-left\" style=\"border-color: #f0f0f0;\"><\/span>Produtos relacionados <span class=\"separator-holder separator-right\" style=\"border-color: #f0f0f0;\"><\/span><\/div><\/div>[vc_raw_html]JTVCd3BiLXByb2R1Y3Qtc2xpZGVyLXNob3J0Y29kZSUyMGlkJTNEJTIyNzg3JTIyJTVE[\/vc_raw_html][\/vc_column][\/vc_row]<\/p>\n<\/div>","protected":false},"excerpt":{"rendered":"<div class=\"woocommerce-product-details__short-description\">\n<div class=\"woocommerce-product-details__short-description\">\n<p><strong>Deepure<\/strong>\u00a0\u00e9 uma<strong>\u00a0lo\u00e7\u00e3o higienizante<\/strong>\u00a0para a pele \u00e0 base de\u00a0<strong>[glossary_exclude]Tea Tree Oil, Extrato de Pr\u00f3polis<\/strong>\u00a0e\u00a0<strong>Anis estrelado[\/glossary_exclude].<\/strong><\/p>\n<p>Indispens\u00e1vel para <strong>remover as impurezas<\/strong> do couro cabeludo, favorecendo a sua oxigena\u00e7\u00e3o, e para prepar\u00e1-lo para os<a href=\"https:\/\/k-time.it\/pt-pt\/cat\/treatments\/matirya\/\"> tratamentos\u00a0Matirya<\/a>, os rituais da K-time idealizados para combater as diversas problem\u00e1ticas associadas \u00e0 pele que afligem os cabelos.<\/p>\n<p>Formato 200 ml<\/p>\n<\/div>\n<p>&nbsp;<\/p>\n<p>[vc_row][vc_column][ultimate_exp_section title=\"Como comprar\" new_title=\"Solicitar informa\u00e7\u00f5es de compra\" text_color=\"#ffffff\" background_color=\"#877650\" text_hovercolor=\"#ffffff\" bghovercolor=\"#877650\" title_active=\"#ffffff\" title_active_bg=\"#877650\" cnt_bg_color=\"#ffffff\" icon=\"icomoon-the7-font-icon-cart-detailed\" new_icon=\"icomoon-the7-font-the7-mail-011\" icon_align=\"left\" icon_size=\"20\" icon_color=\"#ffffff\" icon_hover_color=\"#ffffff\" icon_active_color=\"#ffffff\" title_font_size=\"desktop:16px;\" title_padding=\"padding-top:4px;padding-right:7px;padding-bottom:4px;padding-left:4px;\" icon_margin=\"margin-right:1px;\"][contact-form-7 id=\"496\"][\/ultimate_exp_section][\/vc_column][\/vc_row]<\/p>\n<\/div>\n","protected":false},"featured_media":18106,"template":"","meta":[],"product_brand":[],"product_cat":[491,1043,1049,1042,1047,1045],"product_tag":[],"class_list":{"0":"post-6534","1":"product","2":"type-product","3":"status-publish","4":"has-post-thumbnail","6":"product_cat-treatments","7":"product_cat-matirya","8":"product_cat-densi-on","9":"product_cat-downdruff","10":"product_cat-over-force","11":"product_cat-sebolution","12":"description-off","14":"first","15":"instock","16":"shipping-taxable","17":"product-type-simple"},"yoast_head":"<!-- This site is optimized with the Yoast SEO plugin v26.8 - https:\/\/yoast.com\/product\/yoast-seo-wordpress\/ -->\n<title>Deepure | Tratamento Higienizante Pele \u2013 Pre-treatment - K-time<\/title>\n<meta name=\"description\" content=\"Deepure \u00e9 uma lo\u00e7\u00e3o higienizante para a pele \u00e0 base de Tea Tree Oil, Extrato de Pr\u00f3polis e Anis estrelado.\" \/>\n<meta name=\"robots\" content=\"index, follow, max-snippet:-1, max-image-preview:large, max-video-preview:-1\" \/>\n<link rel=\"canonical\" href=\"https:\/\/k-time.it\/products\/treatments\/matirya\/over-force\/deepure-trattamento-igienizzante-cute\/\" \/>\n<meta property=\"og:locale\" content=\"pt_PT\" \/>\n<meta property=\"og:type\" content=\"article\" \/>\n<meta property=\"og:title\" content=\"Deepure | Tratamento Higienizante Pele \u2013 Pre-treatment - K-time\" \/>\n<meta property=\"og:description\" content=\"Deepure \u00e9 uma lo\u00e7\u00e3o higienizante para a pele \u00e0 base de Tea Tree Oil, Extrato de Pr\u00f3polis e Anis estrelado.\" \/>\n<meta property=\"og:url\" content=\"https:\/\/k-time.it\/products\/treatments\/matirya\/over-force\/deepure-trattamento-igienizzante-cute\/\" \/>\n<meta property=\"og:site_name\" content=\"K-time\" \/>\n<meta property=\"article:modified_time\" content=\"2021-06-22T14:44:49+00:00\" \/>\n<meta property=\"og:image\" content=\"https:\/\/k-time.it\/wp-content\/uploads\/2020\/06\/22038_k-time_matirya_deepure_scalp_sanitizing_tratment_200ml.png\" \/>\n\t<meta property=\"og:image:width\" content=\"600\" \/>\n\t<meta property=\"og:image:height\" content=\"600\" \/>\n\t<meta property=\"og:image:type\" content=\"image\/png\" \/>\n<meta name=\"twitter:card\" content=\"summary_large_image\" \/>\n<meta name=\"twitter:label1\" content=\"Tempo estimado de leitura\" \/>\n\t<meta name=\"twitter:data1\" content=\"1 minuto\" \/>\n<script type=\"application\/ld+json\" class=\"yoast-schema-graph\">{\"@context\":\"https:\/\/schema.org\",\"@graph\":[{\"@type\":\"WebPage\",\"@id\":\"https:\/\/k-time.it\/products\/treatments\/matirya\/over-force\/deepure-trattamento-igienizzante-cute\/\",\"url\":\"https:\/\/k-time.it\/products\/treatments\/matirya\/over-force\/deepure-trattamento-igienizzante-cute\/\",\"name\":\"Deepure | Tratamento Higienizante Pele \u2013 Pre-treatment - K-time\",\"isPartOf\":{\"@id\":\"https:\/\/k-time.it\/en\/#website\"},\"primaryImageOfPage\":{\"@id\":\"https:\/\/k-time.it\/products\/treatments\/matirya\/over-force\/deepure-trattamento-igienizzante-cute\/#primaryimage\"},\"image\":{\"@id\":\"https:\/\/k-time.it\/products\/treatments\/matirya\/over-force\/deepure-trattamento-igienizzante-cute\/#primaryimage\"},\"thumbnailUrl\":\"https:\/\/k-time.it\/wp-content\/uploads\/2020\/06\/22038_k-time_matirya_deepure_scalp_sanitizing_tratment_200ml.png\",\"datePublished\":\"2020-06-25T14:46:22+00:00\",\"dateModified\":\"2021-06-22T14:44:49+00:00\",\"description\":\"Deepure \u00e9 uma lo\u00e7\u00e3o higienizante para a pele \u00e0 base de Tea Tree Oil, Extrato de Pr\u00f3polis e Anis estrelado.\",\"breadcrumb\":{\"@id\":\"https:\/\/k-time.it\/products\/treatments\/matirya\/over-force\/deepure-trattamento-igienizzante-cute\/#breadcrumb\"},\"inLanguage\":\"pt-PT\",\"potentialAction\":[{\"@type\":\"ReadAction\",\"target\":[\"https:\/\/k-time.it\/products\/treatments\/matirya\/over-force\/deepure-trattamento-igienizzante-cute\/\"]}]},{\"@type\":\"ImageObject\",\"inLanguage\":\"pt-PT\",\"@id\":\"https:\/\/k-time.it\/products\/treatments\/matirya\/over-force\/deepure-trattamento-igienizzante-cute\/#primaryimage\",\"url\":\"https:\/\/k-time.it\/wp-content\/uploads\/2020\/06\/22038_k-time_matirya_deepure_scalp_sanitizing_tratment_200ml.png\",\"contentUrl\":\"https:\/\/k-time.it\/wp-content\/uploads\/2020\/06\/22038_k-time_matirya_deepure_scalp_sanitizing_tratment_200ml.png\",\"width\":600,\"height\":600,\"caption\":\"Deepure | Trattamento Igienizzante Cute\"},{\"@type\":\"BreadcrumbList\",\"@id\":\"https:\/\/k-time.it\/products\/treatments\/matirya\/over-force\/deepure-trattamento-igienizzante-cute\/#breadcrumb\",\"itemListElement\":[{\"@type\":\"ListItem\",\"position\":1,\"name\":\"Home\",\"item\":\"https:\/\/k-time.it\/pt-pt\/\"},{\"@type\":\"ListItem\",\"position\":2,\"name\":\"Shop\",\"item\":\"https:\/\/k-time.it\/en\/negozio\/\"},{\"@type\":\"ListItem\",\"position\":3,\"name\":\"Deepure | Tratamento Higienizante Pele \u2013 Pre-treatment\"}]},{\"@type\":\"WebSite\",\"@id\":\"https:\/\/k-time.it\/en\/#website\",\"url\":\"https:\/\/k-time.it\/en\/\",\"name\":\"K-time\",\"description\":\"Hair Spa Treatments\",\"publisher\":{\"@id\":\"https:\/\/k-time.it\/en\/#organization\"},\"potentialAction\":[{\"@type\":\"SearchAction\",\"target\":{\"@type\":\"EntryPoint\",\"urlTemplate\":\"https:\/\/k-time.it\/en\/?s={search_term_string}\"},\"query-input\":{\"@type\":\"PropertyValueSpecification\",\"valueRequired\":true,\"valueName\":\"search_term_string\"}}],\"inLanguage\":\"pt-PT\"},{\"@type\":\"Organization\",\"@id\":\"https:\/\/k-time.it\/en\/#organization\",\"name\":\"K-time\",\"url\":\"https:\/\/k-time.it\/en\/\",\"logo\":{\"@type\":\"ImageObject\",\"inLanguage\":\"pt-PT\",\"@id\":\"https:\/\/k-time.it\/en\/#\/schema\/logo\/image\/\",\"url\":\"\",\"contentUrl\":\"\",\"caption\":\"K-time\"},\"image\":{\"@id\":\"https:\/\/k-time.it\/en\/#\/schema\/logo\/image\/\"}}]}<\/script>\n<!-- \/ Yoast SEO plugin. -->","yoast_head_json":{"title":"Deepure | Tratamento Higienizante Pele \u2013 Pre-treatment - K-time","description":"Deepure \u00e9 uma lo\u00e7\u00e3o higienizante para a pele \u00e0 base de Tea Tree Oil, Extrato de Pr\u00f3polis e Anis estrelado.","robots":{"index":"index","follow":"follow","max-snippet":"max-snippet:-1","max-image-preview":"max-image-preview:large","max-video-preview":"max-video-preview:-1"},"canonical":"https:\/\/k-time.it\/products\/treatments\/matirya\/over-force\/deepure-trattamento-igienizzante-cute\/","og_locale":"pt_PT","og_type":"article","og_title":"Deepure | Tratamento Higienizante Pele \u2013 Pre-treatment - K-time","og_description":"Deepure \u00e9 uma lo\u00e7\u00e3o higienizante para a pele \u00e0 base de Tea Tree Oil, Extrato de Pr\u00f3polis e Anis estrelado.","og_url":"https:\/\/k-time.it\/products\/treatments\/matirya\/over-force\/deepure-trattamento-igienizzante-cute\/","og_site_name":"K-time","article_modified_time":"2021-06-22T14:44:49+00:00","og_image":[{"width":600,"height":600,"url":"https:\/\/k-time.it\/wp-content\/uploads\/2020\/06\/22038_k-time_matirya_deepure_scalp_sanitizing_tratment_200ml.png","type":"image\/png"}],"twitter_card":"summary_large_image","twitter_misc":{"Tempo estimado de leitura":"1 minuto"},"schema":{"@context":"https:\/\/schema.org","@graph":[{"@type":"WebPage","@id":"https:\/\/k-time.it\/products\/treatments\/matirya\/over-force\/deepure-trattamento-igienizzante-cute\/","url":"https:\/\/k-time.it\/products\/treatments\/matirya\/over-force\/deepure-trattamento-igienizzante-cute\/","name":"Deepure | Tratamento Higienizante Pele \u2013 Pre-treatment - K-time","isPartOf":{"@id":"https:\/\/k-time.it\/en\/#website"},"primaryImageOfPage":{"@id":"https:\/\/k-time.it\/products\/treatments\/matirya\/over-force\/deepure-trattamento-igienizzante-cute\/#primaryimage"},"image":{"@id":"https:\/\/k-time.it\/products\/treatments\/matirya\/over-force\/deepure-trattamento-igienizzante-cute\/#primaryimage"},"thumbnailUrl":"https:\/\/k-time.it\/wp-content\/uploads\/2020\/06\/22038_k-time_matirya_deepure_scalp_sanitizing_tratment_200ml.png","datePublished":"2020-06-25T14:46:22+00:00","dateModified":"2021-06-22T14:44:49+00:00","description":"Deepure \u00e9 uma lo\u00e7\u00e3o higienizante para a pele \u00e0 base de Tea Tree Oil, Extrato de Pr\u00f3polis e Anis estrelado.","breadcrumb":{"@id":"https:\/\/k-time.it\/products\/treatments\/matirya\/over-force\/deepure-trattamento-igienizzante-cute\/#breadcrumb"},"inLanguage":"pt-PT","potentialAction":[{"@type":"ReadAction","target":["https:\/\/k-time.it\/products\/treatments\/matirya\/over-force\/deepure-trattamento-igienizzante-cute\/"]}]},{"@type":"ImageObject","inLanguage":"pt-PT","@id":"https:\/\/k-time.it\/products\/treatments\/matirya\/over-force\/deepure-trattamento-igienizzante-cute\/#primaryimage","url":"https:\/\/k-time.it\/wp-content\/uploads\/2020\/06\/22038_k-time_matirya_deepure_scalp_sanitizing_tratment_200ml.png","contentUrl":"https:\/\/k-time.it\/wp-content\/uploads\/2020\/06\/22038_k-time_matirya_deepure_scalp_sanitizing_tratment_200ml.png","width":600,"height":600,"caption":"Deepure | Trattamento Igienizzante Cute"},{"@type":"BreadcrumbList","@id":"https:\/\/k-time.it\/products\/treatments\/matirya\/over-force\/deepure-trattamento-igienizzante-cute\/#breadcrumb","itemListElement":[{"@type":"ListItem","position":1,"name":"Home","item":"https:\/\/k-time.it\/pt-pt\/"},{"@type":"ListItem","position":2,"name":"Shop","item":"https:\/\/k-time.it\/en\/negozio\/"},{"@type":"ListItem","position":3,"name":"Deepure | Tratamento Higienizante Pele \u2013 Pre-treatment"}]},{"@type":"WebSite","@id":"https:\/\/k-time.it\/en\/#website","url":"https:\/\/k-time.it\/en\/","name":"K-time","description":"Hair Spa Treatments","publisher":{"@id":"https:\/\/k-time.it\/en\/#organization"},"potentialAction":[{"@type":"SearchAction","target":{"@type":"EntryPoint","urlTemplate":"https:\/\/k-time.it\/en\/?s={search_term_string}"},"query-input":{"@type":"PropertyValueSpecification","valueRequired":true,"valueName":"search_term_string"}}],"inLanguage":"pt-PT"},{"@type":"Organization","@id":"https:\/\/k-time.it\/en\/#organization","name":"K-time","url":"https:\/\/k-time.it\/en\/","logo":{"@type":"ImageObject","inLanguage":"pt-PT","@id":"https:\/\/k-time.it\/en\/#\/schema\/logo\/image\/","url":"","contentUrl":"","caption":"K-time"},"image":{"@id":"https:\/\/k-time.it\/en\/#\/schema\/logo\/image\/"}}]}},"_links":{"self":[{"href":"https:\/\/k-time.it\/pt-pt\/wp-json\/wp\/v2\/product\/6534","targetHints":{"allow":["GET"]}}],"collection":[{"href":"https:\/\/k-time.it\/pt-pt\/wp-json\/wp\/v2\/product"}],"about":[{"href":"https:\/\/k-time.it\/pt-pt\/wp-json\/wp\/v2\/types\/product"}],"wp:featuredmedia":[{"embeddable":true,"href":"https:\/\/k-time.it\/pt-pt\/wp-json\/wp\/v2\/media\/18106"}],"wp:attachment":[{"href":"https:\/\/k-time.it\/pt-pt\/wp-json\/wp\/v2\/media?parent=6534"}],"wp:term":[{"taxonomy":"product_brand","embeddable":true,"href":"https:\/\/k-time.it\/pt-pt\/wp-json\/wp\/v2\/product_brand?post=6534"},{"taxonomy":"product_cat","embeddable":true,"href":"https:\/\/k-time.it\/pt-pt\/wp-json\/wp\/v2\/product_cat?post=6534"},{"taxonomy":"product_tag","embeddable":true,"href":"https:\/\/k-time.it\/pt-pt\/wp-json\/wp\/v2\/product_tag?post=6534"}],"curies":[{"name":"wp","href":"https:\/\/api.w.org\/{rel}","templated":true}]}}