{"id":6399,"date":"2020-06-25T16:46:28","date_gmt":"2020-06-25T14:46:28","guid":{"rendered":"https:\/\/k-time.it\/products\/sem%20categoria\/avant-curl-tratamiento-elastificante-alta-definicion-500-ml\/"},"modified":"2021-06-22T13:10:50","modified_gmt":"2021-06-22T11:10:50","slug":"tratamento-elasticizante-alta-definicao-500-ml","status":"publish","type":"product","link":"https:\/\/k-time.it\/pt-pt\/products\/treatments\/somnia\/avant-curl\/tratamento-elasticizante-alta-definicao-500-ml\/","title":{"rendered":"Avant Curl | Tratamento Elasticizante Alta Defini\u00e7\u00e3o"},"content":{"rendered":"<div class=\"wpb-content-wrapper\"><p>[vc_row disable_element=&#8221;yes&#8221;][vc_column][\/vc_column][\/vc_row][vc_row][vc_column width=&#8221;1\/2&#8243;]<div class=\"standard-arrow list-divider bullet-top\"><h2>F\u00f3rmula<\/h2>\n<div id=\"tab-altre-info\">\n<ul>\n<li><strong>Alo\u00e9 Vera<\/strong>: nutre em profundidade a haste e confere ao cabelo corpo e luminosidade<\/li>\n<li><strong>Cassis<\/strong>: rico em \u00e1cidos gordos essenciais, atua nos cabelos com emolientes ideais para a suavidade do cabelo<\/li>\n<\/ul>\n<\/div>\n<\/div>[\/vc_column][vc_column width=&#8221;1\/2&#8243;]<div class=\"standard-arrow list-divider bullet-top\"><h2>Benef\u00edcios<\/h2>\n<div id=\"tab-benefits\">\n<ul>\n<li>Disciplina o cabelo, neutralizando as cargas eletrost\u00e1ticas<\/li>\n<li>Protege e\u00a0nutre\u00a0os cabelos sem pesar<\/li>\n<li>Confere uma luminosidade intensa e\u00a0uma defini\u00e7\u00e3o perfeita\u00a0para os carac\u00f3is<\/li>\n<li>Deixa os carac\u00f3is ondulados\u00a0e densos<\/li>\n<\/ul>\n<\/div>\n<\/div>[\/vc_column][\/vc_row][vc_row css=&#8221;.vc_custom_1595317695114{padding-top: 50px !important;}&#8221;][vc_column]<div class=\"dt-fancy-separator h2-size style-thick\" style=\"width: 100%;\"><div class=\"dt-fancy-title\" style=\"color: #333333;\"><span class=\"separator-holder separator-left\" style=\"border-color: #f0f0f0;\"><\/span>Productos relacionados<span class=\"separator-holder separator-right\" style=\"border-color: #f0f0f0;\"><\/span><\/div><\/div>[vc_raw_html]W3dwYi1wcm9kdWN0LXNsaWRlci1zaG9ydGNvZGUgaWQ9IjE3NzkiXQ==[\/vc_raw_html][\/vc_column][\/vc_row]<\/p>\n<\/div>","protected":false},"excerpt":{"rendered":"<p><strong>Tratamento elasticizante de alta defini\u00e7\u00e3o<\/strong>\u00a0Avant Curl\u00a0para cabelos encaracolados e rebeldes com\u00a0[glossary_exclude]<strong>Alo\u00e9 Vera\u00a0<\/strong>e\u00a0<strong>Cassis<\/strong>.[\/glossary_exclude]<br \/>\n<strong>Disciplina o cabelo<\/strong>, neutralizando as cargas eletrost\u00e1ticas.<br \/>\nProtege e nutre\u00a0sem pesar, conferindo uma intensa luminosidade e uma\u00a0<strong>perfeita defini\u00e7\u00e3o<\/strong>\u00a0para\u00a0carac\u00f3is ondulados e densos.<\/p>\n<p>Uso profissional<\/p>\n<p>Formato 500 m<\/p>\n<p>&nbsp;<br \/>\n[vc_row][vc_column][ultimate_exp_section title=\" Como comprar\" new_title=\"Solicitar informa\u00e7\u00f5es de compra\" text_color=\"#ffffff\" background_color=\"#877650\" text_hovercolor=\"#ffffff\" bghovercolor=\"#877650\" title_active=\"#ffffff\" title_active_bg=\"#877650\" cnt_bg_color=\"#ffffff\" icon=\"icomoon-the7-font-icon-cart-detailed\" new_icon=\"icomoon-the7-font-the7-mail-011\" icon_align=\"left\" icon_size=\"20\" icon_color=\"#ffffff\" icon_hover_color=\"#ffffff\" icon_active_color=\"#ffffff\" title_font_size=\"desktop:16px;\" title_padding=\"padding-top:4px;padding-right:7px;padding-bottom:4px;padding-left:4px;\" icon_margin=\"margin-right:1px;\"][contact-form-7 id=\"496\"][\/ultimate_exp_section][\/vc_column][\/vc_row]<\/p>\n","protected":false},"featured_media":18428,"template":"","meta":[],"product_brand":[],"product_cat":[491,1035,1057],"product_tag":[],"class_list":{"0":"post-6399","1":"product","2":"type-product","3":"status-publish","4":"has-post-thumbnail","6":"product_cat-treatments","7":"product_cat-somnia","8":"product_cat-avant-curl","9":"description-off","11":"first","12":"instock","13":"shipping-taxable","14":"product-type-simple"},"yoast_head":"<!-- This site is optimized with the Yoast SEO plugin v26.8 - https:\/\/yoast.com\/product\/yoast-seo-wordpress\/ -->\n<title>Avant Curl | Tratamiento Elastificante Alta Definici\u00f3n | K-time<\/title>\n<meta name=\"description\" content=\"Tratamento elasticizante de alta defini\u00e7\u00e3o Avant Curl para cabelos encaracolados e rebeldes com Alo\u00e9 Vera e Cassis.Disciplina o cabelo, neutralizando as cargas eletrost\u00e1ticas.\" \/>\n<meta name=\"robots\" content=\"index, follow, max-snippet:-1, max-image-preview:large, max-video-preview:-1\" \/>\n<link rel=\"canonical\" href=\"https:\/\/k-time.it\/pt-pt\/products\/treatments\/somnia\/avant-curl\/tratamento-elasticizante-alta-definicao-500-ml\/\" \/>\n<meta property=\"og:locale\" content=\"pt_PT\" \/>\n<meta property=\"og:type\" content=\"article\" \/>\n<meta property=\"og:title\" content=\"Avant Curl | Tratamiento Elastificante Alta Definici\u00f3n | K-time\" \/>\n<meta property=\"og:description\" content=\"Tratamento elasticizante de alta defini\u00e7\u00e3o Avant Curl para cabelos encaracolados e rebeldes com Alo\u00e9 Vera e Cassis.Disciplina o cabelo, neutralizando as cargas eletrost\u00e1ticas.\" \/>\n<meta property=\"og:url\" content=\"https:\/\/k-time.it\/pt-pt\/products\/treatments\/somnia\/avant-curl\/tratamento-elasticizante-alta-definicao-500-ml\/\" \/>\n<meta property=\"og:site_name\" content=\"K-time\" \/>\n<meta property=\"article:modified_time\" content=\"2021-06-22T11:10:50+00:00\" \/>\n<meta property=\"og:image\" content=\"https:\/\/k-time.it\/wp-content\/uploads\/2020\/06\/22076_k-time_somnia_avant_curl_high_definition_curling_treatment_500ml.png\" \/>\n\t<meta property=\"og:image:width\" content=\"600\" \/>\n\t<meta property=\"og:image:height\" content=\"600\" \/>\n\t<meta property=\"og:image:type\" content=\"image\/png\" \/>\n<meta name=\"twitter:card\" content=\"summary_large_image\" \/>\n<meta name=\"twitter:label1\" content=\"Tempo estimado de leitura\" \/>\n\t<meta name=\"twitter:data1\" content=\"1 minuto\" \/>\n<script type=\"application\/ld+json\" class=\"yoast-schema-graph\">{\"@context\":\"https:\/\/schema.org\",\"@graph\":[{\"@type\":\"WebPage\",\"@id\":\"https:\/\/k-time.it\/pt-pt\/products\/treatments\/somnia\/avant-curl\/tratamento-elasticizante-alta-definicao-500-ml\/\",\"url\":\"https:\/\/k-time.it\/pt-pt\/products\/treatments\/somnia\/avant-curl\/tratamento-elasticizante-alta-definicao-500-ml\/\",\"name\":\"Avant Curl | Tratamiento Elastificante Alta Definici\u00f3n | K-time\",\"isPartOf\":{\"@id\":\"https:\/\/k-time.it\/en\/#website\"},\"primaryImageOfPage\":{\"@id\":\"https:\/\/k-time.it\/pt-pt\/products\/treatments\/somnia\/avant-curl\/tratamento-elasticizante-alta-definicao-500-ml\/#primaryimage\"},\"image\":{\"@id\":\"https:\/\/k-time.it\/pt-pt\/products\/treatments\/somnia\/avant-curl\/tratamento-elasticizante-alta-definicao-500-ml\/#primaryimage\"},\"thumbnailUrl\":\"https:\/\/k-time.it\/wp-content\/uploads\/2020\/06\/22076_k-time_somnia_avant_curl_high_definition_curling_treatment_500ml.png\",\"datePublished\":\"2020-06-25T14:46:28+00:00\",\"dateModified\":\"2021-06-22T11:10:50+00:00\",\"description\":\"Tratamento elasticizante de alta defini\u00e7\u00e3o Avant Curl para cabelos encaracolados e rebeldes com Alo\u00e9 Vera e Cassis.Disciplina o cabelo, neutralizando as cargas eletrost\u00e1ticas.\",\"breadcrumb\":{\"@id\":\"https:\/\/k-time.it\/pt-pt\/products\/treatments\/somnia\/avant-curl\/tratamento-elasticizante-alta-definicao-500-ml\/#breadcrumb\"},\"inLanguage\":\"pt-PT\",\"potentialAction\":[{\"@type\":\"ReadAction\",\"target\":[\"https:\/\/k-time.it\/pt-pt\/products\/treatments\/somnia\/avant-curl\/tratamento-elasticizante-alta-definicao-500-ml\/\"]}]},{\"@type\":\"ImageObject\",\"inLanguage\":\"pt-PT\",\"@id\":\"https:\/\/k-time.it\/pt-pt\/products\/treatments\/somnia\/avant-curl\/tratamento-elasticizante-alta-definicao-500-ml\/#primaryimage\",\"url\":\"https:\/\/k-time.it\/wp-content\/uploads\/2020\/06\/22076_k-time_somnia_avant_curl_high_definition_curling_treatment_500ml.png\",\"contentUrl\":\"https:\/\/k-time.it\/wp-content\/uploads\/2020\/06\/22076_k-time_somnia_avant_curl_high_definition_curling_treatment_500ml.png\",\"width\":600,\"height\":600,\"caption\":\"Avant Curl | Trattamento Elasticizzante Alta Definizione\"},{\"@type\":\"BreadcrumbList\",\"@id\":\"https:\/\/k-time.it\/pt-pt\/products\/treatments\/somnia\/avant-curl\/tratamento-elasticizante-alta-definicao-500-ml\/#breadcrumb\",\"itemListElement\":[{\"@type\":\"ListItem\",\"position\":1,\"name\":\"Home\",\"item\":\"https:\/\/k-time.it\/pt-pt\/\"},{\"@type\":\"ListItem\",\"position\":2,\"name\":\"Shop\",\"item\":\"https:\/\/k-time.it\/en\/negozio\/\"},{\"@type\":\"ListItem\",\"position\":3,\"name\":\"Avant Curl | Tratamento Elasticizante Alta Defini\u00e7\u00e3o\"}]},{\"@type\":\"WebSite\",\"@id\":\"https:\/\/k-time.it\/en\/#website\",\"url\":\"https:\/\/k-time.it\/en\/\",\"name\":\"K-time\",\"description\":\"Hair Spa Treatments\",\"publisher\":{\"@id\":\"https:\/\/k-time.it\/en\/#organization\"},\"potentialAction\":[{\"@type\":\"SearchAction\",\"target\":{\"@type\":\"EntryPoint\",\"urlTemplate\":\"https:\/\/k-time.it\/en\/?s={search_term_string}\"},\"query-input\":{\"@type\":\"PropertyValueSpecification\",\"valueRequired\":true,\"valueName\":\"search_term_string\"}}],\"inLanguage\":\"pt-PT\"},{\"@type\":\"Organization\",\"@id\":\"https:\/\/k-time.it\/en\/#organization\",\"name\":\"K-time\",\"url\":\"https:\/\/k-time.it\/en\/\",\"logo\":{\"@type\":\"ImageObject\",\"inLanguage\":\"pt-PT\",\"@id\":\"https:\/\/k-time.it\/en\/#\/schema\/logo\/image\/\",\"url\":\"\",\"contentUrl\":\"\",\"caption\":\"K-time\"},\"image\":{\"@id\":\"https:\/\/k-time.it\/en\/#\/schema\/logo\/image\/\"}}]}<\/script>\n<!-- \/ Yoast SEO plugin. -->","yoast_head_json":{"title":"Avant Curl | Tratamiento Elastificante Alta Definici\u00f3n | K-time","description":"Tratamento elasticizante de alta defini\u00e7\u00e3o Avant Curl para cabelos encaracolados e rebeldes com Alo\u00e9 Vera e Cassis.Disciplina o cabelo, neutralizando as cargas eletrost\u00e1ticas.","robots":{"index":"index","follow":"follow","max-snippet":"max-snippet:-1","max-image-preview":"max-image-preview:large","max-video-preview":"max-video-preview:-1"},"canonical":"https:\/\/k-time.it\/pt-pt\/products\/treatments\/somnia\/avant-curl\/tratamento-elasticizante-alta-definicao-500-ml\/","og_locale":"pt_PT","og_type":"article","og_title":"Avant Curl | Tratamiento Elastificante Alta Definici\u00f3n | K-time","og_description":"Tratamento elasticizante de alta defini\u00e7\u00e3o Avant Curl para cabelos encaracolados e rebeldes com Alo\u00e9 Vera e Cassis.Disciplina o cabelo, neutralizando as cargas eletrost\u00e1ticas.","og_url":"https:\/\/k-time.it\/pt-pt\/products\/treatments\/somnia\/avant-curl\/tratamento-elasticizante-alta-definicao-500-ml\/","og_site_name":"K-time","article_modified_time":"2021-06-22T11:10:50+00:00","og_image":[{"width":600,"height":600,"url":"https:\/\/k-time.it\/wp-content\/uploads\/2020\/06\/22076_k-time_somnia_avant_curl_high_definition_curling_treatment_500ml.png","type":"image\/png"}],"twitter_card":"summary_large_image","twitter_misc":{"Tempo estimado de leitura":"1 minuto"},"schema":{"@context":"https:\/\/schema.org","@graph":[{"@type":"WebPage","@id":"https:\/\/k-time.it\/pt-pt\/products\/treatments\/somnia\/avant-curl\/tratamento-elasticizante-alta-definicao-500-ml\/","url":"https:\/\/k-time.it\/pt-pt\/products\/treatments\/somnia\/avant-curl\/tratamento-elasticizante-alta-definicao-500-ml\/","name":"Avant Curl | Tratamiento Elastificante Alta Definici\u00f3n | K-time","isPartOf":{"@id":"https:\/\/k-time.it\/en\/#website"},"primaryImageOfPage":{"@id":"https:\/\/k-time.it\/pt-pt\/products\/treatments\/somnia\/avant-curl\/tratamento-elasticizante-alta-definicao-500-ml\/#primaryimage"},"image":{"@id":"https:\/\/k-time.it\/pt-pt\/products\/treatments\/somnia\/avant-curl\/tratamento-elasticizante-alta-definicao-500-ml\/#primaryimage"},"thumbnailUrl":"https:\/\/k-time.it\/wp-content\/uploads\/2020\/06\/22076_k-time_somnia_avant_curl_high_definition_curling_treatment_500ml.png","datePublished":"2020-06-25T14:46:28+00:00","dateModified":"2021-06-22T11:10:50+00:00","description":"Tratamento elasticizante de alta defini\u00e7\u00e3o Avant Curl para cabelos encaracolados e rebeldes com Alo\u00e9 Vera e Cassis.Disciplina o cabelo, neutralizando as cargas eletrost\u00e1ticas.","breadcrumb":{"@id":"https:\/\/k-time.it\/pt-pt\/products\/treatments\/somnia\/avant-curl\/tratamento-elasticizante-alta-definicao-500-ml\/#breadcrumb"},"inLanguage":"pt-PT","potentialAction":[{"@type":"ReadAction","target":["https:\/\/k-time.it\/pt-pt\/products\/treatments\/somnia\/avant-curl\/tratamento-elasticizante-alta-definicao-500-ml\/"]}]},{"@type":"ImageObject","inLanguage":"pt-PT","@id":"https:\/\/k-time.it\/pt-pt\/products\/treatments\/somnia\/avant-curl\/tratamento-elasticizante-alta-definicao-500-ml\/#primaryimage","url":"https:\/\/k-time.it\/wp-content\/uploads\/2020\/06\/22076_k-time_somnia_avant_curl_high_definition_curling_treatment_500ml.png","contentUrl":"https:\/\/k-time.it\/wp-content\/uploads\/2020\/06\/22076_k-time_somnia_avant_curl_high_definition_curling_treatment_500ml.png","width":600,"height":600,"caption":"Avant Curl | Trattamento Elasticizzante Alta Definizione"},{"@type":"BreadcrumbList","@id":"https:\/\/k-time.it\/pt-pt\/products\/treatments\/somnia\/avant-curl\/tratamento-elasticizante-alta-definicao-500-ml\/#breadcrumb","itemListElement":[{"@type":"ListItem","position":1,"name":"Home","item":"https:\/\/k-time.it\/pt-pt\/"},{"@type":"ListItem","position":2,"name":"Shop","item":"https:\/\/k-time.it\/en\/negozio\/"},{"@type":"ListItem","position":3,"name":"Avant Curl | Tratamento Elasticizante Alta Defini\u00e7\u00e3o"}]},{"@type":"WebSite","@id":"https:\/\/k-time.it\/en\/#website","url":"https:\/\/k-time.it\/en\/","name":"K-time","description":"Hair Spa Treatments","publisher":{"@id":"https:\/\/k-time.it\/en\/#organization"},"potentialAction":[{"@type":"SearchAction","target":{"@type":"EntryPoint","urlTemplate":"https:\/\/k-time.it\/en\/?s={search_term_string}"},"query-input":{"@type":"PropertyValueSpecification","valueRequired":true,"valueName":"search_term_string"}}],"inLanguage":"pt-PT"},{"@type":"Organization","@id":"https:\/\/k-time.it\/en\/#organization","name":"K-time","url":"https:\/\/k-time.it\/en\/","logo":{"@type":"ImageObject","inLanguage":"pt-PT","@id":"https:\/\/k-time.it\/en\/#\/schema\/logo\/image\/","url":"","contentUrl":"","caption":"K-time"},"image":{"@id":"https:\/\/k-time.it\/en\/#\/schema\/logo\/image\/"}}]}},"_links":{"self":[{"href":"https:\/\/k-time.it\/pt-pt\/wp-json\/wp\/v2\/product\/6399","targetHints":{"allow":["GET"]}}],"collection":[{"href":"https:\/\/k-time.it\/pt-pt\/wp-json\/wp\/v2\/product"}],"about":[{"href":"https:\/\/k-time.it\/pt-pt\/wp-json\/wp\/v2\/types\/product"}],"wp:featuredmedia":[{"embeddable":true,"href":"https:\/\/k-time.it\/pt-pt\/wp-json\/wp\/v2\/media\/18428"}],"wp:attachment":[{"href":"https:\/\/k-time.it\/pt-pt\/wp-json\/wp\/v2\/media?parent=6399"}],"wp:term":[{"taxonomy":"product_brand","embeddable":true,"href":"https:\/\/k-time.it\/pt-pt\/wp-json\/wp\/v2\/product_brand?post=6399"},{"taxonomy":"product_cat","embeddable":true,"href":"https:\/\/k-time.it\/pt-pt\/wp-json\/wp\/v2\/product_cat?post=6399"},{"taxonomy":"product_tag","embeddable":true,"href":"https:\/\/k-time.it\/pt-pt\/wp-json\/wp\/v2\/product_tag?post=6399"}],"curies":[{"name":"wp","href":"https:\/\/api.w.org\/{rel}","templated":true}]}}