{"id":6369,"date":"2020-06-25T16:46:29","date_gmt":"2020-06-25T14:46:29","guid":{"rendered":"https:\/\/k-time.it\/products\/sem%20categoria\/hydralux-champu-nutricion-y-luminosidad-1000-ml\/"},"modified":"2021-06-24T10:47:59","modified_gmt":"2021-06-24T08:47:59","slug":"hydralux-champo-nutriente-iluminante-1000-ml","status":"publish","type":"product","link":"https:\/\/k-time.it\/pt-pt\/products\/treatments\/somnia\/hydralux\/hydralux-champo-nutriente-iluminante-1000-ml\/","title":{"rendered":"Hydralux | Champ\u00f4 Nutriente Iluminante"},"content":{"rendered":"<div class=\"wpb-content-wrapper\"><p>[vc_row disable_element=&#8221;yes&#8221;][vc_column][\/vc_column][\/vc_row][vc_row][vc_column width=&#8221;1\/2&#8243;]<div class=\"standard-arrow list-divider bullet-top\"><h2>F\u00f3rmula<\/h2>\n<div id=\"tab-altre-info\">\n<ul>\n<li><strong>Am\u00eandoas doces<\/strong>: o \u00f3leo extra\u00eddo das am\u00eandoas doces possui um elevado poder emoliente e restitui aos cabelos secos e ba\u00e7os suavidade e brilho<\/li>\n<li><strong>Manteiga de Karit\u00e9<\/strong>: resguarda os cabelos das agress\u00f5es dos agente externos e regenera conferindo um efeito aveludado a todos os cabelos<\/li>\n<\/ul>\n<\/div>\n<\/div>[\/vc_column][vc_column width=&#8221;1\/2&#8243;]<div class=\"standard-arrow list-divider bullet-top\"><h2>Benef\u00edcios<\/h2>\n<ul>\n<li>Limpa delicadamente<\/li>\n<li>Tem uma a\u00e7\u00e3o rehidratante e nutritiva<\/li>\n<li>Favorece o pentear dos cabelos<\/li>\n<li>Confere um toque macio e\u00a0sedoso aos cabelos secos<\/li>\n<\/ul>\n<\/div>[\/vc_column][\/vc_row][vc_row css=&#8221;.vc_custom_1595317695114{padding-top: 50px !important;}&#8221;][vc_column]<div class=\"dt-fancy-separator h2-size style-thick\" style=\"width: 100%;\"><div class=\"dt-fancy-title\" style=\"color: #333333;\"><span class=\"separator-holder separator-left\" style=\"border-color: #f0f0f0;\"><\/span>Productos relacionados<span class=\"separator-holder separator-right\" style=\"border-color: #f0f0f0;\"><\/span><\/div><\/div>[vc_raw_html]W3dwYi1wcm9kdWN0LXNsaWRlci1zaG9ydGNvZGUgaWQ9IjIwMzUiXQ==[\/vc_raw_html][\/vc_column][\/vc_row]<\/p>\n<\/div>","protected":false},"excerpt":{"rendered":"<p><strong>Champ\u00f4 Hydralux<\/strong>\u00a0para cabelos secos e ba\u00e7os, enriquecido com\u00a0[glossary_exclude]<strong>Am\u00eandoas doces<\/strong>\u00a0e\u00a0<strong>Manteiga de Karit\u00e9<\/strong>.[\/glossary_exclude]<\/p>\n<p>Limpa delicadamente, favorecendo a\u00a0<strong>hidrata\u00e7\u00e3o e nutri\u00e7\u00e3o<\/strong>, e confere um toque suave e sedoso para conseguir um\u00a0<strong>cabelo desembara\u00e7ado<\/strong>\u00a0e\u00a0<strong>mais luminoso.<\/strong><\/p>\n<p>Uso profissional<\/p>\n<p>Formato 1000 ml<\/p>\n<p>[vc_row][vc_column][ultimate_exp_section title=\" Como comprar\" new_title=\"Solicitar informa\u00e7\u00f5es de compra\" text_color=\"#ffffff\" background_color=\"#877650\" text_hovercolor=\"#ffffff\" bghovercolor=\"#877650\" title_active=\"#ffffff\" title_active_bg=\"#877650\" cnt_bg_color=\"#ffffff\" icon=\"icomoon-the7-font-icon-cart-detailed\" new_icon=\"icomoon-the7-font-the7-mail-011\" icon_align=\"left\" icon_size=\"20\" icon_color=\"#ffffff\" icon_hover_color=\"#ffffff\" icon_active_color=\"#ffffff\" title_font_size=\"desktop:16px;\" title_padding=\"padding-top:4px;padding-right:7px;padding-bottom:4px;padding-left:4px;\" icon_margin=\"margin-right:1px;\"][contact-form-7 id=\"496\"][\/ultimate_exp_section][\/vc_column][\/vc_row]<\/p>\n","protected":false},"featured_media":18530,"template":"","meta":[],"product_brand":[],"product_cat":[491,1035,1053],"product_tag":[],"class_list":{"0":"post-6369","1":"product","2":"type-product","3":"status-publish","4":"has-post-thumbnail","6":"product_cat-treatments","7":"product_cat-somnia","8":"product_cat-hydralux","9":"description-off","11":"first","12":"instock","13":"shipping-taxable","14":"product-type-simple"},"yoast_head":"<!-- This site is optimized with the Yoast SEO plugin v26.8 - https:\/\/yoast.com\/product\/yoast-seo-wordpress\/ -->\n<title>Hydralux | Champ\u00fa Nutrici\u00f3n y Luminosidad | K-time<\/title>\n<meta name=\"description\" content=\"Champ\u00f4 Hydralux para cabelos secos e ba\u00e7os, enriquecido com Am\u00eandoas doces e Manteiga de Karit\u00e9.\" \/>\n<meta name=\"robots\" content=\"index, follow, max-snippet:-1, max-image-preview:large, max-video-preview:-1\" \/>\n<link rel=\"canonical\" href=\"https:\/\/k-time.it\/products\/treatments\/somnia\/hydralux\/hydralux-shampoo-nutriente-illuminante-1000-ml\/\" \/>\n<meta property=\"og:locale\" content=\"pt_PT\" \/>\n<meta property=\"og:type\" content=\"article\" \/>\n<meta property=\"og:title\" content=\"Hydralux | Champ\u00fa Nutrici\u00f3n y Luminosidad | K-time\" \/>\n<meta property=\"og:description\" content=\"Champ\u00f4 Hydralux para cabelos secos e ba\u00e7os, enriquecido com Am\u00eandoas doces e Manteiga de Karit\u00e9.\" \/>\n<meta property=\"og:url\" content=\"https:\/\/k-time.it\/products\/treatments\/somnia\/hydralux\/hydralux-shampoo-nutriente-illuminante-1000-ml\/\" \/>\n<meta property=\"og:site_name\" content=\"K-time\" \/>\n<meta property=\"article:modified_time\" content=\"2021-06-24T08:47:59+00:00\" \/>\n<meta property=\"og:image\" content=\"https:\/\/k-time.it\/wp-content\/uploads\/2020\/06\/22066_k-time_somnia_hydralux_radiance_nourishing_shampoo_1000ml.png\" \/>\n\t<meta property=\"og:image:width\" content=\"600\" \/>\n\t<meta property=\"og:image:height\" content=\"600\" \/>\n\t<meta property=\"og:image:type\" content=\"image\/png\" \/>\n<meta name=\"twitter:card\" content=\"summary_large_image\" \/>\n<meta name=\"twitter:label1\" content=\"Tempo estimado de leitura\" \/>\n\t<meta name=\"twitter:data1\" content=\"1 minuto\" \/>\n<script type=\"application\/ld+json\" class=\"yoast-schema-graph\">{\"@context\":\"https:\/\/schema.org\",\"@graph\":[{\"@type\":\"WebPage\",\"@id\":\"https:\/\/k-time.it\/products\/treatments\/somnia\/hydralux\/hydralux-shampoo-nutriente-illuminante-1000-ml\/\",\"url\":\"https:\/\/k-time.it\/products\/treatments\/somnia\/hydralux\/hydralux-shampoo-nutriente-illuminante-1000-ml\/\",\"name\":\"Hydralux | Champ\u00fa Nutrici\u00f3n y Luminosidad | K-time\",\"isPartOf\":{\"@id\":\"https:\/\/k-time.it\/en\/#website\"},\"primaryImageOfPage\":{\"@id\":\"https:\/\/k-time.it\/products\/treatments\/somnia\/hydralux\/hydralux-shampoo-nutriente-illuminante-1000-ml\/#primaryimage\"},\"image\":{\"@id\":\"https:\/\/k-time.it\/products\/treatments\/somnia\/hydralux\/hydralux-shampoo-nutriente-illuminante-1000-ml\/#primaryimage\"},\"thumbnailUrl\":\"https:\/\/k-time.it\/wp-content\/uploads\/2020\/06\/22066_k-time_somnia_hydralux_radiance_nourishing_shampoo_1000ml.png\",\"datePublished\":\"2020-06-25T14:46:29+00:00\",\"dateModified\":\"2021-06-24T08:47:59+00:00\",\"description\":\"Champ\u00f4 Hydralux para cabelos secos e ba\u00e7os, enriquecido com Am\u00eandoas doces e Manteiga de Karit\u00e9.\",\"breadcrumb\":{\"@id\":\"https:\/\/k-time.it\/products\/treatments\/somnia\/hydralux\/hydralux-shampoo-nutriente-illuminante-1000-ml\/#breadcrumb\"},\"inLanguage\":\"pt-PT\",\"potentialAction\":[{\"@type\":\"ReadAction\",\"target\":[\"https:\/\/k-time.it\/products\/treatments\/somnia\/hydralux\/hydralux-shampoo-nutriente-illuminante-1000-ml\/\"]}]},{\"@type\":\"ImageObject\",\"inLanguage\":\"pt-PT\",\"@id\":\"https:\/\/k-time.it\/products\/treatments\/somnia\/hydralux\/hydralux-shampoo-nutriente-illuminante-1000-ml\/#primaryimage\",\"url\":\"https:\/\/k-time.it\/wp-content\/uploads\/2020\/06\/22066_k-time_somnia_hydralux_radiance_nourishing_shampoo_1000ml.png\",\"contentUrl\":\"https:\/\/k-time.it\/wp-content\/uploads\/2020\/06\/22066_k-time_somnia_hydralux_radiance_nourishing_shampoo_1000ml.png\",\"width\":600,\"height\":600,\"caption\":\"Hydralux | Shampoo Nutriente Illuminante\"},{\"@type\":\"BreadcrumbList\",\"@id\":\"https:\/\/k-time.it\/products\/treatments\/somnia\/hydralux\/hydralux-shampoo-nutriente-illuminante-1000-ml\/#breadcrumb\",\"itemListElement\":[{\"@type\":\"ListItem\",\"position\":1,\"name\":\"Home\",\"item\":\"https:\/\/k-time.it\/pt-pt\/\"},{\"@type\":\"ListItem\",\"position\":2,\"name\":\"Shop\",\"item\":\"https:\/\/k-time.it\/en\/negozio\/\"},{\"@type\":\"ListItem\",\"position\":3,\"name\":\"Hydralux | Champ\u00f4 Nutriente Iluminante\"}]},{\"@type\":\"WebSite\",\"@id\":\"https:\/\/k-time.it\/en\/#website\",\"url\":\"https:\/\/k-time.it\/en\/\",\"name\":\"K-time\",\"description\":\"Hair Spa Treatments\",\"publisher\":{\"@id\":\"https:\/\/k-time.it\/en\/#organization\"},\"potentialAction\":[{\"@type\":\"SearchAction\",\"target\":{\"@type\":\"EntryPoint\",\"urlTemplate\":\"https:\/\/k-time.it\/en\/?s={search_term_string}\"},\"query-input\":{\"@type\":\"PropertyValueSpecification\",\"valueRequired\":true,\"valueName\":\"search_term_string\"}}],\"inLanguage\":\"pt-PT\"},{\"@type\":\"Organization\",\"@id\":\"https:\/\/k-time.it\/en\/#organization\",\"name\":\"K-time\",\"url\":\"https:\/\/k-time.it\/en\/\",\"logo\":{\"@type\":\"ImageObject\",\"inLanguage\":\"pt-PT\",\"@id\":\"https:\/\/k-time.it\/en\/#\/schema\/logo\/image\/\",\"url\":\"\",\"contentUrl\":\"\",\"caption\":\"K-time\"},\"image\":{\"@id\":\"https:\/\/k-time.it\/en\/#\/schema\/logo\/image\/\"}}]}<\/script>\n<!-- \/ Yoast SEO plugin. -->","yoast_head_json":{"title":"Hydralux | Champ\u00fa Nutrici\u00f3n y Luminosidad | K-time","description":"Champ\u00f4 Hydralux para cabelos secos e ba\u00e7os, enriquecido com Am\u00eandoas doces e Manteiga de Karit\u00e9.","robots":{"index":"index","follow":"follow","max-snippet":"max-snippet:-1","max-image-preview":"max-image-preview:large","max-video-preview":"max-video-preview:-1"},"canonical":"https:\/\/k-time.it\/products\/treatments\/somnia\/hydralux\/hydralux-shampoo-nutriente-illuminante-1000-ml\/","og_locale":"pt_PT","og_type":"article","og_title":"Hydralux | Champ\u00fa Nutrici\u00f3n y Luminosidad | K-time","og_description":"Champ\u00f4 Hydralux para cabelos secos e ba\u00e7os, enriquecido com Am\u00eandoas doces e Manteiga de Karit\u00e9.","og_url":"https:\/\/k-time.it\/products\/treatments\/somnia\/hydralux\/hydralux-shampoo-nutriente-illuminante-1000-ml\/","og_site_name":"K-time","article_modified_time":"2021-06-24T08:47:59+00:00","og_image":[{"width":600,"height":600,"url":"https:\/\/k-time.it\/wp-content\/uploads\/2020\/06\/22066_k-time_somnia_hydralux_radiance_nourishing_shampoo_1000ml.png","type":"image\/png"}],"twitter_card":"summary_large_image","twitter_misc":{"Tempo estimado de leitura":"1 minuto"},"schema":{"@context":"https:\/\/schema.org","@graph":[{"@type":"WebPage","@id":"https:\/\/k-time.it\/products\/treatments\/somnia\/hydralux\/hydralux-shampoo-nutriente-illuminante-1000-ml\/","url":"https:\/\/k-time.it\/products\/treatments\/somnia\/hydralux\/hydralux-shampoo-nutriente-illuminante-1000-ml\/","name":"Hydralux | Champ\u00fa Nutrici\u00f3n y Luminosidad | K-time","isPartOf":{"@id":"https:\/\/k-time.it\/en\/#website"},"primaryImageOfPage":{"@id":"https:\/\/k-time.it\/products\/treatments\/somnia\/hydralux\/hydralux-shampoo-nutriente-illuminante-1000-ml\/#primaryimage"},"image":{"@id":"https:\/\/k-time.it\/products\/treatments\/somnia\/hydralux\/hydralux-shampoo-nutriente-illuminante-1000-ml\/#primaryimage"},"thumbnailUrl":"https:\/\/k-time.it\/wp-content\/uploads\/2020\/06\/22066_k-time_somnia_hydralux_radiance_nourishing_shampoo_1000ml.png","datePublished":"2020-06-25T14:46:29+00:00","dateModified":"2021-06-24T08:47:59+00:00","description":"Champ\u00f4 Hydralux para cabelos secos e ba\u00e7os, enriquecido com Am\u00eandoas doces e Manteiga de Karit\u00e9.","breadcrumb":{"@id":"https:\/\/k-time.it\/products\/treatments\/somnia\/hydralux\/hydralux-shampoo-nutriente-illuminante-1000-ml\/#breadcrumb"},"inLanguage":"pt-PT","potentialAction":[{"@type":"ReadAction","target":["https:\/\/k-time.it\/products\/treatments\/somnia\/hydralux\/hydralux-shampoo-nutriente-illuminante-1000-ml\/"]}]},{"@type":"ImageObject","inLanguage":"pt-PT","@id":"https:\/\/k-time.it\/products\/treatments\/somnia\/hydralux\/hydralux-shampoo-nutriente-illuminante-1000-ml\/#primaryimage","url":"https:\/\/k-time.it\/wp-content\/uploads\/2020\/06\/22066_k-time_somnia_hydralux_radiance_nourishing_shampoo_1000ml.png","contentUrl":"https:\/\/k-time.it\/wp-content\/uploads\/2020\/06\/22066_k-time_somnia_hydralux_radiance_nourishing_shampoo_1000ml.png","width":600,"height":600,"caption":"Hydralux | Shampoo Nutriente Illuminante"},{"@type":"BreadcrumbList","@id":"https:\/\/k-time.it\/products\/treatments\/somnia\/hydralux\/hydralux-shampoo-nutriente-illuminante-1000-ml\/#breadcrumb","itemListElement":[{"@type":"ListItem","position":1,"name":"Home","item":"https:\/\/k-time.it\/pt-pt\/"},{"@type":"ListItem","position":2,"name":"Shop","item":"https:\/\/k-time.it\/en\/negozio\/"},{"@type":"ListItem","position":3,"name":"Hydralux | Champ\u00f4 Nutriente Iluminante"}]},{"@type":"WebSite","@id":"https:\/\/k-time.it\/en\/#website","url":"https:\/\/k-time.it\/en\/","name":"K-time","description":"Hair Spa Treatments","publisher":{"@id":"https:\/\/k-time.it\/en\/#organization"},"potentialAction":[{"@type":"SearchAction","target":{"@type":"EntryPoint","urlTemplate":"https:\/\/k-time.it\/en\/?s={search_term_string}"},"query-input":{"@type":"PropertyValueSpecification","valueRequired":true,"valueName":"search_term_string"}}],"inLanguage":"pt-PT"},{"@type":"Organization","@id":"https:\/\/k-time.it\/en\/#organization","name":"K-time","url":"https:\/\/k-time.it\/en\/","logo":{"@type":"ImageObject","inLanguage":"pt-PT","@id":"https:\/\/k-time.it\/en\/#\/schema\/logo\/image\/","url":"","contentUrl":"","caption":"K-time"},"image":{"@id":"https:\/\/k-time.it\/en\/#\/schema\/logo\/image\/"}}]}},"_links":{"self":[{"href":"https:\/\/k-time.it\/pt-pt\/wp-json\/wp\/v2\/product\/6369","targetHints":{"allow":["GET"]}}],"collection":[{"href":"https:\/\/k-time.it\/pt-pt\/wp-json\/wp\/v2\/product"}],"about":[{"href":"https:\/\/k-time.it\/pt-pt\/wp-json\/wp\/v2\/types\/product"}],"wp:featuredmedia":[{"embeddable":true,"href":"https:\/\/k-time.it\/pt-pt\/wp-json\/wp\/v2\/media\/18530"}],"wp:attachment":[{"href":"https:\/\/k-time.it\/pt-pt\/wp-json\/wp\/v2\/media?parent=6369"}],"wp:term":[{"taxonomy":"product_brand","embeddable":true,"href":"https:\/\/k-time.it\/pt-pt\/wp-json\/wp\/v2\/product_brand?post=6369"},{"taxonomy":"product_cat","embeddable":true,"href":"https:\/\/k-time.it\/pt-pt\/wp-json\/wp\/v2\/product_cat?post=6369"},{"taxonomy":"product_tag","embeddable":true,"href":"https:\/\/k-time.it\/pt-pt\/wp-json\/wp\/v2\/product_tag?post=6369"}],"curies":[{"name":"wp","href":"https:\/\/api.w.org\/{rel}","templated":true}]}}