{"id":6341,"date":"2020-06-25T16:46:31","date_gmt":"2020-06-25T14:46:31","guid":{"rendered":"https:\/\/k-time.it\/products\/sem%20categoria\/ad-volume-tratamiento-volumen-y-cuerpo-500-ml\/"},"modified":"2021-06-22T14:44:12","modified_gmt":"2021-06-22T12:44:12","slug":"ad-volume-tratamento-de-volume-densificador","status":"publish","type":"product","link":"https:\/\/k-time.it\/pt-pt\/products\/treatments\/somnia\/ad-volume\/ad-volume-tratamento-de-volume-densificador\/","title":{"rendered":"Ad Volume | Tratamento de Volume Densificador"},"content":{"rendered":"<div class=\"wpb-content-wrapper\"><p>[vc_row disable_element=&#8221;yes&#8221;][vc_column][\/vc_column][\/vc_row][vc_row][vc_column width=&#8221;1\/2&#8243;]<div class=\"standard-arrow list-divider bullet-top\"><h2>F\u00f3rmula<\/h2>\n<div id=\"tab-altre-info\">\n<ul>\n<li><strong>Agave Azul<\/strong>: \u00e9 um inovador extrato capaz de proporcionar hidrata\u00e7\u00e3o aos cabelos, mantendo a quantidade certa de \u00e1gua no interior da fibra capilar<\/li>\n<li><strong>Guaran\u00e1<\/strong>: \u00e9 considerado um elixir de vida longa gra\u00e7as \u00e0s suas propriedades energizantes, estimulantes e tonificantes<\/li>\n<\/ul>\n<\/div>\n<\/div>[\/vc_column][vc_column width=&#8221;1\/2&#8243;]<div class=\"standard-arrow list-divider bullet-top\"><h2>Benef\u00edcios<\/h2>\n<div id=\"tab-benefits\">\n<ul>\n<li>Textura inovadora com\u00a0a\u00e7\u00e3o film\u00f3gena espec\u00edfica para cabelos finos<\/li>\n<li>Nutre o cabelo sem pesar<\/li>\n<li>Confere corpo, leveza e brilho\u00a0extremos<\/li>\n<li>Desenvolve uma a\u00e7\u00e3o desembara\u00e7ante\u00a0e suavizante<\/li>\n<\/ul>\n<\/div>\n<\/div>[\/vc_column][\/vc_row][vc_row css=&#8221;.vc_custom_1595317695114{padding-top: 50px !important;}&#8221;][vc_column]<div class=\"dt-fancy-separator h2-size style-thick\" style=\"width: 100%;\"><div class=\"dt-fancy-title\" style=\"color: #333333;\"><span class=\"separator-holder separator-left\" style=\"border-color: #f0f0f0;\"><\/span>Productos relacionados<span class=\"separator-holder separator-right\" style=\"border-color: #f0f0f0;\"><\/span><\/div><\/div>[vc_raw_html]W3dwYi1wcm9kdWN0LXNsaWRlci1zaG9ydGNvZGUgaWQ9IjE3MzUiXQ==[\/vc_raw_html][\/vc_column][\/vc_row]<\/p>\n<\/div>","protected":false},"excerpt":{"rendered":"<div class=\"woocommerce-product-details__short-description\">\n<p>O\u00a0<strong>Tratamento Ad Volume\u00a0<\/strong>para cabelos finos e sem vida \u00e9 uma\u00a0<strong>m\u00e1scara com uma textura inovadora<\/strong>\u00a0que oferece uma a\u00e7\u00e3o film\u00f3gena que hidrata os cabelos.<\/p>\n<p>Confere\u00a0<strong>volume<\/strong>, leveza e brilho extremos, sem deixar os cabelos pesados e desenvolve uma a\u00e7\u00e3o desembara\u00e7ante e suavizante.<\/p>\n<p>F\u00f3rmula com\u00a0[glossary_exclude]<strong>Guaran\u00e1\u00a0<\/strong>e\u00a0<strong>Agave Azul<\/strong>.[\/glossary_exclude]<\/p>\n<p>Uso profissional<\/p>\n<p>Formato 500 ml<\/p>\n<\/div>\n<p>[vc_row][vc_column][ultimate_exp_section title=\" Como comprar\" new_title=\"Solicitar informa\u00e7\u00f5es de compra\" text_color=\"#ffffff\" background_color=\"#877650\" text_hovercolor=\"#ffffff\" bghovercolor=\"#877650\" title_active=\"#ffffff\" title_active_bg=\"#877650\" cnt_bg_color=\"#ffffff\" icon=\"icomoon-the7-font-icon-cart-detailed\" new_icon=\"icomoon-the7-font-the7-mail-011\" icon_align=\"left\" icon_size=\"20\" icon_color=\"#ffffff\" icon_hover_color=\"#ffffff\" icon_active_color=\"#ffffff\" title_font_size=\"desktop:16px;\" title_padding=\"padding-top:4px;padding-right:7px;padding-bottom:4px;padding-left:4px;\" icon_margin=\"margin-right:1px;\"][contact-form-7 id=\"496\"][\/ultimate_exp_section][\/vc_column][\/vc_row]<\/p>\n","protected":false},"featured_media":18393,"template":"","meta":[],"product_brand":[],"product_cat":[491,1035,1051],"product_tag":[],"class_list":{"0":"post-6341","1":"product","2":"type-product","3":"status-publish","4":"has-post-thumbnail","6":"product_cat-treatments","7":"product_cat-somnia","8":"product_cat-ad-volume","9":"description-off","11":"first","12":"instock","13":"shipping-taxable","14":"product-type-simple"},"yoast_head":"<!-- This site is optimized with the Yoast SEO plugin v26.8 - https:\/\/yoast.com\/product\/yoast-seo-wordpress\/ -->\n<title>Ad Volume | Tratamento de Volume Densificador | K-time<\/title>\n<meta name=\"description\" content=\"O Tratamento Ad Volume para cabelos finos e sem vida \u00e9 uma m\u00e1scara com uma textura inovadora que oferece uma a\u00e7\u00e3o film\u00f3gena que hidrata os cabelos.\" \/>\n<meta name=\"robots\" content=\"index, follow, max-snippet:-1, max-image-preview:large, max-video-preview:-1\" \/>\n<link rel=\"canonical\" href=\"https:\/\/k-time.it\/pt-pt\/products\/treatments\/somnia\/ad-volume\/ad-volume-tratamento-de-volume-densificador\/\" \/>\n<meta property=\"og:locale\" content=\"pt_PT\" \/>\n<meta property=\"og:type\" content=\"article\" \/>\n<meta property=\"og:title\" content=\"Ad Volume | Tratamento de Volume Densificador | K-time\" \/>\n<meta property=\"og:description\" content=\"O Tratamento Ad Volume para cabelos finos e sem vida \u00e9 uma m\u00e1scara com uma textura inovadora que oferece uma a\u00e7\u00e3o film\u00f3gena que hidrata os cabelos.\" \/>\n<meta property=\"og:url\" content=\"https:\/\/k-time.it\/pt-pt\/products\/treatments\/somnia\/ad-volume\/ad-volume-tratamento-de-volume-densificador\/\" \/>\n<meta property=\"og:site_name\" content=\"K-time\" \/>\n<meta property=\"article:modified_time\" content=\"2021-06-22T12:44:12+00:00\" \/>\n<meta property=\"og:image\" content=\"https:\/\/k-time.it\/wp-content\/uploads\/2020\/06\/22063_k-time_somnia_ad_volume_bodifying_volumizing_treatment_500ml.png\" \/>\n\t<meta property=\"og:image:width\" content=\"600\" \/>\n\t<meta property=\"og:image:height\" content=\"600\" \/>\n\t<meta property=\"og:image:type\" content=\"image\/png\" \/>\n<meta name=\"twitter:card\" content=\"summary_large_image\" \/>\n<meta name=\"twitter:label1\" content=\"Tempo estimado de leitura\" \/>\n\t<meta name=\"twitter:data1\" content=\"1 minuto\" \/>\n<script type=\"application\/ld+json\" class=\"yoast-schema-graph\">{\"@context\":\"https:\/\/schema.org\",\"@graph\":[{\"@type\":\"WebPage\",\"@id\":\"https:\/\/k-time.it\/pt-pt\/products\/treatments\/somnia\/ad-volume\/ad-volume-tratamento-de-volume-densificador\/\",\"url\":\"https:\/\/k-time.it\/pt-pt\/products\/treatments\/somnia\/ad-volume\/ad-volume-tratamento-de-volume-densificador\/\",\"name\":\"Ad Volume | Tratamento de Volume Densificador | K-time\",\"isPartOf\":{\"@id\":\"https:\/\/k-time.it\/en\/#website\"},\"primaryImageOfPage\":{\"@id\":\"https:\/\/k-time.it\/pt-pt\/products\/treatments\/somnia\/ad-volume\/ad-volume-tratamento-de-volume-densificador\/#primaryimage\"},\"image\":{\"@id\":\"https:\/\/k-time.it\/pt-pt\/products\/treatments\/somnia\/ad-volume\/ad-volume-tratamento-de-volume-densificador\/#primaryimage\"},\"thumbnailUrl\":\"https:\/\/k-time.it\/wp-content\/uploads\/2020\/06\/22063_k-time_somnia_ad_volume_bodifying_volumizing_treatment_500ml.png\",\"datePublished\":\"2020-06-25T14:46:31+00:00\",\"dateModified\":\"2021-06-22T12:44:12+00:00\",\"description\":\"O Tratamento Ad Volume para cabelos finos e sem vida \u00e9 uma m\u00e1scara com uma textura inovadora que oferece uma a\u00e7\u00e3o film\u00f3gena que hidrata os cabelos.\",\"breadcrumb\":{\"@id\":\"https:\/\/k-time.it\/pt-pt\/products\/treatments\/somnia\/ad-volume\/ad-volume-tratamento-de-volume-densificador\/#breadcrumb\"},\"inLanguage\":\"pt-PT\",\"potentialAction\":[{\"@type\":\"ReadAction\",\"target\":[\"https:\/\/k-time.it\/pt-pt\/products\/treatments\/somnia\/ad-volume\/ad-volume-tratamento-de-volume-densificador\/\"]}]},{\"@type\":\"ImageObject\",\"inLanguage\":\"pt-PT\",\"@id\":\"https:\/\/k-time.it\/pt-pt\/products\/treatments\/somnia\/ad-volume\/ad-volume-tratamento-de-volume-densificador\/#primaryimage\",\"url\":\"https:\/\/k-time.it\/wp-content\/uploads\/2020\/06\/22063_k-time_somnia_ad_volume_bodifying_volumizing_treatment_500ml.png\",\"contentUrl\":\"https:\/\/k-time.it\/wp-content\/uploads\/2020\/06\/22063_k-time_somnia_ad_volume_bodifying_volumizing_treatment_500ml.png\",\"width\":600,\"height\":600,\"caption\":\"Ad Volume | Trattamento Volumizzante Corporizzante\"},{\"@type\":\"BreadcrumbList\",\"@id\":\"https:\/\/k-time.it\/pt-pt\/products\/treatments\/somnia\/ad-volume\/ad-volume-tratamento-de-volume-densificador\/#breadcrumb\",\"itemListElement\":[{\"@type\":\"ListItem\",\"position\":1,\"name\":\"Home\",\"item\":\"https:\/\/k-time.it\/pt-pt\/\"},{\"@type\":\"ListItem\",\"position\":2,\"name\":\"Shop\",\"item\":\"https:\/\/k-time.it\/en\/negozio\/\"},{\"@type\":\"ListItem\",\"position\":3,\"name\":\"Ad Volume | Tratamento de Volume Densificador\"}]},{\"@type\":\"WebSite\",\"@id\":\"https:\/\/k-time.it\/en\/#website\",\"url\":\"https:\/\/k-time.it\/en\/\",\"name\":\"K-time\",\"description\":\"Hair Spa Treatments\",\"publisher\":{\"@id\":\"https:\/\/k-time.it\/en\/#organization\"},\"potentialAction\":[{\"@type\":\"SearchAction\",\"target\":{\"@type\":\"EntryPoint\",\"urlTemplate\":\"https:\/\/k-time.it\/en\/?s={search_term_string}\"},\"query-input\":{\"@type\":\"PropertyValueSpecification\",\"valueRequired\":true,\"valueName\":\"search_term_string\"}}],\"inLanguage\":\"pt-PT\"},{\"@type\":\"Organization\",\"@id\":\"https:\/\/k-time.it\/en\/#organization\",\"name\":\"K-time\",\"url\":\"https:\/\/k-time.it\/en\/\",\"logo\":{\"@type\":\"ImageObject\",\"inLanguage\":\"pt-PT\",\"@id\":\"https:\/\/k-time.it\/en\/#\/schema\/logo\/image\/\",\"url\":\"\",\"contentUrl\":\"\",\"caption\":\"K-time\"},\"image\":{\"@id\":\"https:\/\/k-time.it\/en\/#\/schema\/logo\/image\/\"}}]}<\/script>\n<!-- \/ Yoast SEO plugin. -->","yoast_head_json":{"title":"Ad Volume | Tratamento de Volume Densificador | K-time","description":"O Tratamento Ad Volume para cabelos finos e sem vida \u00e9 uma m\u00e1scara com uma textura inovadora que oferece uma a\u00e7\u00e3o film\u00f3gena que hidrata os cabelos.","robots":{"index":"index","follow":"follow","max-snippet":"max-snippet:-1","max-image-preview":"max-image-preview:large","max-video-preview":"max-video-preview:-1"},"canonical":"https:\/\/k-time.it\/pt-pt\/products\/treatments\/somnia\/ad-volume\/ad-volume-tratamento-de-volume-densificador\/","og_locale":"pt_PT","og_type":"article","og_title":"Ad Volume | Tratamento de Volume Densificador | K-time","og_description":"O Tratamento Ad Volume para cabelos finos e sem vida \u00e9 uma m\u00e1scara com uma textura inovadora que oferece uma a\u00e7\u00e3o film\u00f3gena que hidrata os cabelos.","og_url":"https:\/\/k-time.it\/pt-pt\/products\/treatments\/somnia\/ad-volume\/ad-volume-tratamento-de-volume-densificador\/","og_site_name":"K-time","article_modified_time":"2021-06-22T12:44:12+00:00","og_image":[{"width":600,"height":600,"url":"https:\/\/k-time.it\/wp-content\/uploads\/2020\/06\/22063_k-time_somnia_ad_volume_bodifying_volumizing_treatment_500ml.png","type":"image\/png"}],"twitter_card":"summary_large_image","twitter_misc":{"Tempo estimado de leitura":"1 minuto"},"schema":{"@context":"https:\/\/schema.org","@graph":[{"@type":"WebPage","@id":"https:\/\/k-time.it\/pt-pt\/products\/treatments\/somnia\/ad-volume\/ad-volume-tratamento-de-volume-densificador\/","url":"https:\/\/k-time.it\/pt-pt\/products\/treatments\/somnia\/ad-volume\/ad-volume-tratamento-de-volume-densificador\/","name":"Ad Volume | Tratamento de Volume Densificador | K-time","isPartOf":{"@id":"https:\/\/k-time.it\/en\/#website"},"primaryImageOfPage":{"@id":"https:\/\/k-time.it\/pt-pt\/products\/treatments\/somnia\/ad-volume\/ad-volume-tratamento-de-volume-densificador\/#primaryimage"},"image":{"@id":"https:\/\/k-time.it\/pt-pt\/products\/treatments\/somnia\/ad-volume\/ad-volume-tratamento-de-volume-densificador\/#primaryimage"},"thumbnailUrl":"https:\/\/k-time.it\/wp-content\/uploads\/2020\/06\/22063_k-time_somnia_ad_volume_bodifying_volumizing_treatment_500ml.png","datePublished":"2020-06-25T14:46:31+00:00","dateModified":"2021-06-22T12:44:12+00:00","description":"O Tratamento Ad Volume para cabelos finos e sem vida \u00e9 uma m\u00e1scara com uma textura inovadora que oferece uma a\u00e7\u00e3o film\u00f3gena que hidrata os cabelos.","breadcrumb":{"@id":"https:\/\/k-time.it\/pt-pt\/products\/treatments\/somnia\/ad-volume\/ad-volume-tratamento-de-volume-densificador\/#breadcrumb"},"inLanguage":"pt-PT","potentialAction":[{"@type":"ReadAction","target":["https:\/\/k-time.it\/pt-pt\/products\/treatments\/somnia\/ad-volume\/ad-volume-tratamento-de-volume-densificador\/"]}]},{"@type":"ImageObject","inLanguage":"pt-PT","@id":"https:\/\/k-time.it\/pt-pt\/products\/treatments\/somnia\/ad-volume\/ad-volume-tratamento-de-volume-densificador\/#primaryimage","url":"https:\/\/k-time.it\/wp-content\/uploads\/2020\/06\/22063_k-time_somnia_ad_volume_bodifying_volumizing_treatment_500ml.png","contentUrl":"https:\/\/k-time.it\/wp-content\/uploads\/2020\/06\/22063_k-time_somnia_ad_volume_bodifying_volumizing_treatment_500ml.png","width":600,"height":600,"caption":"Ad Volume | Trattamento Volumizzante Corporizzante"},{"@type":"BreadcrumbList","@id":"https:\/\/k-time.it\/pt-pt\/products\/treatments\/somnia\/ad-volume\/ad-volume-tratamento-de-volume-densificador\/#breadcrumb","itemListElement":[{"@type":"ListItem","position":1,"name":"Home","item":"https:\/\/k-time.it\/pt-pt\/"},{"@type":"ListItem","position":2,"name":"Shop","item":"https:\/\/k-time.it\/en\/negozio\/"},{"@type":"ListItem","position":3,"name":"Ad Volume | Tratamento de Volume Densificador"}]},{"@type":"WebSite","@id":"https:\/\/k-time.it\/en\/#website","url":"https:\/\/k-time.it\/en\/","name":"K-time","description":"Hair Spa Treatments","publisher":{"@id":"https:\/\/k-time.it\/en\/#organization"},"potentialAction":[{"@type":"SearchAction","target":{"@type":"EntryPoint","urlTemplate":"https:\/\/k-time.it\/en\/?s={search_term_string}"},"query-input":{"@type":"PropertyValueSpecification","valueRequired":true,"valueName":"search_term_string"}}],"inLanguage":"pt-PT"},{"@type":"Organization","@id":"https:\/\/k-time.it\/en\/#organization","name":"K-time","url":"https:\/\/k-time.it\/en\/","logo":{"@type":"ImageObject","inLanguage":"pt-PT","@id":"https:\/\/k-time.it\/en\/#\/schema\/logo\/image\/","url":"","contentUrl":"","caption":"K-time"},"image":{"@id":"https:\/\/k-time.it\/en\/#\/schema\/logo\/image\/"}}]}},"_links":{"self":[{"href":"https:\/\/k-time.it\/pt-pt\/wp-json\/wp\/v2\/product\/6341","targetHints":{"allow":["GET"]}}],"collection":[{"href":"https:\/\/k-time.it\/pt-pt\/wp-json\/wp\/v2\/product"}],"about":[{"href":"https:\/\/k-time.it\/pt-pt\/wp-json\/wp\/v2\/types\/product"}],"wp:featuredmedia":[{"embeddable":true,"href":"https:\/\/k-time.it\/pt-pt\/wp-json\/wp\/v2\/media\/18393"}],"wp:attachment":[{"href":"https:\/\/k-time.it\/pt-pt\/wp-json\/wp\/v2\/media?parent=6341"}],"wp:term":[{"taxonomy":"product_brand","embeddable":true,"href":"https:\/\/k-time.it\/pt-pt\/wp-json\/wp\/v2\/product_brand?post=6341"},{"taxonomy":"product_cat","embeddable":true,"href":"https:\/\/k-time.it\/pt-pt\/wp-json\/wp\/v2\/product_cat?post=6341"},{"taxonomy":"product_tag","embeddable":true,"href":"https:\/\/k-time.it\/pt-pt\/wp-json\/wp\/v2\/product_tag?post=6341"}],"curies":[{"name":"wp","href":"https:\/\/api.w.org\/{rel}","templated":true}]}}