{"id":6330,"date":"2020-06-25T16:46:31","date_gmt":"2020-06-25T14:46:31","guid":{"rendered":"https:\/\/k-time.it\/products\/sem%20categoria\/ad-volume-spray-volumen-antigravedad\/"},"modified":"2021-06-22T17:26:40","modified_gmt":"2021-06-22T15:26:40","slug":"spray-volume-antigravidade","status":"publish","type":"product","link":"https:\/\/k-time.it\/pt-pt\/products\/treatments\/somnia\/ad-volume\/spray-volume-antigravidade\/","title":{"rendered":"Ad Volume | Spray Volume Antigravidade"},"content":{"rendered":"<div class=\"wpb-content-wrapper\"><p>[vc_row disable_element=&#8221;yes&#8221;][vc_column][\/vc_column][\/vc_row][vc_row][vc_column width=&#8221;1\/2&#8243;]<div class=\"standard-arrow list-divider bullet-top\"><h2>F\u00f3rmula<\/h2>\n<div id=\"tab-altre-info\">\n<ul>\n<li><strong>Agave Azul<\/strong>: \u00e9 um inovador extrato capaz de proporcionar hidrata\u00e7\u00e3o aos cabelos, mantendo a quantidade certa de \u00e1gua no interior da fibra capilar<\/li>\n<li><strong>Guaran\u00e1<\/strong>: \u00e9 considerado um elixir de vida longa gra\u00e7as \u00e0s suas propriedades energizantes, estimulantes e tonificantes<\/li>\n<\/ul>\n<\/div>\n<\/div>[\/vc_column][vc_column width=&#8221;1\/2&#8243;]<div class=\"standard-arrow list-divider bullet-top\"><h2>Benef\u00edcios<\/h2>\n<div id=\"tab-benefits\">\n<ul>\n<li>Extraordin\u00e1ria a\u00e7\u00e3o volumizadora na raiz<\/li>\n<li>Favorece a\u00a0manuten\u00e7\u00e3o do penteado<\/li>\n<li>N\u00e3o deixa o cabelo oleoso nem pesado<\/li>\n<li>Real\u00e7a os cabelos, conferindo brilho com efeito espelhado<\/li>\n<\/ul>\n<\/div>\n<\/div>[\/vc_column][\/vc_row][vc_row css=&#8221;.vc_custom_1595317695114{padding-top: 50px !important;}&#8221;][vc_column]<div class=\"dt-fancy-separator h2-size style-thick\" style=\"width: 100%;\"><div class=\"dt-fancy-title\" style=\"color: #333333;\"><span class=\"separator-holder separator-left\" style=\"border-color: #f0f0f0;\"><\/span>Productos relacionados<span class=\"separator-holder separator-right\" style=\"border-color: #f0f0f0;\"><\/span><\/div><\/div>[vc_raw_html]W3dwYi1wcm9kdWN0LXNsaWRlci1zaG9ydGNvZGUgaWQ9IjE3MzciXQ==[\/vc_raw_html][\/vc_column][\/vc_row]<\/p>\n<\/div>","protected":false},"excerpt":{"rendered":"<p>O\u00a0<strong>spray volume antigravidade<\/strong>\u00a0Ad Volume\u00a0\u00e9 formulado para cabelos finos e sem vida e enriquecido com\u00a0[glossary_exclude]<strong>Guaran\u00e1\u00a0<\/strong>e\u00a0<strong>Agave Azul<\/strong><strong>.<\/strong>[\/glossary_exclude]<\/p>\n<p>Desenvolve uma extraordin\u00e1ria[glossary_exclude]\u00a0<strong>a\u00e7\u00e3o volumizadora<\/strong>[\/glossary_exclude]\u00a0na raiz\u00a0sem pesar. Real\u00e7a os cabelos, conferindo\u00a0brilho\u00a0com efeito espelhado e favorecendo a\u00a0manuten\u00e7\u00e3o\u00a0do penteado.<\/p>\n<p>Formato 150 ml<br \/>\n[vc_row][vc_column][ultimate_exp_section title=\" Como comprar\" new_title=\"Solicitar informa\u00e7\u00f5es de compra\" text_color=\"#ffffff\" background_color=\"#877650\" text_hovercolor=\"#ffffff\" bghovercolor=\"#877650\" title_active=\"#ffffff\" title_active_bg=\"#877650\" cnt_bg_color=\"#ffffff\" icon=\"icomoon-the7-font-icon-cart-detailed\" new_icon=\"icomoon-the7-font-the7-mail-011\" icon_align=\"left\" icon_size=\"20\" icon_color=\"#ffffff\" icon_hover_color=\"#ffffff\" icon_active_color=\"#ffffff\" title_font_size=\"desktop:16px;\" title_padding=\"padding-top:4px;padding-right:7px;padding-bottom:4px;padding-left:4px;\" icon_margin=\"margin-right:1px;\"][contact-form-7 id=\"496\"][\/ultimate_exp_section][\/vc_column][\/vc_row]<\/p>\n","protected":false},"featured_media":18407,"template":"","meta":[],"product_brand":[],"product_cat":[491,1035,1051],"product_tag":[],"class_list":{"0":"post-6330","1":"product","2":"type-product","3":"status-publish","4":"has-post-thumbnail","6":"product_cat-treatments","7":"product_cat-somnia","8":"product_cat-ad-volume","9":"description-off","11":"first","12":"instock","13":"shipping-taxable","14":"product-type-simple"},"yoast_head":"<!-- This site is optimized with the Yoast SEO plugin v26.8 - https:\/\/yoast.com\/product\/yoast-seo-wordpress\/ -->\n<title>Ad Volume | Spray Volume Antigravidade - K-time<\/title>\n<meta name=\"description\" content=\"O spray volume antigravidade Ad Volume \u00e9 formulado para cabelos finos e sem vida e enriquecido com Guaran\u00e1 e Agave-azul.\" \/>\n<meta name=\"robots\" content=\"index, follow, max-snippet:-1, max-image-preview:large, max-video-preview:-1\" \/>\n<link rel=\"canonical\" href=\"https:\/\/k-time.it\/pt-pt\/products\/treatments\/somnia\/ad-volume\/spray-volume-antigravidade\/\" \/>\n<meta property=\"og:locale\" content=\"pt_PT\" \/>\n<meta property=\"og:type\" content=\"article\" \/>\n<meta property=\"og:title\" content=\"Ad Volume | Spray Volume Antigravidade - K-time\" \/>\n<meta property=\"og:description\" content=\"O spray volume antigravidade Ad Volume \u00e9 formulado para cabelos finos e sem vida e enriquecido com Guaran\u00e1 e Agave-azul.\" \/>\n<meta property=\"og:url\" content=\"https:\/\/k-time.it\/pt-pt\/products\/treatments\/somnia\/ad-volume\/spray-volume-antigravidade\/\" \/>\n<meta property=\"og:site_name\" content=\"K-time\" \/>\n<meta property=\"article:modified_time\" content=\"2021-06-22T15:26:40+00:00\" \/>\n<meta property=\"og:image\" content=\"https:\/\/k-time.it\/wp-content\/uploads\/2020\/06\/22065_k-time_somnia_ad_volume_anti-gravity_volumizing_spray_150ml.png\" \/>\n\t<meta property=\"og:image:width\" content=\"600\" \/>\n\t<meta property=\"og:image:height\" content=\"600\" \/>\n\t<meta property=\"og:image:type\" content=\"image\/png\" \/>\n<meta name=\"twitter:card\" content=\"summary_large_image\" \/>\n<meta name=\"twitter:label1\" content=\"Tempo estimado de leitura\" \/>\n\t<meta name=\"twitter:data1\" content=\"1 minuto\" \/>\n<script type=\"application\/ld+json\" class=\"yoast-schema-graph\">{\"@context\":\"https:\/\/schema.org\",\"@graph\":[{\"@type\":\"WebPage\",\"@id\":\"https:\/\/k-time.it\/pt-pt\/products\/treatments\/somnia\/ad-volume\/spray-volume-antigravidade\/\",\"url\":\"https:\/\/k-time.it\/pt-pt\/products\/treatments\/somnia\/ad-volume\/spray-volume-antigravidade\/\",\"name\":\"Ad Volume | Spray Volume Antigravidade - K-time\",\"isPartOf\":{\"@id\":\"https:\/\/k-time.it\/en\/#website\"},\"primaryImageOfPage\":{\"@id\":\"https:\/\/k-time.it\/pt-pt\/products\/treatments\/somnia\/ad-volume\/spray-volume-antigravidade\/#primaryimage\"},\"image\":{\"@id\":\"https:\/\/k-time.it\/pt-pt\/products\/treatments\/somnia\/ad-volume\/spray-volume-antigravidade\/#primaryimage\"},\"thumbnailUrl\":\"https:\/\/k-time.it\/wp-content\/uploads\/2020\/06\/22065_k-time_somnia_ad_volume_anti-gravity_volumizing_spray_150ml.png\",\"datePublished\":\"2020-06-25T14:46:31+00:00\",\"dateModified\":\"2021-06-22T15:26:40+00:00\",\"description\":\"O spray volume antigravidade Ad Volume \u00e9 formulado para cabelos finos e sem vida e enriquecido com Guaran\u00e1 e Agave-azul.\",\"breadcrumb\":{\"@id\":\"https:\/\/k-time.it\/pt-pt\/products\/treatments\/somnia\/ad-volume\/spray-volume-antigravidade\/#breadcrumb\"},\"inLanguage\":\"pt-PT\",\"potentialAction\":[{\"@type\":\"ReadAction\",\"target\":[\"https:\/\/k-time.it\/pt-pt\/products\/treatments\/somnia\/ad-volume\/spray-volume-antigravidade\/\"]}]},{\"@type\":\"ImageObject\",\"inLanguage\":\"pt-PT\",\"@id\":\"https:\/\/k-time.it\/pt-pt\/products\/treatments\/somnia\/ad-volume\/spray-volume-antigravidade\/#primaryimage\",\"url\":\"https:\/\/k-time.it\/wp-content\/uploads\/2020\/06\/22065_k-time_somnia_ad_volume_anti-gravity_volumizing_spray_150ml.png\",\"contentUrl\":\"https:\/\/k-time.it\/wp-content\/uploads\/2020\/06\/22065_k-time_somnia_ad_volume_anti-gravity_volumizing_spray_150ml.png\",\"width\":600,\"height\":600,\"caption\":\"Ad Volume | Spray Volume anti-gravit\u00e0\"},{\"@type\":\"BreadcrumbList\",\"@id\":\"https:\/\/k-time.it\/pt-pt\/products\/treatments\/somnia\/ad-volume\/spray-volume-antigravidade\/#breadcrumb\",\"itemListElement\":[{\"@type\":\"ListItem\",\"position\":1,\"name\":\"Home\",\"item\":\"https:\/\/k-time.it\/pt-pt\/\"},{\"@type\":\"ListItem\",\"position\":2,\"name\":\"Shop\",\"item\":\"https:\/\/k-time.it\/en\/negozio\/\"},{\"@type\":\"ListItem\",\"position\":3,\"name\":\"Ad Volume | Spray Volume Antigravidade\"}]},{\"@type\":\"WebSite\",\"@id\":\"https:\/\/k-time.it\/en\/#website\",\"url\":\"https:\/\/k-time.it\/en\/\",\"name\":\"K-time\",\"description\":\"Hair Spa Treatments\",\"publisher\":{\"@id\":\"https:\/\/k-time.it\/en\/#organization\"},\"potentialAction\":[{\"@type\":\"SearchAction\",\"target\":{\"@type\":\"EntryPoint\",\"urlTemplate\":\"https:\/\/k-time.it\/en\/?s={search_term_string}\"},\"query-input\":{\"@type\":\"PropertyValueSpecification\",\"valueRequired\":true,\"valueName\":\"search_term_string\"}}],\"inLanguage\":\"pt-PT\"},{\"@type\":\"Organization\",\"@id\":\"https:\/\/k-time.it\/en\/#organization\",\"name\":\"K-time\",\"url\":\"https:\/\/k-time.it\/en\/\",\"logo\":{\"@type\":\"ImageObject\",\"inLanguage\":\"pt-PT\",\"@id\":\"https:\/\/k-time.it\/en\/#\/schema\/logo\/image\/\",\"url\":\"\",\"contentUrl\":\"\",\"caption\":\"K-time\"},\"image\":{\"@id\":\"https:\/\/k-time.it\/en\/#\/schema\/logo\/image\/\"}}]}<\/script>\n<!-- \/ Yoast SEO plugin. -->","yoast_head_json":{"title":"Ad Volume | Spray Volume Antigravidade - K-time","description":"O spray volume antigravidade Ad Volume \u00e9 formulado para cabelos finos e sem vida e enriquecido com Guaran\u00e1 e Agave-azul.","robots":{"index":"index","follow":"follow","max-snippet":"max-snippet:-1","max-image-preview":"max-image-preview:large","max-video-preview":"max-video-preview:-1"},"canonical":"https:\/\/k-time.it\/pt-pt\/products\/treatments\/somnia\/ad-volume\/spray-volume-antigravidade\/","og_locale":"pt_PT","og_type":"article","og_title":"Ad Volume | Spray Volume Antigravidade - K-time","og_description":"O spray volume antigravidade Ad Volume \u00e9 formulado para cabelos finos e sem vida e enriquecido com Guaran\u00e1 e Agave-azul.","og_url":"https:\/\/k-time.it\/pt-pt\/products\/treatments\/somnia\/ad-volume\/spray-volume-antigravidade\/","og_site_name":"K-time","article_modified_time":"2021-06-22T15:26:40+00:00","og_image":[{"width":600,"height":600,"url":"https:\/\/k-time.it\/wp-content\/uploads\/2020\/06\/22065_k-time_somnia_ad_volume_anti-gravity_volumizing_spray_150ml.png","type":"image\/png"}],"twitter_card":"summary_large_image","twitter_misc":{"Tempo estimado de leitura":"1 minuto"},"schema":{"@context":"https:\/\/schema.org","@graph":[{"@type":"WebPage","@id":"https:\/\/k-time.it\/pt-pt\/products\/treatments\/somnia\/ad-volume\/spray-volume-antigravidade\/","url":"https:\/\/k-time.it\/pt-pt\/products\/treatments\/somnia\/ad-volume\/spray-volume-antigravidade\/","name":"Ad Volume | Spray Volume Antigravidade - K-time","isPartOf":{"@id":"https:\/\/k-time.it\/en\/#website"},"primaryImageOfPage":{"@id":"https:\/\/k-time.it\/pt-pt\/products\/treatments\/somnia\/ad-volume\/spray-volume-antigravidade\/#primaryimage"},"image":{"@id":"https:\/\/k-time.it\/pt-pt\/products\/treatments\/somnia\/ad-volume\/spray-volume-antigravidade\/#primaryimage"},"thumbnailUrl":"https:\/\/k-time.it\/wp-content\/uploads\/2020\/06\/22065_k-time_somnia_ad_volume_anti-gravity_volumizing_spray_150ml.png","datePublished":"2020-06-25T14:46:31+00:00","dateModified":"2021-06-22T15:26:40+00:00","description":"O spray volume antigravidade Ad Volume \u00e9 formulado para cabelos finos e sem vida e enriquecido com Guaran\u00e1 e Agave-azul.","breadcrumb":{"@id":"https:\/\/k-time.it\/pt-pt\/products\/treatments\/somnia\/ad-volume\/spray-volume-antigravidade\/#breadcrumb"},"inLanguage":"pt-PT","potentialAction":[{"@type":"ReadAction","target":["https:\/\/k-time.it\/pt-pt\/products\/treatments\/somnia\/ad-volume\/spray-volume-antigravidade\/"]}]},{"@type":"ImageObject","inLanguage":"pt-PT","@id":"https:\/\/k-time.it\/pt-pt\/products\/treatments\/somnia\/ad-volume\/spray-volume-antigravidade\/#primaryimage","url":"https:\/\/k-time.it\/wp-content\/uploads\/2020\/06\/22065_k-time_somnia_ad_volume_anti-gravity_volumizing_spray_150ml.png","contentUrl":"https:\/\/k-time.it\/wp-content\/uploads\/2020\/06\/22065_k-time_somnia_ad_volume_anti-gravity_volumizing_spray_150ml.png","width":600,"height":600,"caption":"Ad Volume | Spray Volume anti-gravit\u00e0"},{"@type":"BreadcrumbList","@id":"https:\/\/k-time.it\/pt-pt\/products\/treatments\/somnia\/ad-volume\/spray-volume-antigravidade\/#breadcrumb","itemListElement":[{"@type":"ListItem","position":1,"name":"Home","item":"https:\/\/k-time.it\/pt-pt\/"},{"@type":"ListItem","position":2,"name":"Shop","item":"https:\/\/k-time.it\/en\/negozio\/"},{"@type":"ListItem","position":3,"name":"Ad Volume | Spray Volume Antigravidade"}]},{"@type":"WebSite","@id":"https:\/\/k-time.it\/en\/#website","url":"https:\/\/k-time.it\/en\/","name":"K-time","description":"Hair Spa Treatments","publisher":{"@id":"https:\/\/k-time.it\/en\/#organization"},"potentialAction":[{"@type":"SearchAction","target":{"@type":"EntryPoint","urlTemplate":"https:\/\/k-time.it\/en\/?s={search_term_string}"},"query-input":{"@type":"PropertyValueSpecification","valueRequired":true,"valueName":"search_term_string"}}],"inLanguage":"pt-PT"},{"@type":"Organization","@id":"https:\/\/k-time.it\/en\/#organization","name":"K-time","url":"https:\/\/k-time.it\/en\/","logo":{"@type":"ImageObject","inLanguage":"pt-PT","@id":"https:\/\/k-time.it\/en\/#\/schema\/logo\/image\/","url":"","contentUrl":"","caption":"K-time"},"image":{"@id":"https:\/\/k-time.it\/en\/#\/schema\/logo\/image\/"}}]}},"_links":{"self":[{"href":"https:\/\/k-time.it\/pt-pt\/wp-json\/wp\/v2\/product\/6330","targetHints":{"allow":["GET"]}}],"collection":[{"href":"https:\/\/k-time.it\/pt-pt\/wp-json\/wp\/v2\/product"}],"about":[{"href":"https:\/\/k-time.it\/pt-pt\/wp-json\/wp\/v2\/types\/product"}],"wp:featuredmedia":[{"embeddable":true,"href":"https:\/\/k-time.it\/pt-pt\/wp-json\/wp\/v2\/media\/18407"}],"wp:attachment":[{"href":"https:\/\/k-time.it\/pt-pt\/wp-json\/wp\/v2\/media?parent=6330"}],"wp:term":[{"taxonomy":"product_brand","embeddable":true,"href":"https:\/\/k-time.it\/pt-pt\/wp-json\/wp\/v2\/product_brand?post=6330"},{"taxonomy":"product_cat","embeddable":true,"href":"https:\/\/k-time.it\/pt-pt\/wp-json\/wp\/v2\/product_cat?post=6330"},{"taxonomy":"product_tag","embeddable":true,"href":"https:\/\/k-time.it\/pt-pt\/wp-json\/wp\/v2\/product_tag?post=6330"}],"curies":[{"name":"wp","href":"https:\/\/api.w.org\/{rel}","templated":true}]}}