{"id":6079,"date":"2020-06-25T16:46:32","date_gmt":"2020-06-25T14:46:32","guid":{"rendered":"https:\/\/k-time.it\/products\/sem%20categoria\/reflex-express-coloracion-directa-sin-amoniaco\/"},"modified":"2021-11-05T16:45:32","modified_gmt":"2021-11-05T15:45:32","slug":"reflex-express-coloracao-direta-sem-amoniaco","status":"publish","type":"product","link":"https:\/\/k-time.it\/pt-pt\/products\/colouring\/reflex-express\/reflex-express-coloracao-direta-sem-amoniaco\/","title":{"rendered":"Reflex Express | Colora\u00e7\u00e3o Direta sem Amon\u00edaco"},"content":{"rendered":"<div class=\"wpb-content-wrapper\"><p>[vc_row disable_element=&#8221;yes&#8221;][vc_column]<div class=\"ult_exp_section_layer ult-adjust-bottom-margin  \" >\n\t\t<div id=\"uvc-exp-wrap-3180\" role=\"button\" tabindex=\"0\" aria-pressed=\"false\"  data-ultimate-target='#uvc-exp-wrap-3180'  data-responsive-json-new='{\"font-size\":\"desktop:16px;\",\"line-height\":\"desktop:20px;\"}'  class=\"ult_exp_section  ult-responsive \" style=\"color:#ffffff;background-color:#877650; font-weight:normal; padding-top:4px;padding-right:7px;padding-bottom:4px;padding-left:4px;text-align:center;\" data-textcolor=\"#ffffff\"data-texthover=\"#ffffff\"data-icncolor=\"#ffffff\"data-ihover=\"#ffffff\"data-height=\"0\"data-cntbg=\"#877650\"data-cnthvrbg=\"#877650\"data-headerbg=\"#877650\"data-headerhover=\"#877650\"data-title=\"Como comprar\"data-newtitle=\"Solicitar informa\u00e7\u00f5es de compra\"data-icon=\"icomoon-the7-font-icon-cart-detailed\"data-newicon=\"icomoon-the7-font-the7-mail-011\"data-activeicon=\"#ffffff\"data-effect=\"slideToggle\"data-override=\"0\"data-activetitle=\"#ffffff\"data-activebg=\"#877650\"data-img=\"\"data-newimg=\"\"><div class=\"ult_exp_section-main ult_expleft_icon\">\t<div class=\"ult-just-icon-wrapper ult_exp_icon\">\n\t\t\t\t\t<div class=\"align-icon \">\n\t\t\t\t\t\t\n<span class=\"aio-icon  none  ult_expsection_icon \"  style=\"color:#ffffff;font-size:20px;\">\n\t<i class=\"icomoon-the7-font-icon-cart-detailed ult_ex_icon\"  ><\/i>\n<\/span>\n\t\t\t\t\t<\/div>\n\t\t\t\t<\/div>\n\t\t\t\t<div class=\"ult_expheader\" >Como comprar\n\t\t\t\t<\/div>\n\t\t\t<\/div>\n\t\t<\/div><div class=\"ult_exp_content \" style=\"background-color:#ffffff;  \"><div class=\"ult_ecpsub_cont\" style=\" \" >\n<div class=\"wpcf7 no-js\" id=\"wpcf7-f6407-o1\" lang=\"pt-PT\" dir=\"ltr\" data-wpcf7-id=\"6407\">\n<div class=\"screen-reader-response\"><p role=\"status\" aria-live=\"polite\" aria-atomic=\"true\"><\/p> <ul><\/ul><\/div>\n<form action=\"\/pt-pt\/wp-json\/wp\/v2\/product\/6079#wpcf7-f6407-o1\" method=\"post\" class=\"wpcf7-form init\" aria-label=\"Formul\u00e1rio de contacto\" novalidate=\"novalidate\" data-status=\"init\">\n<fieldset class=\"hidden-fields-container\"><input type=\"hidden\" name=\"_wpcf7\" value=\"6407\" \/><input type=\"hidden\" name=\"_wpcf7_version\" value=\"6.1.4\" \/><input type=\"hidden\" name=\"_wpcf7_locale\" value=\"pt_PT\" \/><input type=\"hidden\" name=\"_wpcf7_unit_tag\" value=\"wpcf7-f6407-o1\" \/><input type=\"hidden\" name=\"_wpcf7_container_post\" value=\"0\" \/><input type=\"hidden\" name=\"_wpcf7_posted_data_hash\" value=\"\" \/><input type=\"hidden\" name=\"_wpcf7_recaptcha_response\" value=\"\" \/>\n<\/fieldset>\n<p>Nome\/Sobrenome*\n<\/p>\n<p><span class=\"wpcf7-form-control-wrap\" data-name=\"your-name\"><input size=\"40\" maxlength=\"400\" class=\"wpcf7-form-control wpcf7-text wpcf7-validates-as-required\" aria-required=\"true\" aria-invalid=\"false\" value=\"\" type=\"text\" name=\"your-name\" \/><\/span>\n<\/p>\n<p>Email*\n<\/p>\n<p><span class=\"wpcf7-form-control-wrap\" data-name=\"your-email\"><input size=\"40\" maxlength=\"400\" class=\"wpcf7-form-control wpcf7-email wpcf7-validates-as-required wpcf7-text wpcf7-validates-as-email\" aria-required=\"true\" aria-invalid=\"false\" value=\"\" type=\"email\" name=\"your-email\" \/><\/span>\n<\/p>\n<p>Estatuto*\n<\/p>\n<p><span class=\"wpcf7-form-control-wrap\" data-name=\"status\"><span class=\"wpcf7-form-control wpcf7-checkbox wpcf7-validates-as-required wpcf7-exclusive-checkbox\"><span class=\"wpcf7-list-item first\"><span class=\"wpcf7-list-item-label\">Profissional<\/span><input type=\"checkbox\" name=\"status\" value=\"Profissional\" \/><\/span><span class=\"wpcf7-list-item\"><span class=\"wpcf7-list-item-label\">Distribuidor<\/span><input type=\"checkbox\" name=\"status\" value=\"Distribuidor\" \/><\/span><span class=\"wpcf7-list-item last\"><span class=\"wpcf7-list-item-label\">Outro<\/span><input type=\"checkbox\" name=\"status\" value=\"Outro\" \/><\/span><\/span><\/span>\n<\/p>\n<p>Pa\u00eds*\n<\/p>\n<p><span class=\"wpcf7-form-control-wrap\" data-name=\"country\"><input size=\"40\" maxlength=\"400\" class=\"wpcf7-form-control wpcf7-text wpcf7-validates-as-required\" aria-required=\"true\" aria-invalid=\"false\" value=\"\" type=\"text\" name=\"country\" \/><\/span>\n<\/p>\n<p>Mensagem*\n<\/p>\n<p><span class=\"wpcf7-form-control-wrap\" data-name=\"your-message\"><textarea cols=\"40\" rows=\"10\" maxlength=\"2000\" class=\"wpcf7-form-control wpcf7-textarea wpcf7-validates-as-required\" aria-required=\"true\" aria-invalid=\"false\" name=\"your-message\"><\/textarea><\/span>\n<\/p>\n<p><span class=\"wpcf7-form-control-wrap\" data-name=\"acceptance-20\"><span class=\"wpcf7-form-control wpcf7-acceptance\"><span class=\"wpcf7-list-item\"><input type=\"checkbox\" name=\"acceptance-20\" value=\"1\" aria-invalid=\"false\" \/><\/span><\/span><\/span> I express my informed, specific and unconditional consent for the company Comprof Milano Srl to proceed with the processing of my personal data to process the requests for information transmitted, as better described in the <a href=\"https:\/\/k-time.it\/pt-pt\/privacy-policy\/\" target=\"_blank\" rel=\"noopener\">Privacy Policy<\/a>*\n<\/p>\n<p><small>Este site \u00e9 protegido pela <a href=\"https:\/\/policies.google.com\/privacy\">Pol\u00edtica de Privacidade<\/a> e <a href=\"https:\/\/policies.google.com\/terms\">Termos de Servi\u00e7o<\/a> do reCAPTCHA do Google.<\/small>\n<\/p>\n<p><input class=\"wpcf7-form-control wpcf7-submit has-spinner\" type=\"submit\" value=\"Enviar\" \/>\n<\/p><div class=\"wpcf7-response-output\" aria-hidden=\"true\"><\/div>\n<\/form>\n<\/div>\n<\/div><\/div>\n\n\t\t\t<\/div>[\/vc_column][\/vc_row][vc_row][vc_column width=&#8221;1\/2&#8243;]<div class=\"standard-arrow list-divider bullet-top\"><h2>F\u00f3rmula<\/h2>\n<div id=\"tab-altre-info\">\n<ul>\n<li><strong>Photo-Reflecting Pigments<\/strong>: tecnologia que aproveita a estrutura particular dos pigmentos interm\u00e9dios e permite desenvolver cores e reflexos fotorrefletores para um cabelo em HD<\/li>\n<li><strong>Alo\u00e9 Vera<\/strong>: nutre em profundidade a haste e confere ao cabelo corpo e luminosidade<\/li>\n<li><strong>\u00d3leo de Arg\u00e3o<\/strong>: \u00e9 extra\u00eddo do fruto de uma \u00e1rvore (Argania Spinosa) que cresce exclusivamente em Marrocos.<\/li>\n<li>Sem <strong>amon\u00edaco e<\/strong> sem<strong> oxidantes<\/strong><\/li>\n<\/ul>\n<\/div>\n<\/div><div class=\"standard-arrow list-divider bullet-top\"><h2>Benef\u00edcios<\/h2>\n<div id=\"tab-benefits\">\n<ul>\n<li>Cobre os cabelos brancos at\u00e9 30% e elimina o efeito de recrescimento vis\u00edvel nas ra\u00edzes<\/li>\n<li>Efeito revers\u00edvel e luminoso<\/li>\n<li>Uniformiza a cor dos comprimentos e das pontas desbotadas<\/li>\n<li>Cor brilhante e viva<\/li>\n<li>Cabelos luminosos, macios e protegidos<\/li>\n<li>Dura\u00e7\u00e3o dos reflexos at\u00e9 10 lavagens<\/li>\n<\/ul>\n<\/div>\n<\/div>[\/vc_column][vc_column width=&#8221;1\/2&#8243;][vc_column_text]<\/p>\n<h2>Servi\u00e7o Refresh Express<\/h2>\n<div id=\"tab-rituel\">\n<p><strong>Reflex Express e Somnia<\/strong>, colora\u00e7\u00e3o e tratamento pela primeira vez juntos: a partir de hoje \u00e9 poss\u00edvel criar o retoque de cor perfeito e associ\u00e1-lo ao tratamento espec\u00edfico para as exig\u00eancias da sua cliente num servi\u00e7o simples e superveloz.<\/p>\n<p>Como realizar o servi\u00e7o Refresh Express:<\/p>\n<ol>\n<li>Misturar 10 ml do tom pretendido de Reflex Express com 15 gr do <span style=\"color: #877650;\"><a style=\"color: #877650;\" href=\"https:\/\/k-time.it\/pt-pt\/cat\/treatments\/somnia\/\">Tratamento Somnia<\/a>,<\/span> escolhendo o mais adequado aos cabelos da sua cliente. Ap\u00f3s lavagem com Somnia Shampoo, aplicar a mistura nos cabelos.<\/li>\n<li>Realize a massagem ativa da K-time com uma dura\u00e7\u00e3o de 2 minutos, com as pontas dos dedos massajar come\u00e7ando pelas pontas, subindo ao longo dos cabelos para favorecer a absor\u00e7\u00e3o em profundidade dos princ\u00edpios ativos. Deixar atuar por 5 minutos.<\/li>\n<li>Enxaguar e proceder \u00e0 secagem.<\/li>\n<\/ol>\n<p>Em apenas <strong>7 minutos<\/strong> ter\u00e1 proporcionado \u00e0 sua cliente: uma cor reavivada, um cabelo nutrido e um breve mas intenso momento de descontra\u00e7\u00e3o.<\/p>\n<\/div>\n<p>[\/vc_column_text][\/vc_column][\/vc_row][vc_row css=&#8221;.vc_custom_1595317695114{padding-top: 50px !important;}&#8221;][vc_column]<div class=\"dt-fancy-separator h2-size style-thick\" style=\"width: 100%;\"><div class=\"dt-fancy-title\" style=\"color: #333333;\"><span class=\"separator-holder separator-left\" style=\"border-color: #f0f0f0;\"><\/span>Produtos relacionados<span class=\"separator-holder separator-right\" style=\"border-color: #f0f0f0;\"><\/span><\/div><\/div>[vc_raw_html]JTVCd3BiLXByb2R1Y3Qtc2xpZGVyLXNob3J0Y29kZSUyMGlkJTNEJTIyNzY5JTIyJTVE[\/vc_raw_html][\/vc_column][\/vc_row]<\/p>\n<\/div>","protected":false},"excerpt":{"rendered":"<div class=\"woocommerce-product-details__short-description\">\n<p><strong>Reflex Express\u00a0<\/strong>\u00e9 a\u00a0<strong>nova colora\u00e7\u00e3o direta<\/strong>, sem amon\u00edaco e sem oxidantes, pronta a usar, ideal para criar reflexos, tonalizar, reavivar a cor e atenuar os primeiros cabelos brancos.<\/p>\n<p>Enriquecida com\u00a0[glossary_exclude]<strong>Alo\u00e9 Vera\u00a0<\/strong>e\u00a0<strong>\u00d3leo de Arg\u00e3o<\/strong>.[\/glossary_exclude]<\/p>\n<p>Uso profissional<\/p>\n<p>Formato 250 ml<\/p>\n<\/div>\n<p>6 nuances<\/p>\n<p>[vc_row][vc_column][ultimate_exp_section title=\" Como comprar\" new_title=\"Solicitar informa\u00e7\u00f5es de compra\" text_color=\"#ffffff\" background_color=\"#877650\" text_hovercolor=\"#ffffff\" bghovercolor=\"#877650\" title_active=\"#ffffff\" title_active_bg=\"#877650\" cnt_bg_color=\"#ffffff\" icon=\"icomoon-the7-font-icon-cart-detailed\" new_icon=\"icomoon-the7-font-the7-mail-011\" icon_align=\"left\" icon_size=\"20\" icon_color=\"#ffffff\" icon_hover_color=\"#ffffff\" icon_active_color=\"#ffffff\" title_font_size=\"desktop:16px;\" title_padding=\"padding-top:4px;padding-right:7px;padding-bottom:4px;padding-left:4px;\" icon_margin=\"margin-right:1px;\"][contact-form-7 id=\"496\"][\/ultimate_exp_section][\/vc_column][\/vc_row]<\/p>\n","protected":false},"featured_media":17761,"template":"","meta":[],"product_brand":[],"product_cat":[1032,1038],"product_tag":[],"class_list":{"0":"post-6079","1":"product","2":"type-product","3":"status-publish","4":"has-post-thumbnail","6":"product_cat-colouring","7":"product_cat-reflex-express","8":"description-off","10":"first","11":"instock","12":"shipping-taxable","13":"purchasable","14":"product-type-variable"},"yoast_head":"<!-- This site is optimized with the Yoast SEO plugin v26.8 - https:\/\/yoast.com\/product\/yoast-seo-wordpress\/ -->\n<title>Reflex Express | Colora\u00e7\u00e3o Direta sem Amon\u00edaco - K-time<\/title>\n<meta name=\"description\" content=\"Reflex Express \u00e9 a nova colora\u00e7\u00e3o direta, sem amon\u00edaco e sem oxidantes, pronta a usar.\" \/>\n<meta name=\"robots\" content=\"index, follow, max-snippet:-1, max-image-preview:large, max-video-preview:-1\" \/>\n<link rel=\"canonical\" href=\"https:\/\/k-time.it\/pt-pt\/products\/colouring\/reflex-express\/reflex-express-coloracao-direta-sem-amoniaco\/\" \/>\n<meta property=\"og:locale\" content=\"pt_PT\" \/>\n<meta property=\"og:type\" content=\"article\" \/>\n<meta property=\"og:title\" content=\"Reflex Express | Colora\u00e7\u00e3o Direta sem Amon\u00edaco - K-time\" \/>\n<meta property=\"og:description\" content=\"Reflex Express \u00e9 a nova colora\u00e7\u00e3o direta, sem amon\u00edaco e sem oxidantes, pronta a usar.\" \/>\n<meta property=\"og:url\" content=\"https:\/\/k-time.it\/pt-pt\/products\/colouring\/reflex-express\/reflex-express-coloracao-direta-sem-amoniaco\/\" \/>\n<meta property=\"og:site_name\" content=\"K-time\" \/>\n<meta property=\"article:modified_time\" content=\"2021-11-05T15:45:32+00:00\" \/>\n<meta property=\"og:image\" content=\"https:\/\/k-time.it\/wp-content\/uploads\/2020\/06\/20613_k-time_reflex_express_direct_hair_colouring_orange_copper_200ml.png\" \/>\n\t<meta property=\"og:image:width\" content=\"600\" \/>\n\t<meta property=\"og:image:height\" content=\"600\" \/>\n\t<meta property=\"og:image:type\" content=\"image\/png\" \/>\n<meta name=\"twitter:card\" content=\"summary_large_image\" \/>\n<meta name=\"twitter:label1\" content=\"Tempo estimado de leitura\" \/>\n\t<meta name=\"twitter:data1\" content=\"2 minutos\" \/>\n<script type=\"application\/ld+json\" class=\"yoast-schema-graph\">{\"@context\":\"https:\/\/schema.org\",\"@graph\":[{\"@type\":\"WebPage\",\"@id\":\"https:\/\/k-time.it\/pt-pt\/products\/colouring\/reflex-express\/reflex-express-coloracao-direta-sem-amoniaco\/\",\"url\":\"https:\/\/k-time.it\/pt-pt\/products\/colouring\/reflex-express\/reflex-express-coloracao-direta-sem-amoniaco\/\",\"name\":\"Reflex Express | Colora\u00e7\u00e3o Direta sem Amon\u00edaco - K-time\",\"isPartOf\":{\"@id\":\"https:\/\/k-time.it\/en\/#website\"},\"primaryImageOfPage\":{\"@id\":\"https:\/\/k-time.it\/pt-pt\/products\/colouring\/reflex-express\/reflex-express-coloracao-direta-sem-amoniaco\/#primaryimage\"},\"image\":{\"@id\":\"https:\/\/k-time.it\/pt-pt\/products\/colouring\/reflex-express\/reflex-express-coloracao-direta-sem-amoniaco\/#primaryimage\"},\"thumbnailUrl\":\"https:\/\/k-time.it\/wp-content\/uploads\/2020\/06\/20613_k-time_reflex_express_direct_hair_colouring_orange_copper_200ml.png\",\"datePublished\":\"2020-06-25T14:46:32+00:00\",\"dateModified\":\"2021-11-05T15:45:32+00:00\",\"description\":\"Reflex Express \u00e9 a nova colora\u00e7\u00e3o direta, sem amon\u00edaco e sem oxidantes, pronta a usar.\",\"breadcrumb\":{\"@id\":\"https:\/\/k-time.it\/pt-pt\/products\/colouring\/reflex-express\/reflex-express-coloracao-direta-sem-amoniaco\/#breadcrumb\"},\"inLanguage\":\"pt-PT\",\"potentialAction\":[{\"@type\":\"ReadAction\",\"target\":[\"https:\/\/k-time.it\/pt-pt\/products\/colouring\/reflex-express\/reflex-express-coloracao-direta-sem-amoniaco\/\"]}]},{\"@type\":\"ImageObject\",\"inLanguage\":\"pt-PT\",\"@id\":\"https:\/\/k-time.it\/pt-pt\/products\/colouring\/reflex-express\/reflex-express-coloracao-direta-sem-amoniaco\/#primaryimage\",\"url\":\"https:\/\/k-time.it\/wp-content\/uploads\/2020\/06\/20613_k-time_reflex_express_direct_hair_colouring_orange_copper_200ml.png\",\"contentUrl\":\"https:\/\/k-time.it\/wp-content\/uploads\/2020\/06\/20613_k-time_reflex_express_direct_hair_colouring_orange_copper_200ml.png\",\"width\":600,\"height\":600,\"caption\":\"Reflex Express | Colorazione Diretta senza ammoniaca\"},{\"@type\":\"BreadcrumbList\",\"@id\":\"https:\/\/k-time.it\/pt-pt\/products\/colouring\/reflex-express\/reflex-express-coloracao-direta-sem-amoniaco\/#breadcrumb\",\"itemListElement\":[{\"@type\":\"ListItem\",\"position\":1,\"name\":\"Home\",\"item\":\"https:\/\/k-time.it\/pt-pt\/\"},{\"@type\":\"ListItem\",\"position\":2,\"name\":\"Shop\",\"item\":\"https:\/\/k-time.it\/en\/negozio\/\"},{\"@type\":\"ListItem\",\"position\":3,\"name\":\"Reflex Express | Colora\u00e7\u00e3o Direta sem Amon\u00edaco\"}]},{\"@type\":\"WebSite\",\"@id\":\"https:\/\/k-time.it\/en\/#website\",\"url\":\"https:\/\/k-time.it\/en\/\",\"name\":\"K-time\",\"description\":\"Hair Spa Treatments\",\"publisher\":{\"@id\":\"https:\/\/k-time.it\/en\/#organization\"},\"potentialAction\":[{\"@type\":\"SearchAction\",\"target\":{\"@type\":\"EntryPoint\",\"urlTemplate\":\"https:\/\/k-time.it\/en\/?s={search_term_string}\"},\"query-input\":{\"@type\":\"PropertyValueSpecification\",\"valueRequired\":true,\"valueName\":\"search_term_string\"}}],\"inLanguage\":\"pt-PT\"},{\"@type\":\"Organization\",\"@id\":\"https:\/\/k-time.it\/en\/#organization\",\"name\":\"K-time\",\"url\":\"https:\/\/k-time.it\/en\/\",\"logo\":{\"@type\":\"ImageObject\",\"inLanguage\":\"pt-PT\",\"@id\":\"https:\/\/k-time.it\/en\/#\/schema\/logo\/image\/\",\"url\":\"\",\"contentUrl\":\"\",\"caption\":\"K-time\"},\"image\":{\"@id\":\"https:\/\/k-time.it\/en\/#\/schema\/logo\/image\/\"}}]}<\/script>\n<!-- \/ Yoast SEO plugin. -->","yoast_head_json":{"title":"Reflex Express | Colora\u00e7\u00e3o Direta sem Amon\u00edaco - K-time","description":"Reflex Express \u00e9 a nova colora\u00e7\u00e3o direta, sem amon\u00edaco e sem oxidantes, pronta a usar.","robots":{"index":"index","follow":"follow","max-snippet":"max-snippet:-1","max-image-preview":"max-image-preview:large","max-video-preview":"max-video-preview:-1"},"canonical":"https:\/\/k-time.it\/pt-pt\/products\/colouring\/reflex-express\/reflex-express-coloracao-direta-sem-amoniaco\/","og_locale":"pt_PT","og_type":"article","og_title":"Reflex Express | Colora\u00e7\u00e3o Direta sem Amon\u00edaco - K-time","og_description":"Reflex Express \u00e9 a nova colora\u00e7\u00e3o direta, sem amon\u00edaco e sem oxidantes, pronta a usar.","og_url":"https:\/\/k-time.it\/pt-pt\/products\/colouring\/reflex-express\/reflex-express-coloracao-direta-sem-amoniaco\/","og_site_name":"K-time","article_modified_time":"2021-11-05T15:45:32+00:00","og_image":[{"width":600,"height":600,"url":"https:\/\/k-time.it\/wp-content\/uploads\/2020\/06\/20613_k-time_reflex_express_direct_hair_colouring_orange_copper_200ml.png","type":"image\/png"}],"twitter_card":"summary_large_image","twitter_misc":{"Tempo estimado de leitura":"2 minutos"},"schema":{"@context":"https:\/\/schema.org","@graph":[{"@type":"WebPage","@id":"https:\/\/k-time.it\/pt-pt\/products\/colouring\/reflex-express\/reflex-express-coloracao-direta-sem-amoniaco\/","url":"https:\/\/k-time.it\/pt-pt\/products\/colouring\/reflex-express\/reflex-express-coloracao-direta-sem-amoniaco\/","name":"Reflex Express | Colora\u00e7\u00e3o Direta sem Amon\u00edaco - K-time","isPartOf":{"@id":"https:\/\/k-time.it\/en\/#website"},"primaryImageOfPage":{"@id":"https:\/\/k-time.it\/pt-pt\/products\/colouring\/reflex-express\/reflex-express-coloracao-direta-sem-amoniaco\/#primaryimage"},"image":{"@id":"https:\/\/k-time.it\/pt-pt\/products\/colouring\/reflex-express\/reflex-express-coloracao-direta-sem-amoniaco\/#primaryimage"},"thumbnailUrl":"https:\/\/k-time.it\/wp-content\/uploads\/2020\/06\/20613_k-time_reflex_express_direct_hair_colouring_orange_copper_200ml.png","datePublished":"2020-06-25T14:46:32+00:00","dateModified":"2021-11-05T15:45:32+00:00","description":"Reflex Express \u00e9 a nova colora\u00e7\u00e3o direta, sem amon\u00edaco e sem oxidantes, pronta a usar.","breadcrumb":{"@id":"https:\/\/k-time.it\/pt-pt\/products\/colouring\/reflex-express\/reflex-express-coloracao-direta-sem-amoniaco\/#breadcrumb"},"inLanguage":"pt-PT","potentialAction":[{"@type":"ReadAction","target":["https:\/\/k-time.it\/pt-pt\/products\/colouring\/reflex-express\/reflex-express-coloracao-direta-sem-amoniaco\/"]}]},{"@type":"ImageObject","inLanguage":"pt-PT","@id":"https:\/\/k-time.it\/pt-pt\/products\/colouring\/reflex-express\/reflex-express-coloracao-direta-sem-amoniaco\/#primaryimage","url":"https:\/\/k-time.it\/wp-content\/uploads\/2020\/06\/20613_k-time_reflex_express_direct_hair_colouring_orange_copper_200ml.png","contentUrl":"https:\/\/k-time.it\/wp-content\/uploads\/2020\/06\/20613_k-time_reflex_express_direct_hair_colouring_orange_copper_200ml.png","width":600,"height":600,"caption":"Reflex Express | Colorazione Diretta senza ammoniaca"},{"@type":"BreadcrumbList","@id":"https:\/\/k-time.it\/pt-pt\/products\/colouring\/reflex-express\/reflex-express-coloracao-direta-sem-amoniaco\/#breadcrumb","itemListElement":[{"@type":"ListItem","position":1,"name":"Home","item":"https:\/\/k-time.it\/pt-pt\/"},{"@type":"ListItem","position":2,"name":"Shop","item":"https:\/\/k-time.it\/en\/negozio\/"},{"@type":"ListItem","position":3,"name":"Reflex Express | Colora\u00e7\u00e3o Direta sem Amon\u00edaco"}]},{"@type":"WebSite","@id":"https:\/\/k-time.it\/en\/#website","url":"https:\/\/k-time.it\/en\/","name":"K-time","description":"Hair Spa Treatments","publisher":{"@id":"https:\/\/k-time.it\/en\/#organization"},"potentialAction":[{"@type":"SearchAction","target":{"@type":"EntryPoint","urlTemplate":"https:\/\/k-time.it\/en\/?s={search_term_string}"},"query-input":{"@type":"PropertyValueSpecification","valueRequired":true,"valueName":"search_term_string"}}],"inLanguage":"pt-PT"},{"@type":"Organization","@id":"https:\/\/k-time.it\/en\/#organization","name":"K-time","url":"https:\/\/k-time.it\/en\/","logo":{"@type":"ImageObject","inLanguage":"pt-PT","@id":"https:\/\/k-time.it\/en\/#\/schema\/logo\/image\/","url":"","contentUrl":"","caption":"K-time"},"image":{"@id":"https:\/\/k-time.it\/en\/#\/schema\/logo\/image\/"}}]}},"_links":{"self":[{"href":"https:\/\/k-time.it\/pt-pt\/wp-json\/wp\/v2\/product\/6079","targetHints":{"allow":["GET"]}}],"collection":[{"href":"https:\/\/k-time.it\/pt-pt\/wp-json\/wp\/v2\/product"}],"about":[{"href":"https:\/\/k-time.it\/pt-pt\/wp-json\/wp\/v2\/types\/product"}],"wp:featuredmedia":[{"embeddable":true,"href":"https:\/\/k-time.it\/pt-pt\/wp-json\/wp\/v2\/media\/17761"}],"wp:attachment":[{"href":"https:\/\/k-time.it\/pt-pt\/wp-json\/wp\/v2\/media?parent=6079"}],"wp:term":[{"taxonomy":"product_brand","embeddable":true,"href":"https:\/\/k-time.it\/pt-pt\/wp-json\/wp\/v2\/product_brand?post=6079"},{"taxonomy":"product_cat","embeddable":true,"href":"https:\/\/k-time.it\/pt-pt\/wp-json\/wp\/v2\/product_cat?post=6079"},{"taxonomy":"product_tag","embeddable":true,"href":"https:\/\/k-time.it\/pt-pt\/wp-json\/wp\/v2\/product_tag?post=6079"}],"curies":[{"name":"wp","href":"https:\/\/api.w.org\/{rel}","templated":true}]}}