{"id":5984,"date":"2020-06-25T16:46:46","date_gmt":"2020-06-25T14:46:46","guid":{"rendered":"https:\/\/k-time.it\/products\/sem%20categoria\/phibre-tratamento-reestruturante-intensivo\/"},"modified":"2021-06-22T13:18:43","modified_gmt":"2021-06-22T11:18:43","slug":"phibre-tratamento-reestruturante-intensivo","status":"publish","type":"product","link":"https:\/\/k-time.it\/pt-pt\/products\/treatments\/phibre\/phibre-tratamento-reestruturante-intensivo\/","title":{"rendered":"Phibre | Tratamento Reestruturante Intensivo"},"content":{"rendered":"<div class=\"wpb-content-wrapper\"><p>[vc_row disable_element=&#8221;yes&#8221;][vc_column][\/vc_column][\/vc_row][vc_row][vc_column width=&#8221;1\/2&#8243;]<div class=\"standard-arrow list-divider bullet-top\"><h2>F\u00f3rmula<\/h2>\n<ul>\n<li><strong>Fibroqueratina<\/strong>: constitu\u00edda prote\u00ednas hidrolisadas com peso molecular baixo e m\u00e9dio, extra\u00eddas do c\u00e2nhamo e arroz<\/li>\n<li><strong>Termoprote\u00edna de S\u00e9samo<\/strong>: um agente de refor\u00e7o de \u00faltima gera\u00e7\u00e3o que re\u00fane a a\u00e7\u00e3o reparadora dos hidrolisados de s\u00e9samo com o efeito de prote\u00e7\u00e3o da termoprote\u00edna<\/li>\n<\/ul>\n<\/div>[\/vc_column][vc_column width=&#8221;1\/2&#8243;]<div class=\"standard-arrow list-divider bullet-top\"><h2>Benef\u00edcios<\/h2>\n<ul>\n<li>Confere uma nova for\u00e7a \u00e0 estrutura capilar<\/li>\n<li>Os cabelos s\u00e3o reparadors e protegidos contra o stress qu\u00edmico ou ambiental<\/li>\n<li>O fio recupera a suavidade e a tonalidade<\/li>\n<li>Efic\u00e1cia testada*<\/li>\n<\/ul>\n<p>*A efic\u00e1cia do tratamento foi testada junto do Instituto Universit\u00e1rio Italiano<\/p>\n<\/div>[\/vc_column][\/vc_row][vc_row css=&#8221;.vc_custom_1595341806516{padding-top: 50px !important;}&#8221;][vc_column]<div class=\"dt-fancy-separator h2-size style-thick\" style=\"width: 100%;\"><div class=\"dt-fancy-title\" style=\"color: #333333;\"><span class=\"separator-holder separator-left\" style=\"border-color: #f0f0f0;\"><\/span>Rotina<span class=\"separator-holder separator-right\" style=\"border-color: #f0f0f0;\"><\/span><\/div><\/div>[vc_row_inner][vc_column_inner width=&#8221;1\/2&#8243;][vc_empty_space height=&#8221;15px&#8221;]<div class=\"standard-number-list list-divider bullet-top\"><div class=\"standard-number-list list-divider bullet-top\">\n<ul>\n<li>\n<h5>Champ\u00f4 Reestruturante da Fibra Capilar<\/h5>\n<p>Aplicar o Champ\u00f4 Reparador para remover delicadamente as impurezas do cabelo e prepar\u00e1-lo ao Tratamento Reparador Intensivo. Massajar delicadamente e enxaguar. Se necess\u00e1rio, voltar a aplicar.<\/li>\n<li>\n<h5>Tratamento Reestruturante Intensivo<\/h5>\n<p>Uma vez o champ\u00f4 conclu\u00eddo e depois de ter devidamente absorvido o excesso de \u00e1gua com uma toalha, dividir o cabelo em sec\u00e7\u00f5es e aplicar o Tratamento Reparador Intensivo com uma escova em todo o comprimento. Massajar para que os elementos ativos penetrem em profundidade. Deixar atuar sob uma fonte de calor, conforme aconselhado na tabela dedicada. Enxaguar.<\/li>\n<li>\n<h5>M\u00e1scara efeito Seda e Iluminador<\/h5>\n<p>Aplicar a M\u00e1scara nos cabelos molhados e deixar atuar 3\/5 minutos. Pentear e massajar para distribuir bem o produto e faz\u00ea-lo penetrar em profundidade. Enxaguar bem. Secar e proceder \u00e0 fase seguinte.<\/li>\n<li>\n<h5>Spray Reestruturante Selante<strong><br \/>\n<\/strong><\/h5>\n<p>Vaporizar o Spray a uma dist\u00e2ncia de 20-30 cm do cabelo. N\u00e3o enxaguar e proceder \u00e0 secagem. Tamb\u00e9m pode ser aplicado sobre cabelo seco.<\/li>\n<\/ul>\n<\/div>\n<\/div>[\/vc_column_inner][vc_column_inner width=&#8221;1\/2&#8243;][vc_empty_space height=&#8221;15px&#8221;][vc_column_text]Phibre \u00e9 o tratamento reparador para cabelos desidratados, danificados e stressados. Revitaliza e previne a forma\u00e7\u00e3o das pontas espigadas e a rutura.[\/vc_column_text][vc_video link=&#8221;https:\/\/www.youtube.com\/watch?v=mUJza4n2Yzw&amp;feature=emb_title&#8221; align=&#8221;center&#8221;][\/vc_column_inner][\/vc_row_inner]<div class=\"dt-fancy-separator h2-size style-thick\" style=\"width: 100%;\"><div class=\"dt-fancy-title\" style=\"color: #333333;\"><span class=\"separator-holder separator-left\" style=\"border-color: #f0f0f0;\"><\/span>Fonte de calor: tabela dedicada<span class=\"separator-holder separator-right\" style=\"border-color: #f0f0f0;\"><\/span><\/div><\/div>[vc_row_inner][vc_column_inner][vc_empty_space height=&#8221;15px&#8221;][\/vc_column_inner][\/vc_row_inner][\/vc_column][\/vc_row][vc_row][vc_column][vc_tta_tabs style=&#8221;modern&#8221; shape=&#8221;square&#8221; color=&#8221;white&#8221; spacing=&#8221;5&#8243; gap=&#8221;5&#8243; alignment=&#8221;center&#8221; active_section=&#8221;1&#8243;][vc_tta_section tab_id=&#8221;1595412922747-f9dce3bd-7013&#8243; title=&#8221;Esturtura: Cabelos Finos&#8221;][vc_row_inner css=&#8221;.vc_custom_1595415264119{padding-top: 35px !important;}&#8221;][vc_column_inner width=&#8221;1\/3&#8243;][vc_column_text]<strong>Comprimento: Cabelos Curtos<\/strong><\/p>\n<ol>\n<li>Champ\u00f4: deixar atuar 2 min + repetir sem deixar atuar<\/li>\n<li>Tratamento: 10 min sob fonte de calor<\/li>\n<li>M\u00e1scara: 3 min<\/li>\n<li>Spray: 1\/2 pulveriza\u00e7\u00f5es<\/li>\n<\/ol>\n<p>[\/vc_column_text][\/vc_column_inner][vc_column_inner width=&#8221;1\/3&#8243;][vc_column_text]<strong>Comprimento: Cabelos M\u00e9dios<\/strong><\/p>\n<ol>\n<li>Champ\u00f4: deixar atuar 2 min + repetir e deixar atuar 1 min<\/li>\n<li>Tratamento: 12\/13 min sob fonte de calor<\/li>\n<li>M\u00e1scara: 3 min<\/li>\n<li>Spray: 2\/3 pulveriza\u00e7\u00f5es<\/li>\n<\/ol>\n<p>[\/vc_column_text][\/vc_column_inner][vc_column_inner width=&#8221;1\/3&#8243;][vc_column_text]<strong>Comprimento: Cabelos Compridos<\/strong><\/p>\n<ol>\n<li>Champ\u00f4: deixar atuar 2 min + repetir e deixar atuar 2 min<\/li>\n<li>Tratamento: 15 min sob fonte de calor<\/li>\n<li>M\u00e1scara: 3 min<\/li>\n<li>Spray: 5\/6 pulveriza\u00e7\u00f5es<\/li>\n<\/ol>\n<p>[\/vc_column_text][\/vc_column_inner][\/vc_row_inner][\/vc_tta_section][vc_tta_section tab_id=&#8221;1595412922793-52428ef5-17c1&#8243; title=&#8221;Esturtura: Cabelos M\u00e9dios&#8221;][vc_row_inner css=&#8221;.vc_custom_1595415146628{padding-top: 35px !important;}&#8221;][vc_column_inner width=&#8221;1\/3&#8243;][vc_column_text]<strong>Comprimento: Cabelos Curtos<\/strong><\/p>\n<div>\n<div>\n<ol>\n<li>Champ\u00f4: deixar atuar 2 min + repetir e deixar atuar 1 min<\/li>\n<li>Tratamento: 10 min sob fonte de calor<\/li>\n<li>M\u00e1scara: 4 min<\/li>\n<li>Spray: 2\/3 pulveriza\u00e7\u00f5es<\/li>\n<\/ol>\n<\/div>\n<\/div>\n<p>[\/vc_column_text][\/vc_column_inner][vc_column_inner width=&#8221;1\/3&#8243;][vc_column_text]<strong>Comprimento: Cabelos M\u00e9dios<\/strong><\/p>\n<div>\n<div>\n<ol>\n<li>Champ\u00f4: deixar atuar 2 min + repetir 2 min. atuar<\/li>\n<li>Tratamento: 12\/13 min sob fonte de calor<\/li>\n<li>M\u00e1scara: 4 min<\/li>\n<li>Spray: 4\/5 pulveriza\u00e7\u00f5es<\/li>\n<\/ol>\n<\/div>\n<\/div>\n<p>[\/vc_column_text][\/vc_column_inner][vc_column_inner width=&#8221;1\/3&#8243;][vc_column_text]<strong>Comprimento: Cabelos Compridos<\/strong><\/p>\n<div>\n<div>\n<ol>\n<li>Champ\u00f4: deixar atuar 3 min + repetir e deixar atuar 1 min<\/li>\n<li>Tratamento: 15 min sob fonte de calor<\/li>\n<li>M\u00e1scara: 4 min<\/li>\n<li>Spray: 6\/7 pulveriza\u00e7\u00f5es<\/li>\n<\/ol>\n<\/div>\n<\/div>\n<p>[\/vc_column_text][\/vc_column_inner][\/vc_row_inner][\/vc_tta_section][vc_tta_section tab_id=&#8221;1595413104274-282d1fda-46a7&#8243; title=&#8221;Esturtura: Cabelos Grossos&#8221;][vc_row_inner css=&#8221;.vc_custom_1595415156572{padding-top: 35px !important;}&#8221;][vc_column_inner width=&#8221;1\/3&#8243;][vc_column_text]<strong>Comprimento: Cabelos Curtos<\/strong><\/p>\n<div>\n<div>\n<ol>\n<li>Champ\u00f4: deixar atuar 3 min + repetir e deixar atuar 1 min<\/li>\n<li>Tratamento: 12 min sob fonte de calor<\/li>\n<li>M\u00e1scara: 5 min<\/li>\n<li>Spray: 3\/4 pulveriza\u00e7\u00f5es<\/li>\n<\/ol>\n<\/div>\n<\/div>\n<p>[\/vc_column_text][\/vc_column_inner][vc_column_inner width=&#8221;1\/3&#8243;][vc_column_text]<strong>Comprimento: Cabelos M\u00e9dios<\/strong><\/p>\n<div>\n<div>\n<ol>\n<li>Champ\u00f4: deixar atuar 3 min + repetir e deixar atuar 2 min<\/li>\n<li>Tratamento: 13\/14 min sob fonte de calor<\/li>\n<li>M\u00e1scara: 5 min<\/li>\n<li>Spray: 5\/6 pulveriza\u00e7\u00f5es<\/li>\n<\/ol>\n<\/div>\n<\/div>\n<p>[\/vc_column_text][\/vc_column_inner][vc_column_inner width=&#8221;1\/3&#8243;][vc_column_text]<strong>Comprimento: Cabelos Compridos<\/strong><\/p>\n<div>\n<div>\n<ol>\n<li>Champ\u00f4: deixar atuar 3 min + repetir 3 vezes sem deixar atuar<\/li>\n<li>Tratamento: 15 min sob fonte de calor<\/li>\n<li>M\u00e1scara: 5 min<\/li>\n<li>Spray: 7\/8 pulveriza\u00e7\u00f5es<\/li>\n<\/ol>\n<\/div>\n<\/div>\n<p>[\/vc_column_text][\/vc_column_inner][\/vc_row_inner][\/vc_tta_section][\/vc_tta_tabs][\/vc_column][\/vc_row][vc_row css=&#8221;.vc_custom_1595341818903{padding-top: 50px !important;}&#8221;][vc_column]<div class=\"dt-fancy-separator h2-size style-thick\" style=\"width: 100%;\"><div class=\"dt-fancy-title\" style=\"color: #333333;\"><span class=\"separator-holder separator-left\" style=\"border-color: #f0f0f0;\"><\/span>Produtos relacionados<span class=\"separator-holder separator-right\" style=\"border-color: #f0f0f0;\"><\/span><\/div><\/div>[vc_raw_html]W3dwYi1wcm9kdWN0LXNsaWRlci1zaG9ydGNvZGUgaWQ9IjExNjEiXQ==[\/vc_raw_html][\/vc_column][\/vc_row]<\/p>\n<\/div>","protected":false},"excerpt":{"rendered":"<div class=\"woocommerce-product-details__short-description\">\n<p><strong>Regenera. Revitaliza. Repara.<\/strong> O tratamento reparador intensivo Phibre age sobre a <strong>estrutura dos cabelos muito danificados e tratados<\/strong>.<\/p>\n<p>Gra\u00e7as \u00e0 tecnologia <strong>[KRS]<sup>+<\/sup> Complex<\/strong> inovadora, o fio fica mais saud\u00e1vel e forte.<\/p>\n<p>Uso profissional<\/p>\n<p>Formato 1000 ml<\/p>\n<p>[vc_row][vc_column][ultimate_exp_section title=\" Como comprar\" new_title=\"Solicitar informa\u00e7\u00f5es de compra\" text_color=\"#ffffff\" background_color=\"#877650\" text_hovercolor=\"#ffffff\" bghovercolor=\"#877650\" title_active=\"#ffffff\" title_active_bg=\"#877650\" cnt_bg_color=\"#ffffff\" icon=\"icomoon-the7-font-icon-cart-detailed\" new_icon=\"icomoon-the7-font-the7-mail-011\" icon_align=\"left\" icon_size=\"20\" icon_color=\"#ffffff\" icon_hover_color=\"#ffffff\" icon_active_color=\"#ffffff\" title_font_size=\"desktop:16px;\" title_padding=\"padding-top:4px;padding-right:7px;padding-bottom:4px;padding-left:4px;\" icon_margin=\"margin-right:1px;\"][contact-form-7 id=\"496\"][\/ultimate_exp_section][\/vc_column][\/vc_row]<\/p>\n<\/div>\n","protected":false},"featured_media":18246,"template":"","meta":[],"product_brand":[],"product_cat":[491,492],"product_tag":[],"class_list":{"0":"post-5984","1":"product","2":"type-product","3":"status-publish","4":"has-post-thumbnail","6":"product_cat-treatments","7":"product_cat-phibre","8":"description-off","10":"first","11":"instock","12":"shipping-taxable","13":"product-type-simple"},"yoast_head":"<!-- This site is optimized with the Yoast SEO plugin v26.8 - https:\/\/yoast.com\/product\/yoast-seo-wordpress\/ -->\n<title>Phibre | Tratamento Reestruturante Intensivo<\/title>\n<meta name=\"description\" content=\"O tratamento reparador intensivo Phibre age sobre a estrutura dos cabelos muito danificados e tratados.\" \/>\n<meta name=\"robots\" content=\"index, follow, max-snippet:-1, max-image-preview:large, max-video-preview:-1\" \/>\n<link rel=\"canonical\" href=\"https:\/\/k-time.it\/pt-pt\/products\/treatments\/phibre\/phibre-tratamento-reestruturante-intensivo\/\" \/>\n<meta property=\"og:locale\" content=\"pt_PT\" \/>\n<meta property=\"og:type\" content=\"article\" \/>\n<meta property=\"og:title\" content=\"Phibre | Tratamento Reestruturante Intensivo\" \/>\n<meta property=\"og:description\" content=\"O tratamento reparador intensivo Phibre age sobre a estrutura dos cabelos muito danificados e tratados.\" \/>\n<meta property=\"og:url\" content=\"https:\/\/k-time.it\/pt-pt\/products\/treatments\/phibre\/phibre-tratamento-reestruturante-intensivo\/\" \/>\n<meta property=\"og:site_name\" content=\"K-time\" \/>\n<meta property=\"article:modified_time\" content=\"2021-06-22T11:18:43+00:00\" \/>\n<meta property=\"og:image\" content=\"https:\/\/k-time.it\/wp-content\/uploads\/2020\/07\/22091_k-time_phibre_sealing_intensive_restructuring_treatment_1000ml-1.png\" \/>\n\t<meta property=\"og:image:width\" content=\"600\" \/>\n\t<meta property=\"og:image:height\" content=\"600\" \/>\n\t<meta property=\"og:image:type\" content=\"image\/png\" \/>\n<meta name=\"twitter:card\" content=\"summary_large_image\" \/>\n<meta name=\"twitter:label1\" content=\"Tempo estimado de leitura\" \/>\n\t<meta name=\"twitter:data1\" content=\"3 minutos\" \/>\n<script type=\"application\/ld+json\" class=\"yoast-schema-graph\">{\"@context\":\"https:\/\/schema.org\",\"@graph\":[{\"@type\":\"WebPage\",\"@id\":\"https:\/\/k-time.it\/pt-pt\/products\/treatments\/phibre\/phibre-tratamento-reestruturante-intensivo\/\",\"url\":\"https:\/\/k-time.it\/pt-pt\/products\/treatments\/phibre\/phibre-tratamento-reestruturante-intensivo\/\",\"name\":\"Phibre | Tratamento Reestruturante Intensivo\",\"isPartOf\":{\"@id\":\"https:\/\/k-time.it\/en\/#website\"},\"primaryImageOfPage\":{\"@id\":\"https:\/\/k-time.it\/pt-pt\/products\/treatments\/phibre\/phibre-tratamento-reestruturante-intensivo\/#primaryimage\"},\"image\":{\"@id\":\"https:\/\/k-time.it\/pt-pt\/products\/treatments\/phibre\/phibre-tratamento-reestruturante-intensivo\/#primaryimage\"},\"thumbnailUrl\":\"https:\/\/k-time.it\/wp-content\/uploads\/2020\/07\/22091_k-time_phibre_sealing_intensive_restructuring_treatment_1000ml-1.png\",\"datePublished\":\"2020-06-25T14:46:46+00:00\",\"dateModified\":\"2021-06-22T11:18:43+00:00\",\"description\":\"O tratamento reparador intensivo Phibre age sobre a estrutura dos cabelos muito danificados e tratados.\",\"breadcrumb\":{\"@id\":\"https:\/\/k-time.it\/pt-pt\/products\/treatments\/phibre\/phibre-tratamento-reestruturante-intensivo\/#breadcrumb\"},\"inLanguage\":\"pt-PT\",\"potentialAction\":[{\"@type\":\"ReadAction\",\"target\":[\"https:\/\/k-time.it\/pt-pt\/products\/treatments\/phibre\/phibre-tratamento-reestruturante-intensivo\/\"]}]},{\"@type\":\"ImageObject\",\"inLanguage\":\"pt-PT\",\"@id\":\"https:\/\/k-time.it\/pt-pt\/products\/treatments\/phibre\/phibre-tratamento-reestruturante-intensivo\/#primaryimage\",\"url\":\"https:\/\/k-time.it\/wp-content\/uploads\/2020\/07\/22091_k-time_phibre_sealing_intensive_restructuring_treatment_1000ml-1.png\",\"contentUrl\":\"https:\/\/k-time.it\/wp-content\/uploads\/2020\/07\/22091_k-time_phibre_sealing_intensive_restructuring_treatment_1000ml-1.png\",\"width\":600,\"height\":600,\"caption\":\"Phibre | Trattamento Ristrutturante Intensivo\"},{\"@type\":\"BreadcrumbList\",\"@id\":\"https:\/\/k-time.it\/pt-pt\/products\/treatments\/phibre\/phibre-tratamento-reestruturante-intensivo\/#breadcrumb\",\"itemListElement\":[{\"@type\":\"ListItem\",\"position\":1,\"name\":\"Home\",\"item\":\"https:\/\/k-time.it\/pt-pt\/\"},{\"@type\":\"ListItem\",\"position\":2,\"name\":\"Shop\",\"item\":\"https:\/\/k-time.it\/en\/negozio\/\"},{\"@type\":\"ListItem\",\"position\":3,\"name\":\"Phibre | Tratamento Reestruturante Intensivo\"}]},{\"@type\":\"WebSite\",\"@id\":\"https:\/\/k-time.it\/en\/#website\",\"url\":\"https:\/\/k-time.it\/en\/\",\"name\":\"K-time\",\"description\":\"Hair Spa Treatments\",\"publisher\":{\"@id\":\"https:\/\/k-time.it\/en\/#organization\"},\"potentialAction\":[{\"@type\":\"SearchAction\",\"target\":{\"@type\":\"EntryPoint\",\"urlTemplate\":\"https:\/\/k-time.it\/en\/?s={search_term_string}\"},\"query-input\":{\"@type\":\"PropertyValueSpecification\",\"valueRequired\":true,\"valueName\":\"search_term_string\"}}],\"inLanguage\":\"pt-PT\"},{\"@type\":\"Organization\",\"@id\":\"https:\/\/k-time.it\/en\/#organization\",\"name\":\"K-time\",\"url\":\"https:\/\/k-time.it\/en\/\",\"logo\":{\"@type\":\"ImageObject\",\"inLanguage\":\"pt-PT\",\"@id\":\"https:\/\/k-time.it\/en\/#\/schema\/logo\/image\/\",\"url\":\"\",\"contentUrl\":\"\",\"caption\":\"K-time\"},\"image\":{\"@id\":\"https:\/\/k-time.it\/en\/#\/schema\/logo\/image\/\"}}]}<\/script>\n<!-- \/ Yoast SEO plugin. -->","yoast_head_json":{"title":"Phibre | Tratamento Reestruturante Intensivo","description":"O tratamento reparador intensivo Phibre age sobre a estrutura dos cabelos muito danificados e tratados.","robots":{"index":"index","follow":"follow","max-snippet":"max-snippet:-1","max-image-preview":"max-image-preview:large","max-video-preview":"max-video-preview:-1"},"canonical":"https:\/\/k-time.it\/pt-pt\/products\/treatments\/phibre\/phibre-tratamento-reestruturante-intensivo\/","og_locale":"pt_PT","og_type":"article","og_title":"Phibre | Tratamento Reestruturante Intensivo","og_description":"O tratamento reparador intensivo Phibre age sobre a estrutura dos cabelos muito danificados e tratados.","og_url":"https:\/\/k-time.it\/pt-pt\/products\/treatments\/phibre\/phibre-tratamento-reestruturante-intensivo\/","og_site_name":"K-time","article_modified_time":"2021-06-22T11:18:43+00:00","og_image":[{"width":600,"height":600,"url":"https:\/\/k-time.it\/wp-content\/uploads\/2020\/07\/22091_k-time_phibre_sealing_intensive_restructuring_treatment_1000ml-1.png","type":"image\/png"}],"twitter_card":"summary_large_image","twitter_misc":{"Tempo estimado de leitura":"3 minutos"},"schema":{"@context":"https:\/\/schema.org","@graph":[{"@type":"WebPage","@id":"https:\/\/k-time.it\/pt-pt\/products\/treatments\/phibre\/phibre-tratamento-reestruturante-intensivo\/","url":"https:\/\/k-time.it\/pt-pt\/products\/treatments\/phibre\/phibre-tratamento-reestruturante-intensivo\/","name":"Phibre | Tratamento Reestruturante Intensivo","isPartOf":{"@id":"https:\/\/k-time.it\/en\/#website"},"primaryImageOfPage":{"@id":"https:\/\/k-time.it\/pt-pt\/products\/treatments\/phibre\/phibre-tratamento-reestruturante-intensivo\/#primaryimage"},"image":{"@id":"https:\/\/k-time.it\/pt-pt\/products\/treatments\/phibre\/phibre-tratamento-reestruturante-intensivo\/#primaryimage"},"thumbnailUrl":"https:\/\/k-time.it\/wp-content\/uploads\/2020\/07\/22091_k-time_phibre_sealing_intensive_restructuring_treatment_1000ml-1.png","datePublished":"2020-06-25T14:46:46+00:00","dateModified":"2021-06-22T11:18:43+00:00","description":"O tratamento reparador intensivo Phibre age sobre a estrutura dos cabelos muito danificados e tratados.","breadcrumb":{"@id":"https:\/\/k-time.it\/pt-pt\/products\/treatments\/phibre\/phibre-tratamento-reestruturante-intensivo\/#breadcrumb"},"inLanguage":"pt-PT","potentialAction":[{"@type":"ReadAction","target":["https:\/\/k-time.it\/pt-pt\/products\/treatments\/phibre\/phibre-tratamento-reestruturante-intensivo\/"]}]},{"@type":"ImageObject","inLanguage":"pt-PT","@id":"https:\/\/k-time.it\/pt-pt\/products\/treatments\/phibre\/phibre-tratamento-reestruturante-intensivo\/#primaryimage","url":"https:\/\/k-time.it\/wp-content\/uploads\/2020\/07\/22091_k-time_phibre_sealing_intensive_restructuring_treatment_1000ml-1.png","contentUrl":"https:\/\/k-time.it\/wp-content\/uploads\/2020\/07\/22091_k-time_phibre_sealing_intensive_restructuring_treatment_1000ml-1.png","width":600,"height":600,"caption":"Phibre | Trattamento Ristrutturante Intensivo"},{"@type":"BreadcrumbList","@id":"https:\/\/k-time.it\/pt-pt\/products\/treatments\/phibre\/phibre-tratamento-reestruturante-intensivo\/#breadcrumb","itemListElement":[{"@type":"ListItem","position":1,"name":"Home","item":"https:\/\/k-time.it\/pt-pt\/"},{"@type":"ListItem","position":2,"name":"Shop","item":"https:\/\/k-time.it\/en\/negozio\/"},{"@type":"ListItem","position":3,"name":"Phibre | Tratamento Reestruturante Intensivo"}]},{"@type":"WebSite","@id":"https:\/\/k-time.it\/en\/#website","url":"https:\/\/k-time.it\/en\/","name":"K-time","description":"Hair Spa Treatments","publisher":{"@id":"https:\/\/k-time.it\/en\/#organization"},"potentialAction":[{"@type":"SearchAction","target":{"@type":"EntryPoint","urlTemplate":"https:\/\/k-time.it\/en\/?s={search_term_string}"},"query-input":{"@type":"PropertyValueSpecification","valueRequired":true,"valueName":"search_term_string"}}],"inLanguage":"pt-PT"},{"@type":"Organization","@id":"https:\/\/k-time.it\/en\/#organization","name":"K-time","url":"https:\/\/k-time.it\/en\/","logo":{"@type":"ImageObject","inLanguage":"pt-PT","@id":"https:\/\/k-time.it\/en\/#\/schema\/logo\/image\/","url":"","contentUrl":"","caption":"K-time"},"image":{"@id":"https:\/\/k-time.it\/en\/#\/schema\/logo\/image\/"}}]}},"_links":{"self":[{"href":"https:\/\/k-time.it\/pt-pt\/wp-json\/wp\/v2\/product\/5984","targetHints":{"allow":["GET"]}}],"collection":[{"href":"https:\/\/k-time.it\/pt-pt\/wp-json\/wp\/v2\/product"}],"about":[{"href":"https:\/\/k-time.it\/pt-pt\/wp-json\/wp\/v2\/types\/product"}],"wp:featuredmedia":[{"embeddable":true,"href":"https:\/\/k-time.it\/pt-pt\/wp-json\/wp\/v2\/media\/18246"}],"wp:attachment":[{"href":"https:\/\/k-time.it\/pt-pt\/wp-json\/wp\/v2\/media?parent=5984"}],"wp:term":[{"taxonomy":"product_brand","embeddable":true,"href":"https:\/\/k-time.it\/pt-pt\/wp-json\/wp\/v2\/product_brand?post=5984"},{"taxonomy":"product_cat","embeddable":true,"href":"https:\/\/k-time.it\/pt-pt\/wp-json\/wp\/v2\/product_cat?post=5984"},{"taxonomy":"product_tag","embeddable":true,"href":"https:\/\/k-time.it\/pt-pt\/wp-json\/wp\/v2\/product_tag?post=5984"}],"curies":[{"name":"wp","href":"https:\/\/api.w.org\/{rel}","templated":true}]}}