{"id":5898,"date":"2020-06-25T16:46:47","date_gmt":"2020-06-25T14:46:47","guid":{"rendered":"https:\/\/k-time.it\/products\/sem%20categoria\/gelee-coloracao-demi-permanente-sem-amoniaco\/"},"modified":"2023-11-30T17:13:23","modified_gmt":"2023-11-30T16:13:23","slug":"gelee-coloracao-demi-permanente-sem-amoniaco","status":"publish","type":"product","link":"https:\/\/k-time.it\/pt-pt\/products\/colouring\/gelee\/gelee-coloracao-demi-permanente-sem-amoniaco\/","title":{"rendered":"Gel\u00e9e | Colora\u00e7\u00e3o Demi-permanente sem Amon\u00edaco"},"content":{"rendered":"<div class=\"wpb-content-wrapper\"><p>[vc_row disable_element=&#8221;yes&#8221;][vc_column][\/vc_column][\/vc_row][vc_row][vc_column width=&#8221;1\/2&#8243;]<div class=\"standard-arrow list-divider bullet-top\"><h2>F\u00f3rmula<\/h2>\n<ul>\n<li><strong>\u00d3leo de Abacate<\/strong>: desenvolve uma a\u00e7\u00e3o antioxidante e nutritiva para os cabelos<\/li>\n<li><strong>Extrato de Videira Vermelha<\/strong>: \u00e9 rico em flavonoides, reconstitui o cabelo e d\u00e1 brilho \u00e0 cor<\/li>\n<li>Sem Amon\u00edaco<\/li>\n<\/ul>\n<\/div>[\/vc_column][vc_column width=&#8221;1\/2&#8243;]<div class=\"standard-arrow list-divider bullet-top\"><h2>Benef\u00edcios<\/h2>\n<ul>\n<li>Dupla utiliza\u00e7\u00e3o<\/li>\n<li>Cobertura delicada<\/li>\n<li>Tonaliza e recria a cor natural<\/li>\n<li>Ativos funcionais preciosos<\/li>\n<\/ul>\n<\/div>[\/vc_column][\/vc_row][vc_row][vc_column width=&#8221;1\/2&#8243;][vc_empty_space height=&#8221;20px&#8221;]<div class=\"dt-fancy-separator title-left h2-size style-thick\" style=\"width: 100%;\"><div class=\"dt-fancy-title\" style=\"color: #333333;\"><span class=\"separator-holder separator-left\" style=\"border-color: #f0f0f0;\"><\/span>Cobertura<span class=\"separator-holder separator-right\" style=\"border-color: #f0f0f0;\"><\/span><\/div><\/div>[vc_empty_space height=&#8221;20px&#8221;][vc_video link=&#8221;https:\/\/www.youtube.com\/watch?v=3yjVBC2lHvs&#8221; align=&#8221;center&#8221;][\/vc_column][vc_column width=&#8221;1\/2&#8243;][vc_empty_space height=&#8221;20px&#8221;]<div class=\"dt-fancy-separator title-left h2-size style-thick\" style=\"width: 100%;\"><div class=\"dt-fancy-title\" style=\"color: #333333;\"><span class=\"separator-holder separator-left\" style=\"border-color: #f0f0f0;\"><\/span>Tom sobre tom<span class=\"separator-holder separator-right\" style=\"border-color: #f0f0f0;\"><\/span><\/div><\/div>[vc_empty_space height=&#8221;20px&#8221;][vc_video link=&#8221;https:\/\/www.youtube.com\/watch?v=fsVb-PbF_dw&#8221; align=&#8221;center&#8221;][\/vc_column][\/vc_row][vc_row css=&#8221;.vc_custom_1595317695114{padding-top: 50px !important;}&#8221;][vc_column]<div class=\"dt-fancy-separator h2-size style-thick\" style=\"width: 100%;\"><div class=\"dt-fancy-title\" style=\"color: #333333;\"><span class=\"separator-holder separator-left\" style=\"border-color: #f0f0f0;\"><\/span>Produtos relacionados<span class=\"separator-holder separator-right\" style=\"border-color: #f0f0f0;\"><\/span><\/div><\/div>[vc_raw_html]W3dwYi1wcm9kdWN0LXNsaWRlci1zaG9ydGNvZGUgaWQ9Ijc2NiJd[\/vc_raw_html][\/vc_column][\/vc_row]<\/p>\n<\/div>","protected":false},"excerpt":{"rendered":"<div class=\"woocommerce-product-details__short-description\">\n<p><strong>Gel\u00e9e<\/strong> \u00e9 a<strong> colora\u00e7\u00e3o demi-permanente<\/strong> com f\u00f3rmula revolucion\u00e1ria com \u00f3leo\/gel \u201cdin\u00e2mico\u201d: gra\u00e7as ao <strong>Dual Color System<\/strong>, \u00e9 indicada quer para uma colora\u00e7\u00e3o delicada de <strong>cobertura<\/strong> (1:1), quer para t\u00e9cnicas de colora\u00e7\u00e3o <strong>tom sobre tom<\/strong> (1:2).<\/p>\n<p>Sem amon\u00edaco e enriquecida com <strong>\u00d3leo de Abacate<\/strong> e <strong>Extrato de Vinha Vermelha<\/strong>.<\/p>\n<p>Uso profissional<\/p>\n<p>Formato 60 ml<\/p>\n<\/div>\n<p>37 nuances<\/p>\n<p><span id=\"m_4126203198507115648gmail-docs-internal-guid-b991e8e3-7fff-58ee-4c80-93869de6c714\">[vc_row][vc_column][ultimate_exp_section title=\" Como comprar\" new_title=\"Solicitar informa\u00e7\u00f5es de compra\" text_color=\"#ffffff\" background_color=\"#877650\" text_hovercolor=\"#ffffff\" bghovercolor=\"#877650\" title_active=\"#ffffff\" title_active_bg=\"#877650\" cnt_bg_color=\"#ffffff\" icon=\"icomoon-the7-font-icon-cart-detailed\" new_icon=\"icomoon-the7-font-the7-mail-011\" icon_align=\"left\" icon_size=\"20\" icon_color=\"#ffffff\" icon_hover_color=\"#ffffff\" icon_active_color=\"#ffffff\" title_font_size=\"desktop:16px;\" title_padding=\"padding-top:4px;padding-right:7px;padding-bottom:4px;padding-left:4px;\" icon_margin=\"margin-right:1px;\"][contact-form-7 id=\"496\"][\/ultimate_exp_section][\/vc_column][\/vc_row]<\/span><\/p>\n","protected":false},"featured_media":17432,"template":"","meta":[],"product_brand":[],"product_cat":[1032,1034],"product_tag":[],"class_list":{"0":"post-5898","1":"product","2":"type-product","3":"status-publish","4":"has-post-thumbnail","6":"product_cat-colouring","7":"product_cat-gelee","8":"description-off","10":"first","11":"instock","12":"shipping-taxable","13":"purchasable","14":"product-type-variable"},"yoast_head":"<!-- This site is optimized with the Yoast SEO plugin v26.8 - https:\/\/yoast.com\/product\/yoast-seo-wordpress\/ -->\n<title>Gel\u00e9e | Colora\u00e7\u00e3o Demi-permanente sem Amon\u00edaco - K-time<\/title>\n<meta name=\"description\" content=\"Gel\u00e9e \u00e9 a colora\u00e7\u00e3o demi-permanente com f\u00f3rmula revolucion\u00e1ria com \u00f3leo\/gel \u201cdin\u00e2mico\u201d\" \/>\n<meta name=\"robots\" content=\"index, follow, max-snippet:-1, max-image-preview:large, max-video-preview:-1\" \/>\n<link rel=\"canonical\" href=\"https:\/\/k-time.it\/products\/colouring\/gelee\/gelee-colorazione-demi-permanente\/\" \/>\n<meta property=\"og:locale\" content=\"pt_PT\" \/>\n<meta property=\"og:type\" content=\"article\" \/>\n<meta property=\"og:title\" content=\"Gel\u00e9e | Colora\u00e7\u00e3o Demi-permanente sem Amon\u00edaco - K-time\" \/>\n<meta property=\"og:description\" content=\"Gel\u00e9e \u00e9 a colora\u00e7\u00e3o demi-permanente com f\u00f3rmula revolucion\u00e1ria com \u00f3leo\/gel \u201cdin\u00e2mico\u201d\" \/>\n<meta property=\"og:url\" content=\"https:\/\/k-time.it\/products\/colouring\/gelee\/gelee-colorazione-demi-permanente\/\" \/>\n<meta property=\"og:site_name\" content=\"K-time\" \/>\n<meta property=\"article:modified_time\" content=\"2023-11-30T16:13:23+00:00\" \/>\n<meta property=\"og:image\" content=\"https:\/\/k-time.it\/wp-content\/uploads\/2020\/06\/204002_k-time_gelee_demi_permanent_hair_colouring_60ml_.png\" \/>\n\t<meta property=\"og:image:width\" content=\"600\" \/>\n\t<meta property=\"og:image:height\" content=\"600\" \/>\n\t<meta property=\"og:image:type\" content=\"image\/png\" \/>\n<meta name=\"twitter:card\" content=\"summary_large_image\" \/>\n<meta name=\"twitter:label1\" content=\"Tempo estimado de leitura\" \/>\n\t<meta name=\"twitter:data1\" content=\"1 minuto\" \/>\n<script type=\"application\/ld+json\" class=\"yoast-schema-graph\">{\"@context\":\"https:\/\/schema.org\",\"@graph\":[{\"@type\":\"WebPage\",\"@id\":\"https:\/\/k-time.it\/products\/colouring\/gelee\/gelee-colorazione-demi-permanente\/\",\"url\":\"https:\/\/k-time.it\/products\/colouring\/gelee\/gelee-colorazione-demi-permanente\/\",\"name\":\"Gel\u00e9e | Colora\u00e7\u00e3o Demi-permanente sem Amon\u00edaco - K-time\",\"isPartOf\":{\"@id\":\"https:\/\/k-time.it\/en\/#website\"},\"primaryImageOfPage\":{\"@id\":\"https:\/\/k-time.it\/products\/colouring\/gelee\/gelee-colorazione-demi-permanente\/#primaryimage\"},\"image\":{\"@id\":\"https:\/\/k-time.it\/products\/colouring\/gelee\/gelee-colorazione-demi-permanente\/#primaryimage\"},\"thumbnailUrl\":\"https:\/\/k-time.it\/wp-content\/uploads\/2020\/06\/204002_k-time_gelee_demi_permanent_hair_colouring_60ml_.png\",\"datePublished\":\"2020-06-25T14:46:47+00:00\",\"dateModified\":\"2023-11-30T16:13:23+00:00\",\"description\":\"Gel\u00e9e \u00e9 a colora\u00e7\u00e3o demi-permanente com f\u00f3rmula revolucion\u00e1ria com \u00f3leo\/gel \u201cdin\u00e2mico\u201d\",\"breadcrumb\":{\"@id\":\"https:\/\/k-time.it\/products\/colouring\/gelee\/gelee-colorazione-demi-permanente\/#breadcrumb\"},\"inLanguage\":\"pt-PT\",\"potentialAction\":[{\"@type\":\"ReadAction\",\"target\":[\"https:\/\/k-time.it\/products\/colouring\/gelee\/gelee-colorazione-demi-permanente\/\"]}]},{\"@type\":\"ImageObject\",\"inLanguage\":\"pt-PT\",\"@id\":\"https:\/\/k-time.it\/products\/colouring\/gelee\/gelee-colorazione-demi-permanente\/#primaryimage\",\"url\":\"https:\/\/k-time.it\/wp-content\/uploads\/2020\/06\/204002_k-time_gelee_demi_permanent_hair_colouring_60ml_.png\",\"contentUrl\":\"https:\/\/k-time.it\/wp-content\/uploads\/2020\/06\/204002_k-time_gelee_demi_permanent_hair_colouring_60ml_.png\",\"width\":600,\"height\":600,\"caption\":\"Gel\u00e9e | Colorazione Demi-permanente\"},{\"@type\":\"BreadcrumbList\",\"@id\":\"https:\/\/k-time.it\/products\/colouring\/gelee\/gelee-colorazione-demi-permanente\/#breadcrumb\",\"itemListElement\":[{\"@type\":\"ListItem\",\"position\":1,\"name\":\"Home\",\"item\":\"https:\/\/k-time.it\/pt-pt\/\"},{\"@type\":\"ListItem\",\"position\":2,\"name\":\"Shop\",\"item\":\"https:\/\/k-time.it\/en\/negozio\/\"},{\"@type\":\"ListItem\",\"position\":3,\"name\":\"Gel\u00e9e | Colora\u00e7\u00e3o Demi-permanente sem Amon\u00edaco\"}]},{\"@type\":\"WebSite\",\"@id\":\"https:\/\/k-time.it\/en\/#website\",\"url\":\"https:\/\/k-time.it\/en\/\",\"name\":\"K-time\",\"description\":\"Hair Spa Treatments\",\"publisher\":{\"@id\":\"https:\/\/k-time.it\/en\/#organization\"},\"potentialAction\":[{\"@type\":\"SearchAction\",\"target\":{\"@type\":\"EntryPoint\",\"urlTemplate\":\"https:\/\/k-time.it\/en\/?s={search_term_string}\"},\"query-input\":{\"@type\":\"PropertyValueSpecification\",\"valueRequired\":true,\"valueName\":\"search_term_string\"}}],\"inLanguage\":\"pt-PT\"},{\"@type\":\"Organization\",\"@id\":\"https:\/\/k-time.it\/en\/#organization\",\"name\":\"K-time\",\"url\":\"https:\/\/k-time.it\/en\/\",\"logo\":{\"@type\":\"ImageObject\",\"inLanguage\":\"pt-PT\",\"@id\":\"https:\/\/k-time.it\/en\/#\/schema\/logo\/image\/\",\"url\":\"\",\"contentUrl\":\"\",\"caption\":\"K-time\"},\"image\":{\"@id\":\"https:\/\/k-time.it\/en\/#\/schema\/logo\/image\/\"}}]}<\/script>\n<!-- \/ Yoast SEO plugin. -->","yoast_head_json":{"title":"Gel\u00e9e | Colora\u00e7\u00e3o Demi-permanente sem Amon\u00edaco - K-time","description":"Gel\u00e9e \u00e9 a colora\u00e7\u00e3o demi-permanente com f\u00f3rmula revolucion\u00e1ria com \u00f3leo\/gel \u201cdin\u00e2mico\u201d","robots":{"index":"index","follow":"follow","max-snippet":"max-snippet:-1","max-image-preview":"max-image-preview:large","max-video-preview":"max-video-preview:-1"},"canonical":"https:\/\/k-time.it\/products\/colouring\/gelee\/gelee-colorazione-demi-permanente\/","og_locale":"pt_PT","og_type":"article","og_title":"Gel\u00e9e | Colora\u00e7\u00e3o Demi-permanente sem Amon\u00edaco - K-time","og_description":"Gel\u00e9e \u00e9 a colora\u00e7\u00e3o demi-permanente com f\u00f3rmula revolucion\u00e1ria com \u00f3leo\/gel \u201cdin\u00e2mico\u201d","og_url":"https:\/\/k-time.it\/products\/colouring\/gelee\/gelee-colorazione-demi-permanente\/","og_site_name":"K-time","article_modified_time":"2023-11-30T16:13:23+00:00","og_image":[{"width":600,"height":600,"url":"https:\/\/k-time.it\/wp-content\/uploads\/2020\/06\/204002_k-time_gelee_demi_permanent_hair_colouring_60ml_.png","type":"image\/png"}],"twitter_card":"summary_large_image","twitter_misc":{"Tempo estimado de leitura":"1 minuto"},"schema":{"@context":"https:\/\/schema.org","@graph":[{"@type":"WebPage","@id":"https:\/\/k-time.it\/products\/colouring\/gelee\/gelee-colorazione-demi-permanente\/","url":"https:\/\/k-time.it\/products\/colouring\/gelee\/gelee-colorazione-demi-permanente\/","name":"Gel\u00e9e | Colora\u00e7\u00e3o Demi-permanente sem Amon\u00edaco - K-time","isPartOf":{"@id":"https:\/\/k-time.it\/en\/#website"},"primaryImageOfPage":{"@id":"https:\/\/k-time.it\/products\/colouring\/gelee\/gelee-colorazione-demi-permanente\/#primaryimage"},"image":{"@id":"https:\/\/k-time.it\/products\/colouring\/gelee\/gelee-colorazione-demi-permanente\/#primaryimage"},"thumbnailUrl":"https:\/\/k-time.it\/wp-content\/uploads\/2020\/06\/204002_k-time_gelee_demi_permanent_hair_colouring_60ml_.png","datePublished":"2020-06-25T14:46:47+00:00","dateModified":"2023-11-30T16:13:23+00:00","description":"Gel\u00e9e \u00e9 a colora\u00e7\u00e3o demi-permanente com f\u00f3rmula revolucion\u00e1ria com \u00f3leo\/gel \u201cdin\u00e2mico\u201d","breadcrumb":{"@id":"https:\/\/k-time.it\/products\/colouring\/gelee\/gelee-colorazione-demi-permanente\/#breadcrumb"},"inLanguage":"pt-PT","potentialAction":[{"@type":"ReadAction","target":["https:\/\/k-time.it\/products\/colouring\/gelee\/gelee-colorazione-demi-permanente\/"]}]},{"@type":"ImageObject","inLanguage":"pt-PT","@id":"https:\/\/k-time.it\/products\/colouring\/gelee\/gelee-colorazione-demi-permanente\/#primaryimage","url":"https:\/\/k-time.it\/wp-content\/uploads\/2020\/06\/204002_k-time_gelee_demi_permanent_hair_colouring_60ml_.png","contentUrl":"https:\/\/k-time.it\/wp-content\/uploads\/2020\/06\/204002_k-time_gelee_demi_permanent_hair_colouring_60ml_.png","width":600,"height":600,"caption":"Gel\u00e9e | Colorazione Demi-permanente"},{"@type":"BreadcrumbList","@id":"https:\/\/k-time.it\/products\/colouring\/gelee\/gelee-colorazione-demi-permanente\/#breadcrumb","itemListElement":[{"@type":"ListItem","position":1,"name":"Home","item":"https:\/\/k-time.it\/pt-pt\/"},{"@type":"ListItem","position":2,"name":"Shop","item":"https:\/\/k-time.it\/en\/negozio\/"},{"@type":"ListItem","position":3,"name":"Gel\u00e9e | Colora\u00e7\u00e3o Demi-permanente sem Amon\u00edaco"}]},{"@type":"WebSite","@id":"https:\/\/k-time.it\/en\/#website","url":"https:\/\/k-time.it\/en\/","name":"K-time","description":"Hair Spa Treatments","publisher":{"@id":"https:\/\/k-time.it\/en\/#organization"},"potentialAction":[{"@type":"SearchAction","target":{"@type":"EntryPoint","urlTemplate":"https:\/\/k-time.it\/en\/?s={search_term_string}"},"query-input":{"@type":"PropertyValueSpecification","valueRequired":true,"valueName":"search_term_string"}}],"inLanguage":"pt-PT"},{"@type":"Organization","@id":"https:\/\/k-time.it\/en\/#organization","name":"K-time","url":"https:\/\/k-time.it\/en\/","logo":{"@type":"ImageObject","inLanguage":"pt-PT","@id":"https:\/\/k-time.it\/en\/#\/schema\/logo\/image\/","url":"","contentUrl":"","caption":"K-time"},"image":{"@id":"https:\/\/k-time.it\/en\/#\/schema\/logo\/image\/"}}]}},"_links":{"self":[{"href":"https:\/\/k-time.it\/pt-pt\/wp-json\/wp\/v2\/product\/5898","targetHints":{"allow":["GET"]}}],"collection":[{"href":"https:\/\/k-time.it\/pt-pt\/wp-json\/wp\/v2\/product"}],"about":[{"href":"https:\/\/k-time.it\/pt-pt\/wp-json\/wp\/v2\/types\/product"}],"wp:featuredmedia":[{"embeddable":true,"href":"https:\/\/k-time.it\/pt-pt\/wp-json\/wp\/v2\/media\/17432"}],"wp:attachment":[{"href":"https:\/\/k-time.it\/pt-pt\/wp-json\/wp\/v2\/media?parent=5898"}],"wp:term":[{"taxonomy":"product_brand","embeddable":true,"href":"https:\/\/k-time.it\/pt-pt\/wp-json\/wp\/v2\/product_brand?post=5898"},{"taxonomy":"product_cat","embeddable":true,"href":"https:\/\/k-time.it\/pt-pt\/wp-json\/wp\/v2\/product_cat?post=5898"},{"taxonomy":"product_tag","embeddable":true,"href":"https:\/\/k-time.it\/pt-pt\/wp-json\/wp\/v2\/product_tag?post=5898"}],"curies":[{"name":"wp","href":"https:\/\/api.w.org\/{rel}","templated":true}]}}