{"id":5509,"date":"2020-07-03T08:59:33","date_gmt":"2020-07-03T06:59:33","guid":{"rendered":"https:\/\/k-time.it\/products\/sem%20categoria\/glam-high-heels-lacca-ecologica-lunga-tenuta\/"},"modified":"2021-06-22T17:56:06","modified_gmt":"2021-06-22T15:56:06","slug":"glam-high-heels-laca-ecologica-de-longa-duracao","status":"publish","type":"product","link":"https:\/\/k-time.it\/pt-pt\/products\/finish-styling\/glam-high-heels-laca-ecologica-de-longa-duracao\/","title":{"rendered":"Glam | High Heels \u2013 Laca Ecol\u00f3gica de Longa Dura\u00e7\u00e3o"},"content":{"rendered":"<div class=\"wpb-content-wrapper\"><p>[vc_row disable_element=&#8221;yes&#8221;][vc_column][\/vc_column][\/vc_row][vc_row][vc_column width=&#8221;1\/2&#8243;]<div class=\"standard-arrow list-divider bullet-top\"><h2>F\u00f3rmula<\/h2>\n<div id=\"tab-altre-info\">\n<ul>\n<li>Textura el\u00e1stica e leve<\/li>\n<li>Micropel\u00edcula que\u00a0envolve os cabelos<\/li>\n<li>F\u00f3rmula com\u00a0elevada fixa\u00e7\u00e3o<\/li>\n<\/ul>\n<\/div>\n<\/div>[\/vc_column][vc_column width=&#8221;1\/2&#8243;]<div class=\"standard-arrow list-divider bullet-top\"><h2>Benef\u00edcios<\/h2>\n<div id=\"tab-benefits\">\n<ul>\n<li>Fixa\u00a0todos os tipos de penteado<\/li>\n<li>Ideal para todos os tipos de cabelos<\/li>\n<li>Confere suavidade e brilho<\/li>\n<li>N\u00e3o deixa os cabelos pesados e elimina-se\u00a0facilmente<\/li>\n<\/ul>\n<\/div>\n<\/div>[\/vc_column][\/vc_row][vc_row css=&#8221;.vc_custom_1595317695114{padding-top: 50px !important;}&#8221;][vc_column]<div class=\"dt-fancy-separator h2-size style-thick\" style=\"width: 100%;\"><div class=\"dt-fancy-title\" style=\"color: #333333;\"><span class=\"separator-holder separator-left\" style=\"border-color: #f0f0f0;\"><\/span>Produtos relacionados<span class=\"separator-holder separator-right\" style=\"border-color: #f0f0f0;\"><\/span><\/div><\/div>[vc_raw_html]JTVCd3BiLXByb2R1Y3Qtc2xpZGVyLXNob3J0Y29kZSUyMGlkJTNEJTIyMjI3NiUyMiU1RA==[\/vc_raw_html][\/vc_column][\/vc_row]<\/p>\n<\/div>","protected":false},"excerpt":{"rendered":"<p><strong>High Heels<\/strong>\u00a0\u00e9\u00a0a <strong>laca ecol\u00f3gica<\/strong>\u00a0para fixar o styling da forma que imaginou.<\/p>\n<p>High Heels confere um brilho e uma <strong>fixa\u00e7\u00e3o long lasting<\/strong> e firme, favorecendo a cria\u00e7\u00e3o dos penteados mais originais e criativos. Para um <strong>look sem imperfei\u00e7\u00f5es<\/strong>, leve e que <strong>dura todo o dia<\/strong>, a laca \u00e9 o produto insubstitu\u00edvel recomendado a todos os especialistas de hairstyling.<\/p>\n<p>Formato 300 ml<\/p>\n<p>&nbsp;<\/p>\n<p>[vc_row][vc_column][ultimate_exp_section title=\"Como comprar\" new_title=\"Solicitar informa\u00e7\u00f5es de compra\" text_color=\"#ffffff\" background_color=\"#877650\" text_hovercolor=\"#ffffff\" bghovercolor=\"#877650\" title_active=\"#ffffff\" title_active_bg=\"#877650\" cnt_bg_color=\"#ffffff\" icon=\"icomoon-the7-font-icon-cart-detailed\" new_icon=\"icomoon-the7-font-the7-mail-011\" icon_align=\"left\" icon_size=\"20\" icon_color=\"#ffffff\" icon_hover_color=\"#ffffff\" icon_active_color=\"#ffffff\" title_font_size=\"desktop:16px;\" title_padding=\"padding-top:4px;padding-right:7px;padding-bottom:4px;padding-left:4px;\" icon_margin=\"margin-right:1px;\"][contact-form-7 id=\"496\"][\/ultimate_exp_section][\/vc_column][\/vc_row]<\/p>\n","protected":false},"featured_media":17936,"template":"","meta":[],"product_brand":[],"product_cat":[1017],"product_tag":[],"class_list":{"0":"post-5509","1":"product","2":"type-product","3":"status-publish","4":"has-post-thumbnail","6":"product_cat-finish-styling","7":"description-off","9":"first","10":"instock","11":"shipping-taxable","12":"product-type-simple"},"yoast_head":"<!-- This site is optimized with the Yoast SEO plugin v26.8 - https:\/\/yoast.com\/product\/yoast-seo-wordpress\/ -->\n<title>Glam | High Heels \u2013 Laca Ecol\u00f3gica de Longa Dura\u00e7\u00e3o - K-time<\/title>\n<meta name=\"robots\" content=\"index, follow, max-snippet:-1, max-image-preview:large, max-video-preview:-1\" \/>\n<link rel=\"canonical\" href=\"https:\/\/k-time.it\/products\/finish-styling\/glam-high-heels-lacca-ecologica-lunga-tenuta\/\" \/>\n<meta property=\"og:locale\" content=\"pt_PT\" \/>\n<meta property=\"og:type\" content=\"article\" \/>\n<meta property=\"og:title\" content=\"Glam | High Heels \u2013 Laca Ecol\u00f3gica de Longa Dura\u00e7\u00e3o - K-time\" \/>\n<meta property=\"og:description\" content=\"High Heels\u00a0\u00e9\u00a0a laca ecol\u00f3gica\u00a0para fixar o styling da forma que imaginou.  High Heels confere um brilho e uma fixa\u00e7\u00e3o long lasting e firme, favorecendo a cria\u00e7\u00e3o dos penteados mais originais e criativos. Para um look sem imperfei\u00e7\u00f5es, leve e que dura todo o dia, a laca \u00e9 o produto insubstitu\u00edvel recomendado a todos os especialistas de hairstyling.  Formato 300 ml  &nbsp;  [vc_row][vc_column][\/vc_column][\/vc_row]\" \/>\n<meta property=\"og:url\" content=\"https:\/\/k-time.it\/products\/finish-styling\/glam-high-heels-lacca-ecologica-lunga-tenuta\/\" \/>\n<meta property=\"og:site_name\" content=\"K-time\" \/>\n<meta property=\"article:modified_time\" content=\"2021-06-22T15:56:06+00:00\" \/>\n<meta property=\"og:image\" content=\"https:\/\/k-time.it\/wp-content\/uploads\/2020\/07\/23007_k-time_glam_high_heels_ecological_hairspray_300ml-2.png\" \/>\n\t<meta property=\"og:image:width\" content=\"600\" \/>\n\t<meta property=\"og:image:height\" content=\"600\" \/>\n\t<meta property=\"og:image:type\" content=\"image\/png\" \/>\n<meta name=\"twitter:card\" content=\"summary_large_image\" \/>\n<meta name=\"twitter:label1\" content=\"Tempo estimado de leitura\" \/>\n\t<meta name=\"twitter:data1\" content=\"1 minuto\" \/>\n<script type=\"application\/ld+json\" class=\"yoast-schema-graph\">{\"@context\":\"https:\/\/schema.org\",\"@graph\":[{\"@type\":\"WebPage\",\"@id\":\"https:\/\/k-time.it\/products\/finish-styling\/glam-high-heels-lacca-ecologica-lunga-tenuta\/\",\"url\":\"https:\/\/k-time.it\/products\/finish-styling\/glam-high-heels-lacca-ecologica-lunga-tenuta\/\",\"name\":\"Glam | High Heels \u2013 Laca Ecol\u00f3gica de Longa Dura\u00e7\u00e3o - K-time\",\"isPartOf\":{\"@id\":\"https:\/\/k-time.it\/en\/#website\"},\"primaryImageOfPage\":{\"@id\":\"https:\/\/k-time.it\/products\/finish-styling\/glam-high-heels-lacca-ecologica-lunga-tenuta\/#primaryimage\"},\"image\":{\"@id\":\"https:\/\/k-time.it\/products\/finish-styling\/glam-high-heels-lacca-ecologica-lunga-tenuta\/#primaryimage\"},\"thumbnailUrl\":\"https:\/\/k-time.it\/wp-content\/uploads\/2020\/07\/23007_k-time_glam_high_heels_ecological_hairspray_300ml-2.png\",\"datePublished\":\"2020-07-03T06:59:33+00:00\",\"dateModified\":\"2021-06-22T15:56:06+00:00\",\"breadcrumb\":{\"@id\":\"https:\/\/k-time.it\/products\/finish-styling\/glam-high-heels-lacca-ecologica-lunga-tenuta\/#breadcrumb\"},\"inLanguage\":\"pt-PT\",\"potentialAction\":[{\"@type\":\"ReadAction\",\"target\":[\"https:\/\/k-time.it\/products\/finish-styling\/glam-high-heels-lacca-ecologica-lunga-tenuta\/\"]}]},{\"@type\":\"ImageObject\",\"inLanguage\":\"pt-PT\",\"@id\":\"https:\/\/k-time.it\/products\/finish-styling\/glam-high-heels-lacca-ecologica-lunga-tenuta\/#primaryimage\",\"url\":\"https:\/\/k-time.it\/wp-content\/uploads\/2020\/07\/23007_k-time_glam_high_heels_ecological_hairspray_300ml-2.png\",\"contentUrl\":\"https:\/\/k-time.it\/wp-content\/uploads\/2020\/07\/23007_k-time_glam_high_heels_ecological_hairspray_300ml-2.png\",\"width\":600,\"height\":600,\"caption\":\"Glam | High Heels - Lacca Ecologica Lunga Tenuta\"},{\"@type\":\"BreadcrumbList\",\"@id\":\"https:\/\/k-time.it\/products\/finish-styling\/glam-high-heels-lacca-ecologica-lunga-tenuta\/#breadcrumb\",\"itemListElement\":[{\"@type\":\"ListItem\",\"position\":1,\"name\":\"Home\",\"item\":\"https:\/\/k-time.it\/pt-pt\/\"},{\"@type\":\"ListItem\",\"position\":2,\"name\":\"Shop\",\"item\":\"https:\/\/k-time.it\/en\/negozio\/\"},{\"@type\":\"ListItem\",\"position\":3,\"name\":\"Glam | High Heels \u2013 Laca Ecol\u00f3gica de Longa Dura\u00e7\u00e3o\"}]},{\"@type\":\"WebSite\",\"@id\":\"https:\/\/k-time.it\/en\/#website\",\"url\":\"https:\/\/k-time.it\/en\/\",\"name\":\"K-time\",\"description\":\"Hair Spa Treatments\",\"publisher\":{\"@id\":\"https:\/\/k-time.it\/en\/#organization\"},\"potentialAction\":[{\"@type\":\"SearchAction\",\"target\":{\"@type\":\"EntryPoint\",\"urlTemplate\":\"https:\/\/k-time.it\/en\/?s={search_term_string}\"},\"query-input\":{\"@type\":\"PropertyValueSpecification\",\"valueRequired\":true,\"valueName\":\"search_term_string\"}}],\"inLanguage\":\"pt-PT\"},{\"@type\":\"Organization\",\"@id\":\"https:\/\/k-time.it\/en\/#organization\",\"name\":\"K-time\",\"url\":\"https:\/\/k-time.it\/en\/\",\"logo\":{\"@type\":\"ImageObject\",\"inLanguage\":\"pt-PT\",\"@id\":\"https:\/\/k-time.it\/en\/#\/schema\/logo\/image\/\",\"url\":\"\",\"contentUrl\":\"\",\"caption\":\"K-time\"},\"image\":{\"@id\":\"https:\/\/k-time.it\/en\/#\/schema\/logo\/image\/\"}}]}<\/script>\n<!-- \/ Yoast SEO plugin. -->","yoast_head_json":{"title":"Glam | High Heels \u2013 Laca Ecol\u00f3gica de Longa Dura\u00e7\u00e3o - K-time","robots":{"index":"index","follow":"follow","max-snippet":"max-snippet:-1","max-image-preview":"max-image-preview:large","max-video-preview":"max-video-preview:-1"},"canonical":"https:\/\/k-time.it\/products\/finish-styling\/glam-high-heels-lacca-ecologica-lunga-tenuta\/","og_locale":"pt_PT","og_type":"article","og_title":"Glam | High Heels \u2013 Laca Ecol\u00f3gica de Longa Dura\u00e7\u00e3o - K-time","og_description":"High Heels\u00a0\u00e9\u00a0a laca ecol\u00f3gica\u00a0para fixar o styling da forma que imaginou.  High Heels confere um brilho e uma fixa\u00e7\u00e3o long lasting e firme, favorecendo a cria\u00e7\u00e3o dos penteados mais originais e criativos. Para um look sem imperfei\u00e7\u00f5es, leve e que dura todo o dia, a laca \u00e9 o produto insubstitu\u00edvel recomendado a todos os especialistas de hairstyling.  Formato 300 ml  &nbsp;  [vc_row][vc_column][\/vc_column][\/vc_row]","og_url":"https:\/\/k-time.it\/products\/finish-styling\/glam-high-heels-lacca-ecologica-lunga-tenuta\/","og_site_name":"K-time","article_modified_time":"2021-06-22T15:56:06+00:00","og_image":[{"width":600,"height":600,"url":"https:\/\/k-time.it\/wp-content\/uploads\/2020\/07\/23007_k-time_glam_high_heels_ecological_hairspray_300ml-2.png","type":"image\/png"}],"twitter_card":"summary_large_image","twitter_misc":{"Tempo estimado de leitura":"1 minuto"},"schema":{"@context":"https:\/\/schema.org","@graph":[{"@type":"WebPage","@id":"https:\/\/k-time.it\/products\/finish-styling\/glam-high-heels-lacca-ecologica-lunga-tenuta\/","url":"https:\/\/k-time.it\/products\/finish-styling\/glam-high-heels-lacca-ecologica-lunga-tenuta\/","name":"Glam | High Heels \u2013 Laca Ecol\u00f3gica de Longa Dura\u00e7\u00e3o - K-time","isPartOf":{"@id":"https:\/\/k-time.it\/en\/#website"},"primaryImageOfPage":{"@id":"https:\/\/k-time.it\/products\/finish-styling\/glam-high-heels-lacca-ecologica-lunga-tenuta\/#primaryimage"},"image":{"@id":"https:\/\/k-time.it\/products\/finish-styling\/glam-high-heels-lacca-ecologica-lunga-tenuta\/#primaryimage"},"thumbnailUrl":"https:\/\/k-time.it\/wp-content\/uploads\/2020\/07\/23007_k-time_glam_high_heels_ecological_hairspray_300ml-2.png","datePublished":"2020-07-03T06:59:33+00:00","dateModified":"2021-06-22T15:56:06+00:00","breadcrumb":{"@id":"https:\/\/k-time.it\/products\/finish-styling\/glam-high-heels-lacca-ecologica-lunga-tenuta\/#breadcrumb"},"inLanguage":"pt-PT","potentialAction":[{"@type":"ReadAction","target":["https:\/\/k-time.it\/products\/finish-styling\/glam-high-heels-lacca-ecologica-lunga-tenuta\/"]}]},{"@type":"ImageObject","inLanguage":"pt-PT","@id":"https:\/\/k-time.it\/products\/finish-styling\/glam-high-heels-lacca-ecologica-lunga-tenuta\/#primaryimage","url":"https:\/\/k-time.it\/wp-content\/uploads\/2020\/07\/23007_k-time_glam_high_heels_ecological_hairspray_300ml-2.png","contentUrl":"https:\/\/k-time.it\/wp-content\/uploads\/2020\/07\/23007_k-time_glam_high_heels_ecological_hairspray_300ml-2.png","width":600,"height":600,"caption":"Glam | High Heels - Lacca Ecologica Lunga Tenuta"},{"@type":"BreadcrumbList","@id":"https:\/\/k-time.it\/products\/finish-styling\/glam-high-heels-lacca-ecologica-lunga-tenuta\/#breadcrumb","itemListElement":[{"@type":"ListItem","position":1,"name":"Home","item":"https:\/\/k-time.it\/pt-pt\/"},{"@type":"ListItem","position":2,"name":"Shop","item":"https:\/\/k-time.it\/en\/negozio\/"},{"@type":"ListItem","position":3,"name":"Glam | High Heels \u2013 Laca Ecol\u00f3gica de Longa Dura\u00e7\u00e3o"}]},{"@type":"WebSite","@id":"https:\/\/k-time.it\/en\/#website","url":"https:\/\/k-time.it\/en\/","name":"K-time","description":"Hair Spa Treatments","publisher":{"@id":"https:\/\/k-time.it\/en\/#organization"},"potentialAction":[{"@type":"SearchAction","target":{"@type":"EntryPoint","urlTemplate":"https:\/\/k-time.it\/en\/?s={search_term_string}"},"query-input":{"@type":"PropertyValueSpecification","valueRequired":true,"valueName":"search_term_string"}}],"inLanguage":"pt-PT"},{"@type":"Organization","@id":"https:\/\/k-time.it\/en\/#organization","name":"K-time","url":"https:\/\/k-time.it\/en\/","logo":{"@type":"ImageObject","inLanguage":"pt-PT","@id":"https:\/\/k-time.it\/en\/#\/schema\/logo\/image\/","url":"","contentUrl":"","caption":"K-time"},"image":{"@id":"https:\/\/k-time.it\/en\/#\/schema\/logo\/image\/"}}]}},"_links":{"self":[{"href":"https:\/\/k-time.it\/pt-pt\/wp-json\/wp\/v2\/product\/5509","targetHints":{"allow":["GET"]}}],"collection":[{"href":"https:\/\/k-time.it\/pt-pt\/wp-json\/wp\/v2\/product"}],"about":[{"href":"https:\/\/k-time.it\/pt-pt\/wp-json\/wp\/v2\/types\/product"}],"wp:featuredmedia":[{"embeddable":true,"href":"https:\/\/k-time.it\/pt-pt\/wp-json\/wp\/v2\/media\/17936"}],"wp:attachment":[{"href":"https:\/\/k-time.it\/pt-pt\/wp-json\/wp\/v2\/media?parent=5509"}],"wp:term":[{"taxonomy":"product_brand","embeddable":true,"href":"https:\/\/k-time.it\/pt-pt\/wp-json\/wp\/v2\/product_brand?post=5509"},{"taxonomy":"product_cat","embeddable":true,"href":"https:\/\/k-time.it\/pt-pt\/wp-json\/wp\/v2\/product_cat?post=5509"},{"taxonomy":"product_tag","embeddable":true,"href":"https:\/\/k-time.it\/pt-pt\/wp-json\/wp\/v2\/product_tag?post=5509"}],"curies":[{"name":"wp","href":"https:\/\/api.w.org\/{rel}","templated":true}]}}