{"id":23332,"date":"2023-09-18T08:00:56","date_gmt":"2023-07-26T12:45:57","guid":{"rendered":"https:\/\/k-time.it\/?post_type=product&#038;p=23332"},"modified":"2023-09-12T17:31:22","modified_gmt":"2023-09-12T15:31:22","slug":"champo-over-force-advanced-tratamento-concentrado-anti-queda","status":"publish","type":"product","link":"https:\/\/k-time.it\/pt-pt\/products\/treatments\/matirya\/over-force-advanced-pt-pt\/champo-over-force-advanced-tratamento-concentrado-anti-queda\/","title":{"rendered":"Over Force Advanced | Tratamento concentrado anti-queda"},"content":{"rendered":"<div class=\"wpb-content-wrapper\"><p>[vc_row disable_element=&#8221;yes&#8221;][vc_column][\/vc_column][\/vc_row][vc_row][vc_column width=&#8221;1\/2&#8243;]<div class=\"standard-arrow list-divider bullet-top\"><h2>F\u00f3rmula<\/h2>\n<div id=\"tab-altre-info\">\n<ul>\n<li style=\"font-weight: 400;\" aria-level=\"1\"><b>Melissa: <\/b><span style=\"font-weight: 400;\">tem propriedades antimicrobianas, tonificantes e hidratantes<\/span><\/li>\n<li style=\"font-weight: 400;\" aria-level=\"1\"><b>Complexo Amino\u00e1cidico:<\/b><span style=\"font-weight: 400;\">\u00a0<\/span><span style=\"font-weight: 400;\">formado por lisina e arginina, estimula a atividade do bolbo piloso e favorece o espessamento e o recrescimento do cabelo<\/span><\/li>\n<li><b>Ch\u00e1 verde:<\/b><span style=\"font-weight: 400;\">\u00a0<\/span><span style=\"font-weight: 400;\">inibe a enzima 5-alfa-redutase, combatendo a queda de cabelo<\/span><\/li>\n<\/ul>\n<\/div>\n<\/div>[\/vc_column][vc_column width=&#8221;1\/2&#8243;]<div class=\"standard-arrow list-divider bullet-top\"><h2>Beneficios<\/h2>\n<div id=\"tab-benefits\">\n<ul>\n<li style=\"font-weight: 400;\" aria-level=\"1\"><span style=\"font-weight: 400;\">Combate o enfraquecimento da cabeleira<\/span><\/li>\n<li style=\"font-weight: 400;\" aria-level=\"1\"><span style=\"font-weight: 400;\">Estimula a renova\u00e7\u00e3o capilar<\/span><\/li>\n<li style=\"font-weight: 400;\" aria-level=\"1\"><span style=\"font-weight: 400;\">Redensifica o cabelo<\/span><\/li>\n<li style=\"font-weight: 400;\" aria-level=\"1\"><span style=\"font-weight: 400;\">Desperta o bolbo da fase de entorpecimento<\/span><\/li>\n<\/ul>\n<\/div>\n<\/div>[\/vc_column][\/vc_row][vc_row css=&#8221;.vc_custom_1595341806516{padding-top: 50px !important;}&#8221;][vc_column]<div class=\"dt-fancy-separator h2-size style-thick\" style=\"width: 100%;\"><div class=\"dt-fancy-title\" style=\"color: #333333;\"><span class=\"separator-holder separator-left\" style=\"border-color: #f0f0f0;\"><\/span>Rotina<span class=\"separator-holder separator-right\" style=\"border-color: #f0f0f0;\"><\/span><\/div><\/div>[vc_row_inner][vc_column_inner width=&#8221;1\/2&#8243;][vc_empty_space height=&#8221;15px&#8221;]<div class=\"standard-number-list list-divider bullet-top\"><ul>\n<li>\n<h5>K-time Treatment Brush<\/h5>\n<p>Escovar o cabelo com K-time Treatment Brush para eliminar as impurezas em excesso e pass\u00e1-lo por \u00e1gua.<\/li>\n<li>\n<h5>Deepure Tratamento Higienizante Pele<\/h5>\n<p>Aplicar na pele molhada, massajando delicadamente com movimentos rotativos. Deixar atuar por 3 minutos. N\u00e3o enxaguar.<\/li>\n<li>\n<h5>Over Force Advanced Champ\u00f4 Intensivo<\/h5>\n<p>Aplicar no couro cabeludo, massajando delicadamente. Deixar atuar e enxaguar bem. Repetir a opera\u00e7\u00e3o se necess\u00e1rio.<\/li>\n<li>\n<h5>Hydralize Fluido Regenerante Delicado<\/h5>\n<p>Ap\u00f3s o champ\u00f4 aplicar nos comprimentos. Deixar repousar 4 minutos. Pentear e enxaguar bem.<\/li>\n<li>\n<h5>Over Force Advanced Tratamento concentrado anti-queda<strong><br \/>\n<\/strong><\/h5>\n<p>Depois de ter lavado e enxugado com a toalha, aplicar diretamente no couro cabeludo. Massajar delicadamente com movimentos circulares at\u00e9 absorver completamente. N\u00e3o enxaguar.<\/li>\n<\/ul>\n<\/div>[\/vc_column_inner][vc_column_inner width=&#8221;1\/2&#8243;][vc_empty_space height=&#8221;15px&#8221;][vc_column_text]Matirya Over Force Advanced \u00e9 o tratamento de choque concebido para combater e prevenir a queda progressiva do cabelo, estimulando a renova\u00e7\u00e3o capilar e redensificando o cabelo.[\/vc_column_text][vc_video link=&#8221;&#8221; align=&#8221;center&#8221;][\/vc_column_inner][\/vc_row_inner][\/vc_column][\/vc_row][vc_row css=&#8221;.vc_custom_1595341818903{padding-top: 50px !important;}&#8221;][vc_column]<div class=\"dt-fancy-separator h2-size style-thick\" style=\"width: 100%;\"><div class=\"dt-fancy-title\" style=\"color: #333333;\"><span class=\"separator-holder separator-left\" style=\"border-color: #f0f0f0;\"><\/span>Productos relacionados<span class=\"separator-holder separator-right\" style=\"border-color: #f0f0f0;\"><\/span><\/div><\/div>[vc_raw_html]W3dwYi1wcm9kdWN0LXNsaWRlci1zaG9ydGNvZGUgaWQ9Ijc5NiJd[\/vc_raw_html][\/vc_column][\/vc_row]<\/p>\n<\/div>","protected":false},"excerpt":{"rendered":"<div class=\"woocommerce-product-details__short-description\">\n<div class=\"woocommerce-product-details__short-description\">\n<p><span style=\"font-weight: 400;\">O <\/span><b>Tratamento concentrado para a preven\u00e7\u00e3o da queda de cabelo<\/b><span style=\"font-weight: 400;\"> Ajuda a combater o enfraquecimento e a queda de cabelo.<\/span><\/p>\n<p><span style=\"font-weight: 400;\">Enriquecido com \u00d3leo Essencial de B\u00e1lsamo de Lim\u00e3o, Complexo de Amino\u00e1cidos e Extrato de Ch\u00e1 Verde, <\/span><b>princ\u00edpios ativos <\/b><span style=\"font-weight: 400;\">que, gra\u00e7as \u00e0 sua a\u00e7\u00e3o sin\u00e9rgica, despertam o bolbo da sua fase de dorm\u00eancia, restaurando a sua atividade normal e acelerando o crescimento do cabelo.\u00a0<\/span><\/p>\n<p><span style=\"font-weight: 400;\">\u00a0<\/span><\/p>\n<p><span style=\"font-weight: 400;\">Caixa de 102 ampolas monodose de 8 ml<\/span><\/p>\n<\/div>\n<\/div>\n<p class=\"p1\"><span class=\"s1\">[vc_row][vc_column][ultimate_exp_section title=\" Como comprar\" new_title=\"Solicitar informa\u00e7\u00f5es de compra\" text_color=\"#ffffff\" background_color=\"#877650\" text_hovercolor=\"#ffffff\" bghovercolor=\"#877650\" title_active=\"#ffffff\" title_active_bg=\"#877650\" cnt_bg_color=\"#ffffff\" icon=\"icomoon-the7-font-icon-cart-detailed\" new_icon=\"icomoon-the7-font-the7-mail-011\" icon_align=\"left\" icon_size=\"20\" icon_color=\"#ffffff\" icon_hover_color=\"#ffffff\" icon_active_color=\"#ffffff\" title_font_size=\"desktop:16px;\" title_padding=\"padding-top:4px;padding-right:7px;padding-bottom:4px;padding-left:4px;\" icon_margin=\"margin-right:1px;\"][contact-form-7 id=\"496\"][\/ultimate_exp_section][\/vc_column][\/vc_row]<\/span><\/p>\n","protected":false},"featured_media":23189,"template":"","meta":[],"product_brand":[],"product_cat":[491,1043,2804],"product_tag":[],"class_list":{"0":"post-23332","1":"product","2":"type-product","3":"status-publish","4":"has-post-thumbnail","6":"product_cat-treatments","7":"product_cat-matirya","8":"product_cat-over-force-advanced-pt-pt","9":"description-off","11":"first","12":"instock","13":"shipping-taxable","14":"product-type-simple"},"yoast_head":"<!-- This site is optimized with the Yoast SEO plugin v26.8 - https:\/\/yoast.com\/product\/yoast-seo-wordpress\/ -->\n<title>Over Force Advanced | Tratamento concentrado | K-time<\/title>\n<meta name=\"description\" content=\"O Tratamento concentrado para a preven\u00e7\u00e3o da queda de cabelo Ajuda a combater o enfraquecimento e a queda de cabelo.\" \/>\n<meta name=\"robots\" content=\"index, follow, max-snippet:-1, max-image-preview:large, max-video-preview:-1\" \/>\n<link rel=\"canonical\" href=\"https:\/\/k-time.it\/pt-pt\/products\/treatments\/matirya\/over-force-advanced-pt-pt\/champo-over-force-advanced-tratamento-concentrado-anti-queda\/\" \/>\n<meta property=\"og:locale\" content=\"pt_PT\" \/>\n<meta property=\"og:type\" content=\"article\" \/>\n<meta property=\"og:title\" content=\"Over Force Advanced | Tratamento concentrado | K-time\" \/>\n<meta property=\"og:description\" content=\"O Tratamento concentrado para a preven\u00e7\u00e3o da queda de cabelo Ajuda a combater o enfraquecimento e a queda de cabelo.\" \/>\n<meta property=\"og:url\" content=\"https:\/\/k-time.it\/pt-pt\/products\/treatments\/matirya\/over-force-advanced-pt-pt\/champo-over-force-advanced-tratamento-concentrado-anti-queda\/\" \/>\n<meta property=\"og:site_name\" content=\"K-time\" \/>\n<meta property=\"article:modified_time\" content=\"2023-09-12T15:31:22+00:00\" \/>\n<meta property=\"og:image\" content=\"https:\/\/k-time.it\/wp-content\/uploads\/2023\/06\/22110_k-time_matirya_over_force_advance_concentrated_treatment_hair_loss_prevention.png\" \/>\n\t<meta property=\"og:image:width\" content=\"600\" \/>\n\t<meta property=\"og:image:height\" content=\"600\" \/>\n\t<meta property=\"og:image:type\" content=\"image\/png\" \/>\n<meta name=\"twitter:card\" content=\"summary_large_image\" \/>\n<meta name=\"twitter:label1\" content=\"Tempo estimado de leitura\" \/>\n\t<meta name=\"twitter:data1\" content=\"2 minutos\" \/>\n<script type=\"application\/ld+json\" class=\"yoast-schema-graph\">{\"@context\":\"https:\/\/schema.org\",\"@graph\":[{\"@type\":\"WebPage\",\"@id\":\"https:\/\/k-time.it\/pt-pt\/products\/treatments\/matirya\/over-force-advanced-pt-pt\/champo-over-force-advanced-tratamento-concentrado-anti-queda\/\",\"url\":\"https:\/\/k-time.it\/pt-pt\/products\/treatments\/matirya\/over-force-advanced-pt-pt\/champo-over-force-advanced-tratamento-concentrado-anti-queda\/\",\"name\":\"Over Force Advanced | Tratamento concentrado | K-time\",\"isPartOf\":{\"@id\":\"https:\/\/k-time.it\/en\/#website\"},\"primaryImageOfPage\":{\"@id\":\"https:\/\/k-time.it\/pt-pt\/products\/treatments\/matirya\/over-force-advanced-pt-pt\/champo-over-force-advanced-tratamento-concentrado-anti-queda\/#primaryimage\"},\"image\":{\"@id\":\"https:\/\/k-time.it\/pt-pt\/products\/treatments\/matirya\/over-force-advanced-pt-pt\/champo-over-force-advanced-tratamento-concentrado-anti-queda\/#primaryimage\"},\"thumbnailUrl\":\"https:\/\/k-time.it\/wp-content\/uploads\/2023\/06\/22110_k-time_matirya_over_force_advance_concentrated_treatment_hair_loss_prevention.png\",\"datePublished\":\"2023-07-26T12:45:57+00:00\",\"dateModified\":\"2023-09-12T15:31:22+00:00\",\"description\":\"O Tratamento concentrado para a preven\u00e7\u00e3o da queda de cabelo Ajuda a combater o enfraquecimento e a queda de cabelo.\",\"breadcrumb\":{\"@id\":\"https:\/\/k-time.it\/pt-pt\/products\/treatments\/matirya\/over-force-advanced-pt-pt\/champo-over-force-advanced-tratamento-concentrado-anti-queda\/#breadcrumb\"},\"inLanguage\":\"pt-PT\",\"potentialAction\":[{\"@type\":\"ReadAction\",\"target\":[\"https:\/\/k-time.it\/pt-pt\/products\/treatments\/matirya\/over-force-advanced-pt-pt\/champo-over-force-advanced-tratamento-concentrado-anti-queda\/\"]}]},{\"@type\":\"ImageObject\",\"inLanguage\":\"pt-PT\",\"@id\":\"https:\/\/k-time.it\/pt-pt\/products\/treatments\/matirya\/over-force-advanced-pt-pt\/champo-over-force-advanced-tratamento-concentrado-anti-queda\/#primaryimage\",\"url\":\"https:\/\/k-time.it\/wp-content\/uploads\/2023\/06\/22110_k-time_matirya_over_force_advance_concentrated_treatment_hair_loss_prevention.png\",\"contentUrl\":\"https:\/\/k-time.it\/wp-content\/uploads\/2023\/06\/22110_k-time_matirya_over_force_advance_concentrated_treatment_hair_loss_prevention.png\",\"width\":600,\"height\":600},{\"@type\":\"BreadcrumbList\",\"@id\":\"https:\/\/k-time.it\/pt-pt\/products\/treatments\/matirya\/over-force-advanced-pt-pt\/champo-over-force-advanced-tratamento-concentrado-anti-queda\/#breadcrumb\",\"itemListElement\":[{\"@type\":\"ListItem\",\"position\":1,\"name\":\"Home\",\"item\":\"https:\/\/k-time.it\/pt-pt\/\"},{\"@type\":\"ListItem\",\"position\":2,\"name\":\"Shop\",\"item\":\"https:\/\/k-time.it\/en\/negozio\/\"},{\"@type\":\"ListItem\",\"position\":3,\"name\":\"Over Force Advanced | Tratamento concentrado anti-queda\"}]},{\"@type\":\"WebSite\",\"@id\":\"https:\/\/k-time.it\/en\/#website\",\"url\":\"https:\/\/k-time.it\/en\/\",\"name\":\"K-time\",\"description\":\"Hair Spa Treatments\",\"publisher\":{\"@id\":\"https:\/\/k-time.it\/en\/#organization\"},\"potentialAction\":[{\"@type\":\"SearchAction\",\"target\":{\"@type\":\"EntryPoint\",\"urlTemplate\":\"https:\/\/k-time.it\/en\/?s={search_term_string}\"},\"query-input\":{\"@type\":\"PropertyValueSpecification\",\"valueRequired\":true,\"valueName\":\"search_term_string\"}}],\"inLanguage\":\"pt-PT\"},{\"@type\":\"Organization\",\"@id\":\"https:\/\/k-time.it\/en\/#organization\",\"name\":\"K-time\",\"url\":\"https:\/\/k-time.it\/en\/\",\"logo\":{\"@type\":\"ImageObject\",\"inLanguage\":\"pt-PT\",\"@id\":\"https:\/\/k-time.it\/en\/#\/schema\/logo\/image\/\",\"url\":\"\",\"contentUrl\":\"\",\"caption\":\"K-time\"},\"image\":{\"@id\":\"https:\/\/k-time.it\/en\/#\/schema\/logo\/image\/\"}}]}<\/script>\n<!-- \/ Yoast SEO plugin. -->","yoast_head_json":{"title":"Over Force Advanced | Tratamento concentrado | K-time","description":"O Tratamento concentrado para a preven\u00e7\u00e3o da queda de cabelo Ajuda a combater o enfraquecimento e a queda de cabelo.","robots":{"index":"index","follow":"follow","max-snippet":"max-snippet:-1","max-image-preview":"max-image-preview:large","max-video-preview":"max-video-preview:-1"},"canonical":"https:\/\/k-time.it\/pt-pt\/products\/treatments\/matirya\/over-force-advanced-pt-pt\/champo-over-force-advanced-tratamento-concentrado-anti-queda\/","og_locale":"pt_PT","og_type":"article","og_title":"Over Force Advanced | Tratamento concentrado | K-time","og_description":"O Tratamento concentrado para a preven\u00e7\u00e3o da queda de cabelo Ajuda a combater o enfraquecimento e a queda de cabelo.","og_url":"https:\/\/k-time.it\/pt-pt\/products\/treatments\/matirya\/over-force-advanced-pt-pt\/champo-over-force-advanced-tratamento-concentrado-anti-queda\/","og_site_name":"K-time","article_modified_time":"2023-09-12T15:31:22+00:00","og_image":[{"width":600,"height":600,"url":"https:\/\/k-time.it\/wp-content\/uploads\/2023\/06\/22110_k-time_matirya_over_force_advance_concentrated_treatment_hair_loss_prevention.png","type":"image\/png"}],"twitter_card":"summary_large_image","twitter_misc":{"Tempo estimado de leitura":"2 minutos"},"schema":{"@context":"https:\/\/schema.org","@graph":[{"@type":"WebPage","@id":"https:\/\/k-time.it\/pt-pt\/products\/treatments\/matirya\/over-force-advanced-pt-pt\/champo-over-force-advanced-tratamento-concentrado-anti-queda\/","url":"https:\/\/k-time.it\/pt-pt\/products\/treatments\/matirya\/over-force-advanced-pt-pt\/champo-over-force-advanced-tratamento-concentrado-anti-queda\/","name":"Over Force Advanced | Tratamento concentrado | K-time","isPartOf":{"@id":"https:\/\/k-time.it\/en\/#website"},"primaryImageOfPage":{"@id":"https:\/\/k-time.it\/pt-pt\/products\/treatments\/matirya\/over-force-advanced-pt-pt\/champo-over-force-advanced-tratamento-concentrado-anti-queda\/#primaryimage"},"image":{"@id":"https:\/\/k-time.it\/pt-pt\/products\/treatments\/matirya\/over-force-advanced-pt-pt\/champo-over-force-advanced-tratamento-concentrado-anti-queda\/#primaryimage"},"thumbnailUrl":"https:\/\/k-time.it\/wp-content\/uploads\/2023\/06\/22110_k-time_matirya_over_force_advance_concentrated_treatment_hair_loss_prevention.png","datePublished":"2023-07-26T12:45:57+00:00","dateModified":"2023-09-12T15:31:22+00:00","description":"O Tratamento concentrado para a preven\u00e7\u00e3o da queda de cabelo Ajuda a combater o enfraquecimento e a queda de cabelo.","breadcrumb":{"@id":"https:\/\/k-time.it\/pt-pt\/products\/treatments\/matirya\/over-force-advanced-pt-pt\/champo-over-force-advanced-tratamento-concentrado-anti-queda\/#breadcrumb"},"inLanguage":"pt-PT","potentialAction":[{"@type":"ReadAction","target":["https:\/\/k-time.it\/pt-pt\/products\/treatments\/matirya\/over-force-advanced-pt-pt\/champo-over-force-advanced-tratamento-concentrado-anti-queda\/"]}]},{"@type":"ImageObject","inLanguage":"pt-PT","@id":"https:\/\/k-time.it\/pt-pt\/products\/treatments\/matirya\/over-force-advanced-pt-pt\/champo-over-force-advanced-tratamento-concentrado-anti-queda\/#primaryimage","url":"https:\/\/k-time.it\/wp-content\/uploads\/2023\/06\/22110_k-time_matirya_over_force_advance_concentrated_treatment_hair_loss_prevention.png","contentUrl":"https:\/\/k-time.it\/wp-content\/uploads\/2023\/06\/22110_k-time_matirya_over_force_advance_concentrated_treatment_hair_loss_prevention.png","width":600,"height":600},{"@type":"BreadcrumbList","@id":"https:\/\/k-time.it\/pt-pt\/products\/treatments\/matirya\/over-force-advanced-pt-pt\/champo-over-force-advanced-tratamento-concentrado-anti-queda\/#breadcrumb","itemListElement":[{"@type":"ListItem","position":1,"name":"Home","item":"https:\/\/k-time.it\/pt-pt\/"},{"@type":"ListItem","position":2,"name":"Shop","item":"https:\/\/k-time.it\/en\/negozio\/"},{"@type":"ListItem","position":3,"name":"Over Force Advanced | Tratamento concentrado anti-queda"}]},{"@type":"WebSite","@id":"https:\/\/k-time.it\/en\/#website","url":"https:\/\/k-time.it\/en\/","name":"K-time","description":"Hair Spa Treatments","publisher":{"@id":"https:\/\/k-time.it\/en\/#organization"},"potentialAction":[{"@type":"SearchAction","target":{"@type":"EntryPoint","urlTemplate":"https:\/\/k-time.it\/en\/?s={search_term_string}"},"query-input":{"@type":"PropertyValueSpecification","valueRequired":true,"valueName":"search_term_string"}}],"inLanguage":"pt-PT"},{"@type":"Organization","@id":"https:\/\/k-time.it\/en\/#organization","name":"K-time","url":"https:\/\/k-time.it\/en\/","logo":{"@type":"ImageObject","inLanguage":"pt-PT","@id":"https:\/\/k-time.it\/en\/#\/schema\/logo\/image\/","url":"","contentUrl":"","caption":"K-time"},"image":{"@id":"https:\/\/k-time.it\/en\/#\/schema\/logo\/image\/"}}]}},"_links":{"self":[{"href":"https:\/\/k-time.it\/pt-pt\/wp-json\/wp\/v2\/product\/23332","targetHints":{"allow":["GET"]}}],"collection":[{"href":"https:\/\/k-time.it\/pt-pt\/wp-json\/wp\/v2\/product"}],"about":[{"href":"https:\/\/k-time.it\/pt-pt\/wp-json\/wp\/v2\/types\/product"}],"wp:featuredmedia":[{"embeddable":true,"href":"https:\/\/k-time.it\/pt-pt\/wp-json\/wp\/v2\/media\/23189"}],"wp:attachment":[{"href":"https:\/\/k-time.it\/pt-pt\/wp-json\/wp\/v2\/media?parent=23332"}],"wp:term":[{"taxonomy":"product_brand","embeddable":true,"href":"https:\/\/k-time.it\/pt-pt\/wp-json\/wp\/v2\/product_brand?post=23332"},{"taxonomy":"product_cat","embeddable":true,"href":"https:\/\/k-time.it\/pt-pt\/wp-json\/wp\/v2\/product_cat?post=23332"},{"taxonomy":"product_tag","embeddable":true,"href":"https:\/\/k-time.it\/pt-pt\/wp-json\/wp\/v2\/product_tag?post=23332"}],"curies":[{"name":"wp","href":"https:\/\/api.w.org\/{rel}","templated":true}]}}