{"id":21955,"date":"2022-08-30T17:04:51","date_gmt":"2022-08-31T10:38:08","guid":{"rendered":"https:\/\/k-time.it\/?post_type=product&#038;p=21955"},"modified":"2022-09-21T12:47:09","modified_gmt":"2022-09-21T10:47:09","slug":"avant-curl-curl-fluid","status":"publish","type":"product","link":"https:\/\/k-time.it\/pt-pt\/products\/treatments\/somnia\/avant-curl\/avant-curl-curl-fluid\/","title":{"rendered":"Avant Curl | Curl Fluid"},"content":{"rendered":"<div class=\"wpb-content-wrapper\"><p>[vc_row][vc_column][vc_column_text]<span style=\"font-weight: 400;\">[\/vc_column_text][\/vc_column][\/vc_row][vc_row disable_element=&#8221;yes&#8221;][vc_column][\/vc_column][\/vc_row][vc_row][vc_column width=&#8221;1\/2&#8243;]<div class=\"standard-arrow list-divider bullet-top\"><p><\/span><\/p>\n<h2>F\u00f3rmula<\/h2>\n<ul>\n<li><span style=\"font-weight: 400;\"><span style=\"font-weight: 400;\"><strong>Aloe Vera<\/strong>: <\/span><\/span>nutre profundamente o fol\u00edculo e restabelece o corpo e o brilho do cabelo<\/li>\n<li><strong>Cassis<\/strong>: rico em \u00e1cidos gordos essenciais, atua nos cabelos com emolientes ideais para a suavidade do cabelo<\/li>\n<\/ul>\n<\/div>[\/vc_column][vc_column width=&#8221;1\/2&#8243;]<div class=\"standard-arrow list-divider bullet-top\"><h2>Benef\u00edcios<\/h2>\n<ul>\n<li style=\"font-weight: 400;\" aria-level=\"1\"><span style=\"font-weight: 400;\">Confere carac\u00f3is suaves e definidos<\/span><\/li>\n<li style=\"font-weight: 400;\" aria-level=\"1\"><span style=\"font-weight: 400;\">Combate o efeito encrespado\u00a0<\/span><\/li>\n<li style=\"font-weight: 400;\" aria-level=\"1\"><span style=\"font-weight: 400;\">N\u00e3o torna o cabelo pesado <\/span><\/li>\n<li style=\"font-weight: 400;\" aria-level=\"1\">Realiza uma a\u00e7\u00e3o hidratante e revitalizante no cabelo<\/li>\n<\/ul>\n<\/div>[\/vc_column][\/vc_row][vc_row css=&#8221;.vc_custom_1595317695114{padding-top: 50px !important;}&#8221;][vc_column]<div class=\"dt-fancy-separator h2-size style-thick\" style=\"width: 100%;\"><div class=\"dt-fancy-title\" style=\"color: #333333;\"><span class=\"separator-holder separator-left\" style=\"border-color: #f0f0f0;\"><\/span>Produtos relacionados<span class=\"separator-holder separator-right\" style=\"border-color: #f0f0f0;\"><\/span><\/div><\/div>[vc_raw_html]JTVCd3BiLXByb2R1Y3Qtc2xpZGVyLXNob3J0Y29kZSUyMGlkJTNEJTIyMTc4MCUyMiU1RA==[\/vc_raw_html][\/vc_column][\/vc_row]<\/p>\n<\/div>","protected":false},"excerpt":{"rendered":"<p><span style=\"font-weight: 400;\">Carac\u00f3is din\u00e2micos, leves e tonificados com o fluido Somnia Avant Curl.\u00a0<\/span><\/p>\n<p><span style=\"font-weight: 400;\">Aplicado de forma uniforme no cabelo h\u00famido ou seco, define e d\u00e1 forma aos carac\u00f3is sem pesar.\u00a0<\/span><\/p>\n<p><span style=\"font-weight: 400;\">Formulado com Alo\u00e9 Vera, tem uma a\u00e7\u00e3o hidratante e disciplinadora no cabelo, para um efeito anti-frizz de longa dura\u00e7\u00e3o e uma ondula\u00e7\u00e3o com uma leveza extraordin\u00e1ria.<\/span><\/p>\n<p><span style=\"font-weight: 400;\">Sem enxaguamento<\/span><\/p>\n<p><span style=\"font-weight: 400;\">150 ml<\/span><\/p>\n<p><span style=\"font-weight: 400;\">[vc_row][vc_column][ultimate_exp_section title=\" Como comprar\" new_title=\"Solicitar informa\u00e7\u00f5es de compra\" text_color=\"#ffffff\" background_color=\"#877650\" text_hovercolor=\"#ffffff\" bghovercolor=\"#877650\" title_active=\"#ffffff\" title_active_bg=\"#877650\" cnt_bg_color=\"#ffffff\" icon=\"icomoon-the7-font-icon-cart-detailed\" new_icon=\"icomoon-the7-font-the7-mail-011\" icon_align=\"left\" icon_size=\"20\" icon_color=\"#ffffff\" icon_hover_color=\"#ffffff\" icon_active_color=\"#ffffff\" title_font_size=\"desktop:16px;\" title_padding=\"padding-top:4px;padding-right:7px;padding-bottom:4px;padding-left:4px;\" icon_margin=\"margin-right:1px;\"][contact-form-7 id=\"496\"][\/ultimate_exp_section][\/vc_column][\/vc_row]<\/span><\/p>\n","protected":false},"featured_media":21756,"template":"","meta":[],"product_brand":[],"product_cat":[491,1035,1057],"product_tag":[],"class_list":{"0":"post-21955","1":"product","2":"type-product","3":"status-publish","4":"has-post-thumbnail","6":"product_cat-treatments","7":"product_cat-somnia","8":"product_cat-avant-curl","9":"description-off","11":"first","12":"instock","13":"shipping-taxable","14":"product-type-simple"},"yoast_head":"<!-- This site is optimized with the Yoast SEO plugin v26.8 - https:\/\/yoast.com\/product\/yoast-seo-wordpress\/ -->\n<title>Avant Curl | Curl Fluid - K-time<\/title>\n<meta name=\"description\" content=\"Carac\u00f3is din\u00e2micos, leves e tonificados com o fluido Somnia Avant Curl.\u00a0 Aplicado de forma uniforme no cabelo h\u00famido ou seco, define e d\u00e1 forma aos carac\u00f3is\" \/>\n<meta name=\"robots\" content=\"index, follow, max-snippet:-1, max-image-preview:large, max-video-preview:-1\" \/>\n<link rel=\"canonical\" href=\"https:\/\/k-time.it\/pt-pt\/products\/treatments\/somnia\/avant-curl\/avant-curl-curl-fluid\/\" \/>\n<meta property=\"og:locale\" content=\"pt_PT\" \/>\n<meta property=\"og:type\" content=\"article\" \/>\n<meta property=\"og:title\" content=\"Avant Curl | Curl Fluid - K-time\" \/>\n<meta property=\"og:description\" content=\"Carac\u00f3is din\u00e2micos, leves e tonificados com o fluido Somnia Avant Curl.\u00a0 Aplicado de forma uniforme no cabelo h\u00famido ou seco, define e d\u00e1 forma aos carac\u00f3is\" \/>\n<meta property=\"og:url\" content=\"https:\/\/k-time.it\/pt-pt\/products\/treatments\/somnia\/avant-curl\/avant-curl-curl-fluid\/\" \/>\n<meta property=\"og:site_name\" content=\"K-time\" \/>\n<meta property=\"article:modified_time\" content=\"2022-09-21T10:47:09+00:00\" \/>\n<meta property=\"og:image\" content=\"https:\/\/k-time.it\/wp-content\/uploads\/2022\/06\/22099_k-time_somnia_avant_curl_fluid_150ml.png\" \/>\n\t<meta property=\"og:image:width\" content=\"600\" \/>\n\t<meta property=\"og:image:height\" content=\"600\" \/>\n\t<meta property=\"og:image:type\" content=\"image\/png\" \/>\n<meta name=\"twitter:card\" content=\"summary_large_image\" \/>\n<meta name=\"twitter:label1\" content=\"Tempo estimado de leitura\" \/>\n\t<meta name=\"twitter:data1\" content=\"1 minuto\" \/>\n<script type=\"application\/ld+json\" class=\"yoast-schema-graph\">{\"@context\":\"https:\/\/schema.org\",\"@graph\":[{\"@type\":\"WebPage\",\"@id\":\"https:\/\/k-time.it\/pt-pt\/products\/treatments\/somnia\/avant-curl\/avant-curl-curl-fluid\/\",\"url\":\"https:\/\/k-time.it\/pt-pt\/products\/treatments\/somnia\/avant-curl\/avant-curl-curl-fluid\/\",\"name\":\"Avant Curl | Curl Fluid - K-time\",\"isPartOf\":{\"@id\":\"https:\/\/k-time.it\/en\/#website\"},\"primaryImageOfPage\":{\"@id\":\"https:\/\/k-time.it\/pt-pt\/products\/treatments\/somnia\/avant-curl\/avant-curl-curl-fluid\/#primaryimage\"},\"image\":{\"@id\":\"https:\/\/k-time.it\/pt-pt\/products\/treatments\/somnia\/avant-curl\/avant-curl-curl-fluid\/#primaryimage\"},\"thumbnailUrl\":\"https:\/\/k-time.it\/wp-content\/uploads\/2022\/06\/22099_k-time_somnia_avant_curl_fluid_150ml.png\",\"datePublished\":\"2022-08-31T10:38:08+00:00\",\"dateModified\":\"2022-09-21T10:47:09+00:00\",\"description\":\"Carac\u00f3is din\u00e2micos, leves e tonificados com o fluido Somnia Avant Curl.\u00a0 Aplicado de forma uniforme no cabelo h\u00famido ou seco, define e d\u00e1 forma aos carac\u00f3is\",\"breadcrumb\":{\"@id\":\"https:\/\/k-time.it\/pt-pt\/products\/treatments\/somnia\/avant-curl\/avant-curl-curl-fluid\/#breadcrumb\"},\"inLanguage\":\"pt-PT\",\"potentialAction\":[{\"@type\":\"ReadAction\",\"target\":[\"https:\/\/k-time.it\/pt-pt\/products\/treatments\/somnia\/avant-curl\/avant-curl-curl-fluid\/\"]}]},{\"@type\":\"ImageObject\",\"inLanguage\":\"pt-PT\",\"@id\":\"https:\/\/k-time.it\/pt-pt\/products\/treatments\/somnia\/avant-curl\/avant-curl-curl-fluid\/#primaryimage\",\"url\":\"https:\/\/k-time.it\/wp-content\/uploads\/2022\/06\/22099_k-time_somnia_avant_curl_fluid_150ml.png\",\"contentUrl\":\"https:\/\/k-time.it\/wp-content\/uploads\/2022\/06\/22099_k-time_somnia_avant_curl_fluid_150ml.png\",\"width\":600,\"height\":600},{\"@type\":\"BreadcrumbList\",\"@id\":\"https:\/\/k-time.it\/pt-pt\/products\/treatments\/somnia\/avant-curl\/avant-curl-curl-fluid\/#breadcrumb\",\"itemListElement\":[{\"@type\":\"ListItem\",\"position\":1,\"name\":\"Home\",\"item\":\"https:\/\/k-time.it\/pt-pt\/\"},{\"@type\":\"ListItem\",\"position\":2,\"name\":\"Shop\",\"item\":\"https:\/\/k-time.it\/en\/negozio\/\"},{\"@type\":\"ListItem\",\"position\":3,\"name\":\"Avant Curl | Curl Fluid\"}]},{\"@type\":\"WebSite\",\"@id\":\"https:\/\/k-time.it\/en\/#website\",\"url\":\"https:\/\/k-time.it\/en\/\",\"name\":\"K-time\",\"description\":\"Hair Spa Treatments\",\"publisher\":{\"@id\":\"https:\/\/k-time.it\/en\/#organization\"},\"potentialAction\":[{\"@type\":\"SearchAction\",\"target\":{\"@type\":\"EntryPoint\",\"urlTemplate\":\"https:\/\/k-time.it\/en\/?s={search_term_string}\"},\"query-input\":{\"@type\":\"PropertyValueSpecification\",\"valueRequired\":true,\"valueName\":\"search_term_string\"}}],\"inLanguage\":\"pt-PT\"},{\"@type\":\"Organization\",\"@id\":\"https:\/\/k-time.it\/en\/#organization\",\"name\":\"K-time\",\"url\":\"https:\/\/k-time.it\/en\/\",\"logo\":{\"@type\":\"ImageObject\",\"inLanguage\":\"pt-PT\",\"@id\":\"https:\/\/k-time.it\/en\/#\/schema\/logo\/image\/\",\"url\":\"\",\"contentUrl\":\"\",\"caption\":\"K-time\"},\"image\":{\"@id\":\"https:\/\/k-time.it\/en\/#\/schema\/logo\/image\/\"}}]}<\/script>\n<!-- \/ Yoast SEO plugin. -->","yoast_head_json":{"title":"Avant Curl | Curl Fluid - K-time","description":"Carac\u00f3is din\u00e2micos, leves e tonificados com o fluido Somnia Avant Curl.\u00a0 Aplicado de forma uniforme no cabelo h\u00famido ou seco, define e d\u00e1 forma aos carac\u00f3is","robots":{"index":"index","follow":"follow","max-snippet":"max-snippet:-1","max-image-preview":"max-image-preview:large","max-video-preview":"max-video-preview:-1"},"canonical":"https:\/\/k-time.it\/pt-pt\/products\/treatments\/somnia\/avant-curl\/avant-curl-curl-fluid\/","og_locale":"pt_PT","og_type":"article","og_title":"Avant Curl | Curl Fluid - K-time","og_description":"Carac\u00f3is din\u00e2micos, leves e tonificados com o fluido Somnia Avant Curl.\u00a0 Aplicado de forma uniforme no cabelo h\u00famido ou seco, define e d\u00e1 forma aos carac\u00f3is","og_url":"https:\/\/k-time.it\/pt-pt\/products\/treatments\/somnia\/avant-curl\/avant-curl-curl-fluid\/","og_site_name":"K-time","article_modified_time":"2022-09-21T10:47:09+00:00","og_image":[{"width":600,"height":600,"url":"https:\/\/k-time.it\/wp-content\/uploads\/2022\/06\/22099_k-time_somnia_avant_curl_fluid_150ml.png","type":"image\/png"}],"twitter_card":"summary_large_image","twitter_misc":{"Tempo estimado de leitura":"1 minuto"},"schema":{"@context":"https:\/\/schema.org","@graph":[{"@type":"WebPage","@id":"https:\/\/k-time.it\/pt-pt\/products\/treatments\/somnia\/avant-curl\/avant-curl-curl-fluid\/","url":"https:\/\/k-time.it\/pt-pt\/products\/treatments\/somnia\/avant-curl\/avant-curl-curl-fluid\/","name":"Avant Curl | Curl Fluid - K-time","isPartOf":{"@id":"https:\/\/k-time.it\/en\/#website"},"primaryImageOfPage":{"@id":"https:\/\/k-time.it\/pt-pt\/products\/treatments\/somnia\/avant-curl\/avant-curl-curl-fluid\/#primaryimage"},"image":{"@id":"https:\/\/k-time.it\/pt-pt\/products\/treatments\/somnia\/avant-curl\/avant-curl-curl-fluid\/#primaryimage"},"thumbnailUrl":"https:\/\/k-time.it\/wp-content\/uploads\/2022\/06\/22099_k-time_somnia_avant_curl_fluid_150ml.png","datePublished":"2022-08-31T10:38:08+00:00","dateModified":"2022-09-21T10:47:09+00:00","description":"Carac\u00f3is din\u00e2micos, leves e tonificados com o fluido Somnia Avant Curl.\u00a0 Aplicado de forma uniforme no cabelo h\u00famido ou seco, define e d\u00e1 forma aos carac\u00f3is","breadcrumb":{"@id":"https:\/\/k-time.it\/pt-pt\/products\/treatments\/somnia\/avant-curl\/avant-curl-curl-fluid\/#breadcrumb"},"inLanguage":"pt-PT","potentialAction":[{"@type":"ReadAction","target":["https:\/\/k-time.it\/pt-pt\/products\/treatments\/somnia\/avant-curl\/avant-curl-curl-fluid\/"]}]},{"@type":"ImageObject","inLanguage":"pt-PT","@id":"https:\/\/k-time.it\/pt-pt\/products\/treatments\/somnia\/avant-curl\/avant-curl-curl-fluid\/#primaryimage","url":"https:\/\/k-time.it\/wp-content\/uploads\/2022\/06\/22099_k-time_somnia_avant_curl_fluid_150ml.png","contentUrl":"https:\/\/k-time.it\/wp-content\/uploads\/2022\/06\/22099_k-time_somnia_avant_curl_fluid_150ml.png","width":600,"height":600},{"@type":"BreadcrumbList","@id":"https:\/\/k-time.it\/pt-pt\/products\/treatments\/somnia\/avant-curl\/avant-curl-curl-fluid\/#breadcrumb","itemListElement":[{"@type":"ListItem","position":1,"name":"Home","item":"https:\/\/k-time.it\/pt-pt\/"},{"@type":"ListItem","position":2,"name":"Shop","item":"https:\/\/k-time.it\/en\/negozio\/"},{"@type":"ListItem","position":3,"name":"Avant Curl | Curl Fluid"}]},{"@type":"WebSite","@id":"https:\/\/k-time.it\/en\/#website","url":"https:\/\/k-time.it\/en\/","name":"K-time","description":"Hair Spa Treatments","publisher":{"@id":"https:\/\/k-time.it\/en\/#organization"},"potentialAction":[{"@type":"SearchAction","target":{"@type":"EntryPoint","urlTemplate":"https:\/\/k-time.it\/en\/?s={search_term_string}"},"query-input":{"@type":"PropertyValueSpecification","valueRequired":true,"valueName":"search_term_string"}}],"inLanguage":"pt-PT"},{"@type":"Organization","@id":"https:\/\/k-time.it\/en\/#organization","name":"K-time","url":"https:\/\/k-time.it\/en\/","logo":{"@type":"ImageObject","inLanguage":"pt-PT","@id":"https:\/\/k-time.it\/en\/#\/schema\/logo\/image\/","url":"","contentUrl":"","caption":"K-time"},"image":{"@id":"https:\/\/k-time.it\/en\/#\/schema\/logo\/image\/"}}]}},"_links":{"self":[{"href":"https:\/\/k-time.it\/pt-pt\/wp-json\/wp\/v2\/product\/21955","targetHints":{"allow":["GET"]}}],"collection":[{"href":"https:\/\/k-time.it\/pt-pt\/wp-json\/wp\/v2\/product"}],"about":[{"href":"https:\/\/k-time.it\/pt-pt\/wp-json\/wp\/v2\/types\/product"}],"wp:featuredmedia":[{"embeddable":true,"href":"https:\/\/k-time.it\/pt-pt\/wp-json\/wp\/v2\/media\/21756"}],"wp:attachment":[{"href":"https:\/\/k-time.it\/pt-pt\/wp-json\/wp\/v2\/media?parent=21955"}],"wp:term":[{"taxonomy":"product_brand","embeddable":true,"href":"https:\/\/k-time.it\/pt-pt\/wp-json\/wp\/v2\/product_brand?post=21955"},{"taxonomy":"product_cat","embeddable":true,"href":"https:\/\/k-time.it\/pt-pt\/wp-json\/wp\/v2\/product_cat?post=21955"},{"taxonomy":"product_tag","embeddable":true,"href":"https:\/\/k-time.it\/pt-pt\/wp-json\/wp\/v2\/product_tag?post=21955"}],"curies":[{"name":"wp","href":"https:\/\/api.w.org\/{rel}","templated":true}]}}