{"id":9042,"date":"2021-04-24T22:38:46","date_gmt":"2021-04-24T20:38:46","guid":{"rendered":"https:\/\/k-time.it\/dados-da-sociedade-completos\/"},"modified":"2021-04-24T22:38:47","modified_gmt":"2021-04-24T20:38:47","slug":"dados-da-sociedade-completos","status":"publish","type":"page","link":"https:\/\/k-time.it\/pt-pt\/dados-da-sociedade-completos\/","title":{"rendered":"Dados da sociedade completos"},"content":{"rendered":"<div class=\"wpb-content-wrapper\"><p>[vc_row][vc_column][vc_column_text]Comprof Milano S.r.l.<\/p>\n<p>N\u00famero de IVA: IT07479001211<\/p>\n<p>Sede legal: P.zza S. Maria degli Angeli a Pizzofalcone 1, N\u00e1poles (Na) 80132<\/p>\n<p>Sede Operacional: Cis di Nola Isola 8, lotto 8032-8035, 80035 Nola (Na)<\/p>\n<p>Conservat\u00f3ria do registo comercial: N\u00e1poles \u2013 sec\u00e7\u00e3o ordin\u00e1ria<\/p>\n<p>N\u00famero de inscri\u00e7\u00e3o no registo comercial: 07479001211<\/p>\n<p>Capital social realizado: \u20ac 100.000,00<\/p>\n<p>Endere\u00e7o de correio eletr\u00f3nico certificado:\u00a0<a href=\"mailto:comprofmilano@legalmail.it\">comprofmilano@legalmail.it<\/a>[\/vc_column_text][\/vc_column][\/vc_row]<\/p>\n<\/div>","protected":false},"excerpt":{"rendered":"<p>[vc_row][vc_column][vc_column_text]Comprof Milano S.r.l. N\u00famero de IVA: IT07479001211 Sede legal: P.zza S. Maria degli Angeli a Pizzofalcone 1, N\u00e1poles (Na) 80132 Sede Operacional: Cis di Nola Isola 8, lotto 8032-8035, 80035 Nola (Na) Conservat\u00f3ria do registo comercial: N\u00e1poles \u2013 sec\u00e7\u00e3o ordin\u00e1ria N\u00famero de inscri\u00e7\u00e3o no registo comercial: 07479001211 Capital social realizado: \u20ac 100.000,00 Endere\u00e7o de correio&hellip;<\/p>\n","protected":false},"author":1,"featured_media":0,"parent":0,"menu_order":0,"comment_status":"closed","ping_status":"closed","template":"","meta":{"footnotes":""},"class_list":["post-9042","page","type-page","status-publish","hentry","description-off"],"yoast_head":"<!-- This site is optimized with the Yoast SEO plugin v26.8 - https:\/\/yoast.com\/product\/yoast-seo-wordpress\/ -->\n<title>Dados da sociedade completos - K-time<\/title>\n<meta name=\"robots\" content=\"noindex, nofollow\" \/>\n<meta property=\"og:locale\" content=\"pt_PT\" \/>\n<meta property=\"og:type\" content=\"article\" \/>\n<meta property=\"og:title\" content=\"Dados da sociedade completos - K-time\" \/>\n<meta property=\"og:description\" content=\"[vc_row][vc_column][vc_column_text]Comprof Milano S.r.l. N\u00famero de IVA: IT07479001211 Sede legal: P.zza S. Maria degli Angeli a Pizzofalcone 1, N\u00e1poles (Na) 80132 Sede Operacional: Cis di Nola Isola 8, lotto 8032-8035, 80035 Nola (Na) Conservat\u00f3ria do registo comercial: N\u00e1poles \u2013 sec\u00e7\u00e3o ordin\u00e1ria N\u00famero de inscri\u00e7\u00e3o no registo comercial: 07479001211 Capital social realizado: \u20ac 100.000,00 Endere\u00e7o de correio&hellip;\" \/>\n<meta property=\"og:url\" content=\"https:\/\/k-time.it\/dati-societari\/\" \/>\n<meta property=\"og:site_name\" content=\"K-time\" \/>\n<meta property=\"article:modified_time\" content=\"2021-04-24T20:38:47+00:00\" \/>\n<meta name=\"twitter:card\" content=\"summary_large_image\" \/>\n<script type=\"application\/ld+json\" class=\"yoast-schema-graph\">{\"@context\":\"https:\/\/schema.org\",\"@graph\":[{\"@type\":\"WebPage\",\"@id\":\"https:\/\/k-time.it\/dati-societari\/\",\"url\":\"https:\/\/k-time.it\/dati-societari\/\",\"name\":\"Dados da sociedade completos - K-time\",\"isPartOf\":{\"@id\":\"https:\/\/k-time.it\/en\/#website\"},\"datePublished\":\"2021-04-24T20:38:46+00:00\",\"dateModified\":\"2021-04-24T20:38:47+00:00\",\"breadcrumb\":{\"@id\":\"https:\/\/k-time.it\/dati-societari\/#breadcrumb\"},\"inLanguage\":\"pt-PT\",\"potentialAction\":[{\"@type\":\"ReadAction\",\"target\":[\"https:\/\/k-time.it\/dati-societari\/\"]}]},{\"@type\":\"BreadcrumbList\",\"@id\":\"https:\/\/k-time.it\/dati-societari\/#breadcrumb\",\"itemListElement\":[{\"@type\":\"ListItem\",\"position\":1,\"name\":\"Home\",\"item\":\"https:\/\/k-time.it\/pt-pt\/\"},{\"@type\":\"ListItem\",\"position\":2,\"name\":\"Dados da sociedade completos\"}]},{\"@type\":\"WebSite\",\"@id\":\"https:\/\/k-time.it\/en\/#website\",\"url\":\"https:\/\/k-time.it\/en\/\",\"name\":\"K-time\",\"description\":\"Hair Spa Treatments\",\"publisher\":{\"@id\":\"https:\/\/k-time.it\/en\/#organization\"},\"potentialAction\":[{\"@type\":\"SearchAction\",\"target\":{\"@type\":\"EntryPoint\",\"urlTemplate\":\"https:\/\/k-time.it\/en\/?s={search_term_string}\"},\"query-input\":{\"@type\":\"PropertyValueSpecification\",\"valueRequired\":true,\"valueName\":\"search_term_string\"}}],\"inLanguage\":\"pt-PT\"},{\"@type\":\"Organization\",\"@id\":\"https:\/\/k-time.it\/en\/#organization\",\"name\":\"K-time\",\"url\":\"https:\/\/k-time.it\/en\/\",\"logo\":{\"@type\":\"ImageObject\",\"inLanguage\":\"pt-PT\",\"@id\":\"https:\/\/k-time.it\/en\/#\/schema\/logo\/image\/\",\"url\":\"\",\"contentUrl\":\"\",\"caption\":\"K-time\"},\"image\":{\"@id\":\"https:\/\/k-time.it\/en\/#\/schema\/logo\/image\/\"}}]}<\/script>\n<!-- \/ Yoast SEO plugin. -->","yoast_head_json":{"title":"Dados da sociedade completos - K-time","robots":{"index":"noindex","follow":"nofollow"},"og_locale":"pt_PT","og_type":"article","og_title":"Dados da sociedade completos - K-time","og_description":"[vc_row][vc_column][vc_column_text]Comprof Milano S.r.l. N\u00famero de IVA: IT07479001211 Sede legal: P.zza S. Maria degli Angeli a Pizzofalcone 1, N\u00e1poles (Na) 80132 Sede Operacional: Cis di Nola Isola 8, lotto 8032-8035, 80035 Nola (Na) Conservat\u00f3ria do registo comercial: N\u00e1poles \u2013 sec\u00e7\u00e3o ordin\u00e1ria N\u00famero de inscri\u00e7\u00e3o no registo comercial: 07479001211 Capital social realizado: \u20ac 100.000,00 Endere\u00e7o de correio&hellip;","og_url":"https:\/\/k-time.it\/dati-societari\/","og_site_name":"K-time","article_modified_time":"2021-04-24T20:38:47+00:00","twitter_card":"summary_large_image","schema":{"@context":"https:\/\/schema.org","@graph":[{"@type":"WebPage","@id":"https:\/\/k-time.it\/dati-societari\/","url":"https:\/\/k-time.it\/dati-societari\/","name":"Dados da sociedade completos - K-time","isPartOf":{"@id":"https:\/\/k-time.it\/en\/#website"},"datePublished":"2021-04-24T20:38:46+00:00","dateModified":"2021-04-24T20:38:47+00:00","breadcrumb":{"@id":"https:\/\/k-time.it\/dati-societari\/#breadcrumb"},"inLanguage":"pt-PT","potentialAction":[{"@type":"ReadAction","target":["https:\/\/k-time.it\/dati-societari\/"]}]},{"@type":"BreadcrumbList","@id":"https:\/\/k-time.it\/dati-societari\/#breadcrumb","itemListElement":[{"@type":"ListItem","position":1,"name":"Home","item":"https:\/\/k-time.it\/pt-pt\/"},{"@type":"ListItem","position":2,"name":"Dados da sociedade completos"}]},{"@type":"WebSite","@id":"https:\/\/k-time.it\/en\/#website","url":"https:\/\/k-time.it\/en\/","name":"K-time","description":"Hair Spa Treatments","publisher":{"@id":"https:\/\/k-time.it\/en\/#organization"},"potentialAction":[{"@type":"SearchAction","target":{"@type":"EntryPoint","urlTemplate":"https:\/\/k-time.it\/en\/?s={search_term_string}"},"query-input":{"@type":"PropertyValueSpecification","valueRequired":true,"valueName":"search_term_string"}}],"inLanguage":"pt-PT"},{"@type":"Organization","@id":"https:\/\/k-time.it\/en\/#organization","name":"K-time","url":"https:\/\/k-time.it\/en\/","logo":{"@type":"ImageObject","inLanguage":"pt-PT","@id":"https:\/\/k-time.it\/en\/#\/schema\/logo\/image\/","url":"","contentUrl":"","caption":"K-time"},"image":{"@id":"https:\/\/k-time.it\/en\/#\/schema\/logo\/image\/"}}]}},"_links":{"self":[{"href":"https:\/\/k-time.it\/pt-pt\/wp-json\/wp\/v2\/pages\/9042","targetHints":{"allow":["GET"]}}],"collection":[{"href":"https:\/\/k-time.it\/pt-pt\/wp-json\/wp\/v2\/pages"}],"about":[{"href":"https:\/\/k-time.it\/pt-pt\/wp-json\/wp\/v2\/types\/page"}],"author":[{"embeddable":true,"href":"https:\/\/k-time.it\/pt-pt\/wp-json\/wp\/v2\/users\/1"}],"replies":[{"embeddable":true,"href":"https:\/\/k-time.it\/pt-pt\/wp-json\/wp\/v2\/comments?post=9042"}],"version-history":[{"count":0,"href":"https:\/\/k-time.it\/pt-pt\/wp-json\/wp\/v2\/pages\/9042\/revisions"}],"wp:attachment":[{"href":"https:\/\/k-time.it\/pt-pt\/wp-json\/wp\/v2\/media?parent=9042"}],"curies":[{"name":"wp","href":"https:\/\/api.w.org\/{rel}","templated":true}]}}