{"id":8981,"date":"2021-04-23T16:39:35","date_gmt":"2021-04-23T14:39:35","guid":{"rendered":"https:\/\/k-time.it\/philosophy\/"},"modified":"2021-06-10T17:45:36","modified_gmt":"2021-06-10T15:45:36","slug":"philosophy","status":"publish","type":"page","link":"https:\/\/k-time.it\/pt-pt\/philosophy\/","title":{"rendered":"Philosophy"},"content":{"rendered":"<div class=\"wpb-content-wrapper\"><p>[vc_row][vc_column]\n\t\t\t<!-- START hero_philosophy REVOLUTION SLIDER 6.7.38 --><p class=\"rs-p-wp-fix\"><\/p>\n\t\t\t<rs-module-wrap id=\"rev_slider_27_1_wrapper\" data-source=\"gallery\" style=\"visibility:hidden;background:transparent;padding:0;margin:0px auto;margin-top:0;margin-bottom:0;\">\n\t\t\t\t<rs-module id=\"rev_slider_27_1\" style=\"\" data-version=\"6.7.38\">\n\t\t\t\t\t<rs-slides style=\"overflow: hidden; position: absolute;\">\n\t\t\t\t\t\t<rs-slide style=\"position: absolute;\" data-key=\"rs-26\" data-title=\"Slide\" data-anim=\"ms:1000;r:0;\" data-in=\"o:0;\" data-out=\"a:false;\">\n\t\t\t\t\t\t\t<img decoding=\"async\" src=\"\/\/k-time.it\/wp-content\/plugins\/revslider\/sr6\/assets\/assets\/dummy.png\" alt=\"\" title=\"k-time_hero_philosophy\" width=\"1240\" height=\"400\" class=\"rev-slidebg tp-rs-img rs-lazyload\" data-lazyload=\"\/\/k-time.it\/wp-content\/uploads\/2020\/07\/k-time_hero_philosophy.png\" data-no-retina>\n<!--\n\t\t\t\t\t\t\t--><rs-layer\n\t\t\t\t\t\t\t\tid=\"slider-27-slide-26-layer-0\" \n\t\t\t\t\t\t\t\tdata-type=\"text\"\n\t\t\t\t\t\t\t\tdata-rsp_ch=\"on\"\n\t\t\t\t\t\t\t\tdata-xy=\"x:c;xo:0,0,2px,0;y:m;\"\n\t\t\t\t\t\t\t\tdata-text=\"w:normal;s:50,50,40,40;l:25,25,40,45;a:center;\"\n\t\t\t\t\t\t\t\tdata-dim=\"w:auto,auto,auto,438px;\"\n\t\t\t\t\t\t\t\tdata-frame_999=\"o:0;st:w;\"\n\t\t\t\t\t\t\t\tstyle=\"z-index:8;font-family:'Montserrat';\"\n\t\t\t\t\t\t\t>PHILOSOPHY \n\t\t\t\t\t\t\t<\/rs-layer><!--\n-->\t\t\t\t\t<\/rs-slide>\n\t\t\t\t\t<\/rs-slides>\n\t\t\t\t<\/rs-module>\n\t\t\t\t<script>\n\t\t\t\t\tsetREVStartSize({c: 'rev_slider_27_1',rl:[1240,1024,778,480],el:[400,400,400,300],gw:[1240,1024,778,460],gh:[400,400,400,300],type:'standard',justify:'',layout:'fullwidth',mh:\"0\"});if (window.RS_MODULES!==undefined && window.RS_MODULES.modules!==undefined && window.RS_MODULES.modules[\"revslider271\"]!==undefined) {window.RS_MODULES.modules[\"revslider271\"].once = false;window.revapi27 = undefined;if (window.RS_MODULES.checkMinimal!==undefined) window.RS_MODULES.checkMinimal()}\n\t\t\t\t<\/script>\n\t\t\t<\/rs-module-wrap>\n\t\t\t<!-- END REVOLUTION SLIDER -->\n[\/vc_column][\/vc_row][vc_row][vc_column][vc_empty_space height=&#8221;80px&#8221;][vc_row_inner][vc_column_inner width=&#8221;2\/3&#8243; offset=&#8221;vc_hidden-sm vc_hidden-xs&#8221;][vc_single_image image=&#8221;8984&#8243; img_size=&#8221;full&#8221;][\/vc_column_inner][vc_column_inner width=&#8221;1\/3&#8243; css=&#8221;.vc_custom_1596188696673{padding-top: 15% !important;padding-bottom: 15% !important;}&#8221; offset=&#8221;vc_hidden-sm vc_hidden-xs&#8221;][vc_column_text]<\/p>\n<p style=\"text-align: center;\"><span style=\"font-size: 24pt; font-family: montserrat; color: #000000;\"><strong>SALON<br \/>\nEXCELLENCE<\/strong><\/span><\/p>\n<p style=\"text-align: center;\">Tradi\u00e7\u00e3o e inova\u00e7\u00e3o. Investiga\u00e7\u00e3o e Tecnologia. Estilo e eleg\u00e2ncia. O <strong>Sal\u00e3o<\/strong>\u00a0como\u00a0<strong>laborat\u00f3rio de excel\u00eancia<\/strong>\u00a0e templo de beleza, o\u00a0<strong>Hairstylist<\/strong>\u00a0como especialista em quem confiar.<\/p>\n<p style=\"text-align: center;\">O nosso objetivo \u00e9 apoiar os\u00a0<strong>Sal\u00f5es<\/strong>\u00a0do mundo inteiro com ferramentas, programas de forma\u00e7\u00e3o e\u00a0<strong>produtos exclusivos<\/strong>. Escolher K-time significa construir o\u00a0<strong>futuro<\/strong>\u00a0para aspirar \u00e0 perfei\u00e7\u00e3o.<\/p>\n<p>[\/vc_column_text][\/vc_column_inner][\/vc_row_inner][vc_row_inner][vc_column_inner offset=&#8221;vc_hidden-lg vc_hidden-md&#8221;][vc_column_text]<\/p>\n<p style=\"text-align: center;\"><span style=\"font-size: 24pt; font-family: montserrat; color: #000000;\"><strong>SALON<br \/>\nEXCELLENCE<\/strong><\/span><\/p>\n<p style=\"text-align: center;\">Tradi\u00e7\u00e3o e inova\u00e7\u00e3o. Investiga\u00e7\u00e3o e Tecnologia. Estilo e eleg\u00e2ncia. O <strong>Sal\u00e3o<\/strong>\u00a0como\u00a0<strong>laborat\u00f3rio de excel\u00eancia<\/strong>\u00a0e templo de beleza, o\u00a0<strong>Hairstylist<\/strong>\u00a0como especialista em quem confiar.<\/p>\n<p style=\"text-align: center;\">O nosso objetivo \u00e9 apoiar os\u00a0<strong>Sal\u00f5es<\/strong>\u00a0do mundo inteiro com ferramentas, programas de forma\u00e7\u00e3o e\u00a0<strong>produtos exclusivos<\/strong>. Escolher K-time significa construir o\u00a0<strong>futuro<\/strong>\u00a0para aspirar \u00e0 perfei\u00e7\u00e3o.<\/p>\n<p>[\/vc_column_text][vc_single_image image=&#8221;8984&#8243; img_size=&#8221;full&#8221;][\/vc_column_inner][\/vc_row_inner][\/vc_column][\/vc_row][vc_row][vc_column][vc_empty_space height=&#8221;40px&#8221;][vc_row_inner][vc_column_inner width=&#8221;1\/3&#8243; css=&#8221;.vc_custom_1596188735463{padding-top: 20% !important;padding-bottom: 20% !important;}&#8221; offset=&#8221;vc_hidden-sm vc_hidden-xs&#8221;][vc_column_text]<\/p>\n<p style=\"text-align: center;\"><span style=\"font-size: 24pt; font-family: montserrat; color: #000000;\"><strong>HAIR SPA<br \/>\nTREATMENTS<\/strong><\/span><\/p>\n<p style=\"text-align: center;\">Os nossos valores que expressam\u00a0<strong>tecnologia e bem-estar resumem-se<\/strong>\u00a0no conceito de inspira\u00e7\u00e3o\u00a0<em>Hair Spa Treatments.<\/em>\u00a0<strong>Tratamentos revolucion\u00e1rios<\/strong>\u00a0e de alto padr\u00e3o,\u00a0<strong>f\u00f3rmulas sublimes<\/strong>, capazes de impressionar os clientes mais exigentes, abrem as portas da beleza.<\/p>\n<p style=\"text-align: center;\">Partilhamos diariamente o\u00a0<em>Haircare<\/em>\u00a0<em>routine<\/em>\u00a0de\u00a0<strong>mulheres e homens do mundo inteiro<\/strong>.<\/p>\n<p>[\/vc_column_text][\/vc_column_inner][vc_column_inner width=&#8221;2\/3&#8243; offset=&#8221;vc_hidden-sm vc_hidden-xs&#8221;][vc_single_image image=&#8221;9009&#8243; img_size=&#8221;full&#8221;][\/vc_column_inner][\/vc_row_inner][vc_row_inner][vc_column_inner offset=&#8221;vc_hidden-lg vc_hidden-md&#8221;][vc_column_text]<\/p>\n<p style=\"text-align: center;\"><span style=\"font-size: 24pt; font-family: montserrat; color: #000000;\"><strong>HAIR SPA<br \/>\nTREATMENTS<\/strong><\/span><\/p>\n<p style=\"text-align: center;\">Os nossos valores que expressam\u00a0<strong>tecnologia e bem-estar resumem-se<\/strong>\u00a0no conceito de inspira\u00e7\u00e3o\u00a0<em>Hair Spa Treatments.<\/em>\u00a0<strong>Tratamentos revolucion\u00e1rios<\/strong>\u00a0e de alto padr\u00e3o,\u00a0<strong>f\u00f3rmulas sublimes<\/strong>, capazes de impressionar os clientes mais exigentes, abrem as portas da beleza.<\/p>\n<p style=\"text-align: center;\">Partilhamos diariamente o\u00a0<em>Haircare<\/em>\u00a0<em>routine<\/em>\u00a0de\u00a0<strong>mulheres e homens do mundo inteiro<\/strong>.<\/p>\n<p>[\/vc_column_text][vc_single_image image=&#8221;9009&#8243; img_size=&#8221;full&#8221;][\/vc_column_inner][\/vc_row_inner][\/vc_column][\/vc_row][vc_row][vc_column][vc_empty_space height=&#8221;40px&#8221;][vc_row_inner][vc_column_inner width=&#8221;2\/3&#8243; offset=&#8221;vc_hidden-sm vc_hidden-xs&#8221;][vc_single_image image=&#8221;9004&#8243; img_size=&#8221;full&#8221;][\/vc_column_inner][vc_column_inner width=&#8221;1\/3&#8243; css=&#8221;.vc_custom_1596188789238{padding-top: 10% !important;padding-bottom: 10% !important;}&#8221; offset=&#8221;vc_hidden-sm vc_hidden-xs&#8221;][vc_column_text]<\/p>\n<p style=\"text-align: center;\"><span style=\"font-size: 24pt; font-family: montserrat; color: #000000;\"><strong>MADE IN ITALY<\/strong><\/span><\/p>\n<p style=\"text-align: center;\">Os nossos valores que expressam\u00a0<strong>tecnologia e bem-estar resumem-se<\/strong>\u00a0no conceito de inspira\u00e7\u00e3o\u00a0<em>Hair Spa Treatments.<\/em>\u00a0<strong>Tratamentos revolucion\u00e1rios<\/strong>\u00a0e de alto padr\u00e3o,\u00a0<strong>f\u00f3rmulas sublimes<\/strong>, capazes de impressionar os clientes mais exigentes, abrem as portas da beleza.<\/p>\n<p style=\"text-align: center;\">Partilhamos diariamente o\u00a0<em>Haircare<\/em>\u00a0<em>routine<\/em>\u00a0de\u00a0<strong>mulheres e homens do mundo inteiro<\/strong>.<\/p>\n<p>[\/vc_column_text][\/vc_column_inner][\/vc_row_inner][vc_row_inner][vc_column_inner offset=&#8221;vc_hidden-lg vc_hidden-md&#8221;][vc_column_text]<\/p>\n<p style=\"text-align: center;\"><span style=\"font-size: 24pt; font-family: montserrat; color: #000000;\"><strong>MADE IN ITALY<\/strong><\/span><\/p>\n<p style=\"text-align: center;\">A nossa vis\u00e3o de cuidados capilares procede da utiliza\u00e7\u00e3o de\u00a0<strong>mat\u00e9rias-primas preciosas<\/strong>, que se distinguem por ingredientes funcionais para o ritual de beleza. A abordagem da nossa experimenta\u00e7\u00e3o traduz-se em produtos de\u00a0<strong>qualidade superior<\/strong>, desenvolvidos em perfeita harmonia com a\u00a0<strong>tradi\u00e7\u00e3o cosm\u00e9tica italiana<\/strong>.<\/p>\n<p style=\"text-align: center;\">Porque\u00a0<strong>nascemos na It\u00e1lia<\/strong>. A nossa hist\u00f3ria e as nossas ra\u00edzes est\u00e3o aqui: para n\u00f3s, made in Italy n\u00e3o \u00e9 um slogan, mas o valor fundador da nossa\u00a0<strong>filosofia tricol\u00f3gica<\/strong>.<\/p>\n<p>[\/vc_column_text][vc_single_image image=&#8221;9004&#8243; img_size=&#8221;full&#8221;][\/vc_column_inner][\/vc_row_inner][\/vc_column][\/vc_row][vc_row][vc_column][vc_empty_space height=&#8221;40px&#8221;][vc_row_inner][vc_column_inner width=&#8221;1\/3&#8243; css=&#8221;.vc_custom_1596122325960{padding-top: 5% !important;}&#8221; offset=&#8221;vc_hidden-sm vc_hidden-xs&#8221;][vc_single_image image=&#8221;8994&#8243; img_size=&#8221;full&#8221;][\/vc_column_inner][vc_column_inner width=&#8221;1\/3&#8243; offset=&#8221;vc_hidden-sm vc_hidden-xs&#8221; css=&#8221;.vc_custom_1596188832843{padding-top: 25% !important;padding-bottom: 25% !important;}&#8221;][vc_column_text]<\/p>\n<p style=\"text-align: center;\"><span style=\"font-size: 24pt; font-family: montserrat; color: #000000;\"><strong>INSPIRATION<\/strong><\/span><\/p>\n<p style=\"text-align: center;\">O estudo do passado e a observa\u00e7\u00e3o do presente para antecipar o futuro. Os\u00a0<strong>c\u00f3digos est\u00e9ticos<\/strong>\u00a0s\u00e3o decompostos e reconstru\u00eddos em\u00a0<strong>novas formas<\/strong>. Nascem tend\u00eancias que inspiram e traduzem-se nos\u00a0<strong>Inspiration Book K-time<\/strong>.<\/p>\n<p style=\"text-align: center;\">P\u00e1ginas preciosas em que correntes\u00a0<strong>estil\u00edsticas exclusivas<\/strong>\u00a0ganham vida: o nosso foco no mundo do Hairstyling, uma combina\u00e7\u00e3o de criatividade, estilo e excel\u00eancia italiana ao\u00a0<strong>servi\u00e7o do cabeleireiro<\/strong>.<\/p>\n<p>[\/vc_column_text][\/vc_column_inner][vc_column_inner width=&#8221;1\/3&#8243; offset=&#8221;vc_hidden-sm vc_hidden-xs&#8221;][vc_single_image image=&#8221;8999&#8243; img_size=&#8221;full&#8221;][\/vc_column_inner][\/vc_row_inner][vc_row_inner][vc_column_inner offset=&#8221;vc_hidden-lg vc_hidden-md&#8221;][vc_column_text]<\/p>\n<p style=\"text-align: center;\"><span style=\"font-size: 24pt; font-family: montserrat; color: #000000;\"><strong>INSPIRATION<\/strong><\/span><\/p>\n<p style=\"text-align: center;\">O estudo do passado e a observa\u00e7\u00e3o do presente para antecipar o futuro. Os\u00a0<strong>c\u00f3digos est\u00e9ticos<\/strong>\u00a0s\u00e3o decompostos e reconstru\u00eddos em\u00a0<strong>novas formas<\/strong>. Nascem tend\u00eancias que inspiram e traduzem-se nos\u00a0<strong>Inspiration Book K-time<\/strong>.<\/p>\n<p style=\"text-align: center;\">P\u00e1ginas preciosas em que correntes\u00a0<strong>estil\u00edsticas exclusivas<\/strong>\u00a0ganham vida: o nosso foco no mundo do Hairstyling, uma combina\u00e7\u00e3o de criatividade, estilo e excel\u00eancia italiana ao\u00a0<strong>servi\u00e7o do cabeleireiro<\/strong>.<\/p>\n<p>[\/vc_column_text][vc_single_image image=&#8221;8989&#8243; img_size=&#8221;full&#8221;][\/vc_column_inner][\/vc_row_inner][\/vc_column][\/vc_row]<\/p>\n<\/div>","protected":false},"excerpt":{"rendered":"<p>[vc_row][vc_column][\/vc_column][\/vc_row][vc_row][vc_column][vc_empty_space height=&#8221;80px&#8221;][vc_row_inner][vc_column_inner width=&#8221;2\/3&#8243; offset=&#8221;vc_hidden-sm vc_hidden-xs&#8221;][vc_single_image image=&#8221;8984&#8243; img_size=&#8221;full&#8221;][\/vc_column_inner][vc_column_inner width=&#8221;1\/3&#8243; css=&#8221;.vc_custom_1596188696673{padding-top: 15% !important;padding-bottom: 15% !important;}&#8221; offset=&#8221;vc_hidden-sm vc_hidden-xs&#8221;][vc_column_text] SALON EXCELLENCE Tradi\u00e7\u00e3o e inova\u00e7\u00e3o. Investiga\u00e7\u00e3o e Tecnologia. Estilo e eleg\u00e2ncia. O Sal\u00e3o\u00a0como\u00a0laborat\u00f3rio de excel\u00eancia\u00a0e templo de beleza, o\u00a0Hairstylist\u00a0como especialista em quem confiar. O nosso objetivo \u00e9 apoiar os\u00a0Sal\u00f5es\u00a0do mundo inteiro com ferramentas, programas de forma\u00e7\u00e3o e\u00a0produtos exclusivos. Escolher K-time&hellip;<\/p>\n","protected":false},"author":1,"featured_media":0,"parent":0,"menu_order":0,"comment_status":"closed","ping_status":"open","template":"","meta":{"footnotes":""},"class_list":["post-8981","page","type-page","status-publish","hentry","description-off"],"yoast_head":"<!-- This site is optimized with the Yoast SEO plugin v26.8 - https:\/\/yoast.com\/product\/yoast-seo-wordpress\/ -->\n<title>Philosophy | K-time<\/title>\n<meta name=\"description\" content=\"Os nossos valores que expressam tecnologia e bem-estar resumem-se no conceito de inspira\u00e7\u00e3o Hair Spa Treatments.\" \/>\n<meta name=\"robots\" content=\"index, follow, max-snippet:-1, max-image-preview:large, max-video-preview:-1\" \/>\n<link rel=\"canonical\" href=\"https:\/\/k-time.it\/philosophy\/\" \/>\n<meta property=\"og:locale\" content=\"pt_PT\" \/>\n<meta property=\"og:type\" content=\"article\" \/>\n<meta property=\"og:title\" content=\"Philosophy | K-time\" \/>\n<meta property=\"og:description\" content=\"Os nossos valores que expressam tecnologia e bem-estar resumem-se no conceito de inspira\u00e7\u00e3o Hair Spa Treatments.\" \/>\n<meta property=\"og:url\" content=\"https:\/\/k-time.it\/philosophy\/\" \/>\n<meta property=\"og:site_name\" content=\"K-time\" \/>\n<meta property=\"article:modified_time\" content=\"2021-06-10T15:45:36+00:00\" \/>\n<meta name=\"twitter:card\" content=\"summary_large_image\" \/>\n<meta name=\"twitter:label1\" content=\"Tempo estimado de leitura\" \/>\n\t<meta name=\"twitter:data1\" content=\"5 minutos\" \/>\n<script type=\"application\/ld+json\" class=\"yoast-schema-graph\">{\"@context\":\"https:\/\/schema.org\",\"@graph\":[{\"@type\":\"WebPage\",\"@id\":\"https:\/\/k-time.it\/philosophy\/\",\"url\":\"https:\/\/k-time.it\/philosophy\/\",\"name\":\"Philosophy | K-time\",\"isPartOf\":{\"@id\":\"https:\/\/k-time.it\/en\/#website\"},\"datePublished\":\"2021-04-23T14:39:35+00:00\",\"dateModified\":\"2021-06-10T15:45:36+00:00\",\"description\":\"Os nossos valores que expressam tecnologia e bem-estar resumem-se no conceito de inspira\u00e7\u00e3o Hair Spa Treatments.\",\"breadcrumb\":{\"@id\":\"https:\/\/k-time.it\/philosophy\/#breadcrumb\"},\"inLanguage\":\"pt-PT\",\"potentialAction\":[{\"@type\":\"ReadAction\",\"target\":[\"https:\/\/k-time.it\/philosophy\/\"]}]},{\"@type\":\"BreadcrumbList\",\"@id\":\"https:\/\/k-time.it\/philosophy\/#breadcrumb\",\"itemListElement\":[{\"@type\":\"ListItem\",\"position\":1,\"name\":\"Home\",\"item\":\"https:\/\/k-time.it\/pt-pt\/\"},{\"@type\":\"ListItem\",\"position\":2,\"name\":\"Philosophy\"}]},{\"@type\":\"WebSite\",\"@id\":\"https:\/\/k-time.it\/en\/#website\",\"url\":\"https:\/\/k-time.it\/en\/\",\"name\":\"K-time\",\"description\":\"Hair Spa Treatments\",\"publisher\":{\"@id\":\"https:\/\/k-time.it\/en\/#organization\"},\"potentialAction\":[{\"@type\":\"SearchAction\",\"target\":{\"@type\":\"EntryPoint\",\"urlTemplate\":\"https:\/\/k-time.it\/en\/?s={search_term_string}\"},\"query-input\":{\"@type\":\"PropertyValueSpecification\",\"valueRequired\":true,\"valueName\":\"search_term_string\"}}],\"inLanguage\":\"pt-PT\"},{\"@type\":\"Organization\",\"@id\":\"https:\/\/k-time.it\/en\/#organization\",\"name\":\"K-time\",\"url\":\"https:\/\/k-time.it\/en\/\",\"logo\":{\"@type\":\"ImageObject\",\"inLanguage\":\"pt-PT\",\"@id\":\"https:\/\/k-time.it\/en\/#\/schema\/logo\/image\/\",\"url\":\"\",\"contentUrl\":\"\",\"caption\":\"K-time\"},\"image\":{\"@id\":\"https:\/\/k-time.it\/en\/#\/schema\/logo\/image\/\"}}]}<\/script>\n<!-- \/ Yoast SEO plugin. -->","yoast_head_json":{"title":"Philosophy | K-time","description":"Os nossos valores que expressam tecnologia e bem-estar resumem-se no conceito de inspira\u00e7\u00e3o Hair Spa Treatments.","robots":{"index":"index","follow":"follow","max-snippet":"max-snippet:-1","max-image-preview":"max-image-preview:large","max-video-preview":"max-video-preview:-1"},"canonical":"https:\/\/k-time.it\/philosophy\/","og_locale":"pt_PT","og_type":"article","og_title":"Philosophy | K-time","og_description":"Os nossos valores que expressam tecnologia e bem-estar resumem-se no conceito de inspira\u00e7\u00e3o Hair Spa Treatments.","og_url":"https:\/\/k-time.it\/philosophy\/","og_site_name":"K-time","article_modified_time":"2021-06-10T15:45:36+00:00","twitter_card":"summary_large_image","twitter_misc":{"Tempo estimado de leitura":"5 minutos"},"schema":{"@context":"https:\/\/schema.org","@graph":[{"@type":"WebPage","@id":"https:\/\/k-time.it\/philosophy\/","url":"https:\/\/k-time.it\/philosophy\/","name":"Philosophy | K-time","isPartOf":{"@id":"https:\/\/k-time.it\/en\/#website"},"datePublished":"2021-04-23T14:39:35+00:00","dateModified":"2021-06-10T15:45:36+00:00","description":"Os nossos valores que expressam tecnologia e bem-estar resumem-se no conceito de inspira\u00e7\u00e3o Hair Spa Treatments.","breadcrumb":{"@id":"https:\/\/k-time.it\/philosophy\/#breadcrumb"},"inLanguage":"pt-PT","potentialAction":[{"@type":"ReadAction","target":["https:\/\/k-time.it\/philosophy\/"]}]},{"@type":"BreadcrumbList","@id":"https:\/\/k-time.it\/philosophy\/#breadcrumb","itemListElement":[{"@type":"ListItem","position":1,"name":"Home","item":"https:\/\/k-time.it\/pt-pt\/"},{"@type":"ListItem","position":2,"name":"Philosophy"}]},{"@type":"WebSite","@id":"https:\/\/k-time.it\/en\/#website","url":"https:\/\/k-time.it\/en\/","name":"K-time","description":"Hair Spa Treatments","publisher":{"@id":"https:\/\/k-time.it\/en\/#organization"},"potentialAction":[{"@type":"SearchAction","target":{"@type":"EntryPoint","urlTemplate":"https:\/\/k-time.it\/en\/?s={search_term_string}"},"query-input":{"@type":"PropertyValueSpecification","valueRequired":true,"valueName":"search_term_string"}}],"inLanguage":"pt-PT"},{"@type":"Organization","@id":"https:\/\/k-time.it\/en\/#organization","name":"K-time","url":"https:\/\/k-time.it\/en\/","logo":{"@type":"ImageObject","inLanguage":"pt-PT","@id":"https:\/\/k-time.it\/en\/#\/schema\/logo\/image\/","url":"","contentUrl":"","caption":"K-time"},"image":{"@id":"https:\/\/k-time.it\/en\/#\/schema\/logo\/image\/"}}]}},"_links":{"self":[{"href":"https:\/\/k-time.it\/pt-pt\/wp-json\/wp\/v2\/pages\/8981","targetHints":{"allow":["GET"]}}],"collection":[{"href":"https:\/\/k-time.it\/pt-pt\/wp-json\/wp\/v2\/pages"}],"about":[{"href":"https:\/\/k-time.it\/pt-pt\/wp-json\/wp\/v2\/types\/page"}],"author":[{"embeddable":true,"href":"https:\/\/k-time.it\/pt-pt\/wp-json\/wp\/v2\/users\/1"}],"replies":[{"embeddable":true,"href":"https:\/\/k-time.it\/pt-pt\/wp-json\/wp\/v2\/comments?post=8981"}],"version-history":[{"count":0,"href":"https:\/\/k-time.it\/pt-pt\/wp-json\/wp\/v2\/pages\/8981\/revisions"}],"wp:attachment":[{"href":"https:\/\/k-time.it\/pt-pt\/wp-json\/wp\/v2\/media?parent=8981"}],"curies":[{"name":"wp","href":"https:\/\/api.w.org\/{rel}","templated":true}]}}