{"id":8968,"date":"2021-04-23T16:31:17","date_gmt":"2021-04-23T14:31:17","guid":{"rendered":"https:\/\/k-time.it\/cookie-policy\/"},"modified":"2022-07-08T14:29:14","modified_gmt":"2022-07-08T12:29:14","slug":"cookie-policy","status":"publish","type":"page","link":"https:\/\/k-time.it\/pt-pt\/cookie-policy\/","title":{"rendered":"Cookie Policy"},"content":{"rendered":"<div class=\"wpb-content-wrapper\"><p>[vc_row][vc_column][vc_column_text]<\/p>\n<div id=\"ez-toc-container\" class=\"ez-toc-v2_0_15 counter-hierarchy counter-decimal ez-toc-grey\">\n<div class=\"ez-toc-title-container\"><\/div>\n<nav><\/nav>\n<\/div>\n<h3>Cookie Policy<\/h3>\n<h3>Informa\u00e7\u00f5es gerais, desativa\u00e7\u00e3o e gest\u00e3o de cookies<\/h3>\n<p>Os cookies s\u00e3o dados enviados pelo Site e armazenados pelo navegador de internet no computador do utilizador ou noutro dispositivo (por exemplo, tablet ou telem\u00f3vel). Poder\u00e3o ser instalados, pelo nosso site ou pelos respetivos subdom\u00ednios, cookies t\u00e9cnicos e cookies de terceiros.<\/p>\n<p>Em qualquer caso, o utilizador poder\u00e1 gerir ou solicitar a desativa\u00e7\u00e3o geral ou a elimina\u00e7\u00e3o dos cookies, alterando as configura\u00e7\u00f5es do seu navegador de internet. Essa desativa\u00e7\u00e3o, no entanto, poder\u00e1 retardar ou impedir o acesso a algumas partes do site.<\/p>\n<p>As configura\u00e7\u00f5es para gerir ou desativar os cookies podem variar, dependendo do navegador de internet utilizado. Portanto, para mais informa\u00e7\u00f5es sobre como realizar essas opera\u00e7\u00f5es, sugerimos que o utilizador consulte o manual do seu dispositivo ou a fun\u00e7\u00e3o \u201cAjuda\u201d ou \u201cHelp\u201d do seu navegador de internet.<\/p>\n<p>Indicam-se abaixo aos utilizadores os links que explicam como gerir ou desativar os cookies para os navegadores de internet mais populares:<\/p>\n<p>Internet Explorer:\u00a0<a href=\"http:\/\/windows.microsoft.com\/it-IT\/internet-explorer\/delete-manage-cookies\">Eliminar e gerir cookies<\/a><\/p>\n<p>Google Chrome:\u00a0<a href=\"https:\/\/support.google.com\/chrome\/answer\/95647\">Limpar, ativar e gerir cookies no Chrome \u2013 Android \u2013<\/a>\u00a0<a href=\"https:\/\/support.google.com\/chrome\/answer\/95647\">Google Chrome Help<\/a><\/p>\n<p>Mozilla Firefox:\u00a0<a href=\"http:\/\/support.mozilla.org\/it\/kb\/Gestione%20dei%20cookie\">Gest\u00e3o de cookies | Apoio do Firefox<\/a><\/p>\n<p>Opera:\u00a0<a href=\"http:\/\/help.opera.com\/Windows\/10.00\/it\/cookies.html\">Prefer\u00eancias da web<\/a><\/p>\n<p>Safari:\u00a0<a href=\"https:\/\/support.apple.com\/it-it\/guide\/safari\/sfri11471\/mac\">Gerir os cookies e os dados dos sites no Safari em Mac<\/a><\/p>\n<h4>Cookies t\u00e9cnicos<\/h4>\n<p>A utiliza\u00e7\u00e3o de cookies t\u00e9cnicos, ou seja, cookies necess\u00e1rios para a transmiss\u00e3o de comunica\u00e7\u00f5es na rede de comunica\u00e7\u00f5es eletr\u00f3nicas ou cookies estritamente necess\u00e1rios para que o fornecedor preste o servi\u00e7o solicitado pelo cliente, permite a utiliza\u00e7\u00e3o segura e eficiente do nosso site.<\/p>\n<p>Podem ser instalados cookies de sess\u00e3o para permitir o acesso e perman\u00eancia na \u00e1rea reservada do portal como utilizador autenticado.<\/p>\n<p>Os cookies t\u00e9cnicos s\u00e3o essenciais para o bom funcionamento do nosso site e s\u00e3o utilizados para permitir que os utilizadores naveguem normalmente e usufruam dos servi\u00e7os avan\u00e7ados dispon\u00edveis no nosso site. Os cookies t\u00e9cnicos utilizados s\u00e3o divididos em cookies de sess\u00e3o, que s\u00e3o armazenados exclusivamente durante a navega\u00e7\u00e3o e at\u00e9 o navegador ser fechado, e cookies persistentes, que s\u00e3o guardados na mem\u00f3ria do dispositivo do utilizador at\u00e9 \u00e0 sua expira\u00e7\u00e3o ou apagamento pelo utilizador. O nosso site utiliza os seguintes cookies t\u00e9cnicos:<\/p>\n<p>Cookies t\u00e9cnicos de navega\u00e7\u00e3o ou de sess\u00e3o, utilizados para gerir a navega\u00e7\u00e3o normal e a autentica\u00e7\u00e3o do utilizador;<\/p>\n<p>Cookies t\u00e9cnicos funcionais, usados para memorizar personaliza\u00e7\u00f5es escolhidas pelo utilizador, como o idioma;<\/p>\n<p>Cookies t\u00e9cnicos anal\u00edticos, usados para saber como os utilizadores usam o nosso site, para se poder avaliar e melhorar o seu funcionamento.<\/p>\n<h4>Cookies de terceiros<\/h4>\n<p>Podem ser instalados cookies de terceiros; estes s\u00e3o cookies anal\u00edticos e de cria\u00e7\u00e3o de perfis, da Google Analytics, Google Doubleclick, Criteo, Rocket Fuel, Youtube, Yahoo, Bing e Facebook. Estes cookies s\u00e3o enviados pelos sites dos terceiros mencionados acima, exteriores ao nosso site.<\/p>\n<p>Os cookies anal\u00edticos de terceiros s\u00e3o usados para detetar informa\u00e7\u00f5es sobre o comportamento do utilizador no site. A recolha ocorre de forma an\u00f3nima, a fim de monitorizar o desempenho e melhorar a usabilidade do site. Os cookies de cria\u00e7\u00e3o de perfil de terceiros s\u00e3o usados para criar perfis relativos aos utilizadores, para propor mensagens publicit\u00e1rias de acordo com as escolhas expressas pelos pr\u00f3prios utilizadores.<\/p>\n<p>A utiliza\u00e7\u00e3o destes cookies rege-se pelas regras estabelecidas pelos pr\u00f3prios terceiros, pelo que os utilizadores s\u00e3o convidados a ler as pol\u00edticas de privacidade e as indica\u00e7\u00f5es para gerir ou desativar os cookies publicados nas seguintes p\u00e1ginas web:<\/p>\n<p>Para cookies da Google Analytics:<\/p>\n<p>\u2013 pol\u00edtica de privacidade:\u00a0<a href=\"https:\/\/www.google.com\/intl\/it\/policies\/privacy\/\">Normas sobre privacidade \u2013 Privacidade e condi\u00e7\u00f5es \u2013 Google<\/a><\/p>\n<p>\u2013 instru\u00e7\u00f5es para gerir ou desativar cookies:\u00a0<a href=\"https:\/\/support.google.com\/accounts\/answer\/61416?hl=it\">Ativar ou desativar os cookies \u2013<\/a>\u00a0<a href=\"https:\/\/support.google.com\/accounts\/answer\/61416?hl=it\">Android \u2013 Ajuda da Conta do Google<\/a><\/p>\n<h4>Cookies de cria\u00e7\u00e3o de perfil<\/h4>\n<p>Os cookies de cria\u00e7\u00e3o de perfil podem ser instalados pelos Respons\u00e1veis pelo Tratamento usando o chamado software web analytics, que \u00e9 usado para preparar relat\u00f3rios de an\u00e1lise detalhados e em tempo real relacionados com informa\u00e7\u00f5es sobre: visitantes de um site, motores de busca de origem, palavras-chave usadas, idioma de utiliza\u00e7\u00e3o, p\u00e1ginas mais visitadas.<\/p>\n<p>Podem recolher informa\u00e7\u00f5es e dados como endere\u00e7o IP, nacionalidade, localidade, data\/hora, dispositivo, navegador, sistema operativo, resolu\u00e7\u00e3o de ecr\u00e3, origem de navega\u00e7\u00e3o, p\u00e1ginas visitadas e n\u00famero de p\u00e1ginas, dura\u00e7\u00e3o da visita, n\u00famero de visitas realizadas.<\/p>\n<p>[\/vc_column_text][\/vc_column][\/vc_row]<\/p>\n<\/div>","protected":false},"excerpt":{"rendered":"<p>[vc_row][vc_column][vc_column_text] Cookie Policy Informa\u00e7\u00f5es gerais, desativa\u00e7\u00e3o e gest\u00e3o de cookies Os cookies s\u00e3o dados enviados pelo Site e armazenados pelo navegador de internet no computador do utilizador ou noutro dispositivo (por exemplo, tablet ou telem\u00f3vel). Poder\u00e3o ser instalados, pelo nosso site ou pelos respetivos subdom\u00ednios, cookies t\u00e9cnicos e cookies de terceiros. Em qualquer caso, o&hellip;<\/p>\n","protected":false},"author":1,"featured_media":0,"parent":0,"menu_order":0,"comment_status":"closed","ping_status":"closed","template":"template-microsite.php","meta":{"footnotes":""},"class_list":["post-8968","page","type-page","status-publish","hentry","description-off"],"yoast_head":"<!-- This site is optimized with the Yoast SEO plugin v26.8 - https:\/\/yoast.com\/product\/yoast-seo-wordpress\/ -->\n<title>Cookie Policy - K-time<\/title>\n<meta name=\"robots\" content=\"noindex, nofollow\" \/>\n<meta property=\"og:locale\" content=\"pt_PT\" \/>\n<meta property=\"og:type\" content=\"article\" \/>\n<meta property=\"og:title\" content=\"Cookie Policy - K-time\" \/>\n<meta property=\"og:description\" content=\"[vc_row][vc_column][vc_column_text] Cookie Policy Informa\u00e7\u00f5es gerais, desativa\u00e7\u00e3o e gest\u00e3o de cookies Os cookies s\u00e3o dados enviados pelo Site e armazenados pelo navegador de internet no computador do utilizador ou noutro dispositivo (por exemplo, tablet ou telem\u00f3vel). Poder\u00e3o ser instalados, pelo nosso site ou pelos respetivos subdom\u00ednios, cookies t\u00e9cnicos e cookies de terceiros. Em qualquer caso, o&hellip;\" \/>\n<meta property=\"og:url\" content=\"https:\/\/k-time.it\/pt-pt\/cookie-policy\/\" \/>\n<meta property=\"og:site_name\" content=\"K-time\" \/>\n<meta property=\"article:modified_time\" content=\"2022-07-08T12:29:14+00:00\" \/>\n<meta name=\"twitter:card\" content=\"summary_large_image\" \/>\n<meta name=\"twitter:label1\" content=\"Tempo estimado de leitura\" \/>\n\t<meta name=\"twitter:data1\" content=\"4 minutos\" \/>\n<script type=\"application\/ld+json\" class=\"yoast-schema-graph\">{\"@context\":\"https:\/\/schema.org\",\"@graph\":[{\"@type\":\"WebPage\",\"@id\":\"https:\/\/k-time.it\/pt-pt\/cookie-policy\/\",\"url\":\"https:\/\/k-time.it\/pt-pt\/cookie-policy\/\",\"name\":\"Cookie Policy - K-time\",\"isPartOf\":{\"@id\":\"https:\/\/k-time.it\/en\/#website\"},\"datePublished\":\"2021-04-23T14:31:17+00:00\",\"dateModified\":\"2022-07-08T12:29:14+00:00\",\"breadcrumb\":{\"@id\":\"https:\/\/k-time.it\/pt-pt\/cookie-policy\/#breadcrumb\"},\"inLanguage\":\"pt-PT\",\"potentialAction\":[{\"@type\":\"ReadAction\",\"target\":[\"https:\/\/k-time.it\/pt-pt\/cookie-policy\/\"]}]},{\"@type\":\"BreadcrumbList\",\"@id\":\"https:\/\/k-time.it\/pt-pt\/cookie-policy\/#breadcrumb\",\"itemListElement\":[{\"@type\":\"ListItem\",\"position\":1,\"name\":\"Home\",\"item\":\"https:\/\/k-time.it\/pt-pt\/\"},{\"@type\":\"ListItem\",\"position\":2,\"name\":\"Cookie Policy\"}]},{\"@type\":\"WebSite\",\"@id\":\"https:\/\/k-time.it\/en\/#website\",\"url\":\"https:\/\/k-time.it\/en\/\",\"name\":\"K-time\",\"description\":\"Hair Spa Treatments\",\"publisher\":{\"@id\":\"https:\/\/k-time.it\/en\/#organization\"},\"potentialAction\":[{\"@type\":\"SearchAction\",\"target\":{\"@type\":\"EntryPoint\",\"urlTemplate\":\"https:\/\/k-time.it\/en\/?s={search_term_string}\"},\"query-input\":{\"@type\":\"PropertyValueSpecification\",\"valueRequired\":true,\"valueName\":\"search_term_string\"}}],\"inLanguage\":\"pt-PT\"},{\"@type\":\"Organization\",\"@id\":\"https:\/\/k-time.it\/en\/#organization\",\"name\":\"K-time\",\"url\":\"https:\/\/k-time.it\/en\/\",\"logo\":{\"@type\":\"ImageObject\",\"inLanguage\":\"pt-PT\",\"@id\":\"https:\/\/k-time.it\/en\/#\/schema\/logo\/image\/\",\"url\":\"\",\"contentUrl\":\"\",\"caption\":\"K-time\"},\"image\":{\"@id\":\"https:\/\/k-time.it\/en\/#\/schema\/logo\/image\/\"}}]}<\/script>\n<!-- \/ Yoast SEO plugin. -->","yoast_head_json":{"title":"Cookie Policy - K-time","robots":{"index":"noindex","follow":"nofollow"},"og_locale":"pt_PT","og_type":"article","og_title":"Cookie Policy - K-time","og_description":"[vc_row][vc_column][vc_column_text] Cookie Policy Informa\u00e7\u00f5es gerais, desativa\u00e7\u00e3o e gest\u00e3o de cookies Os cookies s\u00e3o dados enviados pelo Site e armazenados pelo navegador de internet no computador do utilizador ou noutro dispositivo (por exemplo, tablet ou telem\u00f3vel). Poder\u00e3o ser instalados, pelo nosso site ou pelos respetivos subdom\u00ednios, cookies t\u00e9cnicos e cookies de terceiros. Em qualquer caso, o&hellip;","og_url":"https:\/\/k-time.it\/pt-pt\/cookie-policy\/","og_site_name":"K-time","article_modified_time":"2022-07-08T12:29:14+00:00","twitter_card":"summary_large_image","twitter_misc":{"Tempo estimado de leitura":"4 minutos"},"schema":{"@context":"https:\/\/schema.org","@graph":[{"@type":"WebPage","@id":"https:\/\/k-time.it\/pt-pt\/cookie-policy\/","url":"https:\/\/k-time.it\/pt-pt\/cookie-policy\/","name":"Cookie Policy - K-time","isPartOf":{"@id":"https:\/\/k-time.it\/en\/#website"},"datePublished":"2021-04-23T14:31:17+00:00","dateModified":"2022-07-08T12:29:14+00:00","breadcrumb":{"@id":"https:\/\/k-time.it\/pt-pt\/cookie-policy\/#breadcrumb"},"inLanguage":"pt-PT","potentialAction":[{"@type":"ReadAction","target":["https:\/\/k-time.it\/pt-pt\/cookie-policy\/"]}]},{"@type":"BreadcrumbList","@id":"https:\/\/k-time.it\/pt-pt\/cookie-policy\/#breadcrumb","itemListElement":[{"@type":"ListItem","position":1,"name":"Home","item":"https:\/\/k-time.it\/pt-pt\/"},{"@type":"ListItem","position":2,"name":"Cookie Policy"}]},{"@type":"WebSite","@id":"https:\/\/k-time.it\/en\/#website","url":"https:\/\/k-time.it\/en\/","name":"K-time","description":"Hair Spa Treatments","publisher":{"@id":"https:\/\/k-time.it\/en\/#organization"},"potentialAction":[{"@type":"SearchAction","target":{"@type":"EntryPoint","urlTemplate":"https:\/\/k-time.it\/en\/?s={search_term_string}"},"query-input":{"@type":"PropertyValueSpecification","valueRequired":true,"valueName":"search_term_string"}}],"inLanguage":"pt-PT"},{"@type":"Organization","@id":"https:\/\/k-time.it\/en\/#organization","name":"K-time","url":"https:\/\/k-time.it\/en\/","logo":{"@type":"ImageObject","inLanguage":"pt-PT","@id":"https:\/\/k-time.it\/en\/#\/schema\/logo\/image\/","url":"","contentUrl":"","caption":"K-time"},"image":{"@id":"https:\/\/k-time.it\/en\/#\/schema\/logo\/image\/"}}]}},"_links":{"self":[{"href":"https:\/\/k-time.it\/pt-pt\/wp-json\/wp\/v2\/pages\/8968","targetHints":{"allow":["GET"]}}],"collection":[{"href":"https:\/\/k-time.it\/pt-pt\/wp-json\/wp\/v2\/pages"}],"about":[{"href":"https:\/\/k-time.it\/pt-pt\/wp-json\/wp\/v2\/types\/page"}],"author":[{"embeddable":true,"href":"https:\/\/k-time.it\/pt-pt\/wp-json\/wp\/v2\/users\/1"}],"replies":[{"embeddable":true,"href":"https:\/\/k-time.it\/pt-pt\/wp-json\/wp\/v2\/comments?post=8968"}],"version-history":[{"count":0,"href":"https:\/\/k-time.it\/pt-pt\/wp-json\/wp\/v2\/pages\/8968\/revisions"}],"wp:attachment":[{"href":"https:\/\/k-time.it\/pt-pt\/wp-json\/wp\/v2\/media?parent=8968"}],"curies":[{"name":"wp","href":"https:\/\/api.w.org\/{rel}","templated":true}]}}