{"id":24619,"date":"2024-06-07T12:51:03","date_gmt":"2024-06-07T10:51:10","guid":{"rendered":"https:\/\/k-time.it\/?post_type=product&#038;p=24619"},"modified":"2024-09-03T16:47:20","modified_gmt":"2024-09-03T14:47:20","slug":"cromya-maska-koloryzujaca","status":"publish","type":"product","link":"https:\/\/k-time.it\/pl\/products\/colouring\/cromya-maska-koloryzujaca\/","title":{"rendered":"Cromya | Maska koloryzuj\u0105ca"},"content":{"rendered":"<div class=\"wpb-content-wrapper\"><p>[vc_row disable_element=&#8221;yes&#8221;][vc_column]<div class=\"ult_exp_section_layer ult-adjust-bottom-margin  \" >\n\t\t<div id=\"uvc-exp-wrap-3396\" role=\"button\" tabindex=\"0\" aria-pressed=\"false\"  data-ultimate-target='#uvc-exp-wrap-3396'  data-responsive-json-new='{\"font-size\":\"desktop:16px;\",\"line-height\":\"desktop:20px;\"}'  class=\"ult_exp_section  ult-responsive \" style=\"color:#ffffff;background-color:#877650; font-weight:normal; padding-top:4px;padding-right:7px;padding-bottom:4px;padding-left:4px;text-align:center;\" data-textcolor=\"#ffffff\"data-texthover=\"#ffffff\"data-icncolor=\"#ffffff\"data-ihover=\"#ffffff\"data-height=\"0\"data-cntbg=\"#877650\"data-cnthvrbg=\"#877650\"data-headerbg=\"#877650\"data-headerhover=\"#877650\"data-title=\"Jak kupi\u0107\"data-newtitle=\"Zapytaj nas\"data-icon=\"icomoon-the7-font-icon-cart-detailed\"data-newicon=\"icomoon-the7-font-the7-mail-011\"data-activeicon=\"#ffffff\"data-effect=\"slideToggle\"data-override=\"0\"data-activetitle=\"#ffffff\"data-activebg=\"#877650\"data-img=\"\"data-newimg=\"\"><div class=\"ult_exp_section-main ult_expleft_icon\">\t<div class=\"ult-just-icon-wrapper ult_exp_icon\">\n\t\t\t\t\t<div class=\"align-icon \">\n\t\t\t\t\t\t\n<span class=\"aio-icon  none  ult_expsection_icon \"  style=\"color:#ffffff;font-size:20px;\">\n\t<i class=\"icomoon-the7-font-icon-cart-detailed ult_ex_icon\"  ><\/i>\n<\/span>\n\t\t\t\t\t<\/div>\n\t\t\t\t<\/div>\n\t\t\t\t<div class=\"ult_expheader\" >Jak kupi\u0107\n\t\t\t\t<\/div>\n\t\t\t<\/div>\n\t\t<\/div><div class=\"ult_exp_content \" style=\"background-color:#ffffff;  \"><div class=\"ult_ecpsub_cont\" style=\" \" >\n<div class=\"wpcf7 no-js\" id=\"wpcf7-f15156-o1\" lang=\"pl-PL\" dir=\"ltr\" data-wpcf7-id=\"15156\">\n<div class=\"screen-reader-response\"><p role=\"status\" aria-live=\"polite\" aria-atomic=\"true\"><\/p> <ul><\/ul><\/div>\n<form action=\"\/pl\/wp-json\/wp\/v2\/product\/24619#wpcf7-f15156-o1\" method=\"post\" class=\"wpcf7-form init\" aria-label=\"Formularz kontaktowy\" novalidate=\"novalidate\" data-status=\"init\">\n<fieldset class=\"hidden-fields-container\"><input type=\"hidden\" name=\"_wpcf7\" value=\"15156\" \/><input type=\"hidden\" name=\"_wpcf7_version\" value=\"6.1.4\" \/><input type=\"hidden\" name=\"_wpcf7_locale\" value=\"pl_PL\" \/><input type=\"hidden\" name=\"_wpcf7_unit_tag\" value=\"wpcf7-f15156-o1\" \/><input type=\"hidden\" name=\"_wpcf7_container_post\" value=\"0\" \/><input type=\"hidden\" name=\"_wpcf7_posted_data_hash\" value=\"\" \/><input type=\"hidden\" name=\"_wpcf7_recaptcha_response\" value=\"\" \/>\n<\/fieldset>\n<p>Imi\u0119\/Nazwisko*\n<\/p>\n<p><span class=\"wpcf7-form-control-wrap\" data-name=\"your-name\"><input size=\"40\" maxlength=\"400\" class=\"wpcf7-form-control wpcf7-text wpcf7-validates-as-required\" aria-required=\"true\" aria-invalid=\"false\" value=\"\" type=\"text\" name=\"your-name\" \/><\/span>\n<\/p>\n<p>Email*\n<\/p>\n<p><span class=\"wpcf7-form-control-wrap\" data-name=\"your-email\"><input size=\"40\" maxlength=\"400\" class=\"wpcf7-form-control wpcf7-email wpcf7-validates-as-required wpcf7-text wpcf7-validates-as-email\" aria-required=\"true\" aria-invalid=\"false\" value=\"\" type=\"email\" name=\"your-email\" \/><\/span>\n<\/p>\n<p>Pozycja*\n<\/p>\n<p><span class=\"wpcf7-form-control-wrap\" data-name=\"status\"><span class=\"wpcf7-form-control wpcf7-checkbox wpcf7-validates-as-required wpcf7-exclusive-checkbox\"><span class=\"wpcf7-list-item first\"><span class=\"wpcf7-list-item-label\">Specjalista<\/span><input type=\"checkbox\" name=\"status\" value=\"Specjalista\" \/><\/span><span class=\"wpcf7-list-item\"><span class=\"wpcf7-list-item-label\">Dystrybutor<\/span><input type=\"checkbox\" name=\"status\" value=\"Dystrybutor\" \/><\/span><span class=\"wpcf7-list-item last\"><span class=\"wpcf7-list-item-label\">Innych<\/span><input type=\"checkbox\" name=\"status\" value=\"Innych\" \/><\/span><\/span><\/span>\n<\/p>\n<p>Kraj*\n<\/p>\n<p><span class=\"wpcf7-form-control-wrap\" data-name=\"country\"><input size=\"40\" maxlength=\"400\" class=\"wpcf7-form-control wpcf7-text wpcf7-validates-as-required\" aria-required=\"true\" aria-invalid=\"false\" value=\"\" type=\"text\" name=\"country\" \/><\/span>\n<\/p>\n<p>Tre\u015b\u0107 wiadomo\u015bci*\n<\/p>\n<p><span class=\"wpcf7-form-control-wrap\" data-name=\"your-message\"><textarea cols=\"40\" rows=\"10\" maxlength=\"2000\" class=\"wpcf7-form-control wpcf7-textarea wpcf7-validates-as-required\" aria-required=\"true\" aria-invalid=\"false\" name=\"your-message\"><\/textarea><\/span>\n<\/p>\n<p><span class=\"wpcf7-form-control-wrap\" data-name=\"acceptance-20\"><span class=\"wpcf7-form-control wpcf7-acceptance\"><span class=\"wpcf7-list-item\"><input type=\"checkbox\" name=\"acceptance-20\" value=\"1\" aria-invalid=\"false\" \/><\/span><\/span><\/span> I express my informed, specific and unconditional consent for the company Comprof Milano Srl to proceed with the processing of my personal data to process the requests for information transmitted, as better described in the <a href=\"https:\/\/k-time.it\/pl\/privacy-policy\/\" target=\"_blank\" rel=\"noopener\">Privacy Policy<\/a>*\n<\/p>\n<p><small>Ta witryna jest chroniona przez <a href=\"https:\/\/policies.google.com\/privacy\"> Polityk\u0119 prywatno\u015bci <\/a> Google reCAPTCHA i <a href=\"https:\/\/policies.google.com\/terms\"> Warunki korzystania z us\u0142ugi<\/a><\/small>\n<\/p>\n<p><input class=\"wpcf7-form-control wpcf7-submit has-spinner\" type=\"submit\" value=\"Wy\u015blij\" \/>\n<\/p><div class=\"wpcf7-response-output\" aria-hidden=\"true\"><\/div>\n<\/form>\n<\/div>\n<\/div><\/div>\n\n\t\t\t<\/div>[\/vc_column][\/vc_row][vc_row][vc_column width=&#8221;1\/2&#8243;]<div class=\"standard-arrow list-divider bullet-top\"><h2>Formu\u0142a<\/h2>\n<ul>\n<li><strong>Ekstrakt z D\u0119bu <\/strong>o w\u0142a\u015bciwo\u015bciach <strong>antyoksydacyjnych<\/strong> i <strong>r\u00f3wnowa\u017c\u0105cych<\/strong> zapewnia l\u015bni\u0105cy i energetyczny efekt.<\/li>\n<\/ul>\n<\/div><div class=\"standard-arrow list-divider bullet-top\"><h2>Korzy\u015bci<\/h2>\n<ul>\n<li>Nadaje <strong>w\u0142osom naturalny, l\u015bni\u0105cy efekt<\/strong>, eliminuj\u0105c jednocze\u015bnie nieestetyczne \u017c\u00f3\u0142te refleksy na blond w\u0142osach.<\/li>\n<li>Przed\u0142u\u017ca i <strong>o\u017cywia kolor w\u0142os\u00f3w farbowanych<\/strong> mi\u0119dzy us\u0142ugami, koryguj\u0105c wszelkie niepo\u017c\u0105dane efekty i tworz\u0105c intensywne zmywalne pasemka.<\/li>\n<li>Maskuje <strong>pierwsze siwe w\u0142osy<\/strong><\/li>\n<li>Nawil\u017ca w\u0142osy <strong>bez ich obci\u0105\u017cania<\/strong><\/li>\n<li>Czas trwania <strong>efektu do 4-6 my\u0107 szamponem<\/strong>.<\/li>\n<\/ul>\n<\/div>[\/vc_column][vc_column width=&#8221;1\/2&#8243;][vc_column_text css=&#8221;&#8221;]<\/p>\n<h2>Stosowanie<\/h2>\n<p>Za\u0142o\u017cy\u0107 r\u0119kawiczki i <strong>rozprowadzi\u0107 mask\u0119 na d\u0142ugo\u015bciach,<\/strong> po uprzednim umyciu i <strong>osuszeniu r\u0119cznikiem w\u0142os\u00f3w<\/strong>.<\/p>\n<p>Pozostawi\u0107 na <strong>5 do 20 minut <\/strong>w zale\u017cno\u015bci od intensywno\u015bci po\u017c\u0105danego efektu.<\/p>\n<p>Dok\u0142adnie <strong>sp\u0142uka\u0107<\/strong>.<\/p>\n<p>&nbsp;<\/p>\n<p><strong>Wymieszaj odcienie<\/strong>, aby uzyska\u0107 unikalny <strong>efekt<\/strong>:<\/p>\n<ul>\n<li><strong>Hot Caramel<\/strong>: 1g Spicy Copper + 5g Melted Cocoa<\/li>\n<li><strong>Metallic Silver<\/strong> (zalecany do w\u0142os\u00f3w po dekoloryzacji): 10g Space Silver + 1g Black Onyx<\/li>\n<li><strong>Honey Blondie<\/strong>: 5g Real Blondie + 10g Space Silver<\/li>\n<li><strong>Sand Blondie<\/strong>: 5g Space Silver + 10g Real Blondie<\/li>\n<li><strong>Light Cherry<\/strong>: 10g Melted Cocoa + 3g Deep Red<\/li>\n<\/ul>\n<p>[\/vc_column_text][\/vc_column][\/vc_row][vc_row css=&#8221;.vc_custom_1595317695114{padding-top: 50px !important;}&#8221;][vc_column]<div class=\"dt-fancy-separator h2-size style-thick\" style=\"width: 100%;\"><div class=\"dt-fancy-title\" style=\"color: #333333;\"><span class=\"separator-holder separator-left\" style=\"border-color: #f0f0f0;\"><\/span>Produkty powi\u0105zane<span class=\"separator-holder separator-right\" style=\"border-color: #f0f0f0;\"><\/span><\/div><\/div>[vc_raw_html]JTVCd3BiLXByb2R1Y3Qtc2xpZGVyLXNob3J0Y29kZSUyMGlkJTNEJTIyNzY5JTIyJTVE[\/vc_raw_html][\/vc_column][\/vc_row]<\/p>\n<\/div>","protected":false},"excerpt":{"rendered":"<div class=\"woocommerce-product-details__short-description\">\n<p><strong>Maska koloryzuj\u0105ca Cromya<\/strong> podkre\u015bla i <strong>o\u017cywia kolor<\/strong> naturalnych i farbowanych w\u0142os\u00f3w. Sprawia, \u017ce w\u0142osy s\u0105 <strong>od\u017cywione i nie obci\u0105\u017ca ich<\/strong>, dzi\u0119ki formule na bazie <strong>Ekstraktu z D\u0119bu<\/strong> o <strong>w\u0142a\u015bciwo\u015bciach przeciwutleniaj\u0105cych i r\u00f3wnowa\u017c\u0105cych<\/strong>.<\/p>\n<p>Opakowanie 200 ml<\/p>\n<p>7 odcieni<\/p>\n<\/div>\n<p>&nbsp;<\/p>\n<p>[vc_row][vc_column][ultimate_exp_section title=\"Jak kupi\u0107\" new_title=\"Zapytaj nas\" text_color=\"#ffffff\" background_color=\"#877650\" text_hovercolor=\"#ffffff\" bghovercolor=\"#877650\" title_active=\"#ffffff\" title_active_bg=\"#877650\" cnt_bg_color=\"#ffffff\" icon=\"icomoon-the7-font-icon-cart-detailed\" new_icon=\"icomoon-the7-font-the7-mail-011\" icon_align=\"left\" icon_size=\"20\" icon_color=\"#ffffff\" icon_hover_color=\"#ffffff\" icon_active_color=\"#ffffff\" title_font_size=\"desktop:16px;\" title_padding=\"padding-top:4px;padding-right:7px;padding-bottom:4px;padding-left:4px;\" icon_margin=\"margin-right:1px;\"][contact-form-7 id=\"496\"][\/ultimate_exp_section][\/vc_column][\/vc_row]<\/p>\n","protected":false},"featured_media":25542,"template":"","meta":[],"product_brand":[],"product_cat":[1482],"product_tag":[],"class_list":{"0":"post-24619","1":"product","2":"type-product","3":"status-publish","4":"has-post-thumbnail","6":"product_cat-colouring","7":"description-off","9":"first","10":"instock","11":"shipping-taxable","12":"purchasable","13":"product-type-variable"},"yoast_head":"<!-- This site is optimized with the Yoast SEO plugin v26.8 - https:\/\/yoast.com\/product\/yoast-seo-wordpress\/ -->\n<title>Cromya | Maska koloryzuj\u0105ca<\/title>\n<meta name=\"description\" content=\"Maska koloryzuj\u0105ca Cromya podkre\u015bla i o\u017cywia kolor naturalnych i farbowanych w\u0142os\u00f3w. Sprawia, \u017ce w\u0142osy s\u0105 od\u017cywione i nie obci\u0105\u017ca ich.\" \/>\n<meta name=\"robots\" content=\"index, follow, max-snippet:-1, max-image-preview:large, max-video-preview:-1\" \/>\n<link rel=\"canonical\" href=\"https:\/\/k-time.it\/pl\/products\/colouring\/cromya-maska-koloryzujaca\/\" \/>\n<meta property=\"og:locale\" content=\"pl_PL\" \/>\n<meta property=\"og:type\" content=\"article\" \/>\n<meta property=\"og:title\" content=\"Cromya | Maska koloryzuj\u0105ca\" \/>\n<meta property=\"og:description\" content=\"Maska koloryzuj\u0105ca Cromya podkre\u015bla i o\u017cywia kolor naturalnych i farbowanych w\u0142os\u00f3w. Sprawia, \u017ce w\u0142osy s\u0105 od\u017cywione i nie obci\u0105\u017ca ich.\" \/>\n<meta property=\"og:url\" content=\"https:\/\/k-time.it\/pl\/products\/colouring\/cromya-maska-koloryzujaca\/\" \/>\n<meta property=\"og:site_name\" content=\"K-time\" \/>\n<meta property=\"article:modified_time\" content=\"2024-09-03T14:47:20+00:00\" \/>\n<meta property=\"og:image\" content=\"https:\/\/k-time.it\/wp-content\/uploads\/2024\/06\/20625_k-time_cromya_melted_black_onyx-2.png\" \/>\n\t<meta property=\"og:image:width\" content=\"800\" \/>\n\t<meta property=\"og:image:height\" content=\"800\" \/>\n\t<meta property=\"og:image:type\" content=\"image\/png\" \/>\n<meta name=\"twitter:card\" content=\"summary_large_image\" \/>\n<meta name=\"twitter:label1\" content=\"Szacowany czas czytania\" \/>\n\t<meta name=\"twitter:data1\" content=\"2 minuty\" \/>\n<script type=\"application\/ld+json\" class=\"yoast-schema-graph\">{\"@context\":\"https:\/\/schema.org\",\"@graph\":[{\"@type\":\"WebPage\",\"@id\":\"https:\/\/k-time.it\/pl\/products\/colouring\/cromya-maska-koloryzujaca\/\",\"url\":\"https:\/\/k-time.it\/pl\/products\/colouring\/cromya-maska-koloryzujaca\/\",\"name\":\"Cromya | Maska koloryzuj\u0105ca\",\"isPartOf\":{\"@id\":\"https:\/\/k-time.it\/en\/#website\"},\"primaryImageOfPage\":{\"@id\":\"https:\/\/k-time.it\/pl\/products\/colouring\/cromya-maska-koloryzujaca\/#primaryimage\"},\"image\":{\"@id\":\"https:\/\/k-time.it\/pl\/products\/colouring\/cromya-maska-koloryzujaca\/#primaryimage\"},\"thumbnailUrl\":\"https:\/\/k-time.it\/wp-content\/uploads\/2024\/06\/20625_k-time_cromya_melted_black_onyx-2.png\",\"datePublished\":\"2024-06-07T10:51:10+00:00\",\"dateModified\":\"2024-09-03T14:47:20+00:00\",\"description\":\"Maska koloryzuj\u0105ca Cromya podkre\u015bla i o\u017cywia kolor naturalnych i farbowanych w\u0142os\u00f3w. Sprawia, \u017ce w\u0142osy s\u0105 od\u017cywione i nie obci\u0105\u017ca ich.\",\"breadcrumb\":{\"@id\":\"https:\/\/k-time.it\/pl\/products\/colouring\/cromya-maska-koloryzujaca\/#breadcrumb\"},\"inLanguage\":\"pl-PL\",\"potentialAction\":[{\"@type\":\"ReadAction\",\"target\":[\"https:\/\/k-time.it\/pl\/products\/colouring\/cromya-maska-koloryzujaca\/\"]}]},{\"@type\":\"ImageObject\",\"inLanguage\":\"pl-PL\",\"@id\":\"https:\/\/k-time.it\/pl\/products\/colouring\/cromya-maska-koloryzujaca\/#primaryimage\",\"url\":\"https:\/\/k-time.it\/wp-content\/uploads\/2024\/06\/20625_k-time_cromya_melted_black_onyx-2.png\",\"contentUrl\":\"https:\/\/k-time.it\/wp-content\/uploads\/2024\/06\/20625_k-time_cromya_melted_black_onyx-2.png\",\"width\":800,\"height\":800},{\"@type\":\"BreadcrumbList\",\"@id\":\"https:\/\/k-time.it\/pl\/products\/colouring\/cromya-maska-koloryzujaca\/#breadcrumb\",\"itemListElement\":[{\"@type\":\"ListItem\",\"position\":1,\"name\":\"Home\",\"item\":\"https:\/\/k-time.it\/pl\/\"},{\"@type\":\"ListItem\",\"position\":2,\"name\":\"Shop\",\"item\":\"https:\/\/k-time.it\/en\/negozio\/\"},{\"@type\":\"ListItem\",\"position\":3,\"name\":\"Cromya | Maska koloryzuj\u0105ca\"}]},{\"@type\":\"WebSite\",\"@id\":\"https:\/\/k-time.it\/en\/#website\",\"url\":\"https:\/\/k-time.it\/en\/\",\"name\":\"K-time\",\"description\":\"Hair Spa Treatments\",\"publisher\":{\"@id\":\"https:\/\/k-time.it\/en\/#organization\"},\"potentialAction\":[{\"@type\":\"SearchAction\",\"target\":{\"@type\":\"EntryPoint\",\"urlTemplate\":\"https:\/\/k-time.it\/en\/?s={search_term_string}\"},\"query-input\":{\"@type\":\"PropertyValueSpecification\",\"valueRequired\":true,\"valueName\":\"search_term_string\"}}],\"inLanguage\":\"pl-PL\"},{\"@type\":\"Organization\",\"@id\":\"https:\/\/k-time.it\/en\/#organization\",\"name\":\"K-time\",\"url\":\"https:\/\/k-time.it\/en\/\",\"logo\":{\"@type\":\"ImageObject\",\"inLanguage\":\"pl-PL\",\"@id\":\"https:\/\/k-time.it\/en\/#\/schema\/logo\/image\/\",\"url\":\"\",\"contentUrl\":\"\",\"caption\":\"K-time\"},\"image\":{\"@id\":\"https:\/\/k-time.it\/en\/#\/schema\/logo\/image\/\"}}]}<\/script>\n<!-- \/ Yoast SEO plugin. -->","yoast_head_json":{"title":"Cromya | Maska koloryzuj\u0105ca","description":"Maska koloryzuj\u0105ca Cromya podkre\u015bla i o\u017cywia kolor naturalnych i farbowanych w\u0142os\u00f3w. Sprawia, \u017ce w\u0142osy s\u0105 od\u017cywione i nie obci\u0105\u017ca ich.","robots":{"index":"index","follow":"follow","max-snippet":"max-snippet:-1","max-image-preview":"max-image-preview:large","max-video-preview":"max-video-preview:-1"},"canonical":"https:\/\/k-time.it\/pl\/products\/colouring\/cromya-maska-koloryzujaca\/","og_locale":"pl_PL","og_type":"article","og_title":"Cromya | Maska koloryzuj\u0105ca","og_description":"Maska koloryzuj\u0105ca Cromya podkre\u015bla i o\u017cywia kolor naturalnych i farbowanych w\u0142os\u00f3w. Sprawia, \u017ce w\u0142osy s\u0105 od\u017cywione i nie obci\u0105\u017ca ich.","og_url":"https:\/\/k-time.it\/pl\/products\/colouring\/cromya-maska-koloryzujaca\/","og_site_name":"K-time","article_modified_time":"2024-09-03T14:47:20+00:00","og_image":[{"width":800,"height":800,"url":"https:\/\/k-time.it\/wp-content\/uploads\/2024\/06\/20625_k-time_cromya_melted_black_onyx-2.png","type":"image\/png"}],"twitter_card":"summary_large_image","twitter_misc":{"Szacowany czas czytania":"2 minuty"},"schema":{"@context":"https:\/\/schema.org","@graph":[{"@type":"WebPage","@id":"https:\/\/k-time.it\/pl\/products\/colouring\/cromya-maska-koloryzujaca\/","url":"https:\/\/k-time.it\/pl\/products\/colouring\/cromya-maska-koloryzujaca\/","name":"Cromya | Maska koloryzuj\u0105ca","isPartOf":{"@id":"https:\/\/k-time.it\/en\/#website"},"primaryImageOfPage":{"@id":"https:\/\/k-time.it\/pl\/products\/colouring\/cromya-maska-koloryzujaca\/#primaryimage"},"image":{"@id":"https:\/\/k-time.it\/pl\/products\/colouring\/cromya-maska-koloryzujaca\/#primaryimage"},"thumbnailUrl":"https:\/\/k-time.it\/wp-content\/uploads\/2024\/06\/20625_k-time_cromya_melted_black_onyx-2.png","datePublished":"2024-06-07T10:51:10+00:00","dateModified":"2024-09-03T14:47:20+00:00","description":"Maska koloryzuj\u0105ca Cromya podkre\u015bla i o\u017cywia kolor naturalnych i farbowanych w\u0142os\u00f3w. Sprawia, \u017ce w\u0142osy s\u0105 od\u017cywione i nie obci\u0105\u017ca ich.","breadcrumb":{"@id":"https:\/\/k-time.it\/pl\/products\/colouring\/cromya-maska-koloryzujaca\/#breadcrumb"},"inLanguage":"pl-PL","potentialAction":[{"@type":"ReadAction","target":["https:\/\/k-time.it\/pl\/products\/colouring\/cromya-maska-koloryzujaca\/"]}]},{"@type":"ImageObject","inLanguage":"pl-PL","@id":"https:\/\/k-time.it\/pl\/products\/colouring\/cromya-maska-koloryzujaca\/#primaryimage","url":"https:\/\/k-time.it\/wp-content\/uploads\/2024\/06\/20625_k-time_cromya_melted_black_onyx-2.png","contentUrl":"https:\/\/k-time.it\/wp-content\/uploads\/2024\/06\/20625_k-time_cromya_melted_black_onyx-2.png","width":800,"height":800},{"@type":"BreadcrumbList","@id":"https:\/\/k-time.it\/pl\/products\/colouring\/cromya-maska-koloryzujaca\/#breadcrumb","itemListElement":[{"@type":"ListItem","position":1,"name":"Home","item":"https:\/\/k-time.it\/pl\/"},{"@type":"ListItem","position":2,"name":"Shop","item":"https:\/\/k-time.it\/en\/negozio\/"},{"@type":"ListItem","position":3,"name":"Cromya | Maska koloryzuj\u0105ca"}]},{"@type":"WebSite","@id":"https:\/\/k-time.it\/en\/#website","url":"https:\/\/k-time.it\/en\/","name":"K-time","description":"Hair Spa Treatments","publisher":{"@id":"https:\/\/k-time.it\/en\/#organization"},"potentialAction":[{"@type":"SearchAction","target":{"@type":"EntryPoint","urlTemplate":"https:\/\/k-time.it\/en\/?s={search_term_string}"},"query-input":{"@type":"PropertyValueSpecification","valueRequired":true,"valueName":"search_term_string"}}],"inLanguage":"pl-PL"},{"@type":"Organization","@id":"https:\/\/k-time.it\/en\/#organization","name":"K-time","url":"https:\/\/k-time.it\/en\/","logo":{"@type":"ImageObject","inLanguage":"pl-PL","@id":"https:\/\/k-time.it\/en\/#\/schema\/logo\/image\/","url":"","contentUrl":"","caption":"K-time"},"image":{"@id":"https:\/\/k-time.it\/en\/#\/schema\/logo\/image\/"}}]}},"_links":{"self":[{"href":"https:\/\/k-time.it\/pl\/wp-json\/wp\/v2\/product\/24619","targetHints":{"allow":["GET"]}}],"collection":[{"href":"https:\/\/k-time.it\/pl\/wp-json\/wp\/v2\/product"}],"about":[{"href":"https:\/\/k-time.it\/pl\/wp-json\/wp\/v2\/types\/product"}],"wp:featuredmedia":[{"embeddable":true,"href":"https:\/\/k-time.it\/pl\/wp-json\/wp\/v2\/media\/25542"}],"wp:attachment":[{"href":"https:\/\/k-time.it\/pl\/wp-json\/wp\/v2\/media?parent=24619"}],"wp:term":[{"taxonomy":"product_brand","embeddable":true,"href":"https:\/\/k-time.it\/pl\/wp-json\/wp\/v2\/product_brand?post=24619"},{"taxonomy":"product_cat","embeddable":true,"href":"https:\/\/k-time.it\/pl\/wp-json\/wp\/v2\/product_cat?post=24619"},{"taxonomy":"product_tag","embeddable":true,"href":"https:\/\/k-time.it\/pl\/wp-json\/wp\/v2\/product_tag?post=24619"}],"curies":[{"name":"wp","href":"https:\/\/api.w.org\/{rel}","templated":true}]}}