{"id":24170,"date":"2024-04-10T09:01:20","date_gmt":"2024-04-10T07:01:21","guid":{"rendered":"https:\/\/k-time.it\/?post_type=product&#038;p=24170"},"modified":"2024-04-10T09:50:53","modified_gmt":"2024-04-10T07:50:53","slug":"sekret-wielofunkcyjna-maska-w-sprayu-10-w-1-edycja-limitowana","status":"publish","type":"product","link":"https:\/\/k-time.it\/pl\/products\/treatments\/secret\/sekret-wielofunkcyjna-maska-w-sprayu-10-w-1-edycja-limitowana\/","title":{"rendered":"Secret | Wielofunkcyjna maska w sprayu 10 w 1 \u2013 edycja limitowana"},"content":{"rendered":"<div class=\"wpb-content-wrapper\"><p>[vc_row][vc_column width=&#8221;1\/2&#8243;]<div class=\"standard-arrow list-divider bullet-top\"><h2>Zalety<\/h2>\n<ul>\n<li>Rozmiar podr\u00f3\u017cny, kompaktowy i kieszonkowy idealny na Twoje wakacje<\/li>\n<li>Ten sam zapach i wysoce skuteczna formu\u0142a<\/li>\n<li>Nowy szykowny i ekskluzywny design<\/li>\n<li>Modna saszetka w letnim stylu<\/li>\n<li><\/li>\n<\/ul>\n<\/div>[\/vc_column][vc_column width=&#8221;1\/2&#8243;]<div class=\"standard-number-list list-divider bullet-top\"><h2>Korzy\u015bci<\/h2>\n<div id=\"tab-benefici\" role=\"tabpanel\" aria-labelledby=\"tab-title-benefici\">\n<ol>\n<li>Regeneruj\u0105ca<\/li>\n<li>Redukcja k\u0119dzierzawo\u015bci<\/li>\n<li>Ochrona przed ciep\u0142em<\/li>\n<li>Niesamowicie mi\u0119kkie w\u0142osy<\/li>\n<li>Filtry \u201ezachowuj\u0105ce kolor\u201d.<\/li>\n<li>Szybka stylizacja<\/li>\n<li>Maksymalne utrwalenie fryzury<\/li>\n<li>Dzia\u0142anie rozpl\u0105tuj\u0105ce<\/li>\n<li>Zatrzymanie rozdwojonych ko\u0144c\u00f3wek<\/li>\n<li>Nadaje w\u0142osom puszysto\u015b\u0107 i grubo\u015b\u0107<\/li>\n<\/ol>\n<\/div>\n<\/div>[\/vc_column][\/vc_row]<\/p>\n<\/div>","protected":false},"excerpt":{"rendered":"<div class=\"woocommerce-product-details__short-description\">\n<p style=\"margin: 0cm; background: white;\"><span style=\"font-family: 'Calibri',sans-serif; color: #4c4c4c;\">Wielofunkcyjna<strong><span style=\"font-family: 'Calibri',sans-serif;\"> intensywna maska w sprayu<\/span><\/strong> to kuracja bez sp\u0142ukiwania, kt\u00f3ra zaspokaja najcz\u0119stsze wymagania ka\u017cdego rodzaju w\u0142os\u00f3w.<\/span><\/p>\n<p style=\"margin: 0cm; background: white;\"><span style=\"font-family: 'Calibri',sans-serif; color: #4c4c4c;\">\u00a0<\/span><\/p>\n<p style=\"margin: 0cm; background: white;\"><span style=\"font-family: 'Calibri',sans-serif; color: #4c4c4c;\">Oferuje <b>10 unikalnych akcji<\/b>, wykonuj\u0105cdzia \u0142anie <strong><span style=\"font-family: 'Calibri',sans-serif;\">rozpl\u0105tuj\u0105ce, redukuj\u0105c rozdwajaj\u0105ce si\u0119 ko\u0144c\u00f3wki<\/span><\/strong> i efekt <strong><span style=\"font-family: 'Calibri',sans-serif;\">k\u0119dzierzawy oraz chroni\u0105c od ciep\u0142a.<\/span><\/strong>W\u0142osy s\u0105<strong><span style=\"font-family: 'Calibri',sans-serif;\"> zregenerowane, mi\u0119kkie i puszyste<\/span><\/strong><\/span><\/p>\n<p style=\"margin: 0cm; background: white;\"><span style=\"font-family: 'Calibri',sans-serif; color: #4c4c4c;\">\u00a0<\/span><\/p>\n<p style=\"margin: 0cm; background: white;\"><span style=\"font-family: 'Calibri',sans-serif; color: #4c4c4c;\">Pojemno\u015b\u0107 100 ml<\/span><\/p>\n<\/div>\n","protected":false},"featured_media":24161,"template":"","meta":[],"product_brand":[],"product_cat":[2084],"product_tag":[],"class_list":{"0":"post-24170","1":"product","2":"type-product","3":"status-publish","4":"has-post-thumbnail","6":"product_cat-secret","7":"description-off","9":"first","10":"instock","11":"shipping-taxable","12":"product-type-simple"},"yoast_head":"<!-- This site is optimized with the Yoast SEO plugin v26.8 - https:\/\/yoast.com\/product\/yoast-seo-wordpress\/ -->\n<title>Secret | Wielofunkcyjna maska w sprayu 10 w 1 \u2013 edycja limitowana - K-time<\/title>\n<meta name=\"description\" content=\"Maska w sprayu o kompleksowym dzia\u0142aniu z serii Secret bez sp\u0142ukiwania zapewniaj\u0105ca 10 dobroczynnych efekt\u00f3w W jednym niesamowitym produkcie zawarli\u015bmy kompletn\u0105 piel\u0119gnacj\u0119 spe\u0142niaj\u0105c\u0105 najcz\u0119stsze potrzeby wszystkich rodzaj\u00f3w w\u0142os\u00f3w.\" \/>\n<meta name=\"robots\" content=\"index, follow, max-snippet:-1, max-image-preview:large, max-video-preview:-1\" \/>\n<link rel=\"canonical\" href=\"https:\/\/k-time.it\/pl\/products\/treatments\/secret\/sekret-wielofunkcyjna-maska-w-sprayu-10-w-1-edycja-limitowana\/\" \/>\n<meta property=\"og:locale\" content=\"pl_PL\" \/>\n<meta property=\"og:type\" content=\"article\" \/>\n<meta property=\"og:title\" content=\"Secret | Wielofunkcyjna maska w sprayu 10 w 1 \u2013 edycja limitowana - K-time\" \/>\n<meta property=\"og:description\" content=\"Maska w sprayu o kompleksowym dzia\u0142aniu z serii Secret bez sp\u0142ukiwania zapewniaj\u0105ca 10 dobroczynnych efekt\u00f3w W jednym niesamowitym produkcie zawarli\u015bmy kompletn\u0105 piel\u0119gnacj\u0119 spe\u0142niaj\u0105c\u0105 najcz\u0119stsze potrzeby wszystkich rodzaj\u00f3w w\u0142os\u00f3w.\" \/>\n<meta property=\"og:url\" content=\"https:\/\/k-time.it\/pl\/products\/treatments\/secret\/sekret-wielofunkcyjna-maska-w-sprayu-10-w-1-edycja-limitowana\/\" \/>\n<meta property=\"og:site_name\" content=\"K-time\" \/>\n<meta property=\"article:modified_time\" content=\"2024-04-10T07:50:53+00:00\" \/>\n<meta property=\"og:image\" content=\"https:\/\/k-time.it\/wp-content\/uploads\/2024\/04\/25118_k-time_secret_spray_limited_edition_100ml.png\" \/>\n\t<meta property=\"og:image:width\" content=\"800\" \/>\n\t<meta property=\"og:image:height\" content=\"800\" \/>\n\t<meta property=\"og:image:type\" content=\"image\/png\" \/>\n<meta name=\"twitter:card\" content=\"summary_large_image\" \/>\n<meta name=\"twitter:label1\" content=\"Szacowany czas czytania\" \/>\n\t<meta name=\"twitter:data1\" content=\"1 minuta\" \/>\n<script type=\"application\/ld+json\" class=\"yoast-schema-graph\">{\"@context\":\"https:\/\/schema.org\",\"@graph\":[{\"@type\":\"WebPage\",\"@id\":\"https:\/\/k-time.it\/pl\/products\/treatments\/secret\/sekret-wielofunkcyjna-maska-w-sprayu-10-w-1-edycja-limitowana\/\",\"url\":\"https:\/\/k-time.it\/pl\/products\/treatments\/secret\/sekret-wielofunkcyjna-maska-w-sprayu-10-w-1-edycja-limitowana\/\",\"name\":\"Secret | Wielofunkcyjna maska w sprayu 10 w 1 \u2013 edycja limitowana - K-time\",\"isPartOf\":{\"@id\":\"https:\/\/k-time.it\/en\/#website\"},\"primaryImageOfPage\":{\"@id\":\"https:\/\/k-time.it\/pl\/products\/treatments\/secret\/sekret-wielofunkcyjna-maska-w-sprayu-10-w-1-edycja-limitowana\/#primaryimage\"},\"image\":{\"@id\":\"https:\/\/k-time.it\/pl\/products\/treatments\/secret\/sekret-wielofunkcyjna-maska-w-sprayu-10-w-1-edycja-limitowana\/#primaryimage\"},\"thumbnailUrl\":\"https:\/\/k-time.it\/wp-content\/uploads\/2024\/04\/25118_k-time_secret_spray_limited_edition_100ml.png\",\"datePublished\":\"2024-04-10T07:01:21+00:00\",\"dateModified\":\"2024-04-10T07:50:53+00:00\",\"description\":\"Maska w sprayu o kompleksowym dzia\u0142aniu z serii Secret bez sp\u0142ukiwania zapewniaj\u0105ca 10 dobroczynnych efekt\u00f3w W jednym niesamowitym produkcie zawarli\u015bmy kompletn\u0105 piel\u0119gnacj\u0119 spe\u0142niaj\u0105c\u0105 najcz\u0119stsze potrzeby wszystkich rodzaj\u00f3w w\u0142os\u00f3w.\",\"breadcrumb\":{\"@id\":\"https:\/\/k-time.it\/pl\/products\/treatments\/secret\/sekret-wielofunkcyjna-maska-w-sprayu-10-w-1-edycja-limitowana\/#breadcrumb\"},\"inLanguage\":\"pl-PL\",\"potentialAction\":[{\"@type\":\"ReadAction\",\"target\":[\"https:\/\/k-time.it\/pl\/products\/treatments\/secret\/sekret-wielofunkcyjna-maska-w-sprayu-10-w-1-edycja-limitowana\/\"]}]},{\"@type\":\"ImageObject\",\"inLanguage\":\"pl-PL\",\"@id\":\"https:\/\/k-time.it\/pl\/products\/treatments\/secret\/sekret-wielofunkcyjna-maska-w-sprayu-10-w-1-edycja-limitowana\/#primaryimage\",\"url\":\"https:\/\/k-time.it\/wp-content\/uploads\/2024\/04\/25118_k-time_secret_spray_limited_edition_100ml.png\",\"contentUrl\":\"https:\/\/k-time.it\/wp-content\/uploads\/2024\/04\/25118_k-time_secret_spray_limited_edition_100ml.png\",\"width\":800,\"height\":800},{\"@type\":\"BreadcrumbList\",\"@id\":\"https:\/\/k-time.it\/pl\/products\/treatments\/secret\/sekret-wielofunkcyjna-maska-w-sprayu-10-w-1-edycja-limitowana\/#breadcrumb\",\"itemListElement\":[{\"@type\":\"ListItem\",\"position\":1,\"name\":\"Home\",\"item\":\"https:\/\/k-time.it\/pl\/\"},{\"@type\":\"ListItem\",\"position\":2,\"name\":\"Shop\",\"item\":\"https:\/\/k-time.it\/en\/negozio\/\"},{\"@type\":\"ListItem\",\"position\":3,\"name\":\"Secret | Wielofunkcyjna maska w sprayu 10 w 1 \u2013 edycja limitowana\"}]},{\"@type\":\"WebSite\",\"@id\":\"https:\/\/k-time.it\/en\/#website\",\"url\":\"https:\/\/k-time.it\/en\/\",\"name\":\"K-time\",\"description\":\"Hair Spa Treatments\",\"publisher\":{\"@id\":\"https:\/\/k-time.it\/en\/#organization\"},\"potentialAction\":[{\"@type\":\"SearchAction\",\"target\":{\"@type\":\"EntryPoint\",\"urlTemplate\":\"https:\/\/k-time.it\/en\/?s={search_term_string}\"},\"query-input\":{\"@type\":\"PropertyValueSpecification\",\"valueRequired\":true,\"valueName\":\"search_term_string\"}}],\"inLanguage\":\"pl-PL\"},{\"@type\":\"Organization\",\"@id\":\"https:\/\/k-time.it\/en\/#organization\",\"name\":\"K-time\",\"url\":\"https:\/\/k-time.it\/en\/\",\"logo\":{\"@type\":\"ImageObject\",\"inLanguage\":\"pl-PL\",\"@id\":\"https:\/\/k-time.it\/en\/#\/schema\/logo\/image\/\",\"url\":\"\",\"contentUrl\":\"\",\"caption\":\"K-time\"},\"image\":{\"@id\":\"https:\/\/k-time.it\/en\/#\/schema\/logo\/image\/\"}}]}<\/script>\n<!-- \/ Yoast SEO plugin. -->","yoast_head_json":{"title":"Secret | Wielofunkcyjna maska w sprayu 10 w 1 \u2013 edycja limitowana - K-time","description":"Maska w sprayu o kompleksowym dzia\u0142aniu z serii Secret bez sp\u0142ukiwania zapewniaj\u0105ca 10 dobroczynnych efekt\u00f3w W jednym niesamowitym produkcie zawarli\u015bmy kompletn\u0105 piel\u0119gnacj\u0119 spe\u0142niaj\u0105c\u0105 najcz\u0119stsze potrzeby wszystkich rodzaj\u00f3w w\u0142os\u00f3w.","robots":{"index":"index","follow":"follow","max-snippet":"max-snippet:-1","max-image-preview":"max-image-preview:large","max-video-preview":"max-video-preview:-1"},"canonical":"https:\/\/k-time.it\/pl\/products\/treatments\/secret\/sekret-wielofunkcyjna-maska-w-sprayu-10-w-1-edycja-limitowana\/","og_locale":"pl_PL","og_type":"article","og_title":"Secret | Wielofunkcyjna maska w sprayu 10 w 1 \u2013 edycja limitowana - K-time","og_description":"Maska w sprayu o kompleksowym dzia\u0142aniu z serii Secret bez sp\u0142ukiwania zapewniaj\u0105ca 10 dobroczynnych efekt\u00f3w W jednym niesamowitym produkcie zawarli\u015bmy kompletn\u0105 piel\u0119gnacj\u0119 spe\u0142niaj\u0105c\u0105 najcz\u0119stsze potrzeby wszystkich rodzaj\u00f3w w\u0142os\u00f3w.","og_url":"https:\/\/k-time.it\/pl\/products\/treatments\/secret\/sekret-wielofunkcyjna-maska-w-sprayu-10-w-1-edycja-limitowana\/","og_site_name":"K-time","article_modified_time":"2024-04-10T07:50:53+00:00","og_image":[{"width":800,"height":800,"url":"https:\/\/k-time.it\/wp-content\/uploads\/2024\/04\/25118_k-time_secret_spray_limited_edition_100ml.png","type":"image\/png"}],"twitter_card":"summary_large_image","twitter_misc":{"Szacowany czas czytania":"1 minuta"},"schema":{"@context":"https:\/\/schema.org","@graph":[{"@type":"WebPage","@id":"https:\/\/k-time.it\/pl\/products\/treatments\/secret\/sekret-wielofunkcyjna-maska-w-sprayu-10-w-1-edycja-limitowana\/","url":"https:\/\/k-time.it\/pl\/products\/treatments\/secret\/sekret-wielofunkcyjna-maska-w-sprayu-10-w-1-edycja-limitowana\/","name":"Secret | Wielofunkcyjna maska w sprayu 10 w 1 \u2013 edycja limitowana - K-time","isPartOf":{"@id":"https:\/\/k-time.it\/en\/#website"},"primaryImageOfPage":{"@id":"https:\/\/k-time.it\/pl\/products\/treatments\/secret\/sekret-wielofunkcyjna-maska-w-sprayu-10-w-1-edycja-limitowana\/#primaryimage"},"image":{"@id":"https:\/\/k-time.it\/pl\/products\/treatments\/secret\/sekret-wielofunkcyjna-maska-w-sprayu-10-w-1-edycja-limitowana\/#primaryimage"},"thumbnailUrl":"https:\/\/k-time.it\/wp-content\/uploads\/2024\/04\/25118_k-time_secret_spray_limited_edition_100ml.png","datePublished":"2024-04-10T07:01:21+00:00","dateModified":"2024-04-10T07:50:53+00:00","description":"Maska w sprayu o kompleksowym dzia\u0142aniu z serii Secret bez sp\u0142ukiwania zapewniaj\u0105ca 10 dobroczynnych efekt\u00f3w W jednym niesamowitym produkcie zawarli\u015bmy kompletn\u0105 piel\u0119gnacj\u0119 spe\u0142niaj\u0105c\u0105 najcz\u0119stsze potrzeby wszystkich rodzaj\u00f3w w\u0142os\u00f3w.","breadcrumb":{"@id":"https:\/\/k-time.it\/pl\/products\/treatments\/secret\/sekret-wielofunkcyjna-maska-w-sprayu-10-w-1-edycja-limitowana\/#breadcrumb"},"inLanguage":"pl-PL","potentialAction":[{"@type":"ReadAction","target":["https:\/\/k-time.it\/pl\/products\/treatments\/secret\/sekret-wielofunkcyjna-maska-w-sprayu-10-w-1-edycja-limitowana\/"]}]},{"@type":"ImageObject","inLanguage":"pl-PL","@id":"https:\/\/k-time.it\/pl\/products\/treatments\/secret\/sekret-wielofunkcyjna-maska-w-sprayu-10-w-1-edycja-limitowana\/#primaryimage","url":"https:\/\/k-time.it\/wp-content\/uploads\/2024\/04\/25118_k-time_secret_spray_limited_edition_100ml.png","contentUrl":"https:\/\/k-time.it\/wp-content\/uploads\/2024\/04\/25118_k-time_secret_spray_limited_edition_100ml.png","width":800,"height":800},{"@type":"BreadcrumbList","@id":"https:\/\/k-time.it\/pl\/products\/treatments\/secret\/sekret-wielofunkcyjna-maska-w-sprayu-10-w-1-edycja-limitowana\/#breadcrumb","itemListElement":[{"@type":"ListItem","position":1,"name":"Home","item":"https:\/\/k-time.it\/pl\/"},{"@type":"ListItem","position":2,"name":"Shop","item":"https:\/\/k-time.it\/en\/negozio\/"},{"@type":"ListItem","position":3,"name":"Secret | Wielofunkcyjna maska w sprayu 10 w 1 \u2013 edycja limitowana"}]},{"@type":"WebSite","@id":"https:\/\/k-time.it\/en\/#website","url":"https:\/\/k-time.it\/en\/","name":"K-time","description":"Hair Spa Treatments","publisher":{"@id":"https:\/\/k-time.it\/en\/#organization"},"potentialAction":[{"@type":"SearchAction","target":{"@type":"EntryPoint","urlTemplate":"https:\/\/k-time.it\/en\/?s={search_term_string}"},"query-input":{"@type":"PropertyValueSpecification","valueRequired":true,"valueName":"search_term_string"}}],"inLanguage":"pl-PL"},{"@type":"Organization","@id":"https:\/\/k-time.it\/en\/#organization","name":"K-time","url":"https:\/\/k-time.it\/en\/","logo":{"@type":"ImageObject","inLanguage":"pl-PL","@id":"https:\/\/k-time.it\/en\/#\/schema\/logo\/image\/","url":"","contentUrl":"","caption":"K-time"},"image":{"@id":"https:\/\/k-time.it\/en\/#\/schema\/logo\/image\/"}}]}},"_links":{"self":[{"href":"https:\/\/k-time.it\/pl\/wp-json\/wp\/v2\/product\/24170","targetHints":{"allow":["GET"]}}],"collection":[{"href":"https:\/\/k-time.it\/pl\/wp-json\/wp\/v2\/product"}],"about":[{"href":"https:\/\/k-time.it\/pl\/wp-json\/wp\/v2\/types\/product"}],"wp:featuredmedia":[{"embeddable":true,"href":"https:\/\/k-time.it\/pl\/wp-json\/wp\/v2\/media\/24161"}],"wp:attachment":[{"href":"https:\/\/k-time.it\/pl\/wp-json\/wp\/v2\/media?parent=24170"}],"wp:term":[{"taxonomy":"product_brand","embeddable":true,"href":"https:\/\/k-time.it\/pl\/wp-json\/wp\/v2\/product_brand?post=24170"},{"taxonomy":"product_cat","embeddable":true,"href":"https:\/\/k-time.it\/pl\/wp-json\/wp\/v2\/product_cat?post=24170"},{"taxonomy":"product_tag","embeddable":true,"href":"https:\/\/k-time.it\/pl\/wp-json\/wp\/v2\/product_tag?post=24170"}],"curies":[{"name":"wp","href":"https:\/\/api.w.org\/{rel}","templated":true}]}}