{"id":21419,"date":"2021-12-13T09:00:21","date_gmt":"2021-12-02T13:18:22","guid":{"rendered":"https:\/\/k-time.it\/?post_type=product&#038;p=21419"},"modified":"2021-12-13T09:07:31","modified_gmt":"2021-12-13T08:07:31","slug":"the-plex-n-2-maska-ochronna-do-zabiegow-technicznych","status":"publish","type":"product","link":"https:\/\/k-time.it\/pl\/products\/salon-technics\/the-plex-pl\/the-plex-n-2-maska-ochronna-do-zabiegow-technicznych\/","title":{"rendered":"THE PLEX N\u00b0 2 | Maska ochronna do zabieg\u00f3w technicznych"},"content":{"rendered":"<div class=\"wpb-content-wrapper\"><p>[vc_row disable_element=&#8221;yes&#8221;][vc_column]<div class=\"ult_exp_section_layer ult-adjust-bottom-margin  \" >\n\t\t<div id=\"uvc-exp-wrap-3161\" role=\"button\" tabindex=\"0\" aria-pressed=\"false\"  data-ultimate-target='#uvc-exp-wrap-3161'  data-responsive-json-new='{\"font-size\":\"desktop:16px;\",\"line-height\":\"desktop:20px;\"}'  class=\"ult_exp_section  ult-responsive \" style=\"color:#ffffff;background-color:#877650; font-weight:normal; padding-top:4px;padding-right:7px;padding-bottom:4px;padding-left:4px;text-align:center;\" data-textcolor=\"#ffffff\"data-texthover=\"#ffffff\"data-icncolor=\"#ffffff\"data-ihover=\"#ffffff\"data-height=\"0\"data-cntbg=\"#877650\"data-cnthvrbg=\"#877650\"data-headerbg=\"#877650\"data-headerhover=\"#877650\"data-title=\"Come acquistare\"data-newtitle=\"Richiedi info sull&#039;acquisto\"data-icon=\"icomoon-the7-font-icon-cart-detailed\"data-newicon=\"icomoon-the7-font-the7-mail-011\"data-activeicon=\"#ffffff\"data-effect=\"slideToggle\"data-override=\"0\"data-activetitle=\"#ffffff\"data-activebg=\"#877650\"data-img=\"\"data-newimg=\"\"><div class=\"ult_exp_section-main ult_expleft_icon\">\t<div class=\"ult-just-icon-wrapper ult_exp_icon\">\n\t\t\t\t\t<div class=\"align-icon \">\n\t\t\t\t\t\t\n<span class=\"aio-icon  none  ult_expsection_icon \"  style=\"color:#ffffff;font-size:20px;\">\n\t<i class=\"icomoon-the7-font-icon-cart-detailed ult_ex_icon\"  ><\/i>\n<\/span>\n\t\t\t\t\t<\/div>\n\t\t\t\t<\/div>\n\t\t\t\t<div class=\"ult_expheader\" >Come acquistare\n\t\t\t\t<\/div>\n\t\t\t<\/div>\n\t\t<\/div><div class=\"ult_exp_content \" style=\"background-color:#ffffff;  \"><div class=\"ult_ecpsub_cont\" style=\" \" >\n<div class=\"wpcf7 no-js\" id=\"wpcf7-f15156-o1\" lang=\"pl-PL\" dir=\"ltr\" data-wpcf7-id=\"15156\">\n<div class=\"screen-reader-response\"><p role=\"status\" aria-live=\"polite\" aria-atomic=\"true\"><\/p> <ul><\/ul><\/div>\n<form action=\"\/pl\/wp-json\/wp\/v2\/product\/21419#wpcf7-f15156-o1\" method=\"post\" class=\"wpcf7-form init\" aria-label=\"Formularz kontaktowy\" novalidate=\"novalidate\" data-status=\"init\">\n<fieldset class=\"hidden-fields-container\"><input type=\"hidden\" name=\"_wpcf7\" value=\"15156\" \/><input type=\"hidden\" name=\"_wpcf7_version\" value=\"6.1.4\" \/><input type=\"hidden\" name=\"_wpcf7_locale\" value=\"pl_PL\" \/><input type=\"hidden\" name=\"_wpcf7_unit_tag\" value=\"wpcf7-f15156-o1\" \/><input type=\"hidden\" name=\"_wpcf7_container_post\" value=\"0\" \/><input type=\"hidden\" name=\"_wpcf7_posted_data_hash\" value=\"\" \/><input type=\"hidden\" name=\"_wpcf7_recaptcha_response\" value=\"\" \/>\n<\/fieldset>\n<p>Imi\u0119\/Nazwisko*\n<\/p>\n<p><span class=\"wpcf7-form-control-wrap\" data-name=\"your-name\"><input size=\"40\" maxlength=\"400\" class=\"wpcf7-form-control wpcf7-text wpcf7-validates-as-required\" aria-required=\"true\" aria-invalid=\"false\" value=\"\" type=\"text\" name=\"your-name\" \/><\/span>\n<\/p>\n<p>Email*\n<\/p>\n<p><span class=\"wpcf7-form-control-wrap\" data-name=\"your-email\"><input size=\"40\" maxlength=\"400\" class=\"wpcf7-form-control wpcf7-email wpcf7-validates-as-required wpcf7-text wpcf7-validates-as-email\" aria-required=\"true\" aria-invalid=\"false\" value=\"\" type=\"email\" name=\"your-email\" \/><\/span>\n<\/p>\n<p>Pozycja*\n<\/p>\n<p><span class=\"wpcf7-form-control-wrap\" data-name=\"status\"><span class=\"wpcf7-form-control wpcf7-checkbox wpcf7-validates-as-required wpcf7-exclusive-checkbox\"><span class=\"wpcf7-list-item first\"><span class=\"wpcf7-list-item-label\">Specjalista<\/span><input type=\"checkbox\" name=\"status\" value=\"Specjalista\" \/><\/span><span class=\"wpcf7-list-item\"><span class=\"wpcf7-list-item-label\">Dystrybutor<\/span><input type=\"checkbox\" name=\"status\" value=\"Dystrybutor\" \/><\/span><span class=\"wpcf7-list-item last\"><span class=\"wpcf7-list-item-label\">Innych<\/span><input type=\"checkbox\" name=\"status\" value=\"Innych\" \/><\/span><\/span><\/span>\n<\/p>\n<p>Kraj*\n<\/p>\n<p><span class=\"wpcf7-form-control-wrap\" data-name=\"country\"><input size=\"40\" maxlength=\"400\" class=\"wpcf7-form-control wpcf7-text wpcf7-validates-as-required\" aria-required=\"true\" aria-invalid=\"false\" value=\"\" type=\"text\" name=\"country\" \/><\/span>\n<\/p>\n<p>Tre\u015b\u0107 wiadomo\u015bci*\n<\/p>\n<p><span class=\"wpcf7-form-control-wrap\" data-name=\"your-message\"><textarea cols=\"40\" rows=\"10\" maxlength=\"2000\" class=\"wpcf7-form-control wpcf7-textarea wpcf7-validates-as-required\" aria-required=\"true\" aria-invalid=\"false\" name=\"your-message\"><\/textarea><\/span>\n<\/p>\n<p><span class=\"wpcf7-form-control-wrap\" data-name=\"acceptance-20\"><span class=\"wpcf7-form-control wpcf7-acceptance\"><span class=\"wpcf7-list-item\"><input type=\"checkbox\" name=\"acceptance-20\" value=\"1\" aria-invalid=\"false\" \/><\/span><\/span><\/span> I express my informed, specific and unconditional consent for the company Comprof Milano Srl to proceed with the processing of my personal data to process the requests for information transmitted, as better described in the <a href=\"https:\/\/k-time.it\/pl\/privacy-policy\/\" target=\"_blank\" rel=\"noopener\">Privacy Policy<\/a>*\n<\/p>\n<p><small>Ta witryna jest chroniona przez <a href=\"https:\/\/policies.google.com\/privacy\"> Polityk\u0119 prywatno\u015bci <\/a> Google reCAPTCHA i <a href=\"https:\/\/policies.google.com\/terms\"> Warunki korzystania z us\u0142ugi<\/a><\/small>\n<\/p>\n<p><input class=\"wpcf7-form-control wpcf7-submit has-spinner\" type=\"submit\" value=\"Wy\u015blij\" \/>\n<\/p><div class=\"wpcf7-response-output\" aria-hidden=\"true\"><\/div>\n<\/form>\n<\/div>\n<\/div><\/div>\n\n\t\t\t<\/div>[\/vc_column][\/vc_row][vc_row][vc_column width=&#8221;1\/2&#8243;]<div class=\"standard-arrow list-divider bullet-top\"><h2>Formu\u0142a<\/h2>\n<ul>\n<li><span style=\"font-weight: 400;\"><strong>3DHP Complex*<\/strong>: sk\u0142adnik aktywny na bazie protein, kt\u00f3ry wzmacnia \u0142uski w\u0142osa, zwi\u0119ksza odporno\u015b\u0107 na z\u0142amania i elastyczno\u015b\u0107 w\u0142os\u00f3w. <\/span><\/li>\n<\/ul>\n<\/div>[\/vc_column][vc_column width=&#8221;1\/2&#8243;]<div class=\"standard-arrow list-divider bullet-top\"><h2>Korzy\u015bci<\/h2>\n<ul>\n<li style=\"font-weight: 400;\" aria-level=\"1\"><span style=\"font-weight: 400;\">Regeneruje w\u0142osy zniszczone zabiegami chemicznymi<\/span><\/li>\n<li style=\"font-weight: 400;\" aria-level=\"1\"><span style=\"font-weight: 400;\">Pozostawia w\u0142osy silne i zdrowe<\/span><\/li>\n<li style=\"font-weight: 400;\" aria-level=\"1\"><span style=\"font-weight: 400;\">Wzmacnia w\u0142\u00f3kno w\u0142osa<\/span><\/li>\n<li style=\"font-weight: 400;\" aria-level=\"1\"><span style=\"font-weight: 400;\">Nadaje w\u0142osom wi\u0119kszy po\u0142ysk i blask<\/span><\/li>\n<\/ul>\n<\/div>[\/vc_column][\/vc_row][vc_row][vc_column][vc_empty_space height=&#8221;15px&#8221;]<div class=\"dt-fancy-separator h2-size style-thick\" style=\"width: 100%;\"><div class=\"dt-fancy-title\" style=\"color: #000000;\"><span class=\"separator-holder separator-left\"><\/span>Schemat stosowania<span class=\"separator-holder separator-right\"><\/span><\/div><\/div>[vc_empty_space height=&#8221;15px&#8221;][vc_tta_tabs style=&#8221;modern&#8221; shape=&#8221;square&#8221; color=&#8221;white&#8221; spacing=&#8221;5&#8243; gap=&#8221;5&#8243; alignment=&#8221;center&#8221; active_section=&#8221;1&#8243;][vc_tta_section title=&#8221;Koloryzacja i Oksydacja&#8221; tab_id=&#8221;1638446255065-57b777c3-1bd2&#8243;][vc_row_inner][vc_column_inner width=&#8221;1\/2&#8243;][vc_column_text]<\/p>\n<p style=\"text-align: center;\"><strong>W\u0142osy lekko zniszczone:<\/strong><\/p>\n<p style=\"text-align: center;\"><span style=\"font-weight: 400;\">5 minut<\/span><\/p>\n<p>[\/vc_column_text][\/vc_column_inner][vc_column_inner width=&#8221;1\/2&#8243;][vc_column_text]<\/p>\n<p style=\"text-align: center;\"><strong>W\u0142osy bardzo zniszczone:<\/strong><\/p>\n<p style=\"text-align: center;\"><span style=\"font-weight: 400;\">10 minut<\/span><\/p>\n<p>[\/vc_column_text][\/vc_column_inner][\/vc_row_inner][\/vc_tta_section][vc_tta_section title=&#8221;Loloryzacja Bezpo\u015brednia\/Maski Koloryzuj\u0105ce&#8221; tab_id=&#8221;1638446412859-7ffa8bb6-02f3&#8243;][vc_row_inner][vc_column_inner width=&#8221;1\/2&#8243;][vc_column_text]<\/p>\n<p style=\"text-align: center;\"><strong>W\u0142osy lekko zniszczone:<\/strong><\/p>\n<p style=\"text-align: center;\"><span style=\"font-weight: 400;\">5 minut<\/span><\/p>\n<p>[\/vc_column_text][\/vc_column_inner][vc_column_inner width=&#8221;1\/2&#8243;][vc_column_text]<\/p>\n<p style=\"text-align: center;\"><strong>W\u0142osy bardzo zniszczone:<\/strong><\/p>\n<p style=\"text-align: center;\"><span style=\"font-weight: 400;\">10 minut<\/span><\/p>\n<p>[\/vc_column_text][\/vc_column_inner][\/vc_row_inner][\/vc_tta_section][vc_tta_section title=&#8221;Dekoloryzacja&#8221; tab_id=&#8221;1638446255082-0d730dd9-275e&#8221;][vc_row_inner][vc_column_inner width=&#8221;1\/2&#8243;][vc_column_text]<\/p>\n<p style=\"text-align: center;\"><strong>W\u0142osy lekko zniszczone:<\/strong><\/p>\n<p style=\"text-align: center;\"><span style=\"font-weight: 400;\">10 minut<\/span><\/p>\n<p>[\/vc_column_text][\/vc_column_inner][vc_column_inner width=&#8221;1\/2&#8243;][vc_column_text]<\/p>\n<p style=\"text-align: center;\"><strong>W\u0142osy bardzo zniszczone:<\/strong><\/p>\n<p style=\"text-align: center;\"><span style=\"font-weight: 400;\">15 minut<\/span><\/p>\n<p>[\/vc_column_text][\/vc_column_inner][\/vc_row_inner][\/vc_tta_section][vc_tta_section title=&#8221;Trwa\u0142a Ondulacja&#8221; tab_id=&#8221;1638450524196-ebe12433-ed54&#8243;][vc_row_inner][vc_column_inner width=&#8221;1\/2&#8243;][vc_column_text]<\/p>\n<p style=\"text-align: center;\"><strong>W\u0142osy lekko zniszczone:<\/strong><\/p>\n<p style=\"text-align: center;\"><span style=\"font-weight: 400;\">10 minut<\/span><\/p>\n<p>[\/vc_column_text][\/vc_column_inner][vc_column_inner width=&#8221;1\/2&#8243;][vc_column_text]<\/p>\n<p style=\"text-align: center;\"><strong>W\u0142osy bardzo zniszczone:<\/strong><\/p>\n<p style=\"text-align: center;\"><span style=\"font-weight: 400;\">15 minut<\/span><\/p>\n<p>[\/vc_column_text][\/vc_column_inner][\/vc_row_inner][\/vc_tta_section][\/vc_tta_tabs][\/vc_column][\/vc_row][vc_row css=&#8221;.vc_custom_1595317695114{padding-top: 50px !important;}&#8221;][vc_column]<div class=\"dt-fancy-separator h2-size style-thick\" style=\"width: 100%;\"><div class=\"dt-fancy-title\" style=\"color: #333333;\"><span class=\"separator-holder separator-left\" style=\"border-color: #f0f0f0;\"><\/span>Produkty powi\u0105zane<span class=\"separator-holder separator-right\" style=\"border-color: #f0f0f0;\"><\/span><\/div><\/div>[vc_raw_html]JTVCd3BiLXByb2R1Y3Qtc2xpZGVyLXNob3J0Y29kZSUyMGlkJTNEJTIyMjE0NjAlMjIlNUQ=[\/vc_raw_html][\/vc_column][\/vc_row]<\/p>\n<\/div>","protected":false},"excerpt":{"rendered":"<div class=\"woocommerce-product-details__short-description\">\n<p><span style=\"font-weight: 400;\">THE PLEX N\u00b02 to intensywna kuracja, kt\u00f3ra <\/span><b>\u00a0stabilizuje wi\u0105zania w\u0142\u00f3kna w\u0142osa <\/b><span style=\"font-weight: 400;\">\u00a0wzmocnione produktem THE PLEX N\u00b01. Stosowany po umyciu szamponem, <\/span><b>neutralizuje i naprawia uszkodzenia <\/b><span style=\"font-weight: 400;\">\u00a0powsta\u0142e w wyniku koloryzacji, rozja\u015bniania lub trwa\u0142ej ondulacji, dzia\u0142aj\u0105c bezpo\u015brednio na wewn\u0119trzn\u0105 struktur\u0119 w\u0142os\u00f3w.<\/span><\/p>\n<p><span style=\"font-weight: 400;\">Jego formu\u0142a wzbogacona o <\/span><b>Kompleks 3DHP* <\/b><span style=\"font-weight: 400;\">zwi\u0119ksza elastyczno\u015b\u0107 i zwarto\u015b\u0107 struktury w\u0142os\u00f3w, dzi\u0119ki <\/span><b>czemu s\u0105 mocne i l\u015bni\u0105ce.<\/b><\/p>\n<p><span style=\"font-weight: 400;\">Opakowanie 480 ml<\/span><\/p>\n<\/div>\n<p>&nbsp;<\/p>\n<p>[vc_row][vc_column][ultimate_exp_section title=\"Jak kupi\u0107\" new_title=\"Zapytaj nas\" text_color=\"#ffffff\" background_color=\"#877650\" text_hovercolor=\"#ffffff\" bghovercolor=\"#877650\" title_active=\"#ffffff\" title_active_bg=\"#877650\" cnt_bg_color=\"#ffffff\" icon=\"icomoon-the7-font-icon-cart-detailed\" new_icon=\"icomoon-the7-font-the7-mail-011\" icon_align=\"left\" icon_size=\"20\" icon_color=\"#ffffff\" icon_hover_color=\"#ffffff\" icon_active_color=\"#ffffff\" title_font_size=\"desktop:16px;\" title_padding=\"padding-top:4px;padding-right:7px;padding-bottom:4px;padding-left:4px;\" icon_margin=\"margin-right:1px;\"][contact-form-7 id=\"496\"][\/ultimate_exp_section][\/vc_column][\/vc_row]<\/p>\n","protected":false},"featured_media":23734,"template":"","meta":[],"product_brand":[],"product_cat":[2743],"product_tag":[],"class_list":{"0":"post-21419","1":"product","2":"type-product","3":"status-publish","4":"has-post-thumbnail","6":"product_cat-the-plex-pl","7":"description-off","9":"first","10":"instock","11":"shipping-taxable","12":"product-type-simple"},"yoast_head":"<!-- This site is optimized with the Yoast SEO plugin v26.8 - https:\/\/yoast.com\/product\/yoast-seo-wordpress\/ -->\n<title>THE PLEX N\u00b0 2 | Maska ochronna do zabieg\u00f3w technicznych - K-time<\/title>\n<meta name=\"description\" content=\"THE PLEX N\u00b02 to intensywna kuracja, kt\u00f3ra \u00a0stabilizuje wi\u0105zania w\u0142\u00f3kna w\u0142osa \u00a0wzmocnione produktem THE PLEX N\u00b0 1.\" \/>\n<meta name=\"robots\" content=\"index, follow, max-snippet:-1, max-image-preview:large, max-video-preview:-1\" \/>\n<link rel=\"canonical\" href=\"https:\/\/k-time.it\/products\/salon-technics\/the-plex\/the-plex-n2-maschera-protettiva-per-servizi-tecnici\/\" \/>\n<meta property=\"og:locale\" content=\"pl_PL\" \/>\n<meta property=\"og:type\" content=\"article\" \/>\n<meta property=\"og:title\" content=\"THE PLEX N\u00b0 2 | Maska ochronna do zabieg\u00f3w technicznych - K-time\" \/>\n<meta property=\"og:description\" content=\"THE PLEX N\u00b02 to intensywna kuracja, kt\u00f3ra \u00a0stabilizuje wi\u0105zania w\u0142\u00f3kna w\u0142osa \u00a0wzmocnione produktem THE PLEX N\u00b0 1.\" \/>\n<meta property=\"og:url\" content=\"https:\/\/k-time.it\/products\/salon-technics\/the-plex\/the-plex-n2-maschera-protettiva-per-servizi-tecnici\/\" \/>\n<meta property=\"og:site_name\" content=\"K-time\" \/>\n<meta property=\"article:modified_time\" content=\"2021-12-13T08:07:31+00:00\" \/>\n<meta property=\"og:image\" content=\"https:\/\/k-time.it\/wp-content\/uploads\/2021\/12\/24014_k-time_the_plex_protective_mask_2_480ml-2.png\" \/>\n\t<meta property=\"og:image:width\" content=\"600\" \/>\n\t<meta property=\"og:image:height\" content=\"600\" \/>\n\t<meta property=\"og:image:type\" content=\"image\/png\" \/>\n<meta name=\"twitter:card\" content=\"summary_large_image\" \/>\n<meta name=\"twitter:label1\" content=\"Szacowany czas czytania\" \/>\n\t<meta name=\"twitter:data1\" content=\"1 minuta\" \/>\n<script type=\"application\/ld+json\" class=\"yoast-schema-graph\">{\"@context\":\"https:\/\/schema.org\",\"@graph\":[{\"@type\":\"WebPage\",\"@id\":\"https:\/\/k-time.it\/products\/salon-technics\/the-plex\/the-plex-n2-maschera-protettiva-per-servizi-tecnici\/\",\"url\":\"https:\/\/k-time.it\/products\/salon-technics\/the-plex\/the-plex-n2-maschera-protettiva-per-servizi-tecnici\/\",\"name\":\"THE PLEX N\u00b0 2 | Maska ochronna do zabieg\u00f3w technicznych - K-time\",\"isPartOf\":{\"@id\":\"https:\/\/k-time.it\/en\/#website\"},\"primaryImageOfPage\":{\"@id\":\"https:\/\/k-time.it\/products\/salon-technics\/the-plex\/the-plex-n2-maschera-protettiva-per-servizi-tecnici\/#primaryimage\"},\"image\":{\"@id\":\"https:\/\/k-time.it\/products\/salon-technics\/the-plex\/the-plex-n2-maschera-protettiva-per-servizi-tecnici\/#primaryimage\"},\"thumbnailUrl\":\"https:\/\/k-time.it\/wp-content\/uploads\/2021\/12\/24014_k-time_the_plex_protective_mask_2_480ml-2.png\",\"datePublished\":\"2021-12-02T13:18:22+00:00\",\"dateModified\":\"2021-12-13T08:07:31+00:00\",\"description\":\"THE PLEX N\u00b02 to intensywna kuracja, kt\u00f3ra \u00a0stabilizuje wi\u0105zania w\u0142\u00f3kna w\u0142osa \u00a0wzmocnione produktem THE PLEX N\u00b0 1.\",\"breadcrumb\":{\"@id\":\"https:\/\/k-time.it\/products\/salon-technics\/the-plex\/the-plex-n2-maschera-protettiva-per-servizi-tecnici\/#breadcrumb\"},\"inLanguage\":\"pl-PL\",\"potentialAction\":[{\"@type\":\"ReadAction\",\"target\":[\"https:\/\/k-time.it\/products\/salon-technics\/the-plex\/the-plex-n2-maschera-protettiva-per-servizi-tecnici\/\"]}]},{\"@type\":\"ImageObject\",\"inLanguage\":\"pl-PL\",\"@id\":\"https:\/\/k-time.it\/products\/salon-technics\/the-plex\/the-plex-n2-maschera-protettiva-per-servizi-tecnici\/#primaryimage\",\"url\":\"https:\/\/k-time.it\/wp-content\/uploads\/2021\/12\/24014_k-time_the_plex_protective_mask_2_480ml-2.png\",\"contentUrl\":\"https:\/\/k-time.it\/wp-content\/uploads\/2021\/12\/24014_k-time_the_plex_protective_mask_2_480ml-2.png\",\"width\":600,\"height\":600},{\"@type\":\"BreadcrumbList\",\"@id\":\"https:\/\/k-time.it\/products\/salon-technics\/the-plex\/the-plex-n2-maschera-protettiva-per-servizi-tecnici\/#breadcrumb\",\"itemListElement\":[{\"@type\":\"ListItem\",\"position\":1,\"name\":\"Home\",\"item\":\"https:\/\/k-time.it\/pl\/\"},{\"@type\":\"ListItem\",\"position\":2,\"name\":\"Shop\",\"item\":\"https:\/\/k-time.it\/en\/negozio\/\"},{\"@type\":\"ListItem\",\"position\":3,\"name\":\"THE PLEX N\u00b0 2 | Maska ochronna do zabieg\u00f3w technicznych\"}]},{\"@type\":\"WebSite\",\"@id\":\"https:\/\/k-time.it\/en\/#website\",\"url\":\"https:\/\/k-time.it\/en\/\",\"name\":\"K-time\",\"description\":\"Hair Spa Treatments\",\"publisher\":{\"@id\":\"https:\/\/k-time.it\/en\/#organization\"},\"potentialAction\":[{\"@type\":\"SearchAction\",\"target\":{\"@type\":\"EntryPoint\",\"urlTemplate\":\"https:\/\/k-time.it\/en\/?s={search_term_string}\"},\"query-input\":{\"@type\":\"PropertyValueSpecification\",\"valueRequired\":true,\"valueName\":\"search_term_string\"}}],\"inLanguage\":\"pl-PL\"},{\"@type\":\"Organization\",\"@id\":\"https:\/\/k-time.it\/en\/#organization\",\"name\":\"K-time\",\"url\":\"https:\/\/k-time.it\/en\/\",\"logo\":{\"@type\":\"ImageObject\",\"inLanguage\":\"pl-PL\",\"@id\":\"https:\/\/k-time.it\/en\/#\/schema\/logo\/image\/\",\"url\":\"\",\"contentUrl\":\"\",\"caption\":\"K-time\"},\"image\":{\"@id\":\"https:\/\/k-time.it\/en\/#\/schema\/logo\/image\/\"}}]}<\/script>\n<!-- \/ Yoast SEO plugin. -->","yoast_head_json":{"title":"THE PLEX N\u00b0 2 | Maska ochronna do zabieg\u00f3w technicznych - K-time","description":"THE PLEX N\u00b02 to intensywna kuracja, kt\u00f3ra \u00a0stabilizuje wi\u0105zania w\u0142\u00f3kna w\u0142osa \u00a0wzmocnione produktem THE PLEX N\u00b0 1.","robots":{"index":"index","follow":"follow","max-snippet":"max-snippet:-1","max-image-preview":"max-image-preview:large","max-video-preview":"max-video-preview:-1"},"canonical":"https:\/\/k-time.it\/products\/salon-technics\/the-plex\/the-plex-n2-maschera-protettiva-per-servizi-tecnici\/","og_locale":"pl_PL","og_type":"article","og_title":"THE PLEX N\u00b0 2 | Maska ochronna do zabieg\u00f3w technicznych - K-time","og_description":"THE PLEX N\u00b02 to intensywna kuracja, kt\u00f3ra \u00a0stabilizuje wi\u0105zania w\u0142\u00f3kna w\u0142osa \u00a0wzmocnione produktem THE PLEX N\u00b0 1.","og_url":"https:\/\/k-time.it\/products\/salon-technics\/the-plex\/the-plex-n2-maschera-protettiva-per-servizi-tecnici\/","og_site_name":"K-time","article_modified_time":"2021-12-13T08:07:31+00:00","og_image":[{"width":600,"height":600,"url":"https:\/\/k-time.it\/wp-content\/uploads\/2021\/12\/24014_k-time_the_plex_protective_mask_2_480ml-2.png","type":"image\/png"}],"twitter_card":"summary_large_image","twitter_misc":{"Szacowany czas czytania":"1 minuta"},"schema":{"@context":"https:\/\/schema.org","@graph":[{"@type":"WebPage","@id":"https:\/\/k-time.it\/products\/salon-technics\/the-plex\/the-plex-n2-maschera-protettiva-per-servizi-tecnici\/","url":"https:\/\/k-time.it\/products\/salon-technics\/the-plex\/the-plex-n2-maschera-protettiva-per-servizi-tecnici\/","name":"THE PLEX N\u00b0 2 | Maska ochronna do zabieg\u00f3w technicznych - K-time","isPartOf":{"@id":"https:\/\/k-time.it\/en\/#website"},"primaryImageOfPage":{"@id":"https:\/\/k-time.it\/products\/salon-technics\/the-plex\/the-plex-n2-maschera-protettiva-per-servizi-tecnici\/#primaryimage"},"image":{"@id":"https:\/\/k-time.it\/products\/salon-technics\/the-plex\/the-plex-n2-maschera-protettiva-per-servizi-tecnici\/#primaryimage"},"thumbnailUrl":"https:\/\/k-time.it\/wp-content\/uploads\/2021\/12\/24014_k-time_the_plex_protective_mask_2_480ml-2.png","datePublished":"2021-12-02T13:18:22+00:00","dateModified":"2021-12-13T08:07:31+00:00","description":"THE PLEX N\u00b02 to intensywna kuracja, kt\u00f3ra \u00a0stabilizuje wi\u0105zania w\u0142\u00f3kna w\u0142osa \u00a0wzmocnione produktem THE PLEX N\u00b0 1.","breadcrumb":{"@id":"https:\/\/k-time.it\/products\/salon-technics\/the-plex\/the-plex-n2-maschera-protettiva-per-servizi-tecnici\/#breadcrumb"},"inLanguage":"pl-PL","potentialAction":[{"@type":"ReadAction","target":["https:\/\/k-time.it\/products\/salon-technics\/the-plex\/the-plex-n2-maschera-protettiva-per-servizi-tecnici\/"]}]},{"@type":"ImageObject","inLanguage":"pl-PL","@id":"https:\/\/k-time.it\/products\/salon-technics\/the-plex\/the-plex-n2-maschera-protettiva-per-servizi-tecnici\/#primaryimage","url":"https:\/\/k-time.it\/wp-content\/uploads\/2021\/12\/24014_k-time_the_plex_protective_mask_2_480ml-2.png","contentUrl":"https:\/\/k-time.it\/wp-content\/uploads\/2021\/12\/24014_k-time_the_plex_protective_mask_2_480ml-2.png","width":600,"height":600},{"@type":"BreadcrumbList","@id":"https:\/\/k-time.it\/products\/salon-technics\/the-plex\/the-plex-n2-maschera-protettiva-per-servizi-tecnici\/#breadcrumb","itemListElement":[{"@type":"ListItem","position":1,"name":"Home","item":"https:\/\/k-time.it\/pl\/"},{"@type":"ListItem","position":2,"name":"Shop","item":"https:\/\/k-time.it\/en\/negozio\/"},{"@type":"ListItem","position":3,"name":"THE PLEX N\u00b0 2 | Maska ochronna do zabieg\u00f3w technicznych"}]},{"@type":"WebSite","@id":"https:\/\/k-time.it\/en\/#website","url":"https:\/\/k-time.it\/en\/","name":"K-time","description":"Hair Spa Treatments","publisher":{"@id":"https:\/\/k-time.it\/en\/#organization"},"potentialAction":[{"@type":"SearchAction","target":{"@type":"EntryPoint","urlTemplate":"https:\/\/k-time.it\/en\/?s={search_term_string}"},"query-input":{"@type":"PropertyValueSpecification","valueRequired":true,"valueName":"search_term_string"}}],"inLanguage":"pl-PL"},{"@type":"Organization","@id":"https:\/\/k-time.it\/en\/#organization","name":"K-time","url":"https:\/\/k-time.it\/en\/","logo":{"@type":"ImageObject","inLanguage":"pl-PL","@id":"https:\/\/k-time.it\/en\/#\/schema\/logo\/image\/","url":"","contentUrl":"","caption":"K-time"},"image":{"@id":"https:\/\/k-time.it\/en\/#\/schema\/logo\/image\/"}}]}},"_links":{"self":[{"href":"https:\/\/k-time.it\/pl\/wp-json\/wp\/v2\/product\/21419","targetHints":{"allow":["GET"]}}],"collection":[{"href":"https:\/\/k-time.it\/pl\/wp-json\/wp\/v2\/product"}],"about":[{"href":"https:\/\/k-time.it\/pl\/wp-json\/wp\/v2\/types\/product"}],"wp:featuredmedia":[{"embeddable":true,"href":"https:\/\/k-time.it\/pl\/wp-json\/wp\/v2\/media\/23734"}],"wp:attachment":[{"href":"https:\/\/k-time.it\/pl\/wp-json\/wp\/v2\/media?parent=21419"}],"wp:term":[{"taxonomy":"product_brand","embeddable":true,"href":"https:\/\/k-time.it\/pl\/wp-json\/wp\/v2\/product_brand?post=21419"},{"taxonomy":"product_cat","embeddable":true,"href":"https:\/\/k-time.it\/pl\/wp-json\/wp\/v2\/product_cat?post=21419"},{"taxonomy":"product_tag","embeddable":true,"href":"https:\/\/k-time.it\/pl\/wp-json\/wp\/v2\/product_tag?post=21419"}],"curies":[{"name":"wp","href":"https:\/\/api.w.org\/{rel}","templated":true}]}}