{"id":13584,"date":"2020-06-25T16:46:03","date_gmt":"2020-06-25T14:46:03","guid":{"rendered":"https:\/\/k-time.it\/products\/bez-kategorii\/mascara-nutritiva-con-aceite-de-argan-cabello-normal\/"},"modified":"2021-11-05T16:34:36","modified_gmt":"2021-11-05T15:34:36","slug":"maska-odzywcza-z-olejem-arganowym-250-ml","status":"publish","type":"product","link":"https:\/\/k-time.it\/pl\/products\/treatments\/argan\/maska-odzywcza-z-olejem-arganowym-250-ml\/","title":{"rendered":"Argan | Maska od\u017cywcza z Olejem Arganowym &#8211; W\u0142osy normalne"},"content":{"rendered":"<div class=\"wpb-content-wrapper\"><p>[vc_row disable_element=&#8221;yes&#8221;][vc_column]<div class=\"ult_exp_section_layer ult-adjust-bottom-margin  \" >\n\t\t<div id=\"uvc-exp-wrap-2572\" role=\"button\" tabindex=\"0\" aria-pressed=\"false\"  data-ultimate-target='#uvc-exp-wrap-2572'  data-responsive-json-new='{\"font-size\":\"desktop:16px;\",\"line-height\":\"desktop:20px;\"}'  class=\"ult_exp_section  ult-responsive \" style=\"color:#ffffff;background-color:#877650; font-weight:normal; padding-top:4px;padding-right:7px;padding-bottom:4px;padding-left:4px;text-align:center;\" data-textcolor=\"#ffffff\"data-texthover=\"#ffffff\"data-icncolor=\"#ffffff\"data-ihover=\"#ffffff\"data-height=\"0\"data-cntbg=\"#877650\"data-cnthvrbg=\"#877650\"data-headerbg=\"#877650\"data-headerhover=\"#877650\"data-title=\"Jak kupi\u0107\"data-newtitle=\"Zapytaj nas\"data-icon=\"icomoon-the7-font-icon-cart-detailed\"data-newicon=\"icomoon-the7-font-the7-mail-011\"data-activeicon=\"#ffffff\"data-effect=\"slideToggle\"data-override=\"0\"data-activetitle=\"#ffffff\"data-activebg=\"#877650\"data-img=\"\"data-newimg=\"\"><div class=\"ult_exp_section-main ult_expleft_icon\">\t<div class=\"ult-just-icon-wrapper ult_exp_icon\">\n\t\t\t\t\t<div class=\"align-icon \">\n\t\t\t\t\t\t\n<span class=\"aio-icon  none  ult_expsection_icon \"  style=\"color:#ffffff;font-size:20px;\">\n\t<i class=\"icomoon-the7-font-icon-cart-detailed ult_ex_icon\"  ><\/i>\n<\/span>\n\t\t\t\t\t<\/div>\n\t\t\t\t<\/div>\n\t\t\t\t<div class=\"ult_expheader\" >Jak kupi\u0107\n\t\t\t\t<\/div>\n\t\t\t<\/div>\n\t\t<\/div><div class=\"ult_exp_content \" style=\"background-color:#ffffff;  \"><div class=\"ult_ecpsub_cont\" style=\" \" >\n<div class=\"wpcf7 no-js\" id=\"wpcf7-f15156-o1\" lang=\"pl-PL\" dir=\"ltr\" data-wpcf7-id=\"15156\">\n<div class=\"screen-reader-response\"><p role=\"status\" aria-live=\"polite\" aria-atomic=\"true\"><\/p> <ul><\/ul><\/div>\n<form action=\"\/pl\/wp-json\/wp\/v2\/product\/13584#wpcf7-f15156-o1\" method=\"post\" class=\"wpcf7-form init\" aria-label=\"Formularz kontaktowy\" novalidate=\"novalidate\" data-status=\"init\">\n<fieldset class=\"hidden-fields-container\"><input type=\"hidden\" name=\"_wpcf7\" value=\"15156\" \/><input type=\"hidden\" name=\"_wpcf7_version\" value=\"6.1.4\" \/><input type=\"hidden\" name=\"_wpcf7_locale\" value=\"pl_PL\" \/><input type=\"hidden\" name=\"_wpcf7_unit_tag\" value=\"wpcf7-f15156-o1\" \/><input type=\"hidden\" name=\"_wpcf7_container_post\" value=\"0\" \/><input type=\"hidden\" name=\"_wpcf7_posted_data_hash\" value=\"\" \/><input type=\"hidden\" name=\"_wpcf7_recaptcha_response\" value=\"\" \/>\n<\/fieldset>\n<p>Imi\u0119\/Nazwisko*\n<\/p>\n<p><span class=\"wpcf7-form-control-wrap\" data-name=\"your-name\"><input size=\"40\" maxlength=\"400\" class=\"wpcf7-form-control wpcf7-text wpcf7-validates-as-required\" aria-required=\"true\" aria-invalid=\"false\" value=\"\" type=\"text\" name=\"your-name\" \/><\/span>\n<\/p>\n<p>Email*\n<\/p>\n<p><span class=\"wpcf7-form-control-wrap\" data-name=\"your-email\"><input size=\"40\" maxlength=\"400\" class=\"wpcf7-form-control wpcf7-email wpcf7-validates-as-required wpcf7-text wpcf7-validates-as-email\" aria-required=\"true\" aria-invalid=\"false\" value=\"\" type=\"email\" name=\"your-email\" \/><\/span>\n<\/p>\n<p>Pozycja*\n<\/p>\n<p><span class=\"wpcf7-form-control-wrap\" data-name=\"status\"><span class=\"wpcf7-form-control wpcf7-checkbox wpcf7-validates-as-required wpcf7-exclusive-checkbox\"><span class=\"wpcf7-list-item first\"><span class=\"wpcf7-list-item-label\">Specjalista<\/span><input type=\"checkbox\" name=\"status\" value=\"Specjalista\" \/><\/span><span class=\"wpcf7-list-item\"><span class=\"wpcf7-list-item-label\">Dystrybutor<\/span><input type=\"checkbox\" name=\"status\" value=\"Dystrybutor\" \/><\/span><span class=\"wpcf7-list-item last\"><span class=\"wpcf7-list-item-label\">Innych<\/span><input type=\"checkbox\" name=\"status\" value=\"Innych\" \/><\/span><\/span><\/span>\n<\/p>\n<p>Kraj*\n<\/p>\n<p><span class=\"wpcf7-form-control-wrap\" data-name=\"country\"><input size=\"40\" maxlength=\"400\" class=\"wpcf7-form-control wpcf7-text wpcf7-validates-as-required\" aria-required=\"true\" aria-invalid=\"false\" value=\"\" type=\"text\" name=\"country\" \/><\/span>\n<\/p>\n<p>Tre\u015b\u0107 wiadomo\u015bci*\n<\/p>\n<p><span class=\"wpcf7-form-control-wrap\" data-name=\"your-message\"><textarea cols=\"40\" rows=\"10\" maxlength=\"2000\" class=\"wpcf7-form-control wpcf7-textarea wpcf7-validates-as-required\" aria-required=\"true\" aria-invalid=\"false\" name=\"your-message\"><\/textarea><\/span>\n<\/p>\n<p><span class=\"wpcf7-form-control-wrap\" data-name=\"acceptance-20\"><span class=\"wpcf7-form-control wpcf7-acceptance\"><span class=\"wpcf7-list-item\"><input type=\"checkbox\" name=\"acceptance-20\" value=\"1\" aria-invalid=\"false\" \/><\/span><\/span><\/span> I express my informed, specific and unconditional consent for the company Comprof Milano Srl to proceed with the processing of my personal data to process the requests for information transmitted, as better described in the <a href=\"https:\/\/k-time.it\/pl\/privacy-policy\/\" target=\"_blank\" rel=\"noopener\">Privacy Policy<\/a>*\n<\/p>\n<p><small>Ta witryna jest chroniona przez <a href=\"https:\/\/policies.google.com\/privacy\"> Polityk\u0119 prywatno\u015bci <\/a> Google reCAPTCHA i <a href=\"https:\/\/policies.google.com\/terms\"> Warunki korzystania z us\u0142ugi<\/a><\/small>\n<\/p>\n<p><input class=\"wpcf7-form-control wpcf7-submit has-spinner\" type=\"submit\" value=\"Wy\u015blij\" \/>\n<\/p><div class=\"wpcf7-response-output\" aria-hidden=\"true\"><\/div>\n<\/form>\n<\/div>\n<\/div><\/div>\n\n\t\t\t<\/div>[\/vc_column][\/vc_row][vc_row][vc_column width=&#8221;1\/2&#8243;]<div class=\"standard-arrow list-divider bullet-top\"><h2>Formu\u0142a<\/h2>\n<ul>\n<li><strong>Olej Arganowy:<\/strong> wzmacnia i chroni w\u0142\u00f3kno w\u0142osa<\/li>\n<li><strong>Witamina E<\/strong>: ma silne dzia\u0142anie antyoksydacyjne i przeciwstarzeniowe<\/li>\n<li><strong>Mas\u0142o Shea<\/strong>: ma potr\u00f3jne dzia\u0142anie: nawil\u017caj\u0105ce, zmi\u0119kczaj\u0105ce i od\u017cywcze<\/li>\n<\/ul>\n<\/div>[\/vc_column][vc_column width=&#8221;1\/2&#8243;]<div class=\"standard-arrow list-divider bullet-top\"><h2>Korzy\u015bci<\/h2>\n<ul>\n<li>Wyj\u0105tkowo intensywna piel\u0119gnacja<\/li>\n<li>Roz\u015bwietla i nadaje w\u0142osom spr\u0119\u017cysto\u015b\u0107<\/li>\n<li>Zwalcza przesuszanie si\u0119 w\u0142os\u00f3w<\/li>\n<li>Zmniejsza rozdwajanie si\u0119 ko\u0144c\u00f3wek<\/li>\n<\/ul>\n<\/div>[\/vc_column][\/vc_row][vc_row css=&#8221;.vc_custom_1595341806516{padding-top: 50px !important;}&#8221;][vc_column]<div class=\"dt-fancy-separator h2-size style-thick\" style=\"width: 100%;\"><div class=\"dt-fancy-title\" style=\"color: #333333;\"><span class=\"separator-holder separator-left\" style=\"border-color: #f0f0f0;\"><\/span>Rituel<span class=\"separator-holder separator-right\" style=\"border-color: #f0f0f0;\"><\/span><\/div><\/div>[vc_row_inner][vc_column_inner width=&#8221;1\/2&#8243;][vc_empty_space height=&#8221;15px&#8221;]<div class=\"standard-number-list list-divider bullet-top\"><ul>\n<li>\n<h5>Szampon Od\u017cywczy<\/h5>\n<p>Nanie\u015b\u0107 r\u00f3wnomiernie na zwil\u017con\u0105 sk\u00f3r\u0119. Rozprowadzi\u0107 i delikatnie wmasowa\u0107. Sp\u0142uka\u0107 wod\u0105 i w razie potrzeby powt\u00f3rzy\u0107 aplikacj\u0119.<\/li>\n<li>\n<h5>Maska Od\u017cywcza<\/h5>\n<p>Nanie\u015b\u0107 r\u00f3wnomiernie na osuszone r\u0119cznikiem w\u0142osy. Pozostawi\u0107 na 5\/10 minut. Zako\u0144czy\u0107 zabieg, sp\u0142ukuj\u0105c produkt ciep\u0142\u0105 wod\u0105.<\/li>\n<li>\n<h5>Olejek Od\u017cywczy<strong><br \/>\n<\/strong><\/h5>\n<p>Delikatnie nanie\u015b\u0107 kilka kropel mi\u0119dzy kosmyki. Mo\u017ce by\u0107 stosowany przed szamponem, aby zmi\u0119kczy\u0107 w\u0142osy i u\u0142atwi\u0107 ich oczyszczanie, po umyciu szamponem, aby u\u0142atwi\u0107 suszenie, wzmocni\u0107 i chroni\u0107 w\u0142osy przed wysokimi temperaturami lub po wysuszeniu w\u0142os\u00f3w, aby od\u017cywi\u0107 kosmyki i nada\u0107 im blasku.<\/li>\n<\/ul>\n<\/div>[\/vc_column_inner][vc_column_inner width=&#8221;1\/2&#8243;][vc_empty_space height=&#8221;15px&#8221;][vc_column_text]Wyj\u0105tkowa kuracja Argan z Olejem Arganowym i Mas\u0142em Shea roz\u015bwietla, nawil\u017ca, od\u017cywia w\u0142osy i przywraca im witalno\u015b\u0107.[\/vc_column_text][vc_video link=&#8221;https:\/\/youtu.be\/nLwrALu6tY8&#8243; align=&#8221;center&#8221;][\/vc_column_inner][\/vc_row_inner][\/vc_column][\/vc_row][vc_row css=&#8221;.vc_custom_1595341818903{padding-top: 50px !important;}&#8221;][vc_column]<div class=\"dt-fancy-separator h2-size style-thick\" style=\"width: 100%;\"><div class=\"dt-fancy-title\" style=\"color: #333333;\"><span class=\"separator-holder separator-left\" style=\"border-color: #f0f0f0;\"><\/span>Produkty powi\u0105zane<span class=\"separator-holder separator-right\" style=\"border-color: #f0f0f0;\"><\/span><\/div><\/div>[vc_raw_html]JTVCd3BiLXByb2R1Y3Qtc2xpZGVyLXNob3J0Y29kZSUyMGlkJTNEJTIyNzc1JTIyJTVE[\/vc_raw_html][\/vc_column][\/vc_row]<\/p>\n<\/div>","protected":false},"excerpt":{"rendered":"<p>Z\u0142oty \u015brodek na o\u017cywienie przesuszonych i pozbawionych blasku w\u0142os\u00f3w: nowa <strong>od\u017cywcza maska z <\/strong><strong>olejem arganowym<\/strong> przywraca <strong>po\u0142ysk, si\u0142\u0119 i blask<\/strong>, daj\u0105c natychmiastowy efekt z\u0142otego blasku.<\/p>\n<p>Doskona\u0142a receptura Maski od\u017cywczej \u0142\u0105czy w sobie dwa istotne czynniki dla zdrowych i pi\u0119knych w\u0142os\u00f3w: [glossary_exclude]<strong>Olej Arganowy <\/strong>\u2013 bogaty w <strong>Witamin\u0119 E<\/strong>[\/glossary_exclude] \u2013 silnie nawil\u017ca i ma w\u0142a\u015bciwo\u015bci antyoksydacyjne i przeciwstarzeniowe \u2013 oraz [glossary_exclude]<strong>Mas\u0142o Shea<\/strong>[\/glossary_exclude], kt\u00f3re ma potr\u00f3jne dzia\u0142anie: nawil\u017caj\u0105ce, zmi\u0119kczaj\u0105ce i od\u017cywcze<strong>, przeciwdzia\u0142aj\u0105ce<\/strong> rozdwajaniu si\u0119 ko\u0144c\u00f3wek i przesuszaniu si\u0119 w\u0142os\u00f3w.<\/p>\n<p>Opakowanie 200 ml<\/p>\n<p>&nbsp;<\/p>\n<p>[vc_row][vc_column][ultimate_exp_section title=\"Jak kupi\u0107\" new_title=\"Zapytaj nas\" text_color=\"#ffffff\" background_color=\"#877650\" text_hovercolor=\"#ffffff\" bghovercolor=\"#877650\" title_active=\"#ffffff\" title_active_bg=\"#877650\" cnt_bg_color=\"#ffffff\" icon=\"icomoon-the7-font-icon-cart-detailed\" new_icon=\"icomoon-the7-font-the7-mail-011\" icon_align=\"left\" icon_size=\"20\" icon_color=\"#ffffff\" icon_hover_color=\"#ffffff\" icon_active_color=\"#ffffff\" title_font_size=\"desktop:16px;\" title_padding=\"padding-top:4px;padding-right:7px;padding-bottom:4px;padding-left:4px;\" icon_margin=\"margin-right:1px;\"][contact-form-7 id=\"496\"][\/ultimate_exp_section][\/vc_column][\/vc_row]<\/p>\n","protected":false},"featured_media":19100,"template":"","meta":[],"product_brand":[],"product_cat":[1303,2072],"product_tag":[],"class_list":{"0":"post-13584","1":"product","2":"type-product","3":"status-publish","4":"has-post-thumbnail","6":"product_cat-treatments","7":"product_cat-argan","8":"description-off","10":"first","11":"instock","12":"shipping-taxable","13":"product-type-simple"},"yoast_head":"<!-- This site is optimized with the Yoast SEO plugin v26.8 - https:\/\/yoast.com\/product\/yoast-seo-wordpress\/ -->\n<title>Argan | Maska od\u017cywcza z Olejem Arganowym - W\u0142osy normalne - K-time<\/title>\n<meta name=\"description\" content=\"Z\u0142oty \u015brodek na o\u017cywienie przesuszonych i pozbawionych blasku w\u0142os\u00f3w: nowa od\u017cywcza maska z olejem arganowym przywraca po\u0142ysk, si\u0142\u0119 i blask, daj\u0105c natychmiastowy efekt z\u0142otego blasku.\" \/>\n<meta name=\"robots\" content=\"index, follow, max-snippet:-1, max-image-preview:large, max-video-preview:-1\" \/>\n<link rel=\"canonical\" href=\"https:\/\/k-time.it\/products\/treatments\/argan\/maschera-nutriente-con-olio-di-argan-250-ml\/\" \/>\n<meta property=\"og:locale\" content=\"pl_PL\" \/>\n<meta property=\"og:type\" content=\"article\" \/>\n<meta property=\"og:title\" content=\"Argan | Maska od\u017cywcza z Olejem Arganowym - W\u0142osy normalne - K-time\" \/>\n<meta property=\"og:description\" content=\"Z\u0142oty \u015brodek na o\u017cywienie przesuszonych i pozbawionych blasku w\u0142os\u00f3w: nowa od\u017cywcza maska z olejem arganowym przywraca po\u0142ysk, si\u0142\u0119 i blask, daj\u0105c natychmiastowy efekt z\u0142otego blasku.\" \/>\n<meta property=\"og:url\" content=\"https:\/\/k-time.it\/products\/treatments\/argan\/maschera-nutriente-con-olio-di-argan-250-ml\/\" \/>\n<meta property=\"og:site_name\" content=\"K-time\" \/>\n<meta property=\"article:modified_time\" content=\"2021-11-05T15:34:36+00:00\" \/>\n<meta property=\"og:image\" content=\"https:\/\/k-time.it\/wp-content\/uploads\/2021\/09\/22015_k-time_argan_time_nourishing_mask_250ml.png\" \/>\n\t<meta property=\"og:image:width\" content=\"600\" \/>\n\t<meta property=\"og:image:height\" content=\"600\" \/>\n\t<meta property=\"og:image:type\" content=\"image\/png\" \/>\n<meta name=\"twitter:card\" content=\"summary_large_image\" \/>\n<meta name=\"twitter:label1\" content=\"Szacowany czas czytania\" \/>\n\t<meta name=\"twitter:data1\" content=\"2 minuty\" \/>\n<script type=\"application\/ld+json\" class=\"yoast-schema-graph\">{\"@context\":\"https:\/\/schema.org\",\"@graph\":[{\"@type\":\"WebPage\",\"@id\":\"https:\/\/k-time.it\/products\/treatments\/argan\/maschera-nutriente-con-olio-di-argan-250-ml\/\",\"url\":\"https:\/\/k-time.it\/products\/treatments\/argan\/maschera-nutriente-con-olio-di-argan-250-ml\/\",\"name\":\"Argan | Maska od\u017cywcza z Olejem Arganowym - W\u0142osy normalne - K-time\",\"isPartOf\":{\"@id\":\"https:\/\/k-time.it\/en\/#website\"},\"primaryImageOfPage\":{\"@id\":\"https:\/\/k-time.it\/products\/treatments\/argan\/maschera-nutriente-con-olio-di-argan-250-ml\/#primaryimage\"},\"image\":{\"@id\":\"https:\/\/k-time.it\/products\/treatments\/argan\/maschera-nutriente-con-olio-di-argan-250-ml\/#primaryimage\"},\"thumbnailUrl\":\"https:\/\/k-time.it\/wp-content\/uploads\/2021\/09\/22015_k-time_argan_time_nourishing_mask_250ml.png\",\"datePublished\":\"2020-06-25T14:46:03+00:00\",\"dateModified\":\"2021-11-05T15:34:36+00:00\",\"description\":\"Z\u0142oty \u015brodek na o\u017cywienie przesuszonych i pozbawionych blasku w\u0142os\u00f3w: nowa od\u017cywcza maska z olejem arganowym przywraca po\u0142ysk, si\u0142\u0119 i blask, daj\u0105c natychmiastowy efekt z\u0142otego blasku.\",\"breadcrumb\":{\"@id\":\"https:\/\/k-time.it\/products\/treatments\/argan\/maschera-nutriente-con-olio-di-argan-250-ml\/#breadcrumb\"},\"inLanguage\":\"pl-PL\",\"potentialAction\":[{\"@type\":\"ReadAction\",\"target\":[\"https:\/\/k-time.it\/products\/treatments\/argan\/maschera-nutriente-con-olio-di-argan-250-ml\/\"]}]},{\"@type\":\"ImageObject\",\"inLanguage\":\"pl-PL\",\"@id\":\"https:\/\/k-time.it\/products\/treatments\/argan\/maschera-nutriente-con-olio-di-argan-250-ml\/#primaryimage\",\"url\":\"https:\/\/k-time.it\/wp-content\/uploads\/2021\/09\/22015_k-time_argan_time_nourishing_mask_250ml.png\",\"contentUrl\":\"https:\/\/k-time.it\/wp-content\/uploads\/2021\/09\/22015_k-time_argan_time_nourishing_mask_250ml.png\",\"width\":600,\"height\":600,\"caption\":\"Argan | Maschera Nutriente con Olio di Argan - Capelli normali\"},{\"@type\":\"BreadcrumbList\",\"@id\":\"https:\/\/k-time.it\/products\/treatments\/argan\/maschera-nutriente-con-olio-di-argan-250-ml\/#breadcrumb\",\"itemListElement\":[{\"@type\":\"ListItem\",\"position\":1,\"name\":\"Home\",\"item\":\"https:\/\/k-time.it\/pl\/\"},{\"@type\":\"ListItem\",\"position\":2,\"name\":\"Shop\",\"item\":\"https:\/\/k-time.it\/en\/negozio\/\"},{\"@type\":\"ListItem\",\"position\":3,\"name\":\"Argan | Maska od\u017cywcza z Olejem Arganowym &#8211; W\u0142osy normalne\"}]},{\"@type\":\"WebSite\",\"@id\":\"https:\/\/k-time.it\/en\/#website\",\"url\":\"https:\/\/k-time.it\/en\/\",\"name\":\"K-time\",\"description\":\"Hair Spa Treatments\",\"publisher\":{\"@id\":\"https:\/\/k-time.it\/en\/#organization\"},\"potentialAction\":[{\"@type\":\"SearchAction\",\"target\":{\"@type\":\"EntryPoint\",\"urlTemplate\":\"https:\/\/k-time.it\/en\/?s={search_term_string}\"},\"query-input\":{\"@type\":\"PropertyValueSpecification\",\"valueRequired\":true,\"valueName\":\"search_term_string\"}}],\"inLanguage\":\"pl-PL\"},{\"@type\":\"Organization\",\"@id\":\"https:\/\/k-time.it\/en\/#organization\",\"name\":\"K-time\",\"url\":\"https:\/\/k-time.it\/en\/\",\"logo\":{\"@type\":\"ImageObject\",\"inLanguage\":\"pl-PL\",\"@id\":\"https:\/\/k-time.it\/en\/#\/schema\/logo\/image\/\",\"url\":\"\",\"contentUrl\":\"\",\"caption\":\"K-time\"},\"image\":{\"@id\":\"https:\/\/k-time.it\/en\/#\/schema\/logo\/image\/\"}}]}<\/script>\n<!-- \/ Yoast SEO plugin. -->","yoast_head_json":{"title":"Argan | Maska od\u017cywcza z Olejem Arganowym - W\u0142osy normalne - K-time","description":"Z\u0142oty \u015brodek na o\u017cywienie przesuszonych i pozbawionych blasku w\u0142os\u00f3w: nowa od\u017cywcza maska z olejem arganowym przywraca po\u0142ysk, si\u0142\u0119 i blask, daj\u0105c natychmiastowy efekt z\u0142otego blasku.","robots":{"index":"index","follow":"follow","max-snippet":"max-snippet:-1","max-image-preview":"max-image-preview:large","max-video-preview":"max-video-preview:-1"},"canonical":"https:\/\/k-time.it\/products\/treatments\/argan\/maschera-nutriente-con-olio-di-argan-250-ml\/","og_locale":"pl_PL","og_type":"article","og_title":"Argan | Maska od\u017cywcza z Olejem Arganowym - W\u0142osy normalne - K-time","og_description":"Z\u0142oty \u015brodek na o\u017cywienie przesuszonych i pozbawionych blasku w\u0142os\u00f3w: nowa od\u017cywcza maska z olejem arganowym przywraca po\u0142ysk, si\u0142\u0119 i blask, daj\u0105c natychmiastowy efekt z\u0142otego blasku.","og_url":"https:\/\/k-time.it\/products\/treatments\/argan\/maschera-nutriente-con-olio-di-argan-250-ml\/","og_site_name":"K-time","article_modified_time":"2021-11-05T15:34:36+00:00","og_image":[{"width":600,"height":600,"url":"https:\/\/k-time.it\/wp-content\/uploads\/2021\/09\/22015_k-time_argan_time_nourishing_mask_250ml.png","type":"image\/png"}],"twitter_card":"summary_large_image","twitter_misc":{"Szacowany czas czytania":"2 minuty"},"schema":{"@context":"https:\/\/schema.org","@graph":[{"@type":"WebPage","@id":"https:\/\/k-time.it\/products\/treatments\/argan\/maschera-nutriente-con-olio-di-argan-250-ml\/","url":"https:\/\/k-time.it\/products\/treatments\/argan\/maschera-nutriente-con-olio-di-argan-250-ml\/","name":"Argan | Maska od\u017cywcza z Olejem Arganowym - W\u0142osy normalne - K-time","isPartOf":{"@id":"https:\/\/k-time.it\/en\/#website"},"primaryImageOfPage":{"@id":"https:\/\/k-time.it\/products\/treatments\/argan\/maschera-nutriente-con-olio-di-argan-250-ml\/#primaryimage"},"image":{"@id":"https:\/\/k-time.it\/products\/treatments\/argan\/maschera-nutriente-con-olio-di-argan-250-ml\/#primaryimage"},"thumbnailUrl":"https:\/\/k-time.it\/wp-content\/uploads\/2021\/09\/22015_k-time_argan_time_nourishing_mask_250ml.png","datePublished":"2020-06-25T14:46:03+00:00","dateModified":"2021-11-05T15:34:36+00:00","description":"Z\u0142oty \u015brodek na o\u017cywienie przesuszonych i pozbawionych blasku w\u0142os\u00f3w: nowa od\u017cywcza maska z olejem arganowym przywraca po\u0142ysk, si\u0142\u0119 i blask, daj\u0105c natychmiastowy efekt z\u0142otego blasku.","breadcrumb":{"@id":"https:\/\/k-time.it\/products\/treatments\/argan\/maschera-nutriente-con-olio-di-argan-250-ml\/#breadcrumb"},"inLanguage":"pl-PL","potentialAction":[{"@type":"ReadAction","target":["https:\/\/k-time.it\/products\/treatments\/argan\/maschera-nutriente-con-olio-di-argan-250-ml\/"]}]},{"@type":"ImageObject","inLanguage":"pl-PL","@id":"https:\/\/k-time.it\/products\/treatments\/argan\/maschera-nutriente-con-olio-di-argan-250-ml\/#primaryimage","url":"https:\/\/k-time.it\/wp-content\/uploads\/2021\/09\/22015_k-time_argan_time_nourishing_mask_250ml.png","contentUrl":"https:\/\/k-time.it\/wp-content\/uploads\/2021\/09\/22015_k-time_argan_time_nourishing_mask_250ml.png","width":600,"height":600,"caption":"Argan | Maschera Nutriente con Olio di Argan - Capelli normali"},{"@type":"BreadcrumbList","@id":"https:\/\/k-time.it\/products\/treatments\/argan\/maschera-nutriente-con-olio-di-argan-250-ml\/#breadcrumb","itemListElement":[{"@type":"ListItem","position":1,"name":"Home","item":"https:\/\/k-time.it\/pl\/"},{"@type":"ListItem","position":2,"name":"Shop","item":"https:\/\/k-time.it\/en\/negozio\/"},{"@type":"ListItem","position":3,"name":"Argan | Maska od\u017cywcza z Olejem Arganowym &#8211; W\u0142osy normalne"}]},{"@type":"WebSite","@id":"https:\/\/k-time.it\/en\/#website","url":"https:\/\/k-time.it\/en\/","name":"K-time","description":"Hair Spa Treatments","publisher":{"@id":"https:\/\/k-time.it\/en\/#organization"},"potentialAction":[{"@type":"SearchAction","target":{"@type":"EntryPoint","urlTemplate":"https:\/\/k-time.it\/en\/?s={search_term_string}"},"query-input":{"@type":"PropertyValueSpecification","valueRequired":true,"valueName":"search_term_string"}}],"inLanguage":"pl-PL"},{"@type":"Organization","@id":"https:\/\/k-time.it\/en\/#organization","name":"K-time","url":"https:\/\/k-time.it\/en\/","logo":{"@type":"ImageObject","inLanguage":"pl-PL","@id":"https:\/\/k-time.it\/en\/#\/schema\/logo\/image\/","url":"","contentUrl":"","caption":"K-time"},"image":{"@id":"https:\/\/k-time.it\/en\/#\/schema\/logo\/image\/"}}]}},"_links":{"self":[{"href":"https:\/\/k-time.it\/pl\/wp-json\/wp\/v2\/product\/13584","targetHints":{"allow":["GET"]}}],"collection":[{"href":"https:\/\/k-time.it\/pl\/wp-json\/wp\/v2\/product"}],"about":[{"href":"https:\/\/k-time.it\/pl\/wp-json\/wp\/v2\/types\/product"}],"wp:featuredmedia":[{"embeddable":true,"href":"https:\/\/k-time.it\/pl\/wp-json\/wp\/v2\/media\/19100"}],"wp:attachment":[{"href":"https:\/\/k-time.it\/pl\/wp-json\/wp\/v2\/media?parent=13584"}],"wp:term":[{"taxonomy":"product_brand","embeddable":true,"href":"https:\/\/k-time.it\/pl\/wp-json\/wp\/v2\/product_brand?post=13584"},{"taxonomy":"product_cat","embeddable":true,"href":"https:\/\/k-time.it\/pl\/wp-json\/wp\/v2\/product_cat?post=13584"},{"taxonomy":"product_tag","embeddable":true,"href":"https:\/\/k-time.it\/pl\/wp-json\/wp\/v2\/product_tag?post=13584"}],"curies":[{"name":"wp","href":"https:\/\/api.w.org\/{rel}","templated":true}]}}