{"id":13523,"date":"2020-06-25T16:46:06","date_gmt":"2020-06-25T14:46:06","guid":{"rendered":"https:\/\/k-time.it\/products\/bez-kategorii\/mascara-spray-10-en-1\/"},"modified":"2022-02-25T15:37:17","modified_gmt":"2022-02-25T14:37:17","slug":"maska-w-sprayu-10-w-1","status":"publish","type":"product","link":"https:\/\/k-time.it\/pl\/products\/treatments\/secret\/maska-w-sprayu-10-w-1\/","title":{"rendered":"Secret | Maska w sprayu 10 w 1"},"content":{"rendered":"<div class=\"wpb-content-wrapper\"><p>[vc_row disable_element=&#8221;yes&#8221;][vc_column]<div class=\"ult_exp_section_layer ult-adjust-bottom-margin  \" >\n\t\t<div id=\"uvc-exp-wrap-4523\" role=\"button\" tabindex=\"0\" aria-pressed=\"false\"  data-ultimate-target='#uvc-exp-wrap-4523'  data-responsive-json-new='{\"font-size\":\"desktop:16px;\",\"line-height\":\"desktop:20px;\"}'  class=\"ult_exp_section  ult-responsive \" style=\"color:#ffffff;background-color:#ceb447; font-weight:normal; padding-top:4px;padding-right:7px;padding-bottom:4px;padding-left:4px;text-align:center;\" data-textcolor=\"#ffffff\"data-texthover=\"#ffffff\"data-icncolor=\"#ffffff\"data-ihover=\"#ffffff\"data-height=\"0\"data-cntbg=\"#ceb447\"data-cnthvrbg=\"#ceb447\"data-headerbg=\"#ceb447\"data-headerhover=\"#ceb447\"data-title=\"Jak kupi\u0107\"data-newtitle=\"Zapytaj nas\"data-icon=\"icomoon-the7-font-icon-cart-detailed\"data-newicon=\"icomoon-the7-font-the7-mail-011\"data-activeicon=\"#ffffff\"data-effect=\"slideToggle\"data-override=\"0\"data-activetitle=\"#ffffff\"data-activebg=\"#ceb447\"data-img=\"\"data-newimg=\"\"><div class=\"ult_exp_section-main ult_expleft_icon\">\t<div class=\"ult-just-icon-wrapper ult_exp_icon\">\n\t\t\t\t\t<div class=\"align-icon \">\n\t\t\t\t\t\t\n<span class=\"aio-icon  none  ult_expsection_icon \"  style=\"color:#ffffff;font-size:20px;\">\n\t<i class=\"icomoon-the7-font-icon-cart-detailed ult_ex_icon\"  ><\/i>\n<\/span>\n\t\t\t\t\t<\/div>\n\t\t\t\t<\/div>\n\t\t\t\t<div class=\"ult_expheader\" >Jak kupi\u0107\n\t\t\t\t<\/div>\n\t\t\t<\/div>\n\t\t<\/div><div class=\"ult_exp_content \" style=\"background-color:#ffffff;  \"><div class=\"ult_ecpsub_cont\" style=\" \" >\n<div class=\"wpcf7 no-js\" id=\"wpcf7-f15156-o1\" lang=\"pl-PL\" dir=\"ltr\" data-wpcf7-id=\"15156\">\n<div class=\"screen-reader-response\"><p role=\"status\" aria-live=\"polite\" aria-atomic=\"true\"><\/p> <ul><\/ul><\/div>\n<form action=\"\/pl\/wp-json\/wp\/v2\/product\/13523#wpcf7-f15156-o1\" method=\"post\" class=\"wpcf7-form init\" aria-label=\"Formularz kontaktowy\" novalidate=\"novalidate\" data-status=\"init\">\n<fieldset class=\"hidden-fields-container\"><input type=\"hidden\" name=\"_wpcf7\" value=\"15156\" \/><input type=\"hidden\" name=\"_wpcf7_version\" value=\"6.1.4\" \/><input type=\"hidden\" name=\"_wpcf7_locale\" value=\"pl_PL\" \/><input type=\"hidden\" name=\"_wpcf7_unit_tag\" value=\"wpcf7-f15156-o1\" \/><input type=\"hidden\" name=\"_wpcf7_container_post\" value=\"0\" \/><input type=\"hidden\" name=\"_wpcf7_posted_data_hash\" value=\"\" \/><input type=\"hidden\" name=\"_wpcf7_recaptcha_response\" value=\"\" \/>\n<\/fieldset>\n<p>Imi\u0119\/Nazwisko*\n<\/p>\n<p><span class=\"wpcf7-form-control-wrap\" data-name=\"your-name\"><input size=\"40\" maxlength=\"400\" class=\"wpcf7-form-control wpcf7-text wpcf7-validates-as-required\" aria-required=\"true\" aria-invalid=\"false\" value=\"\" type=\"text\" name=\"your-name\" \/><\/span>\n<\/p>\n<p>Email*\n<\/p>\n<p><span class=\"wpcf7-form-control-wrap\" data-name=\"your-email\"><input size=\"40\" maxlength=\"400\" class=\"wpcf7-form-control wpcf7-email wpcf7-validates-as-required wpcf7-text wpcf7-validates-as-email\" aria-required=\"true\" aria-invalid=\"false\" value=\"\" type=\"email\" name=\"your-email\" \/><\/span>\n<\/p>\n<p>Pozycja*\n<\/p>\n<p><span class=\"wpcf7-form-control-wrap\" data-name=\"status\"><span class=\"wpcf7-form-control wpcf7-checkbox wpcf7-validates-as-required wpcf7-exclusive-checkbox\"><span class=\"wpcf7-list-item first\"><span class=\"wpcf7-list-item-label\">Specjalista<\/span><input type=\"checkbox\" name=\"status\" value=\"Specjalista\" \/><\/span><span class=\"wpcf7-list-item\"><span class=\"wpcf7-list-item-label\">Dystrybutor<\/span><input type=\"checkbox\" name=\"status\" value=\"Dystrybutor\" \/><\/span><span class=\"wpcf7-list-item last\"><span class=\"wpcf7-list-item-label\">Innych<\/span><input type=\"checkbox\" name=\"status\" value=\"Innych\" \/><\/span><\/span><\/span>\n<\/p>\n<p>Kraj*\n<\/p>\n<p><span class=\"wpcf7-form-control-wrap\" data-name=\"country\"><input size=\"40\" maxlength=\"400\" class=\"wpcf7-form-control wpcf7-text wpcf7-validates-as-required\" aria-required=\"true\" aria-invalid=\"false\" value=\"\" type=\"text\" name=\"country\" \/><\/span>\n<\/p>\n<p>Tre\u015b\u0107 wiadomo\u015bci*\n<\/p>\n<p><span class=\"wpcf7-form-control-wrap\" data-name=\"your-message\"><textarea cols=\"40\" rows=\"10\" maxlength=\"2000\" class=\"wpcf7-form-control wpcf7-textarea wpcf7-validates-as-required\" aria-required=\"true\" aria-invalid=\"false\" name=\"your-message\"><\/textarea><\/span>\n<\/p>\n<p><span class=\"wpcf7-form-control-wrap\" data-name=\"acceptance-20\"><span class=\"wpcf7-form-control wpcf7-acceptance\"><span class=\"wpcf7-list-item\"><input type=\"checkbox\" name=\"acceptance-20\" value=\"1\" aria-invalid=\"false\" \/><\/span><\/span><\/span> I express my informed, specific and unconditional consent for the company Comprof Milano Srl to proceed with the processing of my personal data to process the requests for information transmitted, as better described in the <a href=\"https:\/\/k-time.it\/pl\/privacy-policy\/\" target=\"_blank\" rel=\"noopener\">Privacy Policy<\/a>*\n<\/p>\n<p><small>Ta witryna jest chroniona przez <a href=\"https:\/\/policies.google.com\/privacy\"> Polityk\u0119 prywatno\u015bci <\/a> Google reCAPTCHA i <a href=\"https:\/\/policies.google.com\/terms\"> Warunki korzystania z us\u0142ugi<\/a><\/small>\n<\/p>\n<p><input class=\"wpcf7-form-control wpcf7-submit has-spinner\" type=\"submit\" value=\"Wy\u015blij\" \/>\n<\/p><div class=\"wpcf7-response-output\" aria-hidden=\"true\"><\/div>\n<\/form>\n<\/div>\n<\/div><\/div>\n\n\t\t\t<\/div>[\/vc_column][\/vc_row][vc_row][vc_column width=&#8221;1\/2&#8243;]<div class=\"standard-arrow list-divider bullet-top\"><h2>Formu\u0142a<\/h2>\n<ul>\n<li><strong>Polimer silikonowy z grupy amin<\/strong>: o kompleksowym dzia\u0142aniu kosmetycznym<\/li>\n<li><strong>Olej arganowy<\/strong>: wzmacnia i od\u017cywia w\u0142osy<\/li>\n<li><strong>Behentrimonium Chloride<\/strong>: piel\u0119gnuje w\u0142osy<\/li>\n<\/ul>\n<\/div>[\/vc_column][vc_column width=&#8221;1\/2&#8243;]<div class=\"standard-number-list list-divider bullet-top\"><h2>Korzy\u015bci<\/h2>\n<ol>\n<li>Regeneracja<\/li>\n<li>Redukcja puszenia si\u0119 w\u0142os\u00f3w<\/li>\n<li>Ochrona przed wysokimi temperaturami<\/li>\n<li>Niesamowicie mi\u0119kkie w\u0142osy<\/li>\n<li>Filtry &#8222;przed\u0142u\u017caj\u0105ce trwa\u0142o\u015b\u0107 koloru&#8221;<\/li>\n<li>Szybka stylizacja<\/li>\n<li>Maksymalne utrwalenie fryzury<\/li>\n<li>\u0141atwe rozczesywanie<\/li>\n<li>Stop rozdwojonym ko\u0144c\u00f3wkom<\/li>\n<li>Pogrubione i uniesione w\u0142osy<\/li>\n<\/ol>\n<\/div>[\/vc_column][\/vc_row][vc_row css=&#8221;.vc_custom_1595317695114{padding-top: 50px !important;}&#8221;][vc_column]<div class=\"dt-fancy-separator h2-size style-thick\" style=\"width: 100%;\"><div class=\"dt-fancy-title\" style=\"color: #333333;\"><span class=\"separator-holder separator-left\" style=\"border-color: #f0f0f0;\"><\/span>Produkty powi\u0105zane<span class=\"separator-holder separator-right\" style=\"border-color: #f0f0f0;\"><\/span><\/div><\/div>[vc_raw_html]JTVCd3BiLXByb2R1Y3Qtc2xpZGVyLXNob3J0Y29kZSUyMGlkJTNEJTIyMjI2OCUyMiU1RA==[\/vc_raw_html][\/vc_column][\/vc_row]<\/p>\n<\/div>","protected":false},"excerpt":{"rendered":"<div class=\"woocommerce-product-details__short-description\">\n<p>Maska w sprayu o kompleksowym dzia\u0142aniu<strong> z serii <\/strong>Secret<strong> bez sp\u0142ukiwania zapewniaj\u0105ca 10 dobroczynnych efekt\u00f3w<\/strong> W jednym niesamowitym produkcie zawarli\u015bmy kompletn\u0105 piel\u0119gnacj\u0119 spe\u0142niaj\u0105c\u0105 najcz\u0119stsze potrzeby wszystkich rodzaj\u00f3w w\u0142os\u00f3w.<\/p>\n<p>Spryskuj\u0105c mask\u0119 w sprayu na umyte i osuszone r\u0119cznikiem w\u0142osy, dzi\u0119ki jego szybkiej skuteczno\u015bci, wykonasz <strong>10 czynno\u015bci w jednym prostym ge\u015bcie<\/strong>: <strong>\u0142atwe rozczesywanie<\/strong> dla szybkiej stylizacji i <strong>[glossary_exclude]maksymalnego[\/glossary_exclude] utrwalenia<\/strong>, <strong>redukcja rozdwajania si\u0119 ko\u0144c\u00f3wek<\/strong> i <strong>zdyscyplinowana fryzura<\/strong> oraz <strong>ochrona przed wysokimi temperaturami<\/strong>, dla <strong>zregenerowanych, mi\u0119kkich i pe\u0142nych obj\u0119to\u015bci w\u0142os\u00f3w<\/strong>.<\/p>\n<p>Opakowanie 180 ml<\/p>\n<\/div>\n<p>&nbsp;<\/p>\n<p>[vc_row][vc_column][ultimate_exp_section title=\"Jak kupi\u0107\" new_title=\"Zapytaj nas\" text_color=\"#ffffff\" background_color=\"#877650\" text_hovercolor=\"#ffffff\" bghovercolor=\"#877650\" title_active=\"#ffffff\" title_active_bg=\"#877650\" cnt_bg_color=\"#ffffff\" icon=\"icomoon-the7-font-icon-cart-detailed\" new_icon=\"icomoon-the7-font-the7-mail-011\" icon_align=\"left\" icon_size=\"20\" icon_color=\"#ffffff\" icon_hover_color=\"#ffffff\" icon_active_color=\"#ffffff\" title_font_size=\"desktop:16px;\" title_padding=\"padding-top:4px;padding-right:7px;padding-bottom:4px;padding-left:4px;\" icon_margin=\"margin-right:1px;\"][contact-form-7 id=\"496\"][\/ultimate_exp_section][\/vc_column][\/vc_row]<\/p>\n","protected":false},"featured_media":18322,"template":"","meta":[],"product_brand":[],"product_cat":[2084],"product_tag":[],"class_list":{"0":"post-13523","1":"product","2":"type-product","3":"status-publish","4":"has-post-thumbnail","6":"product_cat-secret","7":"description-off","9":"first","10":"instock","11":"shipping-taxable","12":"product-type-simple"},"yoast_head":"<!-- This site is optimized with the Yoast SEO plugin v26.8 - https:\/\/yoast.com\/product\/yoast-seo-wordpress\/ -->\n<title>Secret | Maska w sprayu 10 w 1 - K-time<\/title>\n<meta name=\"description\" content=\"Maska w sprayu o kompleksowym dzia\u0142aniu z serii Secret bez sp\u0142ukiwania zapewniaj\u0105ca 10 dobroczynnych efekt\u00f3w W jednym niesamowitym produkcie zawarli\u015bmy kompletn\u0105 piel\u0119gnacj\u0119 spe\u0142niaj\u0105c\u0105 najcz\u0119stsze potrzeby wszystkich rodzaj\u00f3w w\u0142os\u00f3w.\" \/>\n<meta name=\"robots\" content=\"index, follow, max-snippet:-1, max-image-preview:large, max-video-preview:-1\" \/>\n<link rel=\"canonical\" href=\"https:\/\/k-time.it\/pl\/products\/treatments\/secret\/maska-w-sprayu-10-w-1\/\" \/>\n<meta property=\"og:locale\" content=\"pl_PL\" \/>\n<meta property=\"og:type\" content=\"article\" \/>\n<meta property=\"og:title\" content=\"Secret | Maska w sprayu 10 w 1 - K-time\" \/>\n<meta property=\"og:description\" content=\"Maska w sprayu o kompleksowym dzia\u0142aniu z serii Secret bez sp\u0142ukiwania zapewniaj\u0105ca 10 dobroczynnych efekt\u00f3w W jednym niesamowitym produkcie zawarli\u015bmy kompletn\u0105 piel\u0119gnacj\u0119 spe\u0142niaj\u0105c\u0105 najcz\u0119stsze potrzeby wszystkich rodzaj\u00f3w w\u0142os\u00f3w.\" \/>\n<meta property=\"og:url\" content=\"https:\/\/k-time.it\/pl\/products\/treatments\/secret\/maska-w-sprayu-10-w-1\/\" \/>\n<meta property=\"og:site_name\" content=\"K-time\" \/>\n<meta property=\"article:modified_time\" content=\"2022-02-25T14:37:17+00:00\" \/>\n<meta property=\"og:image\" content=\"https:\/\/k-time.it\/wp-content\/uploads\/2020\/06\/22025_k-time_secret_spray_10in1_spray_mask_180ml-1.png\" \/>\n\t<meta property=\"og:image:width\" content=\"600\" \/>\n\t<meta property=\"og:image:height\" content=\"600\" \/>\n\t<meta property=\"og:image:type\" content=\"image\/png\" \/>\n<meta name=\"twitter:card\" content=\"summary_large_image\" \/>\n<meta name=\"twitter:label1\" content=\"Szacowany czas czytania\" \/>\n\t<meta name=\"twitter:data1\" content=\"1 minuta\" \/>\n<script type=\"application\/ld+json\" class=\"yoast-schema-graph\">{\"@context\":\"https:\/\/schema.org\",\"@graph\":[{\"@type\":\"WebPage\",\"@id\":\"https:\/\/k-time.it\/pl\/products\/treatments\/secret\/maska-w-sprayu-10-w-1\/\",\"url\":\"https:\/\/k-time.it\/pl\/products\/treatments\/secret\/maska-w-sprayu-10-w-1\/\",\"name\":\"Secret | Maska w sprayu 10 w 1 - K-time\",\"isPartOf\":{\"@id\":\"https:\/\/k-time.it\/en\/#website\"},\"primaryImageOfPage\":{\"@id\":\"https:\/\/k-time.it\/pl\/products\/treatments\/secret\/maska-w-sprayu-10-w-1\/#primaryimage\"},\"image\":{\"@id\":\"https:\/\/k-time.it\/pl\/products\/treatments\/secret\/maska-w-sprayu-10-w-1\/#primaryimage\"},\"thumbnailUrl\":\"https:\/\/k-time.it\/wp-content\/uploads\/2020\/06\/22025_k-time_secret_spray_10in1_spray_mask_180ml-1.png\",\"datePublished\":\"2020-06-25T14:46:06+00:00\",\"dateModified\":\"2022-02-25T14:37:17+00:00\",\"description\":\"Maska w sprayu o kompleksowym dzia\u0142aniu z serii Secret bez sp\u0142ukiwania zapewniaj\u0105ca 10 dobroczynnych efekt\u00f3w W jednym niesamowitym produkcie zawarli\u015bmy kompletn\u0105 piel\u0119gnacj\u0119 spe\u0142niaj\u0105c\u0105 najcz\u0119stsze potrzeby wszystkich rodzaj\u00f3w w\u0142os\u00f3w.\",\"breadcrumb\":{\"@id\":\"https:\/\/k-time.it\/pl\/products\/treatments\/secret\/maska-w-sprayu-10-w-1\/#breadcrumb\"},\"inLanguage\":\"pl-PL\",\"potentialAction\":[{\"@type\":\"ReadAction\",\"target\":[\"https:\/\/k-time.it\/pl\/products\/treatments\/secret\/maska-w-sprayu-10-w-1\/\"]}]},{\"@type\":\"ImageObject\",\"inLanguage\":\"pl-PL\",\"@id\":\"https:\/\/k-time.it\/pl\/products\/treatments\/secret\/maska-w-sprayu-10-w-1\/#primaryimage\",\"url\":\"https:\/\/k-time.it\/wp-content\/uploads\/2020\/06\/22025_k-time_secret_spray_10in1_spray_mask_180ml-1.png\",\"contentUrl\":\"https:\/\/k-time.it\/wp-content\/uploads\/2020\/06\/22025_k-time_secret_spray_10in1_spray_mask_180ml-1.png\",\"width\":600,\"height\":600,\"caption\":\"Maschera Spray Multiazione 10 in 1\"},{\"@type\":\"BreadcrumbList\",\"@id\":\"https:\/\/k-time.it\/pl\/products\/treatments\/secret\/maska-w-sprayu-10-w-1\/#breadcrumb\",\"itemListElement\":[{\"@type\":\"ListItem\",\"position\":1,\"name\":\"Home\",\"item\":\"https:\/\/k-time.it\/pl\/\"},{\"@type\":\"ListItem\",\"position\":2,\"name\":\"Shop\",\"item\":\"https:\/\/k-time.it\/en\/negozio\/\"},{\"@type\":\"ListItem\",\"position\":3,\"name\":\"Secret | Maska w sprayu 10 w 1\"}]},{\"@type\":\"WebSite\",\"@id\":\"https:\/\/k-time.it\/en\/#website\",\"url\":\"https:\/\/k-time.it\/en\/\",\"name\":\"K-time\",\"description\":\"Hair Spa Treatments\",\"publisher\":{\"@id\":\"https:\/\/k-time.it\/en\/#organization\"},\"potentialAction\":[{\"@type\":\"SearchAction\",\"target\":{\"@type\":\"EntryPoint\",\"urlTemplate\":\"https:\/\/k-time.it\/en\/?s={search_term_string}\"},\"query-input\":{\"@type\":\"PropertyValueSpecification\",\"valueRequired\":true,\"valueName\":\"search_term_string\"}}],\"inLanguage\":\"pl-PL\"},{\"@type\":\"Organization\",\"@id\":\"https:\/\/k-time.it\/en\/#organization\",\"name\":\"K-time\",\"url\":\"https:\/\/k-time.it\/en\/\",\"logo\":{\"@type\":\"ImageObject\",\"inLanguage\":\"pl-PL\",\"@id\":\"https:\/\/k-time.it\/en\/#\/schema\/logo\/image\/\",\"url\":\"\",\"contentUrl\":\"\",\"caption\":\"K-time\"},\"image\":{\"@id\":\"https:\/\/k-time.it\/en\/#\/schema\/logo\/image\/\"}}]}<\/script>\n<!-- \/ Yoast SEO plugin. -->","yoast_head_json":{"title":"Secret | Maska w sprayu 10 w 1 - K-time","description":"Maska w sprayu o kompleksowym dzia\u0142aniu z serii Secret bez sp\u0142ukiwania zapewniaj\u0105ca 10 dobroczynnych efekt\u00f3w W jednym niesamowitym produkcie zawarli\u015bmy kompletn\u0105 piel\u0119gnacj\u0119 spe\u0142niaj\u0105c\u0105 najcz\u0119stsze potrzeby wszystkich rodzaj\u00f3w w\u0142os\u00f3w.","robots":{"index":"index","follow":"follow","max-snippet":"max-snippet:-1","max-image-preview":"max-image-preview:large","max-video-preview":"max-video-preview:-1"},"canonical":"https:\/\/k-time.it\/pl\/products\/treatments\/secret\/maska-w-sprayu-10-w-1\/","og_locale":"pl_PL","og_type":"article","og_title":"Secret | Maska w sprayu 10 w 1 - K-time","og_description":"Maska w sprayu o kompleksowym dzia\u0142aniu z serii Secret bez sp\u0142ukiwania zapewniaj\u0105ca 10 dobroczynnych efekt\u00f3w W jednym niesamowitym produkcie zawarli\u015bmy kompletn\u0105 piel\u0119gnacj\u0119 spe\u0142niaj\u0105c\u0105 najcz\u0119stsze potrzeby wszystkich rodzaj\u00f3w w\u0142os\u00f3w.","og_url":"https:\/\/k-time.it\/pl\/products\/treatments\/secret\/maska-w-sprayu-10-w-1\/","og_site_name":"K-time","article_modified_time":"2022-02-25T14:37:17+00:00","og_image":[{"width":600,"height":600,"url":"https:\/\/k-time.it\/wp-content\/uploads\/2020\/06\/22025_k-time_secret_spray_10in1_spray_mask_180ml-1.png","type":"image\/png"}],"twitter_card":"summary_large_image","twitter_misc":{"Szacowany czas czytania":"1 minuta"},"schema":{"@context":"https:\/\/schema.org","@graph":[{"@type":"WebPage","@id":"https:\/\/k-time.it\/pl\/products\/treatments\/secret\/maska-w-sprayu-10-w-1\/","url":"https:\/\/k-time.it\/pl\/products\/treatments\/secret\/maska-w-sprayu-10-w-1\/","name":"Secret | Maska w sprayu 10 w 1 - K-time","isPartOf":{"@id":"https:\/\/k-time.it\/en\/#website"},"primaryImageOfPage":{"@id":"https:\/\/k-time.it\/pl\/products\/treatments\/secret\/maska-w-sprayu-10-w-1\/#primaryimage"},"image":{"@id":"https:\/\/k-time.it\/pl\/products\/treatments\/secret\/maska-w-sprayu-10-w-1\/#primaryimage"},"thumbnailUrl":"https:\/\/k-time.it\/wp-content\/uploads\/2020\/06\/22025_k-time_secret_spray_10in1_spray_mask_180ml-1.png","datePublished":"2020-06-25T14:46:06+00:00","dateModified":"2022-02-25T14:37:17+00:00","description":"Maska w sprayu o kompleksowym dzia\u0142aniu z serii Secret bez sp\u0142ukiwania zapewniaj\u0105ca 10 dobroczynnych efekt\u00f3w W jednym niesamowitym produkcie zawarli\u015bmy kompletn\u0105 piel\u0119gnacj\u0119 spe\u0142niaj\u0105c\u0105 najcz\u0119stsze potrzeby wszystkich rodzaj\u00f3w w\u0142os\u00f3w.","breadcrumb":{"@id":"https:\/\/k-time.it\/pl\/products\/treatments\/secret\/maska-w-sprayu-10-w-1\/#breadcrumb"},"inLanguage":"pl-PL","potentialAction":[{"@type":"ReadAction","target":["https:\/\/k-time.it\/pl\/products\/treatments\/secret\/maska-w-sprayu-10-w-1\/"]}]},{"@type":"ImageObject","inLanguage":"pl-PL","@id":"https:\/\/k-time.it\/pl\/products\/treatments\/secret\/maska-w-sprayu-10-w-1\/#primaryimage","url":"https:\/\/k-time.it\/wp-content\/uploads\/2020\/06\/22025_k-time_secret_spray_10in1_spray_mask_180ml-1.png","contentUrl":"https:\/\/k-time.it\/wp-content\/uploads\/2020\/06\/22025_k-time_secret_spray_10in1_spray_mask_180ml-1.png","width":600,"height":600,"caption":"Maschera Spray Multiazione 10 in 1"},{"@type":"BreadcrumbList","@id":"https:\/\/k-time.it\/pl\/products\/treatments\/secret\/maska-w-sprayu-10-w-1\/#breadcrumb","itemListElement":[{"@type":"ListItem","position":1,"name":"Home","item":"https:\/\/k-time.it\/pl\/"},{"@type":"ListItem","position":2,"name":"Shop","item":"https:\/\/k-time.it\/en\/negozio\/"},{"@type":"ListItem","position":3,"name":"Secret | Maska w sprayu 10 w 1"}]},{"@type":"WebSite","@id":"https:\/\/k-time.it\/en\/#website","url":"https:\/\/k-time.it\/en\/","name":"K-time","description":"Hair Spa Treatments","publisher":{"@id":"https:\/\/k-time.it\/en\/#organization"},"potentialAction":[{"@type":"SearchAction","target":{"@type":"EntryPoint","urlTemplate":"https:\/\/k-time.it\/en\/?s={search_term_string}"},"query-input":{"@type":"PropertyValueSpecification","valueRequired":true,"valueName":"search_term_string"}}],"inLanguage":"pl-PL"},{"@type":"Organization","@id":"https:\/\/k-time.it\/en\/#organization","name":"K-time","url":"https:\/\/k-time.it\/en\/","logo":{"@type":"ImageObject","inLanguage":"pl-PL","@id":"https:\/\/k-time.it\/en\/#\/schema\/logo\/image\/","url":"","contentUrl":"","caption":"K-time"},"image":{"@id":"https:\/\/k-time.it\/en\/#\/schema\/logo\/image\/"}}]}},"_links":{"self":[{"href":"https:\/\/k-time.it\/pl\/wp-json\/wp\/v2\/product\/13523","targetHints":{"allow":["GET"]}}],"collection":[{"href":"https:\/\/k-time.it\/pl\/wp-json\/wp\/v2\/product"}],"about":[{"href":"https:\/\/k-time.it\/pl\/wp-json\/wp\/v2\/types\/product"}],"wp:featuredmedia":[{"embeddable":true,"href":"https:\/\/k-time.it\/pl\/wp-json\/wp\/v2\/media\/18322"}],"wp:attachment":[{"href":"https:\/\/k-time.it\/pl\/wp-json\/wp\/v2\/media?parent=13523"}],"wp:term":[{"taxonomy":"product_brand","embeddable":true,"href":"https:\/\/k-time.it\/pl\/wp-json\/wp\/v2\/product_brand?post=13523"},{"taxonomy":"product_cat","embeddable":true,"href":"https:\/\/k-time.it\/pl\/wp-json\/wp\/v2\/product_cat?post=13523"},{"taxonomy":"product_tag","embeddable":true,"href":"https:\/\/k-time.it\/pl\/wp-json\/wp\/v2\/product_tag?post=13523"}],"curies":[{"name":"wp","href":"https:\/\/api.w.org\/{rel}","templated":true}]}}