{"id":13507,"date":"2020-06-25T16:46:19","date_gmt":"2020-06-25T14:46:19","guid":{"rendered":"https:\/\/k-time.it\/products\/bez-kategorii\/champu-ducha-after-sun\/"},"modified":"2025-04-18T11:19:58","modified_gmt":"2025-04-18T09:19:58","slug":"szampon-i-zel-pod-prysznic-po-opalaniu","status":"publish","type":"product","link":"https:\/\/k-time.it\/pl\/products\/treatments\/secret-sun\/szampon-i-zel-pod-prysznic-po-opalaniu\/","title":{"rendered":"Secret Sun | Szampon i \u017cel pod prysznic po opalaniu"},"content":{"rendered":"<div class=\"wpb-content-wrapper\"><p>[vc_row disable_element=&#8221;yes&#8221;][vc_column]<div class=\"ult_exp_section_layer ult-adjust-bottom-margin  \" >\n\t\t<div id=\"uvc-exp-wrap-7096\" role=\"button\" tabindex=\"0\" aria-pressed=\"false\"  data-ultimate-target='#uvc-exp-wrap-7096'  data-responsive-json-new='{\"font-size\":\"desktop:16px;\",\"line-height\":\"desktop:20px;\"}'  class=\"ult_exp_section  ult-responsive \" style=\"color:#ffffff;background-color:#877650; font-weight:normal; padding-top:4px;padding-right:7px;padding-bottom:4px;padding-left:4px;text-align:center;\" data-textcolor=\"#ffffff\"data-texthover=\"#ffffff\"data-icncolor=\"#ffffff\"data-ihover=\"#ffffff\"data-height=\"0\"data-cntbg=\"#877650\"data-cnthvrbg=\"#877650\"data-headerbg=\"#877650\"data-headerhover=\"#877650\"data-title=\"Jak kupi\u0107\"data-newtitle=\"Zapytaj nas\"data-icon=\"icomoon-the7-font-icon-cart-detailed\"data-newicon=\"icomoon-the7-font-the7-mail-011\"data-activeicon=\"#ffffff\"data-effect=\"slideToggle\"data-override=\"0\"data-activetitle=\"#ffffff\"data-activebg=\"#877650\"data-img=\"\"data-newimg=\"\"><div class=\"ult_exp_section-main ult_expleft_icon\">\t<div class=\"ult-just-icon-wrapper ult_exp_icon\">\n\t\t\t\t\t<div class=\"align-icon \">\n\t\t\t\t\t\t\n<span class=\"aio-icon  none  ult_expsection_icon \"  style=\"color:#ffffff;font-size:20px;\">\n\t<i class=\"icomoon-the7-font-icon-cart-detailed ult_ex_icon\"  ><\/i>\n<\/span>\n\t\t\t\t\t<\/div>\n\t\t\t\t<\/div>\n\t\t\t\t<div class=\"ult_expheader\" >Jak kupi\u0107\n\t\t\t\t<\/div>\n\t\t\t<\/div>\n\t\t<\/div><div class=\"ult_exp_content \" style=\"background-color:#ffffff;  \"><div class=\"ult_ecpsub_cont\" style=\" \" >\n<div class=\"wpcf7 no-js\" id=\"wpcf7-f15156-o1\" lang=\"pl-PL\" dir=\"ltr\" data-wpcf7-id=\"15156\">\n<div class=\"screen-reader-response\"><p role=\"status\" aria-live=\"polite\" aria-atomic=\"true\"><\/p> <ul><\/ul><\/div>\n<form action=\"\/pl\/wp-json\/wp\/v2\/product\/13507#wpcf7-f15156-o1\" method=\"post\" class=\"wpcf7-form init\" aria-label=\"Formularz kontaktowy\" novalidate=\"novalidate\" data-status=\"init\">\n<fieldset class=\"hidden-fields-container\"><input type=\"hidden\" name=\"_wpcf7\" value=\"15156\" \/><input type=\"hidden\" name=\"_wpcf7_version\" value=\"6.1.4\" \/><input type=\"hidden\" name=\"_wpcf7_locale\" value=\"pl_PL\" \/><input type=\"hidden\" name=\"_wpcf7_unit_tag\" value=\"wpcf7-f15156-o1\" \/><input type=\"hidden\" name=\"_wpcf7_container_post\" value=\"0\" \/><input type=\"hidden\" name=\"_wpcf7_posted_data_hash\" value=\"\" \/><input type=\"hidden\" name=\"_wpcf7_recaptcha_response\" value=\"\" \/>\n<\/fieldset>\n<p>Imi\u0119\/Nazwisko*\n<\/p>\n<p><span class=\"wpcf7-form-control-wrap\" data-name=\"your-name\"><input size=\"40\" maxlength=\"400\" class=\"wpcf7-form-control wpcf7-text wpcf7-validates-as-required\" aria-required=\"true\" aria-invalid=\"false\" value=\"\" type=\"text\" name=\"your-name\" \/><\/span>\n<\/p>\n<p>Email*\n<\/p>\n<p><span class=\"wpcf7-form-control-wrap\" data-name=\"your-email\"><input size=\"40\" maxlength=\"400\" class=\"wpcf7-form-control wpcf7-email wpcf7-validates-as-required wpcf7-text wpcf7-validates-as-email\" aria-required=\"true\" aria-invalid=\"false\" value=\"\" type=\"email\" name=\"your-email\" \/><\/span>\n<\/p>\n<p>Pozycja*\n<\/p>\n<p><span class=\"wpcf7-form-control-wrap\" data-name=\"status\"><span class=\"wpcf7-form-control wpcf7-checkbox wpcf7-validates-as-required wpcf7-exclusive-checkbox\"><span class=\"wpcf7-list-item first\"><span class=\"wpcf7-list-item-label\">Specjalista<\/span><input type=\"checkbox\" name=\"status\" value=\"Specjalista\" \/><\/span><span class=\"wpcf7-list-item\"><span class=\"wpcf7-list-item-label\">Dystrybutor<\/span><input type=\"checkbox\" name=\"status\" value=\"Dystrybutor\" \/><\/span><span class=\"wpcf7-list-item last\"><span class=\"wpcf7-list-item-label\">Innych<\/span><input type=\"checkbox\" name=\"status\" value=\"Innych\" \/><\/span><\/span><\/span>\n<\/p>\n<p>Kraj*\n<\/p>\n<p><span class=\"wpcf7-form-control-wrap\" data-name=\"country\"><input size=\"40\" maxlength=\"400\" class=\"wpcf7-form-control wpcf7-text wpcf7-validates-as-required\" aria-required=\"true\" aria-invalid=\"false\" value=\"\" type=\"text\" name=\"country\" \/><\/span>\n<\/p>\n<p>Tre\u015b\u0107 wiadomo\u015bci*\n<\/p>\n<p><span class=\"wpcf7-form-control-wrap\" data-name=\"your-message\"><textarea cols=\"40\" rows=\"10\" maxlength=\"2000\" class=\"wpcf7-form-control wpcf7-textarea wpcf7-validates-as-required\" aria-required=\"true\" aria-invalid=\"false\" name=\"your-message\"><\/textarea><\/span>\n<\/p>\n<p><span class=\"wpcf7-form-control-wrap\" data-name=\"acceptance-20\"><span class=\"wpcf7-form-control wpcf7-acceptance\"><span class=\"wpcf7-list-item\"><input type=\"checkbox\" name=\"acceptance-20\" value=\"1\" aria-invalid=\"false\" \/><\/span><\/span><\/span> I express my informed, specific and unconditional consent for the company Comprof Milano Srl to proceed with the processing of my personal data to process the requests for information transmitted, as better described in the <a href=\"https:\/\/k-time.it\/pl\/privacy-policy\/\" target=\"_blank\" rel=\"noopener\">Privacy Policy<\/a>*\n<\/p>\n<p><small>Ta witryna jest chroniona przez <a href=\"https:\/\/policies.google.com\/privacy\"> Polityk\u0119 prywatno\u015bci <\/a> Google reCAPTCHA i <a href=\"https:\/\/policies.google.com\/terms\"> Warunki korzystania z us\u0142ugi<\/a><\/small>\n<\/p>\n<p><input class=\"wpcf7-form-control wpcf7-submit has-spinner\" type=\"submit\" value=\"Wy\u015blij\" \/>\n<\/p><div class=\"wpcf7-response-output\" aria-hidden=\"true\"><\/div>\n<\/form>\n<\/div>\n<\/div><\/div>\n\n\t\t\t<\/div>[\/vc_column][\/vc_row][vc_row][vc_column width=&#8221;1\/2&#8243;]<div class=\"standard-arrow list-divider bullet-top\"><h2>Formu\u0142a<\/h2>\n<ul>\n<li><strong data-start=\"1592\" data-end=\"1626\">Hydrolizowane Proteiny Ry\u017cowe:<\/strong> wzmacniaj\u0105 struktur\u0119 w\u0142osa, nadaj\u0105c mu elastyczno\u015b\u0107 i intensywny blask.<\/li>\n<li><strong data-start=\"1701\" data-end=\"1719\">Olej Arganowy:<\/strong> znany ze swoich w\u0142a\u015bciwo\u015bci od\u017cywczych, nawil\u017ca w\u0142osy, przywracaj\u0105c im witalno\u015b\u0107 i mi\u0119kko\u015b\u0107.<\/li>\n<li><strong data-start=\"1815\" data-end=\"1833\">Mas\u0142o Kakaowe:<\/strong> tworzy barier\u0119 ochronn\u0105 przed czynnikami zewn\u0119trznymi i wzmacnia w\u0142\u00f3kno w\u0142osa.<\/li>\n<li><strong data-start=\"1915\" data-end=\"1935\">Olej z Abisynii:<\/strong> od\u017cywia i chroni, pozostawiaj\u0105c w\u0142osy lekkie i jedwabi\u015bcie g\u0142adkie.<\/li>\n<\/ul>\n<\/div>[\/vc_column][vc_column width=&#8221;1\/2&#8243;]<div class=\"standard-arrow list-divider bullet-top\"><h2>Korzy\u015bci<\/h2>\n<ul>\n<li>Delikatnie oczyszcza w\u0142osy i cia\u0142o<\/li>\n<li>Przywraca mi\u0119kko\u015b\u0107 w\u0142osom i tonizuje sk\u00f3r\u0119<\/li>\n<li>Oczyszcza na zewn\u0105trz i od \u015brodka, usuwaj\u0105c wszelkie zanieczyszczenia (chlor, s\u00f3l morska)<\/li>\n<li>Od\u017cywia w\u0142\u00f3kno w\u0142osa i g\u0142\u0119boko je nawil\u017ca<\/li>\n<\/ul>\n<\/div>[\/vc_column][\/vc_row][vc_row css=&#8221;.vc_custom_1595317695114{padding-top: 50px !important;}&#8221;][vc_column]<div class=\"dt-fancy-separator h2-size style-thick\" style=\"width: 100%;\"><div class=\"dt-fancy-title\" style=\"color: #333333;\"><span class=\"separator-holder separator-left\" style=\"border-color: #f0f0f0;\"><\/span>Produkty powi\u0105zane<span class=\"separator-holder separator-right\" style=\"border-color: #f0f0f0;\"><\/span><\/div><\/div>[vc_raw_html]JTVCd3BiLXByb2R1Y3Qtc2xpZGVyLXNob3J0Y29kZSUyMGlkJTNEJTIyMjI3MyUyMiU1RA==[\/vc_raw_html][\/vc_column][\/vc_row]<\/p>\n<\/div>","protected":false},"excerpt":{"rendered":"<div class=\"woocommerce-product-details__short-description\">\n<p><strong>Szampon i \u017cel pod prysznic po opalaniu<\/strong> dla wszystkich mi\u0142o\u015bniczek lata, doskona\u0142y dla w\u0142os\u00f3w i cia\u0142a nara\u017conych na dzia\u0142anie promieni s\u0142o\u0144ca, soli i chloru.<\/p>\n<p>Delikatny szampon i \u017cel pod prysznic w jednym <strong>oczyszcza<\/strong> w\u0142osy i sk\u00f3r\u0119, zapobiega przesuszaniu si\u0119 sk\u00f3ry i od\u017cywia w\u0142\u00f3kna w\u0142osa, zachowuj\u0105c <strong>po\u0142ysk koloru.<\/strong><\/p>\n<p>Dzi\u0119ki formule bogatej w sk\u0142adniki <strong>aktywne <\/strong>dzia\u0142a jak emolient, kt\u00f3ry oczyszcza sk\u00f3r\u0119 i w\u0142osy z wszelkich pozosta\u0142o\u015bci.<\/p>\n<\/div>\n<p>&nbsp;<\/p>\n<p>[vc_row][vc_column][ultimate_exp_section title=\"Jak kupi\u0107\" new_title=\"Zapytaj nas\" text_color=\"#ffffff\" background_color=\"#877650\" text_hovercolor=\"#ffffff\" bghovercolor=\"#877650\" title_active=\"#ffffff\" title_active_bg=\"#877650\" cnt_bg_color=\"#ffffff\" icon=\"icomoon-the7-font-icon-cart-detailed\" new_icon=\"icomoon-the7-font-the7-mail-011\" icon_align=\"left\" icon_size=\"20\" icon_color=\"#ffffff\" icon_hover_color=\"#ffffff\" icon_active_color=\"#ffffff\" title_font_size=\"desktop:16px;\" title_padding=\"padding-top:4px;padding-right:7px;padding-bottom:4px;padding-left:4px;\" icon_margin=\"margin-right:1px;\"][contact-form-7 id=\"496\"][\/ultimate_exp_section][\/vc_column][\/vc_row]<\/p>\n","protected":false},"featured_media":26054,"template":"","meta":[],"product_brand":[],"product_cat":[2078],"product_tag":[],"class_list":{"0":"post-13507","1":"product","2":"type-product","3":"status-publish","4":"has-post-thumbnail","6":"product_cat-secret-sun","7":"description-off","9":"first","10":"instock","11":"shipping-taxable","12":"product-type-simple"},"yoast_head":"<!-- This site is optimized with the Yoast SEO plugin v26.8 - https:\/\/yoast.com\/product\/yoast-seo-wordpress\/ -->\n<title>Secret Sun | Szampon i \u017cel pod prysznic po opalaniu - K-time<\/title>\n<meta name=\"description\" content=\"Szampon i \u017cel pod prysznic po opalaniu dla wszystkich mi\u0142o\u015bniczek lata, doskona\u0142y dla w\u0142os\u00f3w i cia\u0142a nara\u017conych na dzia\u0142anie promieni s\u0142o\u0144ca, soli i chloru.\" \/>\n<meta name=\"robots\" content=\"index, follow, max-snippet:-1, max-image-preview:large, max-video-preview:-1\" \/>\n<link rel=\"canonical\" href=\"https:\/\/k-time.it\/products\/treatments\/secret-sun\/secret-sun-shampoo-doccia-doposole\/\" \/>\n<meta property=\"og:locale\" content=\"pl_PL\" \/>\n<meta property=\"og:type\" content=\"article\" \/>\n<meta property=\"og:title\" content=\"Secret Sun | Szampon i \u017cel pod prysznic po opalaniu - K-time\" \/>\n<meta property=\"og:description\" content=\"Szampon i \u017cel pod prysznic po opalaniu dla wszystkich mi\u0142o\u015bniczek lata, doskona\u0142y dla w\u0142os\u00f3w i cia\u0142a nara\u017conych na dzia\u0142anie promieni s\u0142o\u0144ca, soli i chloru.\" \/>\n<meta property=\"og:url\" content=\"https:\/\/k-time.it\/products\/treatments\/secret-sun\/secret-sun-shampoo-doccia-doposole\/\" \/>\n<meta property=\"og:site_name\" content=\"K-time\" \/>\n<meta property=\"article:modified_time\" content=\"2025-04-18T09:19:58+00:00\" \/>\n<meta property=\"og:image\" content=\"https:\/\/k-time.it\/wp-content\/uploads\/2020\/06\/22030_k-time_secret_sun_after_sun_shower_shampoo_300ml.png\" \/>\n\t<meta property=\"og:image:width\" content=\"800\" \/>\n\t<meta property=\"og:image:height\" content=\"800\" \/>\n\t<meta property=\"og:image:type\" content=\"image\/png\" \/>\n<meta name=\"twitter:card\" content=\"summary_large_image\" \/>\n<meta name=\"twitter:label1\" content=\"Szacowany czas czytania\" \/>\n\t<meta name=\"twitter:data1\" content=\"1 minuta\" \/>\n<script type=\"application\/ld+json\" class=\"yoast-schema-graph\">{\"@context\":\"https:\/\/schema.org\",\"@graph\":[{\"@type\":\"WebPage\",\"@id\":\"https:\/\/k-time.it\/products\/treatments\/secret-sun\/secret-sun-shampoo-doccia-doposole\/\",\"url\":\"https:\/\/k-time.it\/products\/treatments\/secret-sun\/secret-sun-shampoo-doccia-doposole\/\",\"name\":\"Secret Sun | Szampon i \u017cel pod prysznic po opalaniu - K-time\",\"isPartOf\":{\"@id\":\"https:\/\/k-time.it\/en\/#website\"},\"primaryImageOfPage\":{\"@id\":\"https:\/\/k-time.it\/products\/treatments\/secret-sun\/secret-sun-shampoo-doccia-doposole\/#primaryimage\"},\"image\":{\"@id\":\"https:\/\/k-time.it\/products\/treatments\/secret-sun\/secret-sun-shampoo-doccia-doposole\/#primaryimage\"},\"thumbnailUrl\":\"https:\/\/k-time.it\/wp-content\/uploads\/2020\/06\/22030_k-time_secret_sun_after_sun_shower_shampoo_300ml.png\",\"datePublished\":\"2020-06-25T14:46:19+00:00\",\"dateModified\":\"2025-04-18T09:19:58+00:00\",\"description\":\"Szampon i \u017cel pod prysznic po opalaniu dla wszystkich mi\u0142o\u015bniczek lata, doskona\u0142y dla w\u0142os\u00f3w i cia\u0142a nara\u017conych na dzia\u0142anie promieni s\u0142o\u0144ca, soli i chloru.\",\"breadcrumb\":{\"@id\":\"https:\/\/k-time.it\/products\/treatments\/secret-sun\/secret-sun-shampoo-doccia-doposole\/#breadcrumb\"},\"inLanguage\":\"pl-PL\",\"potentialAction\":[{\"@type\":\"ReadAction\",\"target\":[\"https:\/\/k-time.it\/products\/treatments\/secret-sun\/secret-sun-shampoo-doccia-doposole\/\"]}]},{\"@type\":\"ImageObject\",\"inLanguage\":\"pl-PL\",\"@id\":\"https:\/\/k-time.it\/products\/treatments\/secret-sun\/secret-sun-shampoo-doccia-doposole\/#primaryimage\",\"url\":\"https:\/\/k-time.it\/wp-content\/uploads\/2020\/06\/22030_k-time_secret_sun_after_sun_shower_shampoo_300ml.png\",\"contentUrl\":\"https:\/\/k-time.it\/wp-content\/uploads\/2020\/06\/22030_k-time_secret_sun_after_sun_shower_shampoo_300ml.png\",\"width\":800,\"height\":800},{\"@type\":\"BreadcrumbList\",\"@id\":\"https:\/\/k-time.it\/products\/treatments\/secret-sun\/secret-sun-shampoo-doccia-doposole\/#breadcrumb\",\"itemListElement\":[{\"@type\":\"ListItem\",\"position\":1,\"name\":\"Home\",\"item\":\"https:\/\/k-time.it\/pl\/\"},{\"@type\":\"ListItem\",\"position\":2,\"name\":\"Shop\",\"item\":\"https:\/\/k-time.it\/en\/negozio\/\"},{\"@type\":\"ListItem\",\"position\":3,\"name\":\"Secret Sun | Szampon i \u017cel pod prysznic po opalaniu\"}]},{\"@type\":\"WebSite\",\"@id\":\"https:\/\/k-time.it\/en\/#website\",\"url\":\"https:\/\/k-time.it\/en\/\",\"name\":\"K-time\",\"description\":\"Hair Spa Treatments\",\"publisher\":{\"@id\":\"https:\/\/k-time.it\/en\/#organization\"},\"potentialAction\":[{\"@type\":\"SearchAction\",\"target\":{\"@type\":\"EntryPoint\",\"urlTemplate\":\"https:\/\/k-time.it\/en\/?s={search_term_string}\"},\"query-input\":{\"@type\":\"PropertyValueSpecification\",\"valueRequired\":true,\"valueName\":\"search_term_string\"}}],\"inLanguage\":\"pl-PL\"},{\"@type\":\"Organization\",\"@id\":\"https:\/\/k-time.it\/en\/#organization\",\"name\":\"K-time\",\"url\":\"https:\/\/k-time.it\/en\/\",\"logo\":{\"@type\":\"ImageObject\",\"inLanguage\":\"pl-PL\",\"@id\":\"https:\/\/k-time.it\/en\/#\/schema\/logo\/image\/\",\"url\":\"\",\"contentUrl\":\"\",\"caption\":\"K-time\"},\"image\":{\"@id\":\"https:\/\/k-time.it\/en\/#\/schema\/logo\/image\/\"}}]}<\/script>\n<!-- \/ Yoast SEO plugin. -->","yoast_head_json":{"title":"Secret Sun | Szampon i \u017cel pod prysznic po opalaniu - K-time","description":"Szampon i \u017cel pod prysznic po opalaniu dla wszystkich mi\u0142o\u015bniczek lata, doskona\u0142y dla w\u0142os\u00f3w i cia\u0142a nara\u017conych na dzia\u0142anie promieni s\u0142o\u0144ca, soli i chloru.","robots":{"index":"index","follow":"follow","max-snippet":"max-snippet:-1","max-image-preview":"max-image-preview:large","max-video-preview":"max-video-preview:-1"},"canonical":"https:\/\/k-time.it\/products\/treatments\/secret-sun\/secret-sun-shampoo-doccia-doposole\/","og_locale":"pl_PL","og_type":"article","og_title":"Secret Sun | Szampon i \u017cel pod prysznic po opalaniu - K-time","og_description":"Szampon i \u017cel pod prysznic po opalaniu dla wszystkich mi\u0142o\u015bniczek lata, doskona\u0142y dla w\u0142os\u00f3w i cia\u0142a nara\u017conych na dzia\u0142anie promieni s\u0142o\u0144ca, soli i chloru.","og_url":"https:\/\/k-time.it\/products\/treatments\/secret-sun\/secret-sun-shampoo-doccia-doposole\/","og_site_name":"K-time","article_modified_time":"2025-04-18T09:19:58+00:00","og_image":[{"width":800,"height":800,"url":"https:\/\/k-time.it\/wp-content\/uploads\/2020\/06\/22030_k-time_secret_sun_after_sun_shower_shampoo_300ml.png","type":"image\/png"}],"twitter_card":"summary_large_image","twitter_misc":{"Szacowany czas czytania":"1 minuta"},"schema":{"@context":"https:\/\/schema.org","@graph":[{"@type":"WebPage","@id":"https:\/\/k-time.it\/products\/treatments\/secret-sun\/secret-sun-shampoo-doccia-doposole\/","url":"https:\/\/k-time.it\/products\/treatments\/secret-sun\/secret-sun-shampoo-doccia-doposole\/","name":"Secret Sun | Szampon i \u017cel pod prysznic po opalaniu - K-time","isPartOf":{"@id":"https:\/\/k-time.it\/en\/#website"},"primaryImageOfPage":{"@id":"https:\/\/k-time.it\/products\/treatments\/secret-sun\/secret-sun-shampoo-doccia-doposole\/#primaryimage"},"image":{"@id":"https:\/\/k-time.it\/products\/treatments\/secret-sun\/secret-sun-shampoo-doccia-doposole\/#primaryimage"},"thumbnailUrl":"https:\/\/k-time.it\/wp-content\/uploads\/2020\/06\/22030_k-time_secret_sun_after_sun_shower_shampoo_300ml.png","datePublished":"2020-06-25T14:46:19+00:00","dateModified":"2025-04-18T09:19:58+00:00","description":"Szampon i \u017cel pod prysznic po opalaniu dla wszystkich mi\u0142o\u015bniczek lata, doskona\u0142y dla w\u0142os\u00f3w i cia\u0142a nara\u017conych na dzia\u0142anie promieni s\u0142o\u0144ca, soli i chloru.","breadcrumb":{"@id":"https:\/\/k-time.it\/products\/treatments\/secret-sun\/secret-sun-shampoo-doccia-doposole\/#breadcrumb"},"inLanguage":"pl-PL","potentialAction":[{"@type":"ReadAction","target":["https:\/\/k-time.it\/products\/treatments\/secret-sun\/secret-sun-shampoo-doccia-doposole\/"]}]},{"@type":"ImageObject","inLanguage":"pl-PL","@id":"https:\/\/k-time.it\/products\/treatments\/secret-sun\/secret-sun-shampoo-doccia-doposole\/#primaryimage","url":"https:\/\/k-time.it\/wp-content\/uploads\/2020\/06\/22030_k-time_secret_sun_after_sun_shower_shampoo_300ml.png","contentUrl":"https:\/\/k-time.it\/wp-content\/uploads\/2020\/06\/22030_k-time_secret_sun_after_sun_shower_shampoo_300ml.png","width":800,"height":800},{"@type":"BreadcrumbList","@id":"https:\/\/k-time.it\/products\/treatments\/secret-sun\/secret-sun-shampoo-doccia-doposole\/#breadcrumb","itemListElement":[{"@type":"ListItem","position":1,"name":"Home","item":"https:\/\/k-time.it\/pl\/"},{"@type":"ListItem","position":2,"name":"Shop","item":"https:\/\/k-time.it\/en\/negozio\/"},{"@type":"ListItem","position":3,"name":"Secret Sun | Szampon i \u017cel pod prysznic po opalaniu"}]},{"@type":"WebSite","@id":"https:\/\/k-time.it\/en\/#website","url":"https:\/\/k-time.it\/en\/","name":"K-time","description":"Hair Spa Treatments","publisher":{"@id":"https:\/\/k-time.it\/en\/#organization"},"potentialAction":[{"@type":"SearchAction","target":{"@type":"EntryPoint","urlTemplate":"https:\/\/k-time.it\/en\/?s={search_term_string}"},"query-input":{"@type":"PropertyValueSpecification","valueRequired":true,"valueName":"search_term_string"}}],"inLanguage":"pl-PL"},{"@type":"Organization","@id":"https:\/\/k-time.it\/en\/#organization","name":"K-time","url":"https:\/\/k-time.it\/en\/","logo":{"@type":"ImageObject","inLanguage":"pl-PL","@id":"https:\/\/k-time.it\/en\/#\/schema\/logo\/image\/","url":"","contentUrl":"","caption":"K-time"},"image":{"@id":"https:\/\/k-time.it\/en\/#\/schema\/logo\/image\/"}}]}},"_links":{"self":[{"href":"https:\/\/k-time.it\/pl\/wp-json\/wp\/v2\/product\/13507","targetHints":{"allow":["GET"]}}],"collection":[{"href":"https:\/\/k-time.it\/pl\/wp-json\/wp\/v2\/product"}],"about":[{"href":"https:\/\/k-time.it\/pl\/wp-json\/wp\/v2\/types\/product"}],"wp:featuredmedia":[{"embeddable":true,"href":"https:\/\/k-time.it\/pl\/wp-json\/wp\/v2\/media\/26054"}],"wp:attachment":[{"href":"https:\/\/k-time.it\/pl\/wp-json\/wp\/v2\/media?parent=13507"}],"wp:term":[{"taxonomy":"product_brand","embeddable":true,"href":"https:\/\/k-time.it\/pl\/wp-json\/wp\/v2\/product_brand?post=13507"},{"taxonomy":"product_cat","embeddable":true,"href":"https:\/\/k-time.it\/pl\/wp-json\/wp\/v2\/product_cat?post=13507"},{"taxonomy":"product_tag","embeddable":true,"href":"https:\/\/k-time.it\/pl\/wp-json\/wp\/v2\/product_tag?post=13507"}],"curies":[{"name":"wp","href":"https:\/\/api.w.org\/{rel}","templated":true}]}}