{"id":13339,"date":"2020-06-25T16:46:22","date_gmt":"2020-06-25T14:46:22","guid":{"rendered":"https:\/\/k-time.it\/products\/bez-kategorii\/densi-on-tratamiento-intensivo-prevencion-enrarecimiento\/"},"modified":"2022-01-17T09:40:45","modified_gmt":"2022-01-17T08:40:45","slug":"kuracja-reaktywujaca-przeciw-przerzedzaniu-sie-wlosow","status":"publish","type":"product","link":"https:\/\/k-time.it\/pl\/products\/treatments\/matirya\/densi-on\/kuracja-reaktywujaca-przeciw-przerzedzaniu-sie-wlosow\/","title":{"rendered":"Densi On | Kuracja reaktywuj\u0105ca przeciw przerzedzaniu si\u0119 w\u0142os\u00f3w"},"content":{"rendered":"<div class=\"wpb-content-wrapper\"><p>[vc_row disable_element=&#8221;yes&#8221;][vc_column]<div class=\"ult_exp_section_layer ult-adjust-bottom-margin  \" >\n\t\t<div id=\"uvc-exp-wrap-7393\" role=\"button\" tabindex=\"0\" aria-pressed=\"false\"  data-ultimate-target='#uvc-exp-wrap-7393'  data-responsive-json-new='{\"font-size\":\"desktop:16px;\",\"line-height\":\"desktop:20px;\"}'  class=\"ult_exp_section  ult-responsive \" style=\"color:#ffffff;background-color:#877650; font-weight:normal; padding-top:4px;padding-right:7px;padding-bottom:4px;padding-left:4px;text-align:center;\" data-textcolor=\"#ffffff\"data-texthover=\"#ffffff\"data-icncolor=\"#ffffff\"data-ihover=\"#ffffff\"data-height=\"0\"data-cntbg=\"#877650\"data-cnthvrbg=\"#877650\"data-headerbg=\"#877650\"data-headerhover=\"#877650\"data-title=\"Jak kupi\u0107\"data-newtitle=\"Zapytaj nas\"data-icon=\"icomoon-the7-font-icon-cart-detailed\"data-newicon=\"icomoon-the7-font-the7-mail-011\"data-activeicon=\"#ffffff\"data-effect=\"slideToggle\"data-override=\"0\"data-activetitle=\"#ffffff\"data-activebg=\"#877650\"data-img=\"\"data-newimg=\"\"><div class=\"ult_exp_section-main ult_expleft_icon\">\t<div class=\"ult-just-icon-wrapper ult_exp_icon\">\n\t\t\t\t\t<div class=\"align-icon \">\n\t\t\t\t\t\t\n<span class=\"aio-icon  none  ult_expsection_icon \"  style=\"color:#ffffff;font-size:20px;\">\n\t<i class=\"icomoon-the7-font-icon-cart-detailed ult_ex_icon\"  ><\/i>\n<\/span>\n\t\t\t\t\t<\/div>\n\t\t\t\t<\/div>\n\t\t\t\t<div class=\"ult_expheader\" >Jak kupi\u0107\n\t\t\t\t<\/div>\n\t\t\t<\/div>\n\t\t<\/div><div class=\"ult_exp_content \" style=\"background-color:#ffffff;  \"><div class=\"ult_ecpsub_cont\" style=\" \" >\n<div class=\"wpcf7 no-js\" id=\"wpcf7-f15156-o1\" lang=\"pl-PL\" dir=\"ltr\" data-wpcf7-id=\"15156\">\n<div class=\"screen-reader-response\"><p role=\"status\" aria-live=\"polite\" aria-atomic=\"true\"><\/p> <ul><\/ul><\/div>\n<form action=\"\/pl\/wp-json\/wp\/v2\/product\/13339#wpcf7-f15156-o1\" method=\"post\" class=\"wpcf7-form init\" aria-label=\"Formularz kontaktowy\" novalidate=\"novalidate\" data-status=\"init\">\n<fieldset class=\"hidden-fields-container\"><input type=\"hidden\" name=\"_wpcf7\" value=\"15156\" \/><input type=\"hidden\" name=\"_wpcf7_version\" value=\"6.1.4\" \/><input type=\"hidden\" name=\"_wpcf7_locale\" value=\"pl_PL\" \/><input type=\"hidden\" name=\"_wpcf7_unit_tag\" value=\"wpcf7-f15156-o1\" \/><input type=\"hidden\" name=\"_wpcf7_container_post\" value=\"0\" \/><input type=\"hidden\" name=\"_wpcf7_posted_data_hash\" value=\"\" \/><input type=\"hidden\" name=\"_wpcf7_recaptcha_response\" value=\"\" \/>\n<\/fieldset>\n<p>Imi\u0119\/Nazwisko*\n<\/p>\n<p><span class=\"wpcf7-form-control-wrap\" data-name=\"your-name\"><input size=\"40\" maxlength=\"400\" class=\"wpcf7-form-control wpcf7-text wpcf7-validates-as-required\" aria-required=\"true\" aria-invalid=\"false\" value=\"\" type=\"text\" name=\"your-name\" \/><\/span>\n<\/p>\n<p>Email*\n<\/p>\n<p><span class=\"wpcf7-form-control-wrap\" data-name=\"your-email\"><input size=\"40\" maxlength=\"400\" class=\"wpcf7-form-control wpcf7-email wpcf7-validates-as-required wpcf7-text wpcf7-validates-as-email\" aria-required=\"true\" aria-invalid=\"false\" value=\"\" type=\"email\" name=\"your-email\" \/><\/span>\n<\/p>\n<p>Pozycja*\n<\/p>\n<p><span class=\"wpcf7-form-control-wrap\" data-name=\"status\"><span class=\"wpcf7-form-control wpcf7-checkbox wpcf7-validates-as-required wpcf7-exclusive-checkbox\"><span class=\"wpcf7-list-item first\"><span class=\"wpcf7-list-item-label\">Specjalista<\/span><input type=\"checkbox\" name=\"status\" value=\"Specjalista\" \/><\/span><span class=\"wpcf7-list-item\"><span class=\"wpcf7-list-item-label\">Dystrybutor<\/span><input type=\"checkbox\" name=\"status\" value=\"Dystrybutor\" \/><\/span><span class=\"wpcf7-list-item last\"><span class=\"wpcf7-list-item-label\">Innych<\/span><input type=\"checkbox\" name=\"status\" value=\"Innych\" \/><\/span><\/span><\/span>\n<\/p>\n<p>Kraj*\n<\/p>\n<p><span class=\"wpcf7-form-control-wrap\" data-name=\"country\"><input size=\"40\" maxlength=\"400\" class=\"wpcf7-form-control wpcf7-text wpcf7-validates-as-required\" aria-required=\"true\" aria-invalid=\"false\" value=\"\" type=\"text\" name=\"country\" \/><\/span>\n<\/p>\n<p>Tre\u015b\u0107 wiadomo\u015bci*\n<\/p>\n<p><span class=\"wpcf7-form-control-wrap\" data-name=\"your-message\"><textarea cols=\"40\" rows=\"10\" maxlength=\"2000\" class=\"wpcf7-form-control wpcf7-textarea wpcf7-validates-as-required\" aria-required=\"true\" aria-invalid=\"false\" name=\"your-message\"><\/textarea><\/span>\n<\/p>\n<p><span class=\"wpcf7-form-control-wrap\" data-name=\"acceptance-20\"><span class=\"wpcf7-form-control wpcf7-acceptance\"><span class=\"wpcf7-list-item\"><input type=\"checkbox\" name=\"acceptance-20\" value=\"1\" aria-invalid=\"false\" \/><\/span><\/span><\/span> I express my informed, specific and unconditional consent for the company Comprof Milano Srl to proceed with the processing of my personal data to process the requests for information transmitted, as better described in the <a href=\"https:\/\/k-time.it\/pl\/privacy-policy\/\" target=\"_blank\" rel=\"noopener\">Privacy Policy<\/a>*\n<\/p>\n<p><small>Ta witryna jest chroniona przez <a href=\"https:\/\/policies.google.com\/privacy\"> Polityk\u0119 prywatno\u015bci <\/a> Google reCAPTCHA i <a href=\"https:\/\/policies.google.com\/terms\"> Warunki korzystania z us\u0142ugi<\/a><\/small>\n<\/p>\n<p><input class=\"wpcf7-form-control wpcf7-submit has-spinner\" type=\"submit\" value=\"Wy\u015blij\" \/>\n<\/p><div class=\"wpcf7-response-output\" aria-hidden=\"true\"><\/div>\n<\/form>\n<\/div>\n<\/div><\/div>\n\n\t\t\t<\/div>[\/vc_column][\/vc_row][vc_row][vc_column width=&#8221;1\/2&#8243;]<div class=\"standard-arrow list-divider bullet-top\"><h2>Formu\u0142a<\/h2>\n<ul>\n<li><strong>Olejek eteryczny z melisa<\/strong>: od\u017cywia sk\u00f3r\u0119 i wzmacnia w\u0142osy u nasady, zwi\u0119kszaj\u0105c ich obj\u0119to\u015b\u0107<\/li>\n<li><strong>Ekstrakt z zielona herbata<\/strong>: odpowiedzialnego za przyspieszanie cyklu \u017cyciowego w\u0142os\u00f3w, a w konsekwencji za miniaturyzacj\u0119 i nadmierne wypadanie w\u0142os\u00f3w<\/li>\n<li><strong>Kompleks aminokwas\u00f3w<\/strong>: stymuluje aktywno\u015b\u0107 cebulki w\u0142osa, pobudza kr\u0105\u017cenie krwi u cebulki w\u0142osa oraz sprzyja zag\u0119szczaniu i naturalnemu odrastaniu w\u0142os\u00f3w<\/li>\n<\/ul>\n<\/div>[\/vc_column][vc_column width=&#8221;1\/2&#8243;]<div class=\"standard-arrow list-divider bullet-top\"><h2>Korzy\u015bci<\/h2>\n<ul>\n<li>Przeciwdzia\u0142a os\u0142abieniu w\u0142os\u00f3w<\/li>\n<li>Pobudza odbudow\u0119 w\u0142os\u00f3w<\/li>\n<li>Zag\u0119szcza przerzedzone w\u0142osy<\/li>\n<li>Pobudza cebulki w fazie u\u015bpienia<\/li>\n<\/ul>\n<\/div>[\/vc_column][\/vc_row][vc_row css=&#8221;.vc_custom_1595341806516{padding-top: 50px !important;}&#8221;][vc_column]<div class=\"dt-fancy-separator h2-size style-thick\" style=\"width: 100%;\"><div class=\"dt-fancy-title\" style=\"color: #333333;\"><span class=\"separator-holder separator-left\" style=\"border-color: #f0f0f0;\"><\/span>Rituel<span class=\"separator-holder separator-right\" style=\"border-color: #f0f0f0;\"><\/span><\/div><\/div>[vc_row_inner][vc_column_inner width=&#8221;1\/2&#8243;][vc_empty_space height=&#8221;15px&#8221;]<div class=\"standard-number-list list-divider bullet-top\"><ul>\n<li>\n<h5>K-time Treatment Brush<\/h5>\n<p>Rozczesa\u0107 w\u0142osy K-time Treatment Brush, aby usun\u0105\u0107 nadmiar zanieczyszcze\u0144 i zwil\u017cy\u0107 w\u0142osy.<\/li>\n<li>\n<h5>Deepure Kuracja Oczyszczaj\u0105ca Sk\u00f3r\u0119 G\u0142owy<\/h5>\n<p>Nanie\u015b\u0107 na mokr\u0105 sk\u00f3r\u0119, delikatnie masuj\u0105c okr\u0119\u017cnymi ruchami. Pozostawi\u0107 na 3 minuty. Nie sp\u0142ukiwa\u0107.<\/li>\n<li>\n<h5>Densi On Szampon Reaktywuj\u0105cy<\/h5>\n<p>Nanie\u015b\u0107 na sk\u00f3r\u0119, delikatnie masuj\u0105c. Pozostawi\u0107 na chwil\u0119 i dok\u0142adnie sp\u0142uka\u0107. W razie potrzeby powt\u00f3rzy\u0107 czynno\u015b\u0107.<\/li>\n<li>\n<h5>Hydralize Delikatny P\u0142yn Regeneruj\u0105cy <strong><br \/>\n<\/strong><\/h5>\n<p>Po umyciu szamponem nanie\u015b\u0107 produkt na d\u0142ugo\u015bci w\u0142os\u00f3w. Pozostawi\u0107 na 4 minuty. Rozczesa\u0107 i dok\u0142adnie sp\u0142uka\u0107.<\/li>\n<li>\n<h5>Densi On Intensywna Kuracja Reaktywuj\u0105ca<strong><br \/>\n<\/strong><\/h5>\n<p>Po umyciu i osuszeniu w\u0142os\u00f3w, nanie\u015b\u0107 bezpo\u015brednio na sk\u00f3r\u0119. Delikatnie wmasowa\u0107 kolistymi ruchami, a\u017c do ca\u0142kowitego wch\u0142oni\u0119cia. Nie sp\u0142ukiwa\u0107.<\/li>\n<\/ul>\n<\/div>[\/vc_column_inner][vc_column_inner width=&#8221;1\/2&#8243;][vc_empty_space height=&#8221;15px&#8221;][vc_column_text]Matirya Densi On, kuracja przeciw przerzedzaniu si\u0119 w\u0142os\u00f3w, kt\u00f3ra pobudza odbudow\u0119 w\u0142os\u00f3w i zag\u0119szcza je.[\/vc_column_text][vc_video link=&#8221;https:\/\/youtu.be\/SkYx02kuDZE&#8221; align=&#8221;center&#8221;][\/vc_column_inner][\/vc_row_inner][\/vc_column][\/vc_row][vc_row css=&#8221;.vc_custom_1595341818903{padding-top: 50px !important;}&#8221;][vc_column]<div class=\"dt-fancy-separator h2-size style-thick\" style=\"width: 100%;\"><div class=\"dt-fancy-title\" style=\"color: #333333;\"><span class=\"separator-holder separator-left\" style=\"border-color: #f0f0f0;\"><\/span>Produkty powi\u0105zane<span class=\"separator-holder separator-right\" style=\"border-color: #f0f0f0;\"><\/span><\/div><\/div>[vc_raw_html]JTVCd3BiLXByb2R1Y3Qtc2xpZGVyLXNob3J0Y29kZSUyMGlkJTNEJTIyNzkxJTIyJTVE[\/vc_raw_html][\/vc_column][\/vc_row]<\/p>\n<\/div>","protected":false},"excerpt":{"rendered":"<div class=\"woocommerce-product-details__short-description\">\n<p><strong>Intensywna kuracja przeciw przerzedzaniu si\u0119 w\u0142os\u00f3w<\/strong><strong> Densi On <\/strong>pomaga obudzi\u0107 w\u0142osy z fazy u\u015bpienia, przywracaj\u0105c ich naturalny cykl \u017cycia.<\/p>\n<p>Formu\u0142a wzbogacona jest <strong>ekstraktem z zielonej herbaty<\/strong>, <strong>olejkiem eterycznym z Melisy<\/strong><strong> i kompleksem aminokwas\u00f3w<\/strong><strong>, <\/strong><strong>cennymi sk\u0142adnikami aktywnymi<\/strong>, kt\u00f3re pomagaj\u0105 zag\u0119\u015bci\u0107 <strong>i <\/strong>wzmocni\u0107 w\u0142osy<strong> oraz<\/strong> u\u0142atwiaj\u0105 <strong>odrastanie<\/strong> w miejscach przerzedzonych.<\/p>\n<p>Pude\u0142ko 12 ampu\u0142ek z pojedyncz\u0105 dawk\u0105 o pojemno\u015bci 8 ml<\/p>\n<\/div>\n<p>&nbsp;<\/p>\n<p>[vc_row][vc_column][ultimate_exp_section title=\"Jak kupi\u0107\" new_title=\"Zapytaj nas\" text_color=\"#ffffff\" background_color=\"#877650\" text_hovercolor=\"#ffffff\" bghovercolor=\"#877650\" title_active=\"#ffffff\" title_active_bg=\"#877650\" cnt_bg_color=\"#ffffff\" icon=\"icomoon-the7-font-icon-cart-detailed\" new_icon=\"icomoon-the7-font-the7-mail-011\" icon_align=\"left\" icon_size=\"20\" icon_color=\"#ffffff\" icon_hover_color=\"#ffffff\" icon_active_color=\"#ffffff\" title_font_size=\"desktop:16px;\" title_padding=\"padding-top:4px;padding-right:7px;padding-bottom:4px;padding-left:4px;\" icon_margin=\"margin-right:1px;\"][contact-form-7 id=\"496\"][\/ultimate_exp_section][\/vc_column][\/vc_row]<\/p>\n","protected":false},"featured_media":18126,"template":"","meta":[],"product_brand":[],"product_cat":[1303,2031,2042],"product_tag":[],"class_list":{"0":"post-13339","1":"product","2":"type-product","3":"status-publish","4":"has-post-thumbnail","6":"product_cat-treatments","7":"product_cat-matirya","8":"product_cat-densi-on","9":"description-off","11":"first","12":"instock","13":"shipping-taxable","14":"product-type-simple"},"yoast_head":"<!-- This site is optimized with the Yoast SEO plugin v26.8 - https:\/\/yoast.com\/product\/yoast-seo-wordpress\/ -->\n<title>Densi On - Kuracja reaktywuj\u0105ca przeciw przerzedzaniu si\u0119 w\u0142os\u00f3w<\/title>\n<meta name=\"description\" content=\"Intensywna kuracja przeciw przerzedzaniu si\u0119 w\u0142os\u00f3w Densi On pomaga obudzi\u0107 w\u0142osy z fazy u\u015bpienia, przywracaj\u0105c ich naturalny cykl \u017cycia.\" \/>\n<meta name=\"robots\" content=\"index, follow, max-snippet:-1, max-image-preview:large, max-video-preview:-1\" \/>\n<link rel=\"canonical\" href=\"https:\/\/k-time.it\/pl\/products\/treatments\/matirya\/densi-on\/kuracja-reaktywujaca-przeciw-przerzedzaniu-sie-wlosow\/\" \/>\n<meta property=\"og:locale\" content=\"pl_PL\" \/>\n<meta property=\"og:type\" content=\"article\" \/>\n<meta property=\"og:title\" content=\"Densi On - Kuracja reaktywuj\u0105ca przeciw przerzedzaniu si\u0119 w\u0142os\u00f3w\" \/>\n<meta property=\"og:description\" content=\"Intensywna kuracja przeciw przerzedzaniu si\u0119 w\u0142os\u00f3w Densi On pomaga obudzi\u0107 w\u0142osy z fazy u\u015bpienia, przywracaj\u0105c ich naturalny cykl \u017cycia.\" \/>\n<meta property=\"og:url\" content=\"https:\/\/k-time.it\/pl\/products\/treatments\/matirya\/densi-on\/kuracja-reaktywujaca-przeciw-przerzedzaniu-sie-wlosow\/\" \/>\n<meta property=\"og:site_name\" content=\"K-time\" \/>\n<meta property=\"article:modified_time\" content=\"2022-01-17T08:40:45+00:00\" \/>\n<meta property=\"og:image\" content=\"https:\/\/k-time.it\/wp-content\/uploads\/2020\/06\/22042_k-time_matirya_densi_on_intensive_hair_thinning_prevention_treatment.png\" \/>\n\t<meta property=\"og:image:width\" content=\"600\" \/>\n\t<meta property=\"og:image:height\" content=\"600\" \/>\n\t<meta property=\"og:image:type\" content=\"image\/png\" \/>\n<meta name=\"twitter:card\" content=\"summary_large_image\" \/>\n<meta name=\"twitter:label1\" content=\"Szacowany czas czytania\" \/>\n\t<meta name=\"twitter:data1\" content=\"3 minuty\" \/>\n<script type=\"application\/ld+json\" class=\"yoast-schema-graph\">{\"@context\":\"https:\/\/schema.org\",\"@graph\":[{\"@type\":\"WebPage\",\"@id\":\"https:\/\/k-time.it\/pl\/products\/treatments\/matirya\/densi-on\/kuracja-reaktywujaca-przeciw-przerzedzaniu-sie-wlosow\/\",\"url\":\"https:\/\/k-time.it\/pl\/products\/treatments\/matirya\/densi-on\/kuracja-reaktywujaca-przeciw-przerzedzaniu-sie-wlosow\/\",\"name\":\"Densi On - Kuracja reaktywuj\u0105ca przeciw przerzedzaniu si\u0119 w\u0142os\u00f3w\",\"isPartOf\":{\"@id\":\"https:\/\/k-time.it\/en\/#website\"},\"primaryImageOfPage\":{\"@id\":\"https:\/\/k-time.it\/pl\/products\/treatments\/matirya\/densi-on\/kuracja-reaktywujaca-przeciw-przerzedzaniu-sie-wlosow\/#primaryimage\"},\"image\":{\"@id\":\"https:\/\/k-time.it\/pl\/products\/treatments\/matirya\/densi-on\/kuracja-reaktywujaca-przeciw-przerzedzaniu-sie-wlosow\/#primaryimage\"},\"thumbnailUrl\":\"https:\/\/k-time.it\/wp-content\/uploads\/2020\/06\/22042_k-time_matirya_densi_on_intensive_hair_thinning_prevention_treatment.png\",\"datePublished\":\"2020-06-25T14:46:22+00:00\",\"dateModified\":\"2022-01-17T08:40:45+00:00\",\"description\":\"Intensywna kuracja przeciw przerzedzaniu si\u0119 w\u0142os\u00f3w Densi On pomaga obudzi\u0107 w\u0142osy z fazy u\u015bpienia, przywracaj\u0105c ich naturalny cykl \u017cycia.\",\"breadcrumb\":{\"@id\":\"https:\/\/k-time.it\/pl\/products\/treatments\/matirya\/densi-on\/kuracja-reaktywujaca-przeciw-przerzedzaniu-sie-wlosow\/#breadcrumb\"},\"inLanguage\":\"pl-PL\",\"potentialAction\":[{\"@type\":\"ReadAction\",\"target\":[\"https:\/\/k-time.it\/pl\/products\/treatments\/matirya\/densi-on\/kuracja-reaktywujaca-przeciw-przerzedzaniu-sie-wlosow\/\"]}]},{\"@type\":\"ImageObject\",\"inLanguage\":\"pl-PL\",\"@id\":\"https:\/\/k-time.it\/pl\/products\/treatments\/matirya\/densi-on\/kuracja-reaktywujaca-przeciw-przerzedzaniu-sie-wlosow\/#primaryimage\",\"url\":\"https:\/\/k-time.it\/wp-content\/uploads\/2020\/06\/22042_k-time_matirya_densi_on_intensive_hair_thinning_prevention_treatment.png\",\"contentUrl\":\"https:\/\/k-time.it\/wp-content\/uploads\/2020\/06\/22042_k-time_matirya_densi_on_intensive_hair_thinning_prevention_treatment.png\",\"width\":600,\"height\":600,\"caption\":\"Densi On | Trattamento Intensivo Prevenzione Diradamento\"},{\"@type\":\"BreadcrumbList\",\"@id\":\"https:\/\/k-time.it\/pl\/products\/treatments\/matirya\/densi-on\/kuracja-reaktywujaca-przeciw-przerzedzaniu-sie-wlosow\/#breadcrumb\",\"itemListElement\":[{\"@type\":\"ListItem\",\"position\":1,\"name\":\"Home\",\"item\":\"https:\/\/k-time.it\/pl\/\"},{\"@type\":\"ListItem\",\"position\":2,\"name\":\"Shop\",\"item\":\"https:\/\/k-time.it\/en\/negozio\/\"},{\"@type\":\"ListItem\",\"position\":3,\"name\":\"Densi On | Kuracja reaktywuj\u0105ca przeciw przerzedzaniu si\u0119 w\u0142os\u00f3w\"}]},{\"@type\":\"WebSite\",\"@id\":\"https:\/\/k-time.it\/en\/#website\",\"url\":\"https:\/\/k-time.it\/en\/\",\"name\":\"K-time\",\"description\":\"Hair Spa Treatments\",\"publisher\":{\"@id\":\"https:\/\/k-time.it\/en\/#organization\"},\"potentialAction\":[{\"@type\":\"SearchAction\",\"target\":{\"@type\":\"EntryPoint\",\"urlTemplate\":\"https:\/\/k-time.it\/en\/?s={search_term_string}\"},\"query-input\":{\"@type\":\"PropertyValueSpecification\",\"valueRequired\":true,\"valueName\":\"search_term_string\"}}],\"inLanguage\":\"pl-PL\"},{\"@type\":\"Organization\",\"@id\":\"https:\/\/k-time.it\/en\/#organization\",\"name\":\"K-time\",\"url\":\"https:\/\/k-time.it\/en\/\",\"logo\":{\"@type\":\"ImageObject\",\"inLanguage\":\"pl-PL\",\"@id\":\"https:\/\/k-time.it\/en\/#\/schema\/logo\/image\/\",\"url\":\"\",\"contentUrl\":\"\",\"caption\":\"K-time\"},\"image\":{\"@id\":\"https:\/\/k-time.it\/en\/#\/schema\/logo\/image\/\"}}]}<\/script>\n<!-- \/ Yoast SEO plugin. -->","yoast_head_json":{"title":"Densi On - Kuracja reaktywuj\u0105ca przeciw przerzedzaniu si\u0119 w\u0142os\u00f3w","description":"Intensywna kuracja przeciw przerzedzaniu si\u0119 w\u0142os\u00f3w Densi On pomaga obudzi\u0107 w\u0142osy z fazy u\u015bpienia, przywracaj\u0105c ich naturalny cykl \u017cycia.","robots":{"index":"index","follow":"follow","max-snippet":"max-snippet:-1","max-image-preview":"max-image-preview:large","max-video-preview":"max-video-preview:-1"},"canonical":"https:\/\/k-time.it\/pl\/products\/treatments\/matirya\/densi-on\/kuracja-reaktywujaca-przeciw-przerzedzaniu-sie-wlosow\/","og_locale":"pl_PL","og_type":"article","og_title":"Densi On - Kuracja reaktywuj\u0105ca przeciw przerzedzaniu si\u0119 w\u0142os\u00f3w","og_description":"Intensywna kuracja przeciw przerzedzaniu si\u0119 w\u0142os\u00f3w Densi On pomaga obudzi\u0107 w\u0142osy z fazy u\u015bpienia, przywracaj\u0105c ich naturalny cykl \u017cycia.","og_url":"https:\/\/k-time.it\/pl\/products\/treatments\/matirya\/densi-on\/kuracja-reaktywujaca-przeciw-przerzedzaniu-sie-wlosow\/","og_site_name":"K-time","article_modified_time":"2022-01-17T08:40:45+00:00","og_image":[{"width":600,"height":600,"url":"https:\/\/k-time.it\/wp-content\/uploads\/2020\/06\/22042_k-time_matirya_densi_on_intensive_hair_thinning_prevention_treatment.png","type":"image\/png"}],"twitter_card":"summary_large_image","twitter_misc":{"Szacowany czas czytania":"3 minuty"},"schema":{"@context":"https:\/\/schema.org","@graph":[{"@type":"WebPage","@id":"https:\/\/k-time.it\/pl\/products\/treatments\/matirya\/densi-on\/kuracja-reaktywujaca-przeciw-przerzedzaniu-sie-wlosow\/","url":"https:\/\/k-time.it\/pl\/products\/treatments\/matirya\/densi-on\/kuracja-reaktywujaca-przeciw-przerzedzaniu-sie-wlosow\/","name":"Densi On - Kuracja reaktywuj\u0105ca przeciw przerzedzaniu si\u0119 w\u0142os\u00f3w","isPartOf":{"@id":"https:\/\/k-time.it\/en\/#website"},"primaryImageOfPage":{"@id":"https:\/\/k-time.it\/pl\/products\/treatments\/matirya\/densi-on\/kuracja-reaktywujaca-przeciw-przerzedzaniu-sie-wlosow\/#primaryimage"},"image":{"@id":"https:\/\/k-time.it\/pl\/products\/treatments\/matirya\/densi-on\/kuracja-reaktywujaca-przeciw-przerzedzaniu-sie-wlosow\/#primaryimage"},"thumbnailUrl":"https:\/\/k-time.it\/wp-content\/uploads\/2020\/06\/22042_k-time_matirya_densi_on_intensive_hair_thinning_prevention_treatment.png","datePublished":"2020-06-25T14:46:22+00:00","dateModified":"2022-01-17T08:40:45+00:00","description":"Intensywna kuracja przeciw przerzedzaniu si\u0119 w\u0142os\u00f3w Densi On pomaga obudzi\u0107 w\u0142osy z fazy u\u015bpienia, przywracaj\u0105c ich naturalny cykl \u017cycia.","breadcrumb":{"@id":"https:\/\/k-time.it\/pl\/products\/treatments\/matirya\/densi-on\/kuracja-reaktywujaca-przeciw-przerzedzaniu-sie-wlosow\/#breadcrumb"},"inLanguage":"pl-PL","potentialAction":[{"@type":"ReadAction","target":["https:\/\/k-time.it\/pl\/products\/treatments\/matirya\/densi-on\/kuracja-reaktywujaca-przeciw-przerzedzaniu-sie-wlosow\/"]}]},{"@type":"ImageObject","inLanguage":"pl-PL","@id":"https:\/\/k-time.it\/pl\/products\/treatments\/matirya\/densi-on\/kuracja-reaktywujaca-przeciw-przerzedzaniu-sie-wlosow\/#primaryimage","url":"https:\/\/k-time.it\/wp-content\/uploads\/2020\/06\/22042_k-time_matirya_densi_on_intensive_hair_thinning_prevention_treatment.png","contentUrl":"https:\/\/k-time.it\/wp-content\/uploads\/2020\/06\/22042_k-time_matirya_densi_on_intensive_hair_thinning_prevention_treatment.png","width":600,"height":600,"caption":"Densi On | Trattamento Intensivo Prevenzione Diradamento"},{"@type":"BreadcrumbList","@id":"https:\/\/k-time.it\/pl\/products\/treatments\/matirya\/densi-on\/kuracja-reaktywujaca-przeciw-przerzedzaniu-sie-wlosow\/#breadcrumb","itemListElement":[{"@type":"ListItem","position":1,"name":"Home","item":"https:\/\/k-time.it\/pl\/"},{"@type":"ListItem","position":2,"name":"Shop","item":"https:\/\/k-time.it\/en\/negozio\/"},{"@type":"ListItem","position":3,"name":"Densi On | Kuracja reaktywuj\u0105ca przeciw przerzedzaniu si\u0119 w\u0142os\u00f3w"}]},{"@type":"WebSite","@id":"https:\/\/k-time.it\/en\/#website","url":"https:\/\/k-time.it\/en\/","name":"K-time","description":"Hair Spa Treatments","publisher":{"@id":"https:\/\/k-time.it\/en\/#organization"},"potentialAction":[{"@type":"SearchAction","target":{"@type":"EntryPoint","urlTemplate":"https:\/\/k-time.it\/en\/?s={search_term_string}"},"query-input":{"@type":"PropertyValueSpecification","valueRequired":true,"valueName":"search_term_string"}}],"inLanguage":"pl-PL"},{"@type":"Organization","@id":"https:\/\/k-time.it\/en\/#organization","name":"K-time","url":"https:\/\/k-time.it\/en\/","logo":{"@type":"ImageObject","inLanguage":"pl-PL","@id":"https:\/\/k-time.it\/en\/#\/schema\/logo\/image\/","url":"","contentUrl":"","caption":"K-time"},"image":{"@id":"https:\/\/k-time.it\/en\/#\/schema\/logo\/image\/"}}]}},"_links":{"self":[{"href":"https:\/\/k-time.it\/pl\/wp-json\/wp\/v2\/product\/13339","targetHints":{"allow":["GET"]}}],"collection":[{"href":"https:\/\/k-time.it\/pl\/wp-json\/wp\/v2\/product"}],"about":[{"href":"https:\/\/k-time.it\/pl\/wp-json\/wp\/v2\/types\/product"}],"wp:featuredmedia":[{"embeddable":true,"href":"https:\/\/k-time.it\/pl\/wp-json\/wp\/v2\/media\/18126"}],"wp:attachment":[{"href":"https:\/\/k-time.it\/pl\/wp-json\/wp\/v2\/media?parent=13339"}],"wp:term":[{"taxonomy":"product_brand","embeddable":true,"href":"https:\/\/k-time.it\/pl\/wp-json\/wp\/v2\/product_brand?post=13339"},{"taxonomy":"product_cat","embeddable":true,"href":"https:\/\/k-time.it\/pl\/wp-json\/wp\/v2\/product_cat?post=13339"},{"taxonomy":"product_tag","embeddable":true,"href":"https:\/\/k-time.it\/pl\/wp-json\/wp\/v2\/product_tag?post=13339"}],"curies":[{"name":"wp","href":"https:\/\/api.w.org\/{rel}","templated":true}]}}