{"id":13307,"date":"2020-06-25T16:46:22","date_gmt":"2020-06-25T14:46:22","guid":{"rendered":"https:\/\/k-time.it\/products\/bez-kategorii\/sebolution-arcilla-blanca-equilibrante\/"},"modified":"2025-10-07T09:31:49","modified_gmt":"2025-10-07T07:31:49","slug":"biala-glinka-rownowazaca-wydzielanie-sebum","status":"publish","type":"product","link":"https:\/\/k-time.it\/pl\/products\/treatments\/matirya\/sebolution\/biala-glinka-rownowazaca-wydzielanie-sebum\/","title":{"rendered":"Sebolution |  Bia\u0142a glinka r\u00f3wnowa\u017c\u0105ca wydzielanie sebum"},"content":{"rendered":"<div class=\"wpb-content-wrapper\"><p>[vc_row disable_element=&#8221;yes&#8221;][vc_column]<div class=\"ult_exp_section_layer ult-adjust-bottom-margin  \" >\n\t\t<div id=\"uvc-exp-wrap-8800\" role=\"button\" tabindex=\"0\" aria-pressed=\"false\"  data-ultimate-target='#uvc-exp-wrap-8800'  data-responsive-json-new='{\"font-size\":\"desktop:16px;\",\"line-height\":\"desktop:20px;\"}'  class=\"ult_exp_section  ult-responsive \" style=\"color:#ffffff;background-color:#877650; font-weight:normal; padding-top:4px;padding-right:7px;padding-bottom:4px;padding-left:4px;text-align:center;\" data-textcolor=\"#ffffff\"data-texthover=\"#ffffff\"data-icncolor=\"#ffffff\"data-ihover=\"#ffffff\"data-height=\"0\"data-cntbg=\"#877650\"data-cnthvrbg=\"#877650\"data-headerbg=\"#877650\"data-headerhover=\"#877650\"data-title=\"Jak kupi\u0107\"data-newtitle=\"Zapytaj nas\"data-icon=\"icomoon-the7-font-icon-cart-detailed\"data-newicon=\"icomoon-the7-font-the7-mail-011\"data-activeicon=\"#ffffff\"data-effect=\"slideToggle\"data-override=\"0\"data-activetitle=\"#ffffff\"data-activebg=\"#877650\"data-img=\"\"data-newimg=\"\"><div class=\"ult_exp_section-main ult_expleft_icon\">\t<div class=\"ult-just-icon-wrapper ult_exp_icon\">\n\t\t\t\t\t<div class=\"align-icon \">\n\t\t\t\t\t\t\n<span class=\"aio-icon  none  ult_expsection_icon \"  style=\"color:#ffffff;font-size:20px;\">\n\t<i class=\"icomoon-the7-font-icon-cart-detailed ult_ex_icon\"  ><\/i>\n<\/span>\n\t\t\t\t\t<\/div>\n\t\t\t\t<\/div>\n\t\t\t\t<div class=\"ult_expheader\" >Jak kupi\u0107\n\t\t\t\t<\/div>\n\t\t\t<\/div>\n\t\t<\/div><div class=\"ult_exp_content \" style=\"background-color:#ffffff;  \"><div class=\"ult_ecpsub_cont\" style=\" \" >\n<div class=\"wpcf7 no-js\" id=\"wpcf7-f15156-o1\" lang=\"pl-PL\" dir=\"ltr\" data-wpcf7-id=\"15156\">\n<div class=\"screen-reader-response\"><p role=\"status\" aria-live=\"polite\" aria-atomic=\"true\"><\/p> <ul><\/ul><\/div>\n<form action=\"\/pl\/wp-json\/wp\/v2\/product\/13307#wpcf7-f15156-o1\" method=\"post\" class=\"wpcf7-form init\" aria-label=\"Formularz kontaktowy\" novalidate=\"novalidate\" data-status=\"init\">\n<fieldset class=\"hidden-fields-container\"><input type=\"hidden\" name=\"_wpcf7\" value=\"15156\" \/><input type=\"hidden\" name=\"_wpcf7_version\" value=\"6.1.4\" \/><input type=\"hidden\" name=\"_wpcf7_locale\" value=\"pl_PL\" \/><input type=\"hidden\" name=\"_wpcf7_unit_tag\" value=\"wpcf7-f15156-o1\" \/><input type=\"hidden\" name=\"_wpcf7_container_post\" value=\"0\" \/><input type=\"hidden\" name=\"_wpcf7_posted_data_hash\" value=\"\" \/><input type=\"hidden\" name=\"_wpcf7_recaptcha_response\" value=\"\" \/>\n<\/fieldset>\n<p>Imi\u0119\/Nazwisko*\n<\/p>\n<p><span class=\"wpcf7-form-control-wrap\" data-name=\"your-name\"><input size=\"40\" maxlength=\"400\" class=\"wpcf7-form-control wpcf7-text wpcf7-validates-as-required\" aria-required=\"true\" aria-invalid=\"false\" value=\"\" type=\"text\" name=\"your-name\" \/><\/span>\n<\/p>\n<p>Email*\n<\/p>\n<p><span class=\"wpcf7-form-control-wrap\" data-name=\"your-email\"><input size=\"40\" maxlength=\"400\" class=\"wpcf7-form-control wpcf7-email wpcf7-validates-as-required wpcf7-text wpcf7-validates-as-email\" aria-required=\"true\" aria-invalid=\"false\" value=\"\" type=\"email\" name=\"your-email\" \/><\/span>\n<\/p>\n<p>Pozycja*\n<\/p>\n<p><span class=\"wpcf7-form-control-wrap\" data-name=\"status\"><span class=\"wpcf7-form-control wpcf7-checkbox wpcf7-validates-as-required wpcf7-exclusive-checkbox\"><span class=\"wpcf7-list-item first\"><span class=\"wpcf7-list-item-label\">Specjalista<\/span><input type=\"checkbox\" name=\"status\" value=\"Specjalista\" \/><\/span><span class=\"wpcf7-list-item\"><span class=\"wpcf7-list-item-label\">Dystrybutor<\/span><input type=\"checkbox\" name=\"status\" value=\"Dystrybutor\" \/><\/span><span class=\"wpcf7-list-item last\"><span class=\"wpcf7-list-item-label\">Innych<\/span><input type=\"checkbox\" name=\"status\" value=\"Innych\" \/><\/span><\/span><\/span>\n<\/p>\n<p>Kraj*\n<\/p>\n<p><span class=\"wpcf7-form-control-wrap\" data-name=\"country\"><input size=\"40\" maxlength=\"400\" class=\"wpcf7-form-control wpcf7-text wpcf7-validates-as-required\" aria-required=\"true\" aria-invalid=\"false\" value=\"\" type=\"text\" name=\"country\" \/><\/span>\n<\/p>\n<p>Tre\u015b\u0107 wiadomo\u015bci*\n<\/p>\n<p><span class=\"wpcf7-form-control-wrap\" data-name=\"your-message\"><textarea cols=\"40\" rows=\"10\" maxlength=\"2000\" class=\"wpcf7-form-control wpcf7-textarea wpcf7-validates-as-required\" aria-required=\"true\" aria-invalid=\"false\" name=\"your-message\"><\/textarea><\/span>\n<\/p>\n<p><span class=\"wpcf7-form-control-wrap\" data-name=\"acceptance-20\"><span class=\"wpcf7-form-control wpcf7-acceptance\"><span class=\"wpcf7-list-item\"><input type=\"checkbox\" name=\"acceptance-20\" value=\"1\" aria-invalid=\"false\" \/><\/span><\/span><\/span> I express my informed, specific and unconditional consent for the company Comprof Milano Srl to proceed with the processing of my personal data to process the requests for information transmitted, as better described in the <a href=\"https:\/\/k-time.it\/pl\/privacy-policy\/\" target=\"_blank\" rel=\"noopener\">Privacy Policy<\/a>*\n<\/p>\n<p><small>Ta witryna jest chroniona przez <a href=\"https:\/\/policies.google.com\/privacy\"> Polityk\u0119 prywatno\u015bci <\/a> Google reCAPTCHA i <a href=\"https:\/\/policies.google.com\/terms\"> Warunki korzystania z us\u0142ugi<\/a><\/small>\n<\/p>\n<p><input class=\"wpcf7-form-control wpcf7-submit has-spinner\" type=\"submit\" value=\"Wy\u015blij\" \/>\n<\/p><div class=\"wpcf7-response-output\" aria-hidden=\"true\"><\/div>\n<\/form>\n<\/div>\n<\/div><\/div>\n\n\t\t\t<\/div>[\/vc_column][\/vc_row][vc_row][vc_column width=&#8221;1\/2&#8243;]<div class=\"standard-arrow list-divider bullet-top\"><h2>Formu\u0142a<\/h2>\n<ul>\n<li><strong>Bia\u0142a glinka<\/strong>: bogata w potas, wap\u0144, s\u00f3d, magnez, \u017celazo, glin i inne minera\u0142y, odprowadza sebum i ma dzia\u0142anie przeciwzapalne<\/li>\n<li><strong>Biowektor glicynowy<\/strong>: zapobiega powstawaniu p\u0142ynnego i sta\u0142ego \u0142ojotoku, reguluj\u0105c i normalizuj\u0105c jego produkcj\u0119<\/li>\n<li><strong>Ekstrakt z prawo\u015blazu<\/strong>: jest skutecznym naturalnym \u015brodkiem przeciwzapalnym o g\u0142\u0119bokim dzia\u0142aniu zmi\u0119kczaj\u0105cym i ochronnym<\/li>\n<\/ul>\n<\/div>[\/vc_column][vc_column width=&#8221;1\/2&#8243;]<div class=\"standard-arrow list-divider bullet-top\"><h2>Korzy\u015bci<\/h2>\n<ul>\n<li>Reguluje produkcj\u0119 sebum<\/li>\n<li>Pomaga utrzyma\u0107 r\u00f3wnowag\u0119 sk\u00f3ry<\/li>\n<li>Reguluje poziom wydzielanego \u0142oju<\/li>\n<li>Eliminuje osad \u0142oju i \u0142uszczenie si\u0119 nask\u00f3rka<\/li>\n<li>\u0141agodzi podra\u017cnienia i zaczerwienienia<\/li>\n<\/ul>\n<\/div>[\/vc_column][\/vc_row][vc_row css=&#8221;.vc_custom_1595341806516{padding-top: 50px !important;}&#8221;][vc_column]<div class=\"dt-fancy-separator h2-size style-thick\" style=\"width: 100%;\"><div class=\"dt-fancy-title\" style=\"color: #333333;\"><span class=\"separator-holder separator-left\" style=\"border-color: #f0f0f0;\"><\/span>Rituel<span class=\"separator-holder separator-right\" style=\"border-color: #f0f0f0;\"><\/span><\/div><\/div>[vc_row_inner][vc_column_inner width=&#8221;1\/2&#8243;][vc_empty_space height=&#8221;15px&#8221;]<div class=\"standard-number-list list-divider bullet-top\"><ul>\n<li>\n<h5>K-time Treatment Brush<\/h5>\n<p>Rozczesa\u0107 w\u0142osy K-time Treatment Brush, aby usun\u0105\u0107 nadmiar zanieczyszcze\u0144 i zwil\u017cy\u0107 w\u0142osy.<\/li>\n<li>\n<h5>Deepure Kuracja Oczyszczaj\u0105ca Sk\u00f3r\u0119 G\u0142owy<\/h5>\n<p>Nanie\u015b\u0107 na mokr\u0105 sk\u00f3r\u0119, delikatnie masuj\u0105c okr\u0119\u017cnymi ruchami. Pozostawi\u0107 na 3 minuty. Nie sp\u0142ukiwa\u0107.<\/li>\n<li>\n<h5>Sebolution Bia\u0142a Glinka<\/h5>\n<p>Przed umyciem w\u0142os\u00f3w szaponem, wla\u0107 produkt do Miseczki Glass K-time i na\u0142o\u017cy\u0107 go P\u0119dzelkiem K-time Treatment na mokr\u0105 sk\u00f3r\u0119, wykonuj\u0105c delikatny masa\u017c. Pozostawi\u0107 na 3\/5 minut i sp\u0142uka\u0107.<\/li>\n<li>\n<h5>Sebolution Normalizuj\u0105cy Szampon Reguluj\u0105cy Wydzielanie Sebum<\/h5>\n<p>Nanie\u015b\u0107 na mokr\u0105 sk\u00f3r\u0119 i w\u0142osy i zemulgowa\u0107. W razie potrzeby powt\u00f3rzy\u0107 czynno\u015b\u0107. Pozostawi\u0107 na 3 minuty i sp\u0142uka\u0107.<\/li>\n<li>\n<h5>Hydralize Delikatny P\u0142yn Regeneruj\u0105cy Do W\u0142os\u00f3w <strong><br \/>\n<\/strong><\/h5>\n<p>Po umyciu szamponem nanie\u015b\u0107 produkt na d\u0142ugo\u015bci w\u0142os\u00f3w. Pozostawi\u0107 na 4 minuty. Rozczesa\u0107 i dok\u0142adnie sp\u0142uka\u0107.<\/li>\n<\/ul>\n<\/div>[\/vc_column_inner][vc_column_inner width=&#8221;1\/2&#8243;][vc_empty_space height=&#8221;15px&#8221;][vc_column_text]Matirya Sebolution to rewolucja, na kt\u00f3r\u0105 czeka\u0142a\u015b. Normalizuje produkcj\u0119 \u0142oju, chroni\u0105c w\u0142osy przed os\u0142abieniem.[\/vc_column_text][vc_video link=&#8221;https:\/\/youtu.be\/SNS-PN9fFUE&#8221; align=&#8221;center&#8221;][\/vc_column_inner][\/vc_row_inner][\/vc_column][\/vc_row][vc_row css=&#8221;.vc_custom_1595341818903{padding-top: 50px !important;}&#8221;][vc_column]<div class=\"dt-fancy-separator h2-size style-thick\" style=\"width: 100%;\"><div class=\"dt-fancy-title\" style=\"color: #333333;\"><span class=\"separator-holder separator-left\" style=\"border-color: #f0f0f0;\"><\/span>Produkty powi\u0105zane<span class=\"separator-holder separator-right\" style=\"border-color: #f0f0f0;\"><\/span><\/div><\/div>[vc_raw_html]JTVCd3BiLXByb2R1Y3Qtc2xpZGVyLXNob3J0Y29kZSUyMGlkJTNEJTIyODAxJTIyJTVE[\/vc_raw_html][\/vc_column][\/vc_row]<\/p>\n<\/div>","protected":false},"excerpt":{"rendered":"<p><strong>[glossary_exclude]Bia\u0142a glinka[\/glossary_exclude] <\/strong>r\u00f3wnowa\u017c\u0105ca wydzielanie sebum do w\u0142os\u00f3w <strong>Matirya Sebolution<\/strong><strong>, <\/strong>[glossary_exclude]<strong>wzbogacona ekstraktem z <\/strong><strong>prawo\u015blazu i biowektorem glicynowym<\/strong>[\/glossary_exclude], ma intensywne dzia\u0142anie wch\u0142aniaj\u0105ce sebum i jest przeznaczona do delikatnego z\u0142uszczania sk\u00f3ry.<\/p>\n<p>W\u0142a\u015bciwo\u015bci mineralizuj\u0105ce bia\u0142ej glinki tworz\u0105 higieniczne \u015brodowisko kosmetyczne, kt\u00f3re sprzyja naturalnemu komfortowi sk\u00f3ry.<\/p>\n<p>&nbsp;<\/p>\n<p>[vc_row][vc_column][ultimate_exp_section title=\"Jak kupi\u0107\" new_title=\"Zapytaj nas\" text_color=\"#ffffff\" background_color=\"#877650\" text_hovercolor=\"#ffffff\" bghovercolor=\"#877650\" title_active=\"#ffffff\" title_active_bg=\"#877650\" cnt_bg_color=\"#ffffff\" icon=\"icomoon-the7-font-icon-cart-detailed\" new_icon=\"icomoon-the7-font-the7-mail-011\" icon_align=\"left\" icon_size=\"20\" icon_color=\"#ffffff\" icon_hover_color=\"#ffffff\" icon_active_color=\"#ffffff\" title_font_size=\"desktop:16px;\" title_padding=\"padding-top:4px;padding-right:7px;padding-bottom:4px;padding-left:4px;\" icon_margin=\"margin-right:1px;\"][contact-form-7 id=\"496\"][\/ultimate_exp_section][\/vc_column][\/vc_row]<\/p>\n","protected":false},"featured_media":26502,"template":"","meta":[],"product_brand":[],"product_cat":[1303,2031,2034],"product_tag":[],"class_list":{"0":"post-13307","1":"product","2":"type-product","3":"status-publish","4":"has-post-thumbnail","6":"product_cat-treatments","7":"product_cat-matirya","8":"product_cat-sebolution","9":"description-off","11":"first","12":"instock","13":"shipping-taxable","14":"product-type-simple"},"yoast_head":"<!-- This site is optimized with the Yoast SEO plugin v26.8 - https:\/\/yoast.com\/product\/yoast-seo-wordpress\/ -->\n<title>Sebolution | Bia\u0142a glinka r\u00f3wnowa\u017c\u0105ca wydzielanie sebum - K-time<\/title>\n<meta name=\"description\" content=\"Bia\u0142a glinka r\u00f3wnowa\u017c\u0105ca wydzielanie sebum do w\u0142os\u00f3w Matirya Sebolution, wzbogacona ekstraktem z prawo\u015blazu i biowektorem glicynowym.\" \/>\n<meta name=\"robots\" content=\"index, follow, max-snippet:-1, max-image-preview:large, max-video-preview:-1\" \/>\n<link rel=\"canonical\" href=\"https:\/\/k-time.it\/products\/treatments\/matirya\/sebolution\/sebolution-argilla-bianca-sebo-equilibrante\/\" \/>\n<meta property=\"og:locale\" content=\"pl_PL\" \/>\n<meta property=\"og:type\" content=\"article\" \/>\n<meta property=\"og:title\" content=\"Sebolution | Bia\u0142a glinka r\u00f3wnowa\u017c\u0105ca wydzielanie sebum - K-time\" \/>\n<meta property=\"og:description\" content=\"Bia\u0142a glinka r\u00f3wnowa\u017c\u0105ca wydzielanie sebum do w\u0142os\u00f3w Matirya Sebolution, wzbogacona ekstraktem z prawo\u015blazu i biowektorem glicynowym.\" \/>\n<meta property=\"og:url\" content=\"https:\/\/k-time.it\/products\/treatments\/matirya\/sebolution\/sebolution-argilla-bianca-sebo-equilibrante\/\" \/>\n<meta property=\"og:site_name\" content=\"K-time\" \/>\n<meta property=\"article:modified_time\" content=\"2025-10-07T07:31:49+00:00\" \/>\n<meta property=\"og:image\" content=\"https:\/\/k-time.it\/wp-content\/uploads\/2020\/06\/22044_k-time_matirya_sebolution_blancing_white_clay-1.png\" \/>\n\t<meta property=\"og:image:width\" content=\"600\" \/>\n\t<meta property=\"og:image:height\" content=\"600\" \/>\n\t<meta property=\"og:image:type\" content=\"image\/png\" \/>\n<meta name=\"twitter:card\" content=\"summary_large_image\" \/>\n<meta name=\"twitter:label1\" content=\"Szacowany czas czytania\" \/>\n\t<meta name=\"twitter:data1\" content=\"2 minuty\" \/>\n<script type=\"application\/ld+json\" class=\"yoast-schema-graph\">{\"@context\":\"https:\/\/schema.org\",\"@graph\":[{\"@type\":\"WebPage\",\"@id\":\"https:\/\/k-time.it\/products\/treatments\/matirya\/sebolution\/sebolution-argilla-bianca-sebo-equilibrante\/\",\"url\":\"https:\/\/k-time.it\/products\/treatments\/matirya\/sebolution\/sebolution-argilla-bianca-sebo-equilibrante\/\",\"name\":\"Sebolution | Bia\u0142a glinka r\u00f3wnowa\u017c\u0105ca wydzielanie sebum - K-time\",\"isPartOf\":{\"@id\":\"https:\/\/k-time.it\/en\/#website\"},\"primaryImageOfPage\":{\"@id\":\"https:\/\/k-time.it\/products\/treatments\/matirya\/sebolution\/sebolution-argilla-bianca-sebo-equilibrante\/#primaryimage\"},\"image\":{\"@id\":\"https:\/\/k-time.it\/products\/treatments\/matirya\/sebolution\/sebolution-argilla-bianca-sebo-equilibrante\/#primaryimage\"},\"thumbnailUrl\":\"https:\/\/k-time.it\/wp-content\/uploads\/2020\/06\/22044_k-time_matirya_sebolution_blancing_white_clay-1.png\",\"datePublished\":\"2020-06-25T14:46:22+00:00\",\"dateModified\":\"2025-10-07T07:31:49+00:00\",\"description\":\"Bia\u0142a glinka r\u00f3wnowa\u017c\u0105ca wydzielanie sebum do w\u0142os\u00f3w Matirya Sebolution, wzbogacona ekstraktem z prawo\u015blazu i biowektorem glicynowym.\",\"breadcrumb\":{\"@id\":\"https:\/\/k-time.it\/products\/treatments\/matirya\/sebolution\/sebolution-argilla-bianca-sebo-equilibrante\/#breadcrumb\"},\"inLanguage\":\"pl-PL\",\"potentialAction\":[{\"@type\":\"ReadAction\",\"target\":[\"https:\/\/k-time.it\/products\/treatments\/matirya\/sebolution\/sebolution-argilla-bianca-sebo-equilibrante\/\"]}]},{\"@type\":\"ImageObject\",\"inLanguage\":\"pl-PL\",\"@id\":\"https:\/\/k-time.it\/products\/treatments\/matirya\/sebolution\/sebolution-argilla-bianca-sebo-equilibrante\/#primaryimage\",\"url\":\"https:\/\/k-time.it\/wp-content\/uploads\/2020\/06\/22044_k-time_matirya_sebolution_blancing_white_clay-1.png\",\"contentUrl\":\"https:\/\/k-time.it\/wp-content\/uploads\/2020\/06\/22044_k-time_matirya_sebolution_blancing_white_clay-1.png\",\"width\":600,\"height\":600},{\"@type\":\"BreadcrumbList\",\"@id\":\"https:\/\/k-time.it\/products\/treatments\/matirya\/sebolution\/sebolution-argilla-bianca-sebo-equilibrante\/#breadcrumb\",\"itemListElement\":[{\"@type\":\"ListItem\",\"position\":1,\"name\":\"Home\",\"item\":\"https:\/\/k-time.it\/pl\/\"},{\"@type\":\"ListItem\",\"position\":2,\"name\":\"Shop\",\"item\":\"https:\/\/k-time.it\/en\/negozio\/\"},{\"@type\":\"ListItem\",\"position\":3,\"name\":\"Sebolution | Bia\u0142a glinka r\u00f3wnowa\u017c\u0105ca wydzielanie sebum\"}]},{\"@type\":\"WebSite\",\"@id\":\"https:\/\/k-time.it\/en\/#website\",\"url\":\"https:\/\/k-time.it\/en\/\",\"name\":\"K-time\",\"description\":\"Hair Spa Treatments\",\"publisher\":{\"@id\":\"https:\/\/k-time.it\/en\/#organization\"},\"potentialAction\":[{\"@type\":\"SearchAction\",\"target\":{\"@type\":\"EntryPoint\",\"urlTemplate\":\"https:\/\/k-time.it\/en\/?s={search_term_string}\"},\"query-input\":{\"@type\":\"PropertyValueSpecification\",\"valueRequired\":true,\"valueName\":\"search_term_string\"}}],\"inLanguage\":\"pl-PL\"},{\"@type\":\"Organization\",\"@id\":\"https:\/\/k-time.it\/en\/#organization\",\"name\":\"K-time\",\"url\":\"https:\/\/k-time.it\/en\/\",\"logo\":{\"@type\":\"ImageObject\",\"inLanguage\":\"pl-PL\",\"@id\":\"https:\/\/k-time.it\/en\/#\/schema\/logo\/image\/\",\"url\":\"\",\"contentUrl\":\"\",\"caption\":\"K-time\"},\"image\":{\"@id\":\"https:\/\/k-time.it\/en\/#\/schema\/logo\/image\/\"}}]}<\/script>\n<!-- \/ Yoast SEO plugin. -->","yoast_head_json":{"title":"Sebolution | Bia\u0142a glinka r\u00f3wnowa\u017c\u0105ca wydzielanie sebum - K-time","description":"Bia\u0142a glinka r\u00f3wnowa\u017c\u0105ca wydzielanie sebum do w\u0142os\u00f3w Matirya Sebolution, wzbogacona ekstraktem z prawo\u015blazu i biowektorem glicynowym.","robots":{"index":"index","follow":"follow","max-snippet":"max-snippet:-1","max-image-preview":"max-image-preview:large","max-video-preview":"max-video-preview:-1"},"canonical":"https:\/\/k-time.it\/products\/treatments\/matirya\/sebolution\/sebolution-argilla-bianca-sebo-equilibrante\/","og_locale":"pl_PL","og_type":"article","og_title":"Sebolution | Bia\u0142a glinka r\u00f3wnowa\u017c\u0105ca wydzielanie sebum - K-time","og_description":"Bia\u0142a glinka r\u00f3wnowa\u017c\u0105ca wydzielanie sebum do w\u0142os\u00f3w Matirya Sebolution, wzbogacona ekstraktem z prawo\u015blazu i biowektorem glicynowym.","og_url":"https:\/\/k-time.it\/products\/treatments\/matirya\/sebolution\/sebolution-argilla-bianca-sebo-equilibrante\/","og_site_name":"K-time","article_modified_time":"2025-10-07T07:31:49+00:00","og_image":[{"width":600,"height":600,"url":"https:\/\/k-time.it\/wp-content\/uploads\/2020\/06\/22044_k-time_matirya_sebolution_blancing_white_clay-1.png","type":"image\/png"}],"twitter_card":"summary_large_image","twitter_misc":{"Szacowany czas czytania":"2 minuty"},"schema":{"@context":"https:\/\/schema.org","@graph":[{"@type":"WebPage","@id":"https:\/\/k-time.it\/products\/treatments\/matirya\/sebolution\/sebolution-argilla-bianca-sebo-equilibrante\/","url":"https:\/\/k-time.it\/products\/treatments\/matirya\/sebolution\/sebolution-argilla-bianca-sebo-equilibrante\/","name":"Sebolution | Bia\u0142a glinka r\u00f3wnowa\u017c\u0105ca wydzielanie sebum - K-time","isPartOf":{"@id":"https:\/\/k-time.it\/en\/#website"},"primaryImageOfPage":{"@id":"https:\/\/k-time.it\/products\/treatments\/matirya\/sebolution\/sebolution-argilla-bianca-sebo-equilibrante\/#primaryimage"},"image":{"@id":"https:\/\/k-time.it\/products\/treatments\/matirya\/sebolution\/sebolution-argilla-bianca-sebo-equilibrante\/#primaryimage"},"thumbnailUrl":"https:\/\/k-time.it\/wp-content\/uploads\/2020\/06\/22044_k-time_matirya_sebolution_blancing_white_clay-1.png","datePublished":"2020-06-25T14:46:22+00:00","dateModified":"2025-10-07T07:31:49+00:00","description":"Bia\u0142a glinka r\u00f3wnowa\u017c\u0105ca wydzielanie sebum do w\u0142os\u00f3w Matirya Sebolution, wzbogacona ekstraktem z prawo\u015blazu i biowektorem glicynowym.","breadcrumb":{"@id":"https:\/\/k-time.it\/products\/treatments\/matirya\/sebolution\/sebolution-argilla-bianca-sebo-equilibrante\/#breadcrumb"},"inLanguage":"pl-PL","potentialAction":[{"@type":"ReadAction","target":["https:\/\/k-time.it\/products\/treatments\/matirya\/sebolution\/sebolution-argilla-bianca-sebo-equilibrante\/"]}]},{"@type":"ImageObject","inLanguage":"pl-PL","@id":"https:\/\/k-time.it\/products\/treatments\/matirya\/sebolution\/sebolution-argilla-bianca-sebo-equilibrante\/#primaryimage","url":"https:\/\/k-time.it\/wp-content\/uploads\/2020\/06\/22044_k-time_matirya_sebolution_blancing_white_clay-1.png","contentUrl":"https:\/\/k-time.it\/wp-content\/uploads\/2020\/06\/22044_k-time_matirya_sebolution_blancing_white_clay-1.png","width":600,"height":600},{"@type":"BreadcrumbList","@id":"https:\/\/k-time.it\/products\/treatments\/matirya\/sebolution\/sebolution-argilla-bianca-sebo-equilibrante\/#breadcrumb","itemListElement":[{"@type":"ListItem","position":1,"name":"Home","item":"https:\/\/k-time.it\/pl\/"},{"@type":"ListItem","position":2,"name":"Shop","item":"https:\/\/k-time.it\/en\/negozio\/"},{"@type":"ListItem","position":3,"name":"Sebolution | Bia\u0142a glinka r\u00f3wnowa\u017c\u0105ca wydzielanie sebum"}]},{"@type":"WebSite","@id":"https:\/\/k-time.it\/en\/#website","url":"https:\/\/k-time.it\/en\/","name":"K-time","description":"Hair Spa Treatments","publisher":{"@id":"https:\/\/k-time.it\/en\/#organization"},"potentialAction":[{"@type":"SearchAction","target":{"@type":"EntryPoint","urlTemplate":"https:\/\/k-time.it\/en\/?s={search_term_string}"},"query-input":{"@type":"PropertyValueSpecification","valueRequired":true,"valueName":"search_term_string"}}],"inLanguage":"pl-PL"},{"@type":"Organization","@id":"https:\/\/k-time.it\/en\/#organization","name":"K-time","url":"https:\/\/k-time.it\/en\/","logo":{"@type":"ImageObject","inLanguage":"pl-PL","@id":"https:\/\/k-time.it\/en\/#\/schema\/logo\/image\/","url":"","contentUrl":"","caption":"K-time"},"image":{"@id":"https:\/\/k-time.it\/en\/#\/schema\/logo\/image\/"}}]}},"_links":{"self":[{"href":"https:\/\/k-time.it\/pl\/wp-json\/wp\/v2\/product\/13307","targetHints":{"allow":["GET"]}}],"collection":[{"href":"https:\/\/k-time.it\/pl\/wp-json\/wp\/v2\/product"}],"about":[{"href":"https:\/\/k-time.it\/pl\/wp-json\/wp\/v2\/types\/product"}],"wp:featuredmedia":[{"embeddable":true,"href":"https:\/\/k-time.it\/pl\/wp-json\/wp\/v2\/media\/26502"}],"wp:attachment":[{"href":"https:\/\/k-time.it\/pl\/wp-json\/wp\/v2\/media?parent=13307"}],"wp:term":[{"taxonomy":"product_brand","embeddable":true,"href":"https:\/\/k-time.it\/pl\/wp-json\/wp\/v2\/product_brand?post=13307"},{"taxonomy":"product_cat","embeddable":true,"href":"https:\/\/k-time.it\/pl\/wp-json\/wp\/v2\/product_cat?post=13307"},{"taxonomy":"product_tag","embeddable":true,"href":"https:\/\/k-time.it\/pl\/wp-json\/wp\/v2\/product_tag?post=13307"}],"curies":[{"name":"wp","href":"https:\/\/api.w.org\/{rel}","templated":true}]}}