{"id":12076,"date":"2020-06-25T16:46:47","date_gmt":"2020-06-25T14:46:47","guid":{"rendered":"https:\/\/k-time.it\/products\/bez-kategorii\/phibre-champu-reestructurante-de-la-fibra-capilar-home-treatment\/"},"modified":"2021-05-29T12:24:19","modified_gmt":"2021-05-29T10:24:19","slug":"szampon-odbudowujacy-wlokno-wlosa-home-treatment","status":"publish","type":"product","link":"https:\/\/k-time.it\/pl\/products\/treatments\/phibre\/szampon-odbudowujacy-wlokno-wlosa-home-treatment\/","title":{"rendered":"Phibre | Szampon odbudowuj\u0105cy w\u0142\u00f3kno w\u0142osa &#8211; Home Treatment"},"content":{"rendered":"<div class=\"wpb-content-wrapper\"><p>[vc_row disable_element=&#8221;yes&#8221;][vc_column]<div class=\"ult_exp_section_layer ult-adjust-bottom-margin  \" >\n\t\t<div id=\"uvc-exp-wrap-1428\" role=\"button\" tabindex=\"0\" aria-pressed=\"false\"  data-ultimate-target='#uvc-exp-wrap-1428'  data-responsive-json-new='{\"font-size\":\"desktop:16px;\",\"line-height\":\"desktop:20px;\"}'  class=\"ult_exp_section  ult-responsive \" style=\"color:#ffffff;background-color:#877650; font-weight:normal; padding-top:4px;padding-right:7px;padding-bottom:4px;padding-left:4px;text-align:center;\" data-textcolor=\"#ffffff\"data-texthover=\"#ffffff\"data-icncolor=\"#ffffff\"data-ihover=\"#ffffff\"data-height=\"0\"data-cntbg=\"#877650\"data-cnthvrbg=\"#877650\"data-headerbg=\"#877650\"data-headerhover=\"#877650\"data-title=\"Jak kupi\u0107\"data-newtitle=\"Zapytaj nas\"data-icon=\"icomoon-the7-font-icon-cart-detailed\"data-newicon=\"icomoon-the7-font-the7-mail-011\"data-activeicon=\"#ffffff\"data-effect=\"slideToggle\"data-override=\"0\"data-activetitle=\"#ffffff\"data-activebg=\"#877650\"data-img=\"\"data-newimg=\"\"><div class=\"ult_exp_section-main ult_expleft_icon\">\t<div class=\"ult-just-icon-wrapper ult_exp_icon\">\n\t\t\t\t\t<div class=\"align-icon \">\n\t\t\t\t\t\t\n<span class=\"aio-icon  none  ult_expsection_icon \"  style=\"color:#ffffff;font-size:20px;\">\n\t<i class=\"icomoon-the7-font-icon-cart-detailed ult_ex_icon\"  ><\/i>\n<\/span>\n\t\t\t\t\t<\/div>\n\t\t\t\t<\/div>\n\t\t\t\t<div class=\"ult_expheader\" >Jak kupi\u0107\n\t\t\t\t<\/div>\n\t\t\t<\/div>\n\t\t<\/div><div class=\"ult_exp_content \" style=\"background-color:#ffffff;  \"><div class=\"ult_ecpsub_cont\" style=\" \" >\n<div class=\"wpcf7 no-js\" id=\"wpcf7-f15156-o1\" lang=\"pl-PL\" dir=\"ltr\" data-wpcf7-id=\"15156\">\n<div class=\"screen-reader-response\"><p role=\"status\" aria-live=\"polite\" aria-atomic=\"true\"><\/p> <ul><\/ul><\/div>\n<form action=\"\/pl\/wp-json\/wp\/v2\/product\/12076#wpcf7-f15156-o1\" method=\"post\" class=\"wpcf7-form init\" aria-label=\"Formularz kontaktowy\" novalidate=\"novalidate\" data-status=\"init\">\n<fieldset class=\"hidden-fields-container\"><input type=\"hidden\" name=\"_wpcf7\" value=\"15156\" \/><input type=\"hidden\" name=\"_wpcf7_version\" value=\"6.1.4\" \/><input type=\"hidden\" name=\"_wpcf7_locale\" value=\"pl_PL\" \/><input type=\"hidden\" name=\"_wpcf7_unit_tag\" value=\"wpcf7-f15156-o1\" \/><input type=\"hidden\" name=\"_wpcf7_container_post\" value=\"0\" \/><input type=\"hidden\" name=\"_wpcf7_posted_data_hash\" value=\"\" \/><input type=\"hidden\" name=\"_wpcf7_recaptcha_response\" value=\"\" \/>\n<\/fieldset>\n<p>Imi\u0119\/Nazwisko*\n<\/p>\n<p><span class=\"wpcf7-form-control-wrap\" data-name=\"your-name\"><input size=\"40\" maxlength=\"400\" class=\"wpcf7-form-control wpcf7-text wpcf7-validates-as-required\" aria-required=\"true\" aria-invalid=\"false\" value=\"\" type=\"text\" name=\"your-name\" \/><\/span>\n<\/p>\n<p>Email*\n<\/p>\n<p><span class=\"wpcf7-form-control-wrap\" data-name=\"your-email\"><input size=\"40\" maxlength=\"400\" class=\"wpcf7-form-control wpcf7-email wpcf7-validates-as-required wpcf7-text wpcf7-validates-as-email\" aria-required=\"true\" aria-invalid=\"false\" value=\"\" type=\"email\" name=\"your-email\" \/><\/span>\n<\/p>\n<p>Pozycja*\n<\/p>\n<p><span class=\"wpcf7-form-control-wrap\" data-name=\"status\"><span class=\"wpcf7-form-control wpcf7-checkbox wpcf7-validates-as-required wpcf7-exclusive-checkbox\"><span class=\"wpcf7-list-item first\"><span class=\"wpcf7-list-item-label\">Specjalista<\/span><input type=\"checkbox\" name=\"status\" value=\"Specjalista\" \/><\/span><span class=\"wpcf7-list-item\"><span class=\"wpcf7-list-item-label\">Dystrybutor<\/span><input type=\"checkbox\" name=\"status\" value=\"Dystrybutor\" \/><\/span><span class=\"wpcf7-list-item last\"><span class=\"wpcf7-list-item-label\">Innych<\/span><input type=\"checkbox\" name=\"status\" value=\"Innych\" \/><\/span><\/span><\/span>\n<\/p>\n<p>Kraj*\n<\/p>\n<p><span class=\"wpcf7-form-control-wrap\" data-name=\"country\"><input size=\"40\" maxlength=\"400\" class=\"wpcf7-form-control wpcf7-text wpcf7-validates-as-required\" aria-required=\"true\" aria-invalid=\"false\" value=\"\" type=\"text\" name=\"country\" \/><\/span>\n<\/p>\n<p>Tre\u015b\u0107 wiadomo\u015bci*\n<\/p>\n<p><span class=\"wpcf7-form-control-wrap\" data-name=\"your-message\"><textarea cols=\"40\" rows=\"10\" maxlength=\"2000\" class=\"wpcf7-form-control wpcf7-textarea wpcf7-validates-as-required\" aria-required=\"true\" aria-invalid=\"false\" name=\"your-message\"><\/textarea><\/span>\n<\/p>\n<p><span class=\"wpcf7-form-control-wrap\" data-name=\"acceptance-20\"><span class=\"wpcf7-form-control wpcf7-acceptance\"><span class=\"wpcf7-list-item\"><input type=\"checkbox\" name=\"acceptance-20\" value=\"1\" aria-invalid=\"false\" \/><\/span><\/span><\/span> I express my informed, specific and unconditional consent for the company Comprof Milano Srl to proceed with the processing of my personal data to process the requests for information transmitted, as better described in the <a href=\"https:\/\/k-time.it\/pl\/privacy-policy\/\" target=\"_blank\" rel=\"noopener\">Privacy Policy<\/a>*\n<\/p>\n<p><small>Ta witryna jest chroniona przez <a href=\"https:\/\/policies.google.com\/privacy\"> Polityk\u0119 prywatno\u015bci <\/a> Google reCAPTCHA i <a href=\"https:\/\/policies.google.com\/terms\"> Warunki korzystania z us\u0142ugi<\/a><\/small>\n<\/p>\n<p><input class=\"wpcf7-form-control wpcf7-submit has-spinner\" type=\"submit\" value=\"Wy\u015blij\" \/>\n<\/p><div class=\"wpcf7-response-output\" aria-hidden=\"true\"><\/div>\n<\/form>\n<\/div>\n<\/div><\/div>\n\n\t\t\t<\/div>[\/vc_column][\/vc_row][vc_row][vc_column width=&#8221;1\/2&#8243;]<div class=\"standard-arrow list-divider bullet-top\"><h2>Formu\u0142a<\/h2>\n<ul>\n<li><strong>Fitokeratyna:<\/strong> zawieraj\u0105ca hydrolizaty bia\u0142kowe o niskiej i \u015bredniej masie cz\u0105steczkowej, pozyskiwana z konopi i ry\u017cu<\/li>\n<li><strong>Termoproteiny sezamu<\/strong>: \u015brodek wzmacniaj\u0105cy najnowszej generacji, \u0142\u0105cz\u0105cy dzia\u0142anie odbudowuj\u0105ce hydrolizat\u00f3w sezamowych z dzia\u0142aniem ochronnym termoproteiny<\/li>\n<\/ul>\n<\/div>[\/vc_column][vc_column width=&#8221;1\/2&#8243;]<div class=\"standard-arrow list-divider bullet-top\"><h2>Korzy\u015bci<\/h2>\n<ul>\n<li>Delikatnie oczyszcza sk\u00f3r\u0119 g\u0142owy i w\u0142osy<\/li>\n<li>Wyd\u0142u\u017ca efekty zabiegu<\/li>\n<li>W\u0142osy pozostaj\u0105 mocne na d\u0142u\u017cej<\/li>\n<li>Udowodniona skuteczno\u015b\u0107*<\/li>\n<\/ul>\n<p>*Skuteczno\u015b\u0107 zabiegu przetestowana in vivo w laboratoriach uniwersytet\u00f3w w\u0142oskich<\/p>\n<\/div>[\/vc_column][\/vc_row][vc_row css=&#8221;.vc_custom_1595341806516{padding-top: 50px !important;}&#8221;][vc_column]<div class=\"dt-fancy-separator h2-size style-thick\" style=\"width: 100%;\"><div class=\"dt-fancy-title\" style=\"color: #333333;\"><span class=\"separator-holder separator-left\" style=\"border-color: #f0f0f0;\"><\/span>Rituel<span class=\"separator-holder separator-right\" style=\"border-color: #f0f0f0;\"><\/span><\/div><\/div>[vc_row_inner][vc_column_inner width=&#8221;1\/2&#8243;][vc_empty_space height=&#8221;15px&#8221;]<div class=\"standard-number-list list-divider bullet-top\"><ul>\n<li>\n<h5>Szampon Odbudowuj\u0105cy W\u0142\u00f3kno W\u0142osa<\/h5>\n<p>Nanie\u015b\u0107 szampon, aby delikatnie usun\u0105\u0107 zanieczyszczenia z w\u0142os\u00f3w i przygotowa\u0107 je do intensywnej kuracji odbudowuj\u0105cej. Delikatnie wmasowa\u0107 i sp\u0142uka\u0107. W razie potrzeby powt\u00f3rzy\u0107 aplikacj\u0119.<\/li>\n<li>\n<h5>Intensywna Kuracja Odbudowuj\u0105ca<\/h5>\n<p>Po umyciu w\u0142os\u00f3w szamponem i dok\u0142adnym owini\u0119ciu r\u0119cznikiem w celu usuni\u0119cia nadmiaru wody podzieli\u0107 w\u0142osy na sekcje i na\u0142o\u017cy\u0107 Intensywn\u0105 kuracj\u0119 odbudowuj\u0105c\u0105 za pomoc\u0105 p\u0119dzelka na ca\u0142ej d\u0142ugo\u015bci w\u0142os\u00f3w. Wmasowa\u0107, aby sk\u0142adniki aktywne wch\u0142on\u0119\u0142y si\u0119 g\u0142\u0119boko w struktur\u0119 w\u0142os\u00f3w. Pozostawi\u0107 pod \u017ar\u00f3d\u0142em ciep\u0142a, jak wskazano we w\u0142a\u015bciwej tabeli. Sp\u0142uka\u0107.<\/li>\n<li>\n<h5>Jedwabista Maska Roz\u015bwietlaj\u0105ca<\/h5>\n<p>Nanie\u015b\u0107 Jedwabist\u0105 mask\u0119 roz\u015bwietlaj\u0105c\u0105 na mokre w\u0142osy i pozostawi\u0107 na 3\/5 minut. Rozczesa\u0107 w\u0142osy i wmasowa\u0107 mask\u0119, aby dobrze j\u0105 rozprowadzi\u0107 i aby wch\u0142on\u0119\u0142a si\u0119 g\u0142\u0119boko we w\u0142osy. Dok\u0142adnie sp\u0142uka\u0107. Osuszy\u0107 w\u0142osy i przej\u015b\u0107 do kolejnego etapu piel\u0119gnacji.<\/li>\n<li>\n<h5>Spray Odbudowuj\u0105cy I Domykaj\u0105cy \u0141uski W\u0142osa<strong><br \/>\n<\/strong><\/h5>\n<p>Rozpryska\u0107 Spray odbudowuj\u0105cy na w\u0142osy z odleg\u0142o\u015bci 20-30 cm. Wysuszy\u0107 w\u0142osy bez sp\u0142ukiwania produktu. Spray mo\u017cna stosowa\u0107 r\u00f3wnie\u017c na suche w\u0142osy.<\/li>\n<\/ul>\n<\/div>[\/vc_column_inner][vc_column_inner width=&#8221;1\/2&#8243;][vc_empty_space height=&#8221;15px&#8221;][vc_column_text]Phibre to innowacyjna piel\u0119gnacja, kt\u00f3ra odbudowuje i os\u0142abione, zniszczone i przesuszone w\u0142osy. Regeneruje i przeciwdzia\u0142a rozdwajaniu si\u0119 ko\u0144c\u00f3wek.[\/vc_column_text][vc_video link=&#8221;https:\/\/youtu.be\/ad3M6SDiXPw&#8221; align=&#8221;center&#8221;][\/vc_column_inner][\/vc_row_inner][\/vc_column][\/vc_row][vc_row css=&#8221;.vc_custom_1595341818903{padding-top: 50px !important;}&#8221;][vc_column]<div class=\"dt-fancy-separator h2-size style-thick\" style=\"width: 100%;\"><div class=\"dt-fancy-title\" style=\"color: #333333;\"><span class=\"separator-holder separator-left\" style=\"border-color: #f0f0f0;\"><\/span>Produkty powi\u0105zane<span class=\"separator-holder separator-right\" style=\"border-color: #f0f0f0;\"><\/span><\/div><\/div>[vc_raw_html]JTIwJTVCd3BiLXByb2R1Y3Qtc2xpZGVyLXNob3J0Y29kZSUyMGlkJTNEJTIyMTM2NSUyMiU1RA==[\/vc_raw_html][\/vc_column][\/vc_row]<\/p>\n<\/div>","protected":false},"excerpt":{"rendered":"<div class=\"woocommerce-product-details__short-description\">\n<p>Wyd\u0142u\u017c efekty kuracji <em>Phibre<\/em> w domu za pomoc\u0105 produkt\u00f3w z serii Home Treatment.<\/p>\n<p><strong>Szampon odbudowuj\u0105cy<\/strong> delikatnie oczyszcza sk\u00f3r\u0119 g\u0142owy i w\u0142osy, regeneruj\u0105c i wzmacniaj\u0105c struktur\u0119 w\u0142\u00f3kna w\u0142osa. Chroni i wyd\u0142u\u017ca dobroczynne dzia\u0142anie kuracji Salon Treatment Phibre, dzi\u0119ki czemu <strong>w\u0142osy s\u0105 od\u017cywione i l\u015bni\u0105ce przez d\u0142ugi czas<\/strong>.<\/p>\n<p>Opakowanie 300 ml<\/p>\n<\/div>\n<p>&nbsp;<\/p>\n<p>[vc_row][vc_column][ultimate_exp_section title=\"Jak kupi\u0107\" new_title=\"Zapytaj nas\" text_color=\"#ffffff\" background_color=\"#877650\" text_hovercolor=\"#ffffff\" bghovercolor=\"#877650\" title_active=\"#ffffff\" title_active_bg=\"#877650\" cnt_bg_color=\"#ffffff\" icon=\"icomoon-the7-font-icon-cart-detailed\" new_icon=\"icomoon-the7-font-the7-mail-011\" icon_align=\"left\" icon_size=\"20\" icon_color=\"#ffffff\" icon_hover_color=\"#ffffff\" icon_active_color=\"#ffffff\" title_font_size=\"desktop:16px;\" title_padding=\"padding-top:4px;padding-right:7px;padding-bottom:4px;padding-left:4px;\" icon_margin=\"margin-right:1px;\"][contact-form-7 id=\"496\"][\/ultimate_exp_section][\/vc_column][\/vc_row]<\/p>\n","protected":false},"featured_media":18238,"template":"","meta":[],"product_brand":[],"product_cat":[1303,1304],"product_tag":[],"class_list":{"0":"post-12076","1":"product","2":"type-product","3":"status-publish","4":"has-post-thumbnail","6":"product_cat-treatments","7":"product_cat-phibre","8":"description-off","10":"first","11":"instock","12":"shipping-taxable","13":"product-type-simple"},"yoast_head":"<!-- This site is optimized with the Yoast SEO plugin v26.8 - https:\/\/yoast.com\/product\/yoast-seo-wordpress\/ -->\n<title>Phibre | Szampon odbudowuj\u0105cy w\u0142\u00f3kno w\u0142osa - Home Treatment - K-time<\/title>\n<meta name=\"description\" content=\"Szampon odbudowuj\u0105cy delikatnie oczyszcza sk\u00f3r\u0119 g\u0142owy i w\u0142osy, regeneruj\u0105c i wzmacniaj\u0105c struktur\u0119 w\u0142\u00f3kna w\u0142osa.\" \/>\n<meta name=\"robots\" content=\"index, follow, max-snippet:-1, max-image-preview:large, max-video-preview:-1\" \/>\n<link rel=\"canonical\" href=\"https:\/\/k-time.it\/pl\/products\/treatments\/phibre\/szampon-odbudowujacy-wlokno-wlosa-home-treatment\/\" \/>\n<meta property=\"og:locale\" content=\"pl_PL\" \/>\n<meta property=\"og:type\" content=\"article\" \/>\n<meta property=\"og:title\" content=\"Phibre | Szampon odbudowuj\u0105cy w\u0142\u00f3kno w\u0142osa - Home Treatment - K-time\" \/>\n<meta property=\"og:description\" content=\"Szampon odbudowuj\u0105cy delikatnie oczyszcza sk\u00f3r\u0119 g\u0142owy i w\u0142osy, regeneruj\u0105c i wzmacniaj\u0105c struktur\u0119 w\u0142\u00f3kna w\u0142osa.\" \/>\n<meta property=\"og:url\" content=\"https:\/\/k-time.it\/pl\/products\/treatments\/phibre\/szampon-odbudowujacy-wlokno-wlosa-home-treatment\/\" \/>\n<meta property=\"og:site_name\" content=\"K-time\" \/>\n<meta property=\"article:modified_time\" content=\"2021-05-29T10:24:19+00:00\" \/>\n<meta property=\"og:image\" content=\"https:\/\/k-time.it\/wp-content\/uploads\/2020\/07\/22090_k-time_phibre_hair_fibre_restructurin_shampoo_300ml-1.png\" \/>\n\t<meta property=\"og:image:width\" content=\"600\" \/>\n\t<meta property=\"og:image:height\" content=\"600\" \/>\n\t<meta property=\"og:image:type\" content=\"image\/png\" \/>\n<meta name=\"twitter:card\" content=\"summary_large_image\" \/>\n<meta name=\"twitter:label1\" content=\"Szacowany czas czytania\" \/>\n\t<meta name=\"twitter:data1\" content=\"3 minuty\" \/>\n<script type=\"application\/ld+json\" class=\"yoast-schema-graph\">{\"@context\":\"https:\/\/schema.org\",\"@graph\":[{\"@type\":\"WebPage\",\"@id\":\"https:\/\/k-time.it\/pl\/products\/treatments\/phibre\/szampon-odbudowujacy-wlokno-wlosa-home-treatment\/\",\"url\":\"https:\/\/k-time.it\/pl\/products\/treatments\/phibre\/szampon-odbudowujacy-wlokno-wlosa-home-treatment\/\",\"name\":\"Phibre | Szampon odbudowuj\u0105cy w\u0142\u00f3kno w\u0142osa - Home Treatment - K-time\",\"isPartOf\":{\"@id\":\"https:\/\/k-time.it\/en\/#website\"},\"primaryImageOfPage\":{\"@id\":\"https:\/\/k-time.it\/pl\/products\/treatments\/phibre\/szampon-odbudowujacy-wlokno-wlosa-home-treatment\/#primaryimage\"},\"image\":{\"@id\":\"https:\/\/k-time.it\/pl\/products\/treatments\/phibre\/szampon-odbudowujacy-wlokno-wlosa-home-treatment\/#primaryimage\"},\"thumbnailUrl\":\"https:\/\/k-time.it\/wp-content\/uploads\/2020\/07\/22090_k-time_phibre_hair_fibre_restructurin_shampoo_300ml-1.png\",\"datePublished\":\"2020-06-25T14:46:47+00:00\",\"dateModified\":\"2021-05-29T10:24:19+00:00\",\"description\":\"Szampon odbudowuj\u0105cy delikatnie oczyszcza sk\u00f3r\u0119 g\u0142owy i w\u0142osy, regeneruj\u0105c i wzmacniaj\u0105c struktur\u0119 w\u0142\u00f3kna w\u0142osa.\",\"breadcrumb\":{\"@id\":\"https:\/\/k-time.it\/pl\/products\/treatments\/phibre\/szampon-odbudowujacy-wlokno-wlosa-home-treatment\/#breadcrumb\"},\"inLanguage\":\"pl-PL\",\"potentialAction\":[{\"@type\":\"ReadAction\",\"target\":[\"https:\/\/k-time.it\/pl\/products\/treatments\/phibre\/szampon-odbudowujacy-wlokno-wlosa-home-treatment\/\"]}]},{\"@type\":\"ImageObject\",\"inLanguage\":\"pl-PL\",\"@id\":\"https:\/\/k-time.it\/pl\/products\/treatments\/phibre\/szampon-odbudowujacy-wlokno-wlosa-home-treatment\/#primaryimage\",\"url\":\"https:\/\/k-time.it\/wp-content\/uploads\/2020\/07\/22090_k-time_phibre_hair_fibre_restructurin_shampoo_300ml-1.png\",\"contentUrl\":\"https:\/\/k-time.it\/wp-content\/uploads\/2020\/07\/22090_k-time_phibre_hair_fibre_restructurin_shampoo_300ml-1.png\",\"width\":600,\"height\":600,\"caption\":\"Phibre | Shampoo Ristrutturante - Home Treatment\"},{\"@type\":\"BreadcrumbList\",\"@id\":\"https:\/\/k-time.it\/pl\/products\/treatments\/phibre\/szampon-odbudowujacy-wlokno-wlosa-home-treatment\/#breadcrumb\",\"itemListElement\":[{\"@type\":\"ListItem\",\"position\":1,\"name\":\"Home\",\"item\":\"https:\/\/k-time.it\/pl\/\"},{\"@type\":\"ListItem\",\"position\":2,\"name\":\"Shop\",\"item\":\"https:\/\/k-time.it\/en\/negozio\/\"},{\"@type\":\"ListItem\",\"position\":3,\"name\":\"Phibre | Szampon odbudowuj\u0105cy w\u0142\u00f3kno w\u0142osa &#8211; Home Treatment\"}]},{\"@type\":\"WebSite\",\"@id\":\"https:\/\/k-time.it\/en\/#website\",\"url\":\"https:\/\/k-time.it\/en\/\",\"name\":\"K-time\",\"description\":\"Hair Spa Treatments\",\"publisher\":{\"@id\":\"https:\/\/k-time.it\/en\/#organization\"},\"potentialAction\":[{\"@type\":\"SearchAction\",\"target\":{\"@type\":\"EntryPoint\",\"urlTemplate\":\"https:\/\/k-time.it\/en\/?s={search_term_string}\"},\"query-input\":{\"@type\":\"PropertyValueSpecification\",\"valueRequired\":true,\"valueName\":\"search_term_string\"}}],\"inLanguage\":\"pl-PL\"},{\"@type\":\"Organization\",\"@id\":\"https:\/\/k-time.it\/en\/#organization\",\"name\":\"K-time\",\"url\":\"https:\/\/k-time.it\/en\/\",\"logo\":{\"@type\":\"ImageObject\",\"inLanguage\":\"pl-PL\",\"@id\":\"https:\/\/k-time.it\/en\/#\/schema\/logo\/image\/\",\"url\":\"\",\"contentUrl\":\"\",\"caption\":\"K-time\"},\"image\":{\"@id\":\"https:\/\/k-time.it\/en\/#\/schema\/logo\/image\/\"}}]}<\/script>\n<!-- \/ Yoast SEO plugin. -->","yoast_head_json":{"title":"Phibre | Szampon odbudowuj\u0105cy w\u0142\u00f3kno w\u0142osa - Home Treatment - K-time","description":"Szampon odbudowuj\u0105cy delikatnie oczyszcza sk\u00f3r\u0119 g\u0142owy i w\u0142osy, regeneruj\u0105c i wzmacniaj\u0105c struktur\u0119 w\u0142\u00f3kna w\u0142osa.","robots":{"index":"index","follow":"follow","max-snippet":"max-snippet:-1","max-image-preview":"max-image-preview:large","max-video-preview":"max-video-preview:-1"},"canonical":"https:\/\/k-time.it\/pl\/products\/treatments\/phibre\/szampon-odbudowujacy-wlokno-wlosa-home-treatment\/","og_locale":"pl_PL","og_type":"article","og_title":"Phibre | Szampon odbudowuj\u0105cy w\u0142\u00f3kno w\u0142osa - Home Treatment - K-time","og_description":"Szampon odbudowuj\u0105cy delikatnie oczyszcza sk\u00f3r\u0119 g\u0142owy i w\u0142osy, regeneruj\u0105c i wzmacniaj\u0105c struktur\u0119 w\u0142\u00f3kna w\u0142osa.","og_url":"https:\/\/k-time.it\/pl\/products\/treatments\/phibre\/szampon-odbudowujacy-wlokno-wlosa-home-treatment\/","og_site_name":"K-time","article_modified_time":"2021-05-29T10:24:19+00:00","og_image":[{"width":600,"height":600,"url":"https:\/\/k-time.it\/wp-content\/uploads\/2020\/07\/22090_k-time_phibre_hair_fibre_restructurin_shampoo_300ml-1.png","type":"image\/png"}],"twitter_card":"summary_large_image","twitter_misc":{"Szacowany czas czytania":"3 minuty"},"schema":{"@context":"https:\/\/schema.org","@graph":[{"@type":"WebPage","@id":"https:\/\/k-time.it\/pl\/products\/treatments\/phibre\/szampon-odbudowujacy-wlokno-wlosa-home-treatment\/","url":"https:\/\/k-time.it\/pl\/products\/treatments\/phibre\/szampon-odbudowujacy-wlokno-wlosa-home-treatment\/","name":"Phibre | Szampon odbudowuj\u0105cy w\u0142\u00f3kno w\u0142osa - Home Treatment - K-time","isPartOf":{"@id":"https:\/\/k-time.it\/en\/#website"},"primaryImageOfPage":{"@id":"https:\/\/k-time.it\/pl\/products\/treatments\/phibre\/szampon-odbudowujacy-wlokno-wlosa-home-treatment\/#primaryimage"},"image":{"@id":"https:\/\/k-time.it\/pl\/products\/treatments\/phibre\/szampon-odbudowujacy-wlokno-wlosa-home-treatment\/#primaryimage"},"thumbnailUrl":"https:\/\/k-time.it\/wp-content\/uploads\/2020\/07\/22090_k-time_phibre_hair_fibre_restructurin_shampoo_300ml-1.png","datePublished":"2020-06-25T14:46:47+00:00","dateModified":"2021-05-29T10:24:19+00:00","description":"Szampon odbudowuj\u0105cy delikatnie oczyszcza sk\u00f3r\u0119 g\u0142owy i w\u0142osy, regeneruj\u0105c i wzmacniaj\u0105c struktur\u0119 w\u0142\u00f3kna w\u0142osa.","breadcrumb":{"@id":"https:\/\/k-time.it\/pl\/products\/treatments\/phibre\/szampon-odbudowujacy-wlokno-wlosa-home-treatment\/#breadcrumb"},"inLanguage":"pl-PL","potentialAction":[{"@type":"ReadAction","target":["https:\/\/k-time.it\/pl\/products\/treatments\/phibre\/szampon-odbudowujacy-wlokno-wlosa-home-treatment\/"]}]},{"@type":"ImageObject","inLanguage":"pl-PL","@id":"https:\/\/k-time.it\/pl\/products\/treatments\/phibre\/szampon-odbudowujacy-wlokno-wlosa-home-treatment\/#primaryimage","url":"https:\/\/k-time.it\/wp-content\/uploads\/2020\/07\/22090_k-time_phibre_hair_fibre_restructurin_shampoo_300ml-1.png","contentUrl":"https:\/\/k-time.it\/wp-content\/uploads\/2020\/07\/22090_k-time_phibre_hair_fibre_restructurin_shampoo_300ml-1.png","width":600,"height":600,"caption":"Phibre | Shampoo Ristrutturante - Home Treatment"},{"@type":"BreadcrumbList","@id":"https:\/\/k-time.it\/pl\/products\/treatments\/phibre\/szampon-odbudowujacy-wlokno-wlosa-home-treatment\/#breadcrumb","itemListElement":[{"@type":"ListItem","position":1,"name":"Home","item":"https:\/\/k-time.it\/pl\/"},{"@type":"ListItem","position":2,"name":"Shop","item":"https:\/\/k-time.it\/en\/negozio\/"},{"@type":"ListItem","position":3,"name":"Phibre | Szampon odbudowuj\u0105cy w\u0142\u00f3kno w\u0142osa &#8211; Home Treatment"}]},{"@type":"WebSite","@id":"https:\/\/k-time.it\/en\/#website","url":"https:\/\/k-time.it\/en\/","name":"K-time","description":"Hair Spa Treatments","publisher":{"@id":"https:\/\/k-time.it\/en\/#organization"},"potentialAction":[{"@type":"SearchAction","target":{"@type":"EntryPoint","urlTemplate":"https:\/\/k-time.it\/en\/?s={search_term_string}"},"query-input":{"@type":"PropertyValueSpecification","valueRequired":true,"valueName":"search_term_string"}}],"inLanguage":"pl-PL"},{"@type":"Organization","@id":"https:\/\/k-time.it\/en\/#organization","name":"K-time","url":"https:\/\/k-time.it\/en\/","logo":{"@type":"ImageObject","inLanguage":"pl-PL","@id":"https:\/\/k-time.it\/en\/#\/schema\/logo\/image\/","url":"","contentUrl":"","caption":"K-time"},"image":{"@id":"https:\/\/k-time.it\/en\/#\/schema\/logo\/image\/"}}]}},"_links":{"self":[{"href":"https:\/\/k-time.it\/pl\/wp-json\/wp\/v2\/product\/12076","targetHints":{"allow":["GET"]}}],"collection":[{"href":"https:\/\/k-time.it\/pl\/wp-json\/wp\/v2\/product"}],"about":[{"href":"https:\/\/k-time.it\/pl\/wp-json\/wp\/v2\/types\/product"}],"wp:featuredmedia":[{"embeddable":true,"href":"https:\/\/k-time.it\/pl\/wp-json\/wp\/v2\/media\/18238"}],"wp:attachment":[{"href":"https:\/\/k-time.it\/pl\/wp-json\/wp\/v2\/media?parent=12076"}],"wp:term":[{"taxonomy":"product_brand","embeddable":true,"href":"https:\/\/k-time.it\/pl\/wp-json\/wp\/v2\/product_brand?post=12076"},{"taxonomy":"product_cat","embeddable":true,"href":"https:\/\/k-time.it\/pl\/wp-json\/wp\/v2\/product_cat?post=12076"},{"taxonomy":"product_tag","embeddable":true,"href":"https:\/\/k-time.it\/pl\/wp-json\/wp\/v2\/product_tag?post=12076"}],"curies":[{"name":"wp","href":"https:\/\/api.w.org\/{rel}","templated":true}]}}