{"id":15174,"date":"2021-04-19T09:42:39","date_gmt":"2021-04-19T07:42:39","guid":{"rendered":"https:\/\/k-time.it\/contacts\/"},"modified":"2026-04-09T12:15:25","modified_gmt":"2026-04-09T10:15:25","slug":"contacts","status":"publish","type":"page","link":"https:\/\/k-time.it\/pl\/contacts\/","title":{"rendered":"Contacts"},"content":{"rendered":"<div class=\"wpb-content-wrapper\"><p>[vc_row][vc_column]\n\t\t\t<!-- START hero_contacts REVOLUTION SLIDER 6.7.38 --><p class=\"rs-p-wp-fix\"><\/p>\n\t\t\t<rs-module-wrap id=\"rev_slider_28_1_wrapper\" data-source=\"gallery\" style=\"visibility:hidden;background:transparent;padding:0;margin:0px auto;margin-top:0;margin-bottom:0;\">\n\t\t\t\t<rs-module id=\"rev_slider_28_1\" style=\"\" data-version=\"6.7.38\">\n\t\t\t\t\t<rs-slides style=\"overflow: hidden; position: absolute;\">\n\t\t\t\t\t\t<rs-slide style=\"position: absolute;\" data-key=\"rs-27\" data-title=\"Slide\" data-anim=\"ms:1000;r:0;\" data-in=\"o:0;\" data-out=\"a:false;\">\n\t\t\t\t\t\t\t<img decoding=\"async\" src=\"\/\/k-time.it\/wp-content\/plugins\/revslider\/sr6\/assets\/assets\/dummy.png\" alt=\"\" title=\"k-time_product_category_hero_contacts\" width=\"1240\" height=\"400\" class=\"rev-slidebg tp-rs-img rs-lazyload\" data-lazyload=\"\/\/k-time.it\/wp-content\/uploads\/2020\/07\/k-time_product_category_hero_contacts.png\" data-no-retina>\n<!--\n\t\t\t\t\t\t\t--><rs-layer\n\t\t\t\t\t\t\t\tid=\"slider-28-slide-27-layer-0\" \n\t\t\t\t\t\t\t\tdata-type=\"text\"\n\t\t\t\t\t\t\t\tdata-rsp_ch=\"on\"\n\t\t\t\t\t\t\t\tdata-xy=\"x:c;xo:0,0,2px,0;y:m;\"\n\t\t\t\t\t\t\t\tdata-text=\"w:normal;s:50,50,40,40;l:25,25,40,45;a:center;\"\n\t\t\t\t\t\t\t\tdata-dim=\"w:auto,auto,auto,438px;\"\n\t\t\t\t\t\t\t\tdata-frame_999=\"o:0;st:w;\"\n\t\t\t\t\t\t\t\tstyle=\"z-index:8;font-family:'Montserrat';\"\n\t\t\t\t\t\t\t>CONTACTS \n\t\t\t\t\t\t\t<\/rs-layer><!--\n-->\t\t\t\t\t<\/rs-slide>\n\t\t\t\t\t<\/rs-slides>\n\t\t\t\t<\/rs-module>\n\t\t\t\t<script>\n\t\t\t\t\tsetREVStartSize({c: 'rev_slider_28_1',rl:[1240,1024,778,480],el:[400,400,400,300],gw:[1240,1024,778,460],gh:[400,400,400,300],type:'standard',justify:'',layout:'fullwidth',mh:\"0\"});if (window.RS_MODULES!==undefined && window.RS_MODULES.modules!==undefined && window.RS_MODULES.modules[\"revslider281\"]!==undefined) {window.RS_MODULES.modules[\"revslider281\"].once = false;window.revapi28 = undefined;if (window.RS_MODULES.checkMinimal!==undefined) window.RS_MODULES.checkMinimal()}\n\t\t\t\t<\/script>\n\t\t\t<\/rs-module-wrap>\n\t\t\t<!-- END REVOLUTION SLIDER -->\n[\/vc_column][\/vc_row][vc_row][vc_column][vc_empty_space height=&#8221;80px&#8221;][vc_row_inner][vc_column_inner width=&#8221;1\/3&#8243; offset=&#8221;vc_hidden-sm vc_hidden-xs&#8221;][vc_column_text]<\/p>\n<h1><span style=\"color: #333333;\">Potrzebujesz pomocy?<\/span><\/h1>\n<p>Aby otrzyma\u0107 pomoc lub informacje o naszych produktach, mo\u017cesz skontaktowa\u0107 si\u0119 z nami, wype\u0142niaj\u0105c <strong>formularz<\/strong> lub wysy\u0142aj\u0105c <strong>email<\/strong>.[\/vc_column_text][vc_cta h2=&#8221;Email:&#8221; h2_font_container=&#8221;font_size:20px|color:%23333333|line_height:19px&#8221; h2_google_fonts=&#8221;font_family:Montserrat%3Aregular%2C700|font_style:400%20regular%3A400%3Anormal&#8221; style=&#8221;outline&#8221; color=&#8221;white&#8221; add_icon=&#8221;left&#8221; i_icon_fontawesome=&#8221;far fa-envelope&#8221; i_color=&#8221;custom&#8221; i_size=&#8221;lg&#8221; css=&#8221;.vc_custom_1610706539151{margin-top: 0px !important;margin-right: 0px !important;margin-bottom: 0px !important;margin-left: 0px !important;border-top-width: 0px !important;border-right-width: 0px !important;border-bottom-width: 0px !important;border-left-width: 0px !important;padding-top: 0px !important;padding-right: 0px !important;padding-bottom: 0px !important;padding-left: 0px !important;}&#8221; use_custom_fonts_h2=&#8221;true&#8221; h3=&#8221;Spedizione Gratuita&#8221; i_custom_color=&#8221;#877650&#8243;]<a href=\"mailto:info@k-time.it\" target=\"_blank\" rel=\"noopener noreferrer\">info@k-time.it<\/a>[\/vc_cta][vc_cta h2=&#8221;Pobierz Katalog&#8221; h2_font_container=&#8221;font_size:20px|color:%23333333|line_height:19px&#8221; h2_google_fonts=&#8221;font_family:Montserrat%3Aregular%2C700|font_style:400%20regular%3A400%3Anormal&#8221; style=&#8221;outline&#8221; color=&#8221;white&#8221; add_icon=&#8221;left&#8221; i_type=&#8221;openiconic&#8221; i_icon_openiconic=&#8221;vc-oi vc-oi-book-open&#8221; i_color=&#8221;custom&#8221; i_size=&#8221;lg&#8221; css=&#8221;.vc_custom_1615900586863{margin-top: 0px !important;margin-right: 0px !important;margin-bottom: 0px !important;margin-left: 0px !important;border-top-width: 0px !important;border-right-width: 0px !important;border-bottom-width: 0px !important;border-left-width: 0px !important;padding-top: 0px !important;padding-right: 0px !important;padding-bottom: 0px !important;padding-left: 0px !important;}&#8221; use_custom_fonts_h2=&#8221;true&#8221; h3=&#8221;Spedizione Gratuita&#8221; i_custom_color=&#8221;#877650&#8243;]<a href=\"https:\/\/comprof.it\/cataloghi\/k-time\/k-time_products_book.pdf\" target=\"_blank\" rel=\"noopener noreferrer\">Products Book <\/a>[\/vc_cta][\/vc_column_inner][vc_column_inner width=&#8221;2\/3&#8243; offset=&#8221;vc_hidden-sm vc_hidden-xs&#8221;][vc_raw_html css=&#8221;&#8221;]JTNDJTIxLS0lMjBDdXN0b20lMjBGb3JtJTNBJTIwSy1UaW1lJTIwUEwlMjAtLSUzRSUwQSUzQ2xpbmslMjByZWwlM0QlMjJzdHlsZXNoZWV0JTIyJTIwaHJlZiUzRCUyMmh0dHBzJTNBJTJGJTJGaGVscGRlc2suY29tcHJvZi5pdCUyRmFzc2V0cyUyRmN1c3RvbS1mb3JtJTJGY3VzdG9tLWZvcm0uY3NzJTIyJTNFJTBBJTNDZGl2JTIwaWQlM0QlMjJjdXN0b20tZm9ybS1QOWhqQ1BrbCUyMiUzRSUzQyUyRmRpdiUzRSUwQSUzQ3NjcmlwdCUyMHNyYyUzRCUyMmh0dHBzJTNBJTJGJTJGaGVscGRlc2suY29tcHJvZi5pdCUyRmFzc2V0cyUyRmN1c3RvbS1mb3JtJTJGY3VzdG9tLWZvcm0uanMlMjIlM0UlM0MlMkZzY3JpcHQlM0UlMEElM0NzY3JpcHQlM0UlMEElMjAlMjBaYW1tYWRDdXN0b21Gb3JtLmluaXQlMjglN0IlMEElMjAlMjAlMjAlMjBlbCUzQSUyMCUyMCUyMCUyMCUyMCUyMCUyNyUyM2N1c3RvbS1mb3JtLVA5aGpDUGtsJTI3JTJDJTBBJTIwJTIwJTIwJTIwdG9rZW4lM0ElMjAlMjAlMjAlMjdQOWhqQ1BrbFM0d0F4Q2haMUNtbVN5RHNwd2RwWE1pVW1aa2FmNVR1NUlPNlVmT3RSZmJsQl9PWTRDQWlJQnFCJTI3JTJDJTBBJTIwJTIwJTIwJTIwYmFzZVVybCUzQSUyMCUyN2h0dHBzJTNBJTJGJTJGaGVscGRlc2suY29tcHJvZi5pdCUyNyUwQSUyMCUyMCU3RCUyOSUzQiUwQSUzQyUyRnNjcmlwdCUzRQ==[\/vc_raw_html][\/vc_column_inner][\/vc_row_inner][vc_row_inner][vc_column_inner offset=&#8221;vc_hidden-lg vc_hidden-md&#8221;][vc_column_text]<\/p>\n<h1><span style=\"color: #333333;\">Potrzebujesz pomocy?<\/span><\/h1>\n<p>Aby otrzyma\u0107 pomoc lub informacje o naszych produktach, mo\u017cesz skontaktowa\u0107 si\u0119 z nami, wype\u0142niaj\u0105c <strong>formularz<\/strong> lub wysy\u0142aj\u0105c<strong> email.<\/strong>[\/vc_column_text][vc_cta h2=&#8221;Email:&#8221; h2_font_container=&#8221;font_size:20px|color:%23333333|line_height:19px&#8221; h2_google_fonts=&#8221;font_family:Montserrat%3Aregular%2C700|font_style:400%20regular%3A400%3Anormal&#8221; style=&#8221;outline&#8221; color=&#8221;white&#8221; add_icon=&#8221;left&#8221; i_icon_fontawesome=&#8221;far fa-envelope&#8221; i_color=&#8221;custom&#8221; i_size=&#8221;lg&#8221; css=&#8221;.vc_custom_1610706559403{margin-top: 0px !important;margin-right: 0px !important;margin-bottom: 0px !important;margin-left: 0px !important;border-top-width: 0px !important;border-right-width: 0px !important;border-bottom-width: 0px !important;border-left-width: 0px !important;padding-top: 0px !important;padding-right: 0px !important;padding-bottom: 0px !important;padding-left: 0px !important;}&#8221; use_custom_fonts_h2=&#8221;true&#8221; h3=&#8221;Spedizione Gratuita&#8221; i_custom_color=&#8221;#877650&#8243;]<a href=\"mailto:info@k-time.it\" target=\"_blank\" rel=\"noopener noreferrer\">info@k-time.it<\/a>[\/vc_cta][vc_cta h2=&#8221;Pobierz Katalog&#8221; h2_font_container=&#8221;font_size:20px|color:%23333333|line_height:19px&#8221; h2_google_fonts=&#8221;font_family:Montserrat%3Aregular%2C700|font_style:400%20regular%3A400%3Anormal&#8221; style=&#8221;outline&#8221; color=&#8221;white&#8221; add_icon=&#8221;left&#8221; i_type=&#8221;openiconic&#8221; i_icon_openiconic=&#8221;vc-oi vc-oi-book-open&#8221; i_color=&#8221;custom&#8221; i_size=&#8221;lg&#8221; css=&#8221;.vc_custom_1615900598447{margin-top: 0px !important;margin-right: 0px !important;margin-bottom: 0px !important;margin-left: 0px !important;border-top-width: 0px !important;border-right-width: 0px !important;border-bottom-width: 0px !important;border-left-width: 0px !important;padding-top: 0px !important;padding-right: 0px !important;padding-bottom: 0px !important;padding-left: 0px !important;}&#8221; use_custom_fonts_h2=&#8221;true&#8221; h3=&#8221;Spedizione Gratuita&#8221; i_custom_color=&#8221;#877650&#8243;]<a href=\"https:\/\/comprof.it\/cataloghi\/k-time\/k-time_products_book.pdf\" target=\"_blank\" rel=\"noopener noreferrer\">Products Book<\/a>[\/vc_cta][vc_raw_html]JTNDc2NyaXB0JTIwY2hhcnNldCUzRCUyMnV0Zi04JTIyJTIwdHlwZSUzRCUyMnRleHQlMkZqYXZhc2NyaXB0JTIyJTIwc3JjJTNEJTIyJTJGJTJGanMtZXUxLmhzZm9ybXMubmV0JTJGZm9ybXMlMkZ2Mi5qcyUyMiUzRSUzQyUyRnNjcmlwdCUzRSUwQSUzQ3NjcmlwdCUzRSUwQSUyMCUyMGhic3B0LmZvcm1zLmNyZWF0ZSUyOCU3QiUwQSUyMCUyMCUyMCUyMHJlZ2lvbiUzQSUyMCUyMmV1MSUyMiUyQyUwQSUyMCUyMCUyMCUyMHBvcnRhbElkJTNBJTIwJTIyMjQ4OTA2NTclMjIlMkMlMEElMjAlMjAlMjAlMjBmb3JtSWQlM0ElMjAlMjI4Y2Y4ZDQ5Ny0zMDdmLTRjZWQtOTVhZi0wODFkMmM3ZTVjNjIlMjIlMEElMjAlMjAlN0QlMjklM0IlMEElM0MlMkZzY3JpcHQlM0U=[\/vc_raw_html][\/vc_column_inner][\/vc_row_inner][\/vc_column][\/vc_row]<\/p>\n<\/div>","protected":false},"excerpt":{"rendered":"<p>[vc_row][vc_column][\/vc_column][\/vc_row][vc_row][vc_column][vc_empty_space height=&#8221;80px&#8221;][vc_row_inner][vc_column_inner width=&#8221;1\/3&#8243; offset=&#8221;vc_hidden-sm vc_hidden-xs&#8221;][vc_column_text] Potrzebujesz pomocy? Aby otrzyma\u0107 pomoc lub informacje o naszych produktach, mo\u017cesz skontaktowa\u0107 si\u0119 z nami, wype\u0142niaj\u0105c formularz lub wysy\u0142aj\u0105c email.[\/vc_column_text][vc_cta h2=&#8221;Email:&#8221; h2_font_container=&#8221;font_size:20px|color:%23333333|line_height:19px&#8221; h2_google_fonts=&#8221;font_family:Montserrat%3Aregular%2C700|font_style:400%20regular%3A400%3Anormal&#8221; style=&#8221;outline&#8221; color=&#8221;white&#8221; add_icon=&#8221;left&#8221; i_icon_fontawesome=&#8221;far fa-envelope&#8221; i_color=&#8221;custom&#8221; i_size=&#8221;lg&#8221; css=&#8221;.vc_custom_1610706539151{margin-top: 0px !important;margin-right: 0px !important;margin-bottom: 0px !important;margin-left: 0px !important;border-top-width: 0px !important;border-right-width: 0px !important;border-bottom-width: 0px !important;border-left-width: 0px !important;padding-top: 0px !important;padding-right: 0px&hellip;<\/p>\n","protected":false},"author":1,"featured_media":0,"parent":0,"menu_order":0,"comment_status":"closed","ping_status":"closed","template":"","meta":{"footnotes":""},"class_list":["post-15174","page","type-page","status-publish","hentry","description-off"],"yoast_head":"<!-- This site is optimized with the Yoast SEO plugin v26.8 - https:\/\/yoast.com\/product\/yoast-seo-wordpress\/ -->\n<title>Contacts | K-time<\/title>\n<meta name=\"description\" content=\"To receive assistance or information about our products, you can contact us by filling out the form or sending an email.\" \/>\n<meta name=\"robots\" content=\"index, follow, max-snippet:-1, max-image-preview:large, max-video-preview:-1\" \/>\n<link rel=\"canonical\" href=\"https:\/\/k-time.it\/pl\/contacts\/\" \/>\n<meta property=\"og:locale\" content=\"pl_PL\" \/>\n<meta property=\"og:type\" content=\"article\" \/>\n<meta property=\"og:title\" content=\"Contacts | K-time\" \/>\n<meta property=\"og:description\" content=\"To receive assistance or information about our products, you can contact us by filling out the form or sending an email.\" \/>\n<meta property=\"og:url\" content=\"https:\/\/k-time.it\/pl\/contacts\/\" \/>\n<meta property=\"og:site_name\" content=\"K-time\" \/>\n<meta property=\"article:modified_time\" content=\"2026-04-09T10:15:25+00:00\" \/>\n<meta name=\"twitter:card\" content=\"summary_large_image\" \/>\n<meta name=\"twitter:label1\" content=\"Szacowany czas czytania\" \/>\n\t<meta name=\"twitter:data1\" content=\"2 minuty\" \/>\n<script type=\"application\/ld+json\" class=\"yoast-schema-graph\">{\"@context\":\"https:\/\/schema.org\",\"@graph\":[{\"@type\":\"WebPage\",\"@id\":\"https:\/\/k-time.it\/pl\/contacts\/\",\"url\":\"https:\/\/k-time.it\/pl\/contacts\/\",\"name\":\"Contacts | K-time\",\"isPartOf\":{\"@id\":\"https:\/\/k-time.it\/en\/#website\"},\"datePublished\":\"2021-04-19T07:42:39+00:00\",\"dateModified\":\"2026-04-09T10:15:25+00:00\",\"description\":\"To receive assistance or information about our products, you can contact us by filling out the form or sending an email.\",\"breadcrumb\":{\"@id\":\"https:\/\/k-time.it\/pl\/contacts\/#breadcrumb\"},\"inLanguage\":\"pl-PL\",\"potentialAction\":[{\"@type\":\"ReadAction\",\"target\":[\"https:\/\/k-time.it\/pl\/contacts\/\"]}]},{\"@type\":\"BreadcrumbList\",\"@id\":\"https:\/\/k-time.it\/pl\/contacts\/#breadcrumb\",\"itemListElement\":[{\"@type\":\"ListItem\",\"position\":1,\"name\":\"Home\",\"item\":\"https:\/\/k-time.it\/pl\/\"},{\"@type\":\"ListItem\",\"position\":2,\"name\":\"Contacts\"}]},{\"@type\":\"WebSite\",\"@id\":\"https:\/\/k-time.it\/en\/#website\",\"url\":\"https:\/\/k-time.it\/en\/\",\"name\":\"K-time\",\"description\":\"Hair Spa Treatments\",\"publisher\":{\"@id\":\"https:\/\/k-time.it\/en\/#organization\"},\"potentialAction\":[{\"@type\":\"SearchAction\",\"target\":{\"@type\":\"EntryPoint\",\"urlTemplate\":\"https:\/\/k-time.it\/en\/?s={search_term_string}\"},\"query-input\":{\"@type\":\"PropertyValueSpecification\",\"valueRequired\":true,\"valueName\":\"search_term_string\"}}],\"inLanguage\":\"pl-PL\"},{\"@type\":\"Organization\",\"@id\":\"https:\/\/k-time.it\/en\/#organization\",\"name\":\"K-time\",\"url\":\"https:\/\/k-time.it\/en\/\",\"logo\":{\"@type\":\"ImageObject\",\"inLanguage\":\"pl-PL\",\"@id\":\"https:\/\/k-time.it\/en\/#\/schema\/logo\/image\/\",\"url\":\"\",\"contentUrl\":\"\",\"caption\":\"K-time\"},\"image\":{\"@id\":\"https:\/\/k-time.it\/en\/#\/schema\/logo\/image\/\"}}]}<\/script>\n<!-- \/ Yoast SEO plugin. -->","yoast_head_json":{"title":"Contacts | K-time","description":"To receive assistance or information about our products, you can contact us by filling out the form or sending an email.","robots":{"index":"index","follow":"follow","max-snippet":"max-snippet:-1","max-image-preview":"max-image-preview:large","max-video-preview":"max-video-preview:-1"},"canonical":"https:\/\/k-time.it\/pl\/contacts\/","og_locale":"pl_PL","og_type":"article","og_title":"Contacts | K-time","og_description":"To receive assistance or information about our products, you can contact us by filling out the form or sending an email.","og_url":"https:\/\/k-time.it\/pl\/contacts\/","og_site_name":"K-time","article_modified_time":"2026-04-09T10:15:25+00:00","twitter_card":"summary_large_image","twitter_misc":{"Szacowany czas czytania":"2 minuty"},"schema":{"@context":"https:\/\/schema.org","@graph":[{"@type":"WebPage","@id":"https:\/\/k-time.it\/pl\/contacts\/","url":"https:\/\/k-time.it\/pl\/contacts\/","name":"Contacts | K-time","isPartOf":{"@id":"https:\/\/k-time.it\/en\/#website"},"datePublished":"2021-04-19T07:42:39+00:00","dateModified":"2026-04-09T10:15:25+00:00","description":"To receive assistance or information about our products, you can contact us by filling out the form or sending an email.","breadcrumb":{"@id":"https:\/\/k-time.it\/pl\/contacts\/#breadcrumb"},"inLanguage":"pl-PL","potentialAction":[{"@type":"ReadAction","target":["https:\/\/k-time.it\/pl\/contacts\/"]}]},{"@type":"BreadcrumbList","@id":"https:\/\/k-time.it\/pl\/contacts\/#breadcrumb","itemListElement":[{"@type":"ListItem","position":1,"name":"Home","item":"https:\/\/k-time.it\/pl\/"},{"@type":"ListItem","position":2,"name":"Contacts"}]},{"@type":"WebSite","@id":"https:\/\/k-time.it\/en\/#website","url":"https:\/\/k-time.it\/en\/","name":"K-time","description":"Hair Spa Treatments","publisher":{"@id":"https:\/\/k-time.it\/en\/#organization"},"potentialAction":[{"@type":"SearchAction","target":{"@type":"EntryPoint","urlTemplate":"https:\/\/k-time.it\/en\/?s={search_term_string}"},"query-input":{"@type":"PropertyValueSpecification","valueRequired":true,"valueName":"search_term_string"}}],"inLanguage":"pl-PL"},{"@type":"Organization","@id":"https:\/\/k-time.it\/en\/#organization","name":"K-time","url":"https:\/\/k-time.it\/en\/","logo":{"@type":"ImageObject","inLanguage":"pl-PL","@id":"https:\/\/k-time.it\/en\/#\/schema\/logo\/image\/","url":"","contentUrl":"","caption":"K-time"},"image":{"@id":"https:\/\/k-time.it\/en\/#\/schema\/logo\/image\/"}}]}},"_links":{"self":[{"href":"https:\/\/k-time.it\/pl\/wp-json\/wp\/v2\/pages\/15174","targetHints":{"allow":["GET"]}}],"collection":[{"href":"https:\/\/k-time.it\/pl\/wp-json\/wp\/v2\/pages"}],"about":[{"href":"https:\/\/k-time.it\/pl\/wp-json\/wp\/v2\/types\/page"}],"author":[{"embeddable":true,"href":"https:\/\/k-time.it\/pl\/wp-json\/wp\/v2\/users\/1"}],"replies":[{"embeddable":true,"href":"https:\/\/k-time.it\/pl\/wp-json\/wp\/v2\/comments?post=15174"}],"version-history":[{"count":1,"href":"https:\/\/k-time.it\/pl\/wp-json\/wp\/v2\/pages\/15174\/revisions"}],"predecessor-version":[{"id":26900,"href":"https:\/\/k-time.it\/pl\/wp-json\/wp\/v2\/pages\/15174\/revisions\/26900"}],"wp:attachment":[{"href":"https:\/\/k-time.it\/pl\/wp-json\/wp\/v2\/media?parent=15174"}],"curies":[{"name":"wp","href":"https:\/\/api.w.org\/{rel}","templated":true}]}}