{"id":25119,"date":"2024-07-18T12:19:58","date_gmt":"2024-07-22T08:34:23","guid":{"rendered":"https:\/\/k-time.it\/?post_type=product&#038;p=25119"},"modified":"2024-07-30T10:53:58","modified_gmt":"2024-07-30T08:53:58","slug":"keratin-code-pro-intro-kit","status":"publish","type":"product","link":"https:\/\/k-time.it\/fr\/products\/treatments\/keratin-code-pro-fr\/keratin-code-pro-intro-kit\/","title":{"rendered":"Keratin Code Pro | Intro Kit"},"content":{"rendered":"<div class=\"wpb-content-wrapper\"><p>[vc_row disable_element=\u00a0\u00bbyes\u00a0\u00bb][vc_column]<div class=\"ult_exp_section_layer ult-adjust-bottom-margin  \" >\n\t\t<div id=\"uvc-exp-wrap-3887\" role=\"button\" tabindex=\"0\" aria-pressed=\"false\"  data-ultimate-target='#uvc-exp-wrap-3887'  data-responsive-json-new='{\"font-size\":\"desktop:16px;\",\"line-height\":\"desktop:20px;\"}'  class=\"ult_exp_section  ult-responsive \" style=\"color:#ffffff;background-color:#877650; font-weight:normal; padding-top:4px;padding-right:7px;padding-bottom:4px;padding-left:4px;text-align:center;\" data-textcolor=\"#ffffff\"data-texthover=\"#ffffff\"data-icncolor=\"#ffffff\"data-ihover=\"#ffffff\"data-height=\"0\"data-cntbg=\"#877650\"data-cnthvrbg=\"#877650\"data-headerbg=\"#877650\"data-headerhover=\"#877650\"data-title=\"Come acquistare\"data-newtitle=\"Richiedi info sull&#039;acquisto\"data-icon=\"icomoon-the7-font-icon-cart-detailed\"data-newicon=\"icomoon-the7-font-the7-mail-011\"data-activeicon=\"#ffffff\"data-effect=\"slideToggle\"data-override=\"0\"data-activetitle=\"#ffffff\"data-activebg=\"#877650\"data-img=\"\"data-newimg=\"\"><div class=\"ult_exp_section-main ult_expleft_icon\">\t<div class=\"ult-just-icon-wrapper ult_exp_icon\">\n\t\t\t\t\t<div class=\"align-icon \">\n\t\t\t\t\t\t\n<span class=\"aio-icon  none  ult_expsection_icon \"  style=\"color:#ffffff;font-size:20px;\">\n\t<i class=\"icomoon-the7-font-icon-cart-detailed ult_ex_icon\"  ><\/i>\n<\/span>\n\t\t\t\t\t<\/div>\n\t\t\t\t<\/div>\n\t\t\t\t<div class=\"ult_expheader\" >Come acquistare\n\t\t\t\t<\/div>\n\t\t\t<\/div>\n\t\t<\/div><div class=\"ult_exp_content \" style=\"background-color:#ffffff;  \"><div class=\"ult_ecpsub_cont\" style=\" \" >\n<div class=\"wpcf7 no-js\" id=\"wpcf7-f15157-o1\" lang=\"fr-FR\" dir=\"ltr\" data-wpcf7-id=\"15157\">\n<div class=\"screen-reader-response\"><p role=\"status\" aria-live=\"polite\" aria-atomic=\"true\"><\/p> <ul><\/ul><\/div>\n<form action=\"\/fr\/wp-json\/wp\/v2\/product\/25119#wpcf7-f15157-o1\" method=\"post\" class=\"wpcf7-form init\" aria-label=\"Formulaire de contact\" novalidate=\"novalidate\" data-status=\"init\">\n<fieldset class=\"hidden-fields-container\"><input type=\"hidden\" name=\"_wpcf7\" value=\"15157\" \/><input type=\"hidden\" name=\"_wpcf7_version\" value=\"6.1.4\" \/><input type=\"hidden\" name=\"_wpcf7_locale\" value=\"fr_FR\" \/><input type=\"hidden\" name=\"_wpcf7_unit_tag\" value=\"wpcf7-f15157-o1\" \/><input type=\"hidden\" name=\"_wpcf7_container_post\" value=\"0\" \/><input type=\"hidden\" name=\"_wpcf7_posted_data_hash\" value=\"\" \/><input type=\"hidden\" name=\"_wpcf7_recaptcha_response\" value=\"\" \/>\n<\/fieldset>\n<p>Pr\u00e9nom\/Nom de famille*\n<\/p>\n<p><span class=\"wpcf7-form-control-wrap\" data-name=\"your-name\"><input size=\"40\" maxlength=\"400\" class=\"wpcf7-form-control wpcf7-text wpcf7-validates-as-required\" aria-required=\"true\" aria-invalid=\"false\" value=\"\" type=\"text\" name=\"your-name\" \/><\/span>\n<\/p>\n<p>Email*\n<\/p>\n<p><span class=\"wpcf7-form-control-wrap\" data-name=\"your-email\"><input size=\"40\" maxlength=\"400\" class=\"wpcf7-form-control wpcf7-email wpcf7-validates-as-required wpcf7-text wpcf7-validates-as-email\" aria-required=\"true\" aria-invalid=\"false\" value=\"\" type=\"email\" name=\"your-email\" \/><\/span>\n<\/p>\n<p>Status*\n<\/p>\n<p><span class=\"wpcf7-form-control-wrap\" data-name=\"status\"><span class=\"wpcf7-form-control wpcf7-checkbox wpcf7-validates-as-required wpcf7-exclusive-checkbox\"><span class=\"wpcf7-list-item first\"><span class=\"wpcf7-list-item-label\">Coiffeur<\/span><input type=\"checkbox\" name=\"status\" value=\"Coiffeur\" \/><\/span><span class=\"wpcf7-list-item\"><span class=\"wpcf7-list-item-label\">Distributeur<\/span><input type=\"checkbox\" name=\"status\" value=\"Distributeur\" \/><\/span><span class=\"wpcf7-list-item last\"><span class=\"wpcf7-list-item-label\">Autre<\/span><input type=\"checkbox\" name=\"status\" value=\"Autre\" \/><\/span><\/span><\/span>\n<\/p>\n<p>Pays*\n<\/p>\n<p><span class=\"wpcf7-form-control-wrap\" data-name=\"country\"><input size=\"40\" maxlength=\"400\" class=\"wpcf7-form-control wpcf7-text wpcf7-validates-as-required\" aria-required=\"true\" aria-invalid=\"false\" value=\"\" type=\"text\" name=\"country\" \/><\/span>\n<\/p>\n<p>Message*\n<\/p>\n<p><span class=\"wpcf7-form-control-wrap\" data-name=\"your-message\"><textarea cols=\"40\" rows=\"10\" maxlength=\"2000\" class=\"wpcf7-form-control wpcf7-textarea wpcf7-validates-as-required\" aria-required=\"true\" aria-invalid=\"false\" name=\"your-message\"><\/textarea><\/span>\n<\/p>\n<p><span class=\"wpcf7-form-control-wrap\" data-name=\"acceptance-20\"><span class=\"wpcf7-form-control wpcf7-acceptance\"><span class=\"wpcf7-list-item\"><input type=\"checkbox\" name=\"acceptance-20\" value=\"1\" aria-invalid=\"false\" \/><\/span><\/span><\/span> I express my informed, specific and unconditional consent for the company Comprof Milano Srl to proceed with the processing of my personal data to process the requests for information transmitted, as better described in the <a href=\"https:\/\/k-time.it\/fr\/privacy-policy\/\" target=\"_blank\" rel=\"noopener\">Privacy Policy<\/a>*\n<\/p>\n<p><small> Ce site est prot\u00e9g\u00e9 par Google reCAPTCHA <a href=\"https:\/\/policies.google.com\/privacy\"> Politique de confidentialit\u00e9 <\/a> et <a href = \"https:\/\/policies.google.com\/ termes \"> Conditions d'utilisation <\/a>. <\/small>\n<\/p>\n<p><input class=\"wpcf7-form-control wpcf7-submit has-spinner\" type=\"submit\" value=\"Envoyer\" \/>\n<\/p><div class=\"wpcf7-response-output\" aria-hidden=\"true\"><\/div>\n<\/form>\n<\/div>\n<\/div><\/div>\n\n\t\t\t<\/div>[\/vc_column][\/vc_row][vc_row][vc_column width=\u00a0\u00bb1\/2&Prime;]<div class=\"standard-arrow list-divider bullet-top\"><h2>Formule<\/h2>\n<ul>\n<li><strong>K\u00e9ratine naturelle<\/strong> : avec ses 18 acides amin\u00e9s, elle am\u00e9liore l&rsquo;\u00e9lasticit\u00e9 et la r\u00e9sistance des cheveux, en leur redonnant brillance et souplesse au toucher.<\/li>\n<li><strong>Extraits de graines de cacao<\/strong> : naturellement riches en antioxydants et en acides gras, ils hydratent et nourrissent les cheveux en profondeur.<\/li>\n<\/ul>\n<\/div>[\/vc_column][vc_column width=\u00a0\u00bb1\/2&Prime;]<div class=\"standard-arrow list-divider bullet-top\"><h2>Avantages<\/h2>\n<ul>\n<li><strong>Lisse<\/strong> et aplanit en surface la fibre capillaire<\/li>\n<li><strong>R\u00e9duit<\/strong> au minimum l&rsquo;<strong>effet frisottis<\/strong> et le <strong>volume<\/strong><\/li>\n<li>Un r\u00e9sultat impeccable gr\u00e2ce \u00e0 la <strong>technologie sp\u00e9cifique<\/strong> <strong>K&amp;C<\/strong><\/li>\n<\/ul>\n<\/div>[\/vc_column][\/vc_row][vc_row][vc_column css=\u00a0\u00bb.vc_custom_1717590970933{padding-top: 5px !important;padding-bottom: 5px !important;}\u00a0\u00bb][vc_column_text css=\u00a0\u00bb.vc_custom_1721654466761{padding-top: 5px !important;padding-bottom: 5px !important;}\u00a0\u00bb]<\/p>\n<p style=\"text-align: center;\"><strong>LE RITUEL<\/strong><\/p>\n<p style=\"text-align: center;\">Keratin Code Pro est un soin restructurant \u00e0 la K\u00e9ratine naturelle qui, gr\u00e2ce \u00e0 la<strong> Technologie innovante K&amp;C<\/strong>, donne aux cheveux un \u00e9clat exceptionnel.<\/p>\n<p style=\"text-align: center;\"><a href=\"https:\/\/k-time.it\/wp-content\/uploads\/2024\/06\/keratinepro_protocollo-EN.pdf\" target=\"_blank\" rel=\"noopener\"><strong><u>Consulter le protocole d&rsquo;application<\/u><\/strong><\/a><\/p>\n<p>[\/vc_column_text][\/vc_column][\/vc_row][vc_row css=\u00a0\u00bb.vc_custom_1595341818903{padding-top: 50px !important;}\u00a0\u00bb][vc_column]<div class=\"dt-fancy-separator h2-size style-thick\" style=\"width: 100%;\"><div class=\"dt-fancy-title\" style=\"color: #333333;\"><span class=\"separator-holder separator-left\" style=\"border-color: #f0f0f0;\"><\/span>Produits apparent\u00e9s<span class=\"separator-holder separator-right\" style=\"border-color: #f0f0f0;\"><\/span><\/div><\/div>[vc_raw_html css=\u00a0\u00bb\u00a0\u00bb]W3dwYi1wcm9kdWN0LXNsaWRlci1zaG9ydGNvZGUgaWQ9IjI1MjAzIl0=[\/vc_raw_html][\/vc_column][\/vc_row]<\/p>\n<\/div>","protected":false},"excerpt":{"rendered":"<div class=\"woocommerce-product-details__short-description\">\n<div class=\"woocommerce-product-details__short-description\">\n<p>Le Intro Kit de <strong>K\u00e9ratine Code Pro<\/strong>, un <strong>soin complet<\/strong> \u00e0 base de <strong>k\u00e9ratine naturelle<\/strong> et d&rsquo;<strong>extrait de graines de cacao<\/strong> est con\u00e7u pour <strong>sublimer la beaut\u00e9 des cheveux<\/strong>.<\/p>\n<p>Le <strong>Shampoing Pr\u00e9parateur Activateur<\/strong> (100 ml) aide \u00e0 ouvrir les cuticules et <strong>pr\u00e9pare les cheveux <\/strong>\u00e0 l&rsquo;application du <strong>fluide lissant.<\/strong><\/p>\n<p>Le <strong>Fluide lissant<\/strong> (100 ml)<strong> remod\u00e8le <\/strong>la tige du cheveu<strong> sans l&rsquo;ab\u00eemer<\/strong>.<\/p>\n<p>Le M<strong>asque disciplinant<\/strong>\u00a0(50\u00a0ml)<strong> fortifie les cheveux<\/strong> tout en leur apportant un effet <strong>anti-frisottis<\/strong> imm\u00e9diat.<\/p>\n<\/div>\n<\/div>\n<p>&nbsp;<\/p>\n<p>[vc_row][vc_column][ultimate_exp_section title=\" Comment acheter\" new_title=\"Demander infos d'achat\" text_color=\"#ffffff\" background_color=\"#877650\" text_hovercolor=\"#ffffff\" bghovercolor=\"#877650\" title_active=\"#ffffff\" title_active_bg=\"#877650\" cnt_bg_color=\"#ffffff\" icon=\"icomoon-the7-font-icon-cart-detailed\" new_icon=\"icomoon-the7-font-the7-mail-011\" icon_align=\"left\" icon_size=\"20\" icon_color=\"#ffffff\" icon_hover_color=\"#ffffff\" icon_active_color=\"#ffffff\" title_font_size=\"desktop:16px;\" title_padding=\"padding-top:4px;padding-right:7px;padding-bottom:4px;padding-left:4px;\" icon_margin=\"margin-right:1px;\"][contact-form-7 id=\"496\"][\/ultimate_exp_section][\/vc_column][\/vc_row]<\/p>\n","protected":false},"featured_media":25254,"template":"","meta":[],"product_brand":[],"product_cat":[2861,489],"product_tag":[],"class_list":{"0":"post-25119","1":"product","2":"type-product","3":"status-publish","4":"has-post-thumbnail","6":"product_cat-keratin-code-pro-fr","7":"product_cat-treatments","8":"description-off","10":"first","11":"instock","12":"shipping-taxable","13":"product-type-simple"},"yoast_head":"<!-- This site is optimized with the Yoast SEO plugin v26.8 - https:\/\/yoast.com\/product\/yoast-seo-wordpress\/ -->\n<title>Keratin Code Pro | Intro Kit<\/title>\n<meta name=\"description\" content=\"Le Intro Kit de K\u00e9ratine Code Pro, un soin complet \u00e0 base de k\u00e9ratine naturelle et d&#039;extrait de graines de cacao est con\u00e7u pour sublimer la beaut\u00e9 des cheveux.\" \/>\n<meta name=\"robots\" content=\"index, follow, max-snippet:-1, max-image-preview:large, max-video-preview:-1\" \/>\n<link rel=\"canonical\" href=\"https:\/\/k-time.it\/fr\/products\/treatments\/keratin-code-pro-fr\/keratin-code-pro-intro-kit\/\" \/>\n<meta property=\"og:locale\" content=\"fr_FR\" \/>\n<meta property=\"og:type\" content=\"article\" \/>\n<meta property=\"og:title\" content=\"Keratin Code Pro | Intro Kit\" \/>\n<meta property=\"og:description\" content=\"Le Intro Kit de K\u00e9ratine Code Pro, un soin complet \u00e0 base de k\u00e9ratine naturelle et d&#039;extrait de graines de cacao est con\u00e7u pour sublimer la beaut\u00e9 des cheveux.\" \/>\n<meta property=\"og:url\" content=\"https:\/\/k-time.it\/fr\/products\/treatments\/keratin-code-pro-fr\/keratin-code-pro-intro-kit\/\" \/>\n<meta property=\"og:site_name\" content=\"K-time\" \/>\n<meta property=\"article:modified_time\" content=\"2024-07-30T08:53:58+00:00\" \/>\n<meta property=\"og:image\" content=\"https:\/\/k-time.it\/wp-content\/uploads\/2024\/07\/21985_ktime_keratin_code_kit-1.png\" \/>\n\t<meta property=\"og:image:width\" content=\"800\" \/>\n\t<meta property=\"og:image:height\" content=\"800\" \/>\n\t<meta property=\"og:image:type\" content=\"image\/png\" \/>\n<meta name=\"twitter:card\" content=\"summary_large_image\" \/>\n<meta name=\"twitter:label1\" content=\"Dur\u00e9e de lecture estim\u00e9e\" \/>\n\t<meta name=\"twitter:data1\" content=\"2 minutes\" \/>\n<script type=\"application\/ld+json\" class=\"yoast-schema-graph\">{\"@context\":\"https:\/\/schema.org\",\"@graph\":[{\"@type\":\"WebPage\",\"@id\":\"https:\/\/k-time.it\/fr\/products\/treatments\/keratin-code-pro-fr\/keratin-code-pro-intro-kit\/\",\"url\":\"https:\/\/k-time.it\/fr\/products\/treatments\/keratin-code-pro-fr\/keratin-code-pro-intro-kit\/\",\"name\":\"Keratin Code Pro | Intro Kit\",\"isPartOf\":{\"@id\":\"https:\/\/k-time.it\/en\/#website\"},\"primaryImageOfPage\":{\"@id\":\"https:\/\/k-time.it\/fr\/products\/treatments\/keratin-code-pro-fr\/keratin-code-pro-intro-kit\/#primaryimage\"},\"image\":{\"@id\":\"https:\/\/k-time.it\/fr\/products\/treatments\/keratin-code-pro-fr\/keratin-code-pro-intro-kit\/#primaryimage\"},\"thumbnailUrl\":\"https:\/\/k-time.it\/wp-content\/uploads\/2024\/07\/21985_ktime_keratin_code_kit-1.png\",\"datePublished\":\"2024-07-22T08:34:23+00:00\",\"dateModified\":\"2024-07-30T08:53:58+00:00\",\"description\":\"Le Intro Kit de K\u00e9ratine Code Pro, un soin complet \u00e0 base de k\u00e9ratine naturelle et d'extrait de graines de cacao est con\u00e7u pour sublimer la beaut\u00e9 des cheveux.\",\"breadcrumb\":{\"@id\":\"https:\/\/k-time.it\/fr\/products\/treatments\/keratin-code-pro-fr\/keratin-code-pro-intro-kit\/#breadcrumb\"},\"inLanguage\":\"fr-FR\",\"potentialAction\":[{\"@type\":\"ReadAction\",\"target\":[\"https:\/\/k-time.it\/fr\/products\/treatments\/keratin-code-pro-fr\/keratin-code-pro-intro-kit\/\"]}]},{\"@type\":\"ImageObject\",\"inLanguage\":\"fr-FR\",\"@id\":\"https:\/\/k-time.it\/fr\/products\/treatments\/keratin-code-pro-fr\/keratin-code-pro-intro-kit\/#primaryimage\",\"url\":\"https:\/\/k-time.it\/wp-content\/uploads\/2024\/07\/21985_ktime_keratin_code_kit-1.png\",\"contentUrl\":\"https:\/\/k-time.it\/wp-content\/uploads\/2024\/07\/21985_ktime_keratin_code_kit-1.png\",\"width\":800,\"height\":800},{\"@type\":\"BreadcrumbList\",\"@id\":\"https:\/\/k-time.it\/fr\/products\/treatments\/keratin-code-pro-fr\/keratin-code-pro-intro-kit\/#breadcrumb\",\"itemListElement\":[{\"@type\":\"ListItem\",\"position\":1,\"name\":\"Home\",\"item\":\"https:\/\/k-time.it\/fr\/\"},{\"@type\":\"ListItem\",\"position\":2,\"name\":\"Shop\",\"item\":\"https:\/\/k-time.it\/en\/negozio\/\"},{\"@type\":\"ListItem\",\"position\":3,\"name\":\"Keratin Code Pro | Intro Kit\"}]},{\"@type\":\"WebSite\",\"@id\":\"https:\/\/k-time.it\/en\/#website\",\"url\":\"https:\/\/k-time.it\/en\/\",\"name\":\"K-time\",\"description\":\"Hair Spa Treatments\",\"publisher\":{\"@id\":\"https:\/\/k-time.it\/en\/#organization\"},\"potentialAction\":[{\"@type\":\"SearchAction\",\"target\":{\"@type\":\"EntryPoint\",\"urlTemplate\":\"https:\/\/k-time.it\/en\/?s={search_term_string}\"},\"query-input\":{\"@type\":\"PropertyValueSpecification\",\"valueRequired\":true,\"valueName\":\"search_term_string\"}}],\"inLanguage\":\"fr-FR\"},{\"@type\":\"Organization\",\"@id\":\"https:\/\/k-time.it\/en\/#organization\",\"name\":\"K-time\",\"url\":\"https:\/\/k-time.it\/en\/\",\"logo\":{\"@type\":\"ImageObject\",\"inLanguage\":\"fr-FR\",\"@id\":\"https:\/\/k-time.it\/en\/#\/schema\/logo\/image\/\",\"url\":\"\",\"contentUrl\":\"\",\"caption\":\"K-time\"},\"image\":{\"@id\":\"https:\/\/k-time.it\/en\/#\/schema\/logo\/image\/\"}}]}<\/script>\n<!-- \/ Yoast SEO plugin. -->","yoast_head_json":{"title":"Keratin Code Pro | Intro Kit","description":"Le Intro Kit de K\u00e9ratine Code Pro, un soin complet \u00e0 base de k\u00e9ratine naturelle et d'extrait de graines de cacao est con\u00e7u pour sublimer la beaut\u00e9 des cheveux.","robots":{"index":"index","follow":"follow","max-snippet":"max-snippet:-1","max-image-preview":"max-image-preview:large","max-video-preview":"max-video-preview:-1"},"canonical":"https:\/\/k-time.it\/fr\/products\/treatments\/keratin-code-pro-fr\/keratin-code-pro-intro-kit\/","og_locale":"fr_FR","og_type":"article","og_title":"Keratin Code Pro | Intro Kit","og_description":"Le Intro Kit de K\u00e9ratine Code Pro, un soin complet \u00e0 base de k\u00e9ratine naturelle et d'extrait de graines de cacao est con\u00e7u pour sublimer la beaut\u00e9 des cheveux.","og_url":"https:\/\/k-time.it\/fr\/products\/treatments\/keratin-code-pro-fr\/keratin-code-pro-intro-kit\/","og_site_name":"K-time","article_modified_time":"2024-07-30T08:53:58+00:00","og_image":[{"width":800,"height":800,"url":"https:\/\/k-time.it\/wp-content\/uploads\/2024\/07\/21985_ktime_keratin_code_kit-1.png","type":"image\/png"}],"twitter_card":"summary_large_image","twitter_misc":{"Dur\u00e9e de lecture estim\u00e9e":"2 minutes"},"schema":{"@context":"https:\/\/schema.org","@graph":[{"@type":"WebPage","@id":"https:\/\/k-time.it\/fr\/products\/treatments\/keratin-code-pro-fr\/keratin-code-pro-intro-kit\/","url":"https:\/\/k-time.it\/fr\/products\/treatments\/keratin-code-pro-fr\/keratin-code-pro-intro-kit\/","name":"Keratin Code Pro | Intro Kit","isPartOf":{"@id":"https:\/\/k-time.it\/en\/#website"},"primaryImageOfPage":{"@id":"https:\/\/k-time.it\/fr\/products\/treatments\/keratin-code-pro-fr\/keratin-code-pro-intro-kit\/#primaryimage"},"image":{"@id":"https:\/\/k-time.it\/fr\/products\/treatments\/keratin-code-pro-fr\/keratin-code-pro-intro-kit\/#primaryimage"},"thumbnailUrl":"https:\/\/k-time.it\/wp-content\/uploads\/2024\/07\/21985_ktime_keratin_code_kit-1.png","datePublished":"2024-07-22T08:34:23+00:00","dateModified":"2024-07-30T08:53:58+00:00","description":"Le Intro Kit de K\u00e9ratine Code Pro, un soin complet \u00e0 base de k\u00e9ratine naturelle et d'extrait de graines de cacao est con\u00e7u pour sublimer la beaut\u00e9 des cheveux.","breadcrumb":{"@id":"https:\/\/k-time.it\/fr\/products\/treatments\/keratin-code-pro-fr\/keratin-code-pro-intro-kit\/#breadcrumb"},"inLanguage":"fr-FR","potentialAction":[{"@type":"ReadAction","target":["https:\/\/k-time.it\/fr\/products\/treatments\/keratin-code-pro-fr\/keratin-code-pro-intro-kit\/"]}]},{"@type":"ImageObject","inLanguage":"fr-FR","@id":"https:\/\/k-time.it\/fr\/products\/treatments\/keratin-code-pro-fr\/keratin-code-pro-intro-kit\/#primaryimage","url":"https:\/\/k-time.it\/wp-content\/uploads\/2024\/07\/21985_ktime_keratin_code_kit-1.png","contentUrl":"https:\/\/k-time.it\/wp-content\/uploads\/2024\/07\/21985_ktime_keratin_code_kit-1.png","width":800,"height":800},{"@type":"BreadcrumbList","@id":"https:\/\/k-time.it\/fr\/products\/treatments\/keratin-code-pro-fr\/keratin-code-pro-intro-kit\/#breadcrumb","itemListElement":[{"@type":"ListItem","position":1,"name":"Home","item":"https:\/\/k-time.it\/fr\/"},{"@type":"ListItem","position":2,"name":"Shop","item":"https:\/\/k-time.it\/en\/negozio\/"},{"@type":"ListItem","position":3,"name":"Keratin Code Pro | Intro Kit"}]},{"@type":"WebSite","@id":"https:\/\/k-time.it\/en\/#website","url":"https:\/\/k-time.it\/en\/","name":"K-time","description":"Hair Spa Treatments","publisher":{"@id":"https:\/\/k-time.it\/en\/#organization"},"potentialAction":[{"@type":"SearchAction","target":{"@type":"EntryPoint","urlTemplate":"https:\/\/k-time.it\/en\/?s={search_term_string}"},"query-input":{"@type":"PropertyValueSpecification","valueRequired":true,"valueName":"search_term_string"}}],"inLanguage":"fr-FR"},{"@type":"Organization","@id":"https:\/\/k-time.it\/en\/#organization","name":"K-time","url":"https:\/\/k-time.it\/en\/","logo":{"@type":"ImageObject","inLanguage":"fr-FR","@id":"https:\/\/k-time.it\/en\/#\/schema\/logo\/image\/","url":"","contentUrl":"","caption":"K-time"},"image":{"@id":"https:\/\/k-time.it\/en\/#\/schema\/logo\/image\/"}}]}},"_links":{"self":[{"href":"https:\/\/k-time.it\/fr\/wp-json\/wp\/v2\/product\/25119","targetHints":{"allow":["GET"]}}],"collection":[{"href":"https:\/\/k-time.it\/fr\/wp-json\/wp\/v2\/product"}],"about":[{"href":"https:\/\/k-time.it\/fr\/wp-json\/wp\/v2\/types\/product"}],"wp:featuredmedia":[{"embeddable":true,"href":"https:\/\/k-time.it\/fr\/wp-json\/wp\/v2\/media\/25254"}],"wp:attachment":[{"href":"https:\/\/k-time.it\/fr\/wp-json\/wp\/v2\/media?parent=25119"}],"wp:term":[{"taxonomy":"product_brand","embeddable":true,"href":"https:\/\/k-time.it\/fr\/wp-json\/wp\/v2\/product_brand?post=25119"},{"taxonomy":"product_cat","embeddable":true,"href":"https:\/\/k-time.it\/fr\/wp-json\/wp\/v2\/product_cat?post=25119"},{"taxonomy":"product_tag","embeddable":true,"href":"https:\/\/k-time.it\/fr\/wp-json\/wp\/v2\/product_tag?post=25119"}],"curies":[{"name":"wp","href":"https:\/\/api.w.org\/{rel}","templated":true}]}}