{"id":24612,"date":"2024-06-07T12:51:03","date_gmt":"2024-06-07T10:51:08","guid":{"rendered":"https:\/\/k-time.it\/?post_type=product&#038;p=24612"},"modified":"2024-09-03T16:44:23","modified_gmt":"2024-09-03T14:44:23","slug":"cromya-masque-colore-reflechissant","status":"publish","type":"product","link":"https:\/\/k-time.it\/fr\/products\/color-prodigy\/cromya-masque-colore-reflechissant\/","title":{"rendered":"Cromya | Masque color\u00e9 r\u00e9fl\u00e9chissant"},"content":{"rendered":"<div class=\"wpb-content-wrapper\"><p>[vc_row disable_element=\u00a0\u00bbyes\u00a0\u00bb][vc_column]<div class=\"ult_exp_section_layer ult-adjust-bottom-margin  \" >\n\t\t<div id=\"uvc-exp-wrap-1309\" role=\"button\" tabindex=\"0\" aria-pressed=\"false\"  data-ultimate-target='#uvc-exp-wrap-1309'  data-responsive-json-new='{\"font-size\":\"desktop:16px;\",\"line-height\":\"desktop:20px;\"}'  class=\"ult_exp_section  ult-responsive \" style=\"color:#ffffff;background-color:#877650; font-weight:normal; padding-top:4px;padding-right:7px;padding-bottom:4px;padding-left:4px;text-align:center;\" data-textcolor=\"#ffffff\"data-texthover=\"#ffffff\"data-icncolor=\"#ffffff\"data-ihover=\"#ffffff\"data-height=\"0\"data-cntbg=\"#877650\"data-cnthvrbg=\"#877650\"data-headerbg=\"#877650\"data-headerhover=\"#877650\"data-title=\"How to buy\"data-newtitle=\"Request purchase info\"data-icon=\"icomoon-the7-font-icon-cart-detailed\"data-newicon=\"icomoon-the7-font-the7-mail-011\"data-activeicon=\"#ffffff\"data-effect=\"slideToggle\"data-override=\"0\"data-activetitle=\"#ffffff\"data-activebg=\"#877650\"data-img=\"\"data-newimg=\"\"><div class=\"ult_exp_section-main ult_expleft_icon\">\t<div class=\"ult-just-icon-wrapper ult_exp_icon\">\n\t\t\t\t\t<div class=\"align-icon \">\n\t\t\t\t\t\t\n<span class=\"aio-icon  none  ult_expsection_icon \"  style=\"color:#ffffff;font-size:20px;\">\n\t<i class=\"icomoon-the7-font-icon-cart-detailed ult_ex_icon\"  ><\/i>\n<\/span>\n\t\t\t\t\t<\/div>\n\t\t\t\t<\/div>\n\t\t\t\t<div class=\"ult_expheader\" >How to buy\n\t\t\t\t<\/div>\n\t\t\t<\/div>\n\t\t<\/div><div class=\"ult_exp_content \" style=\"background-color:#ffffff;  \"><div class=\"ult_ecpsub_cont\" style=\" \" >\n<div class=\"wpcf7 no-js\" id=\"wpcf7-f15157-o1\" lang=\"fr-FR\" dir=\"ltr\" data-wpcf7-id=\"15157\">\n<div class=\"screen-reader-response\"><p role=\"status\" aria-live=\"polite\" aria-atomic=\"true\"><\/p> <ul><\/ul><\/div>\n<form action=\"\/fr\/wp-json\/wp\/v2\/product\/24612#wpcf7-f15157-o1\" method=\"post\" class=\"wpcf7-form init\" aria-label=\"Formulaire de contact\" novalidate=\"novalidate\" data-status=\"init\">\n<fieldset class=\"hidden-fields-container\"><input type=\"hidden\" name=\"_wpcf7\" value=\"15157\" \/><input type=\"hidden\" name=\"_wpcf7_version\" value=\"6.1.4\" \/><input type=\"hidden\" name=\"_wpcf7_locale\" value=\"fr_FR\" \/><input type=\"hidden\" name=\"_wpcf7_unit_tag\" value=\"wpcf7-f15157-o1\" \/><input type=\"hidden\" name=\"_wpcf7_container_post\" value=\"0\" \/><input type=\"hidden\" name=\"_wpcf7_posted_data_hash\" value=\"\" \/><input type=\"hidden\" name=\"_wpcf7_recaptcha_response\" value=\"\" \/>\n<\/fieldset>\n<p>Pr\u00e9nom\/Nom de famille*\n<\/p>\n<p><span class=\"wpcf7-form-control-wrap\" data-name=\"your-name\"><input size=\"40\" maxlength=\"400\" class=\"wpcf7-form-control wpcf7-text wpcf7-validates-as-required\" aria-required=\"true\" aria-invalid=\"false\" value=\"\" type=\"text\" name=\"your-name\" \/><\/span>\n<\/p>\n<p>Email*\n<\/p>\n<p><span class=\"wpcf7-form-control-wrap\" data-name=\"your-email\"><input size=\"40\" maxlength=\"400\" class=\"wpcf7-form-control wpcf7-email wpcf7-validates-as-required wpcf7-text wpcf7-validates-as-email\" aria-required=\"true\" aria-invalid=\"false\" value=\"\" type=\"email\" name=\"your-email\" \/><\/span>\n<\/p>\n<p>Status*\n<\/p>\n<p><span class=\"wpcf7-form-control-wrap\" data-name=\"status\"><span class=\"wpcf7-form-control wpcf7-checkbox wpcf7-validates-as-required wpcf7-exclusive-checkbox\"><span class=\"wpcf7-list-item first\"><span class=\"wpcf7-list-item-label\">Coiffeur<\/span><input type=\"checkbox\" name=\"status\" value=\"Coiffeur\" \/><\/span><span class=\"wpcf7-list-item\"><span class=\"wpcf7-list-item-label\">Distributeur<\/span><input type=\"checkbox\" name=\"status\" value=\"Distributeur\" \/><\/span><span class=\"wpcf7-list-item last\"><span class=\"wpcf7-list-item-label\">Autre<\/span><input type=\"checkbox\" name=\"status\" value=\"Autre\" \/><\/span><\/span><\/span>\n<\/p>\n<p>Pays*\n<\/p>\n<p><span class=\"wpcf7-form-control-wrap\" data-name=\"country\"><input size=\"40\" maxlength=\"400\" class=\"wpcf7-form-control wpcf7-text wpcf7-validates-as-required\" aria-required=\"true\" aria-invalid=\"false\" value=\"\" type=\"text\" name=\"country\" \/><\/span>\n<\/p>\n<p>Message*\n<\/p>\n<p><span class=\"wpcf7-form-control-wrap\" data-name=\"your-message\"><textarea cols=\"40\" rows=\"10\" maxlength=\"2000\" class=\"wpcf7-form-control wpcf7-textarea wpcf7-validates-as-required\" aria-required=\"true\" aria-invalid=\"false\" name=\"your-message\"><\/textarea><\/span>\n<\/p>\n<p><span class=\"wpcf7-form-control-wrap\" data-name=\"acceptance-20\"><span class=\"wpcf7-form-control wpcf7-acceptance\"><span class=\"wpcf7-list-item\"><input type=\"checkbox\" name=\"acceptance-20\" value=\"1\" aria-invalid=\"false\" \/><\/span><\/span><\/span> I express my informed, specific and unconditional consent for the company Comprof Milano Srl to proceed with the processing of my personal data to process the requests for information transmitted, as better described in the <a href=\"https:\/\/k-time.it\/fr\/privacy-policy\/\" target=\"_blank\" rel=\"noopener\">Privacy Policy<\/a>*\n<\/p>\n<p><small> Ce site est prot\u00e9g\u00e9 par Google reCAPTCHA <a href=\"https:\/\/policies.google.com\/privacy\"> Politique de confidentialit\u00e9 <\/a> et <a href = \"https:\/\/policies.google.com\/ termes \"> Conditions d'utilisation <\/a>. <\/small>\n<\/p>\n<p><input class=\"wpcf7-form-control wpcf7-submit has-spinner\" type=\"submit\" value=\"Envoyer\" \/>\n<\/p><div class=\"wpcf7-response-output\" aria-hidden=\"true\"><\/div>\n<\/form>\n<\/div>\n<\/div><\/div>\n\n\t\t\t<\/div>[\/vc_column][\/vc_row][vc_row][vc_column width=\u00a0\u00bb1\/2&Prime;]<div class=\"standard-arrow list-divider bullet-top\"><h2>Formulation<\/h2>\n<div id=\"tab-altre-info\">\n<ul>\n<li>Avec ses propri\u00e9t\u00e9s<strong> antioxydantes<\/strong> et<strong> \u00e9quilibrantes,<\/strong> l&rsquo;Extrait de ch\u00eane favorise un effet lumineux et plein de vitalit\u00e9.<\/li>\n<\/ul>\n<\/div>\n<\/div><div class=\"standard-arrow list-divider bullet-top\"><h2>Avantages<\/h2>\n<div id=\"tab-benefits\">\n<ul>\n<li>Donne un<strong> reflet naturel et lumineux sur les cheveux<\/strong> en \u00e9liminant les reflets jaunes disgracieux sur les cheveux blonds.<\/li>\n<li>Prolonge et<strong> ravive la couleur des cheveux color\u00e9s<\/strong> entre deux prestations, en corrigeant les \u00e9ventuels effets ind\u00e9sirables et en cr\u00e9ant d&rsquo;intenses reflets temporaires.<\/li>\n<li>Masque les<strong> premiers cheveux blancs<\/strong><\/li>\n<li>Nourrit les cheveux <strong>sans les alourdir<\/strong><\/li>\n<li><strong>Effet prolong\u00e9 jusqu&rsquo;\u00e0 4 \u00e0 6 shampooings<\/strong><\/li>\n<\/ul>\n<\/div>\n<\/div>[\/vc_column][vc_column width=\u00a0\u00bb1\/2&Prime;][vc_column_text css=\u00a0\u00bb\u00a0\u00bb]<\/p>\n<h2>Application<\/h2>\n<div id=\"tab-rituel\">\n<p>Mettez des gants et<strong> r\u00e9partissez le masque sur les longueurs<\/strong> apr\u00e8s avoir lav\u00e9 et<strong> tamponn\u00e9 les cheveux<\/strong>.<\/p>\n<p>Laissez agir<strong> 5 \u00e0 20 minutes<\/strong> en fonction de l&rsquo;intensit\u00e9 des reflets souhait\u00e9s.<\/p>\n<p><strong>Rincez<\/strong> soigneusement.<\/p>\n<p><strong>M\u00e9langez les nuances<\/strong> entre elles pour un<strong> r\u00e9sultat unique<\/strong> :<\/p>\n<ul>\n<li><strong>Hot Caramel<\/strong> : 1 g de Spicy Copper + 5 g de Melted Cocoa<\/li>\n<li><strong>Metallic Silver<\/strong> (recommand\u00e9 sur cheveux d\u00e9color\u00e9s) : 10 g de Space Silver + 1 g de Black Onyx<\/li>\n<li><strong>Honey Blondie<\/strong> : 5 g de Real Blondie + 10 g de Space Silver<\/li>\n<li><strong>Sand Blondie<\/strong> : 5 g de Space Silver + 10 g de Real Blondie<\/li>\n<li><strong>Light Cherry<\/strong> : 10 g de Melted Cocoa + 3 g de Deep Red<\/li>\n<\/ul>\n<\/div>\n<p>[\/vc_column_text][\/vc_column][\/vc_row][vc_row css=\u00a0\u00bb.vc_custom_1595317695114{padding-top: 50px !important;}\u00a0\u00bb][vc_column]<div class=\"dt-fancy-separator h2-size style-thick\" style=\"width: 100%;\"><div class=\"dt-fancy-title\" style=\"color: #333333;\"><span class=\"separator-holder separator-left\" style=\"border-color: #f0f0f0;\"><\/span>Produits apparent\u00e9s<span class=\"separator-holder separator-right\" style=\"border-color: #f0f0f0;\"><\/span><\/div><\/div>[vc_raw_html]JTVCd3BiLXByb2R1Y3Qtc2xpZGVyLXNob3J0Y29kZSUyMGlkJTNEJTIyNzY5JTIyJTVE[\/vc_raw_html][\/vc_column][\/vc_row]<\/p>\n<\/div>","protected":false},"excerpt":{"rendered":"<div class=\"woocommerce-product-details__short-description\">\n<p>Le<strong> Masque color\u00e9 r\u00e9fl\u00e9chissant Cromya<\/strong> ravive<strong> et sublime la couleur<\/strong> des cheveux naturels et color\u00e9s, en les<strong> nourrissant sans les alourdir<\/strong>, gr\u00e2ce \u00e0 sa formulation \u00e0 base d&rsquo;<strong>Extrait de ch\u00eane<\/strong> aux<strong> propri\u00e9t\u00e9s antioxydantes et \u00e9quilibrantes<\/strong>.<\/p>\n<p>Format 200 ml<\/p>\n<p>7 nuances<\/p>\n<\/div>\n<p>&nbsp;<\/p>\n<p>[vc_row][vc_column][ultimate_exp_section title=\" Comment acheter\" new_title=\"Demander infos d'achat\" text_color=\"#ffffff\" background_color=\"#877650\" text_hovercolor=\"#ffffff\" bghovercolor=\"#877650\" title_active=\"#ffffff\" title_active_bg=\"#877650\" cnt_bg_color=\"#ffffff\" icon=\"icomoon-the7-font-icon-cart-detailed\" new_icon=\"icomoon-the7-font-the7-mail-011\" icon_align=\"left\" icon_size=\"20\" icon_color=\"#ffffff\" icon_hover_color=\"#ffffff\" icon_active_color=\"#ffffff\" title_font_size=\"desktop:16px;\" title_padding=\"padding-top:4px;padding-right:7px;padding-bottom:4px;padding-left:4px;\" icon_margin=\"margin-right:1px;\"][contact-form-7 id=\"496\"][\/ultimate_exp_section][\/vc_column][\/vc_row]<\/p>\n","protected":false},"featured_media":25540,"template":"","meta":[],"product_brand":[],"product_cat":[1391],"product_tag":[],"class_list":{"0":"post-24612","1":"product","2":"type-product","3":"status-publish","4":"has-post-thumbnail","6":"product_cat-color-prodigy","7":"description-off","9":"first","10":"instock","11":"shipping-taxable","12":"purchasable","13":"product-type-variable"},"yoast_head":"<!-- This site is optimized with the Yoast SEO plugin v26.8 - https:\/\/yoast.com\/product\/yoast-seo-wordpress\/ -->\n<title>Cromya | Masque color\u00e9 r\u00e9fl\u00e9chissant<\/title>\n<meta name=\"description\" content=\"Le Masque color\u00e9 r\u00e9fl\u00e9chissant Cromya ravive et sublime la couleur des cheveux naturels et color\u00e9s, en les nourrissant sans les alourdir.\" \/>\n<meta name=\"robots\" content=\"index, follow, max-snippet:-1, max-image-preview:large, max-video-preview:-1\" \/>\n<link rel=\"canonical\" href=\"https:\/\/k-time.it\/fr\/products\/color-prodigy\/cromya-masque-colore-reflechissant\/\" \/>\n<meta property=\"og:locale\" content=\"fr_FR\" \/>\n<meta property=\"og:type\" content=\"article\" \/>\n<meta property=\"og:title\" content=\"Cromya | Masque color\u00e9 r\u00e9fl\u00e9chissant\" \/>\n<meta property=\"og:description\" content=\"Le Masque color\u00e9 r\u00e9fl\u00e9chissant Cromya ravive et sublime la couleur des cheveux naturels et color\u00e9s, en les nourrissant sans les alourdir.\" \/>\n<meta property=\"og:url\" content=\"https:\/\/k-time.it\/fr\/products\/color-prodigy\/cromya-masque-colore-reflechissant\/\" \/>\n<meta property=\"og:site_name\" content=\"K-time\" \/>\n<meta property=\"article:modified_time\" content=\"2024-09-03T14:44:23+00:00\" \/>\n<meta property=\"og:image\" content=\"https:\/\/k-time.it\/wp-content\/uploads\/2024\/06\/20625_k-time_cromya_melted_black_onyx-2.png\" \/>\n\t<meta property=\"og:image:width\" content=\"800\" \/>\n\t<meta property=\"og:image:height\" content=\"800\" \/>\n\t<meta property=\"og:image:type\" content=\"image\/png\" \/>\n<meta name=\"twitter:card\" content=\"summary_large_image\" \/>\n<meta name=\"twitter:label1\" content=\"Dur\u00e9e de lecture estim\u00e9e\" \/>\n\t<meta name=\"twitter:data1\" content=\"2 minutes\" \/>\n<script type=\"application\/ld+json\" class=\"yoast-schema-graph\">{\"@context\":\"https:\/\/schema.org\",\"@graph\":[{\"@type\":\"WebPage\",\"@id\":\"https:\/\/k-time.it\/fr\/products\/color-prodigy\/cromya-masque-colore-reflechissant\/\",\"url\":\"https:\/\/k-time.it\/fr\/products\/color-prodigy\/cromya-masque-colore-reflechissant\/\",\"name\":\"Cromya | Masque color\u00e9 r\u00e9fl\u00e9chissant\",\"isPartOf\":{\"@id\":\"https:\/\/k-time.it\/en\/#website\"},\"primaryImageOfPage\":{\"@id\":\"https:\/\/k-time.it\/fr\/products\/color-prodigy\/cromya-masque-colore-reflechissant\/#primaryimage\"},\"image\":{\"@id\":\"https:\/\/k-time.it\/fr\/products\/color-prodigy\/cromya-masque-colore-reflechissant\/#primaryimage\"},\"thumbnailUrl\":\"https:\/\/k-time.it\/wp-content\/uploads\/2024\/06\/20625_k-time_cromya_melted_black_onyx-2.png\",\"datePublished\":\"2024-06-07T10:51:08+00:00\",\"dateModified\":\"2024-09-03T14:44:23+00:00\",\"description\":\"Le Masque color\u00e9 r\u00e9fl\u00e9chissant Cromya ravive et sublime la couleur des cheveux naturels et color\u00e9s, en les nourrissant sans les alourdir.\",\"breadcrumb\":{\"@id\":\"https:\/\/k-time.it\/fr\/products\/color-prodigy\/cromya-masque-colore-reflechissant\/#breadcrumb\"},\"inLanguage\":\"fr-FR\",\"potentialAction\":[{\"@type\":\"ReadAction\",\"target\":[\"https:\/\/k-time.it\/fr\/products\/color-prodigy\/cromya-masque-colore-reflechissant\/\"]}]},{\"@type\":\"ImageObject\",\"inLanguage\":\"fr-FR\",\"@id\":\"https:\/\/k-time.it\/fr\/products\/color-prodigy\/cromya-masque-colore-reflechissant\/#primaryimage\",\"url\":\"https:\/\/k-time.it\/wp-content\/uploads\/2024\/06\/20625_k-time_cromya_melted_black_onyx-2.png\",\"contentUrl\":\"https:\/\/k-time.it\/wp-content\/uploads\/2024\/06\/20625_k-time_cromya_melted_black_onyx-2.png\",\"width\":800,\"height\":800},{\"@type\":\"BreadcrumbList\",\"@id\":\"https:\/\/k-time.it\/fr\/products\/color-prodigy\/cromya-masque-colore-reflechissant\/#breadcrumb\",\"itemListElement\":[{\"@type\":\"ListItem\",\"position\":1,\"name\":\"Home\",\"item\":\"https:\/\/k-time.it\/fr\/\"},{\"@type\":\"ListItem\",\"position\":2,\"name\":\"Shop\",\"item\":\"https:\/\/k-time.it\/en\/negozio\/\"},{\"@type\":\"ListItem\",\"position\":3,\"name\":\"Cromya | Masque color\u00e9 r\u00e9fl\u00e9chissant\"}]},{\"@type\":\"WebSite\",\"@id\":\"https:\/\/k-time.it\/en\/#website\",\"url\":\"https:\/\/k-time.it\/en\/\",\"name\":\"K-time\",\"description\":\"Hair Spa Treatments\",\"publisher\":{\"@id\":\"https:\/\/k-time.it\/en\/#organization\"},\"potentialAction\":[{\"@type\":\"SearchAction\",\"target\":{\"@type\":\"EntryPoint\",\"urlTemplate\":\"https:\/\/k-time.it\/en\/?s={search_term_string}\"},\"query-input\":{\"@type\":\"PropertyValueSpecification\",\"valueRequired\":true,\"valueName\":\"search_term_string\"}}],\"inLanguage\":\"fr-FR\"},{\"@type\":\"Organization\",\"@id\":\"https:\/\/k-time.it\/en\/#organization\",\"name\":\"K-time\",\"url\":\"https:\/\/k-time.it\/en\/\",\"logo\":{\"@type\":\"ImageObject\",\"inLanguage\":\"fr-FR\",\"@id\":\"https:\/\/k-time.it\/en\/#\/schema\/logo\/image\/\",\"url\":\"\",\"contentUrl\":\"\",\"caption\":\"K-time\"},\"image\":{\"@id\":\"https:\/\/k-time.it\/en\/#\/schema\/logo\/image\/\"}}]}<\/script>\n<!-- \/ Yoast SEO plugin. -->","yoast_head_json":{"title":"Cromya | Masque color\u00e9 r\u00e9fl\u00e9chissant","description":"Le Masque color\u00e9 r\u00e9fl\u00e9chissant Cromya ravive et sublime la couleur des cheveux naturels et color\u00e9s, en les nourrissant sans les alourdir.","robots":{"index":"index","follow":"follow","max-snippet":"max-snippet:-1","max-image-preview":"max-image-preview:large","max-video-preview":"max-video-preview:-1"},"canonical":"https:\/\/k-time.it\/fr\/products\/color-prodigy\/cromya-masque-colore-reflechissant\/","og_locale":"fr_FR","og_type":"article","og_title":"Cromya | Masque color\u00e9 r\u00e9fl\u00e9chissant","og_description":"Le Masque color\u00e9 r\u00e9fl\u00e9chissant Cromya ravive et sublime la couleur des cheveux naturels et color\u00e9s, en les nourrissant sans les alourdir.","og_url":"https:\/\/k-time.it\/fr\/products\/color-prodigy\/cromya-masque-colore-reflechissant\/","og_site_name":"K-time","article_modified_time":"2024-09-03T14:44:23+00:00","og_image":[{"width":800,"height":800,"url":"https:\/\/k-time.it\/wp-content\/uploads\/2024\/06\/20625_k-time_cromya_melted_black_onyx-2.png","type":"image\/png"}],"twitter_card":"summary_large_image","twitter_misc":{"Dur\u00e9e de lecture estim\u00e9e":"2 minutes"},"schema":{"@context":"https:\/\/schema.org","@graph":[{"@type":"WebPage","@id":"https:\/\/k-time.it\/fr\/products\/color-prodigy\/cromya-masque-colore-reflechissant\/","url":"https:\/\/k-time.it\/fr\/products\/color-prodigy\/cromya-masque-colore-reflechissant\/","name":"Cromya | Masque color\u00e9 r\u00e9fl\u00e9chissant","isPartOf":{"@id":"https:\/\/k-time.it\/en\/#website"},"primaryImageOfPage":{"@id":"https:\/\/k-time.it\/fr\/products\/color-prodigy\/cromya-masque-colore-reflechissant\/#primaryimage"},"image":{"@id":"https:\/\/k-time.it\/fr\/products\/color-prodigy\/cromya-masque-colore-reflechissant\/#primaryimage"},"thumbnailUrl":"https:\/\/k-time.it\/wp-content\/uploads\/2024\/06\/20625_k-time_cromya_melted_black_onyx-2.png","datePublished":"2024-06-07T10:51:08+00:00","dateModified":"2024-09-03T14:44:23+00:00","description":"Le Masque color\u00e9 r\u00e9fl\u00e9chissant Cromya ravive et sublime la couleur des cheveux naturels et color\u00e9s, en les nourrissant sans les alourdir.","breadcrumb":{"@id":"https:\/\/k-time.it\/fr\/products\/color-prodigy\/cromya-masque-colore-reflechissant\/#breadcrumb"},"inLanguage":"fr-FR","potentialAction":[{"@type":"ReadAction","target":["https:\/\/k-time.it\/fr\/products\/color-prodigy\/cromya-masque-colore-reflechissant\/"]}]},{"@type":"ImageObject","inLanguage":"fr-FR","@id":"https:\/\/k-time.it\/fr\/products\/color-prodigy\/cromya-masque-colore-reflechissant\/#primaryimage","url":"https:\/\/k-time.it\/wp-content\/uploads\/2024\/06\/20625_k-time_cromya_melted_black_onyx-2.png","contentUrl":"https:\/\/k-time.it\/wp-content\/uploads\/2024\/06\/20625_k-time_cromya_melted_black_onyx-2.png","width":800,"height":800},{"@type":"BreadcrumbList","@id":"https:\/\/k-time.it\/fr\/products\/color-prodigy\/cromya-masque-colore-reflechissant\/#breadcrumb","itemListElement":[{"@type":"ListItem","position":1,"name":"Home","item":"https:\/\/k-time.it\/fr\/"},{"@type":"ListItem","position":2,"name":"Shop","item":"https:\/\/k-time.it\/en\/negozio\/"},{"@type":"ListItem","position":3,"name":"Cromya | Masque color\u00e9 r\u00e9fl\u00e9chissant"}]},{"@type":"WebSite","@id":"https:\/\/k-time.it\/en\/#website","url":"https:\/\/k-time.it\/en\/","name":"K-time","description":"Hair Spa Treatments","publisher":{"@id":"https:\/\/k-time.it\/en\/#organization"},"potentialAction":[{"@type":"SearchAction","target":{"@type":"EntryPoint","urlTemplate":"https:\/\/k-time.it\/en\/?s={search_term_string}"},"query-input":{"@type":"PropertyValueSpecification","valueRequired":true,"valueName":"search_term_string"}}],"inLanguage":"fr-FR"},{"@type":"Organization","@id":"https:\/\/k-time.it\/en\/#organization","name":"K-time","url":"https:\/\/k-time.it\/en\/","logo":{"@type":"ImageObject","inLanguage":"fr-FR","@id":"https:\/\/k-time.it\/en\/#\/schema\/logo\/image\/","url":"","contentUrl":"","caption":"K-time"},"image":{"@id":"https:\/\/k-time.it\/en\/#\/schema\/logo\/image\/"}}]}},"_links":{"self":[{"href":"https:\/\/k-time.it\/fr\/wp-json\/wp\/v2\/product\/24612","targetHints":{"allow":["GET"]}}],"collection":[{"href":"https:\/\/k-time.it\/fr\/wp-json\/wp\/v2\/product"}],"about":[{"href":"https:\/\/k-time.it\/fr\/wp-json\/wp\/v2\/types\/product"}],"wp:featuredmedia":[{"embeddable":true,"href":"https:\/\/k-time.it\/fr\/wp-json\/wp\/v2\/media\/25540"}],"wp:attachment":[{"href":"https:\/\/k-time.it\/fr\/wp-json\/wp\/v2\/media?parent=24612"}],"wp:term":[{"taxonomy":"product_brand","embeddable":true,"href":"https:\/\/k-time.it\/fr\/wp-json\/wp\/v2\/product_brand?post=24612"},{"taxonomy":"product_cat","embeddable":true,"href":"https:\/\/k-time.it\/fr\/wp-json\/wp\/v2\/product_cat?post=24612"},{"taxonomy":"product_tag","embeddable":true,"href":"https:\/\/k-time.it\/fr\/wp-json\/wp\/v2\/product_tag?post=24612"}],"curies":[{"name":"wp","href":"https:\/\/api.w.org\/{rel}","templated":true}]}}