{"id":24427,"date":"2024-06-04T12:04:34","date_gmt":"2024-06-04T10:04:35","guid":{"rendered":"https:\/\/k-time.it\/?post_type=product&#038;p=24427"},"modified":"2024-06-27T16:54:05","modified_gmt":"2024-06-27T14:54:05","slug":"hydralux-mousse-hydratante","status":"publish","type":"product","link":"https:\/\/k-time.it\/fr\/products\/treatments\/somnia\/hydralux\/hydralux-mousse-hydratante\/","title":{"rendered":"Hydralux | Mousse Hydratante"},"content":{"rendered":"<div class=\"wpb-content-wrapper\"><p>[vc_row disable_element=\u00a0\u00bbyes\u00a0\u00bb][vc_column]<div class=\"ult_exp_section_layer ult-adjust-bottom-margin  \" >\n\t\t<div id=\"uvc-exp-wrap-2816\" role=\"button\" tabindex=\"0\" aria-pressed=\"false\"  data-ultimate-target='#uvc-exp-wrap-2816'  data-responsive-json-new='{\"font-size\":\"desktop:16px;\",\"line-height\":\"desktop:20px;\"}'  class=\"ult_exp_section  ult-responsive \" style=\"color:#ffffff;background-color:#877650; font-weight:normal; padding-top:4px;padding-right:7px;padding-bottom:4px;padding-left:4px;text-align:center;\" data-textcolor=\"#ffffff\"data-texthover=\"#ffffff\"data-icncolor=\"#ffffff\"data-ihover=\"#ffffff\"data-height=\"0\"data-cntbg=\"#877650\"data-cnthvrbg=\"#877650\"data-headerbg=\"#877650\"data-headerhover=\"#877650\"data-title=\"Comment acheter\"data-newtitle=\"Demander infos d&#039;achat\"data-icon=\"icomoon-the7-font-icon-cart-detailed\"data-newicon=\"icomoon-the7-font-the7-mail-011\"data-activeicon=\"#ffffff\"data-effect=\"slideToggle\"data-override=\"0\"data-activetitle=\"#ffffff\"data-activebg=\"#877650\"data-img=\"\"data-newimg=\"\"><div class=\"ult_exp_section-main ult_expleft_icon\">\t<div class=\"ult-just-icon-wrapper ult_exp_icon\">\n\t\t\t\t\t<div class=\"align-icon \">\n\t\t\t\t\t\t\n<span class=\"aio-icon  none  ult_expsection_icon \"  style=\"color:#ffffff;font-size:20px;\">\n\t<i class=\"icomoon-the7-font-icon-cart-detailed ult_ex_icon\"  ><\/i>\n<\/span>\n\t\t\t\t\t<\/div>\n\t\t\t\t<\/div>\n\t\t\t\t<div class=\"ult_expheader\" >Comment acheter\n\t\t\t\t<\/div>\n\t\t\t<\/div>\n\t\t<\/div><div class=\"ult_exp_content \" style=\"background-color:#ffffff;  \"><div class=\"ult_ecpsub_cont\" style=\" \" >\n<div class=\"wpcf7 no-js\" id=\"wpcf7-f15157-o1\" lang=\"fr-FR\" dir=\"ltr\" data-wpcf7-id=\"15157\">\n<div class=\"screen-reader-response\"><p role=\"status\" aria-live=\"polite\" aria-atomic=\"true\"><\/p> <ul><\/ul><\/div>\n<form action=\"\/fr\/wp-json\/wp\/v2\/product\/24427#wpcf7-f15157-o1\" method=\"post\" class=\"wpcf7-form init\" aria-label=\"Formulaire de contact\" novalidate=\"novalidate\" data-status=\"init\">\n<fieldset class=\"hidden-fields-container\"><input type=\"hidden\" name=\"_wpcf7\" value=\"15157\" \/><input type=\"hidden\" name=\"_wpcf7_version\" value=\"6.1.4\" \/><input type=\"hidden\" name=\"_wpcf7_locale\" value=\"fr_FR\" \/><input type=\"hidden\" name=\"_wpcf7_unit_tag\" value=\"wpcf7-f15157-o1\" \/><input type=\"hidden\" name=\"_wpcf7_container_post\" value=\"0\" \/><input type=\"hidden\" name=\"_wpcf7_posted_data_hash\" value=\"\" \/><input type=\"hidden\" name=\"_wpcf7_recaptcha_response\" value=\"\" \/>\n<\/fieldset>\n<p>Pr\u00e9nom\/Nom de famille*\n<\/p>\n<p><span class=\"wpcf7-form-control-wrap\" data-name=\"your-name\"><input size=\"40\" maxlength=\"400\" class=\"wpcf7-form-control wpcf7-text wpcf7-validates-as-required\" aria-required=\"true\" aria-invalid=\"false\" value=\"\" type=\"text\" name=\"your-name\" \/><\/span>\n<\/p>\n<p>Email*\n<\/p>\n<p><span class=\"wpcf7-form-control-wrap\" data-name=\"your-email\"><input size=\"40\" maxlength=\"400\" class=\"wpcf7-form-control wpcf7-email wpcf7-validates-as-required wpcf7-text wpcf7-validates-as-email\" aria-required=\"true\" aria-invalid=\"false\" value=\"\" type=\"email\" name=\"your-email\" \/><\/span>\n<\/p>\n<p>Status*\n<\/p>\n<p><span class=\"wpcf7-form-control-wrap\" data-name=\"status\"><span class=\"wpcf7-form-control wpcf7-checkbox wpcf7-validates-as-required wpcf7-exclusive-checkbox\"><span class=\"wpcf7-list-item first\"><span class=\"wpcf7-list-item-label\">Coiffeur<\/span><input type=\"checkbox\" name=\"status\" value=\"Coiffeur\" \/><\/span><span class=\"wpcf7-list-item\"><span class=\"wpcf7-list-item-label\">Distributeur<\/span><input type=\"checkbox\" name=\"status\" value=\"Distributeur\" \/><\/span><span class=\"wpcf7-list-item last\"><span class=\"wpcf7-list-item-label\">Autre<\/span><input type=\"checkbox\" name=\"status\" value=\"Autre\" \/><\/span><\/span><\/span>\n<\/p>\n<p>Pays*\n<\/p>\n<p><span class=\"wpcf7-form-control-wrap\" data-name=\"country\"><input size=\"40\" maxlength=\"400\" class=\"wpcf7-form-control wpcf7-text wpcf7-validates-as-required\" aria-required=\"true\" aria-invalid=\"false\" value=\"\" type=\"text\" name=\"country\" \/><\/span>\n<\/p>\n<p>Message*\n<\/p>\n<p><span class=\"wpcf7-form-control-wrap\" data-name=\"your-message\"><textarea cols=\"40\" rows=\"10\" maxlength=\"2000\" class=\"wpcf7-form-control wpcf7-textarea wpcf7-validates-as-required\" aria-required=\"true\" aria-invalid=\"false\" name=\"your-message\"><\/textarea><\/span>\n<\/p>\n<p><span class=\"wpcf7-form-control-wrap\" data-name=\"acceptance-20\"><span class=\"wpcf7-form-control wpcf7-acceptance\"><span class=\"wpcf7-list-item\"><input type=\"checkbox\" name=\"acceptance-20\" value=\"1\" aria-invalid=\"false\" \/><\/span><\/span><\/span> I express my informed, specific and unconditional consent for the company Comprof Milano Srl to proceed with the processing of my personal data to process the requests for information transmitted, as better described in the <a href=\"https:\/\/k-time.it\/fr\/privacy-policy\/\" target=\"_blank\" rel=\"noopener\">Privacy Policy<\/a>*\n<\/p>\n<p><small> Ce site est prot\u00e9g\u00e9 par Google reCAPTCHA <a href=\"https:\/\/policies.google.com\/privacy\"> Politique de confidentialit\u00e9 <\/a> et <a href = \"https:\/\/policies.google.com\/ termes \"> Conditions d'utilisation <\/a>. <\/small>\n<\/p>\n<p><input class=\"wpcf7-form-control wpcf7-submit has-spinner\" type=\"submit\" value=\"Envoyer\" \/>\n<\/p><div class=\"wpcf7-response-output\" aria-hidden=\"true\"><\/div>\n<\/form>\n<\/div>\n<\/div><\/div>\n\n\t\t\t<\/div>[\/vc_column][\/vc_row][vc_row][vc_column width=\u00a0\u00bb1\/2&Prime;]<div class=\"standard-arrow list-divider bullet-top\"><h2>Formulation<\/h2>\n<ul>\n<li><strong>Amandes Douces<\/strong> &#8211; L&rsquo;huile extraite d&rsquo;amandes douces, par son haut pouvoir \u00e9mollient, aide \u00e0 <strong>nourrir profond\u00e9ment<\/strong> les cheveux, luttant contre la s\u00e9cheresse et l&rsquo;opacit\u00e9.<\/li>\n<li><strong>Beurre De Karit\u00e9<\/strong> &#8211; Gr\u00e2ce \u00e0 ses incroyables propri\u00e9t\u00e9s hydratantes et protectrices rendant les cheveux plus <strong>doux, soyeux et hydrat\u00e9s<\/strong> \u00e0 long terme.<\/li>\n<\/ul>\n<\/div>[\/vc_column][vc_column width=\u00a0\u00bb1\/2&Prime;]<div class=\"standard-arrow list-divider bullet-top\"><h2>Avantages<\/h2>\n<ul>\n<li style=\"font-weight: 400;\" aria-level=\"1\">Bienfaits sur les<strong> cheveux raides<\/strong> : hydratation intense, douceur extr\u00eame, contr\u00f4le des frisottis<\/li>\n<li aria-level=\"1\">Bienfaits sur les<strong> cheveux boucl\u00e9s<\/strong> : nutriment profond, d\u00e9finition parfaite, gestion du volume<\/li>\n<\/ul>\n<\/div>[\/vc_column][\/vc_row][vc_row css=\u00a0\u00bb.vc_custom_1595317695114{padding-top: 50px !important;}\u00a0\u00bb][vc_column]<div class=\"dt-fancy-separator h2-size style-thick\" style=\"width: 100%;\"><div class=\"dt-fancy-title\" style=\"color: #333333;\"><span class=\"separator-holder separator-left\" style=\"border-color: #f0f0f0;\"><\/span>Avantages<span class=\"separator-holder separator-right\" style=\"border-color: #f0f0f0;\"><\/span><\/div><\/div>[vc_raw_html css=\u00a0\u00bb\u00a0\u00bb]JTVCd3BiLXByb2R1Y3Qtc2xpZGVyLXNob3J0Y29kZSUyMGlkJTNEJTIyMjQ0NDclMjIlNUQ=[\/vc_raw_html][\/vc_column][\/vc_row]<\/p>\n<\/div>","protected":false},"excerpt":{"rendered":"<p><strong>Mousse super hydratante pour cheveux secs et ternes<\/strong> enrichie en amandes douces et beurre de karit\u00e9.<\/p>\n<p>Son action avec pouvoir conditionneur est con\u00e7ue pour donner<strong> hydratation<\/strong> et<strong> l\u00e9g\u00e8ret\u00e9<\/strong> aux cheveux.<\/p>\n<p>Facile \u00e0 r\u00e9partir et adapt\u00e9e \u00e0 tous les types de cheveux.<\/p>\n<p>&nbsp;<\/p>\n<p>300 ml<\/p>\n<p>&nbsp;<\/p>\n<p>[vc_row][vc_column][ultimate_exp_section title=\" Comment acheter\" new_title=\"Demander infos d'achat\" text_color=\"#ffffff\" background_color=\"#877650\" text_hovercolor=\"#ffffff\" bghovercolor=\"#877650\" title_active=\"#ffffff\" title_active_bg=\"#877650\" cnt_bg_color=\"#ffffff\" icon=\"icomoon-the7-font-icon-cart-detailed\" new_icon=\"icomoon-the7-font-the7-mail-011\" icon_align=\"left\" icon_size=\"20\" icon_color=\"#ffffff\" icon_hover_color=\"#ffffff\" icon_active_color=\"#ffffff\" title_font_size=\"desktop:16px;\" title_padding=\"padding-top:4px;padding-right:7px;padding-bottom:4px;padding-left:4px;\" icon_margin=\"margin-right:1px;\"][contact-form-7 id=\"496\"][\/ultimate_exp_section][\/vc_column][\/vc_row]<\/p>\n","protected":false},"featured_media":24433,"template":"","meta":[],"product_brand":[],"product_cat":[489,1612,2048],"product_tag":[],"class_list":{"0":"post-24427","1":"product","2":"type-product","3":"status-publish","4":"has-post-thumbnail","6":"product_cat-treatments","7":"product_cat-somnia","8":"product_cat-hydralux","9":"description-off","11":"first","12":"instock","13":"shipping-taxable","14":"product-type-simple"},"yoast_head":"<!-- This site is optimized with the Yoast SEO plugin v26.8 - https:\/\/yoast.com\/product\/yoast-seo-wordpress\/ -->\n<title>Hydralux | Mousse Hydratante - K-time<\/title>\n<meta name=\"description\" content=\"Mousse super hydratante pour cheveux secs et ternes enrichie en amandes douces et beurre de karit\u00e9.\" \/>\n<meta name=\"robots\" content=\"index, follow, max-snippet:-1, max-image-preview:large, max-video-preview:-1\" \/>\n<link rel=\"canonical\" href=\"https:\/\/k-time.it\/products\/treatments\/somnia\/hydralux\/hydralux-mousse-idratante\/\" \/>\n<meta property=\"og:locale\" content=\"fr_FR\" \/>\n<meta property=\"og:type\" content=\"article\" \/>\n<meta property=\"og:title\" content=\"Hydralux | Mousse Hydratante - K-time\" \/>\n<meta property=\"og:description\" content=\"Mousse super hydratante pour cheveux secs et ternes enrichie en amandes douces et beurre de karit\u00e9.\" \/>\n<meta property=\"og:url\" content=\"https:\/\/k-time.it\/products\/treatments\/somnia\/hydralux\/hydralux-mousse-idratante\/\" \/>\n<meta property=\"og:site_name\" content=\"K-time\" \/>\n<meta property=\"article:modified_time\" content=\"2024-06-27T14:54:05+00:00\" \/>\n<meta property=\"og:image\" content=\"https:\/\/k-time.it\/wp-content\/uploads\/2024\/06\/22116_k-time_somnia_hydralux_mousse_300ml.png\" \/>\n\t<meta property=\"og:image:width\" content=\"800\" \/>\n\t<meta property=\"og:image:height\" content=\"800\" \/>\n\t<meta property=\"og:image:type\" content=\"image\/png\" \/>\n<meta name=\"twitter:card\" content=\"summary_large_image\" \/>\n<meta name=\"twitter:label1\" content=\"Dur\u00e9e de lecture estim\u00e9e\" \/>\n\t<meta name=\"twitter:data1\" content=\"1 minute\" \/>\n<script type=\"application\/ld+json\" class=\"yoast-schema-graph\">{\"@context\":\"https:\/\/schema.org\",\"@graph\":[{\"@type\":\"WebPage\",\"@id\":\"https:\/\/k-time.it\/products\/treatments\/somnia\/hydralux\/hydralux-mousse-idratante\/\",\"url\":\"https:\/\/k-time.it\/products\/treatments\/somnia\/hydralux\/hydralux-mousse-idratante\/\",\"name\":\"Hydralux | Mousse Hydratante - K-time\",\"isPartOf\":{\"@id\":\"https:\/\/k-time.it\/en\/#website\"},\"primaryImageOfPage\":{\"@id\":\"https:\/\/k-time.it\/products\/treatments\/somnia\/hydralux\/hydralux-mousse-idratante\/#primaryimage\"},\"image\":{\"@id\":\"https:\/\/k-time.it\/products\/treatments\/somnia\/hydralux\/hydralux-mousse-idratante\/#primaryimage\"},\"thumbnailUrl\":\"https:\/\/k-time.it\/wp-content\/uploads\/2024\/06\/22116_k-time_somnia_hydralux_mousse_300ml.png\",\"datePublished\":\"2024-06-04T10:04:35+00:00\",\"dateModified\":\"2024-06-27T14:54:05+00:00\",\"description\":\"Mousse super hydratante pour cheveux secs et ternes enrichie en amandes douces et beurre de karit\u00e9.\",\"breadcrumb\":{\"@id\":\"https:\/\/k-time.it\/products\/treatments\/somnia\/hydralux\/hydralux-mousse-idratante\/#breadcrumb\"},\"inLanguage\":\"fr-FR\",\"potentialAction\":[{\"@type\":\"ReadAction\",\"target\":[\"https:\/\/k-time.it\/products\/treatments\/somnia\/hydralux\/hydralux-mousse-idratante\/\"]}]},{\"@type\":\"ImageObject\",\"inLanguage\":\"fr-FR\",\"@id\":\"https:\/\/k-time.it\/products\/treatments\/somnia\/hydralux\/hydralux-mousse-idratante\/#primaryimage\",\"url\":\"https:\/\/k-time.it\/wp-content\/uploads\/2024\/06\/22116_k-time_somnia_hydralux_mousse_300ml.png\",\"contentUrl\":\"https:\/\/k-time.it\/wp-content\/uploads\/2024\/06\/22116_k-time_somnia_hydralux_mousse_300ml.png\",\"width\":800,\"height\":800},{\"@type\":\"BreadcrumbList\",\"@id\":\"https:\/\/k-time.it\/products\/treatments\/somnia\/hydralux\/hydralux-mousse-idratante\/#breadcrumb\",\"itemListElement\":[{\"@type\":\"ListItem\",\"position\":1,\"name\":\"Home\",\"item\":\"https:\/\/k-time.it\/fr\/\"},{\"@type\":\"ListItem\",\"position\":2,\"name\":\"Shop\",\"item\":\"https:\/\/k-time.it\/en\/negozio\/\"},{\"@type\":\"ListItem\",\"position\":3,\"name\":\"Hydralux | Mousse Hydratante\"}]},{\"@type\":\"WebSite\",\"@id\":\"https:\/\/k-time.it\/en\/#website\",\"url\":\"https:\/\/k-time.it\/en\/\",\"name\":\"K-time\",\"description\":\"Hair Spa Treatments\",\"publisher\":{\"@id\":\"https:\/\/k-time.it\/en\/#organization\"},\"potentialAction\":[{\"@type\":\"SearchAction\",\"target\":{\"@type\":\"EntryPoint\",\"urlTemplate\":\"https:\/\/k-time.it\/en\/?s={search_term_string}\"},\"query-input\":{\"@type\":\"PropertyValueSpecification\",\"valueRequired\":true,\"valueName\":\"search_term_string\"}}],\"inLanguage\":\"fr-FR\"},{\"@type\":\"Organization\",\"@id\":\"https:\/\/k-time.it\/en\/#organization\",\"name\":\"K-time\",\"url\":\"https:\/\/k-time.it\/en\/\",\"logo\":{\"@type\":\"ImageObject\",\"inLanguage\":\"fr-FR\",\"@id\":\"https:\/\/k-time.it\/en\/#\/schema\/logo\/image\/\",\"url\":\"\",\"contentUrl\":\"\",\"caption\":\"K-time\"},\"image\":{\"@id\":\"https:\/\/k-time.it\/en\/#\/schema\/logo\/image\/\"}}]}<\/script>\n<!-- \/ Yoast SEO plugin. -->","yoast_head_json":{"title":"Hydralux | Mousse Hydratante - K-time","description":"Mousse super hydratante pour cheveux secs et ternes enrichie en amandes douces et beurre de karit\u00e9.","robots":{"index":"index","follow":"follow","max-snippet":"max-snippet:-1","max-image-preview":"max-image-preview:large","max-video-preview":"max-video-preview:-1"},"canonical":"https:\/\/k-time.it\/products\/treatments\/somnia\/hydralux\/hydralux-mousse-idratante\/","og_locale":"fr_FR","og_type":"article","og_title":"Hydralux | Mousse Hydratante - K-time","og_description":"Mousse super hydratante pour cheveux secs et ternes enrichie en amandes douces et beurre de karit\u00e9.","og_url":"https:\/\/k-time.it\/products\/treatments\/somnia\/hydralux\/hydralux-mousse-idratante\/","og_site_name":"K-time","article_modified_time":"2024-06-27T14:54:05+00:00","og_image":[{"width":800,"height":800,"url":"https:\/\/k-time.it\/wp-content\/uploads\/2024\/06\/22116_k-time_somnia_hydralux_mousse_300ml.png","type":"image\/png"}],"twitter_card":"summary_large_image","twitter_misc":{"Dur\u00e9e de lecture estim\u00e9e":"1 minute"},"schema":{"@context":"https:\/\/schema.org","@graph":[{"@type":"WebPage","@id":"https:\/\/k-time.it\/products\/treatments\/somnia\/hydralux\/hydralux-mousse-idratante\/","url":"https:\/\/k-time.it\/products\/treatments\/somnia\/hydralux\/hydralux-mousse-idratante\/","name":"Hydralux | Mousse Hydratante - K-time","isPartOf":{"@id":"https:\/\/k-time.it\/en\/#website"},"primaryImageOfPage":{"@id":"https:\/\/k-time.it\/products\/treatments\/somnia\/hydralux\/hydralux-mousse-idratante\/#primaryimage"},"image":{"@id":"https:\/\/k-time.it\/products\/treatments\/somnia\/hydralux\/hydralux-mousse-idratante\/#primaryimage"},"thumbnailUrl":"https:\/\/k-time.it\/wp-content\/uploads\/2024\/06\/22116_k-time_somnia_hydralux_mousse_300ml.png","datePublished":"2024-06-04T10:04:35+00:00","dateModified":"2024-06-27T14:54:05+00:00","description":"Mousse super hydratante pour cheveux secs et ternes enrichie en amandes douces et beurre de karit\u00e9.","breadcrumb":{"@id":"https:\/\/k-time.it\/products\/treatments\/somnia\/hydralux\/hydralux-mousse-idratante\/#breadcrumb"},"inLanguage":"fr-FR","potentialAction":[{"@type":"ReadAction","target":["https:\/\/k-time.it\/products\/treatments\/somnia\/hydralux\/hydralux-mousse-idratante\/"]}]},{"@type":"ImageObject","inLanguage":"fr-FR","@id":"https:\/\/k-time.it\/products\/treatments\/somnia\/hydralux\/hydralux-mousse-idratante\/#primaryimage","url":"https:\/\/k-time.it\/wp-content\/uploads\/2024\/06\/22116_k-time_somnia_hydralux_mousse_300ml.png","contentUrl":"https:\/\/k-time.it\/wp-content\/uploads\/2024\/06\/22116_k-time_somnia_hydralux_mousse_300ml.png","width":800,"height":800},{"@type":"BreadcrumbList","@id":"https:\/\/k-time.it\/products\/treatments\/somnia\/hydralux\/hydralux-mousse-idratante\/#breadcrumb","itemListElement":[{"@type":"ListItem","position":1,"name":"Home","item":"https:\/\/k-time.it\/fr\/"},{"@type":"ListItem","position":2,"name":"Shop","item":"https:\/\/k-time.it\/en\/negozio\/"},{"@type":"ListItem","position":3,"name":"Hydralux | Mousse Hydratante"}]},{"@type":"WebSite","@id":"https:\/\/k-time.it\/en\/#website","url":"https:\/\/k-time.it\/en\/","name":"K-time","description":"Hair Spa Treatments","publisher":{"@id":"https:\/\/k-time.it\/en\/#organization"},"potentialAction":[{"@type":"SearchAction","target":{"@type":"EntryPoint","urlTemplate":"https:\/\/k-time.it\/en\/?s={search_term_string}"},"query-input":{"@type":"PropertyValueSpecification","valueRequired":true,"valueName":"search_term_string"}}],"inLanguage":"fr-FR"},{"@type":"Organization","@id":"https:\/\/k-time.it\/en\/#organization","name":"K-time","url":"https:\/\/k-time.it\/en\/","logo":{"@type":"ImageObject","inLanguage":"fr-FR","@id":"https:\/\/k-time.it\/en\/#\/schema\/logo\/image\/","url":"","contentUrl":"","caption":"K-time"},"image":{"@id":"https:\/\/k-time.it\/en\/#\/schema\/logo\/image\/"}}]}},"_links":{"self":[{"href":"https:\/\/k-time.it\/fr\/wp-json\/wp\/v2\/product\/24427","targetHints":{"allow":["GET"]}}],"collection":[{"href":"https:\/\/k-time.it\/fr\/wp-json\/wp\/v2\/product"}],"about":[{"href":"https:\/\/k-time.it\/fr\/wp-json\/wp\/v2\/types\/product"}],"wp:featuredmedia":[{"embeddable":true,"href":"https:\/\/k-time.it\/fr\/wp-json\/wp\/v2\/media\/24433"}],"wp:attachment":[{"href":"https:\/\/k-time.it\/fr\/wp-json\/wp\/v2\/media?parent=24427"}],"wp:term":[{"taxonomy":"product_brand","embeddable":true,"href":"https:\/\/k-time.it\/fr\/wp-json\/wp\/v2\/product_brand?post=24427"},{"taxonomy":"product_cat","embeddable":true,"href":"https:\/\/k-time.it\/fr\/wp-json\/wp\/v2\/product_cat?post=24427"},{"taxonomy":"product_tag","embeddable":true,"href":"https:\/\/k-time.it\/fr\/wp-json\/wp\/v2\/product_tag?post=24427"}],"curies":[{"name":"wp","href":"https:\/\/api.w.org\/{rel}","templated":true}]}}