{"id":24169,"date":"2024-04-10T09:01:20","date_gmt":"2024-04-10T07:01:21","guid":{"rendered":"https:\/\/k-time.it\/?post_type=product&#038;p=24169"},"modified":"2024-04-10T09:52:13","modified_gmt":"2024-04-10T07:52:13","slug":"secret-masque-spray-multiaction-10-en-1-edition-limitee","status":"publish","type":"product","link":"https:\/\/k-time.it\/fr\/products\/treatments\/secret\/secret-masque-spray-multiaction-10-en-1-edition-limitee\/","title":{"rendered":"Secret | Masque Spray Multiaction 10 en 1 \u2013 \u00c9dition Limit\u00e9e"},"content":{"rendered":"<div class=\"wpb-content-wrapper\"><p>[vc_row][vc_column width=\u00a0\u00bb1\/2&Prime;]<div class=\"standard-arrow list-divider bullet-top\"><h2>Plus<\/h2>\n<ul>\n<li>Format voyage, parfait pour vos vacances, compact, rentre dans une poche<\/li>\n<li>M\u00eame formule parfum\u00e9e et tr\u00e8s performante<\/li>\n<li>Nouveau design chic et exclusif<\/li>\n<li>Pochette tendance au style estival<\/li>\n<\/ul>\n<\/div>[\/vc_column][vc_column width=\u00a0\u00bb1\/2&Prime;]<div class=\"standard-number-list list-divider bullet-top\"><h2>Bienfaits<\/h2>\n<div id=\"tab-benefici\" role=\"tabpanel\" aria-labelledby=\"tab-title-benefici\">\n<ol>\n<li>R\u00e9g\u00e9n\u00e9rant<\/li>\n<li>R\u00e9duction des frisottis<\/li>\n<li>Protection contre la chaleur<\/li>\n<li>Ultra douceur<\/li>\n<li>Filtres \u00ab\u00a0anti-d\u00e9coloration\u00a0\u00bb<\/li>\n<li>Coiffage rapide<\/li>\n<li>Tenue maximale de la coiffure<\/li>\n<li>Effet d\u00e9m\u00ealant<\/li>\n<li>Stoppe les pointes fourchues<\/li>\n<li>Donne du corps et du volume aux cheveux<\/li>\n<\/ol>\n<\/div>\n<\/div>[\/vc_column][\/vc_row]<\/p>\n<\/div>","protected":false},"excerpt":{"rendered":"<div class=\"woocommerce-product-details__short-description\">\n<div class=\"woocommerce-product-details__short-description\">\n<p>Le<strong> Masque spray intensif multiaction<\/strong> est un soin sans rin\u00e7age pour r\u00e9pondre aux besoins les plus fr\u00e9quents de tous les types de cheveux.<\/p>\n<p>Il propose<strong> 10 actions uniques<\/strong>, en permettant une action<strong> d\u00e9m\u00ealante, en r\u00e9duisant les pointes fourchues<\/strong> et l&rsquo;effet<strong> frisottis et en prot\u00e9geant de la chaleur.<\/strong>Les cheveux sont<strong> r\u00e9g\u00e9n\u00e9r\u00e9s, souples et volumineux<\/strong>.<\/p>\n<p>Format 100 ml<\/p>\n<\/div>\n<\/div>\n","protected":false},"featured_media":24159,"template":"","meta":[],"product_brand":[],"product_cat":[2082],"product_tag":[],"class_list":{"0":"post-24169","1":"product","2":"type-product","3":"status-publish","4":"has-post-thumbnail","6":"product_cat-secret","7":"description-off","9":"first","10":"instock","11":"shipping-taxable","12":"product-type-simple"},"yoast_head":"<!-- This site is optimized with the Yoast SEO plugin v26.8 - https:\/\/yoast.com\/product\/yoast-seo-wordpress\/ -->\n<title>Secret | Masque Spray Multiaction 10 en 1 \u2013 \u00c9dition Limit\u00e9e - K-time<\/title>\n<meta name=\"description\" content=\"Dans un seul et surprenant produit, un traitement complet pour satisfaire les exigences les plus fr\u00e9quentes de tous les types de cheveux.\" \/>\n<meta name=\"robots\" content=\"index, follow, max-snippet:-1, max-image-preview:large, max-video-preview:-1\" \/>\n<link rel=\"canonical\" href=\"https:\/\/k-time.it\/fr\/products\/treatments\/secret\/secret-masque-spray-multiaction-10-en-1-edition-limitee\/\" \/>\n<meta property=\"og:locale\" content=\"fr_FR\" \/>\n<meta property=\"og:type\" content=\"article\" \/>\n<meta property=\"og:title\" content=\"Secret | Masque Spray Multiaction 10 en 1 \u2013 \u00c9dition Limit\u00e9e - K-time\" \/>\n<meta property=\"og:description\" content=\"Dans un seul et surprenant produit, un traitement complet pour satisfaire les exigences les plus fr\u00e9quentes de tous les types de cheveux.\" \/>\n<meta property=\"og:url\" content=\"https:\/\/k-time.it\/fr\/products\/treatments\/secret\/secret-masque-spray-multiaction-10-en-1-edition-limitee\/\" \/>\n<meta property=\"og:site_name\" content=\"K-time\" \/>\n<meta property=\"article:modified_time\" content=\"2024-04-10T07:52:13+00:00\" \/>\n<meta property=\"og:image\" content=\"https:\/\/k-time.it\/wp-content\/uploads\/2024\/04\/25118_k-time_secret_spray_limited_edition_100ml.png\" \/>\n\t<meta property=\"og:image:width\" content=\"800\" \/>\n\t<meta property=\"og:image:height\" content=\"800\" \/>\n\t<meta property=\"og:image:type\" content=\"image\/png\" \/>\n<meta name=\"twitter:card\" content=\"summary_large_image\" \/>\n<meta name=\"twitter:label1\" content=\"Dur\u00e9e de lecture estim\u00e9e\" \/>\n\t<meta name=\"twitter:data1\" content=\"1 minute\" \/>\n<script type=\"application\/ld+json\" class=\"yoast-schema-graph\">{\"@context\":\"https:\/\/schema.org\",\"@graph\":[{\"@type\":\"WebPage\",\"@id\":\"https:\/\/k-time.it\/fr\/products\/treatments\/secret\/secret-masque-spray-multiaction-10-en-1-edition-limitee\/\",\"url\":\"https:\/\/k-time.it\/fr\/products\/treatments\/secret\/secret-masque-spray-multiaction-10-en-1-edition-limitee\/\",\"name\":\"Secret | Masque Spray Multiaction 10 en 1 \u2013 \u00c9dition Limit\u00e9e - K-time\",\"isPartOf\":{\"@id\":\"https:\/\/k-time.it\/en\/#website\"},\"primaryImageOfPage\":{\"@id\":\"https:\/\/k-time.it\/fr\/products\/treatments\/secret\/secret-masque-spray-multiaction-10-en-1-edition-limitee\/#primaryimage\"},\"image\":{\"@id\":\"https:\/\/k-time.it\/fr\/products\/treatments\/secret\/secret-masque-spray-multiaction-10-en-1-edition-limitee\/#primaryimage\"},\"thumbnailUrl\":\"https:\/\/k-time.it\/wp-content\/uploads\/2024\/04\/25118_k-time_secret_spray_limited_edition_100ml.png\",\"datePublished\":\"2024-04-10T07:01:21+00:00\",\"dateModified\":\"2024-04-10T07:52:13+00:00\",\"description\":\"Dans un seul et surprenant produit, un traitement complet pour satisfaire les exigences les plus fr\u00e9quentes de tous les types de cheveux.\",\"breadcrumb\":{\"@id\":\"https:\/\/k-time.it\/fr\/products\/treatments\/secret\/secret-masque-spray-multiaction-10-en-1-edition-limitee\/#breadcrumb\"},\"inLanguage\":\"fr-FR\",\"potentialAction\":[{\"@type\":\"ReadAction\",\"target\":[\"https:\/\/k-time.it\/fr\/products\/treatments\/secret\/secret-masque-spray-multiaction-10-en-1-edition-limitee\/\"]}]},{\"@type\":\"ImageObject\",\"inLanguage\":\"fr-FR\",\"@id\":\"https:\/\/k-time.it\/fr\/products\/treatments\/secret\/secret-masque-spray-multiaction-10-en-1-edition-limitee\/#primaryimage\",\"url\":\"https:\/\/k-time.it\/wp-content\/uploads\/2024\/04\/25118_k-time_secret_spray_limited_edition_100ml.png\",\"contentUrl\":\"https:\/\/k-time.it\/wp-content\/uploads\/2024\/04\/25118_k-time_secret_spray_limited_edition_100ml.png\",\"width\":800,\"height\":800},{\"@type\":\"BreadcrumbList\",\"@id\":\"https:\/\/k-time.it\/fr\/products\/treatments\/secret\/secret-masque-spray-multiaction-10-en-1-edition-limitee\/#breadcrumb\",\"itemListElement\":[{\"@type\":\"ListItem\",\"position\":1,\"name\":\"Home\",\"item\":\"https:\/\/k-time.it\/fr\/\"},{\"@type\":\"ListItem\",\"position\":2,\"name\":\"Shop\",\"item\":\"https:\/\/k-time.it\/en\/negozio\/\"},{\"@type\":\"ListItem\",\"position\":3,\"name\":\"Secret | Masque Spray Multiaction 10 en 1 \u2013 \u00c9dition Limit\u00e9e\"}]},{\"@type\":\"WebSite\",\"@id\":\"https:\/\/k-time.it\/en\/#website\",\"url\":\"https:\/\/k-time.it\/en\/\",\"name\":\"K-time\",\"description\":\"Hair Spa Treatments\",\"publisher\":{\"@id\":\"https:\/\/k-time.it\/en\/#organization\"},\"potentialAction\":[{\"@type\":\"SearchAction\",\"target\":{\"@type\":\"EntryPoint\",\"urlTemplate\":\"https:\/\/k-time.it\/en\/?s={search_term_string}\"},\"query-input\":{\"@type\":\"PropertyValueSpecification\",\"valueRequired\":true,\"valueName\":\"search_term_string\"}}],\"inLanguage\":\"fr-FR\"},{\"@type\":\"Organization\",\"@id\":\"https:\/\/k-time.it\/en\/#organization\",\"name\":\"K-time\",\"url\":\"https:\/\/k-time.it\/en\/\",\"logo\":{\"@type\":\"ImageObject\",\"inLanguage\":\"fr-FR\",\"@id\":\"https:\/\/k-time.it\/en\/#\/schema\/logo\/image\/\",\"url\":\"\",\"contentUrl\":\"\",\"caption\":\"K-time\"},\"image\":{\"@id\":\"https:\/\/k-time.it\/en\/#\/schema\/logo\/image\/\"}}]}<\/script>\n<!-- \/ Yoast SEO plugin. -->","yoast_head_json":{"title":"Secret | Masque Spray Multiaction 10 en 1 \u2013 \u00c9dition Limit\u00e9e - K-time","description":"Dans un seul et surprenant produit, un traitement complet pour satisfaire les exigences les plus fr\u00e9quentes de tous les types de cheveux.","robots":{"index":"index","follow":"follow","max-snippet":"max-snippet:-1","max-image-preview":"max-image-preview:large","max-video-preview":"max-video-preview:-1"},"canonical":"https:\/\/k-time.it\/fr\/products\/treatments\/secret\/secret-masque-spray-multiaction-10-en-1-edition-limitee\/","og_locale":"fr_FR","og_type":"article","og_title":"Secret | Masque Spray Multiaction 10 en 1 \u2013 \u00c9dition Limit\u00e9e - K-time","og_description":"Dans un seul et surprenant produit, un traitement complet pour satisfaire les exigences les plus fr\u00e9quentes de tous les types de cheveux.","og_url":"https:\/\/k-time.it\/fr\/products\/treatments\/secret\/secret-masque-spray-multiaction-10-en-1-edition-limitee\/","og_site_name":"K-time","article_modified_time":"2024-04-10T07:52:13+00:00","og_image":[{"width":800,"height":800,"url":"https:\/\/k-time.it\/wp-content\/uploads\/2024\/04\/25118_k-time_secret_spray_limited_edition_100ml.png","type":"image\/png"}],"twitter_card":"summary_large_image","twitter_misc":{"Dur\u00e9e de lecture estim\u00e9e":"1 minute"},"schema":{"@context":"https:\/\/schema.org","@graph":[{"@type":"WebPage","@id":"https:\/\/k-time.it\/fr\/products\/treatments\/secret\/secret-masque-spray-multiaction-10-en-1-edition-limitee\/","url":"https:\/\/k-time.it\/fr\/products\/treatments\/secret\/secret-masque-spray-multiaction-10-en-1-edition-limitee\/","name":"Secret | Masque Spray Multiaction 10 en 1 \u2013 \u00c9dition Limit\u00e9e - K-time","isPartOf":{"@id":"https:\/\/k-time.it\/en\/#website"},"primaryImageOfPage":{"@id":"https:\/\/k-time.it\/fr\/products\/treatments\/secret\/secret-masque-spray-multiaction-10-en-1-edition-limitee\/#primaryimage"},"image":{"@id":"https:\/\/k-time.it\/fr\/products\/treatments\/secret\/secret-masque-spray-multiaction-10-en-1-edition-limitee\/#primaryimage"},"thumbnailUrl":"https:\/\/k-time.it\/wp-content\/uploads\/2024\/04\/25118_k-time_secret_spray_limited_edition_100ml.png","datePublished":"2024-04-10T07:01:21+00:00","dateModified":"2024-04-10T07:52:13+00:00","description":"Dans un seul et surprenant produit, un traitement complet pour satisfaire les exigences les plus fr\u00e9quentes de tous les types de cheveux.","breadcrumb":{"@id":"https:\/\/k-time.it\/fr\/products\/treatments\/secret\/secret-masque-spray-multiaction-10-en-1-edition-limitee\/#breadcrumb"},"inLanguage":"fr-FR","potentialAction":[{"@type":"ReadAction","target":["https:\/\/k-time.it\/fr\/products\/treatments\/secret\/secret-masque-spray-multiaction-10-en-1-edition-limitee\/"]}]},{"@type":"ImageObject","inLanguage":"fr-FR","@id":"https:\/\/k-time.it\/fr\/products\/treatments\/secret\/secret-masque-spray-multiaction-10-en-1-edition-limitee\/#primaryimage","url":"https:\/\/k-time.it\/wp-content\/uploads\/2024\/04\/25118_k-time_secret_spray_limited_edition_100ml.png","contentUrl":"https:\/\/k-time.it\/wp-content\/uploads\/2024\/04\/25118_k-time_secret_spray_limited_edition_100ml.png","width":800,"height":800},{"@type":"BreadcrumbList","@id":"https:\/\/k-time.it\/fr\/products\/treatments\/secret\/secret-masque-spray-multiaction-10-en-1-edition-limitee\/#breadcrumb","itemListElement":[{"@type":"ListItem","position":1,"name":"Home","item":"https:\/\/k-time.it\/fr\/"},{"@type":"ListItem","position":2,"name":"Shop","item":"https:\/\/k-time.it\/en\/negozio\/"},{"@type":"ListItem","position":3,"name":"Secret | Masque Spray Multiaction 10 en 1 \u2013 \u00c9dition Limit\u00e9e"}]},{"@type":"WebSite","@id":"https:\/\/k-time.it\/en\/#website","url":"https:\/\/k-time.it\/en\/","name":"K-time","description":"Hair Spa Treatments","publisher":{"@id":"https:\/\/k-time.it\/en\/#organization"},"potentialAction":[{"@type":"SearchAction","target":{"@type":"EntryPoint","urlTemplate":"https:\/\/k-time.it\/en\/?s={search_term_string}"},"query-input":{"@type":"PropertyValueSpecification","valueRequired":true,"valueName":"search_term_string"}}],"inLanguage":"fr-FR"},{"@type":"Organization","@id":"https:\/\/k-time.it\/en\/#organization","name":"K-time","url":"https:\/\/k-time.it\/en\/","logo":{"@type":"ImageObject","inLanguage":"fr-FR","@id":"https:\/\/k-time.it\/en\/#\/schema\/logo\/image\/","url":"","contentUrl":"","caption":"K-time"},"image":{"@id":"https:\/\/k-time.it\/en\/#\/schema\/logo\/image\/"}}]}},"_links":{"self":[{"href":"https:\/\/k-time.it\/fr\/wp-json\/wp\/v2\/product\/24169","targetHints":{"allow":["GET"]}}],"collection":[{"href":"https:\/\/k-time.it\/fr\/wp-json\/wp\/v2\/product"}],"about":[{"href":"https:\/\/k-time.it\/fr\/wp-json\/wp\/v2\/types\/product"}],"wp:featuredmedia":[{"embeddable":true,"href":"https:\/\/k-time.it\/fr\/wp-json\/wp\/v2\/media\/24159"}],"wp:attachment":[{"href":"https:\/\/k-time.it\/fr\/wp-json\/wp\/v2\/media?parent=24169"}],"wp:term":[{"taxonomy":"product_brand","embeddable":true,"href":"https:\/\/k-time.it\/fr\/wp-json\/wp\/v2\/product_brand?post=24169"},{"taxonomy":"product_cat","embeddable":true,"href":"https:\/\/k-time.it\/fr\/wp-json\/wp\/v2\/product_cat?post=24169"},{"taxonomy":"product_tag","embeddable":true,"href":"https:\/\/k-time.it\/fr\/wp-json\/wp\/v2\/product_tag?post=24169"}],"curies":[{"name":"wp","href":"https:\/\/api.w.org\/{rel}","templated":true}]}}