{"id":13645,"date":"2020-06-25T16:46:02","date_gmt":"2020-06-25T14:46:02","guid":{"rendered":"https:\/\/k-time.it\/products\/non%20class\u00e9\/glam-dubai-cera-mate\/"},"modified":"2021-05-25T18:43:33","modified_gmt":"2021-05-25T16:43:33","slug":"glam-dubai-cire-mate","status":"publish","type":"product","link":"https:\/\/k-time.it\/fr\/products\/finish-trend\/glam-dubai-cire-mate\/","title":{"rendered":"Glam | Dubai &#8211; Cire Mate"},"content":{"rendered":"<div class=\"wpb-content-wrapper\"><p>[vc_row disable_element=\u00a0\u00bbyes\u00a0\u00bb][vc_column]<div class=\"ult_exp_section_layer ult-adjust-bottom-margin  \" >\n\t\t<div id=\"uvc-exp-wrap-7792\" role=\"button\" tabindex=\"0\" aria-pressed=\"false\"  data-ultimate-target='#uvc-exp-wrap-7792'  data-responsive-json-new='{\"font-size\":\"desktop:16px;\",\"line-height\":\"desktop:20px;\"}'  class=\"ult_exp_section  ult-responsive \" style=\"color:#ffffff;background-color:#877650; font-weight:normal; padding-top:4px;padding-right:7px;padding-bottom:4px;padding-left:4px;text-align:center;\" data-textcolor=\"#ffffff\"data-texthover=\"#ffffff\"data-icncolor=\"#ffffff\"data-ihover=\"#ffffff\"data-height=\"0\"data-cntbg=\"#877650\"data-cnthvrbg=\"#877650\"data-headerbg=\"#877650\"data-headerhover=\"#877650\"data-title=\"Comment acheter\"data-newtitle=\"Demander infos d&#039;achat\"data-icon=\"icomoon-the7-font-icon-cart-detailed\"data-newicon=\"icomoon-the7-font-the7-mail-011\"data-activeicon=\"#ffffff\"data-effect=\"slideToggle\"data-override=\"0\"data-activetitle=\"#ffffff\"data-activebg=\"#877650\"data-img=\"\"data-newimg=\"\"><div class=\"ult_exp_section-main ult_expleft_icon\">\t<div class=\"ult-just-icon-wrapper ult_exp_icon\">\n\t\t\t\t\t<div class=\"align-icon \">\n\t\t\t\t\t\t\n<span class=\"aio-icon  none  ult_expsection_icon \"  style=\"color:#ffffff;font-size:20px;\">\n\t<i class=\"icomoon-the7-font-icon-cart-detailed ult_ex_icon\"  ><\/i>\n<\/span>\n\t\t\t\t\t<\/div>\n\t\t\t\t<\/div>\n\t\t\t\t<div class=\"ult_expheader\" >Comment acheter\n\t\t\t\t<\/div>\n\t\t\t<\/div>\n\t\t<\/div><div class=\"ult_exp_content \" style=\"background-color:#ffffff;  \"><div class=\"ult_ecpsub_cont\" style=\" \" >\n<div class=\"wpcf7 no-js\" id=\"wpcf7-f15157-o1\" lang=\"fr-FR\" dir=\"ltr\" data-wpcf7-id=\"15157\">\n<div class=\"screen-reader-response\"><p role=\"status\" aria-live=\"polite\" aria-atomic=\"true\"><\/p> <ul><\/ul><\/div>\n<form action=\"\/fr\/wp-json\/wp\/v2\/product\/13645#wpcf7-f15157-o1\" method=\"post\" class=\"wpcf7-form init\" aria-label=\"Formulaire de contact\" novalidate=\"novalidate\" data-status=\"init\">\n<fieldset class=\"hidden-fields-container\"><input type=\"hidden\" name=\"_wpcf7\" value=\"15157\" \/><input type=\"hidden\" name=\"_wpcf7_version\" value=\"6.1.4\" \/><input type=\"hidden\" name=\"_wpcf7_locale\" value=\"fr_FR\" \/><input type=\"hidden\" name=\"_wpcf7_unit_tag\" value=\"wpcf7-f15157-o1\" \/><input type=\"hidden\" name=\"_wpcf7_container_post\" value=\"0\" \/><input type=\"hidden\" name=\"_wpcf7_posted_data_hash\" value=\"\" \/><input type=\"hidden\" name=\"_wpcf7_recaptcha_response\" value=\"\" \/>\n<\/fieldset>\n<p>Pr\u00e9nom\/Nom de famille*\n<\/p>\n<p><span class=\"wpcf7-form-control-wrap\" data-name=\"your-name\"><input size=\"40\" maxlength=\"400\" class=\"wpcf7-form-control wpcf7-text wpcf7-validates-as-required\" aria-required=\"true\" aria-invalid=\"false\" value=\"\" type=\"text\" name=\"your-name\" \/><\/span>\n<\/p>\n<p>Email*\n<\/p>\n<p><span class=\"wpcf7-form-control-wrap\" data-name=\"your-email\"><input size=\"40\" maxlength=\"400\" class=\"wpcf7-form-control wpcf7-email wpcf7-validates-as-required wpcf7-text wpcf7-validates-as-email\" aria-required=\"true\" aria-invalid=\"false\" value=\"\" type=\"email\" name=\"your-email\" \/><\/span>\n<\/p>\n<p>Status*\n<\/p>\n<p><span class=\"wpcf7-form-control-wrap\" data-name=\"status\"><span class=\"wpcf7-form-control wpcf7-checkbox wpcf7-validates-as-required wpcf7-exclusive-checkbox\"><span class=\"wpcf7-list-item first\"><span class=\"wpcf7-list-item-label\">Coiffeur<\/span><input type=\"checkbox\" name=\"status\" value=\"Coiffeur\" \/><\/span><span class=\"wpcf7-list-item\"><span class=\"wpcf7-list-item-label\">Distributeur<\/span><input type=\"checkbox\" name=\"status\" value=\"Distributeur\" \/><\/span><span class=\"wpcf7-list-item last\"><span class=\"wpcf7-list-item-label\">Autre<\/span><input type=\"checkbox\" name=\"status\" value=\"Autre\" \/><\/span><\/span><\/span>\n<\/p>\n<p>Pays*\n<\/p>\n<p><span class=\"wpcf7-form-control-wrap\" data-name=\"country\"><input size=\"40\" maxlength=\"400\" class=\"wpcf7-form-control wpcf7-text wpcf7-validates-as-required\" aria-required=\"true\" aria-invalid=\"false\" value=\"\" type=\"text\" name=\"country\" \/><\/span>\n<\/p>\n<p>Message*\n<\/p>\n<p><span class=\"wpcf7-form-control-wrap\" data-name=\"your-message\"><textarea cols=\"40\" rows=\"10\" maxlength=\"2000\" class=\"wpcf7-form-control wpcf7-textarea wpcf7-validates-as-required\" aria-required=\"true\" aria-invalid=\"false\" name=\"your-message\"><\/textarea><\/span>\n<\/p>\n<p><span class=\"wpcf7-form-control-wrap\" data-name=\"acceptance-20\"><span class=\"wpcf7-form-control wpcf7-acceptance\"><span class=\"wpcf7-list-item\"><input type=\"checkbox\" name=\"acceptance-20\" value=\"1\" aria-invalid=\"false\" \/><\/span><\/span><\/span> I express my informed, specific and unconditional consent for the company Comprof Milano Srl to proceed with the processing of my personal data to process the requests for information transmitted, as better described in the <a href=\"https:\/\/k-time.it\/fr\/privacy-policy\/\" target=\"_blank\" rel=\"noopener\">Privacy Policy<\/a>*\n<\/p>\n<p><small> Ce site est prot\u00e9g\u00e9 par Google reCAPTCHA <a href=\"https:\/\/policies.google.com\/privacy\"> Politique de confidentialit\u00e9 <\/a> et <a href = \"https:\/\/policies.google.com\/ termes \"> Conditions d'utilisation <\/a>. <\/small>\n<\/p>\n<p><input class=\"wpcf7-form-control wpcf7-submit has-spinner\" type=\"submit\" value=\"Envoyer\" \/>\n<\/p><div class=\"wpcf7-response-output\" aria-hidden=\"true\"><\/div>\n<\/form>\n<\/div>\n<\/div><\/div>\n\n\t\t\t<\/div>[\/vc_column][\/vc_row][vc_row][vc_column width=\u00a0\u00bb1\/2&Prime;]<div class=\"standard-arrow list-divider bullet-top\"><h2>Formulation<\/h2>\n<ul>\n<li>Texture dynamique et compacte<\/li>\n<li>Formule mate extr\u00eame<\/li>\n<\/ul>\n<\/div>[\/vc_column][vc_column width=\u00a0\u00bb1\/2&Prime;]<div class=\"standard-arrow list-divider bullet-top\"><h2>Avantages<\/h2>\n<div id=\"tab-benefits\">\n<ul>\n<li>Assure un brossage rapide<\/li>\n<li>Permet une application facile<\/li>\n<li>Ne laisse pas de r\u00e9sidus<\/li>\n<li>Permet un look cr\u00e9atif<\/li>\n<li>Parfume efficacement vos cheveux<\/li>\n<\/ul>\n<\/div>\n<\/div>[\/vc_column][\/vc_row][vc_row css=\u00a0\u00bb.vc_custom_1595317695114{padding-top: 50px !important;}\u00a0\u00bb][vc_column]<div class=\"dt-fancy-separator h2-size style-thick\" style=\"width: 100%;\"><div class=\"dt-fancy-title\" style=\"color: #333333;\"><span class=\"separator-holder separator-left\" style=\"border-color: #f0f0f0;\"><\/span>Produits apparent\u00e9s<span class=\"separator-holder separator-right\" style=\"border-color: #f0f0f0;\"><\/span><\/div><\/div>[vc_raw_html]JTVCd3BiLXByb2R1Y3Qtc2xpZGVyLXNob3J0Y29kZSUyMGlkJTNEJTIyMjI5MiUyMiU1RA==[\/vc_raw_html][\/vc_column][\/vc_row]<\/p>\n<\/div>","protected":false},"excerpt":{"rendered":"<div class=\"woocommerce-product-details__short-description\">\n<div class=\"woocommerce-product-details__short-description\">\n<p><strong>Glam Matt Wax Dubai<\/strong> est la <strong>cire\u00a0mate<\/strong> qui enveloppe les cheveux pour un <strong>effet incroyable et naturel<\/strong>.<\/p>\n<p>La technologie exclusif Glam est le plus adapt\u00e9 aux <strong>exigences des hommes et des femmes<\/strong> qui souhaitent modeler et remodeler leur look avec une <strong>nouvelle cr\u00e9ativit\u00e9 surprenante<\/strong>. D\u2019application facile et \u00e9tal\u00e9e uniform\u00e9ment sur cheveux humides ou secs, vital et moderne comme la ville dont elle s\u2019inspire, Dubai rend la chevelure forte et vigoureuse.<\/p>\n<p>Format 90 ml<\/p>\n<\/div>\n<\/div>\n<p>&nbsp;<\/p>\n<p>[vc_row][vc_column][ultimate_exp_section title=\" Comment acheter\" new_title=\"Demander infos d'achat\" text_color=\"#ffffff\" background_color=\"#877650\" text_hovercolor=\"#ffffff\" bghovercolor=\"#877650\" title_active=\"#ffffff\" title_active_bg=\"#877650\" cnt_bg_color=\"#ffffff\" icon=\"icomoon-the7-font-icon-cart-detailed\" new_icon=\"icomoon-the7-font-the7-mail-011\" icon_align=\"left\" icon_size=\"20\" icon_color=\"#ffffff\" icon_hover_color=\"#ffffff\" icon_active_color=\"#ffffff\" title_font_size=\"desktop:16px;\" title_padding=\"padding-top:4px;padding-right:7px;padding-bottom:4px;padding-left:4px;\" icon_margin=\"margin-right:1px;\"][contact-form-7 id=\"496\"][\/ultimate_exp_section][\/vc_column][\/vc_row]<\/p>\n","protected":false},"featured_media":17926,"template":"","meta":[],"product_brand":[],"product_cat":[1462],"product_tag":[],"class_list":{"0":"post-13645","1":"product","2":"type-product","3":"status-publish","4":"has-post-thumbnail","6":"product_cat-finish-trend","7":"description-off","9":"first","10":"instock","11":"shipping-taxable","12":"product-type-simple"},"yoast_head":"<!-- This site is optimized with the Yoast SEO plugin v26.8 - https:\/\/yoast.com\/product\/yoast-seo-wordpress\/ -->\n<title>Glam | Dubai - Cire Mate - K-time<\/title>\n<meta name=\"description\" content=\"Glam Matt Wax Dubai est la cire mate qui enveloppe les cheveux pour un effet incroyable et naturel.\" \/>\n<meta name=\"robots\" content=\"index, follow, max-snippet:-1, max-image-preview:large, max-video-preview:-1\" \/>\n<link rel=\"canonical\" href=\"https:\/\/k-time.it\/products\/finish-styling\/glam-matt-wax-dubai-cera-opaca\/\" \/>\n<meta property=\"og:locale\" content=\"fr_FR\" \/>\n<meta property=\"og:type\" content=\"article\" \/>\n<meta property=\"og:title\" content=\"Glam | Dubai - Cire Mate - K-time\" \/>\n<meta property=\"og:description\" content=\"Glam Matt Wax Dubai est la cire mate qui enveloppe les cheveux pour un effet incroyable et naturel.\" \/>\n<meta property=\"og:url\" content=\"https:\/\/k-time.it\/products\/finish-styling\/glam-matt-wax-dubai-cera-opaca\/\" \/>\n<meta property=\"og:site_name\" content=\"K-time\" \/>\n<meta property=\"article:modified_time\" content=\"2021-05-25T16:43:33+00:00\" \/>\n<meta property=\"og:image\" content=\"https:\/\/k-time.it\/wp-content\/uploads\/2020\/07\/23006_k-time_glam_dubai_matt-wax_90ml-1.png\" \/>\n\t<meta property=\"og:image:width\" content=\"600\" \/>\n\t<meta property=\"og:image:height\" content=\"600\" \/>\n\t<meta property=\"og:image:type\" content=\"image\/png\" \/>\n<meta name=\"twitter:card\" content=\"summary_large_image\" \/>\n<meta name=\"twitter:label1\" content=\"Dur\u00e9e de lecture estim\u00e9e\" \/>\n\t<meta name=\"twitter:data1\" content=\"1 minute\" \/>\n<script type=\"application\/ld+json\" class=\"yoast-schema-graph\">{\"@context\":\"https:\/\/schema.org\",\"@graph\":[{\"@type\":\"WebPage\",\"@id\":\"https:\/\/k-time.it\/products\/finish-styling\/glam-matt-wax-dubai-cera-opaca\/\",\"url\":\"https:\/\/k-time.it\/products\/finish-styling\/glam-matt-wax-dubai-cera-opaca\/\",\"name\":\"Glam | Dubai - Cire Mate - K-time\",\"isPartOf\":{\"@id\":\"https:\/\/k-time.it\/en\/#website\"},\"primaryImageOfPage\":{\"@id\":\"https:\/\/k-time.it\/products\/finish-styling\/glam-matt-wax-dubai-cera-opaca\/#primaryimage\"},\"image\":{\"@id\":\"https:\/\/k-time.it\/products\/finish-styling\/glam-matt-wax-dubai-cera-opaca\/#primaryimage\"},\"thumbnailUrl\":\"https:\/\/k-time.it\/wp-content\/uploads\/2020\/07\/23006_k-time_glam_dubai_matt-wax_90ml-1.png\",\"datePublished\":\"2020-06-25T14:46:02+00:00\",\"dateModified\":\"2021-05-25T16:43:33+00:00\",\"description\":\"Glam Matt Wax Dubai est la cire mate qui enveloppe les cheveux pour un effet incroyable et naturel.\",\"breadcrumb\":{\"@id\":\"https:\/\/k-time.it\/products\/finish-styling\/glam-matt-wax-dubai-cera-opaca\/#breadcrumb\"},\"inLanguage\":\"fr-FR\",\"potentialAction\":[{\"@type\":\"ReadAction\",\"target\":[\"https:\/\/k-time.it\/products\/finish-styling\/glam-matt-wax-dubai-cera-opaca\/\"]}]},{\"@type\":\"ImageObject\",\"inLanguage\":\"fr-FR\",\"@id\":\"https:\/\/k-time.it\/products\/finish-styling\/glam-matt-wax-dubai-cera-opaca\/#primaryimage\",\"url\":\"https:\/\/k-time.it\/wp-content\/uploads\/2020\/07\/23006_k-time_glam_dubai_matt-wax_90ml-1.png\",\"contentUrl\":\"https:\/\/k-time.it\/wp-content\/uploads\/2020\/07\/23006_k-time_glam_dubai_matt-wax_90ml-1.png\",\"width\":600,\"height\":600,\"caption\":\"Glam | Matt Wax Dubai - Cera opaca\"},{\"@type\":\"BreadcrumbList\",\"@id\":\"https:\/\/k-time.it\/products\/finish-styling\/glam-matt-wax-dubai-cera-opaca\/#breadcrumb\",\"itemListElement\":[{\"@type\":\"ListItem\",\"position\":1,\"name\":\"Home\",\"item\":\"https:\/\/k-time.it\/fr\/\"},{\"@type\":\"ListItem\",\"position\":2,\"name\":\"Shop\",\"item\":\"https:\/\/k-time.it\/en\/negozio\/\"},{\"@type\":\"ListItem\",\"position\":3,\"name\":\"Glam | Dubai &#8211; Cire Mate\"}]},{\"@type\":\"WebSite\",\"@id\":\"https:\/\/k-time.it\/en\/#website\",\"url\":\"https:\/\/k-time.it\/en\/\",\"name\":\"K-time\",\"description\":\"Hair Spa Treatments\",\"publisher\":{\"@id\":\"https:\/\/k-time.it\/en\/#organization\"},\"potentialAction\":[{\"@type\":\"SearchAction\",\"target\":{\"@type\":\"EntryPoint\",\"urlTemplate\":\"https:\/\/k-time.it\/en\/?s={search_term_string}\"},\"query-input\":{\"@type\":\"PropertyValueSpecification\",\"valueRequired\":true,\"valueName\":\"search_term_string\"}}],\"inLanguage\":\"fr-FR\"},{\"@type\":\"Organization\",\"@id\":\"https:\/\/k-time.it\/en\/#organization\",\"name\":\"K-time\",\"url\":\"https:\/\/k-time.it\/en\/\",\"logo\":{\"@type\":\"ImageObject\",\"inLanguage\":\"fr-FR\",\"@id\":\"https:\/\/k-time.it\/en\/#\/schema\/logo\/image\/\",\"url\":\"\",\"contentUrl\":\"\",\"caption\":\"K-time\"},\"image\":{\"@id\":\"https:\/\/k-time.it\/en\/#\/schema\/logo\/image\/\"}}]}<\/script>\n<!-- \/ Yoast SEO plugin. -->","yoast_head_json":{"title":"Glam | Dubai - Cire Mate - K-time","description":"Glam Matt Wax Dubai est la cire mate qui enveloppe les cheveux pour un effet incroyable et naturel.","robots":{"index":"index","follow":"follow","max-snippet":"max-snippet:-1","max-image-preview":"max-image-preview:large","max-video-preview":"max-video-preview:-1"},"canonical":"https:\/\/k-time.it\/products\/finish-styling\/glam-matt-wax-dubai-cera-opaca\/","og_locale":"fr_FR","og_type":"article","og_title":"Glam | Dubai - Cire Mate - K-time","og_description":"Glam Matt Wax Dubai est la cire mate qui enveloppe les cheveux pour un effet incroyable et naturel.","og_url":"https:\/\/k-time.it\/products\/finish-styling\/glam-matt-wax-dubai-cera-opaca\/","og_site_name":"K-time","article_modified_time":"2021-05-25T16:43:33+00:00","og_image":[{"width":600,"height":600,"url":"https:\/\/k-time.it\/wp-content\/uploads\/2020\/07\/23006_k-time_glam_dubai_matt-wax_90ml-1.png","type":"image\/png"}],"twitter_card":"summary_large_image","twitter_misc":{"Dur\u00e9e de lecture estim\u00e9e":"1 minute"},"schema":{"@context":"https:\/\/schema.org","@graph":[{"@type":"WebPage","@id":"https:\/\/k-time.it\/products\/finish-styling\/glam-matt-wax-dubai-cera-opaca\/","url":"https:\/\/k-time.it\/products\/finish-styling\/glam-matt-wax-dubai-cera-opaca\/","name":"Glam | Dubai - Cire Mate - K-time","isPartOf":{"@id":"https:\/\/k-time.it\/en\/#website"},"primaryImageOfPage":{"@id":"https:\/\/k-time.it\/products\/finish-styling\/glam-matt-wax-dubai-cera-opaca\/#primaryimage"},"image":{"@id":"https:\/\/k-time.it\/products\/finish-styling\/glam-matt-wax-dubai-cera-opaca\/#primaryimage"},"thumbnailUrl":"https:\/\/k-time.it\/wp-content\/uploads\/2020\/07\/23006_k-time_glam_dubai_matt-wax_90ml-1.png","datePublished":"2020-06-25T14:46:02+00:00","dateModified":"2021-05-25T16:43:33+00:00","description":"Glam Matt Wax Dubai est la cire mate qui enveloppe les cheveux pour un effet incroyable et naturel.","breadcrumb":{"@id":"https:\/\/k-time.it\/products\/finish-styling\/glam-matt-wax-dubai-cera-opaca\/#breadcrumb"},"inLanguage":"fr-FR","potentialAction":[{"@type":"ReadAction","target":["https:\/\/k-time.it\/products\/finish-styling\/glam-matt-wax-dubai-cera-opaca\/"]}]},{"@type":"ImageObject","inLanguage":"fr-FR","@id":"https:\/\/k-time.it\/products\/finish-styling\/glam-matt-wax-dubai-cera-opaca\/#primaryimage","url":"https:\/\/k-time.it\/wp-content\/uploads\/2020\/07\/23006_k-time_glam_dubai_matt-wax_90ml-1.png","contentUrl":"https:\/\/k-time.it\/wp-content\/uploads\/2020\/07\/23006_k-time_glam_dubai_matt-wax_90ml-1.png","width":600,"height":600,"caption":"Glam | Matt Wax Dubai - Cera opaca"},{"@type":"BreadcrumbList","@id":"https:\/\/k-time.it\/products\/finish-styling\/glam-matt-wax-dubai-cera-opaca\/#breadcrumb","itemListElement":[{"@type":"ListItem","position":1,"name":"Home","item":"https:\/\/k-time.it\/fr\/"},{"@type":"ListItem","position":2,"name":"Shop","item":"https:\/\/k-time.it\/en\/negozio\/"},{"@type":"ListItem","position":3,"name":"Glam | Dubai &#8211; Cire Mate"}]},{"@type":"WebSite","@id":"https:\/\/k-time.it\/en\/#website","url":"https:\/\/k-time.it\/en\/","name":"K-time","description":"Hair Spa Treatments","publisher":{"@id":"https:\/\/k-time.it\/en\/#organization"},"potentialAction":[{"@type":"SearchAction","target":{"@type":"EntryPoint","urlTemplate":"https:\/\/k-time.it\/en\/?s={search_term_string}"},"query-input":{"@type":"PropertyValueSpecification","valueRequired":true,"valueName":"search_term_string"}}],"inLanguage":"fr-FR"},{"@type":"Organization","@id":"https:\/\/k-time.it\/en\/#organization","name":"K-time","url":"https:\/\/k-time.it\/en\/","logo":{"@type":"ImageObject","inLanguage":"fr-FR","@id":"https:\/\/k-time.it\/en\/#\/schema\/logo\/image\/","url":"","contentUrl":"","caption":"K-time"},"image":{"@id":"https:\/\/k-time.it\/en\/#\/schema\/logo\/image\/"}}]}},"_links":{"self":[{"href":"https:\/\/k-time.it\/fr\/wp-json\/wp\/v2\/product\/13645","targetHints":{"allow":["GET"]}}],"collection":[{"href":"https:\/\/k-time.it\/fr\/wp-json\/wp\/v2\/product"}],"about":[{"href":"https:\/\/k-time.it\/fr\/wp-json\/wp\/v2\/types\/product"}],"wp:featuredmedia":[{"embeddable":true,"href":"https:\/\/k-time.it\/fr\/wp-json\/wp\/v2\/media\/17926"}],"wp:attachment":[{"href":"https:\/\/k-time.it\/fr\/wp-json\/wp\/v2\/media?parent=13645"}],"wp:term":[{"taxonomy":"product_brand","embeddable":true,"href":"https:\/\/k-time.it\/fr\/wp-json\/wp\/v2\/product_brand?post=13645"},{"taxonomy":"product_cat","embeddable":true,"href":"https:\/\/k-time.it\/fr\/wp-json\/wp\/v2\/product_cat?post=13645"},{"taxonomy":"product_tag","embeddable":true,"href":"https:\/\/k-time.it\/fr\/wp-json\/wp\/v2\/product_tag?post=13645"}],"curies":[{"name":"wp","href":"https:\/\/api.w.org\/{rel}","templated":true}]}}