{"id":13469,"date":"2020-06-25T16:46:21","date_gmt":"2020-06-25T14:46:21","guid":{"rendered":"https:\/\/k-time.it\/products\/non%20class\u00e9\/argan-delight-aceite-delicado-alta-ligereza-cabello-fino\/"},"modified":"2021-05-22T15:03:17","modified_gmt":"2021-05-22T13:03:17","slug":"huile-haute-legerete","status":"publish","type":"product","link":"https:\/\/k-time.it\/fr\/products\/treatments\/argan-time\/huile-haute-legerete\/","title":{"rendered":"Argan | Delight &#8211; Huile Haute L\u00e9g\u00e8ret\u00e9 &#8211; Cheveux fins"},"content":{"rendered":"<div class=\"wpb-content-wrapper\"><p>[vc_row disable_element=\u00a0\u00bbyes\u00a0\u00bb][vc_column]<div class=\"ult_exp_section_layer ult-adjust-bottom-margin  \" >\n\t\t<div id=\"uvc-exp-wrap-8855\" role=\"button\" tabindex=\"0\" aria-pressed=\"false\"  data-ultimate-target='#uvc-exp-wrap-8855'  data-responsive-json-new='{\"font-size\":\"desktop:16px;\",\"line-height\":\"desktop:20px;\"}'  class=\"ult_exp_section  ult-responsive \" style=\"color:#ffffff;background-color:#877650; font-weight:normal; padding-top:4px;padding-right:7px;padding-bottom:4px;padding-left:4px;text-align:center;\" data-textcolor=\"#ffffff\"data-texthover=\"#ffffff\"data-icncolor=\"#ffffff\"data-ihover=\"#ffffff\"data-height=\"0\"data-cntbg=\"#877650\"data-cnthvrbg=\"#877650\"data-headerbg=\"#877650\"data-headerhover=\"#877650\"data-title=\"Comment acheter\"data-newtitle=\"Demander infos d&#039;achat\"data-icon=\"icomoon-the7-font-icon-cart-detailed\"data-newicon=\"icomoon-the7-font-the7-mail-011\"data-activeicon=\"#ffffff\"data-effect=\"slideToggle\"data-override=\"0\"data-activetitle=\"#ffffff\"data-activebg=\"#877650\"data-img=\"\"data-newimg=\"\"><div class=\"ult_exp_section-main ult_expleft_icon\">\t<div class=\"ult-just-icon-wrapper ult_exp_icon\">\n\t\t\t\t\t<div class=\"align-icon \">\n\t\t\t\t\t\t\n<span class=\"aio-icon  none  ult_expsection_icon \"  style=\"color:#ffffff;font-size:20px;\">\n\t<i class=\"icomoon-the7-font-icon-cart-detailed ult_ex_icon\"  ><\/i>\n<\/span>\n\t\t\t\t\t<\/div>\n\t\t\t\t<\/div>\n\t\t\t\t<div class=\"ult_expheader\" >Comment acheter\n\t\t\t\t<\/div>\n\t\t\t<\/div>\n\t\t<\/div><div class=\"ult_exp_content \" style=\"background-color:#ffffff;  \"><div class=\"ult_ecpsub_cont\" style=\" \" >\n<div class=\"wpcf7 no-js\" id=\"wpcf7-f15157-o1\" lang=\"fr-FR\" dir=\"ltr\" data-wpcf7-id=\"15157\">\n<div class=\"screen-reader-response\"><p role=\"status\" aria-live=\"polite\" aria-atomic=\"true\"><\/p> <ul><\/ul><\/div>\n<form action=\"\/fr\/wp-json\/wp\/v2\/product\/13469#wpcf7-f15157-o1\" method=\"post\" class=\"wpcf7-form init\" aria-label=\"Formulaire de contact\" novalidate=\"novalidate\" data-status=\"init\">\n<fieldset class=\"hidden-fields-container\"><input type=\"hidden\" name=\"_wpcf7\" value=\"15157\" \/><input type=\"hidden\" name=\"_wpcf7_version\" value=\"6.1.4\" \/><input type=\"hidden\" name=\"_wpcf7_locale\" value=\"fr_FR\" \/><input type=\"hidden\" name=\"_wpcf7_unit_tag\" value=\"wpcf7-f15157-o1\" \/><input type=\"hidden\" name=\"_wpcf7_container_post\" value=\"0\" \/><input type=\"hidden\" name=\"_wpcf7_posted_data_hash\" value=\"\" \/><input type=\"hidden\" name=\"_wpcf7_recaptcha_response\" value=\"\" \/>\n<\/fieldset>\n<p>Pr\u00e9nom\/Nom de famille*\n<\/p>\n<p><span class=\"wpcf7-form-control-wrap\" data-name=\"your-name\"><input size=\"40\" maxlength=\"400\" class=\"wpcf7-form-control wpcf7-text wpcf7-validates-as-required\" aria-required=\"true\" aria-invalid=\"false\" value=\"\" type=\"text\" name=\"your-name\" \/><\/span>\n<\/p>\n<p>Email*\n<\/p>\n<p><span class=\"wpcf7-form-control-wrap\" data-name=\"your-email\"><input size=\"40\" maxlength=\"400\" class=\"wpcf7-form-control wpcf7-email wpcf7-validates-as-required wpcf7-text wpcf7-validates-as-email\" aria-required=\"true\" aria-invalid=\"false\" value=\"\" type=\"email\" name=\"your-email\" \/><\/span>\n<\/p>\n<p>Status*\n<\/p>\n<p><span class=\"wpcf7-form-control-wrap\" data-name=\"status\"><span class=\"wpcf7-form-control wpcf7-checkbox wpcf7-validates-as-required wpcf7-exclusive-checkbox\"><span class=\"wpcf7-list-item first\"><span class=\"wpcf7-list-item-label\">Coiffeur<\/span><input type=\"checkbox\" name=\"status\" value=\"Coiffeur\" \/><\/span><span class=\"wpcf7-list-item\"><span class=\"wpcf7-list-item-label\">Distributeur<\/span><input type=\"checkbox\" name=\"status\" value=\"Distributeur\" \/><\/span><span class=\"wpcf7-list-item last\"><span class=\"wpcf7-list-item-label\">Autre<\/span><input type=\"checkbox\" name=\"status\" value=\"Autre\" \/><\/span><\/span><\/span>\n<\/p>\n<p>Pays*\n<\/p>\n<p><span class=\"wpcf7-form-control-wrap\" data-name=\"country\"><input size=\"40\" maxlength=\"400\" class=\"wpcf7-form-control wpcf7-text wpcf7-validates-as-required\" aria-required=\"true\" aria-invalid=\"false\" value=\"\" type=\"text\" name=\"country\" \/><\/span>\n<\/p>\n<p>Message*\n<\/p>\n<p><span class=\"wpcf7-form-control-wrap\" data-name=\"your-message\"><textarea cols=\"40\" rows=\"10\" maxlength=\"2000\" class=\"wpcf7-form-control wpcf7-textarea wpcf7-validates-as-required\" aria-required=\"true\" aria-invalid=\"false\" name=\"your-message\"><\/textarea><\/span>\n<\/p>\n<p><span class=\"wpcf7-form-control-wrap\" data-name=\"acceptance-20\"><span class=\"wpcf7-form-control wpcf7-acceptance\"><span class=\"wpcf7-list-item\"><input type=\"checkbox\" name=\"acceptance-20\" value=\"1\" aria-invalid=\"false\" \/><\/span><\/span><\/span> I express my informed, specific and unconditional consent for the company Comprof Milano Srl to proceed with the processing of my personal data to process the requests for information transmitted, as better described in the <a href=\"https:\/\/k-time.it\/fr\/privacy-policy\/\" target=\"_blank\" rel=\"noopener\">Privacy Policy<\/a>*\n<\/p>\n<p><small> Ce site est prot\u00e9g\u00e9 par Google reCAPTCHA <a href=\"https:\/\/policies.google.com\/privacy\"> Politique de confidentialit\u00e9 <\/a> et <a href = \"https:\/\/policies.google.com\/ termes \"> Conditions d'utilisation <\/a>. <\/small>\n<\/p>\n<p><input class=\"wpcf7-form-control wpcf7-submit has-spinner\" type=\"submit\" value=\"Envoyer\" \/>\n<\/p><div class=\"wpcf7-response-output\" aria-hidden=\"true\"><\/div>\n<\/form>\n<\/div>\n<\/div><\/div>\n\n\t\t\t<\/div>[\/vc_column][\/vc_row][vc_row][vc_column width=\u00a0\u00bb1\/2&Prime;]<div class=\"standard-arrow list-divider bullet-top\"><h2>Formulation<\/h2>\n<div id=\"tab-altre-info\">\n<ul>\n<li><strong>Huile d\u2019Argan<\/strong>: combat les cheveux secs et fins, gr\u00e2ce \u00e0 \u00a0ses propri\u00e9t\u00e9s \u00e9mollientes et hydratantes exceptionnelles<\/li>\n<li><strong>Huile de Lin<\/strong>: riche en acide linol\u00e9ique, aide \u00e0 r\u00e9guler l\u2019hydratation cutan\u00e9e et exerce une action \u00e9lastifiante<\/li>\n<li><strong>Huile de Jojoba<\/strong>: d\u00e9veloppe une action s\u00e9bo\u00e9quilibrante et r\u00e9tablit l\u2019\u00e9quilibre hydrique des follicules pileux<\/li>\n<li><strong>Huile d\u2019Avocat<\/strong>: r\u00e9g\u00e9n\u00e8re les cellules pileuses, hydrate et nourrit le cuir chevelu<\/li>\n<\/ul>\n<\/div>\n<\/div>[\/vc_column][vc_column width=\u00a0\u00bb1\/2&Prime;]<div class=\"standard-arrow list-divider bullet-top\"><h2>Avantages<\/h2>\n<div id=\"tab-benefits\">\n<ul>\n<li>Donne une brillance extr\u00eame \u00e0 la chevelure<\/li>\n<li>Hydrate et nourrit en profondeur<\/li>\n<li>Sublime la beaut\u00e9 de la chevelure<\/li>\n<li>Riche en principes actifs<\/li>\n<li>Apporte du soyeux, du volume et de la souplesse<\/li>\n<\/ul>\n<\/div>\n<\/div>[\/vc_column][\/vc_row][vc_row css=\u00a0\u00bb.vc_custom_1595341818903{padding-top: 50px !important;}\u00a0\u00bb][vc_column]<div class=\"dt-fancy-separator h2-size style-thick\" style=\"width: 100%;\"><div class=\"dt-fancy-title\" style=\"color: #333333;\"><span class=\"separator-holder separator-left\" style=\"border-color: #f0f0f0;\"><\/span>Produits apparent\u00e9s<span class=\"separator-holder separator-right\" style=\"border-color: #f0f0f0;\"><\/span><\/div><\/div>[vc_raw_html]JTVCd3BiLXByb2R1Y3Qtc2xpZGVyLXNob3J0Y29kZSUyMGlkJTNEJTIyNzc5JTIyJTVE[\/vc_raw_html][\/vc_column][\/vc_row]<\/p>\n<\/div>","protected":false},"excerpt":{"rendered":"<div class=\"woocommerce-product-details__short-description\"><strong>L\u2019huile haute l\u00e9g\u00e8ret\u00e9<\/strong> De Light contient une formule riche en [glossary_exclude]<strong>Huile d\u2019Argan, Huile de Lin, Huile de Jojoba<\/strong> et <strong>Huile d\u2019Avocat<\/strong>[\/glossary_exclude].<\/div>\n<div class=\"woocommerce-product-details__short-description\">Le m\u00e9lange d\u2019huiles, en synergie avec les filtres sp\u00e9ciaux UV, apporte une incroyable <strong>brillance et un reflet intense<\/strong> aux cheveux. \u00c9lixir de beaut\u00e9, cette huile permet d\u2019offrir \u00e0 vos clientes une chevelure soyeuse de r\u00eave et \u00e0 la vitalit\u00e9 retrouv\u00e9e.<\/div>\n<div class=\"woocommerce-product-details__short-description\">L\u2019huile haute l\u00e9g\u00e8ret\u00e9 cr\u00e9\u00e9e par les laboratoires K-time<strong> ne graisse pas et n\u2019alourdit pas<\/strong> la chevelure tout en offrant brillance et protection avec seulement quelques gouttes de produit.<br \/>\nUsage professionnel<\/div>\n<div class=\"woocommerce-product-details__short-description\">\n<p>Format 100 ml<\/p>\n<\/div>\n<p>&nbsp;<\/p>\n<p>[vc_row][vc_column][ultimate_exp_section title=\" Comment acheter\" new_title=\"Demander infos d'achat\" text_color=\"#ffffff\" background_color=\"#877650\" text_hovercolor=\"#ffffff\" bghovercolor=\"#877650\" title_active=\"#ffffff\" title_active_bg=\"#877650\" cnt_bg_color=\"#ffffff\" icon=\"icomoon-the7-font-icon-cart-detailed\" new_icon=\"icomoon-the7-font-the7-mail-011\" icon_align=\"left\" icon_size=\"20\" icon_color=\"#ffffff\" icon_hover_color=\"#ffffff\" icon_active_color=\"#ffffff\" title_font_size=\"desktop:16px;\" title_padding=\"padding-top:4px;padding-right:7px;padding-bottom:4px;padding-left:4px;\" icon_margin=\"margin-right:1px;\"][contact-form-7 id=\"496\"][\/ultimate_exp_section][\/vc_column][\/vc_row]<\/p>\n","protected":false},"featured_media":26454,"template":"","meta":[],"product_brand":[],"product_cat":[489,2070],"product_tag":[],"class_list":{"0":"post-13469","1":"product","2":"type-product","3":"status-publish","4":"has-post-thumbnail","6":"product_cat-treatments","7":"product_cat-argan-time","8":"description-off","10":"first","11":"instock","12":"shipping-taxable","13":"product-type-simple"},"yoast_head":"<!-- This site is optimized with the Yoast SEO plugin v26.8 - https:\/\/yoast.com\/product\/yoast-seo-wordpress\/ -->\n<title>Argan | Delight - Huile Haute L\u00e9g\u00e8ret\u00e9 - Cheveux fins - K-time<\/title>\n<meta name=\"description\" content=\"L\u2019huile haute l\u00e9g\u00e8ret\u00e9 De Light Argan contient une formule riche en Huile d\u2019Argan, Huile de Lin, Huile de Jojoba et Huile d\u2019Avocat.\" \/>\n<meta name=\"robots\" content=\"index, follow, max-snippet:-1, max-image-preview:large, max-video-preview:-1\" \/>\n<link rel=\"canonical\" href=\"https:\/\/k-time.it\/fr\/products\/treatments\/argan-time\/huile-haute-legerete\/\" \/>\n<meta property=\"og:locale\" content=\"fr_FR\" \/>\n<meta property=\"og:type\" content=\"article\" \/>\n<meta property=\"og:title\" content=\"Argan | Delight - Huile Haute L\u00e9g\u00e8ret\u00e9 - Cheveux fins - K-time\" \/>\n<meta property=\"og:description\" content=\"L\u2019huile haute l\u00e9g\u00e8ret\u00e9 De Light Argan contient une formule riche en Huile d\u2019Argan, Huile de Lin, Huile de Jojoba et Huile d\u2019Avocat.\" \/>\n<meta property=\"og:url\" content=\"https:\/\/k-time.it\/fr\/products\/treatments\/argan-time\/huile-haute-legerete\/\" \/>\n<meta property=\"og:site_name\" content=\"K-time\" \/>\n<meta property=\"article:modified_time\" content=\"2021-05-22T13:03:17+00:00\" \/>\n<meta property=\"og:image\" content=\"https:\/\/k-time.it\/wp-content\/uploads\/2025\/07\/22054_k-time_argan_time_de_light_high_lightness_oil_100ml.png\" \/>\n\t<meta property=\"og:image:width\" content=\"600\" \/>\n\t<meta property=\"og:image:height\" content=\"600\" \/>\n\t<meta property=\"og:image:type\" content=\"image\/png\" \/>\n<meta name=\"twitter:card\" content=\"summary_large_image\" \/>\n<meta name=\"twitter:label1\" content=\"Dur\u00e9e de lecture estim\u00e9e\" \/>\n\t<meta name=\"twitter:data1\" content=\"1 minute\" \/>\n<script type=\"application\/ld+json\" class=\"yoast-schema-graph\">{\"@context\":\"https:\/\/schema.org\",\"@graph\":[{\"@type\":\"WebPage\",\"@id\":\"https:\/\/k-time.it\/fr\/products\/treatments\/argan-time\/huile-haute-legerete\/\",\"url\":\"https:\/\/k-time.it\/fr\/products\/treatments\/argan-time\/huile-haute-legerete\/\",\"name\":\"Argan | Delight - Huile Haute L\u00e9g\u00e8ret\u00e9 - Cheveux fins - K-time\",\"isPartOf\":{\"@id\":\"https:\/\/k-time.it\/en\/#website\"},\"primaryImageOfPage\":{\"@id\":\"https:\/\/k-time.it\/fr\/products\/treatments\/argan-time\/huile-haute-legerete\/#primaryimage\"},\"image\":{\"@id\":\"https:\/\/k-time.it\/fr\/products\/treatments\/argan-time\/huile-haute-legerete\/#primaryimage\"},\"thumbnailUrl\":\"https:\/\/k-time.it\/wp-content\/uploads\/2025\/07\/22054_k-time_argan_time_de_light_high_lightness_oil_100ml.png\",\"datePublished\":\"2020-06-25T14:46:21+00:00\",\"dateModified\":\"2021-05-22T13:03:17+00:00\",\"description\":\"L\u2019huile haute l\u00e9g\u00e8ret\u00e9 De Light Argan contient une formule riche en Huile d\u2019Argan, Huile de Lin, Huile de Jojoba et Huile d\u2019Avocat.\",\"breadcrumb\":{\"@id\":\"https:\/\/k-time.it\/fr\/products\/treatments\/argan-time\/huile-haute-legerete\/#breadcrumb\"},\"inLanguage\":\"fr-FR\",\"potentialAction\":[{\"@type\":\"ReadAction\",\"target\":[\"https:\/\/k-time.it\/fr\/products\/treatments\/argan-time\/huile-haute-legerete\/\"]}]},{\"@type\":\"ImageObject\",\"inLanguage\":\"fr-FR\",\"@id\":\"https:\/\/k-time.it\/fr\/products\/treatments\/argan-time\/huile-haute-legerete\/#primaryimage\",\"url\":\"https:\/\/k-time.it\/wp-content\/uploads\/2025\/07\/22054_k-time_argan_time_de_light_high_lightness_oil_100ml.png\",\"contentUrl\":\"https:\/\/k-time.it\/wp-content\/uploads\/2025\/07\/22054_k-time_argan_time_de_light_high_lightness_oil_100ml.png\",\"width\":600,\"height\":600},{\"@type\":\"BreadcrumbList\",\"@id\":\"https:\/\/k-time.it\/fr\/products\/treatments\/argan-time\/huile-haute-legerete\/#breadcrumb\",\"itemListElement\":[{\"@type\":\"ListItem\",\"position\":1,\"name\":\"Home\",\"item\":\"https:\/\/k-time.it\/fr\/\"},{\"@type\":\"ListItem\",\"position\":2,\"name\":\"Shop\",\"item\":\"https:\/\/k-time.it\/en\/negozio\/\"},{\"@type\":\"ListItem\",\"position\":3,\"name\":\"Argan | Delight &#8211; Huile Haute L\u00e9g\u00e8ret\u00e9 &#8211; Cheveux fins\"}]},{\"@type\":\"WebSite\",\"@id\":\"https:\/\/k-time.it\/en\/#website\",\"url\":\"https:\/\/k-time.it\/en\/\",\"name\":\"K-time\",\"description\":\"Hair Spa Treatments\",\"publisher\":{\"@id\":\"https:\/\/k-time.it\/en\/#organization\"},\"potentialAction\":[{\"@type\":\"SearchAction\",\"target\":{\"@type\":\"EntryPoint\",\"urlTemplate\":\"https:\/\/k-time.it\/en\/?s={search_term_string}\"},\"query-input\":{\"@type\":\"PropertyValueSpecification\",\"valueRequired\":true,\"valueName\":\"search_term_string\"}}],\"inLanguage\":\"fr-FR\"},{\"@type\":\"Organization\",\"@id\":\"https:\/\/k-time.it\/en\/#organization\",\"name\":\"K-time\",\"url\":\"https:\/\/k-time.it\/en\/\",\"logo\":{\"@type\":\"ImageObject\",\"inLanguage\":\"fr-FR\",\"@id\":\"https:\/\/k-time.it\/en\/#\/schema\/logo\/image\/\",\"url\":\"\",\"contentUrl\":\"\",\"caption\":\"K-time\"},\"image\":{\"@id\":\"https:\/\/k-time.it\/en\/#\/schema\/logo\/image\/\"}}]}<\/script>\n<!-- \/ Yoast SEO plugin. -->","yoast_head_json":{"title":"Argan | Delight - Huile Haute L\u00e9g\u00e8ret\u00e9 - Cheveux fins - K-time","description":"L\u2019huile haute l\u00e9g\u00e8ret\u00e9 De Light Argan contient une formule riche en Huile d\u2019Argan, Huile de Lin, Huile de Jojoba et Huile d\u2019Avocat.","robots":{"index":"index","follow":"follow","max-snippet":"max-snippet:-1","max-image-preview":"max-image-preview:large","max-video-preview":"max-video-preview:-1"},"canonical":"https:\/\/k-time.it\/fr\/products\/treatments\/argan-time\/huile-haute-legerete\/","og_locale":"fr_FR","og_type":"article","og_title":"Argan | Delight - Huile Haute L\u00e9g\u00e8ret\u00e9 - Cheveux fins - K-time","og_description":"L\u2019huile haute l\u00e9g\u00e8ret\u00e9 De Light Argan contient une formule riche en Huile d\u2019Argan, Huile de Lin, Huile de Jojoba et Huile d\u2019Avocat.","og_url":"https:\/\/k-time.it\/fr\/products\/treatments\/argan-time\/huile-haute-legerete\/","og_site_name":"K-time","article_modified_time":"2021-05-22T13:03:17+00:00","og_image":[{"width":600,"height":600,"url":"https:\/\/k-time.it\/wp-content\/uploads\/2025\/07\/22054_k-time_argan_time_de_light_high_lightness_oil_100ml.png","type":"image\/png"}],"twitter_card":"summary_large_image","twitter_misc":{"Dur\u00e9e de lecture estim\u00e9e":"1 minute"},"schema":{"@context":"https:\/\/schema.org","@graph":[{"@type":"WebPage","@id":"https:\/\/k-time.it\/fr\/products\/treatments\/argan-time\/huile-haute-legerete\/","url":"https:\/\/k-time.it\/fr\/products\/treatments\/argan-time\/huile-haute-legerete\/","name":"Argan | Delight - Huile Haute L\u00e9g\u00e8ret\u00e9 - Cheveux fins - K-time","isPartOf":{"@id":"https:\/\/k-time.it\/en\/#website"},"primaryImageOfPage":{"@id":"https:\/\/k-time.it\/fr\/products\/treatments\/argan-time\/huile-haute-legerete\/#primaryimage"},"image":{"@id":"https:\/\/k-time.it\/fr\/products\/treatments\/argan-time\/huile-haute-legerete\/#primaryimage"},"thumbnailUrl":"https:\/\/k-time.it\/wp-content\/uploads\/2025\/07\/22054_k-time_argan_time_de_light_high_lightness_oil_100ml.png","datePublished":"2020-06-25T14:46:21+00:00","dateModified":"2021-05-22T13:03:17+00:00","description":"L\u2019huile haute l\u00e9g\u00e8ret\u00e9 De Light Argan contient une formule riche en Huile d\u2019Argan, Huile de Lin, Huile de Jojoba et Huile d\u2019Avocat.","breadcrumb":{"@id":"https:\/\/k-time.it\/fr\/products\/treatments\/argan-time\/huile-haute-legerete\/#breadcrumb"},"inLanguage":"fr-FR","potentialAction":[{"@type":"ReadAction","target":["https:\/\/k-time.it\/fr\/products\/treatments\/argan-time\/huile-haute-legerete\/"]}]},{"@type":"ImageObject","inLanguage":"fr-FR","@id":"https:\/\/k-time.it\/fr\/products\/treatments\/argan-time\/huile-haute-legerete\/#primaryimage","url":"https:\/\/k-time.it\/wp-content\/uploads\/2025\/07\/22054_k-time_argan_time_de_light_high_lightness_oil_100ml.png","contentUrl":"https:\/\/k-time.it\/wp-content\/uploads\/2025\/07\/22054_k-time_argan_time_de_light_high_lightness_oil_100ml.png","width":600,"height":600},{"@type":"BreadcrumbList","@id":"https:\/\/k-time.it\/fr\/products\/treatments\/argan-time\/huile-haute-legerete\/#breadcrumb","itemListElement":[{"@type":"ListItem","position":1,"name":"Home","item":"https:\/\/k-time.it\/fr\/"},{"@type":"ListItem","position":2,"name":"Shop","item":"https:\/\/k-time.it\/en\/negozio\/"},{"@type":"ListItem","position":3,"name":"Argan | Delight &#8211; Huile Haute L\u00e9g\u00e8ret\u00e9 &#8211; Cheveux fins"}]},{"@type":"WebSite","@id":"https:\/\/k-time.it\/en\/#website","url":"https:\/\/k-time.it\/en\/","name":"K-time","description":"Hair Spa Treatments","publisher":{"@id":"https:\/\/k-time.it\/en\/#organization"},"potentialAction":[{"@type":"SearchAction","target":{"@type":"EntryPoint","urlTemplate":"https:\/\/k-time.it\/en\/?s={search_term_string}"},"query-input":{"@type":"PropertyValueSpecification","valueRequired":true,"valueName":"search_term_string"}}],"inLanguage":"fr-FR"},{"@type":"Organization","@id":"https:\/\/k-time.it\/en\/#organization","name":"K-time","url":"https:\/\/k-time.it\/en\/","logo":{"@type":"ImageObject","inLanguage":"fr-FR","@id":"https:\/\/k-time.it\/en\/#\/schema\/logo\/image\/","url":"","contentUrl":"","caption":"K-time"},"image":{"@id":"https:\/\/k-time.it\/en\/#\/schema\/logo\/image\/"}}]}},"_links":{"self":[{"href":"https:\/\/k-time.it\/fr\/wp-json\/wp\/v2\/product\/13469","targetHints":{"allow":["GET"]}}],"collection":[{"href":"https:\/\/k-time.it\/fr\/wp-json\/wp\/v2\/product"}],"about":[{"href":"https:\/\/k-time.it\/fr\/wp-json\/wp\/v2\/types\/product"}],"wp:featuredmedia":[{"embeddable":true,"href":"https:\/\/k-time.it\/fr\/wp-json\/wp\/v2\/media\/26454"}],"wp:attachment":[{"href":"https:\/\/k-time.it\/fr\/wp-json\/wp\/v2\/media?parent=13469"}],"wp:term":[{"taxonomy":"product_brand","embeddable":true,"href":"https:\/\/k-time.it\/fr\/wp-json\/wp\/v2\/product_brand?post=13469"},{"taxonomy":"product_cat","embeddable":true,"href":"https:\/\/k-time.it\/fr\/wp-json\/wp\/v2\/product_cat?post=13469"},{"taxonomy":"product_tag","embeddable":true,"href":"https:\/\/k-time.it\/fr\/wp-json\/wp\/v2\/product_tag?post=13469"}],"curies":[{"name":"wp","href":"https:\/\/api.w.org\/{rel}","templated":true}]}}