{"id":13429,"date":"2020-06-25T16:46:21","date_gmt":"2020-06-25T14:46:21","guid":{"rendered":"https:\/\/k-time.it\/products\/non%20class\u00e9\/sinergia-de-aceites-esenciales-dermo-calmante\/"},"modified":"2021-05-22T14:16:57","modified_gmt":"2021-05-22T12:16:57","slug":"synergie-huiles-essentielles-derme-calmante","status":"publish","type":"product","link":"https:\/\/k-time.it\/fr\/products\/color-prodigy\/levia\/synergie-huiles-essentielles-derme-calmante\/","title":{"rendered":"Levia | Synergie d\u2019Huiles essentielles Derme-calmante"},"content":{"rendered":"<div class=\"wpb-content-wrapper\"><p>[vc_row disable_element=\u00a0\u00bbyes\u00a0\u00bb][vc_column]<div class=\"ult_exp_section_layer ult-adjust-bottom-margin  \" >\n\t\t<div id=\"uvc-exp-wrap-6988\" role=\"button\" tabindex=\"0\" aria-pressed=\"false\"  data-ultimate-target='#uvc-exp-wrap-6988'  data-responsive-json-new='{\"font-size\":\"desktop:16px;\",\"line-height\":\"desktop:20px;\"}'  class=\"ult_exp_section  ult-responsive \" style=\"color:#ffffff;background-color:#877650; font-weight:normal; padding-top:4px;padding-right:7px;padding-bottom:4px;padding-left:4px;text-align:center;\" data-textcolor=\"#ffffff\"data-texthover=\"#ffffff\"data-icncolor=\"#ffffff\"data-ihover=\"#ffffff\"data-height=\"0\"data-cntbg=\"#877650\"data-cnthvrbg=\"#877650\"data-headerbg=\"#877650\"data-headerhover=\"#877650\"data-title=\"Comment acheter\"data-newtitle=\"Demander infos d&#039;achat\"data-icon=\"icomoon-the7-font-icon-cart-detailed\"data-newicon=\"icomoon-the7-font-the7-mail-011\"data-activeicon=\"#ffffff\"data-effect=\"slideToggle\"data-override=\"0\"data-activetitle=\"#ffffff\"data-activebg=\"#877650\"data-img=\"\"data-newimg=\"\"><div class=\"ult_exp_section-main ult_expleft_icon\">\t<div class=\"ult-just-icon-wrapper ult_exp_icon\">\n\t\t\t\t\t<div class=\"align-icon \">\n\t\t\t\t\t\t\n<span class=\"aio-icon  none  ult_expsection_icon \"  style=\"color:#ffffff;font-size:20px;\">\n\t<i class=\"icomoon-the7-font-icon-cart-detailed ult_ex_icon\"  ><\/i>\n<\/span>\n\t\t\t\t\t<\/div>\n\t\t\t\t<\/div>\n\t\t\t\t<div class=\"ult_expheader\" >Comment acheter\n\t\t\t\t<\/div>\n\t\t\t<\/div>\n\t\t<\/div><div class=\"ult_exp_content \" style=\"background-color:#ffffff;  \"><div class=\"ult_ecpsub_cont\" style=\" \" >\n<div class=\"wpcf7 no-js\" id=\"wpcf7-f15157-o1\" lang=\"fr-FR\" dir=\"ltr\" data-wpcf7-id=\"15157\">\n<div class=\"screen-reader-response\"><p role=\"status\" aria-live=\"polite\" aria-atomic=\"true\"><\/p> <ul><\/ul><\/div>\n<form action=\"\/fr\/wp-json\/wp\/v2\/product\/13429#wpcf7-f15157-o1\" method=\"post\" class=\"wpcf7-form init\" aria-label=\"Formulaire de contact\" novalidate=\"novalidate\" data-status=\"init\">\n<fieldset class=\"hidden-fields-container\"><input type=\"hidden\" name=\"_wpcf7\" value=\"15157\" \/><input type=\"hidden\" name=\"_wpcf7_version\" value=\"6.1.4\" \/><input type=\"hidden\" name=\"_wpcf7_locale\" value=\"fr_FR\" \/><input type=\"hidden\" name=\"_wpcf7_unit_tag\" value=\"wpcf7-f15157-o1\" \/><input type=\"hidden\" name=\"_wpcf7_container_post\" value=\"0\" \/><input type=\"hidden\" name=\"_wpcf7_posted_data_hash\" value=\"\" \/><input type=\"hidden\" name=\"_wpcf7_recaptcha_response\" value=\"\" \/>\n<\/fieldset>\n<p>Pr\u00e9nom\/Nom de famille*\n<\/p>\n<p><span class=\"wpcf7-form-control-wrap\" data-name=\"your-name\"><input size=\"40\" maxlength=\"400\" class=\"wpcf7-form-control wpcf7-text wpcf7-validates-as-required\" aria-required=\"true\" aria-invalid=\"false\" value=\"\" type=\"text\" name=\"your-name\" \/><\/span>\n<\/p>\n<p>Email*\n<\/p>\n<p><span class=\"wpcf7-form-control-wrap\" data-name=\"your-email\"><input size=\"40\" maxlength=\"400\" class=\"wpcf7-form-control wpcf7-email wpcf7-validates-as-required wpcf7-text wpcf7-validates-as-email\" aria-required=\"true\" aria-invalid=\"false\" value=\"\" type=\"email\" name=\"your-email\" \/><\/span>\n<\/p>\n<p>Status*\n<\/p>\n<p><span class=\"wpcf7-form-control-wrap\" data-name=\"status\"><span class=\"wpcf7-form-control wpcf7-checkbox wpcf7-validates-as-required wpcf7-exclusive-checkbox\"><span class=\"wpcf7-list-item first\"><span class=\"wpcf7-list-item-label\">Coiffeur<\/span><input type=\"checkbox\" name=\"status\" value=\"Coiffeur\" \/><\/span><span class=\"wpcf7-list-item\"><span class=\"wpcf7-list-item-label\">Distributeur<\/span><input type=\"checkbox\" name=\"status\" value=\"Distributeur\" \/><\/span><span class=\"wpcf7-list-item last\"><span class=\"wpcf7-list-item-label\">Autre<\/span><input type=\"checkbox\" name=\"status\" value=\"Autre\" \/><\/span><\/span><\/span>\n<\/p>\n<p>Pays*\n<\/p>\n<p><span class=\"wpcf7-form-control-wrap\" data-name=\"country\"><input size=\"40\" maxlength=\"400\" class=\"wpcf7-form-control wpcf7-text wpcf7-validates-as-required\" aria-required=\"true\" aria-invalid=\"false\" value=\"\" type=\"text\" name=\"country\" \/><\/span>\n<\/p>\n<p>Message*\n<\/p>\n<p><span class=\"wpcf7-form-control-wrap\" data-name=\"your-message\"><textarea cols=\"40\" rows=\"10\" maxlength=\"2000\" class=\"wpcf7-form-control wpcf7-textarea wpcf7-validates-as-required\" aria-required=\"true\" aria-invalid=\"false\" name=\"your-message\"><\/textarea><\/span>\n<\/p>\n<p><span class=\"wpcf7-form-control-wrap\" data-name=\"acceptance-20\"><span class=\"wpcf7-form-control wpcf7-acceptance\"><span class=\"wpcf7-list-item\"><input type=\"checkbox\" name=\"acceptance-20\" value=\"1\" aria-invalid=\"false\" \/><\/span><\/span><\/span> I express my informed, specific and unconditional consent for the company Comprof Milano Srl to proceed with the processing of my personal data to process the requests for information transmitted, as better described in the <a href=\"https:\/\/k-time.it\/fr\/privacy-policy\/\" target=\"_blank\" rel=\"noopener\">Privacy Policy<\/a>*\n<\/p>\n<p><small> Ce site est prot\u00e9g\u00e9 par Google reCAPTCHA <a href=\"https:\/\/policies.google.com\/privacy\"> Politique de confidentialit\u00e9 <\/a> et <a href = \"https:\/\/policies.google.com\/ termes \"> Conditions d'utilisation <\/a>. <\/small>\n<\/p>\n<p><input class=\"wpcf7-form-control wpcf7-submit has-spinner\" type=\"submit\" value=\"Envoyer\" \/>\n<\/p><div class=\"wpcf7-response-output\" aria-hidden=\"true\"><\/div>\n<\/form>\n<\/div>\n<\/div><\/div>\n\n\t\t\t<\/div>[\/vc_column][\/vc_row][vc_row][vc_column width=\u00a0\u00bb1\/2&Prime;]<div class=\"standard-arrow list-divider bullet-top\"><h2>Formulation<\/h2>\n<div id=\"tab-altre-info\">\n<ul>\n<li><strong>Acide 18-B-glycyrrh\u00e9tinique<\/strong>: produit une action adoucissante, antirougeur et anti-inflammatoire<\/li>\n<li><strong>Huile essentielle de Menthe<\/strong>: tunifie la fibre, stimule le flux sanguin et purifie les cheveux gras<\/li>\n<li><strong>Huile essentielle de Myrte<\/strong>: balsamique, antibact\u00e9rienne, a une action astringente sur la peau grasse<\/li>\n<li><strong>Huile essentielle d\u2019Origan<\/strong>: garantit une action anti-inflammatoire et antiseptique<\/li>\n<li><strong>Huile essentielle de Cypr\u00e8s<\/strong>: tonifiante et balsamique, poss\u00e8de un parfum au pouvoir r\u00e9\u00e9quilibrant<\/li>\n<li><strong>Alfa Bisabolol<\/strong>: poss\u00e8de une action calmante et apaisante sur la peau<\/li>\n<li><strong>Eau d\u2019Hamam\u00e9lis<\/strong>: stimule le flux sanguin en activant la micro-circulation cutan\u00e9e et am\u00e9liore l\u2019\u00e9tat des cheveux \u00e0 tendance grasse<\/li>\n<\/ul>\n<\/div>\n<\/div>[\/vc_column][vc_column width=\u00a0\u00bb1\/2&Prime;]<div class=\"standard-arrow list-divider bullet-top\"><h2>Avantages<\/h2>\n<div id=\"tab-benefits\">\n<ul>\n<li>Am\u00e9liore l\u2019exp\u00e9rience de la coloration, en rendant le service de coloration plus protecteur<\/li>\n<li>Conditionne la fibre capillaire en la tonifiant et en la rendant davantage r\u00e9active \u00e0 la couleur<\/li>\n<li>R\u00e9tablit le juste \u00e9quilibre hydrolipidique de la peau<\/li>\n<li>Constitue une source d\u2019\u00e9nergie fondamentale pour un bon m\u00e9tabolisme cutan\u00e9<\/li>\n<li>Donne plus de brillance et rend la chevelure plus l\u00e9g\u00e8re et hydrat\u00e9e<\/li>\n<\/ul>\n<\/div>\n<\/div>[\/vc_column][\/vc_row][vc_row css=\u00a0\u00bb.vc_custom_1595317695114{padding-top: 50px !important;}\u00a0\u00bb][vc_column]<div class=\"dt-fancy-separator h2-size style-thick\" style=\"width: 100%;\"><div class=\"dt-fancy-title\" style=\"color: #333333;\"><span class=\"separator-holder separator-left\" style=\"border-color: #f0f0f0;\"><\/span>Produits apparent\u00e9s<span class=\"separator-holder separator-right\" style=\"border-color: #f0f0f0;\"><\/span><\/div><\/div>[vc_raw_html]JTVCd3BiLXByb2R1Y3Qtc2xpZGVyLXNob3J0Y29kZSUyMGlkJTNEJTIyNzcwJTIyJTVE[\/vc_raw_html][\/vc_column][\/vc_row]<\/p>\n<\/div>","protected":false},"excerpt":{"rendered":"<div class=\"woocommerce-product-details__short-description\"><strong>Levia<\/strong> est l\u2019innovant <strong>conditionneur adoucissant<\/strong> \u00e0 base d\u2019Huiles essentielles cr\u00e9\u00e9 par K-time, compos\u00e9 de remarquables propri\u00e9t\u00e9s apaisantes.<\/div>\n<div class=\"woocommerce-product-details__short-description\">Utilis\u00e9 pendant la coloration comme <strong>additif,<\/strong> Levia offre de<strong> multiples actions synergiques<\/strong> : il aide \u00e0 r\u00e9duire les irritations dues aux traitements chimiques (colorations et permanentes), prodiguant sur la peau ses indispensables vertus <strong>anti-rougeurs et r\u00e9\u00e9quilibrantes<\/strong>, tout en maintenant l\u2019effet de coloration.<\/div>\n<div class=\"woocommerce-product-details__short-description\">Le produit a \u00e9t\u00e9 \u00e9tudi\u00e9 pour \u00eatre utilis\u00e9 avec les <strong>colorations K-time<\/strong> (Free, Gel\u00e9e et 10 minuti) et avec <strong>le liquide ondulant et protecteur<\/strong> Relax.<\/div>\n<div><\/div>\n<div class=\"woocommerce-product-details__short-description\">\n<p>Usage professionnel<\/p>\n<p>Format 50 ml<\/p>\n<\/div>\n<p>&nbsp;<\/p>\n<p>[vc_row][vc_column][ultimate_exp_section title=\" Comment acheter\" new_title=\"Demander infos d'achat\" text_color=\"#ffffff\" background_color=\"#877650\" text_hovercolor=\"#ffffff\" bghovercolor=\"#877650\" title_active=\"#ffffff\" title_active_bg=\"#877650\" cnt_bg_color=\"#ffffff\" icon=\"icomoon-the7-font-icon-cart-detailed\" new_icon=\"icomoon-the7-font-the7-mail-011\" icon_align=\"left\" icon_size=\"20\" icon_color=\"#ffffff\" icon_hover_color=\"#ffffff\" icon_active_color=\"#ffffff\" title_font_size=\"desktop:16px;\" title_padding=\"padding-top:4px;padding-right:7px;padding-bottom:4px;padding-left:4px;\" icon_margin=\"margin-right:1px;\"][contact-form-7 id=\"496\"][\/ultimate_exp_section][\/vc_column][\/vc_row]<\/p>\n","protected":false},"featured_media":17800,"template":"","meta":[],"product_brand":[],"product_cat":[1391,2073],"product_tag":[],"class_list":{"0":"post-13429","1":"product","2":"type-product","3":"status-publish","4":"has-post-thumbnail","6":"product_cat-color-prodigy","7":"product_cat-levia","8":"description-off","10":"first","11":"instock","12":"shipping-taxable","13":"product-type-simple"},"yoast_head":"<!-- This site is optimized with the Yoast SEO plugin v26.8 - https:\/\/yoast.com\/product\/yoast-seo-wordpress\/ -->\n<title>Levia | Synergie d\u2019Huiles essentielles Derme-calmante - K-time<\/title>\n<meta name=\"description\" content=\"Levia est l\u2019innovant conditionneur adoucissant \u00e0 base d\u2019Huiles essentielles cr\u00e9\u00e9 par K-time, compos\u00e9 de remarquables propri\u00e9t\u00e9s apaisantes.\" \/>\n<meta name=\"robots\" content=\"index, follow, max-snippet:-1, max-image-preview:large, max-video-preview:-1\" \/>\n<link rel=\"canonical\" href=\"https:\/\/k-time.it\/fr\/products\/color-prodigy\/levia\/synergie-huiles-essentielles-derme-calmante\/\" \/>\n<meta property=\"og:locale\" content=\"fr_FR\" \/>\n<meta property=\"og:type\" content=\"article\" \/>\n<meta property=\"og:title\" content=\"Levia | Synergie d\u2019Huiles essentielles Derme-calmante - K-time\" \/>\n<meta property=\"og:description\" content=\"Levia est l\u2019innovant conditionneur adoucissant \u00e0 base d\u2019Huiles essentielles cr\u00e9\u00e9 par K-time, compos\u00e9 de remarquables propri\u00e9t\u00e9s apaisantes.\" \/>\n<meta property=\"og:url\" content=\"https:\/\/k-time.it\/fr\/products\/color-prodigy\/levia\/synergie-huiles-essentielles-derme-calmante\/\" \/>\n<meta property=\"og:site_name\" content=\"K-time\" \/>\n<meta property=\"article:modified_time\" content=\"2021-05-22T12:16:57+00:00\" \/>\n<meta property=\"og:image\" content=\"https:\/\/k-time.it\/wp-content\/uploads\/2020\/06\/21010_k-time_levia_dermo-calming_synergy_essential_oils_50ml.png\" \/>\n\t<meta property=\"og:image:width\" content=\"600\" \/>\n\t<meta property=\"og:image:height\" content=\"600\" \/>\n\t<meta property=\"og:image:type\" content=\"image\/png\" \/>\n<meta name=\"twitter:card\" content=\"summary_large_image\" \/>\n<meta name=\"twitter:label1\" content=\"Dur\u00e9e de lecture estim\u00e9e\" \/>\n\t<meta name=\"twitter:data1\" content=\"2 minutes\" \/>\n<script type=\"application\/ld+json\" class=\"yoast-schema-graph\">{\"@context\":\"https:\/\/schema.org\",\"@graph\":[{\"@type\":\"WebPage\",\"@id\":\"https:\/\/k-time.it\/fr\/products\/color-prodigy\/levia\/synergie-huiles-essentielles-derme-calmante\/\",\"url\":\"https:\/\/k-time.it\/fr\/products\/color-prodigy\/levia\/synergie-huiles-essentielles-derme-calmante\/\",\"name\":\"Levia | Synergie d\u2019Huiles essentielles Derme-calmante - K-time\",\"isPartOf\":{\"@id\":\"https:\/\/k-time.it\/en\/#website\"},\"primaryImageOfPage\":{\"@id\":\"https:\/\/k-time.it\/fr\/products\/color-prodigy\/levia\/synergie-huiles-essentielles-derme-calmante\/#primaryimage\"},\"image\":{\"@id\":\"https:\/\/k-time.it\/fr\/products\/color-prodigy\/levia\/synergie-huiles-essentielles-derme-calmante\/#primaryimage\"},\"thumbnailUrl\":\"https:\/\/k-time.it\/wp-content\/uploads\/2020\/06\/21010_k-time_levia_dermo-calming_synergy_essential_oils_50ml.png\",\"datePublished\":\"2020-06-25T14:46:21+00:00\",\"dateModified\":\"2021-05-22T12:16:57+00:00\",\"description\":\"Levia est l\u2019innovant conditionneur adoucissant \u00e0 base d\u2019Huiles essentielles cr\u00e9\u00e9 par K-time, compos\u00e9 de remarquables propri\u00e9t\u00e9s apaisantes.\",\"breadcrumb\":{\"@id\":\"https:\/\/k-time.it\/fr\/products\/color-prodigy\/levia\/synergie-huiles-essentielles-derme-calmante\/#breadcrumb\"},\"inLanguage\":\"fr-FR\",\"potentialAction\":[{\"@type\":\"ReadAction\",\"target\":[\"https:\/\/k-time.it\/fr\/products\/color-prodigy\/levia\/synergie-huiles-essentielles-derme-calmante\/\"]}]},{\"@type\":\"ImageObject\",\"inLanguage\":\"fr-FR\",\"@id\":\"https:\/\/k-time.it\/fr\/products\/color-prodigy\/levia\/synergie-huiles-essentielles-derme-calmante\/#primaryimage\",\"url\":\"https:\/\/k-time.it\/wp-content\/uploads\/2020\/06\/21010_k-time_levia_dermo-calming_synergy_essential_oils_50ml.png\",\"contentUrl\":\"https:\/\/k-time.it\/wp-content\/uploads\/2020\/06\/21010_k-time_levia_dermo-calming_synergy_essential_oils_50ml.png\",\"width\":600,\"height\":600,\"caption\":\"Levia | Sinergia di Oli essenziali dermo-calmante\"},{\"@type\":\"BreadcrumbList\",\"@id\":\"https:\/\/k-time.it\/fr\/products\/color-prodigy\/levia\/synergie-huiles-essentielles-derme-calmante\/#breadcrumb\",\"itemListElement\":[{\"@type\":\"ListItem\",\"position\":1,\"name\":\"Home\",\"item\":\"https:\/\/k-time.it\/fr\/\"},{\"@type\":\"ListItem\",\"position\":2,\"name\":\"Shop\",\"item\":\"https:\/\/k-time.it\/en\/negozio\/\"},{\"@type\":\"ListItem\",\"position\":3,\"name\":\"Levia | Synergie d\u2019Huiles essentielles Derme-calmante\"}]},{\"@type\":\"WebSite\",\"@id\":\"https:\/\/k-time.it\/en\/#website\",\"url\":\"https:\/\/k-time.it\/en\/\",\"name\":\"K-time\",\"description\":\"Hair Spa Treatments\",\"publisher\":{\"@id\":\"https:\/\/k-time.it\/en\/#organization\"},\"potentialAction\":[{\"@type\":\"SearchAction\",\"target\":{\"@type\":\"EntryPoint\",\"urlTemplate\":\"https:\/\/k-time.it\/en\/?s={search_term_string}\"},\"query-input\":{\"@type\":\"PropertyValueSpecification\",\"valueRequired\":true,\"valueName\":\"search_term_string\"}}],\"inLanguage\":\"fr-FR\"},{\"@type\":\"Organization\",\"@id\":\"https:\/\/k-time.it\/en\/#organization\",\"name\":\"K-time\",\"url\":\"https:\/\/k-time.it\/en\/\",\"logo\":{\"@type\":\"ImageObject\",\"inLanguage\":\"fr-FR\",\"@id\":\"https:\/\/k-time.it\/en\/#\/schema\/logo\/image\/\",\"url\":\"\",\"contentUrl\":\"\",\"caption\":\"K-time\"},\"image\":{\"@id\":\"https:\/\/k-time.it\/en\/#\/schema\/logo\/image\/\"}}]}<\/script>\n<!-- \/ Yoast SEO plugin. -->","yoast_head_json":{"title":"Levia | Synergie d\u2019Huiles essentielles Derme-calmante - K-time","description":"Levia est l\u2019innovant conditionneur adoucissant \u00e0 base d\u2019Huiles essentielles cr\u00e9\u00e9 par K-time, compos\u00e9 de remarquables propri\u00e9t\u00e9s apaisantes.","robots":{"index":"index","follow":"follow","max-snippet":"max-snippet:-1","max-image-preview":"max-image-preview:large","max-video-preview":"max-video-preview:-1"},"canonical":"https:\/\/k-time.it\/fr\/products\/color-prodigy\/levia\/synergie-huiles-essentielles-derme-calmante\/","og_locale":"fr_FR","og_type":"article","og_title":"Levia | Synergie d\u2019Huiles essentielles Derme-calmante - K-time","og_description":"Levia est l\u2019innovant conditionneur adoucissant \u00e0 base d\u2019Huiles essentielles cr\u00e9\u00e9 par K-time, compos\u00e9 de remarquables propri\u00e9t\u00e9s apaisantes.","og_url":"https:\/\/k-time.it\/fr\/products\/color-prodigy\/levia\/synergie-huiles-essentielles-derme-calmante\/","og_site_name":"K-time","article_modified_time":"2021-05-22T12:16:57+00:00","og_image":[{"width":600,"height":600,"url":"https:\/\/k-time.it\/wp-content\/uploads\/2020\/06\/21010_k-time_levia_dermo-calming_synergy_essential_oils_50ml.png","type":"image\/png"}],"twitter_card":"summary_large_image","twitter_misc":{"Dur\u00e9e de lecture estim\u00e9e":"2 minutes"},"schema":{"@context":"https:\/\/schema.org","@graph":[{"@type":"WebPage","@id":"https:\/\/k-time.it\/fr\/products\/color-prodigy\/levia\/synergie-huiles-essentielles-derme-calmante\/","url":"https:\/\/k-time.it\/fr\/products\/color-prodigy\/levia\/synergie-huiles-essentielles-derme-calmante\/","name":"Levia | Synergie d\u2019Huiles essentielles Derme-calmante - K-time","isPartOf":{"@id":"https:\/\/k-time.it\/en\/#website"},"primaryImageOfPage":{"@id":"https:\/\/k-time.it\/fr\/products\/color-prodigy\/levia\/synergie-huiles-essentielles-derme-calmante\/#primaryimage"},"image":{"@id":"https:\/\/k-time.it\/fr\/products\/color-prodigy\/levia\/synergie-huiles-essentielles-derme-calmante\/#primaryimage"},"thumbnailUrl":"https:\/\/k-time.it\/wp-content\/uploads\/2020\/06\/21010_k-time_levia_dermo-calming_synergy_essential_oils_50ml.png","datePublished":"2020-06-25T14:46:21+00:00","dateModified":"2021-05-22T12:16:57+00:00","description":"Levia est l\u2019innovant conditionneur adoucissant \u00e0 base d\u2019Huiles essentielles cr\u00e9\u00e9 par K-time, compos\u00e9 de remarquables propri\u00e9t\u00e9s apaisantes.","breadcrumb":{"@id":"https:\/\/k-time.it\/fr\/products\/color-prodigy\/levia\/synergie-huiles-essentielles-derme-calmante\/#breadcrumb"},"inLanguage":"fr-FR","potentialAction":[{"@type":"ReadAction","target":["https:\/\/k-time.it\/fr\/products\/color-prodigy\/levia\/synergie-huiles-essentielles-derme-calmante\/"]}]},{"@type":"ImageObject","inLanguage":"fr-FR","@id":"https:\/\/k-time.it\/fr\/products\/color-prodigy\/levia\/synergie-huiles-essentielles-derme-calmante\/#primaryimage","url":"https:\/\/k-time.it\/wp-content\/uploads\/2020\/06\/21010_k-time_levia_dermo-calming_synergy_essential_oils_50ml.png","contentUrl":"https:\/\/k-time.it\/wp-content\/uploads\/2020\/06\/21010_k-time_levia_dermo-calming_synergy_essential_oils_50ml.png","width":600,"height":600,"caption":"Levia | Sinergia di Oli essenziali dermo-calmante"},{"@type":"BreadcrumbList","@id":"https:\/\/k-time.it\/fr\/products\/color-prodigy\/levia\/synergie-huiles-essentielles-derme-calmante\/#breadcrumb","itemListElement":[{"@type":"ListItem","position":1,"name":"Home","item":"https:\/\/k-time.it\/fr\/"},{"@type":"ListItem","position":2,"name":"Shop","item":"https:\/\/k-time.it\/en\/negozio\/"},{"@type":"ListItem","position":3,"name":"Levia | Synergie d\u2019Huiles essentielles Derme-calmante"}]},{"@type":"WebSite","@id":"https:\/\/k-time.it\/en\/#website","url":"https:\/\/k-time.it\/en\/","name":"K-time","description":"Hair Spa Treatments","publisher":{"@id":"https:\/\/k-time.it\/en\/#organization"},"potentialAction":[{"@type":"SearchAction","target":{"@type":"EntryPoint","urlTemplate":"https:\/\/k-time.it\/en\/?s={search_term_string}"},"query-input":{"@type":"PropertyValueSpecification","valueRequired":true,"valueName":"search_term_string"}}],"inLanguage":"fr-FR"},{"@type":"Organization","@id":"https:\/\/k-time.it\/en\/#organization","name":"K-time","url":"https:\/\/k-time.it\/en\/","logo":{"@type":"ImageObject","inLanguage":"fr-FR","@id":"https:\/\/k-time.it\/en\/#\/schema\/logo\/image\/","url":"","contentUrl":"","caption":"K-time"},"image":{"@id":"https:\/\/k-time.it\/en\/#\/schema\/logo\/image\/"}}]}},"_links":{"self":[{"href":"https:\/\/k-time.it\/fr\/wp-json\/wp\/v2\/product\/13429","targetHints":{"allow":["GET"]}}],"collection":[{"href":"https:\/\/k-time.it\/fr\/wp-json\/wp\/v2\/product"}],"about":[{"href":"https:\/\/k-time.it\/fr\/wp-json\/wp\/v2\/types\/product"}],"wp:featuredmedia":[{"embeddable":true,"href":"https:\/\/k-time.it\/fr\/wp-json\/wp\/v2\/media\/17800"}],"wp:attachment":[{"href":"https:\/\/k-time.it\/fr\/wp-json\/wp\/v2\/media?parent=13429"}],"wp:term":[{"taxonomy":"product_brand","embeddable":true,"href":"https:\/\/k-time.it\/fr\/wp-json\/wp\/v2\/product_brand?post=13429"},{"taxonomy":"product_cat","embeddable":true,"href":"https:\/\/k-time.it\/fr\/wp-json\/wp\/v2\/product_cat?post=13429"},{"taxonomy":"product_tag","embeddable":true,"href":"https:\/\/k-time.it\/fr\/wp-json\/wp\/v2\/product_tag?post=13429"}],"curies":[{"name":"wp","href":"https:\/\/api.w.org\/{rel}","templated":true}]}}