{"id":12066,"date":"2020-06-25T16:46:47","date_gmt":"2020-06-25T14:46:47","guid":{"rendered":"https:\/\/k-time.it\/products\/non%20class\u00e9\/phibre-mascarilla-suavizante-iluminadora-home-treatment\/"},"modified":"2021-05-22T13:56:45","modified_gmt":"2021-05-22T11:56:45","slug":"masque-soyeux-illuminant-home-treatment","status":"publish","type":"product","link":"https:\/\/k-time.it\/fr\/products\/treatments\/phibre\/masque-soyeux-illuminant-home-treatment\/","title":{"rendered":"Phibre | Masque Soyeux Illuminant \u2013 Home Treatment"},"content":{"rendered":"<div class=\"wpb-content-wrapper\"><p>[vc_row disable_element=\u00a0\u00bbyes\u00a0\u00bb][vc_column]<div class=\"ult_exp_section_layer ult-adjust-bottom-margin  \" >\n\t\t<div id=\"uvc-exp-wrap-8248\" role=\"button\" tabindex=\"0\" aria-pressed=\"false\"  data-ultimate-target='#uvc-exp-wrap-8248'  data-responsive-json-new='{\"font-size\":\"desktop:16px;\",\"line-height\":\"desktop:20px;\"}'  class=\"ult_exp_section  ult-responsive \" style=\"color:#ffffff;background-color:#877650; font-weight:normal; padding-top:4px;padding-right:7px;padding-bottom:4px;padding-left:4px;text-align:center;\" data-textcolor=\"#ffffff\"data-texthover=\"#ffffff\"data-icncolor=\"#ffffff\"data-ihover=\"#ffffff\"data-height=\"0\"data-cntbg=\"#877650\"data-cnthvrbg=\"#877650\"data-headerbg=\"#877650\"data-headerhover=\"#877650\"data-title=\"Comment acheter\"data-newtitle=\"Demander infos d&#039;achat\"data-icon=\"icomoon-the7-font-icon-cart-detailed\"data-newicon=\"icomoon-the7-font-the7-mail-011\"data-activeicon=\"#ffffff\"data-effect=\"slideToggle\"data-override=\"0\"data-activetitle=\"#ffffff\"data-activebg=\"#877650\"data-img=\"\"data-newimg=\"\"><div class=\"ult_exp_section-main ult_expleft_icon\">\t<div class=\"ult-just-icon-wrapper ult_exp_icon\">\n\t\t\t\t\t<div class=\"align-icon \">\n\t\t\t\t\t\t\n<span class=\"aio-icon  none  ult_expsection_icon \"  style=\"color:#ffffff;font-size:20px;\">\n\t<i class=\"icomoon-the7-font-icon-cart-detailed ult_ex_icon\"  ><\/i>\n<\/span>\n\t\t\t\t\t<\/div>\n\t\t\t\t<\/div>\n\t\t\t\t<div class=\"ult_expheader\" >Comment acheter\n\t\t\t\t<\/div>\n\t\t\t<\/div>\n\t\t<\/div><div class=\"ult_exp_content \" style=\"background-color:#ffffff;  \"><div class=\"ult_ecpsub_cont\" style=\" \" >\n<div class=\"wpcf7 no-js\" id=\"wpcf7-f15157-o1\" lang=\"fr-FR\" dir=\"ltr\" data-wpcf7-id=\"15157\">\n<div class=\"screen-reader-response\"><p role=\"status\" aria-live=\"polite\" aria-atomic=\"true\"><\/p> <ul><\/ul><\/div>\n<form action=\"\/fr\/wp-json\/wp\/v2\/product\/12066#wpcf7-f15157-o1\" method=\"post\" class=\"wpcf7-form init\" aria-label=\"Formulaire de contact\" novalidate=\"novalidate\" data-status=\"init\">\n<fieldset class=\"hidden-fields-container\"><input type=\"hidden\" name=\"_wpcf7\" value=\"15157\" \/><input type=\"hidden\" name=\"_wpcf7_version\" value=\"6.1.4\" \/><input type=\"hidden\" name=\"_wpcf7_locale\" value=\"fr_FR\" \/><input type=\"hidden\" name=\"_wpcf7_unit_tag\" value=\"wpcf7-f15157-o1\" \/><input type=\"hidden\" name=\"_wpcf7_container_post\" value=\"0\" \/><input type=\"hidden\" name=\"_wpcf7_posted_data_hash\" value=\"\" \/><input type=\"hidden\" name=\"_wpcf7_recaptcha_response\" value=\"\" \/>\n<\/fieldset>\n<p>Pr\u00e9nom\/Nom de famille*\n<\/p>\n<p><span class=\"wpcf7-form-control-wrap\" data-name=\"your-name\"><input size=\"40\" maxlength=\"400\" class=\"wpcf7-form-control wpcf7-text wpcf7-validates-as-required\" aria-required=\"true\" aria-invalid=\"false\" value=\"\" type=\"text\" name=\"your-name\" \/><\/span>\n<\/p>\n<p>Email*\n<\/p>\n<p><span class=\"wpcf7-form-control-wrap\" data-name=\"your-email\"><input size=\"40\" maxlength=\"400\" class=\"wpcf7-form-control wpcf7-email wpcf7-validates-as-required wpcf7-text wpcf7-validates-as-email\" aria-required=\"true\" aria-invalid=\"false\" value=\"\" type=\"email\" name=\"your-email\" \/><\/span>\n<\/p>\n<p>Status*\n<\/p>\n<p><span class=\"wpcf7-form-control-wrap\" data-name=\"status\"><span class=\"wpcf7-form-control wpcf7-checkbox wpcf7-validates-as-required wpcf7-exclusive-checkbox\"><span class=\"wpcf7-list-item first\"><span class=\"wpcf7-list-item-label\">Coiffeur<\/span><input type=\"checkbox\" name=\"status\" value=\"Coiffeur\" \/><\/span><span class=\"wpcf7-list-item\"><span class=\"wpcf7-list-item-label\">Distributeur<\/span><input type=\"checkbox\" name=\"status\" value=\"Distributeur\" \/><\/span><span class=\"wpcf7-list-item last\"><span class=\"wpcf7-list-item-label\">Autre<\/span><input type=\"checkbox\" name=\"status\" value=\"Autre\" \/><\/span><\/span><\/span>\n<\/p>\n<p>Pays*\n<\/p>\n<p><span class=\"wpcf7-form-control-wrap\" data-name=\"country\"><input size=\"40\" maxlength=\"400\" class=\"wpcf7-form-control wpcf7-text wpcf7-validates-as-required\" aria-required=\"true\" aria-invalid=\"false\" value=\"\" type=\"text\" name=\"country\" \/><\/span>\n<\/p>\n<p>Message*\n<\/p>\n<p><span class=\"wpcf7-form-control-wrap\" data-name=\"your-message\"><textarea cols=\"40\" rows=\"10\" maxlength=\"2000\" class=\"wpcf7-form-control wpcf7-textarea wpcf7-validates-as-required\" aria-required=\"true\" aria-invalid=\"false\" name=\"your-message\"><\/textarea><\/span>\n<\/p>\n<p><span class=\"wpcf7-form-control-wrap\" data-name=\"acceptance-20\"><span class=\"wpcf7-form-control wpcf7-acceptance\"><span class=\"wpcf7-list-item\"><input type=\"checkbox\" name=\"acceptance-20\" value=\"1\" aria-invalid=\"false\" \/><\/span><\/span><\/span> I express my informed, specific and unconditional consent for the company Comprof Milano Srl to proceed with the processing of my personal data to process the requests for information transmitted, as better described in the <a href=\"https:\/\/k-time.it\/fr\/privacy-policy\/\" target=\"_blank\" rel=\"noopener\">Privacy Policy<\/a>*\n<\/p>\n<p><small> Ce site est prot\u00e9g\u00e9 par Google reCAPTCHA <a href=\"https:\/\/policies.google.com\/privacy\"> Politique de confidentialit\u00e9 <\/a> et <a href = \"https:\/\/policies.google.com\/ termes \"> Conditions d'utilisation <\/a>. <\/small>\n<\/p>\n<p><input class=\"wpcf7-form-control wpcf7-submit has-spinner\" type=\"submit\" value=\"Envoyer\" \/>\n<\/p><div class=\"wpcf7-response-output\" aria-hidden=\"true\"><\/div>\n<\/form>\n<\/div>\n<\/div><\/div>\n\n\t\t\t<\/div>[\/vc_column][\/vc_row][vc_row][vc_column width=\u00a0\u00bb1\/2&Prime;]<div class=\"standard-arrow list-divider bullet-top\"><h2>Formulation<\/h2>\n<ul>\n<li><strong>Phytok\u00e9ratine<\/strong>: elle favorise une action restructurante, \u00e0 la mani\u00e8re d\u2019un \u00ab enduit \u00bb reconstituant la mati\u00e8re insuffisante du cheveu<\/li>\n<li><strong>Thermo-prot\u00e9ine de S\u00e9same<\/strong>: elle apporte souplesse et \u00e9lasticit\u00e9 \u00e0 la tige, permet de maintenir une plus grande hydratation du cheveu et resserre la cuticule avec un effet longue dur\u00e9e<\/li>\n<\/ul>\n<\/div>[\/vc_column][vc_column width=\u00a0\u00bb1\/2&Prime;]<div class=\"standard-arrow list-divider bullet-top\"><h2>Avantages<\/h2>\n<div id=\"tab-benefits\">\n<div id=\"tab-benefits\">\n<div id=\"tab-benefits\">\n<div id=\"tab-benefits\">\n<div id=\"tab-benefits\">\n<div id=\"tab-benefits\">\n<ul>\n<li>Une souplesse et une brillance sans pr\u00e9c\u00e9dent pour les cheveux fatigu\u00e9s<\/li>\n<li>Prolonge les effets du soin<\/li>\n<li>Efficacit\u00e9 test\u00e9e *<\/li>\n<\/ul>\n<p>*L\u2019efficacit\u00e9 du soin est test\u00e9e in vivo dans des instituts universitaires italiens<\/p>\n<\/div>\n<\/div>\n<\/div>\n<\/div>\n<\/div>\n<\/div>\n<\/div>[\/vc_column][\/vc_row][vc_row css=\u00a0\u00bb.vc_custom_1595341806516{padding-top: 50px !important;}\u00a0\u00bb][vc_column]<div class=\"dt-fancy-separator h2-size style-thick\" style=\"width: 100%;\"><div class=\"dt-fancy-title\" style=\"color: #333333;\"><span class=\"separator-holder separator-left\" style=\"border-color: #f0f0f0;\"><\/span>Rituel<span class=\"separator-holder separator-right\" style=\"border-color: #f0f0f0;\"><\/span><\/div><\/div>[vc_row_inner][vc_column_inner width=\u00a0\u00bb1\/2&Prime;][vc_empty_space height=\u00a0\u00bb15px\u00a0\u00bb]<div class=\"standard-number-list list-divider bullet-top\"><ul>\n<li>\n<h5>Shampooing Restructurant Fibre Capillaire<\/h5>\n<p>Appliquez le shamopoing restructurant afin de d\u00e9barrasser le cheveu de ses impuret\u00e9s et le pr\u00e9parer au soin restructurant intensif. Massez d\u00e9licatement et rincez. R\u00e9p\u00e9tez l\u2019application si n\u00e9cessaire.<\/li>\n<li>\n<h5>Traitement Restructurant Intensif<\/h5>\n<p>Apr\u00e8s le shampooing, tamponnez bien les cheveux \u00e0 l\u2019aide d\u2019une serviette afin d\u2019\u00e9liminer l\u2019exc\u00e8s d\u2019eau, divisez la chevelure en plusieurs parties et \u00e0 l\u2019aide d\u2019un pinceau, appliquez le soin restructurant intensif sur les longueurs. Massez pour faire p\u00e9n\u00e9trer en profondeur les principes actifs. Laissez poser sous une source de chaleur suivant les conseils figurant dans le tableau d\u00e9di\u00e9 (voir ci-dessous). Rincez.<\/li>\n<li>\n<h5>Masque Soyeux Illuminant<\/h5>\n<p>Appliquez le masque effet soyeux illuminant sur cheveux mouill\u00e9s et laissez poser 3 \u00e0 5 minutes. Peignez et massez afin de bien r\u00e9partir le produit et le faire p\u00e9n\u00e9trer en profondeur. Rincez soigneuse-ment. Tamponnez et passez \u00e0 l\u2019\u00e9tape suivante.<\/li>\n<li>\n<h5>Spray Restructurant Scellant<strong><br \/>\n<\/strong><\/h5>\n<p>Vaporisez le spray restructurant reconstituant sur les cheveux, \u00e0 une distance de 20 \u00e0 30 cm. Ne rincez pas, proc\u00e9dez au s\u00e9chage Le spray peut \u00eatre utilis\u00e9 m\u00eame sur cheveux secs. Prolongez \u00e9galement \u00e0 domicile les effets de Phibre avec l\u2019Home Treatment.<\/li>\n<\/ul>\n<\/div>[\/vc_column_inner][vc_column_inner width=\u00a0\u00bb1\/2&Prime;][vc_empty_space height=\u00a0\u00bb15px\u00a0\u00bb][vc_column_text]Phibre est le soin restructurant innovant pour cheveux d\u00e9shydrat\u00e9s, ab\u00eem\u00e9s et stress\u00e9s. Il revitalise et pr\u00e9vient l\u2019apparition de fourches et le risque de casse.[\/vc_column_text][vc_video link=\u00a0\u00bbhttps:\/\/youtu.be\/JhMrIKVTAGc\u00a0\u00bb align=\u00a0\u00bbcenter\u00a0\u00bb][\/vc_column_inner][\/vc_row_inner][\/vc_column][\/vc_row][vc_row css=\u00a0\u00bb.vc_custom_1595341818903{padding-top: 50px !important;}\u00a0\u00bb][vc_column]<div class=\"dt-fancy-separator h2-size style-thick\" style=\"width: 100%;\"><div class=\"dt-fancy-title\" style=\"color: #333333;\"><span class=\"separator-holder separator-left\" style=\"border-color: #f0f0f0;\"><\/span>Produits apparent\u00e9s<span class=\"separator-holder separator-right\" style=\"border-color: #f0f0f0;\"><\/span><\/div><\/div>[vc_raw_html]JTIwJTVCd3BiLXByb2R1Y3Qtc2xpZGVyLXNob3J0Y29kZSUyMGlkJTNEJTIyMTM2NyUyMiU1RA==[\/vc_raw_html][\/vc_column][\/vc_row]<\/p>\n<\/div>","protected":false},"excerpt":{"rendered":"<div class=\"woocommerce-product-details__short-description\">\n<p>Prolongez les effets du <em>rituel <\/em>Phibre avec l\u2019Home Treatment.<\/p>\n<p>Souplesse, toucher soyeux et lumi\u00e8re nouvelle: le <strong>masque effet soyeux illuminant<\/strong> enveloppe les cheveux dans une \u00e9treinte de bien-\u00eatre.<\/p>\n<p>La synergie des <strong>principes actifs du [KRS]+ Complex<\/strong> prolonge les bienfaits du Salon Treatment Phibre: jour apr\u00e8s jour, la <strong>chevelure conserve son corps, sa brillance<\/strong> et son<strong> aspect soyeux<\/strong>.<\/p>\n<p>Format 250 ml<\/p>\n<\/div>\n<p>&nbsp;<\/p>\n<p>[vc_row][vc_column][ultimate_exp_section title=\" Comment acheter\" new_title=\"Demander infos d'achat\" text_color=\"#ffffff\" background_color=\"#877650\" text_hovercolor=\"#ffffff\" bghovercolor=\"#877650\" title_active=\"#ffffff\" title_active_bg=\"#877650\" cnt_bg_color=\"#ffffff\" icon=\"icomoon-the7-font-icon-cart-detailed\" new_icon=\"icomoon-the7-font-the7-mail-011\" icon_align=\"left\" icon_size=\"20\" icon_color=\"#ffffff\" icon_hover_color=\"#ffffff\" icon_active_color=\"#ffffff\" title_font_size=\"desktop:16px;\" title_padding=\"padding-top:4px;padding-right:7px;padding-bottom:4px;padding-left:4px;\" icon_margin=\"margin-right:1px;\"][contact-form-7 id=\"496\"][\/ultimate_exp_section][\/vc_column][\/vc_row]<\/p>\n","protected":false},"featured_media":18257,"template":"","meta":[],"product_brand":[],"product_cat":[489,490],"product_tag":[],"class_list":{"0":"post-12066","1":"product","2":"type-product","3":"status-publish","4":"has-post-thumbnail","6":"product_cat-treatments","7":"product_cat-phibre","8":"description-off","10":"first","11":"instock","12":"shipping-taxable","13":"product-type-simple"},"yoast_head":"<!-- This site is optimized with the Yoast SEO plugin v26.8 - https:\/\/yoast.com\/product\/yoast-seo-wordpress\/ -->\n<title>Phibre | Masque Soyeux Illuminant \u2013 Home Treatment - K-time<\/title>\n<meta name=\"description\" content=\"Le masque effet soyeux illuminant enveloppe les cheveux dans une \u00e9treinte de bien-\u00eatre.\" \/>\n<meta name=\"robots\" content=\"index, follow, max-snippet:-1, max-image-preview:large, max-video-preview:-1\" \/>\n<link rel=\"canonical\" href=\"https:\/\/k-time.it\/products\/treatments\/phibre\/phibre-maschera-setificante-illuminante-home-treatment\/\" \/>\n<meta property=\"og:locale\" content=\"fr_FR\" \/>\n<meta property=\"og:type\" content=\"article\" \/>\n<meta property=\"og:title\" content=\"Phibre | Masque Soyeux Illuminant \u2013 Home Treatment - K-time\" \/>\n<meta property=\"og:description\" content=\"Le masque effet soyeux illuminant enveloppe les cheveux dans une \u00e9treinte de bien-\u00eatre.\" \/>\n<meta property=\"og:url\" content=\"https:\/\/k-time.it\/products\/treatments\/phibre\/phibre-maschera-setificante-illuminante-home-treatment\/\" \/>\n<meta property=\"og:site_name\" content=\"K-time\" \/>\n<meta property=\"article:modified_time\" content=\"2021-05-22T11:56:45+00:00\" \/>\n<meta property=\"og:image\" content=\"https:\/\/k-time.it\/wp-content\/uploads\/2020\/07\/22093_k-time_phibre_radiance_silk_effect_mask_250ml-1.png\" \/>\n\t<meta property=\"og:image:width\" content=\"600\" \/>\n\t<meta property=\"og:image:height\" content=\"600\" \/>\n\t<meta property=\"og:image:type\" content=\"image\/png\" \/>\n<meta name=\"twitter:card\" content=\"summary_large_image\" \/>\n<meta name=\"twitter:label1\" content=\"Dur\u00e9e de lecture estim\u00e9e\" \/>\n\t<meta name=\"twitter:data1\" content=\"3 minutes\" \/>\n<script type=\"application\/ld+json\" class=\"yoast-schema-graph\">{\"@context\":\"https:\/\/schema.org\",\"@graph\":[{\"@type\":\"WebPage\",\"@id\":\"https:\/\/k-time.it\/products\/treatments\/phibre\/phibre-maschera-setificante-illuminante-home-treatment\/\",\"url\":\"https:\/\/k-time.it\/products\/treatments\/phibre\/phibre-maschera-setificante-illuminante-home-treatment\/\",\"name\":\"Phibre | Masque Soyeux Illuminant \u2013 Home Treatment - K-time\",\"isPartOf\":{\"@id\":\"https:\/\/k-time.it\/en\/#website\"},\"primaryImageOfPage\":{\"@id\":\"https:\/\/k-time.it\/products\/treatments\/phibre\/phibre-maschera-setificante-illuminante-home-treatment\/#primaryimage\"},\"image\":{\"@id\":\"https:\/\/k-time.it\/products\/treatments\/phibre\/phibre-maschera-setificante-illuminante-home-treatment\/#primaryimage\"},\"thumbnailUrl\":\"https:\/\/k-time.it\/wp-content\/uploads\/2020\/07\/22093_k-time_phibre_radiance_silk_effect_mask_250ml-1.png\",\"datePublished\":\"2020-06-25T14:46:47+00:00\",\"dateModified\":\"2021-05-22T11:56:45+00:00\",\"description\":\"Le masque effet soyeux illuminant enveloppe les cheveux dans une \u00e9treinte de bien-\u00eatre.\",\"breadcrumb\":{\"@id\":\"https:\/\/k-time.it\/products\/treatments\/phibre\/phibre-maschera-setificante-illuminante-home-treatment\/#breadcrumb\"},\"inLanguage\":\"fr-FR\",\"potentialAction\":[{\"@type\":\"ReadAction\",\"target\":[\"https:\/\/k-time.it\/products\/treatments\/phibre\/phibre-maschera-setificante-illuminante-home-treatment\/\"]}]},{\"@type\":\"ImageObject\",\"inLanguage\":\"fr-FR\",\"@id\":\"https:\/\/k-time.it\/products\/treatments\/phibre\/phibre-maschera-setificante-illuminante-home-treatment\/#primaryimage\",\"url\":\"https:\/\/k-time.it\/wp-content\/uploads\/2020\/07\/22093_k-time_phibre_radiance_silk_effect_mask_250ml-1.png\",\"contentUrl\":\"https:\/\/k-time.it\/wp-content\/uploads\/2020\/07\/22093_k-time_phibre_radiance_silk_effect_mask_250ml-1.png\",\"width\":600,\"height\":600,\"caption\":\"Phibre | Maschera Setificante Illuminante \u2013 Home Treatment\"},{\"@type\":\"BreadcrumbList\",\"@id\":\"https:\/\/k-time.it\/products\/treatments\/phibre\/phibre-maschera-setificante-illuminante-home-treatment\/#breadcrumb\",\"itemListElement\":[{\"@type\":\"ListItem\",\"position\":1,\"name\":\"Home\",\"item\":\"https:\/\/k-time.it\/fr\/\"},{\"@type\":\"ListItem\",\"position\":2,\"name\":\"Shop\",\"item\":\"https:\/\/k-time.it\/en\/negozio\/\"},{\"@type\":\"ListItem\",\"position\":3,\"name\":\"Phibre | Masque Soyeux Illuminant \u2013 Home Treatment\"}]},{\"@type\":\"WebSite\",\"@id\":\"https:\/\/k-time.it\/en\/#website\",\"url\":\"https:\/\/k-time.it\/en\/\",\"name\":\"K-time\",\"description\":\"Hair Spa Treatments\",\"publisher\":{\"@id\":\"https:\/\/k-time.it\/en\/#organization\"},\"potentialAction\":[{\"@type\":\"SearchAction\",\"target\":{\"@type\":\"EntryPoint\",\"urlTemplate\":\"https:\/\/k-time.it\/en\/?s={search_term_string}\"},\"query-input\":{\"@type\":\"PropertyValueSpecification\",\"valueRequired\":true,\"valueName\":\"search_term_string\"}}],\"inLanguage\":\"fr-FR\"},{\"@type\":\"Organization\",\"@id\":\"https:\/\/k-time.it\/en\/#organization\",\"name\":\"K-time\",\"url\":\"https:\/\/k-time.it\/en\/\",\"logo\":{\"@type\":\"ImageObject\",\"inLanguage\":\"fr-FR\",\"@id\":\"https:\/\/k-time.it\/en\/#\/schema\/logo\/image\/\",\"url\":\"\",\"contentUrl\":\"\",\"caption\":\"K-time\"},\"image\":{\"@id\":\"https:\/\/k-time.it\/en\/#\/schema\/logo\/image\/\"}}]}<\/script>\n<!-- \/ Yoast SEO plugin. -->","yoast_head_json":{"title":"Phibre | Masque Soyeux Illuminant \u2013 Home Treatment - K-time","description":"Le masque effet soyeux illuminant enveloppe les cheveux dans une \u00e9treinte de bien-\u00eatre.","robots":{"index":"index","follow":"follow","max-snippet":"max-snippet:-1","max-image-preview":"max-image-preview:large","max-video-preview":"max-video-preview:-1"},"canonical":"https:\/\/k-time.it\/products\/treatments\/phibre\/phibre-maschera-setificante-illuminante-home-treatment\/","og_locale":"fr_FR","og_type":"article","og_title":"Phibre | Masque Soyeux Illuminant \u2013 Home Treatment - K-time","og_description":"Le masque effet soyeux illuminant enveloppe les cheveux dans une \u00e9treinte de bien-\u00eatre.","og_url":"https:\/\/k-time.it\/products\/treatments\/phibre\/phibre-maschera-setificante-illuminante-home-treatment\/","og_site_name":"K-time","article_modified_time":"2021-05-22T11:56:45+00:00","og_image":[{"width":600,"height":600,"url":"https:\/\/k-time.it\/wp-content\/uploads\/2020\/07\/22093_k-time_phibre_radiance_silk_effect_mask_250ml-1.png","type":"image\/png"}],"twitter_card":"summary_large_image","twitter_misc":{"Dur\u00e9e de lecture estim\u00e9e":"3 minutes"},"schema":{"@context":"https:\/\/schema.org","@graph":[{"@type":"WebPage","@id":"https:\/\/k-time.it\/products\/treatments\/phibre\/phibre-maschera-setificante-illuminante-home-treatment\/","url":"https:\/\/k-time.it\/products\/treatments\/phibre\/phibre-maschera-setificante-illuminante-home-treatment\/","name":"Phibre | Masque Soyeux Illuminant \u2013 Home Treatment - K-time","isPartOf":{"@id":"https:\/\/k-time.it\/en\/#website"},"primaryImageOfPage":{"@id":"https:\/\/k-time.it\/products\/treatments\/phibre\/phibre-maschera-setificante-illuminante-home-treatment\/#primaryimage"},"image":{"@id":"https:\/\/k-time.it\/products\/treatments\/phibre\/phibre-maschera-setificante-illuminante-home-treatment\/#primaryimage"},"thumbnailUrl":"https:\/\/k-time.it\/wp-content\/uploads\/2020\/07\/22093_k-time_phibre_radiance_silk_effect_mask_250ml-1.png","datePublished":"2020-06-25T14:46:47+00:00","dateModified":"2021-05-22T11:56:45+00:00","description":"Le masque effet soyeux illuminant enveloppe les cheveux dans une \u00e9treinte de bien-\u00eatre.","breadcrumb":{"@id":"https:\/\/k-time.it\/products\/treatments\/phibre\/phibre-maschera-setificante-illuminante-home-treatment\/#breadcrumb"},"inLanguage":"fr-FR","potentialAction":[{"@type":"ReadAction","target":["https:\/\/k-time.it\/products\/treatments\/phibre\/phibre-maschera-setificante-illuminante-home-treatment\/"]}]},{"@type":"ImageObject","inLanguage":"fr-FR","@id":"https:\/\/k-time.it\/products\/treatments\/phibre\/phibre-maschera-setificante-illuminante-home-treatment\/#primaryimage","url":"https:\/\/k-time.it\/wp-content\/uploads\/2020\/07\/22093_k-time_phibre_radiance_silk_effect_mask_250ml-1.png","contentUrl":"https:\/\/k-time.it\/wp-content\/uploads\/2020\/07\/22093_k-time_phibre_radiance_silk_effect_mask_250ml-1.png","width":600,"height":600,"caption":"Phibre | Maschera Setificante Illuminante \u2013 Home Treatment"},{"@type":"BreadcrumbList","@id":"https:\/\/k-time.it\/products\/treatments\/phibre\/phibre-maschera-setificante-illuminante-home-treatment\/#breadcrumb","itemListElement":[{"@type":"ListItem","position":1,"name":"Home","item":"https:\/\/k-time.it\/fr\/"},{"@type":"ListItem","position":2,"name":"Shop","item":"https:\/\/k-time.it\/en\/negozio\/"},{"@type":"ListItem","position":3,"name":"Phibre | Masque Soyeux Illuminant \u2013 Home Treatment"}]},{"@type":"WebSite","@id":"https:\/\/k-time.it\/en\/#website","url":"https:\/\/k-time.it\/en\/","name":"K-time","description":"Hair Spa Treatments","publisher":{"@id":"https:\/\/k-time.it\/en\/#organization"},"potentialAction":[{"@type":"SearchAction","target":{"@type":"EntryPoint","urlTemplate":"https:\/\/k-time.it\/en\/?s={search_term_string}"},"query-input":{"@type":"PropertyValueSpecification","valueRequired":true,"valueName":"search_term_string"}}],"inLanguage":"fr-FR"},{"@type":"Organization","@id":"https:\/\/k-time.it\/en\/#organization","name":"K-time","url":"https:\/\/k-time.it\/en\/","logo":{"@type":"ImageObject","inLanguage":"fr-FR","@id":"https:\/\/k-time.it\/en\/#\/schema\/logo\/image\/","url":"","contentUrl":"","caption":"K-time"},"image":{"@id":"https:\/\/k-time.it\/en\/#\/schema\/logo\/image\/"}}]}},"_links":{"self":[{"href":"https:\/\/k-time.it\/fr\/wp-json\/wp\/v2\/product\/12066","targetHints":{"allow":["GET"]}}],"collection":[{"href":"https:\/\/k-time.it\/fr\/wp-json\/wp\/v2\/product"}],"about":[{"href":"https:\/\/k-time.it\/fr\/wp-json\/wp\/v2\/types\/product"}],"wp:featuredmedia":[{"embeddable":true,"href":"https:\/\/k-time.it\/fr\/wp-json\/wp\/v2\/media\/18257"}],"wp:attachment":[{"href":"https:\/\/k-time.it\/fr\/wp-json\/wp\/v2\/media?parent=12066"}],"wp:term":[{"taxonomy":"product_brand","embeddable":true,"href":"https:\/\/k-time.it\/fr\/wp-json\/wp\/v2\/product_brand?post=12066"},{"taxonomy":"product_cat","embeddable":true,"href":"https:\/\/k-time.it\/fr\/wp-json\/wp\/v2\/product_cat?post=12066"},{"taxonomy":"product_tag","embeddable":true,"href":"https:\/\/k-time.it\/fr\/wp-json\/wp\/v2\/product_tag?post=12066"}],"curies":[{"name":"wp","href":"https:\/\/api.w.org\/{rel}","templated":true}]}}