{"id":15199,"date":"2021-05-26T20:46:30","date_gmt":"2021-05-26T18:46:30","guid":{"rendered":"https:\/\/k-time.it\/products\/"},"modified":"2021-05-26T20:46:31","modified_gmt":"2021-05-26T18:46:31","slug":"products","status":"publish","type":"page","link":"https:\/\/k-time.it\/fr\/products\/","title":{"rendered":"Products"},"content":{"rendered":"<div class=\"wpb-content-wrapper\"><p>[vc_row][vc_column]<div class=\"dt-fancy-separator title-left h1-size style-thick\" style=\"width: 100%;\"><div class=\"dt-fancy-title\" style=\"color: #333333;\"><span class=\"separator-holder separator-left\" style=\"border-color: #f0f0f0;\"><\/span>Nos produits capillaires<span class=\"separator-holder separator-right\" style=\"border-color: #f0f0f0;\"><\/span><\/div><\/div>[vc_empty_space height=\u00a0\u00bb10px\u00a0\u00bb][vc_column_text]Si vous recherchez un produit en particulier, <strong>saisissez son nom <\/strong>ou<strong> s\u00e9lectionnez la cat\u00e9gorie<\/strong> qui vous int\u00e9resse.[\/vc_column_text][\/vc_column][\/vc_row][vc_row][vc_column][vc_raw_html]W2F3c19zZWFyY2hfZm9ybV0=[\/vc_raw_html][\/vc_column][\/vc_row][vc_row][vc_column]<div class=\"woocommerce columns-4\"><div class=\"wf-container dt-products  woo-hover products loading-effect-fade-in description-on-hover cart-btn-on-img hide-description wc-grid\" data-padding=\"0px\" data-cur-page=\"1\" data-desktop-columns-num=\"4\" data-v-tablet-columns-num=\"2\" data-h-tablet-columns-num=\"3\" data-phone-columns-num=\"1\">\n\n<article class=\"post product-category product first\">\n\n\t<figure class=\"woocom-project\">\n\t<div class=\"woo-buttons-on-img\">\n\n\t\t<a href=\"https:\/\/k-time.it\/cat\/treatments\/\" class=\"alignnone\"><img loading=\"lazy\" decoding=\"async\" class=\"preload-me\" src=\"https:\/\/k-time.it\/wp-content\/uploads\/2021\/07\/hair_spa_treatments-300x300.png\" alt=\"Treatments\" width=\"300\" height=\"300\" srcset=\"https:\/\/k-time.it\/wp-content\/uploads\/2021\/07\/hair_spa_treatments-300x300.png 300w, https:\/\/k-time.it\/wp-content\/uploads\/2021\/07\/hair_spa_treatments-200x200.png 200w, https:\/\/k-time.it\/wp-content\/uploads\/2021\/07\/hair_spa_treatments-150x150.png 150w, https:\/\/k-time.it\/wp-content\/uploads\/2021\/07\/hair_spa_treatments.png 600w\" sizes=\"auto, (max-width: 300px) 100vw, 300px\" \/><\/a>\n\t<\/div>\n\t<figcaption class=\"woocom-list-content\">\n\n\t\t\n\t<\/figcaption>\n<\/figure>\n<\/article>\n\n\n\n<article class=\"post product-category product\">\n\n\t<figure class=\"woocom-project\">\n\t<div class=\"woo-buttons-on-img\">\n\n\t\t<a href=\"https:\/\/k-time.it\/fr\/cat\/color-prodigy\/\" class=\"alignnone\"><img loading=\"lazy\" decoding=\"async\" class=\"preload-me\" src=\"https:\/\/k-time.it\/wp-content\/uploads\/2021\/07\/color_prodigy-300x300.png\" alt=\"Colouring\" width=\"300\" height=\"300\" srcset=\"https:\/\/k-time.it\/wp-content\/uploads\/2021\/07\/color_prodigy-300x300.png 300w, https:\/\/k-time.it\/wp-content\/uploads\/2021\/07\/color_prodigy-200x200.png 200w, https:\/\/k-time.it\/wp-content\/uploads\/2021\/07\/color_prodigy-150x150.png 150w, https:\/\/k-time.it\/wp-content\/uploads\/2021\/07\/color_prodigy.png 600w\" sizes=\"auto, (max-width: 300px) 100vw, 300px\" \/><\/a>\n\t<\/div>\n\t<figcaption class=\"woocom-list-content\">\n\n\t\t\n\t<\/figcaption>\n<\/figure>\n<\/article>\n\n\n\n<article class=\"post product-category product\">\n\n\t<figure class=\"woocom-project\">\n\t<div class=\"woo-buttons-on-img\">\n\n\t\t<a href=\"https:\/\/k-time.it\/fr\/cat\/finish-trend\/\" class=\"alignnone\"><img loading=\"lazy\" decoding=\"async\" class=\"preload-me\" src=\"https:\/\/k-time.it\/wp-content\/uploads\/2021\/07\/styling_trend-300x300.png\" alt=\"Finish &amp; Styling\" width=\"300\" height=\"300\" srcset=\"https:\/\/k-time.it\/wp-content\/uploads\/2021\/07\/styling_trend-300x300.png 300w, https:\/\/k-time.it\/wp-content\/uploads\/2021\/07\/styling_trend-200x200.png 200w, https:\/\/k-time.it\/wp-content\/uploads\/2021\/07\/styling_trend-150x150.png 150w, https:\/\/k-time.it\/wp-content\/uploads\/2021\/07\/styling_trend.png 600w\" sizes=\"auto, (max-width: 300px) 100vw, 300px\" \/><\/a>\n\t<\/div>\n\t<figcaption class=\"woocom-list-content\">\n\n\t\t\n\t<\/figcaption>\n<\/figure>\n<\/article>\n\n\n\n<article class=\"post product-category product last\">\n\n\t<figure class=\"woocom-project\">\n\t<div class=\"woo-buttons-on-img\">\n\n\t\t<a href=\"https:\/\/k-time.it\/cat\/salon-technics\/\" class=\"alignnone\"><img loading=\"lazy\" decoding=\"async\" class=\"preload-me\" src=\"https:\/\/k-time.it\/wp-content\/uploads\/2021\/07\/salon_technics-300x300.png\" alt=\"Salon Technics\" width=\"300\" height=\"300\" srcset=\"https:\/\/k-time.it\/wp-content\/uploads\/2021\/07\/salon_technics-300x300.png 300w, https:\/\/k-time.it\/wp-content\/uploads\/2021\/07\/salon_technics-200x200.png 200w, https:\/\/k-time.it\/wp-content\/uploads\/2021\/07\/salon_technics-150x150.png 150w, https:\/\/k-time.it\/wp-content\/uploads\/2021\/07\/salon_technics.png 600w\" sizes=\"auto, (max-width: 300px) 100vw, 300px\" \/><\/a>\n\t<\/div>\n\t<figcaption class=\"woocom-list-content\">\n\n\t\t\n\t<\/figcaption>\n<\/figure>\n<\/article>\n\n\n\n<article class=\"post product-category product first\">\n\n\t<figure class=\"woocom-project\">\n\t<div class=\"woo-buttons-on-img\">\n\n\t\t<a href=\"https:\/\/k-time.it\/cat\/treatments\/secret-sun\/\" class=\"alignnone\"><img loading=\"lazy\" decoding=\"async\" class=\"preload-me\" src=\"https:\/\/k-time.it\/wp-content\/uploads\/2025\/04\/secret_sun-300x300.png\" alt=\"Secret Sun\" width=\"300\" height=\"300\" srcset=\"https:\/\/k-time.it\/wp-content\/uploads\/2025\/04\/secret_sun-300x300.png 300w, https:\/\/k-time.it\/wp-content\/uploads\/2025\/04\/secret_sun-150x150.png 150w, https:\/\/k-time.it\/wp-content\/uploads\/2025\/04\/secret_sun-200x200.png 200w, https:\/\/k-time.it\/wp-content\/uploads\/2025\/04\/secret_sun.png 600w\" sizes=\"auto, (max-width: 300px) 100vw, 300px\" \/><\/a>\n\t<\/div>\n\t<figcaption class=\"woocom-list-content\">\n\n\t\t\n\t<\/figcaption>\n<\/figure>\n<\/article>\n\n\n\n<article class=\"post product-category product\">\n\n\t<figure class=\"woocom-project\">\n\t<div class=\"woo-buttons-on-img\">\n\n\t\t<a href=\"https:\/\/k-time.it\/cat\/treatments\/secret\/\" class=\"alignnone\"><img loading=\"lazy\" decoding=\"async\" class=\"preload-me\" src=\"https:\/\/k-time.it\/wp-content\/uploads\/2023\/10\/secret-300x300.png\" alt=\"Secret\" width=\"300\" height=\"300\" srcset=\"https:\/\/k-time.it\/wp-content\/uploads\/2023\/10\/secret-300x300.png 300w, https:\/\/k-time.it\/wp-content\/uploads\/2023\/10\/secret-150x150.png 150w, https:\/\/k-time.it\/wp-content\/uploads\/2023\/10\/secret-200x200.png 200w, https:\/\/k-time.it\/wp-content\/uploads\/2023\/10\/secret.png 600w\" sizes=\"auto, (max-width: 300px) 100vw, 300px\" \/><\/a>\n\t<\/div>\n\t<figcaption class=\"woocom-list-content\">\n\n\t\t\n\t<\/figcaption>\n<\/figure>\n<\/article>\n\n\n\n<article class=\"post product-category product\">\n\n\t<figure class=\"woocom-project\">\n\t<div class=\"woo-buttons-on-img\">\n\n\t\t<a href=\"https:\/\/k-time.it\/cat\/one-man\/\" class=\"alignnone\"><img loading=\"lazy\" decoding=\"async\" class=\"preload-me\" src=\"https:\/\/k-time.it\/wp-content\/uploads\/2021\/07\/one_man-300x300.png\" alt=\"One Man\" width=\"300\" height=\"300\" srcset=\"https:\/\/k-time.it\/wp-content\/uploads\/2021\/07\/one_man-300x300.png 300w, https:\/\/k-time.it\/wp-content\/uploads\/2021\/07\/one_man-200x200.png 200w, https:\/\/k-time.it\/wp-content\/uploads\/2021\/07\/one_man-150x150.png 150w, https:\/\/k-time.it\/wp-content\/uploads\/2021\/07\/one_man.png 600w\" sizes=\"auto, (max-width: 300px) 100vw, 300px\" \/><\/a>\n\t<\/div>\n\t<figcaption class=\"woocom-list-content\">\n\n\t\t\n\t<\/figcaption>\n<\/figure>\n<\/article>\n\n<\/div><\/div>[vc_empty_space height=\u00a0\u00bb50px\u00a0\u00bb]<div class=\"dt-fancy-separator title-left h1-size style-thick\" style=\"width: 100%;\"><div class=\"dt-fancy-title\" style=\"color: #333333;\"><span class=\"separator-holder separator-left\" style=\"border-color: #f0f0f0;\"><\/span>Voir tous les produits<span class=\"separator-holder separator-right\" style=\"border-color: #f0f0f0;\"><\/span><\/div><\/div>[vc_empty_space height=\u00a0\u00bb10px\u00a0\u00bb][vc_column_text]Si vous le souhaitez, vous pouvez parcourir le catalogue complet afin de visualiser et s\u00e9lectionner votre produit pr\u00e9f\u00e9r\u00e9.[\/vc_column_text][vc_empty_space height=\u00a0\u00bb20px\u00a0\u00bb][\/vc_column][\/vc_row]<\/p>\n<\/div>","protected":false},"excerpt":{"rendered":"<p>[vc_row][vc_column][vc_empty_space height=\u00a0\u00bb10px\u00a0\u00bb][vc_column_text]Si vous recherchez un produit en particulier, saisissez son nom ou s\u00e9lectionnez la cat\u00e9gorie qui vous int\u00e9resse.[\/vc_column_text][\/vc_column][\/vc_row][vc_row][vc_column][vc_raw_html]W2F3c19zZWFyY2hfZm9ybV0=[\/vc_raw_html][\/vc_column][\/vc_row][vc_row][vc_column][vc_empty_space height=\u00a0\u00bb50px\u00a0\u00bb][vc_empty_space height=\u00a0\u00bb10px\u00a0\u00bb][vc_column_text]Si vous le souhaitez, vous pouvez parcourir le catalogue complet afin de visualiser et s\u00e9lectionner votre produit pr\u00e9f\u00e9r\u00e9.[\/vc_column_text][vc_empty_space height=\u00a0\u00bb20px\u00a0\u00bb][\/vc_column][\/vc_row]<\/p>\n","protected":false},"author":1,"featured_media":0,"parent":0,"menu_order":0,"comment_status":"closed","ping_status":"closed","template":"","meta":{"footnotes":""},"class_list":["post-15199","page","type-page","status-publish","hentry","description-off"],"yoast_head":"<!-- This site is optimized with the Yoast SEO plugin v26.8 - https:\/\/yoast.com\/product\/yoast-seo-wordpress\/ -->\n<title>Products - Nos produits capillaires | K-time<\/title>\n<meta name=\"description\" content=\"Si vous recherchez un produit en particulier, saisissez son nom ou s\u00e9lectionnez la cat\u00e9gorie qui vous int\u00e9resse.\" \/>\n<meta name=\"robots\" content=\"index, follow, max-snippet:-1, max-image-preview:large, max-video-preview:-1\" \/>\n<link rel=\"canonical\" href=\"https:\/\/k-time.it\/products\/\" \/>\n<meta property=\"og:locale\" content=\"fr_FR\" \/>\n<meta property=\"og:type\" content=\"article\" \/>\n<meta property=\"og:title\" content=\"Products - Nos produits capillaires | K-time\" \/>\n<meta property=\"og:description\" content=\"Si vous recherchez un produit en particulier, saisissez son nom ou s\u00e9lectionnez la cat\u00e9gorie qui vous int\u00e9resse.\" \/>\n<meta property=\"og:url\" content=\"https:\/\/k-time.it\/products\/\" \/>\n<meta property=\"og:site_name\" content=\"K-time\" \/>\n<meta property=\"article:modified_time\" content=\"2021-05-26T18:46:31+00:00\" \/>\n<meta name=\"twitter:card\" content=\"summary_large_image\" \/>\n<meta name=\"twitter:label1\" content=\"Dur\u00e9e de lecture estim\u00e9e\" \/>\n\t<meta name=\"twitter:data1\" content=\"1 minute\" \/>\n<script type=\"application\/ld+json\" class=\"yoast-schema-graph\">{\"@context\":\"https:\/\/schema.org\",\"@graph\":[{\"@type\":\"WebPage\",\"@id\":\"https:\/\/k-time.it\/products\/\",\"url\":\"https:\/\/k-time.it\/products\/\",\"name\":\"Products - Nos produits capillaires | K-time\",\"isPartOf\":{\"@id\":\"https:\/\/k-time.it\/en\/#website\"},\"datePublished\":\"2021-05-26T18:46:30+00:00\",\"dateModified\":\"2021-05-26T18:46:31+00:00\",\"description\":\"Si vous recherchez un produit en particulier, saisissez son nom ou s\u00e9lectionnez la cat\u00e9gorie qui vous int\u00e9resse.\",\"breadcrumb\":{\"@id\":\"https:\/\/k-time.it\/products\/#breadcrumb\"},\"inLanguage\":\"fr-FR\",\"potentialAction\":[{\"@type\":\"ReadAction\",\"target\":[\"https:\/\/k-time.it\/products\/\"]}]},{\"@type\":\"BreadcrumbList\",\"@id\":\"https:\/\/k-time.it\/products\/#breadcrumb\",\"itemListElement\":[{\"@type\":\"ListItem\",\"position\":1,\"name\":\"Home\",\"item\":\"https:\/\/k-time.it\/fr\/\"},{\"@type\":\"ListItem\",\"position\":2,\"name\":\"Products\"}]},{\"@type\":\"WebSite\",\"@id\":\"https:\/\/k-time.it\/en\/#website\",\"url\":\"https:\/\/k-time.it\/en\/\",\"name\":\"K-time\",\"description\":\"Hair Spa Treatments\",\"publisher\":{\"@id\":\"https:\/\/k-time.it\/en\/#organization\"},\"potentialAction\":[{\"@type\":\"SearchAction\",\"target\":{\"@type\":\"EntryPoint\",\"urlTemplate\":\"https:\/\/k-time.it\/en\/?s={search_term_string}\"},\"query-input\":{\"@type\":\"PropertyValueSpecification\",\"valueRequired\":true,\"valueName\":\"search_term_string\"}}],\"inLanguage\":\"fr-FR\"},{\"@type\":\"Organization\",\"@id\":\"https:\/\/k-time.it\/en\/#organization\",\"name\":\"K-time\",\"url\":\"https:\/\/k-time.it\/en\/\",\"logo\":{\"@type\":\"ImageObject\",\"inLanguage\":\"fr-FR\",\"@id\":\"https:\/\/k-time.it\/en\/#\/schema\/logo\/image\/\",\"url\":\"\",\"contentUrl\":\"\",\"caption\":\"K-time\"},\"image\":{\"@id\":\"https:\/\/k-time.it\/en\/#\/schema\/logo\/image\/\"}}]}<\/script>\n<!-- \/ Yoast SEO plugin. -->","yoast_head_json":{"title":"Products - Nos produits capillaires | K-time","description":"Si vous recherchez un produit en particulier, saisissez son nom ou s\u00e9lectionnez la cat\u00e9gorie qui vous int\u00e9resse.","robots":{"index":"index","follow":"follow","max-snippet":"max-snippet:-1","max-image-preview":"max-image-preview:large","max-video-preview":"max-video-preview:-1"},"canonical":"https:\/\/k-time.it\/products\/","og_locale":"fr_FR","og_type":"article","og_title":"Products - Nos produits capillaires | K-time","og_description":"Si vous recherchez un produit en particulier, saisissez son nom ou s\u00e9lectionnez la cat\u00e9gorie qui vous int\u00e9resse.","og_url":"https:\/\/k-time.it\/products\/","og_site_name":"K-time","article_modified_time":"2021-05-26T18:46:31+00:00","twitter_card":"summary_large_image","twitter_misc":{"Dur\u00e9e de lecture estim\u00e9e":"1 minute"},"schema":{"@context":"https:\/\/schema.org","@graph":[{"@type":"WebPage","@id":"https:\/\/k-time.it\/products\/","url":"https:\/\/k-time.it\/products\/","name":"Products - Nos produits capillaires | K-time","isPartOf":{"@id":"https:\/\/k-time.it\/en\/#website"},"datePublished":"2021-05-26T18:46:30+00:00","dateModified":"2021-05-26T18:46:31+00:00","description":"Si vous recherchez un produit en particulier, saisissez son nom ou s\u00e9lectionnez la cat\u00e9gorie qui vous int\u00e9resse.","breadcrumb":{"@id":"https:\/\/k-time.it\/products\/#breadcrumb"},"inLanguage":"fr-FR","potentialAction":[{"@type":"ReadAction","target":["https:\/\/k-time.it\/products\/"]}]},{"@type":"BreadcrumbList","@id":"https:\/\/k-time.it\/products\/#breadcrumb","itemListElement":[{"@type":"ListItem","position":1,"name":"Home","item":"https:\/\/k-time.it\/fr\/"},{"@type":"ListItem","position":2,"name":"Products"}]},{"@type":"WebSite","@id":"https:\/\/k-time.it\/en\/#website","url":"https:\/\/k-time.it\/en\/","name":"K-time","description":"Hair Spa Treatments","publisher":{"@id":"https:\/\/k-time.it\/en\/#organization"},"potentialAction":[{"@type":"SearchAction","target":{"@type":"EntryPoint","urlTemplate":"https:\/\/k-time.it\/en\/?s={search_term_string}"},"query-input":{"@type":"PropertyValueSpecification","valueRequired":true,"valueName":"search_term_string"}}],"inLanguage":"fr-FR"},{"@type":"Organization","@id":"https:\/\/k-time.it\/en\/#organization","name":"K-time","url":"https:\/\/k-time.it\/en\/","logo":{"@type":"ImageObject","inLanguage":"fr-FR","@id":"https:\/\/k-time.it\/en\/#\/schema\/logo\/image\/","url":"","contentUrl":"","caption":"K-time"},"image":{"@id":"https:\/\/k-time.it\/en\/#\/schema\/logo\/image\/"}}]}},"_links":{"self":[{"href":"https:\/\/k-time.it\/fr\/wp-json\/wp\/v2\/pages\/15199","targetHints":{"allow":["GET"]}}],"collection":[{"href":"https:\/\/k-time.it\/fr\/wp-json\/wp\/v2\/pages"}],"about":[{"href":"https:\/\/k-time.it\/fr\/wp-json\/wp\/v2\/types\/page"}],"author":[{"embeddable":true,"href":"https:\/\/k-time.it\/fr\/wp-json\/wp\/v2\/users\/1"}],"replies":[{"embeddable":true,"href":"https:\/\/k-time.it\/fr\/wp-json\/wp\/v2\/comments?post=15199"}],"version-history":[{"count":0,"href":"https:\/\/k-time.it\/fr\/wp-json\/wp\/v2\/pages\/15199\/revisions"}],"wp:attachment":[{"href":"https:\/\/k-time.it\/fr\/wp-json\/wp\/v2\/media?parent=15199"}],"curies":[{"name":"wp","href":"https:\/\/api.w.org\/{rel}","templated":true}]}}