{"id":15185,"date":"2021-05-26T20:44:07","date_gmt":"2021-05-26T18:44:07","guid":{"rendered":"https:\/\/k-time.it\/cookie-policy\/"},"modified":"2022-07-08T12:33:44","modified_gmt":"2022-07-08T10:33:44","slug":"cookie-policy","status":"publish","type":"page","link":"https:\/\/k-time.it\/fr\/cookie-policy\/","title":{"rendered":"Cookie Policy"},"content":{"rendered":"<div class=\"wpb-content-wrapper\"><p>[vc_row][vc_column][vc_column_text]<\/p>\n<div class=\"wpb_text_column wpb_content_element \">\n<h3 class=\"wpb_wrapper\">Cookie Policy<\/h3>\n<\/div>\n<div class=\"wpb_text_column wpb_content_element \">\n<div class=\"wpb_wrapper\">\n<h4>Informations g\u00e9n\u00e9rales, d\u00e9sactivation et gestion des cookies<\/h4>\n<p>Les cookies sont des donn\u00e9es envoy\u00e9es par le site web et stock\u00e9es par votre navigateur internet sur votre ordinateur ou autre appareil (par exemple, tablette ou t\u00e9l\u00e9phone mobile). Des cookies techniques et des cookies de tiers peuvent \u00eatre install\u00e9s par notre site web ou ses sous-domaines.<\/p>\n<p>Toutefois, vous pouvez g\u00e9rer ou demander la d\u00e9sactivation ou la suppression g\u00e9n\u00e9rale des cookies en modifiant les param\u00e8tres de votre navigateur Internet. Cette d\u00e9sactivation peut toutefois ralentir ou emp\u00eacher l\u2019acc\u00e8s \u00e0 certaines parties du site.<\/p>\n<p>Les param\u00e8tres de gestion ou de d\u00e9sactivation des cookies peuvent varier en fonction du navigateur internet que vous utilisez, aussi pour plus d\u2019informations sur la mani\u00e8re de proc\u00e9der, nous vous sugg\u00e9rons de consulter le manuel de votre appareil ou la fonction \u201d Aide \u201d de votre navigateur internet.<\/p>\n<p>Vous trouverez ci-dessous des liens expliquant comment g\u00e9rer ou d\u00e9sactiver les cookies pour les navigateurs internet les plus populaires :<\/p>\n<p>Internet Explorer:\u00a0<a href=\"http:\/\/windows.microsoft.com\/it-IT\/internet-explorer\/delete-manage-cookies\">Supprimer et g\u00e9rer les cookies<\/a><\/p>\n<p>Google Chrome:\u00a0<a href=\"https:\/\/support.google.com\/chrome\/answer\/95647\">Effacer, activer et g\u00e9rer les cookies dans Chrome \u2013 Android \u2013 Google Chrome Help<\/a><\/p>\n<p>Mozilla Firefox:\u00a0<a href=\"http:\/\/support.mozilla.org\/it\/kb\/Gestione%20dei%20cookie\">Gestion des cookies | Support de Firefox<\/a><\/p>\n<p>Opera:\u00a0<a href=\"http:\/\/help.opera.com\/Windows\/10.00\/it\/cookies.html\">Pr\u00e9f\u00e9rences\u00a0 web\u00a0<\/a><\/p>\n<p>Safari:\u00a0<a href=\"https:\/\/support.apple.com\/it-it\/guide\/safari\/sfri11471\/mac\">Gestion des cookies et des donn\u00e9es des sites web dans Safari sur Mac<\/a><\/p>\n<h4>Cookies techniques<\/h4>\n<p>L\u2019utilisation de cookies techniques, c\u2019est-\u00e0-dire de cookies n\u00e9cessaires \u00e0 la transmission de communications sur des r\u00e9seaux de communication \u00e9lectronique ou de cookies strictement n\u00e9cessaires au prestataire pour fournir le service demand\u00e9 par le client, permet une utilisation s\u00fbre et efficace de notre site.<\/p>\n<p>Des cookies de session peuvent \u00eatre install\u00e9s afin de vous permettre d\u2019acc\u00e9der et de rester dans la zone priv\u00e9e du portail en tant qu\u2019utilisateur authentifi\u00e9.<\/p>\n<p>Les cookies techniques sont essentiels au bon fonctionnement de notre site web et sont utilis\u00e9s pour permettre aux utilisateurs une navigation normale et la possibilit\u00e9 de profiter des services avanc\u00e9s disponibles sur notre site web. Les cookies techniques que nous utilisons sont divis\u00e9s en cookies de session, qui ne sont stock\u00e9s que pour la dur\u00e9e de la navigation jusqu\u2019\u00e0 la fermeture du navigateur, et en cookies persistants, qui sont stock\u00e9s dans la m\u00e9moire de l\u2019appareil de l\u2019utilisateur jusqu\u2019\u00e0 leur expiration ou leur suppression par l\u2019utilisateur. Notre site web utilise les cookies techniques suivants :<\/p>\n<p>Cookies techniques de navigation ou de session, utilis\u00e9s pour g\u00e9rer la navigation normale et l\u2019authentification des utilisateurs ;<\/p>\n<p>Les cookies techniques fonctionnels, qui sont utilis\u00e9s pour stocker les personnalisations choisies par l\u2019utilisateur, comme la langue ;<\/p>\n<p>Les cookies d\u2019analyse technique, utilis\u00e9s pour savoir comment les utilisateurs utilisent notre site web afin que nous puissions \u00e9valuer et am\u00e9liorer son fonctionnement.<\/p>\n<h4>\u00a0Cookies de tiers<\/h4>\n<p>Des cookies tiers peuvent \u00eatre install\u00e9s : il s\u2019agit de cookies analytiques et de profilage de Google Analytics, Google Doubleclick, Criteo, Rocket Fuel, Youtube, Yahoo, Bing et Facebook. Ces cookies sont envoy\u00e9s depuis les sites web de ces tiers en dehors de notre site.<\/p>\n<p>Les cookies analytiques tiers sont utilis\u00e9s pour collecter des informations sur le comportement des utilisateurs sur le site. Cela se fait de mani\u00e8re anonyme afin de contr\u00f4ler les performances et d\u2019am\u00e9liorer la convivialit\u00e9 du site. Les cookies de profilage de tiers sont utilis\u00e9s pour cr\u00e9er des profils d\u2019utilisateurs afin de proposer des messages publicitaires en fonction des choix effectu\u00e9s par les utilisateurs.<\/p>\n<p>L\u2019utilisation de ces cookies est r\u00e9gie par les r\u00e8gles \u00e9tablies par les tiers eux-m\u00eames, par cons\u00e9quent, les Utilisateurs sont invit\u00e9s \u00e0 lire les avis de confidentialit\u00e9 et les instructions pour g\u00e9rer ou d\u00e9sactiver les cookies publi\u00e9s sur les pages web suivantes :<\/p>\n<p>Pour les cookies de Google Analytics :<\/p>\n<p>\u2013 politique de confidentialit\u00e9 :\u00a0<a href=\"https:\/\/www.google.com\/intl\/it\/policies\/privacy\/\">R\u00e8gles de confidentialit\u00e9 \u2013 Confidentialit\u00e9 et conditions \u2013 Google<\/a><\/p>\n<p>\u2013 comment g\u00e9rer ou d\u00e9sactiver les cookies:\u00a0<a href=\"https:\/\/support.google.com\/accounts\/answer\/61416?hl=it\">Activation ou d\u00e9sactivation des cookies \u2013 Android \u2013 Guide du compte Google<\/a><\/p>\n<h4>Cookies de profilage<\/h4>\n<p>Les cookies de profilage peuvent \u00eatre install\u00e9s par le(s) Responsable(s) du traitement, au moyen de logiciels dits d\u2019analyse web, qui sont utilis\u00e9s pour pr\u00e9parer des rapports d\u2019analyse d\u00e9taill\u00e9s en temps r\u00e9el relatifs aux informations sur : les visiteurs d\u2019un site web, les moteurs de recherche d\u2019origine, les mots-cl\u00e9s utilis\u00e9s, la langue d\u2019utilisation, les pages les plus visit\u00e9es<b>.<\/b><\/p>\n<p>Ils peuvent recueillir des informations et des donn\u00e9es telles que l\u2019adresse IP, la nationalit\u00e9, la ville, la date et l\u2019heure, l\u2019appareil, le navigateur, le syst\u00e8me d\u2019exploitation, la r\u00e9solution de l\u2019\u00e9cran, l\u2019origine de la navigation, les pages visit\u00e9es et le nombre de pages, la dur\u00e9e de la visite, le nombre de visites effectu\u00e9es.<\/p>\n<\/div>\n<\/div>\n<p>[\/vc_column_text][\/vc_column][\/vc_row][vc_row][vc_column][vc_column_text][\/vc_column_text][\/vc_column][\/vc_row]<\/p>\n<\/div>","protected":false},"excerpt":{"rendered":"<p>[vc_row][vc_column][vc_column_text] Cookie Policy Informations g\u00e9n\u00e9rales, d\u00e9sactivation et gestion des cookies Les cookies sont des donn\u00e9es envoy\u00e9es par le site web et stock\u00e9es par votre navigateur internet sur votre ordinateur ou autre appareil (par exemple, tablette ou t\u00e9l\u00e9phone mobile). Des cookies techniques et des cookies de tiers peuvent \u00eatre install\u00e9s par notre site web ou ses&hellip;<\/p>\n","protected":false},"author":1,"featured_media":0,"parent":0,"menu_order":0,"comment_status":"closed","ping_status":"closed","template":"template-microsite.php","meta":{"footnotes":""},"class_list":["post-15185","page","type-page","status-publish","hentry","description-off"],"yoast_head":"<!-- This site is optimized with the Yoast SEO plugin v26.8 - https:\/\/yoast.com\/product\/yoast-seo-wordpress\/ -->\n<title>Cookie Policy - K-time<\/title>\n<meta name=\"robots\" content=\"noindex, nofollow\" \/>\n<meta property=\"og:locale\" content=\"fr_FR\" \/>\n<meta property=\"og:type\" content=\"article\" \/>\n<meta property=\"og:title\" content=\"Cookie Policy - K-time\" \/>\n<meta property=\"og:description\" content=\"[vc_row][vc_column][vc_column_text] Cookie Policy Informations g\u00e9n\u00e9rales, d\u00e9sactivation et gestion des cookies Les cookies sont des donn\u00e9es envoy\u00e9es par le site web et stock\u00e9es par votre navigateur internet sur votre ordinateur ou autre appareil (par exemple, tablette ou t\u00e9l\u00e9phone mobile). Des cookies techniques et des cookies de tiers peuvent \u00eatre install\u00e9s par notre site web ou ses&hellip;\" \/>\n<meta property=\"og:url\" content=\"https:\/\/k-time.it\/fr\/cookie-policy\/\" \/>\n<meta property=\"og:site_name\" content=\"K-time\" \/>\n<meta property=\"article:modified_time\" content=\"2022-07-08T10:33:44+00:00\" \/>\n<meta name=\"twitter:card\" content=\"summary_large_image\" \/>\n<meta name=\"twitter:label1\" content=\"Dur\u00e9e de lecture estim\u00e9e\" \/>\n\t<meta name=\"twitter:data1\" content=\"4 minutes\" \/>\n<script type=\"application\/ld+json\" class=\"yoast-schema-graph\">{\"@context\":\"https:\/\/schema.org\",\"@graph\":[{\"@type\":\"WebPage\",\"@id\":\"https:\/\/k-time.it\/fr\/cookie-policy\/\",\"url\":\"https:\/\/k-time.it\/fr\/cookie-policy\/\",\"name\":\"Cookie Policy - K-time\",\"isPartOf\":{\"@id\":\"https:\/\/k-time.it\/en\/#website\"},\"datePublished\":\"2021-05-26T18:44:07+00:00\",\"dateModified\":\"2022-07-08T10:33:44+00:00\",\"breadcrumb\":{\"@id\":\"https:\/\/k-time.it\/fr\/cookie-policy\/#breadcrumb\"},\"inLanguage\":\"fr-FR\",\"potentialAction\":[{\"@type\":\"ReadAction\",\"target\":[\"https:\/\/k-time.it\/fr\/cookie-policy\/\"]}]},{\"@type\":\"BreadcrumbList\",\"@id\":\"https:\/\/k-time.it\/fr\/cookie-policy\/#breadcrumb\",\"itemListElement\":[{\"@type\":\"ListItem\",\"position\":1,\"name\":\"Home\",\"item\":\"https:\/\/k-time.it\/fr\/\"},{\"@type\":\"ListItem\",\"position\":2,\"name\":\"Cookie Policy\"}]},{\"@type\":\"WebSite\",\"@id\":\"https:\/\/k-time.it\/en\/#website\",\"url\":\"https:\/\/k-time.it\/en\/\",\"name\":\"K-time\",\"description\":\"Hair Spa Treatments\",\"publisher\":{\"@id\":\"https:\/\/k-time.it\/en\/#organization\"},\"potentialAction\":[{\"@type\":\"SearchAction\",\"target\":{\"@type\":\"EntryPoint\",\"urlTemplate\":\"https:\/\/k-time.it\/en\/?s={search_term_string}\"},\"query-input\":{\"@type\":\"PropertyValueSpecification\",\"valueRequired\":true,\"valueName\":\"search_term_string\"}}],\"inLanguage\":\"fr-FR\"},{\"@type\":\"Organization\",\"@id\":\"https:\/\/k-time.it\/en\/#organization\",\"name\":\"K-time\",\"url\":\"https:\/\/k-time.it\/en\/\",\"logo\":{\"@type\":\"ImageObject\",\"inLanguage\":\"fr-FR\",\"@id\":\"https:\/\/k-time.it\/en\/#\/schema\/logo\/image\/\",\"url\":\"\",\"contentUrl\":\"\",\"caption\":\"K-time\"},\"image\":{\"@id\":\"https:\/\/k-time.it\/en\/#\/schema\/logo\/image\/\"}}]}<\/script>\n<!-- \/ Yoast SEO plugin. -->","yoast_head_json":{"title":"Cookie Policy - K-time","robots":{"index":"noindex","follow":"nofollow"},"og_locale":"fr_FR","og_type":"article","og_title":"Cookie Policy - K-time","og_description":"[vc_row][vc_column][vc_column_text] Cookie Policy Informations g\u00e9n\u00e9rales, d\u00e9sactivation et gestion des cookies Les cookies sont des donn\u00e9es envoy\u00e9es par le site web et stock\u00e9es par votre navigateur internet sur votre ordinateur ou autre appareil (par exemple, tablette ou t\u00e9l\u00e9phone mobile). Des cookies techniques et des cookies de tiers peuvent \u00eatre install\u00e9s par notre site web ou ses&hellip;","og_url":"https:\/\/k-time.it\/fr\/cookie-policy\/","og_site_name":"K-time","article_modified_time":"2022-07-08T10:33:44+00:00","twitter_card":"summary_large_image","twitter_misc":{"Dur\u00e9e de lecture estim\u00e9e":"4 minutes"},"schema":{"@context":"https:\/\/schema.org","@graph":[{"@type":"WebPage","@id":"https:\/\/k-time.it\/fr\/cookie-policy\/","url":"https:\/\/k-time.it\/fr\/cookie-policy\/","name":"Cookie Policy - K-time","isPartOf":{"@id":"https:\/\/k-time.it\/en\/#website"},"datePublished":"2021-05-26T18:44:07+00:00","dateModified":"2022-07-08T10:33:44+00:00","breadcrumb":{"@id":"https:\/\/k-time.it\/fr\/cookie-policy\/#breadcrumb"},"inLanguage":"fr-FR","potentialAction":[{"@type":"ReadAction","target":["https:\/\/k-time.it\/fr\/cookie-policy\/"]}]},{"@type":"BreadcrumbList","@id":"https:\/\/k-time.it\/fr\/cookie-policy\/#breadcrumb","itemListElement":[{"@type":"ListItem","position":1,"name":"Home","item":"https:\/\/k-time.it\/fr\/"},{"@type":"ListItem","position":2,"name":"Cookie Policy"}]},{"@type":"WebSite","@id":"https:\/\/k-time.it\/en\/#website","url":"https:\/\/k-time.it\/en\/","name":"K-time","description":"Hair Spa Treatments","publisher":{"@id":"https:\/\/k-time.it\/en\/#organization"},"potentialAction":[{"@type":"SearchAction","target":{"@type":"EntryPoint","urlTemplate":"https:\/\/k-time.it\/en\/?s={search_term_string}"},"query-input":{"@type":"PropertyValueSpecification","valueRequired":true,"valueName":"search_term_string"}}],"inLanguage":"fr-FR"},{"@type":"Organization","@id":"https:\/\/k-time.it\/en\/#organization","name":"K-time","url":"https:\/\/k-time.it\/en\/","logo":{"@type":"ImageObject","inLanguage":"fr-FR","@id":"https:\/\/k-time.it\/en\/#\/schema\/logo\/image\/","url":"","contentUrl":"","caption":"K-time"},"image":{"@id":"https:\/\/k-time.it\/en\/#\/schema\/logo\/image\/"}}]}},"_links":{"self":[{"href":"https:\/\/k-time.it\/fr\/wp-json\/wp\/v2\/pages\/15185","targetHints":{"allow":["GET"]}}],"collection":[{"href":"https:\/\/k-time.it\/fr\/wp-json\/wp\/v2\/pages"}],"about":[{"href":"https:\/\/k-time.it\/fr\/wp-json\/wp\/v2\/types\/page"}],"author":[{"embeddable":true,"href":"https:\/\/k-time.it\/fr\/wp-json\/wp\/v2\/users\/1"}],"replies":[{"embeddable":true,"href":"https:\/\/k-time.it\/fr\/wp-json\/wp\/v2\/comments?post=15185"}],"version-history":[{"count":0,"href":"https:\/\/k-time.it\/fr\/wp-json\/wp\/v2\/pages\/15185\/revisions"}],"wp:attachment":[{"href":"https:\/\/k-time.it\/fr\/wp-json\/wp\/v2\/media?parent=15185"}],"curies":[{"name":"wp","href":"https:\/\/api.w.org\/{rel}","templated":true}]}}