{"id":15170,"date":"2021-05-26T20:40:17","date_gmt":"2021-05-26T18:40:17","guid":{"rendered":"https:\/\/k-time.it\/donnees-completes-de-la-societe\/"},"modified":"2021-05-26T20:40:18","modified_gmt":"2021-05-26T18:40:18","slug":"donnees-completes-de-la-societe","status":"publish","type":"page","link":"https:\/\/k-time.it\/fr\/donnees-completes-de-la-societe\/","title":{"rendered":"Donnees completes de la societe"},"content":{"rendered":"<div class=\"wpb-content-wrapper\"><p>[vc_row][vc_column][vc_column_text]Comprof Milano S.r.l.<\/p>\n<p>Num\u00e9ro de T.V.A. : IT07479001211<\/p>\n<p>Si\u00e8gle social: P.zza S. Maria degli Angeli a Pizzofalcone 1, 80132 Napoli (Na)<\/p>\n<p>Si\u00e8ge d\u2019exploitation: Cis di Nola Isola 8, lotto 8032-8035, 80035 Nola (Na)<\/p>\n<p>Service du Registre du Commerce et des Soci\u00e9t\u00e9s: Napoli<\/p>\n<p>Num\u00e9ro d\u2019inscription au registre des entreprises: 07479001211<\/p>\n<p>Capital social lib\u00e9r\u00e9: \u20ac 100.000,00<\/p>\n<p>Adresse de courrier \u00e9lectronique certifi\u00e9:  comprofmilano@legalmail.it[\/vc_column_text][\/vc_column][\/vc_row]<\/p>\n<\/div>","protected":false},"excerpt":{"rendered":"<p>[vc_row][vc_column][vc_column_text]Comprof Milano S.r.l. Num\u00e9ro de T.V.A. : IT07479001211 Si\u00e8gle social: P.zza S. Maria degli Angeli a Pizzofalcone 1, 80132 Napoli (Na) Si\u00e8ge d\u2019exploitation: Cis di Nola Isola 8, lotto 8032-8035, 80035 Nola (Na) Service du Registre du Commerce et des Soci\u00e9t\u00e9s: Napoli Num\u00e9ro d\u2019inscription au registre des entreprises: 07479001211 Capital social lib\u00e9r\u00e9: \u20ac 100.000,00 Adresse&hellip;<\/p>\n","protected":false},"author":1,"featured_media":0,"parent":0,"menu_order":0,"comment_status":"closed","ping_status":"closed","template":"","meta":{"footnotes":""},"class_list":["post-15170","page","type-page","status-publish","hentry","description-off"],"yoast_head":"<!-- This site is optimized with the Yoast SEO plugin v26.8 - https:\/\/yoast.com\/product\/yoast-seo-wordpress\/ -->\n<title>Donnees completes de la societe - K-time<\/title>\n<meta name=\"robots\" content=\"noindex, nofollow\" \/>\n<meta property=\"og:locale\" content=\"fr_FR\" \/>\n<meta property=\"og:type\" content=\"article\" \/>\n<meta property=\"og:title\" content=\"Donnees completes de la societe - K-time\" \/>\n<meta property=\"og:description\" content=\"[vc_row][vc_column][vc_column_text]Comprof Milano S.r.l. Num\u00e9ro de T.V.A. : IT07479001211 Si\u00e8gle social: P.zza S. Maria degli Angeli a Pizzofalcone 1, 80132 Napoli (Na) Si\u00e8ge d\u2019exploitation: Cis di Nola Isola 8, lotto 8032-8035, 80035 Nola (Na) Service du Registre du Commerce et des Soci\u00e9t\u00e9s: Napoli Num\u00e9ro d\u2019inscription au registre des entreprises: 07479001211 Capital social lib\u00e9r\u00e9: \u20ac 100.000,00 Adresse&hellip;\" \/>\n<meta property=\"og:url\" content=\"https:\/\/k-time.it\/dati-societari\/\" \/>\n<meta property=\"og:site_name\" content=\"K-time\" \/>\n<meta property=\"article:modified_time\" content=\"2021-05-26T18:40:18+00:00\" \/>\n<meta name=\"twitter:card\" content=\"summary_large_image\" \/>\n<script type=\"application\/ld+json\" class=\"yoast-schema-graph\">{\"@context\":\"https:\/\/schema.org\",\"@graph\":[{\"@type\":\"WebPage\",\"@id\":\"https:\/\/k-time.it\/dati-societari\/\",\"url\":\"https:\/\/k-time.it\/dati-societari\/\",\"name\":\"Donnees completes de la societe - K-time\",\"isPartOf\":{\"@id\":\"https:\/\/k-time.it\/en\/#website\"},\"datePublished\":\"2021-05-26T18:40:17+00:00\",\"dateModified\":\"2021-05-26T18:40:18+00:00\",\"breadcrumb\":{\"@id\":\"https:\/\/k-time.it\/dati-societari\/#breadcrumb\"},\"inLanguage\":\"fr-FR\",\"potentialAction\":[{\"@type\":\"ReadAction\",\"target\":[\"https:\/\/k-time.it\/dati-societari\/\"]}]},{\"@type\":\"BreadcrumbList\",\"@id\":\"https:\/\/k-time.it\/dati-societari\/#breadcrumb\",\"itemListElement\":[{\"@type\":\"ListItem\",\"position\":1,\"name\":\"Home\",\"item\":\"https:\/\/k-time.it\/fr\/\"},{\"@type\":\"ListItem\",\"position\":2,\"name\":\"Donnees completes de la societe\"}]},{\"@type\":\"WebSite\",\"@id\":\"https:\/\/k-time.it\/en\/#website\",\"url\":\"https:\/\/k-time.it\/en\/\",\"name\":\"K-time\",\"description\":\"Hair Spa Treatments\",\"publisher\":{\"@id\":\"https:\/\/k-time.it\/en\/#organization\"},\"potentialAction\":[{\"@type\":\"SearchAction\",\"target\":{\"@type\":\"EntryPoint\",\"urlTemplate\":\"https:\/\/k-time.it\/en\/?s={search_term_string}\"},\"query-input\":{\"@type\":\"PropertyValueSpecification\",\"valueRequired\":true,\"valueName\":\"search_term_string\"}}],\"inLanguage\":\"fr-FR\"},{\"@type\":\"Organization\",\"@id\":\"https:\/\/k-time.it\/en\/#organization\",\"name\":\"K-time\",\"url\":\"https:\/\/k-time.it\/en\/\",\"logo\":{\"@type\":\"ImageObject\",\"inLanguage\":\"fr-FR\",\"@id\":\"https:\/\/k-time.it\/en\/#\/schema\/logo\/image\/\",\"url\":\"\",\"contentUrl\":\"\",\"caption\":\"K-time\"},\"image\":{\"@id\":\"https:\/\/k-time.it\/en\/#\/schema\/logo\/image\/\"}}]}<\/script>\n<!-- \/ Yoast SEO plugin. -->","yoast_head_json":{"title":"Donnees completes de la societe - K-time","robots":{"index":"noindex","follow":"nofollow"},"og_locale":"fr_FR","og_type":"article","og_title":"Donnees completes de la societe - K-time","og_description":"[vc_row][vc_column][vc_column_text]Comprof Milano S.r.l. Num\u00e9ro de T.V.A. : IT07479001211 Si\u00e8gle social: P.zza S. Maria degli Angeli a Pizzofalcone 1, 80132 Napoli (Na) Si\u00e8ge d\u2019exploitation: Cis di Nola Isola 8, lotto 8032-8035, 80035 Nola (Na) Service du Registre du Commerce et des Soci\u00e9t\u00e9s: Napoli Num\u00e9ro d\u2019inscription au registre des entreprises: 07479001211 Capital social lib\u00e9r\u00e9: \u20ac 100.000,00 Adresse&hellip;","og_url":"https:\/\/k-time.it\/dati-societari\/","og_site_name":"K-time","article_modified_time":"2021-05-26T18:40:18+00:00","twitter_card":"summary_large_image","schema":{"@context":"https:\/\/schema.org","@graph":[{"@type":"WebPage","@id":"https:\/\/k-time.it\/dati-societari\/","url":"https:\/\/k-time.it\/dati-societari\/","name":"Donnees completes de la societe - K-time","isPartOf":{"@id":"https:\/\/k-time.it\/en\/#website"},"datePublished":"2021-05-26T18:40:17+00:00","dateModified":"2021-05-26T18:40:18+00:00","breadcrumb":{"@id":"https:\/\/k-time.it\/dati-societari\/#breadcrumb"},"inLanguage":"fr-FR","potentialAction":[{"@type":"ReadAction","target":["https:\/\/k-time.it\/dati-societari\/"]}]},{"@type":"BreadcrumbList","@id":"https:\/\/k-time.it\/dati-societari\/#breadcrumb","itemListElement":[{"@type":"ListItem","position":1,"name":"Home","item":"https:\/\/k-time.it\/fr\/"},{"@type":"ListItem","position":2,"name":"Donnees completes de la societe"}]},{"@type":"WebSite","@id":"https:\/\/k-time.it\/en\/#website","url":"https:\/\/k-time.it\/en\/","name":"K-time","description":"Hair Spa Treatments","publisher":{"@id":"https:\/\/k-time.it\/en\/#organization"},"potentialAction":[{"@type":"SearchAction","target":{"@type":"EntryPoint","urlTemplate":"https:\/\/k-time.it\/en\/?s={search_term_string}"},"query-input":{"@type":"PropertyValueSpecification","valueRequired":true,"valueName":"search_term_string"}}],"inLanguage":"fr-FR"},{"@type":"Organization","@id":"https:\/\/k-time.it\/en\/#organization","name":"K-time","url":"https:\/\/k-time.it\/en\/","logo":{"@type":"ImageObject","inLanguage":"fr-FR","@id":"https:\/\/k-time.it\/en\/#\/schema\/logo\/image\/","url":"","contentUrl":"","caption":"K-time"},"image":{"@id":"https:\/\/k-time.it\/en\/#\/schema\/logo\/image\/"}}]}},"_links":{"self":[{"href":"https:\/\/k-time.it\/fr\/wp-json\/wp\/v2\/pages\/15170","targetHints":{"allow":["GET"]}}],"collection":[{"href":"https:\/\/k-time.it\/fr\/wp-json\/wp\/v2\/pages"}],"about":[{"href":"https:\/\/k-time.it\/fr\/wp-json\/wp\/v2\/types\/page"}],"author":[{"embeddable":true,"href":"https:\/\/k-time.it\/fr\/wp-json\/wp\/v2\/users\/1"}],"replies":[{"embeddable":true,"href":"https:\/\/k-time.it\/fr\/wp-json\/wp\/v2\/comments?post=15170"}],"version-history":[{"count":0,"href":"https:\/\/k-time.it\/fr\/wp-json\/wp\/v2\/pages\/15170\/revisions"}],"wp:attachment":[{"href":"https:\/\/k-time.it\/fr\/wp-json\/wp\/v2\/media?parent=15170"}],"curies":[{"name":"wp","href":"https:\/\/api.w.org\/{rel}","templated":true}]}}