{"id":15146,"date":"2021-05-26T16:52:09","date_gmt":"2021-05-26T14:52:09","guid":{"rendered":"https:\/\/k-time.it\/philosophy\/"},"modified":"2021-05-26T16:53:08","modified_gmt":"2021-05-26T14:53:08","slug":"philosophy","status":"publish","type":"page","link":"https:\/\/k-time.it\/fr\/philosophy\/","title":{"rendered":"Philosophy"},"content":{"rendered":"<div class=\"wpb-content-wrapper\"><p>[vc_row][vc_column]\n\t\t\t<!-- START hero_philosophy REVOLUTION SLIDER 6.7.38 --><p class=\"rs-p-wp-fix\"><\/p>\n\t\t\t<rs-module-wrap id=\"rev_slider_27_1_wrapper\" data-source=\"gallery\" style=\"visibility:hidden;background:transparent;padding:0;margin:0px auto;margin-top:0;margin-bottom:0;\">\n\t\t\t\t<rs-module id=\"rev_slider_27_1\" style=\"\" data-version=\"6.7.38\">\n\t\t\t\t\t<rs-slides style=\"overflow: hidden; position: absolute;\">\n\t\t\t\t\t\t<rs-slide style=\"position: absolute;\" data-key=\"rs-26\" data-title=\"Slide\" data-anim=\"ms:1000;r:0;\" data-in=\"o:0;\" data-out=\"a:false;\">\n\t\t\t\t\t\t\t<img decoding=\"async\" src=\"\/\/k-time.it\/wp-content\/plugins\/revslider\/sr6\/assets\/assets\/dummy.png\" alt=\"\" title=\"k-time_hero_philosophy\" width=\"1240\" height=\"400\" class=\"rev-slidebg tp-rs-img rs-lazyload\" data-lazyload=\"\/\/k-time.it\/wp-content\/uploads\/2020\/07\/k-time_hero_philosophy.png\" data-no-retina>\n<!--\n\t\t\t\t\t\t\t--><rs-layer\n\t\t\t\t\t\t\t\tid=\"slider-27-slide-26-layer-0\" \n\t\t\t\t\t\t\t\tdata-type=\"text\"\n\t\t\t\t\t\t\t\tdata-rsp_ch=\"on\"\n\t\t\t\t\t\t\t\tdata-xy=\"x:c;xo:0,0,2px,0;y:m;\"\n\t\t\t\t\t\t\t\tdata-text=\"w:normal;s:50,50,40,40;l:25,25,40,45;a:center;\"\n\t\t\t\t\t\t\t\tdata-dim=\"w:auto,auto,auto,438px;\"\n\t\t\t\t\t\t\t\tdata-frame_999=\"o:0;st:w;\"\n\t\t\t\t\t\t\t\tstyle=\"z-index:8;font-family:'Montserrat';\"\n\t\t\t\t\t\t\t>PHILOSOPHY \n\t\t\t\t\t\t\t<\/rs-layer><!--\n-->\t\t\t\t\t<\/rs-slide>\n\t\t\t\t\t<\/rs-slides>\n\t\t\t\t<\/rs-module>\n\t\t\t\t<script>\n\t\t\t\t\tsetREVStartSize({c: 'rev_slider_27_1',rl:[1240,1024,778,480],el:[400,400,400,300],gw:[1240,1024,778,460],gh:[400,400,400,300],type:'standard',justify:'',layout:'fullwidth',mh:\"0\"});if (window.RS_MODULES!==undefined && window.RS_MODULES.modules!==undefined && window.RS_MODULES.modules[\"revslider271\"]!==undefined) {window.RS_MODULES.modules[\"revslider271\"].once = false;window.revapi27 = undefined;if (window.RS_MODULES.checkMinimal!==undefined) window.RS_MODULES.checkMinimal()}\n\t\t\t\t<\/script>\n\t\t\t<\/rs-module-wrap>\n\t\t\t<!-- END REVOLUTION SLIDER -->\n[\/vc_column][\/vc_row][vc_row][vc_column][vc_empty_space height=\u00a0\u00bb80px\u00a0\u00bb][vc_row_inner][vc_column_inner width=\u00a0\u00bb2\/3&Prime; offset=\u00a0\u00bbvc_hidden-sm vc_hidden-xs\u00a0\u00bb][vc_single_image image=\u00a0\u00bb9033&Prime; img_size=\u00a0\u00bbfull\u00a0\u00bb][\/vc_column_inner][vc_column_inner width=\u00a0\u00bb1\/3&Prime; css=\u00a0\u00bb.vc_custom_1596188696673{padding-top: 15% !important;padding-bottom: 15% !important;}\u00a0\u00bb offset=\u00a0\u00bbvc_hidden-sm vc_hidden-xs\u00a0\u00bb][vc_column_text]<\/p>\n<p style=\"text-align: center;\"><span style=\"font-size: 24pt; font-family: montserrat; color: #000000;\"><strong>SALON<br \/>\nEXCELLENCE<\/strong><\/span><\/p>\n<p style=\"text-align: center;\">Tradition et innovation. Recherche et technologie. Style et \u00e9l\u00e9gance. Le Salon comme <strong>laboratoire d&rsquo;excellence<\/strong> et temple de la beaut\u00e9, le Coiffeur comme expert auquel faire confiance.<\/p>\n<p style=\"text-align: center;\">Notre objectif est de soutenir les <strong>salons professionnels<\/strong> dans le monde entier avec des outils, des programmes de formation et des produits exclusifs. Choisir K-time, c&rsquo;est construire l&rsquo;avenir et <strong>aspirer \u00e0 la perfection<\/strong>.<\/p>\n<p>[\/vc_column_text][\/vc_column_inner][\/vc_row_inner][vc_row_inner][vc_column_inner offset=\u00a0\u00bbvc_hidden-lg vc_hidden-md\u00a0\u00bb][vc_column_text]<\/p>\n<p style=\"text-align: center;\"><span style=\"font-size: 24pt; font-family: montserrat; color: #000000;\"><strong>SALON<br \/>\nEXCELLENCE<\/strong><\/span><\/p>\n<p style=\"text-align: center;\">Tradition et innovation. Recherche et technologie. Style et \u00e9l\u00e9gance. Le Salon comme <strong>laboratoire d&rsquo;excellence<\/strong> et temple de la beaut\u00e9, le Coiffeur comme expert auquel faire confiance.<\/p>\n<p style=\"text-align: center;\">Notre objectif est de soutenir les <strong>salons professionnels<\/strong> dans le monde entier avec des outils, des programmes de formation et des produits exclusifs. Choisir K-time, c&rsquo;est construire l&rsquo;avenir et <strong>aspirer \u00e0 la perfection<\/strong>.<\/p>\n<p>[\/vc_column_text][vc_single_image image=\u00a0\u00bb9033&Prime; img_size=\u00a0\u00bbfull\u00a0\u00bb][\/vc_column_inner][\/vc_row_inner][\/vc_column][\/vc_row][vc_row][vc_column][vc_empty_space height=\u00a0\u00bb40px\u00a0\u00bb][vc_row_inner][vc_column_inner width=\u00a0\u00bb1\/3&Prime; css=\u00a0\u00bb.vc_custom_1596188735463{padding-top: 20% !important;padding-bottom: 20% !important;}\u00a0\u00bb offset=\u00a0\u00bbvc_hidden-sm vc_hidden-xs\u00a0\u00bb][vc_column_text]<\/p>\n<p style=\"text-align: center;\"><span style=\"font-size: 24pt; font-family: montserrat; color: #000000;\"><strong>HAIR SPA<br \/>\nTREATMENTS<\/strong><\/span><\/p>\n<p style=\"text-align: center;\">Nos valeurs, synonymes de <strong>technologie et de bien-\u00eatre<\/strong>, sont r\u00e9sum\u00e9es dans le concept ayant inspir\u00e9 \u00ab\u00a0Hair Spa Treatments\u00a0\u00bb. Des <strong>traitements r\u00e9volutionnaires<\/strong> aux standards \u00e9lev\u00e9s, des <strong>formules sublimes<\/strong> capables d&rsquo;impressionner les clients les plus exigeants ouvrent la voie \u00e0 la beaut\u00e9.<\/p>\n<p style=\"text-align: center;\">Chaque jour, nous faisons partie de l&rsquo;Haircare routine de <strong>femmes et d&rsquo;hommes du monde entier.<\/strong><\/p>\n<p>[\/vc_column_text][\/vc_column_inner][vc_column_inner width=\u00a0\u00bb2\/3&Prime; offset=\u00a0\u00bbvc_hidden-sm vc_hidden-xs\u00a0\u00bb][vc_single_image image=\u00a0\u00bb9038&Prime; img_size=\u00a0\u00bbfull\u00a0\u00bb][\/vc_column_inner][\/vc_row_inner][vc_row_inner][vc_column_inner offset=\u00a0\u00bbvc_hidden-lg vc_hidden-md\u00a0\u00bb][vc_column_text]<\/p>\n<p style=\"text-align: center;\"><span style=\"font-size: 24pt; font-family: montserrat; color: #000000;\"><strong>HAIR SPA<br \/>\nTREATMENTS<\/strong><\/span><\/p>\n<p style=\"text-align: center;\">Nos valeurs, synonymes de <strong>technologie et de bien-\u00eatre<\/strong>, sont r\u00e9sum\u00e9es dans le concept ayant inspir\u00e9 \u00ab\u00a0Hair Spa Treatments\u00a0\u00bb. Des <strong>traitements r\u00e9volutionnaires<\/strong> aux standards \u00e9lev\u00e9s, des <strong>formules sublimes<\/strong> capables d&rsquo;impressionner les clients les plus exigeants ouvrent la voie \u00e0 la beaut\u00e9.<\/p>\n<p style=\"text-align: center;\">Chaque jour, nous faisons partie de l&rsquo;Haircare routine de <strong>femmes et d&rsquo;hommes du monde entier.<\/strong><\/p>\n<p>[\/vc_column_text][vc_single_image image=\u00a0\u00bb9038&Prime; img_size=\u00a0\u00bbfull\u00a0\u00bb][\/vc_column_inner][\/vc_row_inner][\/vc_column][\/vc_row][vc_row][vc_column][vc_empty_space height=\u00a0\u00bb40px\u00a0\u00bb][vc_row_inner][vc_column_inner width=\u00a0\u00bb2\/3&Prime; offset=\u00a0\u00bbvc_hidden-sm vc_hidden-xs\u00a0\u00bb][vc_single_image image=\u00a0\u00bb9037&Prime; img_size=\u00a0\u00bbfull\u00a0\u00bb][\/vc_column_inner][vc_column_inner width=\u00a0\u00bb1\/3&Prime; css=\u00a0\u00bb.vc_custom_1596188789238{padding-top: 10% !important;padding-bottom: 10% !important;}\u00a0\u00bb offset=\u00a0\u00bbvc_hidden-sm vc_hidden-xs\u00a0\u00bb][vc_column_text]<\/p>\n<p style=\"text-align: center;\"><span style=\"font-size: 24pt; font-family: montserrat; color: #000000;\"><strong>MADE IN ITALY<\/strong><\/span><\/p>\n<p style=\"text-align: center;\">Notre vision des soins capillaires d\u00e9coule de l&rsquo;utilisation de<strong> mati\u00e8res premi\u00e8res de qualit\u00e9<\/strong>, caract\u00e9ris\u00e9es par des ingr\u00e9dients n\u00e9cessaires au rituel de beaut\u00e9. Notre approche et notre exp\u00e9rimentation aboutissent \u00e0 des produits de qualit\u00e9 sup\u00e9rieure, d\u00e9velopp\u00e9s en parfaite harmonie avec la <strong>tradition cosm\u00e9tique italienne<\/strong>.<\/p>\n<p style=\"text-align: center;\">Parce que <strong>nous sommes n\u00e9s en Italie<\/strong>. Notre histoire et nos racines sont ici: pour nous, le \u00ab\u00a0Made in Italy\u00a0\u00bb n&rsquo;est pas un slogan, mais la valeur fondatrice de notre <strong>philosophie de la sant\u00e9 capillaire<\/strong>.<\/p>\n<p>[\/vc_column_text][\/vc_column_inner][\/vc_row_inner][vc_row_inner][vc_column_inner offset=\u00a0\u00bbvc_hidden-lg vc_hidden-md\u00a0\u00bb][vc_column_text]<\/p>\n<p style=\"text-align: center;\"><span style=\"font-size: 24pt; font-family: montserrat; color: #000000;\"><strong>MADE IN ITALY<\/strong><\/span><\/p>\n<p style=\"text-align: center;\">Notre vision des soins capillaires d\u00e9coule de l&rsquo;utilisation de<strong> mati\u00e8res premi\u00e8res de qualit\u00e9<\/strong>, caract\u00e9ris\u00e9es par des ingr\u00e9dients n\u00e9cessaires au rituel de beaut\u00e9. Notre approche et notre exp\u00e9rimentation aboutissent \u00e0 des produits de qualit\u00e9 sup\u00e9rieure, d\u00e9velopp\u00e9s en parfaite harmonie avec la <strong>tradition cosm\u00e9tique italienne<\/strong>.<\/p>\n<p style=\"text-align: center;\">Parce que <strong>nous sommes n\u00e9s en Italie<\/strong>. Notre histoire et nos racines sont ici: pour nous, le \u00ab\u00a0Made in Italy\u00a0\u00bb n&rsquo;est pas un slogan, mais la valeur fondatrice de notre <strong>philosophie de la sant\u00e9 capillaire<\/strong>.<\/p>\n<p>[\/vc_column_text][vc_single_image image=\u00a0\u00bb9037&Prime; img_size=\u00a0\u00bbfull\u00a0\u00bb][\/vc_column_inner][\/vc_row_inner][\/vc_column][\/vc_row][vc_row][vc_column][vc_empty_space height=\u00a0\u00bb40px\u00a0\u00bb][vc_row_inner][vc_column_inner width=\u00a0\u00bb1\/3&Prime; css=\u00a0\u00bb.vc_custom_1596122325960{padding-top: 5% !important;}\u00a0\u00bb offset=\u00a0\u00bbvc_hidden-sm vc_hidden-xs\u00a0\u00bb][vc_single_image image=\u00a0\u00bb9035&Prime; img_size=\u00a0\u00bbfull\u00a0\u00bb][\/vc_column_inner][vc_column_inner width=\u00a0\u00bb1\/3&Prime; offset=\u00a0\u00bbvc_hidden-sm vc_hidden-xs\u00a0\u00bb css=\u00a0\u00bb.vc_custom_1596188832843{padding-top: 25% !important;padding-bottom: 25% !important;}\u00a0\u00bb][vc_column_text]<\/p>\n<p style=\"text-align: center;\"><span style=\"font-size: 24pt; font-family: montserrat; color: #000000;\"><strong>INSPIRATION<\/strong><\/span><\/p>\n<p style=\"text-align: center;\">\u00c9tudier le pass\u00e9 et observer le pr\u00e9sent pour anticiper l&rsquo;avenir. Les <strong>codes esth\u00e9tiques<\/strong> sont d\u00e9compos\u00e9s et reconstruits sous de <strong>nouvelles formes<\/strong>. Ainsi naissent les tendances qui inspirent et surgissent dans les <strong>Inspiration Book K-time<\/strong>.<\/p>\n<p style=\"text-align: center;\">Des pages pr\u00e9cieuses o\u00f9 apparaissent des courants stylistiques exclusifs: notre loupe sur le<strong> monde de la coiffure<\/strong>, un m\u00e9lange de cr\u00e9ativit\u00e9, de style et d&rsquo;excellence italienne au <strong>service du coiffeur.<\/strong><\/p>\n<p>[\/vc_column_text][\/vc_column_inner][vc_column_inner width=\u00a0\u00bb1\/3&Prime; offset=\u00a0\u00bbvc_hidden-sm vc_hidden-xs\u00a0\u00bb][vc_single_image image=\u00a0\u00bb9036&Prime; img_size=\u00a0\u00bbfull\u00a0\u00bb][\/vc_column_inner][\/vc_row_inner][vc_row_inner][vc_column_inner offset=\u00a0\u00bbvc_hidden-lg vc_hidden-md\u00a0\u00bb][vc_column_text]<\/p>\n<p style=\"text-align: center;\"><span style=\"font-size: 24pt; font-family: montserrat; color: #000000;\"><strong>INSPIRATION<\/strong><\/span><\/p>\n<p style=\"text-align: center;\">\u00c9tudier le pass\u00e9 et observer le pr\u00e9sent pour anticiper l&rsquo;avenir. Les <strong>codes esth\u00e9tiques<\/strong> sont d\u00e9compos\u00e9s et reconstruits sous de <strong>nouvelles formes<\/strong>. Ainsi naissent les tendances qui inspirent et surgissent dans les <strong>Inspiration Book K-time<\/strong>.<\/p>\n<p style=\"text-align: center;\">Des pages pr\u00e9cieuses o\u00f9 apparaissent des courants stylistiques exclusifs: notre loupe sur le<strong> monde de la coiffure<\/strong>, un m\u00e9lange de cr\u00e9ativit\u00e9, de style et d&rsquo;excellence italienne au <strong>service du coiffeur.<\/strong><\/p>\n<p>[\/vc_column_text][vc_single_image image=\u00a0\u00bb9034&Prime; img_size=\u00a0\u00bbfull\u00a0\u00bb][\/vc_column_inner][\/vc_row_inner][\/vc_column][\/vc_row]<\/p>\n<\/div>","protected":false},"excerpt":{"rendered":"<p>[vc_row][vc_column][\/vc_column][\/vc_row][vc_row][vc_column][vc_empty_space height=\u00a0\u00bb80px\u00a0\u00bb][vc_row_inner][vc_column_inner width=\u00a0\u00bb2\/3&Prime; offset=\u00a0\u00bbvc_hidden-sm vc_hidden-xs\u00a0\u00bb][vc_single_image image=\u00a0\u00bb9033&Prime; img_size=\u00a0\u00bbfull\u00a0\u00bb][\/vc_column_inner][vc_column_inner width=\u00a0\u00bb1\/3&Prime; css=\u00a0\u00bb.vc_custom_1596188696673{padding-top: 15% !important;padding-bottom: 15% !important;}\u00a0\u00bb offset=\u00a0\u00bbvc_hidden-sm vc_hidden-xs\u00a0\u00bb][vc_column_text] SALON EXCELLENCE Tradition et innovation. Recherche et technologie. Style et \u00e9l\u00e9gance. Le Salon comme laboratoire d&rsquo;excellence et temple de la beaut\u00e9, le Coiffeur comme expert auquel faire confiance. Notre objectif est de soutenir les salons professionnels dans le monde entier&hellip;<\/p>\n","protected":false},"author":1,"featured_media":0,"parent":0,"menu_order":0,"comment_status":"closed","ping_status":"open","template":"","meta":{"footnotes":""},"class_list":["post-15146","page","type-page","status-publish","hentry","description-off"],"yoast_head":"<!-- This site is optimized with the Yoast SEO plugin v26.8 - https:\/\/yoast.com\/product\/yoast-seo-wordpress\/ -->\n<title>Philosophy | K-time<\/title>\n<meta name=\"description\" content=\"Tradition et innovation. Recherche et technologie. Style et \u00e9l\u00e9gance. Choisir K-time, c&#039;est construire l&#039;avenir et aspirer \u00e0 la perfection.\" \/>\n<meta name=\"robots\" content=\"index, follow, max-snippet:-1, max-image-preview:large, max-video-preview:-1\" \/>\n<link rel=\"canonical\" href=\"https:\/\/k-time.it\/philosophy\/\" \/>\n<meta property=\"og:locale\" content=\"fr_FR\" \/>\n<meta property=\"og:type\" content=\"article\" \/>\n<meta property=\"og:title\" content=\"Philosophy | K-time\" \/>\n<meta property=\"og:description\" content=\"Tradition et innovation. Recherche et technologie. Style et \u00e9l\u00e9gance. Choisir K-time, c&#039;est construire l&#039;avenir et aspirer \u00e0 la perfection.\" \/>\n<meta property=\"og:url\" content=\"https:\/\/k-time.it\/philosophy\/\" \/>\n<meta property=\"og:site_name\" content=\"K-time\" \/>\n<meta property=\"article:modified_time\" content=\"2021-05-26T14:53:08+00:00\" \/>\n<meta name=\"twitter:card\" content=\"summary_large_image\" \/>\n<meta name=\"twitter:label1\" content=\"Dur\u00e9e de lecture estim\u00e9e\" \/>\n\t<meta name=\"twitter:data1\" content=\"3 minutes\" \/>\n<script type=\"application\/ld+json\" class=\"yoast-schema-graph\">{\"@context\":\"https:\/\/schema.org\",\"@graph\":[{\"@type\":\"WebPage\",\"@id\":\"https:\/\/k-time.it\/philosophy\/\",\"url\":\"https:\/\/k-time.it\/philosophy\/\",\"name\":\"Philosophy | K-time\",\"isPartOf\":{\"@id\":\"https:\/\/k-time.it\/en\/#website\"},\"datePublished\":\"2021-05-26T14:52:09+00:00\",\"dateModified\":\"2021-05-26T14:53:08+00:00\",\"description\":\"Tradition et innovation. Recherche et technologie. Style et \u00e9l\u00e9gance. Choisir K-time, c'est construire l'avenir et aspirer \u00e0 la perfection.\",\"breadcrumb\":{\"@id\":\"https:\/\/k-time.it\/philosophy\/#breadcrumb\"},\"inLanguage\":\"fr-FR\",\"potentialAction\":[{\"@type\":\"ReadAction\",\"target\":[\"https:\/\/k-time.it\/philosophy\/\"]}]},{\"@type\":\"BreadcrumbList\",\"@id\":\"https:\/\/k-time.it\/philosophy\/#breadcrumb\",\"itemListElement\":[{\"@type\":\"ListItem\",\"position\":1,\"name\":\"Home\",\"item\":\"https:\/\/k-time.it\/fr\/\"},{\"@type\":\"ListItem\",\"position\":2,\"name\":\"Philosophy\"}]},{\"@type\":\"WebSite\",\"@id\":\"https:\/\/k-time.it\/en\/#website\",\"url\":\"https:\/\/k-time.it\/en\/\",\"name\":\"K-time\",\"description\":\"Hair Spa Treatments\",\"publisher\":{\"@id\":\"https:\/\/k-time.it\/en\/#organization\"},\"potentialAction\":[{\"@type\":\"SearchAction\",\"target\":{\"@type\":\"EntryPoint\",\"urlTemplate\":\"https:\/\/k-time.it\/en\/?s={search_term_string}\"},\"query-input\":{\"@type\":\"PropertyValueSpecification\",\"valueRequired\":true,\"valueName\":\"search_term_string\"}}],\"inLanguage\":\"fr-FR\"},{\"@type\":\"Organization\",\"@id\":\"https:\/\/k-time.it\/en\/#organization\",\"name\":\"K-time\",\"url\":\"https:\/\/k-time.it\/en\/\",\"logo\":{\"@type\":\"ImageObject\",\"inLanguage\":\"fr-FR\",\"@id\":\"https:\/\/k-time.it\/en\/#\/schema\/logo\/image\/\",\"url\":\"\",\"contentUrl\":\"\",\"caption\":\"K-time\"},\"image\":{\"@id\":\"https:\/\/k-time.it\/en\/#\/schema\/logo\/image\/\"}}]}<\/script>\n<!-- \/ Yoast SEO plugin. -->","yoast_head_json":{"title":"Philosophy | K-time","description":"Tradition et innovation. Recherche et technologie. Style et \u00e9l\u00e9gance. Choisir K-time, c'est construire l'avenir et aspirer \u00e0 la perfection.","robots":{"index":"index","follow":"follow","max-snippet":"max-snippet:-1","max-image-preview":"max-image-preview:large","max-video-preview":"max-video-preview:-1"},"canonical":"https:\/\/k-time.it\/philosophy\/","og_locale":"fr_FR","og_type":"article","og_title":"Philosophy | K-time","og_description":"Tradition et innovation. Recherche et technologie. Style et \u00e9l\u00e9gance. Choisir K-time, c'est construire l'avenir et aspirer \u00e0 la perfection.","og_url":"https:\/\/k-time.it\/philosophy\/","og_site_name":"K-time","article_modified_time":"2021-05-26T14:53:08+00:00","twitter_card":"summary_large_image","twitter_misc":{"Dur\u00e9e de lecture estim\u00e9e":"3 minutes"},"schema":{"@context":"https:\/\/schema.org","@graph":[{"@type":"WebPage","@id":"https:\/\/k-time.it\/philosophy\/","url":"https:\/\/k-time.it\/philosophy\/","name":"Philosophy | K-time","isPartOf":{"@id":"https:\/\/k-time.it\/en\/#website"},"datePublished":"2021-05-26T14:52:09+00:00","dateModified":"2021-05-26T14:53:08+00:00","description":"Tradition et innovation. Recherche et technologie. Style et \u00e9l\u00e9gance. Choisir K-time, c'est construire l'avenir et aspirer \u00e0 la perfection.","breadcrumb":{"@id":"https:\/\/k-time.it\/philosophy\/#breadcrumb"},"inLanguage":"fr-FR","potentialAction":[{"@type":"ReadAction","target":["https:\/\/k-time.it\/philosophy\/"]}]},{"@type":"BreadcrumbList","@id":"https:\/\/k-time.it\/philosophy\/#breadcrumb","itemListElement":[{"@type":"ListItem","position":1,"name":"Home","item":"https:\/\/k-time.it\/fr\/"},{"@type":"ListItem","position":2,"name":"Philosophy"}]},{"@type":"WebSite","@id":"https:\/\/k-time.it\/en\/#website","url":"https:\/\/k-time.it\/en\/","name":"K-time","description":"Hair Spa Treatments","publisher":{"@id":"https:\/\/k-time.it\/en\/#organization"},"potentialAction":[{"@type":"SearchAction","target":{"@type":"EntryPoint","urlTemplate":"https:\/\/k-time.it\/en\/?s={search_term_string}"},"query-input":{"@type":"PropertyValueSpecification","valueRequired":true,"valueName":"search_term_string"}}],"inLanguage":"fr-FR"},{"@type":"Organization","@id":"https:\/\/k-time.it\/en\/#organization","name":"K-time","url":"https:\/\/k-time.it\/en\/","logo":{"@type":"ImageObject","inLanguage":"fr-FR","@id":"https:\/\/k-time.it\/en\/#\/schema\/logo\/image\/","url":"","contentUrl":"","caption":"K-time"},"image":{"@id":"https:\/\/k-time.it\/en\/#\/schema\/logo\/image\/"}}]}},"_links":{"self":[{"href":"https:\/\/k-time.it\/fr\/wp-json\/wp\/v2\/pages\/15146","targetHints":{"allow":["GET"]}}],"collection":[{"href":"https:\/\/k-time.it\/fr\/wp-json\/wp\/v2\/pages"}],"about":[{"href":"https:\/\/k-time.it\/fr\/wp-json\/wp\/v2\/types\/page"}],"author":[{"embeddable":true,"href":"https:\/\/k-time.it\/fr\/wp-json\/wp\/v2\/users\/1"}],"replies":[{"embeddable":true,"href":"https:\/\/k-time.it\/fr\/wp-json\/wp\/v2\/comments?post=15146"}],"version-history":[{"count":0,"href":"https:\/\/k-time.it\/fr\/wp-json\/wp\/v2\/pages\/15146\/revisions"}],"wp:attachment":[{"href":"https:\/\/k-time.it\/fr\/wp-json\/wp\/v2\/media?parent=15146"}],"curies":[{"name":"wp","href":"https:\/\/api.w.org\/{rel}","templated":true}]}}