{"id":6802,"date":"2020-06-25T16:46:02","date_gmt":"2020-06-25T14:46:02","guid":{"rendered":"https:\/\/k-time.it\/products\/sin%20categor\u00eda\/champu-3-en-1\/"},"modified":"2021-06-23T19:02:15","modified_gmt":"2021-06-23T17:02:15","slug":"champu-3-en-1","status":"publish","type":"product","link":"https:\/\/k-time.it\/es\/products\/one-man\/champu-3-en-1\/","title":{"rendered":"One Man | Champ\u00fa 3 en 1"},"content":{"rendered":"<div class=\"wpb-content-wrapper\"><p>[vc_row disable_element=\u00bbyes\u00bb][vc_column][\/vc_column][\/vc_row][vc_row][vc_column width=\u00bb1\/2&#8243;]<div class=\"standard-arrow list-divider bullet-top\"><h2>Formulaci\u00f3n<\/h2>\n<ul>\n<li><strong>Creatina<\/strong>:\u00a0aumenta la resistencia capilar<\/li>\n<li><strong>Extracto de Tilo<\/strong>:\u00a0que ejerce una acci\u00f3n protectora y calmante sobre el cuero cabelludo<\/li>\n<li><strong>Piroctona Olamina<\/strong>:\u00a0previene y reduce las imperfecciones de la caspa<\/li>\n<\/ul>\n<\/div>[\/vc_column][vc_column width=\u00bb1\/2&#8243;]<div class=\"standard-arrow list-divider bullet-top\"><h2>Beneficios<\/h2>\n<ul>\n<li>Triple acci\u00f3n\u00a0(fortificante, anticaspa, purificadora)<\/li>\n<li>Elimina\u00a0las impurezas en profundidad<\/li>\n<li>Reduce\u00a0la producci\u00f3n de caspa<\/li>\n<li>Cabello m\u00e1s\u00a0tonificado, fuerte y vigoroso<\/li>\n<li>Incremento de la\u00a0vitalidad de la fibra<\/li>\n<\/ul>\n<\/div>[\/vc_column][\/vc_row][vc_row css=\u00bb.vc_custom_1595317695114{padding-top: 50px !important;}\u00bb][vc_column]<div class=\"dt-fancy-separator h2-size style-thick\" style=\"width: 100%;\"><div class=\"dt-fancy-title\" style=\"color: #333333;\"><span class=\"separator-holder separator-left\" style=\"border-color: #f0f0f0;\"><\/span>Productos relacionados<span class=\"separator-holder separator-right\" style=\"border-color: #f0f0f0;\"><\/span><\/div><\/div>[vc_raw_html]W3dwYi1wcm9kdWN0LXNsaWRlci1zaG9ydGNvZGUgaWQ9IjIyNDQiXQ==[\/vc_raw_html][\/vc_column][\/vc_row]<\/p>\n<\/div>","protected":false},"excerpt":{"rendered":"<p>[glossary_exclude]El\u00a0<strong>champ\u00fa 3 en 1 One Man\u00a0<\/strong>de acci\u00f3n\u00a0<strong>fortificante, anticaspa y purificante\u00a0<\/strong>es el producto ideal para el hombre que desea un tratamiento delicado, pero frecuente: al limpiar en profundidad, el champ\u00fa masculino\u00a0<strong>elimina las impurezas<\/strong>\u00a0y los residuos de la caspa, propiciando las condiciones ideales para revitalizar el cabello.<\/p>\n<p>Gracias a la f\u00f3rmula enriquecida con\u00a0<strong>Creatina<\/strong>, que facilita la reparaci\u00f3n y\u00a0<strong>estimula la vitalidad<\/strong>\u00a0de la fibra, purific\u00e1ndola, el cabello se fortalece con cada lavado. Adem\u00e1s, la innovadora formulaci\u00f3n del champ\u00fa fortificante 3 en 1 One Man<strong>\u00a0tonifica<\/strong>\u00a0el cuero cabelludo y aumenta la resistencia capilar.<\/p>\n<p>[\/glossary_exclude]<\/p>\n<p>Formato 250 ml<\/p>\n<p><span style=\"font-weight: 400;\">[vc_row][vc_column][ultimate_exp_section title=\" C\u00f3mo comprar\" new_title=\"Solicita informaci\u00f3n sobre la compra\" text_color=\"#ffffff\" background_color=\"#877650\" text_hovercolor=\"#ffffff\" bghovercolor=\"#877650\" title_active=\"#ffffff\" title_active_bg=\"#877650\" cnt_bg_color=\"#ffffff\" icon=\"icomoon-the7-font-icon-cart-detailed\" new_icon=\"icomoon-the7-font-the7-mail-011\" icon_align=\"left\" icon_size=\"20\" icon_color=\"#ffffff\" icon_hover_color=\"#ffffff\" icon_active_color=\"#ffffff\" title_font_size=\"desktop:16px;\" title_padding=\"padding-top:4px;padding-right:7px;padding-bottom:4px;padding-left:4px;\" icon_margin=\"margin-right:1px;\"][contact-form-7 id=\"496\"][\/ultimate_exp_section][\/vc_column][\/vc_row]<\/span><\/p>\n","protected":false},"featured_media":18058,"template":"","meta":[],"product_brand":[],"product_cat":[1090],"product_tag":[],"class_list":{"0":"post-6802","1":"product","2":"type-product","3":"status-publish","4":"has-post-thumbnail","6":"product_cat-one-man","7":"description-off","9":"first","10":"instock","11":"shipping-taxable","12":"product-type-simple"},"yoast_head":"<!-- This site is optimized with the Yoast SEO plugin v26.8 - https:\/\/yoast.com\/product\/yoast-seo-wordpress\/ -->\n<title>One Man | Champ\u00fa 3 en 1 - K-time<\/title>\n<meta name=\"description\" content=\"El champ\u00fa 3 en 1 One Man de acci\u00f3n fortificante, anticaspa y purificante es el producto ideal para el hombre que desea un tratamiento delicado, pero frecuente: al limpiar en profundidad\" \/>\n<meta name=\"robots\" content=\"index, follow, max-snippet:-1, max-image-preview:large, max-video-preview:-1\" \/>\n<link rel=\"canonical\" href=\"https:\/\/k-time.it\/products\/one-man\/one-man-shampoo-uomo\/\" \/>\n<meta property=\"og:locale\" content=\"es_ES\" \/>\n<meta property=\"og:type\" content=\"article\" \/>\n<meta property=\"og:title\" content=\"One Man | Champ\u00fa 3 en 1 - K-time\" \/>\n<meta property=\"og:description\" content=\"El champ\u00fa 3 en 1 One Man de acci\u00f3n fortificante, anticaspa y purificante es el producto ideal para el hombre que desea un tratamiento delicado, pero frecuente: al limpiar en profundidad\" \/>\n<meta property=\"og:url\" content=\"https:\/\/k-time.it\/products\/one-man\/one-man-shampoo-uomo\/\" \/>\n<meta property=\"og:site_name\" content=\"K-time\" \/>\n<meta property=\"article:modified_time\" content=\"2021-06-23T17:02:15+00:00\" \/>\n<meta property=\"og:image\" content=\"https:\/\/k-time.it\/wp-content\/uploads\/2020\/06\/22021_k-time_one_man_shampoo_fortifying_dandruff_control_purifying_250ml.png\" \/>\n\t<meta property=\"og:image:width\" content=\"600\" \/>\n\t<meta property=\"og:image:height\" content=\"600\" \/>\n\t<meta property=\"og:image:type\" content=\"image\/png\" \/>\n<meta name=\"twitter:card\" content=\"summary_large_image\" \/>\n<meta name=\"twitter:label1\" content=\"Tiempo de lectura\" \/>\n\t<meta name=\"twitter:data1\" content=\"1 minuto\" \/>\n<script type=\"application\/ld+json\" class=\"yoast-schema-graph\">{\"@context\":\"https:\/\/schema.org\",\"@graph\":[{\"@type\":\"WebPage\",\"@id\":\"https:\/\/k-time.it\/products\/one-man\/one-man-shampoo-uomo\/\",\"url\":\"https:\/\/k-time.it\/products\/one-man\/one-man-shampoo-uomo\/\",\"name\":\"One Man | Champ\u00fa 3 en 1 - K-time\",\"isPartOf\":{\"@id\":\"https:\/\/k-time.it\/en\/#website\"},\"primaryImageOfPage\":{\"@id\":\"https:\/\/k-time.it\/products\/one-man\/one-man-shampoo-uomo\/#primaryimage\"},\"image\":{\"@id\":\"https:\/\/k-time.it\/products\/one-man\/one-man-shampoo-uomo\/#primaryimage\"},\"thumbnailUrl\":\"https:\/\/k-time.it\/wp-content\/uploads\/2020\/06\/22021_k-time_one_man_shampoo_fortifying_dandruff_control_purifying_250ml.png\",\"datePublished\":\"2020-06-25T14:46:02+00:00\",\"dateModified\":\"2021-06-23T17:02:15+00:00\",\"description\":\"El champ\u00fa 3 en 1 One Man de acci\u00f3n fortificante, anticaspa y purificante es el producto ideal para el hombre que desea un tratamiento delicado, pero frecuente: al limpiar en profundidad\",\"breadcrumb\":{\"@id\":\"https:\/\/k-time.it\/products\/one-man\/one-man-shampoo-uomo\/#breadcrumb\"},\"inLanguage\":\"es\",\"potentialAction\":[{\"@type\":\"ReadAction\",\"target\":[\"https:\/\/k-time.it\/products\/one-man\/one-man-shampoo-uomo\/\"]}]},{\"@type\":\"ImageObject\",\"inLanguage\":\"es\",\"@id\":\"https:\/\/k-time.it\/products\/one-man\/one-man-shampoo-uomo\/#primaryimage\",\"url\":\"https:\/\/k-time.it\/wp-content\/uploads\/2020\/06\/22021_k-time_one_man_shampoo_fortifying_dandruff_control_purifying_250ml.png\",\"contentUrl\":\"https:\/\/k-time.it\/wp-content\/uploads\/2020\/06\/22021_k-time_one_man_shampoo_fortifying_dandruff_control_purifying_250ml.png\",\"width\":600,\"height\":600,\"caption\":\"One Man | Shampoo 3 in 1\"},{\"@type\":\"BreadcrumbList\",\"@id\":\"https:\/\/k-time.it\/products\/one-man\/one-man-shampoo-uomo\/#breadcrumb\",\"itemListElement\":[{\"@type\":\"ListItem\",\"position\":1,\"name\":\"Home\",\"item\":\"https:\/\/k-time.it\/es\/\"},{\"@type\":\"ListItem\",\"position\":2,\"name\":\"Shop\",\"item\":\"https:\/\/k-time.it\/en\/negozio\/\"},{\"@type\":\"ListItem\",\"position\":3,\"name\":\"One Man | Champ\u00fa 3 en 1\"}]},{\"@type\":\"WebSite\",\"@id\":\"https:\/\/k-time.it\/en\/#website\",\"url\":\"https:\/\/k-time.it\/en\/\",\"name\":\"K-time\",\"description\":\"Hair Spa Treatments\",\"publisher\":{\"@id\":\"https:\/\/k-time.it\/en\/#organization\"},\"potentialAction\":[{\"@type\":\"SearchAction\",\"target\":{\"@type\":\"EntryPoint\",\"urlTemplate\":\"https:\/\/k-time.it\/en\/?s={search_term_string}\"},\"query-input\":{\"@type\":\"PropertyValueSpecification\",\"valueRequired\":true,\"valueName\":\"search_term_string\"}}],\"inLanguage\":\"es\"},{\"@type\":\"Organization\",\"@id\":\"https:\/\/k-time.it\/en\/#organization\",\"name\":\"K-time\",\"url\":\"https:\/\/k-time.it\/en\/\",\"logo\":{\"@type\":\"ImageObject\",\"inLanguage\":\"es\",\"@id\":\"https:\/\/k-time.it\/en\/#\/schema\/logo\/image\/\",\"url\":\"\",\"contentUrl\":\"\",\"caption\":\"K-time\"},\"image\":{\"@id\":\"https:\/\/k-time.it\/en\/#\/schema\/logo\/image\/\"}}]}<\/script>\n<!-- \/ Yoast SEO plugin. -->","yoast_head_json":{"title":"One Man | Champ\u00fa 3 en 1 - K-time","description":"El champ\u00fa 3 en 1 One Man de acci\u00f3n fortificante, anticaspa y purificante es el producto ideal para el hombre que desea un tratamiento delicado, pero frecuente: al limpiar en profundidad","robots":{"index":"index","follow":"follow","max-snippet":"max-snippet:-1","max-image-preview":"max-image-preview:large","max-video-preview":"max-video-preview:-1"},"canonical":"https:\/\/k-time.it\/products\/one-man\/one-man-shampoo-uomo\/","og_locale":"es_ES","og_type":"article","og_title":"One Man | Champ\u00fa 3 en 1 - K-time","og_description":"El champ\u00fa 3 en 1 One Man de acci\u00f3n fortificante, anticaspa y purificante es el producto ideal para el hombre que desea un tratamiento delicado, pero frecuente: al limpiar en profundidad","og_url":"https:\/\/k-time.it\/products\/one-man\/one-man-shampoo-uomo\/","og_site_name":"K-time","article_modified_time":"2021-06-23T17:02:15+00:00","og_image":[{"width":600,"height":600,"url":"https:\/\/k-time.it\/wp-content\/uploads\/2020\/06\/22021_k-time_one_man_shampoo_fortifying_dandruff_control_purifying_250ml.png","type":"image\/png"}],"twitter_card":"summary_large_image","twitter_misc":{"Tiempo de lectura":"1 minuto"},"schema":{"@context":"https:\/\/schema.org","@graph":[{"@type":"WebPage","@id":"https:\/\/k-time.it\/products\/one-man\/one-man-shampoo-uomo\/","url":"https:\/\/k-time.it\/products\/one-man\/one-man-shampoo-uomo\/","name":"One Man | Champ\u00fa 3 en 1 - K-time","isPartOf":{"@id":"https:\/\/k-time.it\/en\/#website"},"primaryImageOfPage":{"@id":"https:\/\/k-time.it\/products\/one-man\/one-man-shampoo-uomo\/#primaryimage"},"image":{"@id":"https:\/\/k-time.it\/products\/one-man\/one-man-shampoo-uomo\/#primaryimage"},"thumbnailUrl":"https:\/\/k-time.it\/wp-content\/uploads\/2020\/06\/22021_k-time_one_man_shampoo_fortifying_dandruff_control_purifying_250ml.png","datePublished":"2020-06-25T14:46:02+00:00","dateModified":"2021-06-23T17:02:15+00:00","description":"El champ\u00fa 3 en 1 One Man de acci\u00f3n fortificante, anticaspa y purificante es el producto ideal para el hombre que desea un tratamiento delicado, pero frecuente: al limpiar en profundidad","breadcrumb":{"@id":"https:\/\/k-time.it\/products\/one-man\/one-man-shampoo-uomo\/#breadcrumb"},"inLanguage":"es","potentialAction":[{"@type":"ReadAction","target":["https:\/\/k-time.it\/products\/one-man\/one-man-shampoo-uomo\/"]}]},{"@type":"ImageObject","inLanguage":"es","@id":"https:\/\/k-time.it\/products\/one-man\/one-man-shampoo-uomo\/#primaryimage","url":"https:\/\/k-time.it\/wp-content\/uploads\/2020\/06\/22021_k-time_one_man_shampoo_fortifying_dandruff_control_purifying_250ml.png","contentUrl":"https:\/\/k-time.it\/wp-content\/uploads\/2020\/06\/22021_k-time_one_man_shampoo_fortifying_dandruff_control_purifying_250ml.png","width":600,"height":600,"caption":"One Man | Shampoo 3 in 1"},{"@type":"BreadcrumbList","@id":"https:\/\/k-time.it\/products\/one-man\/one-man-shampoo-uomo\/#breadcrumb","itemListElement":[{"@type":"ListItem","position":1,"name":"Home","item":"https:\/\/k-time.it\/es\/"},{"@type":"ListItem","position":2,"name":"Shop","item":"https:\/\/k-time.it\/en\/negozio\/"},{"@type":"ListItem","position":3,"name":"One Man | Champ\u00fa 3 en 1"}]},{"@type":"WebSite","@id":"https:\/\/k-time.it\/en\/#website","url":"https:\/\/k-time.it\/en\/","name":"K-time","description":"Hair Spa Treatments","publisher":{"@id":"https:\/\/k-time.it\/en\/#organization"},"potentialAction":[{"@type":"SearchAction","target":{"@type":"EntryPoint","urlTemplate":"https:\/\/k-time.it\/en\/?s={search_term_string}"},"query-input":{"@type":"PropertyValueSpecification","valueRequired":true,"valueName":"search_term_string"}}],"inLanguage":"es"},{"@type":"Organization","@id":"https:\/\/k-time.it\/en\/#organization","name":"K-time","url":"https:\/\/k-time.it\/en\/","logo":{"@type":"ImageObject","inLanguage":"es","@id":"https:\/\/k-time.it\/en\/#\/schema\/logo\/image\/","url":"","contentUrl":"","caption":"K-time"},"image":{"@id":"https:\/\/k-time.it\/en\/#\/schema\/logo\/image\/"}}]}},"_links":{"self":[{"href":"https:\/\/k-time.it\/es\/wp-json\/wp\/v2\/product\/6802","targetHints":{"allow":["GET"]}}],"collection":[{"href":"https:\/\/k-time.it\/es\/wp-json\/wp\/v2\/product"}],"about":[{"href":"https:\/\/k-time.it\/es\/wp-json\/wp\/v2\/types\/product"}],"wp:featuredmedia":[{"embeddable":true,"href":"https:\/\/k-time.it\/es\/wp-json\/wp\/v2\/media\/18058"}],"wp:attachment":[{"href":"https:\/\/k-time.it\/es\/wp-json\/wp\/v2\/media?parent=6802"}],"wp:term":[{"taxonomy":"product_brand","embeddable":true,"href":"https:\/\/k-time.it\/es\/wp-json\/wp\/v2\/product_brand?post=6802"},{"taxonomy":"product_cat","embeddable":true,"href":"https:\/\/k-time.it\/es\/wp-json\/wp\/v2\/product_cat?post=6802"},{"taxonomy":"product_tag","embeddable":true,"href":"https:\/\/k-time.it\/es\/wp-json\/wp\/v2\/product_tag?post=6802"}],"curies":[{"name":"wp","href":"https:\/\/api.w.org\/{rel}","templated":true}]}}