{"id":6646,"date":"2020-06-25T16:46:06","date_gmt":"2020-06-25T14:46:06","guid":{"rendered":"https:\/\/k-time.it\/products\/sin%20categor\u00eda\/mascara-spray-10-en-1\/"},"modified":"2022-02-25T15:34:57","modified_gmt":"2022-02-25T14:34:57","slug":"mascara-spray-10-en-1","status":"publish","type":"product","link":"https:\/\/k-time.it\/es\/products\/treatments\/secret\/mascara-spray-10-en-1\/","title":{"rendered":"Secret | M\u00e1scara Spray 10 en 1"},"content":{"rendered":"<div class=\"wpb-content-wrapper\"><p>[vc_row disable_element=\u00bbyes\u00bb][vc_column][\/vc_column][\/vc_row][vc_row][vc_column width=\u00bb1\/2&#8243;]<div class=\"standard-arrow list-divider bullet-top\"><h2>Formulaci\u00f3n<\/h2>\n<div id=\"tab-altre-info\">\n<ul>\n<li><strong>Pol\u00edmero de silicona aminofuncional<\/strong>:\u00a0de acci\u00f3n cosm\u00e9tica m\u00faltiple<\/li>\n<li><strong>Aceite de Arg\u00e1n<\/strong>:\u00a0nutre y fortalece el cabello<\/li>\n<li><strong>Cloruro de behentrimonio<\/strong>:\u00a0de acci\u00f3n acondicionadora<\/li>\n<\/ul>\n<\/div>\n<\/div>[\/vc_column][vc_column width=\u00bb1\/2&#8243;]<div class=\"standard-number-list list-divider bullet-top\"><h2>Beneficios<\/h2>\n<ol>\n<li>Regenerador<\/li>\n<li>Reducci\u00f3n\u00a0del encrespamiento<\/li>\n<li>Protecci\u00f3n\u00a0del calor<\/li>\n<li>Suavidad m\u00e1xima<\/li>\n<li>Filtros\u00a0que protegen el color<\/li>\n<li>Modelado r\u00e1pido<\/li>\n<li>M\u00e1xima fijaci\u00f3n\u00a0del peinado<\/li>\n<li>Efecto\u00a0desenredante<\/li>\n<li>Acaba con\u00a0las puntas abiertas<\/li>\n<li>Aporta\u00a0cuerpo y volumen\u00a0al cabello<\/li>\n<\/ol>\n<\/div>[\/vc_column][\/vc_row][vc_row css=\u00bb.vc_custom_1595317695114{padding-top: 50px !important;}\u00bb][vc_column]<div class=\"dt-fancy-separator h2-size style-thick\" style=\"width: 100%;\"><div class=\"dt-fancy-title\" style=\"color: #333333;\"><span class=\"separator-holder separator-left\" style=\"border-color: #f0f0f0;\"><\/span>Productos relacionados<span class=\"separator-holder separator-right\" style=\"border-color: #f0f0f0;\"><\/span><\/div><\/div>[vc_raw_html]JTVCd3BiLXByb2R1Y3Qtc2xpZGVyLXNob3J0Y29kZSUyMGlkJTNEJTIyMjI2OCUyMiU1RA==[\/vc_raw_html][\/vc_column][\/vc_row]<\/p>\n<\/div>","protected":false},"excerpt":{"rendered":"<p><strong>M\u00e1scara Spray<\/strong>\u00a0multiacci\u00f3n: en un solo producto sorprendente un<strong>\u00a0tratamiento completo<\/strong>\u00a0para satisfacer las necesidades m\u00e1s frecuentes de todo tipo de cabello.<\/p>\n<p>Al pulverizar la m\u00e1scara en aerosol sobre el cabello lavado y secado con toalla, gracias a su\u00a0<strong>r\u00e1pida eficacia<\/strong>, le ofrecer\u00e1s a tu cabello\u00a0<strong>10 acciones en un solo gesto<\/strong>: efecto desenredante para peinarte r\u00e1pidamente y una fijaci\u00f3n m\u00e1xima, reducci\u00f3n de las puntas abiertas y del encrespamiento y funci\u00f3n de protecci\u00f3n del calor, para obtener un cabello regenerado, suave y voluminoso.<\/p>\n<p>Formato de 180 ml<\/p>\n<p>&nbsp;<\/p>\n<p><span style=\"font-weight: 400;\">[vc_row][vc_column][ultimate_exp_section title=\" C\u00f3mo comprar\" new_title=\"Solicita informaci\u00f3n sobre la compra\" text_color=\"#ffffff\" background_color=\"#877650\" text_hovercolor=\"#ffffff\" bghovercolor=\"#877650\" title_active=\"#ffffff\" title_active_bg=\"#877650\" cnt_bg_color=\"#ffffff\" icon=\"icomoon-the7-font-icon-cart-detailed\" new_icon=\"icomoon-the7-font-the7-mail-011\" icon_align=\"left\" icon_size=\"20\" icon_color=\"#ffffff\" icon_hover_color=\"#ffffff\" icon_active_color=\"#ffffff\" title_font_size=\"desktop:16px;\" title_padding=\"padding-top:4px;padding-right:7px;padding-bottom:4px;padding-left:4px;\" icon_margin=\"margin-right:1px;\"][contact-form-7 id=\"496\"][\/ultimate_exp_section][\/vc_column][\/vc_row]<\/span><\/p>\n","protected":false},"featured_media":18324,"template":"","meta":[],"product_brand":[],"product_cat":[1066],"product_tag":[],"class_list":{"0":"post-6646","1":"product","2":"type-product","3":"status-publish","4":"has-post-thumbnail","6":"product_cat-secret","7":"description-off","9":"first","10":"instock","11":"shipping-taxable","12":"product-type-simple"},"yoast_head":"<!-- This site is optimized with the Yoast SEO plugin v26.8 - https:\/\/yoast.com\/product\/yoast-seo-wordpress\/ -->\n<title>Secret | M\u00e1scara Spray 10 en 1 - K-time<\/title>\n<meta name=\"description\" content=\"M\u00e1scara Spray multiacci\u00f3n: en un solo producto sorprendente un tratamiento completo para satisfacer las necesidades m\u00e1s frecuentes de todo tipo de cabello.\" \/>\n<meta name=\"robots\" content=\"index, follow, max-snippet:-1, max-image-preview:large, max-video-preview:-1\" \/>\n<link rel=\"canonical\" href=\"https:\/\/k-time.it\/es\/products\/treatments\/secret\/mascara-spray-10-en-1\/\" \/>\n<meta property=\"og:locale\" content=\"es_ES\" \/>\n<meta property=\"og:type\" content=\"article\" \/>\n<meta property=\"og:title\" content=\"Secret | M\u00e1scara Spray 10 en 1 - K-time\" \/>\n<meta property=\"og:description\" content=\"M\u00e1scara Spray multiacci\u00f3n: en un solo producto sorprendente un tratamiento completo para satisfacer las necesidades m\u00e1s frecuentes de todo tipo de cabello.\" \/>\n<meta property=\"og:url\" content=\"https:\/\/k-time.it\/es\/products\/treatments\/secret\/mascara-spray-10-en-1\/\" \/>\n<meta property=\"og:site_name\" content=\"K-time\" \/>\n<meta property=\"article:modified_time\" content=\"2022-02-25T14:34:57+00:00\" \/>\n<meta property=\"og:image\" content=\"https:\/\/k-time.it\/wp-content\/uploads\/2020\/06\/22025_k-time_secret_spray_10in1_spray_mask_180ml-1.png\" \/>\n\t<meta property=\"og:image:width\" content=\"600\" \/>\n\t<meta property=\"og:image:height\" content=\"600\" \/>\n\t<meta property=\"og:image:type\" content=\"image\/png\" \/>\n<meta name=\"twitter:card\" content=\"summary_large_image\" \/>\n<meta name=\"twitter:label1\" content=\"Tiempo de lectura\" \/>\n\t<meta name=\"twitter:data1\" content=\"1 minuto\" \/>\n<script type=\"application\/ld+json\" class=\"yoast-schema-graph\">{\"@context\":\"https:\/\/schema.org\",\"@graph\":[{\"@type\":\"WebPage\",\"@id\":\"https:\/\/k-time.it\/es\/products\/treatments\/secret\/mascara-spray-10-en-1\/\",\"url\":\"https:\/\/k-time.it\/es\/products\/treatments\/secret\/mascara-spray-10-en-1\/\",\"name\":\"Secret | M\u00e1scara Spray 10 en 1 - K-time\",\"isPartOf\":{\"@id\":\"https:\/\/k-time.it\/en\/#website\"},\"primaryImageOfPage\":{\"@id\":\"https:\/\/k-time.it\/es\/products\/treatments\/secret\/mascara-spray-10-en-1\/#primaryimage\"},\"image\":{\"@id\":\"https:\/\/k-time.it\/es\/products\/treatments\/secret\/mascara-spray-10-en-1\/#primaryimage\"},\"thumbnailUrl\":\"https:\/\/k-time.it\/wp-content\/uploads\/2020\/06\/22025_k-time_secret_spray_10in1_spray_mask_180ml-1.png\",\"datePublished\":\"2020-06-25T14:46:06+00:00\",\"dateModified\":\"2022-02-25T14:34:57+00:00\",\"description\":\"M\u00e1scara Spray multiacci\u00f3n: en un solo producto sorprendente un tratamiento completo para satisfacer las necesidades m\u00e1s frecuentes de todo tipo de cabello.\",\"breadcrumb\":{\"@id\":\"https:\/\/k-time.it\/es\/products\/treatments\/secret\/mascara-spray-10-en-1\/#breadcrumb\"},\"inLanguage\":\"es\",\"potentialAction\":[{\"@type\":\"ReadAction\",\"target\":[\"https:\/\/k-time.it\/es\/products\/treatments\/secret\/mascara-spray-10-en-1\/\"]}]},{\"@type\":\"ImageObject\",\"inLanguage\":\"es\",\"@id\":\"https:\/\/k-time.it\/es\/products\/treatments\/secret\/mascara-spray-10-en-1\/#primaryimage\",\"url\":\"https:\/\/k-time.it\/wp-content\/uploads\/2020\/06\/22025_k-time_secret_spray_10in1_spray_mask_180ml-1.png\",\"contentUrl\":\"https:\/\/k-time.it\/wp-content\/uploads\/2020\/06\/22025_k-time_secret_spray_10in1_spray_mask_180ml-1.png\",\"width\":600,\"height\":600,\"caption\":\"Maschera Spray Multiazione 10 in 1\"},{\"@type\":\"BreadcrumbList\",\"@id\":\"https:\/\/k-time.it\/es\/products\/treatments\/secret\/mascara-spray-10-en-1\/#breadcrumb\",\"itemListElement\":[{\"@type\":\"ListItem\",\"position\":1,\"name\":\"Home\",\"item\":\"https:\/\/k-time.it\/es\/\"},{\"@type\":\"ListItem\",\"position\":2,\"name\":\"Shop\",\"item\":\"https:\/\/k-time.it\/en\/negozio\/\"},{\"@type\":\"ListItem\",\"position\":3,\"name\":\"Secret | M\u00e1scara Spray 10 en 1\"}]},{\"@type\":\"WebSite\",\"@id\":\"https:\/\/k-time.it\/en\/#website\",\"url\":\"https:\/\/k-time.it\/en\/\",\"name\":\"K-time\",\"description\":\"Hair Spa Treatments\",\"publisher\":{\"@id\":\"https:\/\/k-time.it\/en\/#organization\"},\"potentialAction\":[{\"@type\":\"SearchAction\",\"target\":{\"@type\":\"EntryPoint\",\"urlTemplate\":\"https:\/\/k-time.it\/en\/?s={search_term_string}\"},\"query-input\":{\"@type\":\"PropertyValueSpecification\",\"valueRequired\":true,\"valueName\":\"search_term_string\"}}],\"inLanguage\":\"es\"},{\"@type\":\"Organization\",\"@id\":\"https:\/\/k-time.it\/en\/#organization\",\"name\":\"K-time\",\"url\":\"https:\/\/k-time.it\/en\/\",\"logo\":{\"@type\":\"ImageObject\",\"inLanguage\":\"es\",\"@id\":\"https:\/\/k-time.it\/en\/#\/schema\/logo\/image\/\",\"url\":\"\",\"contentUrl\":\"\",\"caption\":\"K-time\"},\"image\":{\"@id\":\"https:\/\/k-time.it\/en\/#\/schema\/logo\/image\/\"}}]}<\/script>\n<!-- \/ Yoast SEO plugin. -->","yoast_head_json":{"title":"Secret | M\u00e1scara Spray 10 en 1 - K-time","description":"M\u00e1scara Spray multiacci\u00f3n: en un solo producto sorprendente un tratamiento completo para satisfacer las necesidades m\u00e1s frecuentes de todo tipo de cabello.","robots":{"index":"index","follow":"follow","max-snippet":"max-snippet:-1","max-image-preview":"max-image-preview:large","max-video-preview":"max-video-preview:-1"},"canonical":"https:\/\/k-time.it\/es\/products\/treatments\/secret\/mascara-spray-10-en-1\/","og_locale":"es_ES","og_type":"article","og_title":"Secret | M\u00e1scara Spray 10 en 1 - K-time","og_description":"M\u00e1scara Spray multiacci\u00f3n: en un solo producto sorprendente un tratamiento completo para satisfacer las necesidades m\u00e1s frecuentes de todo tipo de cabello.","og_url":"https:\/\/k-time.it\/es\/products\/treatments\/secret\/mascara-spray-10-en-1\/","og_site_name":"K-time","article_modified_time":"2022-02-25T14:34:57+00:00","og_image":[{"width":600,"height":600,"url":"https:\/\/k-time.it\/wp-content\/uploads\/2020\/06\/22025_k-time_secret_spray_10in1_spray_mask_180ml-1.png","type":"image\/png"}],"twitter_card":"summary_large_image","twitter_misc":{"Tiempo de lectura":"1 minuto"},"schema":{"@context":"https:\/\/schema.org","@graph":[{"@type":"WebPage","@id":"https:\/\/k-time.it\/es\/products\/treatments\/secret\/mascara-spray-10-en-1\/","url":"https:\/\/k-time.it\/es\/products\/treatments\/secret\/mascara-spray-10-en-1\/","name":"Secret | M\u00e1scara Spray 10 en 1 - K-time","isPartOf":{"@id":"https:\/\/k-time.it\/en\/#website"},"primaryImageOfPage":{"@id":"https:\/\/k-time.it\/es\/products\/treatments\/secret\/mascara-spray-10-en-1\/#primaryimage"},"image":{"@id":"https:\/\/k-time.it\/es\/products\/treatments\/secret\/mascara-spray-10-en-1\/#primaryimage"},"thumbnailUrl":"https:\/\/k-time.it\/wp-content\/uploads\/2020\/06\/22025_k-time_secret_spray_10in1_spray_mask_180ml-1.png","datePublished":"2020-06-25T14:46:06+00:00","dateModified":"2022-02-25T14:34:57+00:00","description":"M\u00e1scara Spray multiacci\u00f3n: en un solo producto sorprendente un tratamiento completo para satisfacer las necesidades m\u00e1s frecuentes de todo tipo de cabello.","breadcrumb":{"@id":"https:\/\/k-time.it\/es\/products\/treatments\/secret\/mascara-spray-10-en-1\/#breadcrumb"},"inLanguage":"es","potentialAction":[{"@type":"ReadAction","target":["https:\/\/k-time.it\/es\/products\/treatments\/secret\/mascara-spray-10-en-1\/"]}]},{"@type":"ImageObject","inLanguage":"es","@id":"https:\/\/k-time.it\/es\/products\/treatments\/secret\/mascara-spray-10-en-1\/#primaryimage","url":"https:\/\/k-time.it\/wp-content\/uploads\/2020\/06\/22025_k-time_secret_spray_10in1_spray_mask_180ml-1.png","contentUrl":"https:\/\/k-time.it\/wp-content\/uploads\/2020\/06\/22025_k-time_secret_spray_10in1_spray_mask_180ml-1.png","width":600,"height":600,"caption":"Maschera Spray Multiazione 10 in 1"},{"@type":"BreadcrumbList","@id":"https:\/\/k-time.it\/es\/products\/treatments\/secret\/mascara-spray-10-en-1\/#breadcrumb","itemListElement":[{"@type":"ListItem","position":1,"name":"Home","item":"https:\/\/k-time.it\/es\/"},{"@type":"ListItem","position":2,"name":"Shop","item":"https:\/\/k-time.it\/en\/negozio\/"},{"@type":"ListItem","position":3,"name":"Secret | M\u00e1scara Spray 10 en 1"}]},{"@type":"WebSite","@id":"https:\/\/k-time.it\/en\/#website","url":"https:\/\/k-time.it\/en\/","name":"K-time","description":"Hair Spa Treatments","publisher":{"@id":"https:\/\/k-time.it\/en\/#organization"},"potentialAction":[{"@type":"SearchAction","target":{"@type":"EntryPoint","urlTemplate":"https:\/\/k-time.it\/en\/?s={search_term_string}"},"query-input":{"@type":"PropertyValueSpecification","valueRequired":true,"valueName":"search_term_string"}}],"inLanguage":"es"},{"@type":"Organization","@id":"https:\/\/k-time.it\/en\/#organization","name":"K-time","url":"https:\/\/k-time.it\/en\/","logo":{"@type":"ImageObject","inLanguage":"es","@id":"https:\/\/k-time.it\/en\/#\/schema\/logo\/image\/","url":"","contentUrl":"","caption":"K-time"},"image":{"@id":"https:\/\/k-time.it\/en\/#\/schema\/logo\/image\/"}}]}},"_links":{"self":[{"href":"https:\/\/k-time.it\/es\/wp-json\/wp\/v2\/product\/6646","targetHints":{"allow":["GET"]}}],"collection":[{"href":"https:\/\/k-time.it\/es\/wp-json\/wp\/v2\/product"}],"about":[{"href":"https:\/\/k-time.it\/es\/wp-json\/wp\/v2\/types\/product"}],"wp:featuredmedia":[{"embeddable":true,"href":"https:\/\/k-time.it\/es\/wp-json\/wp\/v2\/media\/18324"}],"wp:attachment":[{"href":"https:\/\/k-time.it\/es\/wp-json\/wp\/v2\/media?parent=6646"}],"wp:term":[{"taxonomy":"product_brand","embeddable":true,"href":"https:\/\/k-time.it\/es\/wp-json\/wp\/v2\/product_brand?post=6646"},{"taxonomy":"product_cat","embeddable":true,"href":"https:\/\/k-time.it\/es\/wp-json\/wp\/v2\/product_cat?post=6646"},{"taxonomy":"product_tag","embeddable":true,"href":"https:\/\/k-time.it\/es\/wp-json\/wp\/v2\/product_tag?post=6646"}],"curies":[{"name":"wp","href":"https:\/\/api.w.org\/{rel}","templated":true}]}}