{"id":6624,"date":"2020-06-25T16:46:19","date_gmt":"2020-06-25T14:46:19","guid":{"rendered":"https:\/\/k-time.it\/products\/sin%20categor\u00eda\/mascara-reparadora-after-sun\/"},"modified":"2025-04-18T11:33:21","modified_gmt":"2025-04-18T09:33:21","slug":"mascara-reparadora-after-sun","status":"publish","type":"product","link":"https:\/\/k-time.it\/es\/products\/treatments\/secret-sun\/mascara-reparadora-after-sun\/","title":{"rendered":"Secret Sun | M\u00e1scara Reparadora After Sun"},"content":{"rendered":"<div class=\"wpb-content-wrapper\"><p>[vc_row disable_element=\u00bbyes\u00bb][vc_column][\/vc_column][\/vc_row][vc_row][vc_column width=\u00bb1\/2&#8243;]<div class=\"standard-arrow list-divider bullet-top\"><h2>Formulaci\u00f3n<\/h2>\n<ul>\n<li><strong data-start=\"624\" data-end=\"660\">Prote\u00ednas de Arroz Hidrolizadas:<\/strong> fortalecen la estructura del cabello, aportando elasticidad y un brillo extremo.<\/li>\n<li><strong data-start=\"744\" data-end=\"764\">Aceite de Arg\u00e1n:<\/strong> conocido por sus propiedades nutritivas, hidrata el cabello y le devuelve vitalidad y suavidad.<\/li>\n<li><strong data-start=\"863\" data-end=\"884\">Manteca de Cacao:<\/strong> crea una barrera protectora contra los agentes externos y refuerza la fibra capilar.<\/li>\n<li><strong data-start=\"972\" data-end=\"995\">Aceite de Abisinia:<\/strong> proporciona nutrici\u00f3n y protecci\u00f3n, manteniendo el cabello ligero y sedoso.<\/li>\n<\/ul>\n<\/div>[\/vc_column][vc_column width=\u00bb1\/2&#8243;]<div class=\"standard-arrow list-divider bullet-top\"><h2>Beneficios<\/h2>\n<ul>\n<li>Nutre e hidrata\u00a0en profundidad el cabello expuesto al sol, el salitre y el cloro<\/li>\n<li>Protege\u00a0el cabello da\u00f1ado de los agentes externos<\/li>\n<li>Aporta\u00a0suavidad y sedosidad\u00a0a la cabellera<\/li>\n<li>Facilita el\u00a0peinado e incluye cosm\u00e9tica\u00a0exclusiva<\/li>\n<\/ul>\n<\/div>[\/vc_column][\/vc_row][vc_row css=\u00bb.vc_custom_1595317695114{padding-top: 50px !important;}\u00bb][vc_column]<div class=\"dt-fancy-separator h2-size style-thick\" style=\"width: 100%;\"><div class=\"dt-fancy-title\" style=\"color: #333333;\"><span class=\"separator-holder separator-left\" style=\"border-color: #f0f0f0;\"><\/span>Productos relacionados<span class=\"separator-holder separator-right\" style=\"border-color: #f0f0f0;\"><\/span><\/div><\/div>[vc_raw_html]JTVCd3BiLXByb2R1Y3Qtc2xpZGVyLXNob3J0Y29kZSUyMGlkJTNEJTIyMjI3NCUyMiU1RA==[\/vc_raw_html][\/vc_column][\/vc_row]<\/p>\n<\/div>","protected":false},"excerpt":{"rendered":"<p>La\u00a0<strong>M\u00e1scara Reparadora Secret Sun<\/strong>\u00a0es un<strong>\u00a0tratamiento altamente nutritivo<\/strong>\u00a0para el cabello expuesto al sol, el salitre y el cloro.<\/p>\n<p>Efecto instant\u00e1neo de<strong>\u00a0suavidad y luminosidad<\/strong>: la cabellera adquiere vigor y tono, ejerciendo una acci\u00f3n delicada pero intensa sobre la sensibilizaci\u00f3n excesiva causada por la agresi\u00f3n de los agentes externos.<\/p>\n<p><strong>Nutre la estructura capilar<\/strong>\u00a0y contribuye a prevenir la formaci\u00f3n de las puntas abiertas, aportando propiedades cosm\u00e9ticas exclusivas gracias a los\u00a0<strong>activos especiales<\/strong>\u00a0de su formulaci\u00f3n.<\/p>\n<p>Formato 200 ml<\/p>\n<p>&nbsp;<\/p>\n<p><span style=\"font-weight: 400;\">[vc_row][vc_column][ultimate_exp_section title=\" C\u00f3mo comprar\" new_title=\"Solicita informaci\u00f3n sobre la compra\" text_color=\"#ffffff\" background_color=\"#877650\" text_hovercolor=\"#ffffff\" bghovercolor=\"#877650\" title_active=\"#ffffff\" title_active_bg=\"#877650\" cnt_bg_color=\"#ffffff\" icon=\"icomoon-the7-font-icon-cart-detailed\" new_icon=\"icomoon-the7-font-the7-mail-011\" icon_align=\"left\" icon_size=\"20\" icon_color=\"#ffffff\" icon_hover_color=\"#ffffff\" icon_active_color=\"#ffffff\" title_font_size=\"desktop:16px;\" title_padding=\"padding-top:4px;padding-right:7px;padding-bottom:4px;padding-left:4px;\" icon_margin=\"margin-right:1px;\"][contact-form-7 id=\"496\"][\/ultimate_exp_section][\/vc_column][\/vc_row]<\/span><\/p>\n","protected":false},"featured_media":26073,"template":"","meta":[],"product_brand":[],"product_cat":[1064],"product_tag":[],"class_list":{"0":"post-6624","1":"product","2":"type-product","3":"status-publish","4":"has-post-thumbnail","6":"product_cat-secret-sun","7":"description-off","9":"first","10":"instock","11":"shipping-taxable","12":"product-type-simple"},"yoast_head":"<!-- This site is optimized with the Yoast SEO plugin v26.8 - https:\/\/yoast.com\/product\/yoast-seo-wordpress\/ -->\n<title>Secret Sun | M\u00e1scara Reparadora After Sun - K-time<\/title>\n<meta name=\"description\" content=\"La M\u00e1scara Reparadora Secret Sun es un tratamiento altamente nutritivo para el cabello expuesto al sol, el salitre y el cloro.\" \/>\n<meta name=\"robots\" content=\"index, follow, max-snippet:-1, max-image-preview:large, max-video-preview:-1\" \/>\n<link rel=\"canonical\" href=\"https:\/\/k-time.it\/products\/treatments\/secret-sun\/secret-sun-maschera-doposole-riparatrice\/\" \/>\n<meta property=\"og:locale\" content=\"es_ES\" \/>\n<meta property=\"og:type\" content=\"article\" \/>\n<meta property=\"og:title\" content=\"Secret Sun | M\u00e1scara Reparadora After Sun - K-time\" \/>\n<meta property=\"og:description\" content=\"La M\u00e1scara Reparadora Secret Sun es un tratamiento altamente nutritivo para el cabello expuesto al sol, el salitre y el cloro.\" \/>\n<meta property=\"og:url\" content=\"https:\/\/k-time.it\/products\/treatments\/secret-sun\/secret-sun-maschera-doposole-riparatrice\/\" \/>\n<meta property=\"og:site_name\" content=\"K-time\" \/>\n<meta property=\"article:modified_time\" content=\"2025-04-18T09:33:21+00:00\" \/>\n<meta property=\"og:image\" content=\"https:\/\/k-time.it\/wp-content\/uploads\/2020\/06\/22032_k-time_secret_sun_repairing_after_sun_mask_200ml-1.png\" \/>\n\t<meta property=\"og:image:width\" content=\"800\" \/>\n\t<meta property=\"og:image:height\" content=\"800\" \/>\n\t<meta property=\"og:image:type\" content=\"image\/png\" \/>\n<meta name=\"twitter:card\" content=\"summary_large_image\" \/>\n<meta name=\"twitter:label1\" content=\"Tiempo de lectura\" \/>\n\t<meta name=\"twitter:data1\" content=\"2 minutos\" \/>\n<script type=\"application\/ld+json\" class=\"yoast-schema-graph\">{\"@context\":\"https:\/\/schema.org\",\"@graph\":[{\"@type\":\"WebPage\",\"@id\":\"https:\/\/k-time.it\/products\/treatments\/secret-sun\/secret-sun-maschera-doposole-riparatrice\/\",\"url\":\"https:\/\/k-time.it\/products\/treatments\/secret-sun\/secret-sun-maschera-doposole-riparatrice\/\",\"name\":\"Secret Sun | M\u00e1scara Reparadora After Sun - K-time\",\"isPartOf\":{\"@id\":\"https:\/\/k-time.it\/en\/#website\"},\"primaryImageOfPage\":{\"@id\":\"https:\/\/k-time.it\/products\/treatments\/secret-sun\/secret-sun-maschera-doposole-riparatrice\/#primaryimage\"},\"image\":{\"@id\":\"https:\/\/k-time.it\/products\/treatments\/secret-sun\/secret-sun-maschera-doposole-riparatrice\/#primaryimage\"},\"thumbnailUrl\":\"https:\/\/k-time.it\/wp-content\/uploads\/2020\/06\/22032_k-time_secret_sun_repairing_after_sun_mask_200ml-1.png\",\"datePublished\":\"2020-06-25T14:46:19+00:00\",\"dateModified\":\"2025-04-18T09:33:21+00:00\",\"description\":\"La M\u00e1scara Reparadora Secret Sun es un tratamiento altamente nutritivo para el cabello expuesto al sol, el salitre y el cloro.\",\"breadcrumb\":{\"@id\":\"https:\/\/k-time.it\/products\/treatments\/secret-sun\/secret-sun-maschera-doposole-riparatrice\/#breadcrumb\"},\"inLanguage\":\"es\",\"potentialAction\":[{\"@type\":\"ReadAction\",\"target\":[\"https:\/\/k-time.it\/products\/treatments\/secret-sun\/secret-sun-maschera-doposole-riparatrice\/\"]}]},{\"@type\":\"ImageObject\",\"inLanguage\":\"es\",\"@id\":\"https:\/\/k-time.it\/products\/treatments\/secret-sun\/secret-sun-maschera-doposole-riparatrice\/#primaryimage\",\"url\":\"https:\/\/k-time.it\/wp-content\/uploads\/2020\/06\/22032_k-time_secret_sun_repairing_after_sun_mask_200ml-1.png\",\"contentUrl\":\"https:\/\/k-time.it\/wp-content\/uploads\/2020\/06\/22032_k-time_secret_sun_repairing_after_sun_mask_200ml-1.png\",\"width\":800,\"height\":800},{\"@type\":\"BreadcrumbList\",\"@id\":\"https:\/\/k-time.it\/products\/treatments\/secret-sun\/secret-sun-maschera-doposole-riparatrice\/#breadcrumb\",\"itemListElement\":[{\"@type\":\"ListItem\",\"position\":1,\"name\":\"Home\",\"item\":\"https:\/\/k-time.it\/es\/\"},{\"@type\":\"ListItem\",\"position\":2,\"name\":\"Shop\",\"item\":\"https:\/\/k-time.it\/en\/negozio\/\"},{\"@type\":\"ListItem\",\"position\":3,\"name\":\"Secret Sun | M\u00e1scara Reparadora After Sun\"}]},{\"@type\":\"WebSite\",\"@id\":\"https:\/\/k-time.it\/en\/#website\",\"url\":\"https:\/\/k-time.it\/en\/\",\"name\":\"K-time\",\"description\":\"Hair Spa Treatments\",\"publisher\":{\"@id\":\"https:\/\/k-time.it\/en\/#organization\"},\"potentialAction\":[{\"@type\":\"SearchAction\",\"target\":{\"@type\":\"EntryPoint\",\"urlTemplate\":\"https:\/\/k-time.it\/en\/?s={search_term_string}\"},\"query-input\":{\"@type\":\"PropertyValueSpecification\",\"valueRequired\":true,\"valueName\":\"search_term_string\"}}],\"inLanguage\":\"es\"},{\"@type\":\"Organization\",\"@id\":\"https:\/\/k-time.it\/en\/#organization\",\"name\":\"K-time\",\"url\":\"https:\/\/k-time.it\/en\/\",\"logo\":{\"@type\":\"ImageObject\",\"inLanguage\":\"es\",\"@id\":\"https:\/\/k-time.it\/en\/#\/schema\/logo\/image\/\",\"url\":\"\",\"contentUrl\":\"\",\"caption\":\"K-time\"},\"image\":{\"@id\":\"https:\/\/k-time.it\/en\/#\/schema\/logo\/image\/\"}}]}<\/script>\n<!-- \/ Yoast SEO plugin. -->","yoast_head_json":{"title":"Secret Sun | M\u00e1scara Reparadora After Sun - K-time","description":"La M\u00e1scara Reparadora Secret Sun es un tratamiento altamente nutritivo para el cabello expuesto al sol, el salitre y el cloro.","robots":{"index":"index","follow":"follow","max-snippet":"max-snippet:-1","max-image-preview":"max-image-preview:large","max-video-preview":"max-video-preview:-1"},"canonical":"https:\/\/k-time.it\/products\/treatments\/secret-sun\/secret-sun-maschera-doposole-riparatrice\/","og_locale":"es_ES","og_type":"article","og_title":"Secret Sun | M\u00e1scara Reparadora After Sun - K-time","og_description":"La M\u00e1scara Reparadora Secret Sun es un tratamiento altamente nutritivo para el cabello expuesto al sol, el salitre y el cloro.","og_url":"https:\/\/k-time.it\/products\/treatments\/secret-sun\/secret-sun-maschera-doposole-riparatrice\/","og_site_name":"K-time","article_modified_time":"2025-04-18T09:33:21+00:00","og_image":[{"width":800,"height":800,"url":"https:\/\/k-time.it\/wp-content\/uploads\/2020\/06\/22032_k-time_secret_sun_repairing_after_sun_mask_200ml-1.png","type":"image\/png"}],"twitter_card":"summary_large_image","twitter_misc":{"Tiempo de lectura":"2 minutos"},"schema":{"@context":"https:\/\/schema.org","@graph":[{"@type":"WebPage","@id":"https:\/\/k-time.it\/products\/treatments\/secret-sun\/secret-sun-maschera-doposole-riparatrice\/","url":"https:\/\/k-time.it\/products\/treatments\/secret-sun\/secret-sun-maschera-doposole-riparatrice\/","name":"Secret Sun | M\u00e1scara Reparadora After Sun - K-time","isPartOf":{"@id":"https:\/\/k-time.it\/en\/#website"},"primaryImageOfPage":{"@id":"https:\/\/k-time.it\/products\/treatments\/secret-sun\/secret-sun-maschera-doposole-riparatrice\/#primaryimage"},"image":{"@id":"https:\/\/k-time.it\/products\/treatments\/secret-sun\/secret-sun-maschera-doposole-riparatrice\/#primaryimage"},"thumbnailUrl":"https:\/\/k-time.it\/wp-content\/uploads\/2020\/06\/22032_k-time_secret_sun_repairing_after_sun_mask_200ml-1.png","datePublished":"2020-06-25T14:46:19+00:00","dateModified":"2025-04-18T09:33:21+00:00","description":"La M\u00e1scara Reparadora Secret Sun es un tratamiento altamente nutritivo para el cabello expuesto al sol, el salitre y el cloro.","breadcrumb":{"@id":"https:\/\/k-time.it\/products\/treatments\/secret-sun\/secret-sun-maschera-doposole-riparatrice\/#breadcrumb"},"inLanguage":"es","potentialAction":[{"@type":"ReadAction","target":["https:\/\/k-time.it\/products\/treatments\/secret-sun\/secret-sun-maschera-doposole-riparatrice\/"]}]},{"@type":"ImageObject","inLanguage":"es","@id":"https:\/\/k-time.it\/products\/treatments\/secret-sun\/secret-sun-maschera-doposole-riparatrice\/#primaryimage","url":"https:\/\/k-time.it\/wp-content\/uploads\/2020\/06\/22032_k-time_secret_sun_repairing_after_sun_mask_200ml-1.png","contentUrl":"https:\/\/k-time.it\/wp-content\/uploads\/2020\/06\/22032_k-time_secret_sun_repairing_after_sun_mask_200ml-1.png","width":800,"height":800},{"@type":"BreadcrumbList","@id":"https:\/\/k-time.it\/products\/treatments\/secret-sun\/secret-sun-maschera-doposole-riparatrice\/#breadcrumb","itemListElement":[{"@type":"ListItem","position":1,"name":"Home","item":"https:\/\/k-time.it\/es\/"},{"@type":"ListItem","position":2,"name":"Shop","item":"https:\/\/k-time.it\/en\/negozio\/"},{"@type":"ListItem","position":3,"name":"Secret Sun | M\u00e1scara Reparadora After Sun"}]},{"@type":"WebSite","@id":"https:\/\/k-time.it\/en\/#website","url":"https:\/\/k-time.it\/en\/","name":"K-time","description":"Hair Spa Treatments","publisher":{"@id":"https:\/\/k-time.it\/en\/#organization"},"potentialAction":[{"@type":"SearchAction","target":{"@type":"EntryPoint","urlTemplate":"https:\/\/k-time.it\/en\/?s={search_term_string}"},"query-input":{"@type":"PropertyValueSpecification","valueRequired":true,"valueName":"search_term_string"}}],"inLanguage":"es"},{"@type":"Organization","@id":"https:\/\/k-time.it\/en\/#organization","name":"K-time","url":"https:\/\/k-time.it\/en\/","logo":{"@type":"ImageObject","inLanguage":"es","@id":"https:\/\/k-time.it\/en\/#\/schema\/logo\/image\/","url":"","contentUrl":"","caption":"K-time"},"image":{"@id":"https:\/\/k-time.it\/en\/#\/schema\/logo\/image\/"}}]}},"_links":{"self":[{"href":"https:\/\/k-time.it\/es\/wp-json\/wp\/v2\/product\/6624","targetHints":{"allow":["GET"]}}],"collection":[{"href":"https:\/\/k-time.it\/es\/wp-json\/wp\/v2\/product"}],"about":[{"href":"https:\/\/k-time.it\/es\/wp-json\/wp\/v2\/types\/product"}],"wp:featuredmedia":[{"embeddable":true,"href":"https:\/\/k-time.it\/es\/wp-json\/wp\/v2\/media\/26073"}],"wp:attachment":[{"href":"https:\/\/k-time.it\/es\/wp-json\/wp\/v2\/media?parent=6624"}],"wp:term":[{"taxonomy":"product_brand","embeddable":true,"href":"https:\/\/k-time.it\/es\/wp-json\/wp\/v2\/product_brand?post=6624"},{"taxonomy":"product_cat","embeddable":true,"href":"https:\/\/k-time.it\/es\/wp-json\/wp\/v2\/product_cat?post=6624"},{"taxonomy":"product_tag","embeddable":true,"href":"https:\/\/k-time.it\/es\/wp-json\/wp\/v2\/product_tag?post=6624"}],"curies":[{"name":"wp","href":"https:\/\/api.w.org\/{rel}","templated":true}]}}