{"id":6609,"date":"2020-06-25T16:46:21","date_gmt":"2020-06-25T14:46:21","guid":{"rendered":"https:\/\/k-time.it\/products\/sin%20categor\u00eda\/argan-delight-aceite-delicado-alta-ligereza-cabello-fino\/"},"modified":"2021-04-17T10:37:15","modified_gmt":"2021-04-17T08:37:15","slug":"argan-delight-aceite-delicado-alta-ligereza-cabello-fino","status":"publish","type":"product","link":"https:\/\/k-time.it\/es\/products\/treatments\/argan\/argan-delight-aceite-delicado-alta-ligereza-cabello-fino\/","title":{"rendered":"Argan | Delight \u2013 Aceite Delicado Alta Ligereza \u2013 Cabello Fino"},"content":{"rendered":"<div class=\"wpb-content-wrapper\"><p>[vc_row disable_element=\u00bbyes\u00bb][vc_column][\/vc_column][\/vc_row][vc_row][vc_column width=\u00bb1\/2&#8243;]<div class=\"standard-arrow list-divider bullet-top\"><h2>Formulaci\u00f3n<\/h2>\n<div id=\"tab-altre-info\">\n<ul>\n<li><strong>Aceite de Arg\u00e1n<\/strong>: combate el cabello seco y fino gracias a sus excepcionales propiedades emolientes e hidratantes<\/li>\n<li><strong>Aceite de Linaza<\/strong>: rico en \u00e1cido linoleico, ayuda a regular la hidrataci\u00f3n de la piel y ejerce una acci\u00f3n elastificante<\/li>\n<li><strong>Aceite de Jojoba<\/strong>: ejerce una acci\u00f3n seboequilibrante y restaura el equilibrio h\u00eddrico del bulbo piloso<\/li>\n<li><strong>Aceite de\u00a0Aguacate<\/strong>: regenera las c\u00e9lulas pilosas, hidrata y nutre el cuero cabelludo<\/li>\n<\/ul>\n<\/div>\n<\/div>[\/vc_column][vc_column width=\u00bb1\/2&#8243;]<div class=\"standard-arrow list-divider bullet-top\"><h2>Beneficios<\/h2>\n<div id=\"tab-benefits\">\n<ul>\n<li>Aporta\u00a0brillo m\u00e1ximo a la cabellera<\/li>\n<li>Hidrata y nutre en profundidad<\/li>\n<li>Realza la belleza del cabello<\/li>\n<li>Contiene abundantes principios activos<\/li>\n<li>Confiere\u00a0sedosidad, volumen y suavidad<\/li>\n<\/ul>\n<\/div>\n<\/div>[\/vc_column][\/vc_row][vc_row css=\u00bb.vc_custom_1595317695114{padding-top: 50px !important;}\u00bb][vc_column]<div class=\"dt-fancy-separator h2-size style-thick\" style=\"width: 100%;\"><div class=\"dt-fancy-title\" style=\"color: #333333;\"><span class=\"separator-holder separator-left\" style=\"border-color: #f0f0f0;\"><\/span>Productos relacionados<span class=\"separator-holder separator-right\" style=\"border-color: #f0f0f0;\"><\/span><\/div><\/div>[vc_raw_html]W3dwYi1wcm9kdWN0LXNsaWRlci1zaG9ydGNvZGUgaWQ9Ijc3OSJd[\/vc_raw_html][\/vc_column][\/vc_row]<\/p>\n<\/div>","protected":false},"excerpt":{"rendered":"<p>El\u00a0<strong>aceite Delight alta ligereza Argan<\/strong>\u00a0cuenta con una f\u00f3rmula rica en\u00a0[glossary_exclude]<strong>Aceite de Arg\u00e1n, Aceite de Linaza, Aceite de Jojoba\u00a0<\/strong>y\u00a0<strong>Aceite de Aguacate<\/strong>.[\/glossary_exclude]<\/p>\n<p>La mezcla de aceites, en sinergia con los\u00a0<strong>[glossary_exclude]filtros UV\u00a0[\/glossary_exclude]<\/strong>especiales, confiere al cabello un brillo y una intensidad de reflejos sorprendentes.<\/p>\n<p>Elixir de belleza, indicado para ofrecer a la cabellera de tus clientes una sedosidad envidiable y una vitalidad renovada. El aceite de alta ligereza no engrasa y no apelmaza el cabello, proporcionando brillo y protecci\u00f3n con unas pocas gotas de producto.<\/p>\n<p>Uso profesional<\/p>\n<p>Formato 100 m<\/p>\n<p><span style=\"font-weight: 400\">[vc_row][vc_column][ultimate_exp_section title=\" C\u00f3mo comprar\" new_title=\"Solicita informaci\u00f3n sobre la compra\" text_color=\"#ffffff\" background_color=\"#877650\" text_hovercolor=\"#ffffff\" bghovercolor=\"#877650\" title_active=\"#ffffff\" title_active_bg=\"#877650\" cnt_bg_color=\"#ffffff\" icon=\"icomoon-the7-font-icon-cart-detailed\" new_icon=\"icomoon-the7-font-the7-mail-011\" icon_align=\"left\" icon_size=\"20\" icon_color=\"#ffffff\" icon_hover_color=\"#ffffff\" icon_active_color=\"#ffffff\" title_font_size=\"desktop:16px;\" title_padding=\"padding-top:4px;padding-right:7px;padding-bottom:4px;padding-left:4px;\" icon_margin=\"margin-right:1px;\"][contact-form-7 id=\"496\"][\/ultimate_exp_section][\/vc_column][\/vc_row]<\/span><\/p>\n","protected":false},"featured_media":26459,"template":"","meta":[],"product_brand":[],"product_cat":[493,1062],"product_tag":[],"class_list":{"0":"post-6609","1":"product","2":"type-product","3":"status-publish","4":"has-post-thumbnail","6":"product_cat-treatments","7":"product_cat-argan","8":"description-off","10":"first","11":"instock","12":"shipping-taxable","13":"product-type-simple"},"yoast_head":"<!-- This site is optimized with the Yoast SEO plugin v26.8 - https:\/\/yoast.com\/product\/yoast-seo-wordpress\/ -->\n<title>Argan | Delight \u2013 Aceite Delicado Alta Ligereza \u2013 Cabello Fino - K-time<\/title>\n<meta name=\"description\" content=\"El aceite Delight alta ligereza Argan cuenta con una f\u00f3rmula rica en Aceite de Arg\u00e1n, Aceite de Linaza, Aceite de Jojoba y Aceite de Aguacate.\" \/>\n<meta name=\"robots\" content=\"index, follow, max-snippet:-1, max-image-preview:large, max-video-preview:-1\" \/>\n<link rel=\"canonical\" href=\"https:\/\/k-time.it\/products\/treatments\/argan\/olio-delight-alta-leggerezza\/\" \/>\n<meta property=\"og:locale\" content=\"es_ES\" \/>\n<meta property=\"og:type\" content=\"article\" \/>\n<meta property=\"og:title\" content=\"Argan | Delight \u2013 Aceite Delicado Alta Ligereza \u2013 Cabello Fino - K-time\" \/>\n<meta property=\"og:description\" content=\"El aceite Delight alta ligereza Argan cuenta con una f\u00f3rmula rica en Aceite de Arg\u00e1n, Aceite de Linaza, Aceite de Jojoba y Aceite de Aguacate.\" \/>\n<meta property=\"og:url\" content=\"https:\/\/k-time.it\/products\/treatments\/argan\/olio-delight-alta-leggerezza\/\" \/>\n<meta property=\"og:site_name\" content=\"K-time\" \/>\n<meta property=\"article:modified_time\" content=\"2021-04-17T08:37:15+00:00\" \/>\n<meta property=\"og:image\" content=\"https:\/\/k-time.it\/wp-content\/uploads\/2025\/07\/22054_k-time_argan_time_de_light_high_lightness_oil_100ml.png\" \/>\n\t<meta property=\"og:image:width\" content=\"600\" \/>\n\t<meta property=\"og:image:height\" content=\"600\" \/>\n\t<meta property=\"og:image:type\" content=\"image\/png\" \/>\n<meta name=\"twitter:card\" content=\"summary_large_image\" \/>\n<meta name=\"twitter:label1\" content=\"Tiempo de lectura\" \/>\n\t<meta name=\"twitter:data1\" content=\"1 minuto\" \/>\n<script type=\"application\/ld+json\" class=\"yoast-schema-graph\">{\"@context\":\"https:\/\/schema.org\",\"@graph\":[{\"@type\":\"WebPage\",\"@id\":\"https:\/\/k-time.it\/products\/treatments\/argan\/olio-delight-alta-leggerezza\/\",\"url\":\"https:\/\/k-time.it\/products\/treatments\/argan\/olio-delight-alta-leggerezza\/\",\"name\":\"Argan | Delight \u2013 Aceite Delicado Alta Ligereza \u2013 Cabello Fino - K-time\",\"isPartOf\":{\"@id\":\"https:\/\/k-time.it\/en\/#website\"},\"primaryImageOfPage\":{\"@id\":\"https:\/\/k-time.it\/products\/treatments\/argan\/olio-delight-alta-leggerezza\/#primaryimage\"},\"image\":{\"@id\":\"https:\/\/k-time.it\/products\/treatments\/argan\/olio-delight-alta-leggerezza\/#primaryimage\"},\"thumbnailUrl\":\"https:\/\/k-time.it\/wp-content\/uploads\/2025\/07\/22054_k-time_argan_time_de_light_high_lightness_oil_100ml.png\",\"datePublished\":\"2020-06-25T14:46:21+00:00\",\"dateModified\":\"2021-04-17T08:37:15+00:00\",\"description\":\"El aceite Delight alta ligereza Argan cuenta con una f\u00f3rmula rica en Aceite de Arg\u00e1n, Aceite de Linaza, Aceite de Jojoba y Aceite de Aguacate.\",\"breadcrumb\":{\"@id\":\"https:\/\/k-time.it\/products\/treatments\/argan\/olio-delight-alta-leggerezza\/#breadcrumb\"},\"inLanguage\":\"es\",\"potentialAction\":[{\"@type\":\"ReadAction\",\"target\":[\"https:\/\/k-time.it\/products\/treatments\/argan\/olio-delight-alta-leggerezza\/\"]}]},{\"@type\":\"ImageObject\",\"inLanguage\":\"es\",\"@id\":\"https:\/\/k-time.it\/products\/treatments\/argan\/olio-delight-alta-leggerezza\/#primaryimage\",\"url\":\"https:\/\/k-time.it\/wp-content\/uploads\/2025\/07\/22054_k-time_argan_time_de_light_high_lightness_oil_100ml.png\",\"contentUrl\":\"https:\/\/k-time.it\/wp-content\/uploads\/2025\/07\/22054_k-time_argan_time_de_light_high_lightness_oil_100ml.png\",\"width\":600,\"height\":600},{\"@type\":\"BreadcrumbList\",\"@id\":\"https:\/\/k-time.it\/products\/treatments\/argan\/olio-delight-alta-leggerezza\/#breadcrumb\",\"itemListElement\":[{\"@type\":\"ListItem\",\"position\":1,\"name\":\"Home\",\"item\":\"https:\/\/k-time.it\/es\/\"},{\"@type\":\"ListItem\",\"position\":2,\"name\":\"Shop\",\"item\":\"https:\/\/k-time.it\/en\/negozio\/\"},{\"@type\":\"ListItem\",\"position\":3,\"name\":\"Argan | Delight \u2013 Aceite Delicado Alta Ligereza \u2013 Cabello Fino\"}]},{\"@type\":\"WebSite\",\"@id\":\"https:\/\/k-time.it\/en\/#website\",\"url\":\"https:\/\/k-time.it\/en\/\",\"name\":\"K-time\",\"description\":\"Hair Spa Treatments\",\"publisher\":{\"@id\":\"https:\/\/k-time.it\/en\/#organization\"},\"potentialAction\":[{\"@type\":\"SearchAction\",\"target\":{\"@type\":\"EntryPoint\",\"urlTemplate\":\"https:\/\/k-time.it\/en\/?s={search_term_string}\"},\"query-input\":{\"@type\":\"PropertyValueSpecification\",\"valueRequired\":true,\"valueName\":\"search_term_string\"}}],\"inLanguage\":\"es\"},{\"@type\":\"Organization\",\"@id\":\"https:\/\/k-time.it\/en\/#organization\",\"name\":\"K-time\",\"url\":\"https:\/\/k-time.it\/en\/\",\"logo\":{\"@type\":\"ImageObject\",\"inLanguage\":\"es\",\"@id\":\"https:\/\/k-time.it\/en\/#\/schema\/logo\/image\/\",\"url\":\"\",\"contentUrl\":\"\",\"caption\":\"K-time\"},\"image\":{\"@id\":\"https:\/\/k-time.it\/en\/#\/schema\/logo\/image\/\"}}]}<\/script>\n<!-- \/ Yoast SEO plugin. -->","yoast_head_json":{"title":"Argan | Delight \u2013 Aceite Delicado Alta Ligereza \u2013 Cabello Fino - K-time","description":"El aceite Delight alta ligereza Argan cuenta con una f\u00f3rmula rica en Aceite de Arg\u00e1n, Aceite de Linaza, Aceite de Jojoba y Aceite de Aguacate.","robots":{"index":"index","follow":"follow","max-snippet":"max-snippet:-1","max-image-preview":"max-image-preview:large","max-video-preview":"max-video-preview:-1"},"canonical":"https:\/\/k-time.it\/products\/treatments\/argan\/olio-delight-alta-leggerezza\/","og_locale":"es_ES","og_type":"article","og_title":"Argan | Delight \u2013 Aceite Delicado Alta Ligereza \u2013 Cabello Fino - K-time","og_description":"El aceite Delight alta ligereza Argan cuenta con una f\u00f3rmula rica en Aceite de Arg\u00e1n, Aceite de Linaza, Aceite de Jojoba y Aceite de Aguacate.","og_url":"https:\/\/k-time.it\/products\/treatments\/argan\/olio-delight-alta-leggerezza\/","og_site_name":"K-time","article_modified_time":"2021-04-17T08:37:15+00:00","og_image":[{"width":600,"height":600,"url":"https:\/\/k-time.it\/wp-content\/uploads\/2025\/07\/22054_k-time_argan_time_de_light_high_lightness_oil_100ml.png","type":"image\/png"}],"twitter_card":"summary_large_image","twitter_misc":{"Tiempo de lectura":"1 minuto"},"schema":{"@context":"https:\/\/schema.org","@graph":[{"@type":"WebPage","@id":"https:\/\/k-time.it\/products\/treatments\/argan\/olio-delight-alta-leggerezza\/","url":"https:\/\/k-time.it\/products\/treatments\/argan\/olio-delight-alta-leggerezza\/","name":"Argan | Delight \u2013 Aceite Delicado Alta Ligereza \u2013 Cabello Fino - K-time","isPartOf":{"@id":"https:\/\/k-time.it\/en\/#website"},"primaryImageOfPage":{"@id":"https:\/\/k-time.it\/products\/treatments\/argan\/olio-delight-alta-leggerezza\/#primaryimage"},"image":{"@id":"https:\/\/k-time.it\/products\/treatments\/argan\/olio-delight-alta-leggerezza\/#primaryimage"},"thumbnailUrl":"https:\/\/k-time.it\/wp-content\/uploads\/2025\/07\/22054_k-time_argan_time_de_light_high_lightness_oil_100ml.png","datePublished":"2020-06-25T14:46:21+00:00","dateModified":"2021-04-17T08:37:15+00:00","description":"El aceite Delight alta ligereza Argan cuenta con una f\u00f3rmula rica en Aceite de Arg\u00e1n, Aceite de Linaza, Aceite de Jojoba y Aceite de Aguacate.","breadcrumb":{"@id":"https:\/\/k-time.it\/products\/treatments\/argan\/olio-delight-alta-leggerezza\/#breadcrumb"},"inLanguage":"es","potentialAction":[{"@type":"ReadAction","target":["https:\/\/k-time.it\/products\/treatments\/argan\/olio-delight-alta-leggerezza\/"]}]},{"@type":"ImageObject","inLanguage":"es","@id":"https:\/\/k-time.it\/products\/treatments\/argan\/olio-delight-alta-leggerezza\/#primaryimage","url":"https:\/\/k-time.it\/wp-content\/uploads\/2025\/07\/22054_k-time_argan_time_de_light_high_lightness_oil_100ml.png","contentUrl":"https:\/\/k-time.it\/wp-content\/uploads\/2025\/07\/22054_k-time_argan_time_de_light_high_lightness_oil_100ml.png","width":600,"height":600},{"@type":"BreadcrumbList","@id":"https:\/\/k-time.it\/products\/treatments\/argan\/olio-delight-alta-leggerezza\/#breadcrumb","itemListElement":[{"@type":"ListItem","position":1,"name":"Home","item":"https:\/\/k-time.it\/es\/"},{"@type":"ListItem","position":2,"name":"Shop","item":"https:\/\/k-time.it\/en\/negozio\/"},{"@type":"ListItem","position":3,"name":"Argan | Delight \u2013 Aceite Delicado Alta Ligereza \u2013 Cabello Fino"}]},{"@type":"WebSite","@id":"https:\/\/k-time.it\/en\/#website","url":"https:\/\/k-time.it\/en\/","name":"K-time","description":"Hair Spa Treatments","publisher":{"@id":"https:\/\/k-time.it\/en\/#organization"},"potentialAction":[{"@type":"SearchAction","target":{"@type":"EntryPoint","urlTemplate":"https:\/\/k-time.it\/en\/?s={search_term_string}"},"query-input":{"@type":"PropertyValueSpecification","valueRequired":true,"valueName":"search_term_string"}}],"inLanguage":"es"},{"@type":"Organization","@id":"https:\/\/k-time.it\/en\/#organization","name":"K-time","url":"https:\/\/k-time.it\/en\/","logo":{"@type":"ImageObject","inLanguage":"es","@id":"https:\/\/k-time.it\/en\/#\/schema\/logo\/image\/","url":"","contentUrl":"","caption":"K-time"},"image":{"@id":"https:\/\/k-time.it\/en\/#\/schema\/logo\/image\/"}}]}},"_links":{"self":[{"href":"https:\/\/k-time.it\/es\/wp-json\/wp\/v2\/product\/6609","targetHints":{"allow":["GET"]}}],"collection":[{"href":"https:\/\/k-time.it\/es\/wp-json\/wp\/v2\/product"}],"about":[{"href":"https:\/\/k-time.it\/es\/wp-json\/wp\/v2\/types\/product"}],"wp:featuredmedia":[{"embeddable":true,"href":"https:\/\/k-time.it\/es\/wp-json\/wp\/v2\/media\/26459"}],"wp:attachment":[{"href":"https:\/\/k-time.it\/es\/wp-json\/wp\/v2\/media?parent=6609"}],"wp:term":[{"taxonomy":"product_brand","embeddable":true,"href":"https:\/\/k-time.it\/es\/wp-json\/wp\/v2\/product_brand?post=6609"},{"taxonomy":"product_cat","embeddable":true,"href":"https:\/\/k-time.it\/es\/wp-json\/wp\/v2\/product_cat?post=6609"},{"taxonomy":"product_tag","embeddable":true,"href":"https:\/\/k-time.it\/es\/wp-json\/wp\/v2\/product_tag?post=6609"}],"curies":[{"name":"wp","href":"https:\/\/api.w.org\/{rel}","templated":true}]}}